{"id":59626,"date":"2025-01-30T23:20:59","date_gmt":"2025-01-30T22:20:59","guid":{"rendered":"https:\/\/superseeds.dk\/vare\/kapselsaet-storz-bickel-40-stk-crafty-mighty-2\/"},"modified":"2025-01-30T23:21:02","modified_gmt":"2025-01-30T22:21:02","slug":"kapselsaet-storz-bickel-40-stk-crafty-mighty-2","status":"publish","type":"product","link":"https:\/\/superseeds.dk\/no\/produkt\/kapselsaet-storz-bickel-40-stk-crafty-mighty-2\/","title":{"rendered":"Storz &amp; Bickel kapselsett 40 stk - Crafty\/Mighty"},"content":{"rendered":"<p>Kapsler fra Storz &amp; Bickel vil give dig en nem m\u00e5de at forbedrede og bringe dine urter med dig p\u00e5 farten. Doserings kapslerne er sm\u00e5 d\u00e5ser du kan fylde med urter du senere skal bruge. Derudover er det en meget diskret m\u00e5de at p\u00e5fylde din Crafty eller Mighty vape.<\/p>","protected":false},"excerpt":{"rendered":"<p>Kapsler fra Storz &amp; Bickel vil give dig en nem m\u00e5de at forbedrede og bringe dine urter med dig p\u00e5 farten<\/p>","protected":false},"featured_media":59627,"template":"","meta":{"_acf_changed":false},"product_brand":[],"product_cat":[1795,1999,1998],"product_tag":[],"class_list":{"0":"post-59626","1":"product","2":"type-product","3":"status-publish","4":"has-post-thumbnail","6":"product_cat-headshop","7":"product_cat-storz-bickel","8":"product_cat-vape","10":"first","11":"onbackorder","12":"taxable","13":"shipping-taxable","14":"purchasable","15":"product-type-simple"},"acf":[],"yoast_head":"<!-- This site is optimized with the Yoast SEO plugin v27.6 - https:\/\/yoast.com\/product\/yoast-seo-wordpress\/ -->\n<title>Kapsels\u00e6t Storz &amp; Bickel 40 stk - Crafty\/Mighty - Superseeds.dk<\/title>\n<meta name=\"robots\" content=\"index, follow, max-snippet:-1, max-image-preview:large, max-video-preview:-1\" \/>\n<link rel=\"canonical\" href=\"https:\/\/superseeds.dk\/no\/produkt\/kapselsaet-storz-bickel-40-stk-crafty-mighty-2\/\" \/>\n<meta property=\"og:locale\" content=\"nb_NO\" \/>\n<meta property=\"og:type\" content=\"article\" \/>\n<meta property=\"og:title\" content=\"Kapsels\u00e6t Storz &amp; Bickel 40 stk - Crafty\/Mighty - Superseeds.dk\" \/>\n<meta property=\"og:description\" content=\"Kapsler fra Storz &amp; Bickel vil give dig en nem m\u00e5de at forbedrede og bringe dine urter med dig p\u00e5 farten\" \/>\n<meta property=\"og:url\" content=\"https:\/\/superseeds.dk\/no\/produkt\/kapselsaet-storz-bickel-40-stk-crafty-mighty-2\/\" \/>\n<meta property=\"og:site_name\" content=\"Superseeds.dk\" \/>\n<meta property=\"article:modified_time\" content=\"2025-01-30T22:21:02+00:00\" \/>\n<meta property=\"og:image\" content=\"https:\/\/superseeds.dk\/wp-content\/uploads\/2025\/01\/Kapselsaet-Storz-Bickel-40-stk-\u2013-Crafty_Mighty.png\" \/>\n\t<meta property=\"og:image:width\" content=\"1080\" \/>\n\t<meta property=\"og:image:height\" content=\"1080\" \/>\n\t<meta property=\"og:image:type\" content=\"image\/png\" \/>\n<meta name=\"twitter:card\" content=\"summary_large_image\" \/>\n<script type=\"application\/ld+json\" class=\"yoast-schema-graph\">{\"@context\":\"https:\\\/\\\/schema.org\",\"@graph\":[{\"@type\":\"WebPage\",\"@id\":\"https:\\\/\\\/superseeds.dk\\\/vare\\\/kapselsaet-storz-bickel-40-stk-crafty-mighty-2\\\/\",\"url\":\"https:\\\/\\\/superseeds.dk\\\/vare\\\/kapselsaet-storz-bickel-40-stk-crafty-mighty-2\\\/\",\"name\":\"Kapsels\u00e6t Storz &amp; Bickel 40 stk - Crafty\\\/Mighty - Superseeds.dk\",\"isPartOf\":{\"@id\":\"https:\\\/\\\/super-seeds.se\\\/#website\"},\"primaryImageOfPage\":{\"@id\":\"https:\\\/\\\/superseeds.dk\\\/vare\\\/kapselsaet-storz-bickel-40-stk-crafty-mighty-2\\\/#primaryimage\"},\"image\":{\"@id\":\"https:\\\/\\\/superseeds.dk\\\/vare\\\/kapselsaet-storz-bickel-40-stk-crafty-mighty-2\\\/#primaryimage\"},\"thumbnailUrl\":\"https:\\\/\\\/superseeds.dk\\\/wp-content\\\/uploads\\\/2025\\\/01\\\/Kapselsaet-Storz-Bickel-40-stk-\u2013-Crafty_Mighty.png\",\"datePublished\":\"2025-01-30T22:20:59+00:00\",\"dateModified\":\"2025-01-30T22:21:02+00:00\",\"breadcrumb\":{\"@id\":\"https:\\\/\\\/superseeds.dk\\\/vare\\\/kapselsaet-storz-bickel-40-stk-crafty-mighty-2\\\/#breadcrumb\"},\"inLanguage\":\"nb-NO\",\"potentialAction\":[{\"@type\":\"ReadAction\",\"target\":[\"https:\\\/\\\/superseeds.dk\\\/vare\\\/kapselsaet-storz-bickel-40-stk-crafty-mighty-2\\\/\"]}]},{\"@type\":\"ImageObject\",\"inLanguage\":\"nb-NO\",\"@id\":\"https:\\\/\\\/superseeds.dk\\\/vare\\\/kapselsaet-storz-bickel-40-stk-crafty-mighty-2\\\/#primaryimage\",\"url\":\"https:\\\/\\\/superseeds.dk\\\/wp-content\\\/uploads\\\/2025\\\/01\\\/Kapselsaet-Storz-Bickel-40-stk-\u2013-Crafty_Mighty.png\",\"contentUrl\":\"https:\\\/\\\/superseeds.dk\\\/wp-content\\\/uploads\\\/2025\\\/01\\\/Kapselsaet-Storz-Bickel-40-stk-\u2013-Crafty_Mighty.png\",\"width\":1080,\"height\":1080},{\"@type\":\"BreadcrumbList\",\"@id\":\"https:\\\/\\\/superseeds.dk\\\/vare\\\/kapselsaet-storz-bickel-40-stk-crafty-mighty-2\\\/#breadcrumb\",\"itemListElement\":[{\"@type\":\"ListItem\",\"position\":1,\"name\":\"Hjem\",\"item\":\"https:\\\/\\\/superseeds.dk\\\/\"},{\"@type\":\"ListItem\",\"position\":2,\"name\":\"Shop\",\"item\":\"https:\\\/\\\/superseeds.dk\\\/no\\\/butikk\\\/\"},{\"@type\":\"ListItem\",\"position\":3,\"name\":\"Kapsels\u00e6t Storz &amp; Bickel 40 stk &#8211; Crafty\\\/Mighty\"}]},{\"@type\":\"WebSite\",\"@id\":\"https:\\\/\\\/super-seeds.se\\\/#website\",\"url\":\"https:\\\/\\\/super-seeds.se\\\/\",\"name\":\"Superseeds.dk\",\"description\":\"\",\"publisher\":{\"@id\":\"https:\\\/\\\/super-seeds.se\\\/#organization\"},\"potentialAction\":[{\"@type\":\"SearchAction\",\"target\":{\"@type\":\"EntryPoint\",\"urlTemplate\":\"https:\\\/\\\/super-seeds.se\\\/?s={search_term_string}\"},\"query-input\":{\"@type\":\"PropertyValueSpecification\",\"valueRequired\":true,\"valueName\":\"search_term_string\"}}],\"inLanguage\":\"nb-NO\"},{\"@type\":\"Organization\",\"@id\":\"https:\\\/\\\/super-seeds.se\\\/#organization\",\"name\":\"Superseeds.dk\",\"url\":\"https:\\\/\\\/super-seeds.se\\\/\",\"logo\":{\"@type\":\"ImageObject\",\"inLanguage\":\"nb-NO\",\"@id\":\"https:\\\/\\\/super-seeds.se\\\/#\\\/schema\\\/logo\\\/image\\\/\",\"url\":\"https:\\\/\\\/superseeds.dk\\\/wp-content\\\/uploads\\\/2025\\\/09\\\/logo-superseeds.png\",\"contentUrl\":\"https:\\\/\\\/superseeds.dk\\\/wp-content\\\/uploads\\\/2025\\\/09\\\/logo-superseeds.png\",\"width\":180,\"height\":160,\"caption\":\"Superseeds.dk\"},\"image\":{\"@id\":\"https:\\\/\\\/super-seeds.se\\\/#\\\/schema\\\/logo\\\/image\\\/\"}}]}<\/script>\n<!-- \/ Yoast SEO plugin. -->","yoast_head_json":{"title":"Kapsels\u00e6t Storz &amp; Bickel 40 stk - Crafty\/Mighty - Superseeds.dk","robots":{"index":"index","follow":"follow","max-snippet":"max-snippet:-1","max-image-preview":"max-image-preview:large","max-video-preview":"max-video-preview:-1"},"canonical":"https:\/\/superseeds.dk\/no\/produkt\/kapselsaet-storz-bickel-40-stk-crafty-mighty-2\/","og_locale":"nb_NO","og_type":"article","og_title":"Kapsels\u00e6t Storz &amp; Bickel 40 stk - Crafty\/Mighty - Superseeds.dk","og_description":"Kapsler fra Storz &amp; Bickel vil give dig en nem m\u00e5de at forbedrede og bringe dine urter med dig p\u00e5 farten","og_url":"https:\/\/superseeds.dk\/no\/produkt\/kapselsaet-storz-bickel-40-stk-crafty-mighty-2\/","og_site_name":"Superseeds.dk","article_modified_time":"2025-01-30T22:21:02+00:00","og_image":[{"width":1080,"height":1080,"url":"https:\/\/superseeds.dk\/wp-content\/uploads\/2025\/01\/Kapselsaet-Storz-Bickel-40-stk-\u2013-Crafty_Mighty.png","type":"image\/png"}],"twitter_card":"summary_large_image","schema":{"@context":"https:\/\/schema.org","@graph":[{"@type":"WebPage","@id":"https:\/\/superseeds.dk\/vare\/kapselsaet-storz-bickel-40-stk-crafty-mighty-2\/","url":"https:\/\/superseeds.dk\/vare\/kapselsaet-storz-bickel-40-stk-crafty-mighty-2\/","name":"Kapsels\u00e6t Storz &amp; Bickel 40 stk - Crafty\/Mighty - Superseeds.dk","isPartOf":{"@id":"https:\/\/super-seeds.se\/#website"},"primaryImageOfPage":{"@id":"https:\/\/superseeds.dk\/vare\/kapselsaet-storz-bickel-40-stk-crafty-mighty-2\/#primaryimage"},"image":{"@id":"https:\/\/superseeds.dk\/vare\/kapselsaet-storz-bickel-40-stk-crafty-mighty-2\/#primaryimage"},"thumbnailUrl":"https:\/\/superseeds.dk\/wp-content\/uploads\/2025\/01\/Kapselsaet-Storz-Bickel-40-stk-\u2013-Crafty_Mighty.png","datePublished":"2025-01-30T22:20:59+00:00","dateModified":"2025-01-30T22:21:02+00:00","breadcrumb":{"@id":"https:\/\/superseeds.dk\/vare\/kapselsaet-storz-bickel-40-stk-crafty-mighty-2\/#breadcrumb"},"inLanguage":"nb-NO","potentialAction":[{"@type":"ReadAction","target":["https:\/\/superseeds.dk\/vare\/kapselsaet-storz-bickel-40-stk-crafty-mighty-2\/"]}]},{"@type":"ImageObject","inLanguage":"nb-NO","@id":"https:\/\/superseeds.dk\/vare\/kapselsaet-storz-bickel-40-stk-crafty-mighty-2\/#primaryimage","url":"https:\/\/superseeds.dk\/wp-content\/uploads\/2025\/01\/Kapselsaet-Storz-Bickel-40-stk-\u2013-Crafty_Mighty.png","contentUrl":"https:\/\/superseeds.dk\/wp-content\/uploads\/2025\/01\/Kapselsaet-Storz-Bickel-40-stk-\u2013-Crafty_Mighty.png","width":1080,"height":1080},{"@type":"BreadcrumbList","@id":"https:\/\/superseeds.dk\/vare\/kapselsaet-storz-bickel-40-stk-crafty-mighty-2\/#breadcrumb","itemListElement":[{"@type":"ListItem","position":1,"name":"Hjem","item":"https:\/\/superseeds.dk\/"},{"@type":"ListItem","position":2,"name":"Shop","item":"https:\/\/superseeds.dk\/no\/butikk\/"},{"@type":"ListItem","position":3,"name":"Kapsels\u00e6t Storz &amp; Bickel 40 stk &#8211; Crafty\/Mighty"}]},{"@type":"WebSite","@id":"https:\/\/super-seeds.se\/#website","url":"https:\/\/super-seeds.se\/","name":"Superseeds.com","description":"","publisher":{"@id":"https:\/\/super-seeds.se\/#organization"},"potentialAction":[{"@type":"SearchAction","target":{"@type":"EntryPoint","urlTemplate":"https:\/\/super-seeds.se\/?s={search_term_string}"},"query-input":{"@type":"PropertyValueSpecification","valueRequired":true,"valueName":"search_term_string"}}],"inLanguage":"nb-NO"},{"@type":"Organization","@id":"https:\/\/super-seeds.se\/#organization","name":"Superseeds.com","url":"https:\/\/super-seeds.se\/","logo":{"@type":"ImageObject","inLanguage":"nb-NO","@id":"https:\/\/super-seeds.se\/#\/schema\/logo\/image\/","url":"https:\/\/superseeds.dk\/wp-content\/uploads\/2025\/09\/logo-superseeds.png","contentUrl":"https:\/\/superseeds.dk\/wp-content\/uploads\/2025\/09\/logo-superseeds.png","width":180,"height":160,"caption":"Superseeds.dk"},"image":{"@id":"https:\/\/super-seeds.se\/#\/schema\/logo\/image\/"}}]}},"df_price":195,"df_sale_price":"","df_regular_price":195,"df_image_link":"https:\/\/superseeds.dk\/wp-content\/uploads\/2025\/01\/Kapselsaet-Storz-Bickel-40-stk-\u2013-Crafty_Mighty-1024x1024.png","_links":{"self":[{"href":"https:\/\/superseeds.dk\/no\/wp-json\/wp\/v2\/product\/59626","targetHints":{"allow":["GET"]}}],"collection":[{"href":"https:\/\/superseeds.dk\/no\/wp-json\/wp\/v2\/product"}],"about":[{"href":"https:\/\/superseeds.dk\/no\/wp-json\/wp\/v2\/types\/product"}],"wp:featuredmedia":[{"embeddable":true,"href":"https:\/\/superseeds.dk\/no\/wp-json\/wp\/v2\/media\/59627"}],"wp:attachment":[{"href":"https:\/\/superseeds.dk\/no\/wp-json\/wp\/v2\/media?parent=59626"}],"wp:term":[{"taxonomy":"product_brand","embeddable":true,"href":"https:\/\/superseeds.dk\/no\/wp-json\/wp\/v2\/product_brand?post=59626"},{"taxonomy":"product_cat","embeddable":true,"href":"https:\/\/superseeds.dk\/no\/wp-json\/wp\/v2\/product_cat?post=59626"},{"taxonomy":"product_tag","embeddable":true,"href":"https:\/\/superseeds.dk\/no\/wp-json\/wp\/v2\/product_tag?post=59626"}],"curies":[{"name":"wp","href":"https:\/\/api.w.org\/{rel}","templated":true}]}}