{"id":59383,"date":"2025-01-30T23:18:49","date_gmt":"2025-01-30T22:18:49","guid":{"rendered":"https:\/\/superseeds.dk\/vare\/wax-liquidizer-original-neutral-2\/"},"modified":"2025-02-28T11:16:53","modified_gmt":"2025-02-28T10:16:53","slug":"wax-liquidizer-original-neutral-2","status":"publish","type":"product","link":"https:\/\/superseeds.dk\/no\/produkt\/wax-liquidizer-original-neutral-2\/","title":{"rendered":"Wax Liquidiser - Original (n\u00f8ytral)"},"content":{"rendered":"<p>Forvandl dit yndlings koncentrat til vapejuice med &#8220;Original&#8221; vape v\u00e6ske. Brug wax, shatter, rosin mm. og forvandl koncentrater til vapejuice hurtigt og nemt med Wax Liquidizer.<\/p>\n<p>Original Wax Liquidizer er den #1 s\u00e6lgende Liquidizer i verden i dag! Den unikke blanding skaber Vape Juice, der lader den sande smag af dine koncentrater s\u00e5som wax, shatter og rosin komme til live med hvert sug. Begynd at dampe olie p\u00e5 den mest effektive nemme m\u00e5de, der findes i dag.<\/p>\n<p>Indeholder: 15 ml<\/p>\n<p>Smag: v\u00e6lg mellem flere varianter<\/p>\n<p>V\u00e6lg original (neutral) for fuld oplevelse af smag af koncentrat.<\/p>","protected":false},"excerpt":{"rendered":"<p>Forvandl dit yndlings koncentrat til vapejuice med &#8220;Original&#8221; vape v\u00e6ske. Brug wax, shatter, rosin mm. og forvandl koncentrater til vapejuice hurtigt og nemt med Wax Liquidizer. Original Wax Liquidizer er den #1 s\u00e6lgende Liquidizer i verden i dag! Den unikke blanding skaber Vape Juice, der lader den sande smag af dine koncentrater s\u00e5som wax, shatter [&hellip;]<\/p>\n","protected":false},"featured_media":61359,"template":"","meta":{"_acf_changed":false},"product_brand":[],"product_cat":[2001,1998,2005,1795],"product_tag":[],"class_list":{"0":"post-59383","1":"product","2":"type-product","3":"status-publish","4":"has-post-thumbnail","6":"product_cat-vaesker","7":"product_cat-vape","8":"product_cat-wax-liquidizer","9":"product_cat-headshop","10":"pa_ml-100-ml","11":"pa_ml-1000-ml","12":"pa_ml-15-ml","13":"pa_ml-50-ml","15":"first","16":"onbackorder","17":"taxable","18":"shipping-taxable","19":"purchasable","20":"product-type-variable","21":"wvs-archive-product-wrapper"},"acf":[],"yoast_head":"<!-- This site is optimized with the Yoast SEO plugin v26.9 - https:\/\/yoast.com\/product\/yoast-seo-wordpress\/ -->\n<title>Wax Liquidizer - Original (neutral) - Superseeds.dk<\/title>\n<meta name=\"robots\" content=\"index, follow, max-snippet:-1, max-image-preview:large, max-video-preview:-1\" \/>\n<link rel=\"canonical\" href=\"https:\/\/superseeds.dk\/no\/produkt\/wax-liquidizer-original-neutral-2\/\" \/>\n<meta property=\"og:locale\" content=\"nb_NO\" \/>\n<meta property=\"og:type\" content=\"article\" \/>\n<meta property=\"og:title\" content=\"Wax Liquidizer - Original (neutral) - Superseeds.dk\" \/>\n<meta property=\"og:description\" content=\"Forvandl dit yndlings koncentrat til vapejuice med &#8220;Original&#8221; vape v\u00e6ske. Brug wax, shatter, rosin mm. og forvandl koncentrater til vapejuice hurtigt og nemt med Wax Liquidizer. Original Wax Liquidizer er den #1 s\u00e6lgende Liquidizer i verden i dag! Den unikke blanding skaber Vape Juice, der lader den sande smag af dine koncentrater s\u00e5som wax, shatter [&hellip;]\" \/>\n<meta property=\"og:url\" content=\"https:\/\/superseeds.dk\/no\/produkt\/wax-liquidizer-original-neutral-2\/\" \/>\n<meta property=\"og:site_name\" content=\"Superseeds.dk\" \/>\n<meta property=\"article:modified_time\" content=\"2025-02-28T10:16:53+00:00\" \/>\n<meta property=\"og:image\" content=\"https:\/\/super-seeds.se\/wp-content\/uploads\/2025\/02\/Wax-Liquidizer-\u2013-Original-neutral.png\" \/>\n\t<meta property=\"og:image:width\" content=\"1080\" \/>\n\t<meta property=\"og:image:height\" content=\"1080\" \/>\n\t<meta property=\"og:image:type\" content=\"image\/png\" \/>\n<meta name=\"twitter:card\" content=\"summary_large_image\" \/>\n<script type=\"application\/ld+json\" class=\"yoast-schema-graph\">{\"@context\":\"https:\/\/schema.org\",\"@graph\":[{\"@type\":\"WebPage\",\"@id\":\"https:\/\/superseeds.dk\/vare\/wax-liquidizer-original-neutral-2\/\",\"url\":\"https:\/\/superseeds.dk\/vare\/wax-liquidizer-original-neutral-2\/\",\"name\":\"Wax Liquidizer - Original (neutral) - Superseeds.dk\",\"isPartOf\":{\"@id\":\"https:\/\/super-seeds.se\/#website\"},\"primaryImageOfPage\":{\"@id\":\"https:\/\/superseeds.dk\/vare\/wax-liquidizer-original-neutral-2\/#primaryimage\"},\"image\":{\"@id\":\"https:\/\/superseeds.dk\/vare\/wax-liquidizer-original-neutral-2\/#primaryimage\"},\"thumbnailUrl\":\"https:\/\/superseeds.dk\/wp-content\/uploads\/2025\/02\/Wax-Liquidizer-\u2013-Original-neutral.png\",\"datePublished\":\"2025-01-30T22:18:49+00:00\",\"dateModified\":\"2025-02-28T10:16:53+00:00\",\"breadcrumb\":{\"@id\":\"https:\/\/superseeds.dk\/vare\/wax-liquidizer-original-neutral-2\/#breadcrumb\"},\"inLanguage\":\"nb-NO\",\"potentialAction\":[{\"@type\":\"ReadAction\",\"target\":[\"https:\/\/superseeds.dk\/vare\/wax-liquidizer-original-neutral-2\/\"]}]},{\"@type\":\"ImageObject\",\"inLanguage\":\"nb-NO\",\"@id\":\"https:\/\/superseeds.dk\/vare\/wax-liquidizer-original-neutral-2\/#primaryimage\",\"url\":\"https:\/\/superseeds.dk\/wp-content\/uploads\/2025\/02\/Wax-Liquidizer-\u2013-Original-neutral.png\",\"contentUrl\":\"https:\/\/superseeds.dk\/wp-content\/uploads\/2025\/02\/Wax-Liquidizer-\u2013-Original-neutral.png\",\"width\":1080,\"height\":1080},{\"@type\":\"BreadcrumbList\",\"@id\":\"https:\/\/superseeds.dk\/vare\/wax-liquidizer-original-neutral-2\/#breadcrumb\",\"itemListElement\":[{\"@type\":\"ListItem\",\"position\":1,\"name\":\"Hjem\",\"item\":\"https:\/\/superseeds.dk\/\"},{\"@type\":\"ListItem\",\"position\":2,\"name\":\"Shop\",\"item\":\"https:\/\/superseeds.dk\/no\/butikk\/\"},{\"@type\":\"ListItem\",\"position\":3,\"name\":\"Wax Liquidizer &#8211; Original (neutral)\"}]},{\"@type\":\"WebSite\",\"@id\":\"https:\/\/super-seeds.se\/#website\",\"url\":\"https:\/\/super-seeds.se\/\",\"name\":\"Superseeds.dk\",\"description\":\"\",\"publisher\":{\"@id\":\"https:\/\/super-seeds.se\/#organization\"},\"potentialAction\":[{\"@type\":\"SearchAction\",\"target\":{\"@type\":\"EntryPoint\",\"urlTemplate\":\"https:\/\/super-seeds.se\/?s={search_term_string}\"},\"query-input\":{\"@type\":\"PropertyValueSpecification\",\"valueRequired\":true,\"valueName\":\"search_term_string\"}}],\"inLanguage\":\"nb-NO\"},{\"@type\":\"Organization\",\"@id\":\"https:\/\/super-seeds.se\/#organization\",\"name\":\"Superseeds.dk\",\"url\":\"https:\/\/super-seeds.se\/\",\"logo\":{\"@type\":\"ImageObject\",\"inLanguage\":\"nb-NO\",\"@id\":\"https:\/\/super-seeds.se\/#\/schema\/logo\/image\/\",\"url\":\"https:\/\/superseeds.dk\/wp-content\/uploads\/2025\/09\/logo-superseeds.png\",\"contentUrl\":\"https:\/\/superseeds.dk\/wp-content\/uploads\/2025\/09\/logo-superseeds.png\",\"width\":180,\"height\":160,\"caption\":\"Superseeds.dk\"},\"image\":{\"@id\":\"https:\/\/super-seeds.se\/#\/schema\/logo\/image\/\"}}]}<\/script>\n<!-- \/ Yoast SEO plugin. -->","yoast_head_json":{"title":"Wax Liquidizer - Original (neutral) - Superseeds.dk","robots":{"index":"index","follow":"follow","max-snippet":"max-snippet:-1","max-image-preview":"max-image-preview:large","max-video-preview":"max-video-preview:-1"},"canonical":"https:\/\/superseeds.dk\/no\/produkt\/wax-liquidizer-original-neutral-2\/","og_locale":"nb_NO","og_type":"article","og_title":"Wax Liquidizer - Original (neutral) - Superseeds.dk","og_description":"Forvandl dit yndlings koncentrat til vapejuice med &#8220;Original&#8221; vape v\u00e6ske. Brug wax, shatter, rosin mm. og forvandl koncentrater til vapejuice hurtigt og nemt med Wax Liquidizer. Original Wax Liquidizer er den #1 s\u00e6lgende Liquidizer i verden i dag! Den unikke blanding skaber Vape Juice, der lader den sande smag af dine koncentrater s\u00e5som wax, shatter [&hellip;]","og_url":"https:\/\/superseeds.dk\/no\/produkt\/wax-liquidizer-original-neutral-2\/","og_site_name":"Superseeds.dk","article_modified_time":"2025-02-28T10:16:53+00:00","og_image":[{"width":1080,"height":1080,"url":"https:\/\/super-seeds.se\/wp-content\/uploads\/2025\/02\/Wax-Liquidizer-\u2013-Original-neutral.png","type":"image\/png"}],"twitter_card":"summary_large_image","schema":{"@context":"https:\/\/schema.org","@graph":[{"@type":"WebPage","@id":"https:\/\/superseeds.dk\/vare\/wax-liquidizer-original-neutral-2\/","url":"https:\/\/superseeds.dk\/vare\/wax-liquidizer-original-neutral-2\/","name":"Wax Liquidizer - Original (neutral) - Superseeds.dk","isPartOf":{"@id":"https:\/\/super-seeds.se\/#website"},"primaryImageOfPage":{"@id":"https:\/\/superseeds.dk\/vare\/wax-liquidizer-original-neutral-2\/#primaryimage"},"image":{"@id":"https:\/\/superseeds.dk\/vare\/wax-liquidizer-original-neutral-2\/#primaryimage"},"thumbnailUrl":"https:\/\/superseeds.dk\/wp-content\/uploads\/2025\/02\/Wax-Liquidizer-\u2013-Original-neutral.png","datePublished":"2025-01-30T22:18:49+00:00","dateModified":"2025-02-28T10:16:53+00:00","breadcrumb":{"@id":"https:\/\/superseeds.dk\/vare\/wax-liquidizer-original-neutral-2\/#breadcrumb"},"inLanguage":"nb-NO","potentialAction":[{"@type":"ReadAction","target":["https:\/\/superseeds.dk\/vare\/wax-liquidizer-original-neutral-2\/"]}]},{"@type":"ImageObject","inLanguage":"nb-NO","@id":"https:\/\/superseeds.dk\/vare\/wax-liquidizer-original-neutral-2\/#primaryimage","url":"https:\/\/superseeds.dk\/wp-content\/uploads\/2025\/02\/Wax-Liquidizer-\u2013-Original-neutral.png","contentUrl":"https:\/\/superseeds.dk\/wp-content\/uploads\/2025\/02\/Wax-Liquidizer-\u2013-Original-neutral.png","width":1080,"height":1080},{"@type":"BreadcrumbList","@id":"https:\/\/superseeds.dk\/vare\/wax-liquidizer-original-neutral-2\/#breadcrumb","itemListElement":[{"@type":"ListItem","position":1,"name":"Hjem","item":"https:\/\/superseeds.dk\/"},{"@type":"ListItem","position":2,"name":"Shop","item":"https:\/\/superseeds.dk\/no\/butikk\/"},{"@type":"ListItem","position":3,"name":"Wax Liquidizer &#8211; Original (neutral)"}]},{"@type":"WebSite","@id":"https:\/\/super-seeds.se\/#website","url":"https:\/\/super-seeds.se\/","name":"Superseeds.com","description":"","publisher":{"@id":"https:\/\/super-seeds.se\/#organization"},"potentialAction":[{"@type":"SearchAction","target":{"@type":"EntryPoint","urlTemplate":"https:\/\/super-seeds.se\/?s={search_term_string}"},"query-input":{"@type":"PropertyValueSpecification","valueRequired":true,"valueName":"search_term_string"}}],"inLanguage":"nb-NO"},{"@type":"Organization","@id":"https:\/\/super-seeds.se\/#organization","name":"Superseeds.com","url":"https:\/\/super-seeds.se\/","logo":{"@type":"ImageObject","inLanguage":"nb-NO","@id":"https:\/\/super-seeds.se\/#\/schema\/logo\/image\/","url":"https:\/\/superseeds.dk\/wp-content\/uploads\/2025\/09\/logo-superseeds.png","contentUrl":"https:\/\/superseeds.dk\/wp-content\/uploads\/2025\/09\/logo-superseeds.png","width":180,"height":160,"caption":"Superseeds.dk"},"image":{"@id":"https:\/\/super-seeds.se\/#\/schema\/logo\/image\/"}}]}},"df_price":159,"df_sale_price":"","df_regular_price":159,"df_image_link":"https:\/\/superseeds.dk\/wp-content\/uploads\/2025\/02\/Wax-Liquidizer-\u2013-Original-neutral-1024x1024.png","_links":{"self":[{"href":"https:\/\/superseeds.dk\/no\/wp-json\/wp\/v2\/product\/59383","targetHints":{"allow":["GET"]}}],"collection":[{"href":"https:\/\/superseeds.dk\/no\/wp-json\/wp\/v2\/product"}],"about":[{"href":"https:\/\/superseeds.dk\/no\/wp-json\/wp\/v2\/types\/product"}],"wp:featuredmedia":[{"embeddable":true,"href":"https:\/\/superseeds.dk\/no\/wp-json\/wp\/v2\/media\/61359"}],"wp:attachment":[{"href":"https:\/\/superseeds.dk\/no\/wp-json\/wp\/v2\/media?parent=59383"}],"wp:term":[{"taxonomy":"product_brand","embeddable":true,"href":"https:\/\/superseeds.dk\/no\/wp-json\/wp\/v2\/product_brand?post=59383"},{"taxonomy":"product_cat","embeddable":true,"href":"https:\/\/superseeds.dk\/no\/wp-json\/wp\/v2\/product_cat?post=59383"},{"taxonomy":"product_tag","embeddable":true,"href":"https:\/\/superseeds.dk\/no\/wp-json\/wp\/v2\/product_tag?post=59383"}],"curies":[{"name":"wp","href":"https:\/\/api.w.org\/{rel}","templated":true}]}}