{"id":59368,"date":"2025-01-30T23:18:29","date_gmt":"2025-01-30T22:18:29","guid":{"rendered":"https:\/\/superseeds.dk\/vare\/breit-oil-rig-inkl-banger-2-2\/"},"modified":"2025-01-30T23:18:31","modified_gmt":"2025-01-30T22:18:31","slug":"breit-oil-rig-inkl-banger-2-2","status":"publish","type":"product","link":"https:\/\/superseeds.dk\/no\/produkt\/breit-oil-rig-inkl-banger-2-2\/","title":{"rendered":"BREIT Oljerigg inkludert Banger"},"content":{"rendered":"<p>Ekstraordin\u00e6rt designet og meget handy dab rig af det seje m\u00e6rke BREIT\u00ae, lavet af forskelligt farvet borosilikatglas. Udstyret med en olie banger for at nyde ekstrakter som voks eller olie. P\u00e5 grund af luftvejens indsn\u00e6vring i begyndelsen af tr\u00e6kr\u00f8ret, ind\u00e5ndes der ikke for meget af den kraftige r\u00f8g p\u00e5 samme tid. Dette er mere behageligt for lungerne.<\/p>\n<p>Opvarm f\u00f8rst bangeren p\u00e5 undersiden med en torch\/gasbr\u00e6nder, indtil den er godt varmet op. Tils\u00e6t derefter koncentratet med et tool i bangeren og ind\u00e5nd r\u00f8gen langsomt og j\u00e6vnt.<\/p>\n<p>Vi anbefaler brug af en carpcap, som vil give en kraftigere r\u00f8gudvikling ved at minimere lufttilf\u00f8rslen.<\/p>\n<ul>\n<li>Materiale: Borosilikatglas<\/li>\n<li>Farve: klar\/bl\u00e5\/gul<\/li>\n<li>Print: Breit logo<\/li>\n<li>H\u00f8jde: 170 mm<\/li>\n<li>Diameter: 70\/40 mm<\/li>\n<li>SG 14 (14,5 mm)<\/li>\n<\/ul>","protected":false},"excerpt":{"rendered":"<p>Ekstraordin\u00e6rt designet og meget handy dab rig af det seje m\u00e6rke BREIT\u00ae, lavet af forskelligt farvet borosilikatglas. Udstyret med en olie banger for at nyde ekstrakter som voks eller olie. P\u00e5 grund af luftvejens indsn\u00e6vring i begyndelsen af tr\u00e6kr\u00f8ret, ind\u00e5ndes der ikke for meget af den kraftige r\u00f8g p\u00e5 samme tid. Dette er mere behageligt [&hellip;]<\/p>\n","protected":false},"featured_media":59369,"template":"","meta":{"_acf_changed":false},"product_brand":[],"product_cat":[1990,1991,1795],"product_tag":[],"class_list":{"0":"post-59368","1":"product","2":"type-product","3":"status-publish","4":"has-post-thumbnail","6":"product_cat-bonger","7":"product_cat-bonger-dab-rigs","8":"product_cat-headshop","10":"first","11":"onbackorder","12":"taxable","13":"shipping-taxable","14":"purchasable","15":"product-type-simple"},"acf":[],"yoast_head":"<!-- This site is optimized with the Yoast SEO plugin v26.9 - https:\/\/yoast.com\/product\/yoast-seo-wordpress\/ -->\n<title>BREIT Oil Rig inkl. Banger - Superseeds.dk<\/title>\n<meta name=\"robots\" content=\"index, follow, max-snippet:-1, max-image-preview:large, max-video-preview:-1\" \/>\n<link rel=\"canonical\" href=\"https:\/\/superseeds.dk\/no\/produkt\/breit-oil-rig-inkl-banger-2-2\/\" \/>\n<meta property=\"og:locale\" content=\"nb_NO\" \/>\n<meta property=\"og:type\" content=\"article\" \/>\n<meta property=\"og:title\" content=\"BREIT Oil Rig inkl. Banger - Superseeds.dk\" \/>\n<meta property=\"og:description\" content=\"Ekstraordin\u00e6rt designet og meget handy dab rig af det seje m\u00e6rke BREIT\u00ae, lavet af forskelligt farvet borosilikatglas. Udstyret med en olie banger for at nyde ekstrakter som voks eller olie. P\u00e5 grund af luftvejens indsn\u00e6vring i begyndelsen af tr\u00e6kr\u00f8ret, ind\u00e5ndes der ikke for meget af den kraftige r\u00f8g p\u00e5 samme tid. Dette er mere behageligt [&hellip;]\" \/>\n<meta property=\"og:url\" content=\"https:\/\/superseeds.dk\/no\/produkt\/breit-oil-rig-inkl-banger-2-2\/\" \/>\n<meta property=\"og:site_name\" content=\"Superseeds.dk\" \/>\n<meta property=\"article:modified_time\" content=\"2025-01-30T22:18:31+00:00\" \/>\n<meta property=\"og:image\" content=\"https:\/\/www.super-seeds.se\/wp-content\/uploads\/2025\/01\/BREIT-Oil-Rig-inkl.-Banger.png\" \/>\n\t<meta property=\"og:image:width\" content=\"1080\" \/>\n\t<meta property=\"og:image:height\" content=\"1080\" \/>\n\t<meta property=\"og:image:type\" content=\"image\/png\" \/>\n<meta name=\"twitter:card\" content=\"summary_large_image\" \/>\n<meta name=\"twitter:label1\" content=\"Ansl. lesetid\" \/>\n\t<meta name=\"twitter:data1\" content=\"1 minutt\" \/>\n<script type=\"application\/ld+json\" class=\"yoast-schema-graph\">{\"@context\":\"https:\/\/schema.org\",\"@graph\":[{\"@type\":\"WebPage\",\"@id\":\"https:\/\/superseeds.dk\/vare\/breit-oil-rig-inkl-banger-2-2\/\",\"url\":\"https:\/\/superseeds.dk\/vare\/breit-oil-rig-inkl-banger-2-2\/\",\"name\":\"BREIT Oil Rig inkl. Banger - Superseeds.dk\",\"isPartOf\":{\"@id\":\"https:\/\/super-seeds.se\/#website\"},\"primaryImageOfPage\":{\"@id\":\"https:\/\/superseeds.dk\/vare\/breit-oil-rig-inkl-banger-2-2\/#primaryimage\"},\"image\":{\"@id\":\"https:\/\/superseeds.dk\/vare\/breit-oil-rig-inkl-banger-2-2\/#primaryimage\"},\"thumbnailUrl\":\"https:\/\/superseeds.dk\/wp-content\/uploads\/2025\/01\/BREIT-Oil-Rig-inkl.-Banger.png\",\"datePublished\":\"2025-01-30T22:18:29+00:00\",\"dateModified\":\"2025-01-30T22:18:31+00:00\",\"breadcrumb\":{\"@id\":\"https:\/\/superseeds.dk\/vare\/breit-oil-rig-inkl-banger-2-2\/#breadcrumb\"},\"inLanguage\":\"nb-NO\",\"potentialAction\":[{\"@type\":\"ReadAction\",\"target\":[\"https:\/\/superseeds.dk\/vare\/breit-oil-rig-inkl-banger-2-2\/\"]}]},{\"@type\":\"ImageObject\",\"inLanguage\":\"nb-NO\",\"@id\":\"https:\/\/superseeds.dk\/vare\/breit-oil-rig-inkl-banger-2-2\/#primaryimage\",\"url\":\"https:\/\/superseeds.dk\/wp-content\/uploads\/2025\/01\/BREIT-Oil-Rig-inkl.-Banger.png\",\"contentUrl\":\"https:\/\/superseeds.dk\/wp-content\/uploads\/2025\/01\/BREIT-Oil-Rig-inkl.-Banger.png\",\"width\":1080,\"height\":1080},{\"@type\":\"BreadcrumbList\",\"@id\":\"https:\/\/superseeds.dk\/vare\/breit-oil-rig-inkl-banger-2-2\/#breadcrumb\",\"itemListElement\":[{\"@type\":\"ListItem\",\"position\":1,\"name\":\"Hjem\",\"item\":\"https:\/\/superseeds.dk\/\"},{\"@type\":\"ListItem\",\"position\":2,\"name\":\"Shop\",\"item\":\"https:\/\/superseeds.dk\/no\/butikk\/\"},{\"@type\":\"ListItem\",\"position\":3,\"name\":\"BREIT Oil Rig inkl. Banger\"}]},{\"@type\":\"WebSite\",\"@id\":\"https:\/\/super-seeds.se\/#website\",\"url\":\"https:\/\/super-seeds.se\/\",\"name\":\"Superseeds.dk\",\"description\":\"\",\"publisher\":{\"@id\":\"https:\/\/super-seeds.se\/#organization\"},\"potentialAction\":[{\"@type\":\"SearchAction\",\"target\":{\"@type\":\"EntryPoint\",\"urlTemplate\":\"https:\/\/super-seeds.se\/?s={search_term_string}\"},\"query-input\":{\"@type\":\"PropertyValueSpecification\",\"valueRequired\":true,\"valueName\":\"search_term_string\"}}],\"inLanguage\":\"nb-NO\"},{\"@type\":\"Organization\",\"@id\":\"https:\/\/super-seeds.se\/#organization\",\"name\":\"Superseeds.dk\",\"url\":\"https:\/\/super-seeds.se\/\",\"logo\":{\"@type\":\"ImageObject\",\"inLanguage\":\"nb-NO\",\"@id\":\"https:\/\/super-seeds.se\/#\/schema\/logo\/image\/\",\"url\":\"https:\/\/superseeds.dk\/wp-content\/uploads\/2025\/09\/logo-superseeds.png\",\"contentUrl\":\"https:\/\/superseeds.dk\/wp-content\/uploads\/2025\/09\/logo-superseeds.png\",\"width\":180,\"height\":160,\"caption\":\"Superseeds.dk\"},\"image\":{\"@id\":\"https:\/\/super-seeds.se\/#\/schema\/logo\/image\/\"}}]}<\/script>\n<!-- \/ Yoast SEO plugin. -->","yoast_head_json":{"title":"BREIT Oil Rig inkl. Banger - Superseeds.dk","robots":{"index":"index","follow":"follow","max-snippet":"max-snippet:-1","max-image-preview":"max-image-preview:large","max-video-preview":"max-video-preview:-1"},"canonical":"https:\/\/superseeds.dk\/no\/produkt\/breit-oil-rig-inkl-banger-2-2\/","og_locale":"nb_NO","og_type":"article","og_title":"BREIT Oil Rig inkl. Banger - Superseeds.dk","og_description":"Ekstraordin\u00e6rt designet og meget handy dab rig af det seje m\u00e6rke BREIT\u00ae, lavet af forskelligt farvet borosilikatglas. Udstyret med en olie banger for at nyde ekstrakter som voks eller olie. P\u00e5 grund af luftvejens indsn\u00e6vring i begyndelsen af tr\u00e6kr\u00f8ret, ind\u00e5ndes der ikke for meget af den kraftige r\u00f8g p\u00e5 samme tid. Dette er mere behageligt [&hellip;]","og_url":"https:\/\/superseeds.dk\/no\/produkt\/breit-oil-rig-inkl-banger-2-2\/","og_site_name":"Superseeds.dk","article_modified_time":"2025-01-30T22:18:31+00:00","og_image":[{"width":1080,"height":1080,"url":"https:\/\/www.super-seeds.se\/wp-content\/uploads\/2025\/01\/BREIT-Oil-Rig-inkl.-Banger.png","type":"image\/png"}],"twitter_card":"summary_large_image","twitter_misc":{"Ansl. lesetid":"1 minutt"},"schema":{"@context":"https:\/\/schema.org","@graph":[{"@type":"WebPage","@id":"https:\/\/superseeds.dk\/vare\/breit-oil-rig-inkl-banger-2-2\/","url":"https:\/\/superseeds.dk\/vare\/breit-oil-rig-inkl-banger-2-2\/","name":"BREIT Oil Rig inkl. Banger - Superseeds.dk","isPartOf":{"@id":"https:\/\/super-seeds.se\/#website"},"primaryImageOfPage":{"@id":"https:\/\/superseeds.dk\/vare\/breit-oil-rig-inkl-banger-2-2\/#primaryimage"},"image":{"@id":"https:\/\/superseeds.dk\/vare\/breit-oil-rig-inkl-banger-2-2\/#primaryimage"},"thumbnailUrl":"https:\/\/superseeds.dk\/wp-content\/uploads\/2025\/01\/BREIT-Oil-Rig-inkl.-Banger.png","datePublished":"2025-01-30T22:18:29+00:00","dateModified":"2025-01-30T22:18:31+00:00","breadcrumb":{"@id":"https:\/\/superseeds.dk\/vare\/breit-oil-rig-inkl-banger-2-2\/#breadcrumb"},"inLanguage":"nb-NO","potentialAction":[{"@type":"ReadAction","target":["https:\/\/superseeds.dk\/vare\/breit-oil-rig-inkl-banger-2-2\/"]}]},{"@type":"ImageObject","inLanguage":"nb-NO","@id":"https:\/\/superseeds.dk\/vare\/breit-oil-rig-inkl-banger-2-2\/#primaryimage","url":"https:\/\/superseeds.dk\/wp-content\/uploads\/2025\/01\/BREIT-Oil-Rig-inkl.-Banger.png","contentUrl":"https:\/\/superseeds.dk\/wp-content\/uploads\/2025\/01\/BREIT-Oil-Rig-inkl.-Banger.png","width":1080,"height":1080},{"@type":"BreadcrumbList","@id":"https:\/\/superseeds.dk\/vare\/breit-oil-rig-inkl-banger-2-2\/#breadcrumb","itemListElement":[{"@type":"ListItem","position":1,"name":"Hjem","item":"https:\/\/superseeds.dk\/"},{"@type":"ListItem","position":2,"name":"Shop","item":"https:\/\/superseeds.dk\/no\/butikk\/"},{"@type":"ListItem","position":3,"name":"BREIT Oil Rig inkl. Banger"}]},{"@type":"WebSite","@id":"https:\/\/super-seeds.se\/#website","url":"https:\/\/super-seeds.se\/","name":"Superseeds.com","description":"","publisher":{"@id":"https:\/\/super-seeds.se\/#organization"},"potentialAction":[{"@type":"SearchAction","target":{"@type":"EntryPoint","urlTemplate":"https:\/\/super-seeds.se\/?s={search_term_string}"},"query-input":{"@type":"PropertyValueSpecification","valueRequired":true,"valueName":"search_term_string"}}],"inLanguage":"nb-NO"},{"@type":"Organization","@id":"https:\/\/super-seeds.se\/#organization","name":"Superseeds.com","url":"https:\/\/super-seeds.se\/","logo":{"@type":"ImageObject","inLanguage":"nb-NO","@id":"https:\/\/super-seeds.se\/#\/schema\/logo\/image\/","url":"https:\/\/superseeds.dk\/wp-content\/uploads\/2025\/09\/logo-superseeds.png","contentUrl":"https:\/\/superseeds.dk\/wp-content\/uploads\/2025\/09\/logo-superseeds.png","width":180,"height":160,"caption":"Superseeds.dk"},"image":{"@id":"https:\/\/super-seeds.se\/#\/schema\/logo\/image\/"}}]}},"df_price":299.95,"df_sale_price":"","df_regular_price":299.95,"df_image_link":"https:\/\/superseeds.dk\/wp-content\/uploads\/2025\/01\/BREIT-Oil-Rig-inkl.-Banger-1024x1024.png","_links":{"self":[{"href":"https:\/\/superseeds.dk\/no\/wp-json\/wp\/v2\/product\/59368","targetHints":{"allow":["GET"]}}],"collection":[{"href":"https:\/\/superseeds.dk\/no\/wp-json\/wp\/v2\/product"}],"about":[{"href":"https:\/\/superseeds.dk\/no\/wp-json\/wp\/v2\/types\/product"}],"wp:featuredmedia":[{"embeddable":true,"href":"https:\/\/superseeds.dk\/no\/wp-json\/wp\/v2\/media\/59369"}],"wp:attachment":[{"href":"https:\/\/superseeds.dk\/no\/wp-json\/wp\/v2\/media?parent=59368"}],"wp:term":[{"taxonomy":"product_brand","embeddable":true,"href":"https:\/\/superseeds.dk\/no\/wp-json\/wp\/v2\/product_brand?post=59368"},{"taxonomy":"product_cat","embeddable":true,"href":"https:\/\/superseeds.dk\/no\/wp-json\/wp\/v2\/product_cat?post=59368"},{"taxonomy":"product_tag","embeddable":true,"href":"https:\/\/superseeds.dk\/no\/wp-json\/wp\/v2\/product_tag?post=59368"}],"curies":[{"name":"wp","href":"https:\/\/api.w.org\/{rel}","templated":true}]}}