{"id":59151,"date":"2025-01-30T23:15:49","date_gmt":"2025-01-30T22:15:49","guid":{"rendered":"https:\/\/superseeds.dk\/vare\/ccell-ps1\/"},"modified":"2025-01-30T23:15:51","modified_gmt":"2025-01-30T22:15:51","slug":"ccell-ps1","status":"publish","type":"product","link":"https:\/\/superseeds.dk\/no\/produkt\/ccell-ps1\/","title":{"rendered":"CCELL\u00ae PS1"},"content":{"rendered":"<p>PS1 er verdens f\u00f8rste 2-i-1 dobbelt\u00a0<a href=\"https:\/\/hamiltondevices.com\/product-category\/cartridge\/\">vape patron<\/a>\u00a0og koncentrat vaporizer med bobler. Dette batteri kan tr\u00e6kke fra begge patroner samtidigt, da det tillader dobbelt patronbrug. Dens dobbelte funktion giver dig mulighed for at blande to smagsvarianter eller en voksspole for en unik vapingoplevelse eller blot fordoble din yndlingssmag for forbedret brug. Derudover kan batteriet endda tilpasses til brug af en enkelt patron \u2013 det kommer med en lille adapter, som du blot kan tilslutte et af indgangene, n\u00e5r du kun vil nyde \u00e9n patron ad gangen. Dens avancerede design og funktionalitet g\u00f8r den til et must-have element for alle vapingelskere.<\/p>\n<ul>\n<li>Knap aktiveret<\/li>\n<li>H\u00f8jkvalitets printkort<\/li>\n<li>PCTG Terpen-resistent hus og glasbobler<\/li>\n<li>Str\u00f8m: Lav = Bl\u00e5 (3,2V), Medium = Hvid (3,6V), H\u00f8j = R\u00f8d (4,0V)<\/li>\n<li>Batterikapacitet: 1100mAh<\/li>\n<li>St\u00f8rrelse: 58 mm (L) x 37,5 mm (B) x 151,1 mm (H)<\/li>\n<li>Farve: B\u00f8rstet kobber<\/li>\n<li>Pakke: 2 voksspoler, USB-oplader, 2 O-ringe, 1 Dummy-stikadapter, husenhed og glasbobler<\/li>\n<\/ul>\n<p>*Patron medf\u00f8lger ikke<\/p>\n<p><strong>VEDLIGEHOLDELSESTIPS:<\/strong>\u00a0Enhver enhed, der besk\u00e6ftiger sig med olier, har potentiale til at l\u00e6kke. Regelm\u00e6ssig reng\u00f8ring vil holde enheden i dens optimale ydeevne.<\/p>\n<p><strong>ANBEFALET RENG\u00d8RING:<\/strong>\u00a01-2 gange pr. patronskift eller afh\u00e6ngig af brug. Brug venligst en Q-Tip og sprit.<\/p>\n<p><strong>ANBEFALET RENG\u00d8RING AF BOBBLER:<\/strong>\u00a0Reng\u00f8r med en spritserviet eller en Q-Tip og sprit. Fjern o-ringen, d\u00e6k hullerne til, og ryst med sprit. Umiddelbart efter rystes med opvaskemiddel og vand og t\u00f8rres derefter.<\/p>\n<p><strong>ANBEFALET RENG\u00d8RING AF PLASTHUS:<\/strong>\u00a0Reng\u00f8r med en spritserviet eller en Q-Tip og sprit. Neds\u00e6nk IKKE huset i sprit. Umiddelbart efter reng\u00f8res med opvaskemiddel og vand og t\u00f8rres derefter. BRUG IKKE ACETONE ELLER OPL\u00d8SNINGSMIDLER TIL RENG\u00d8RING, KUN gnidningsalkohol.<\/p>\n<p>&nbsp;<\/p>","protected":false},"excerpt":{"rendered":"<p>PS1 er verdens f\u00f8rste 2-i-1 dobbelt\u00a0vape patron\u00a0og koncentrat vaporizer med bobler. Dette batteri kan tr\u00e6kke fra begge patroner samtidigt<\/p>\n<ul>\n<li>Knap aktiveret<\/li>\n<li>H\u00f8jkvalitets printkort<\/li>\n<li>PCTG Terpen-resistent hus og glasbobler<\/li>\n<li>Str\u00f8m: Lav = Bl\u00e5 (3,2V), Medium = Hvid (3,6V), H\u00f8j = R\u00f8d (4,0V)<\/li>\n<li>Batterikapacitet: 1100mAh<\/li>\n<li>St\u00f8rrelse: 58 mm (L) x 37,5 mm (B) x 151,1 mm (H)<\/li>\n<li>Farve: B\u00f8rstet kobber<\/li>\n<li>Pakke: 2 voksspoler, USB-oplader, 2 O-ringe, 1 Dummy-stikadapter, husenhed og glasbobler<\/li>\n<\/ul>","protected":false},"featured_media":59155,"template":"","meta":{"_acf_changed":false},"product_brand":[],"product_cat":[2003,1795,1998],"product_tag":[],"class_list":{"0":"post-59151","1":"product","2":"type-product","3":"status-publish","4":"has-post-thumbnail","6":"product_cat-ccell-hamilton-devices","7":"product_cat-headshop","8":"product_cat-vape","10":"first","11":"instock","12":"taxable","13":"shipping-taxable","14":"purchasable","15":"product-type-simple"},"acf":[],"yoast_head":"<!-- This site is optimized with the Yoast SEO plugin v27.6 - https:\/\/yoast.com\/product\/yoast-seo-wordpress\/ -->\n<title>CCELL\u00ae PS1 - Superseeds.dk<\/title>\n<meta name=\"robots\" content=\"index, follow, max-snippet:-1, max-image-preview:large, max-video-preview:-1\" \/>\n<link rel=\"canonical\" href=\"https:\/\/superseeds.dk\/no\/produkt\/ccell-ps1\/\" \/>\n<meta property=\"og:locale\" content=\"nb_NO\" \/>\n<meta property=\"og:type\" content=\"article\" \/>\n<meta property=\"og:title\" content=\"CCELL\u00ae PS1 - Superseeds.dk\" \/>\n<meta property=\"og:description\" content=\"PS1 er verdens f\u00f8rste 2-i-1 dobbelt\u00a0vape patron\u00a0og koncentrat vaporizer med bobler. Dette batteri kan tr\u00e6kke fra begge patroner samtidigt   Knap aktiveret  H\u00f8jkvalitets printkort  PCTG Terpen-resistent hus og glasbobler  Str\u00f8m: Lav = Bl\u00e5 (3,2V), Medium = Hvid (3,6V), H\u00f8j = R\u00f8d (4,0V)  Batterikapacitet: 1100mAh  St\u00f8rrelse: 58 mm (L) x 37,5 mm (B) x 151,1 mm (H)  Farve: B\u00f8rstet kobber  Pakke: 2 voksspoler, USB-oplader, 2 O-ringe, 1 Dummy-stikadapter, husenhed og glasbobler\" \/>\n<meta property=\"og:url\" content=\"https:\/\/superseeds.dk\/no\/produkt\/ccell-ps1\/\" \/>\n<meta property=\"og:site_name\" content=\"Superseeds.dk\" \/>\n<meta property=\"article:modified_time\" content=\"2025-01-30T22:15:51+00:00\" \/>\n<meta property=\"og:image\" content=\"https:\/\/superseeds.dk\/wp-content\/uploads\/2025\/01\/CCELL\u00ae-PS1.png\" \/>\n\t<meta property=\"og:image:width\" content=\"1080\" \/>\n\t<meta property=\"og:image:height\" content=\"1080\" \/>\n\t<meta property=\"og:image:type\" content=\"image\/png\" \/>\n<meta name=\"twitter:card\" content=\"summary_large_image\" \/>\n<meta name=\"twitter:label1\" content=\"Ansl. lesetid\" \/>\n\t<meta name=\"twitter:data1\" content=\"1 minutt\" \/>\n<script type=\"application\/ld+json\" class=\"yoast-schema-graph\">{\"@context\":\"https:\\\/\\\/schema.org\",\"@graph\":[{\"@type\":\"WebPage\",\"@id\":\"https:\\\/\\\/superseeds.dk\\\/vare\\\/ccell-ps1\\\/\",\"url\":\"https:\\\/\\\/superseeds.dk\\\/vare\\\/ccell-ps1\\\/\",\"name\":\"CCELL\u00ae PS1 - Superseeds.dk\",\"isPartOf\":{\"@id\":\"https:\\\/\\\/super-seeds.se\\\/#website\"},\"primaryImageOfPage\":{\"@id\":\"https:\\\/\\\/superseeds.dk\\\/vare\\\/ccell-ps1\\\/#primaryimage\"},\"image\":{\"@id\":\"https:\\\/\\\/superseeds.dk\\\/vare\\\/ccell-ps1\\\/#primaryimage\"},\"thumbnailUrl\":\"https:\\\/\\\/superseeds.dk\\\/wp-content\\\/uploads\\\/2025\\\/01\\\/CCELL\u00ae-PS1.png\",\"datePublished\":\"2025-01-30T22:15:49+00:00\",\"dateModified\":\"2025-01-30T22:15:51+00:00\",\"breadcrumb\":{\"@id\":\"https:\\\/\\\/superseeds.dk\\\/vare\\\/ccell-ps1\\\/#breadcrumb\"},\"inLanguage\":\"nb-NO\",\"potentialAction\":[{\"@type\":\"ReadAction\",\"target\":[\"https:\\\/\\\/superseeds.dk\\\/vare\\\/ccell-ps1\\\/\"]}]},{\"@type\":\"ImageObject\",\"inLanguage\":\"nb-NO\",\"@id\":\"https:\\\/\\\/superseeds.dk\\\/vare\\\/ccell-ps1\\\/#primaryimage\",\"url\":\"https:\\\/\\\/superseeds.dk\\\/wp-content\\\/uploads\\\/2025\\\/01\\\/CCELL\u00ae-PS1.png\",\"contentUrl\":\"https:\\\/\\\/superseeds.dk\\\/wp-content\\\/uploads\\\/2025\\\/01\\\/CCELL\u00ae-PS1.png\",\"width\":1080,\"height\":1080},{\"@type\":\"BreadcrumbList\",\"@id\":\"https:\\\/\\\/superseeds.dk\\\/vare\\\/ccell-ps1\\\/#breadcrumb\",\"itemListElement\":[{\"@type\":\"ListItem\",\"position\":1,\"name\":\"Hjem\",\"item\":\"https:\\\/\\\/superseeds.dk\\\/\"},{\"@type\":\"ListItem\",\"position\":2,\"name\":\"Shop\",\"item\":\"https:\\\/\\\/superseeds.dk\\\/no\\\/butikk\\\/\"},{\"@type\":\"ListItem\",\"position\":3,\"name\":\"CCELL\u00ae PS1\"}]},{\"@type\":\"WebSite\",\"@id\":\"https:\\\/\\\/super-seeds.se\\\/#website\",\"url\":\"https:\\\/\\\/super-seeds.se\\\/\",\"name\":\"Superseeds.dk\",\"description\":\"\",\"publisher\":{\"@id\":\"https:\\\/\\\/super-seeds.se\\\/#organization\"},\"potentialAction\":[{\"@type\":\"SearchAction\",\"target\":{\"@type\":\"EntryPoint\",\"urlTemplate\":\"https:\\\/\\\/super-seeds.se\\\/?s={search_term_string}\"},\"query-input\":{\"@type\":\"PropertyValueSpecification\",\"valueRequired\":true,\"valueName\":\"search_term_string\"}}],\"inLanguage\":\"nb-NO\"},{\"@type\":\"Organization\",\"@id\":\"https:\\\/\\\/super-seeds.se\\\/#organization\",\"name\":\"Superseeds.dk\",\"url\":\"https:\\\/\\\/super-seeds.se\\\/\",\"logo\":{\"@type\":\"ImageObject\",\"inLanguage\":\"nb-NO\",\"@id\":\"https:\\\/\\\/super-seeds.se\\\/#\\\/schema\\\/logo\\\/image\\\/\",\"url\":\"https:\\\/\\\/superseeds.dk\\\/wp-content\\\/uploads\\\/2025\\\/09\\\/logo-superseeds.png\",\"contentUrl\":\"https:\\\/\\\/superseeds.dk\\\/wp-content\\\/uploads\\\/2025\\\/09\\\/logo-superseeds.png\",\"width\":180,\"height\":160,\"caption\":\"Superseeds.dk\"},\"image\":{\"@id\":\"https:\\\/\\\/super-seeds.se\\\/#\\\/schema\\\/logo\\\/image\\\/\"}}]}<\/script>\n<!-- \/ Yoast SEO plugin. -->","yoast_head_json":{"title":"CCELL\u00ae PS1 - Superseeds.dk","robots":{"index":"index","follow":"follow","max-snippet":"max-snippet:-1","max-image-preview":"max-image-preview:large","max-video-preview":"max-video-preview:-1"},"canonical":"https:\/\/superseeds.dk\/no\/produkt\/ccell-ps1\/","og_locale":"nb_NO","og_type":"article","og_title":"CCELL\u00ae PS1 - Superseeds.dk","og_description":"PS1 er verdens f\u00f8rste 2-i-1 dobbelt\u00a0vape patron\u00a0og koncentrat vaporizer med bobler. Dette batteri kan tr\u00e6kke fra begge patroner samtidigt   Knap aktiveret  H\u00f8jkvalitets printkort  PCTG Terpen-resistent hus og glasbobler  Str\u00f8m: Lav = Bl\u00e5 (3,2V), Medium = Hvid (3,6V), H\u00f8j = R\u00f8d (4,0V)  Batterikapacitet: 1100mAh  St\u00f8rrelse: 58 mm (L) x 37,5 mm (B) x 151,1 mm (H)  Farve: B\u00f8rstet kobber  Pakke: 2 voksspoler, USB-oplader, 2 O-ringe, 1 Dummy-stikadapter, husenhed og glasbobler","og_url":"https:\/\/superseeds.dk\/no\/produkt\/ccell-ps1\/","og_site_name":"Superseeds.dk","article_modified_time":"2025-01-30T22:15:51+00:00","og_image":[{"width":1080,"height":1080,"url":"https:\/\/superseeds.dk\/wp-content\/uploads\/2025\/01\/CCELL\u00ae-PS1.png","type":"image\/png"}],"twitter_card":"summary_large_image","twitter_misc":{"Ansl. lesetid":"1 minutt"},"schema":{"@context":"https:\/\/schema.org","@graph":[{"@type":"WebPage","@id":"https:\/\/superseeds.dk\/vare\/ccell-ps1\/","url":"https:\/\/superseeds.dk\/vare\/ccell-ps1\/","name":"CCELL\u00ae PS1 - Superseeds.dk","isPartOf":{"@id":"https:\/\/super-seeds.se\/#website"},"primaryImageOfPage":{"@id":"https:\/\/superseeds.dk\/vare\/ccell-ps1\/#primaryimage"},"image":{"@id":"https:\/\/superseeds.dk\/vare\/ccell-ps1\/#primaryimage"},"thumbnailUrl":"https:\/\/superseeds.dk\/wp-content\/uploads\/2025\/01\/CCELL\u00ae-PS1.png","datePublished":"2025-01-30T22:15:49+00:00","dateModified":"2025-01-30T22:15:51+00:00","breadcrumb":{"@id":"https:\/\/superseeds.dk\/vare\/ccell-ps1\/#breadcrumb"},"inLanguage":"nb-NO","potentialAction":[{"@type":"ReadAction","target":["https:\/\/superseeds.dk\/vare\/ccell-ps1\/"]}]},{"@type":"ImageObject","inLanguage":"nb-NO","@id":"https:\/\/superseeds.dk\/vare\/ccell-ps1\/#primaryimage","url":"https:\/\/superseeds.dk\/wp-content\/uploads\/2025\/01\/CCELL\u00ae-PS1.png","contentUrl":"https:\/\/superseeds.dk\/wp-content\/uploads\/2025\/01\/CCELL\u00ae-PS1.png","width":1080,"height":1080},{"@type":"BreadcrumbList","@id":"https:\/\/superseeds.dk\/vare\/ccell-ps1\/#breadcrumb","itemListElement":[{"@type":"ListItem","position":1,"name":"Hjem","item":"https:\/\/superseeds.dk\/"},{"@type":"ListItem","position":2,"name":"Shop","item":"https:\/\/superseeds.dk\/no\/butikk\/"},{"@type":"ListItem","position":3,"name":"CCELL\u00ae PS1"}]},{"@type":"WebSite","@id":"https:\/\/super-seeds.se\/#website","url":"https:\/\/super-seeds.se\/","name":"Superseeds.com","description":"","publisher":{"@id":"https:\/\/super-seeds.se\/#organization"},"potentialAction":[{"@type":"SearchAction","target":{"@type":"EntryPoint","urlTemplate":"https:\/\/super-seeds.se\/?s={search_term_string}"},"query-input":{"@type":"PropertyValueSpecification","valueRequired":true,"valueName":"search_term_string"}}],"inLanguage":"nb-NO"},{"@type":"Organization","@id":"https:\/\/super-seeds.se\/#organization","name":"Superseeds.com","url":"https:\/\/super-seeds.se\/","logo":{"@type":"ImageObject","inLanguage":"nb-NO","@id":"https:\/\/super-seeds.se\/#\/schema\/logo\/image\/","url":"https:\/\/superseeds.dk\/wp-content\/uploads\/2025\/09\/logo-superseeds.png","contentUrl":"https:\/\/superseeds.dk\/wp-content\/uploads\/2025\/09\/logo-superseeds.png","width":180,"height":160,"caption":"Superseeds.dk"},"image":{"@id":"https:\/\/super-seeds.se\/#\/schema\/logo\/image\/"}}]}},"df_price":789,"df_sale_price":"","df_regular_price":789,"df_image_link":"https:\/\/superseeds.dk\/wp-content\/uploads\/2025\/01\/CCELL\u00ae-PS1-1024x1024.png","_links":{"self":[{"href":"https:\/\/superseeds.dk\/no\/wp-json\/wp\/v2\/product\/59151","targetHints":{"allow":["GET"]}}],"collection":[{"href":"https:\/\/superseeds.dk\/no\/wp-json\/wp\/v2\/product"}],"about":[{"href":"https:\/\/superseeds.dk\/no\/wp-json\/wp\/v2\/types\/product"}],"wp:featuredmedia":[{"embeddable":true,"href":"https:\/\/superseeds.dk\/no\/wp-json\/wp\/v2\/media\/59155"}],"wp:attachment":[{"href":"https:\/\/superseeds.dk\/no\/wp-json\/wp\/v2\/media?parent=59151"}],"wp:term":[{"taxonomy":"product_brand","embeddable":true,"href":"https:\/\/superseeds.dk\/no\/wp-json\/wp\/v2\/product_brand?post=59151"},{"taxonomy":"product_cat","embeddable":true,"href":"https:\/\/superseeds.dk\/no\/wp-json\/wp\/v2\/product_cat?post=59151"},{"taxonomy":"product_tag","embeddable":true,"href":"https:\/\/superseeds.dk\/no\/wp-json\/wp\/v2\/product_tag?post=59151"}],"curies":[{"name":"wp","href":"https:\/\/api.w.org\/{rel}","templated":true}]}}