{"id":59076,"date":"2025-01-30T23:14:55","date_gmt":"2025-01-30T22:14:55","guid":{"rendered":"https:\/\/superseeds.dk\/vare\/greengo-king-size-slim-hamp\/"},"modified":"2025-01-30T23:14:58","modified_gmt":"2025-01-30T22:14:58","slug":"greengo-king-size-slim-hamp","status":"publish","type":"product","link":"https:\/\/superseeds.dk\/no\/produkt\/greengo-king-size-slim-hamp\/","title":{"rendered":"Greengo &#8211; King Size Slim Hamp"},"content":{"rendered":"<p>Greengo Hemp King Size Slim er et mere b\u00e6redygtigt jointpapir end det traditionelle jointpapir lavet af tr\u00e6pulp, da det er lavet af 100% organisk hamp fra Europa. Hamp er langt mere b\u00e6redygtigt end tr\u00e6 takket v\u00e6re dens korte dyrkningsperiode, som betyder at man over en periode p\u00e5 20 \u00e5r vil kunne producere 4-10 gange s\u00e5 meget papir p\u00e5 et givent areal end hvis man havde anvendt tr\u00e6 p\u00e5 samme areal. At hampen er organisk betyder, at den er dyrket uden nogle former for kemiske pesticider.<\/p>\n<p>Indpakningen er lavet af FSC-certificeret tr\u00e6, dvs. at tr\u00e6erne kommer fra ansvarligt drevne skove, hvor der ikke f\u00e6ldes mere tr\u00e6 end der kan n\u00e5s at reproduceres.<\/p>\n<p>Selve jointpapiret har en tykkelse p\u00e5 14g\/m2 og m\u00e5ler 110 x 44 mm &#8211; fuldst\u00e6ndig ligesom Greengo King Size Slim. Limen er lavet af 100% Arabic Gum, hvilket er et klistret stof der er lavet af den naturlige harpiks fra akacietr\u00e6er.<\/p>","protected":false},"excerpt":{"rendered":"<p>Greengo Hemp King Size Slim er et mere b\u00e6redygtigt jointpapir end det traditionelle jointpapir lavet af tr\u00e6pulp, da det er lavet af 100% organisk hamp fra Europa.<\/p>","protected":false},"featured_media":59083,"template":"","meta":{"_acf_changed":false},"product_brand":[],"product_cat":[1995,1986,1996,1803,1795],"product_tag":[],"class_list":{"0":"post-59076","1":"product","2":"type-product","3":"status-publish","4":"has-post-thumbnail","6":"product_cat-greengo","7":"product_cat-papir-og-filter","8":"product_cat-rulle-papir","9":"product_cat-rygegrej","10":"product_cat-headshop","11":"pa_antal-1-stk","12":"pa_antal-10-stk","13":"pa_antal-50-stk","15":"first","16":"instock","17":"taxable","18":"shipping-taxable","19":"purchasable","20":"product-type-variable","21":"wvs-archive-product-wrapper"},"acf":[],"yoast_head":"<!-- This site is optimized with the Yoast SEO plugin v26.9 - https:\/\/yoast.com\/product\/yoast-seo-wordpress\/ -->\n<title>Greengo - King Size Slim Hamp - Superseeds.dk<\/title>\n<meta name=\"robots\" content=\"index, follow, max-snippet:-1, max-image-preview:large, max-video-preview:-1\" \/>\n<link rel=\"canonical\" href=\"https:\/\/superseeds.dk\/no\/produkt\/greengo-king-size-slim-hamp\/\" \/>\n<meta property=\"og:locale\" content=\"nb_NO\" \/>\n<meta property=\"og:type\" content=\"article\" \/>\n<meta property=\"og:title\" content=\"Greengo - King Size Slim Hamp - Superseeds.dk\" \/>\n<meta property=\"og:description\" content=\"Greengo Hemp King Size Slim er et mere b\u00e6redygtigt jointpapir end det traditionelle jointpapir lavet af tr\u00e6pulp, da det er lavet af 100% organisk hamp fra Europa.\" \/>\n<meta property=\"og:url\" content=\"https:\/\/superseeds.dk\/no\/produkt\/greengo-king-size-slim-hamp\/\" \/>\n<meta property=\"og:site_name\" content=\"Superseeds.dk\" \/>\n<meta property=\"article:modified_time\" content=\"2025-01-30T22:14:58+00:00\" \/>\n<meta property=\"og:image\" content=\"https:\/\/superseeds.dk\/wp-content\/uploads\/2025\/01\/Greengo-\u2013-King-Size-Slim-Hamp.png\" \/>\n\t<meta property=\"og:image:width\" content=\"1080\" \/>\n\t<meta property=\"og:image:height\" content=\"1080\" \/>\n\t<meta property=\"og:image:type\" content=\"image\/png\" \/>\n<meta name=\"twitter:card\" content=\"summary_large_image\" \/>\n<meta name=\"twitter:label1\" content=\"Ansl. lesetid\" \/>\n\t<meta name=\"twitter:data1\" content=\"1 minutt\" \/>\n<script type=\"application\/ld+json\" class=\"yoast-schema-graph\">{\"@context\":\"https:\/\/schema.org\",\"@graph\":[{\"@type\":\"WebPage\",\"@id\":\"https:\/\/superseeds.dk\/vare\/greengo-king-size-slim-hamp\/\",\"url\":\"https:\/\/superseeds.dk\/vare\/greengo-king-size-slim-hamp\/\",\"name\":\"Greengo - King Size Slim Hamp - Superseeds.dk\",\"isPartOf\":{\"@id\":\"https:\/\/super-seeds.se\/#website\"},\"primaryImageOfPage\":{\"@id\":\"https:\/\/superseeds.dk\/vare\/greengo-king-size-slim-hamp\/#primaryimage\"},\"image\":{\"@id\":\"https:\/\/superseeds.dk\/vare\/greengo-king-size-slim-hamp\/#primaryimage\"},\"thumbnailUrl\":\"https:\/\/superseeds.dk\/wp-content\/uploads\/2025\/01\/Greengo-\u2013-King-Size-Slim-Hamp.png\",\"datePublished\":\"2025-01-30T22:14:55+00:00\",\"dateModified\":\"2025-01-30T22:14:58+00:00\",\"breadcrumb\":{\"@id\":\"https:\/\/superseeds.dk\/vare\/greengo-king-size-slim-hamp\/#breadcrumb\"},\"inLanguage\":\"nb-NO\",\"potentialAction\":[{\"@type\":\"ReadAction\",\"target\":[\"https:\/\/superseeds.dk\/vare\/greengo-king-size-slim-hamp\/\"]}]},{\"@type\":\"ImageObject\",\"inLanguage\":\"nb-NO\",\"@id\":\"https:\/\/superseeds.dk\/vare\/greengo-king-size-slim-hamp\/#primaryimage\",\"url\":\"https:\/\/superseeds.dk\/wp-content\/uploads\/2025\/01\/Greengo-\u2013-King-Size-Slim-Hamp.png\",\"contentUrl\":\"https:\/\/superseeds.dk\/wp-content\/uploads\/2025\/01\/Greengo-\u2013-King-Size-Slim-Hamp.png\",\"width\":1080,\"height\":1080},{\"@type\":\"BreadcrumbList\",\"@id\":\"https:\/\/superseeds.dk\/vare\/greengo-king-size-slim-hamp\/#breadcrumb\",\"itemListElement\":[{\"@type\":\"ListItem\",\"position\":1,\"name\":\"Hjem\",\"item\":\"https:\/\/superseeds.dk\/\"},{\"@type\":\"ListItem\",\"position\":2,\"name\":\"Shop\",\"item\":\"https:\/\/superseeds.dk\/no\/butikk\/\"},{\"@type\":\"ListItem\",\"position\":3,\"name\":\"Greengo &#8211; King Size Slim Hamp\"}]},{\"@type\":\"WebSite\",\"@id\":\"https:\/\/super-seeds.se\/#website\",\"url\":\"https:\/\/super-seeds.se\/\",\"name\":\"Superseeds.dk\",\"description\":\"\",\"publisher\":{\"@id\":\"https:\/\/super-seeds.se\/#organization\"},\"potentialAction\":[{\"@type\":\"SearchAction\",\"target\":{\"@type\":\"EntryPoint\",\"urlTemplate\":\"https:\/\/super-seeds.se\/?s={search_term_string}\"},\"query-input\":{\"@type\":\"PropertyValueSpecification\",\"valueRequired\":true,\"valueName\":\"search_term_string\"}}],\"inLanguage\":\"nb-NO\"},{\"@type\":\"Organization\",\"@id\":\"https:\/\/super-seeds.se\/#organization\",\"name\":\"Superseeds.dk\",\"url\":\"https:\/\/super-seeds.se\/\",\"logo\":{\"@type\":\"ImageObject\",\"inLanguage\":\"nb-NO\",\"@id\":\"https:\/\/super-seeds.se\/#\/schema\/logo\/image\/\",\"url\":\"https:\/\/superseeds.dk\/wp-content\/uploads\/2025\/09\/logo-superseeds.png\",\"contentUrl\":\"https:\/\/superseeds.dk\/wp-content\/uploads\/2025\/09\/logo-superseeds.png\",\"width\":180,\"height\":160,\"caption\":\"Superseeds.dk\"},\"image\":{\"@id\":\"https:\/\/super-seeds.se\/#\/schema\/logo\/image\/\"}}]}<\/script>\n<!-- \/ Yoast SEO plugin. -->","yoast_head_json":{"title":"Greengo - King Size Slim Hamp - Superseeds.dk","robots":{"index":"index","follow":"follow","max-snippet":"max-snippet:-1","max-image-preview":"max-image-preview:large","max-video-preview":"max-video-preview:-1"},"canonical":"https:\/\/superseeds.dk\/no\/produkt\/greengo-king-size-slim-hamp\/","og_locale":"nb_NO","og_type":"article","og_title":"Greengo - King Size Slim Hamp - Superseeds.dk","og_description":"Greengo Hemp King Size Slim er et mere b\u00e6redygtigt jointpapir end det traditionelle jointpapir lavet af tr\u00e6pulp, da det er lavet af 100% organisk hamp fra Europa.","og_url":"https:\/\/superseeds.dk\/no\/produkt\/greengo-king-size-slim-hamp\/","og_site_name":"Superseeds.dk","article_modified_time":"2025-01-30T22:14:58+00:00","og_image":[{"width":1080,"height":1080,"url":"https:\/\/superseeds.dk\/wp-content\/uploads\/2025\/01\/Greengo-\u2013-King-Size-Slim-Hamp.png","type":"image\/png"}],"twitter_card":"summary_large_image","twitter_misc":{"Ansl. lesetid":"1 minutt"},"schema":{"@context":"https:\/\/schema.org","@graph":[{"@type":"WebPage","@id":"https:\/\/superseeds.dk\/vare\/greengo-king-size-slim-hamp\/","url":"https:\/\/superseeds.dk\/vare\/greengo-king-size-slim-hamp\/","name":"Greengo - King Size Slim Hamp - Superseeds.dk","isPartOf":{"@id":"https:\/\/super-seeds.se\/#website"},"primaryImageOfPage":{"@id":"https:\/\/superseeds.dk\/vare\/greengo-king-size-slim-hamp\/#primaryimage"},"image":{"@id":"https:\/\/superseeds.dk\/vare\/greengo-king-size-slim-hamp\/#primaryimage"},"thumbnailUrl":"https:\/\/superseeds.dk\/wp-content\/uploads\/2025\/01\/Greengo-\u2013-King-Size-Slim-Hamp.png","datePublished":"2025-01-30T22:14:55+00:00","dateModified":"2025-01-30T22:14:58+00:00","breadcrumb":{"@id":"https:\/\/superseeds.dk\/vare\/greengo-king-size-slim-hamp\/#breadcrumb"},"inLanguage":"nb-NO","potentialAction":[{"@type":"ReadAction","target":["https:\/\/superseeds.dk\/vare\/greengo-king-size-slim-hamp\/"]}]},{"@type":"ImageObject","inLanguage":"nb-NO","@id":"https:\/\/superseeds.dk\/vare\/greengo-king-size-slim-hamp\/#primaryimage","url":"https:\/\/superseeds.dk\/wp-content\/uploads\/2025\/01\/Greengo-\u2013-King-Size-Slim-Hamp.png","contentUrl":"https:\/\/superseeds.dk\/wp-content\/uploads\/2025\/01\/Greengo-\u2013-King-Size-Slim-Hamp.png","width":1080,"height":1080},{"@type":"BreadcrumbList","@id":"https:\/\/superseeds.dk\/vare\/greengo-king-size-slim-hamp\/#breadcrumb","itemListElement":[{"@type":"ListItem","position":1,"name":"Hjem","item":"https:\/\/superseeds.dk\/"},{"@type":"ListItem","position":2,"name":"Shop","item":"https:\/\/superseeds.dk\/no\/butikk\/"},{"@type":"ListItem","position":3,"name":"Greengo &#8211; King Size Slim Hamp"}]},{"@type":"WebSite","@id":"https:\/\/super-seeds.se\/#website","url":"https:\/\/super-seeds.se\/","name":"Superseeds.com","description":"","publisher":{"@id":"https:\/\/super-seeds.se\/#organization"},"potentialAction":[{"@type":"SearchAction","target":{"@type":"EntryPoint","urlTemplate":"https:\/\/super-seeds.se\/?s={search_term_string}"},"query-input":{"@type":"PropertyValueSpecification","valueRequired":true,"valueName":"search_term_string"}}],"inLanguage":"nb-NO"},{"@type":"Organization","@id":"https:\/\/super-seeds.se\/#organization","name":"Superseeds.com","url":"https:\/\/super-seeds.se\/","logo":{"@type":"ImageObject","inLanguage":"nb-NO","@id":"https:\/\/super-seeds.se\/#\/schema\/logo\/image\/","url":"https:\/\/superseeds.dk\/wp-content\/uploads\/2025\/09\/logo-superseeds.png","contentUrl":"https:\/\/superseeds.dk\/wp-content\/uploads\/2025\/09\/logo-superseeds.png","width":180,"height":160,"caption":"Superseeds.dk"},"image":{"@id":"https:\/\/super-seeds.se\/#\/schema\/logo\/image\/"}}]}},"df_price":14,"df_sale_price":"","df_regular_price":14,"df_image_link":"https:\/\/superseeds.dk\/wp-content\/uploads\/2025\/01\/Greengo-\u2013-King-Size-Slim-Hamp-1024x1024.png","_links":{"self":[{"href":"https:\/\/superseeds.dk\/no\/wp-json\/wp\/v2\/product\/59076","targetHints":{"allow":["GET"]}}],"collection":[{"href":"https:\/\/superseeds.dk\/no\/wp-json\/wp\/v2\/product"}],"about":[{"href":"https:\/\/superseeds.dk\/no\/wp-json\/wp\/v2\/types\/product"}],"wp:featuredmedia":[{"embeddable":true,"href":"https:\/\/superseeds.dk\/no\/wp-json\/wp\/v2\/media\/59083"}],"wp:attachment":[{"href":"https:\/\/superseeds.dk\/no\/wp-json\/wp\/v2\/media?parent=59076"}],"wp:term":[{"taxonomy":"product_brand","embeddable":true,"href":"https:\/\/superseeds.dk\/no\/wp-json\/wp\/v2\/product_brand?post=59076"},{"taxonomy":"product_cat","embeddable":true,"href":"https:\/\/superseeds.dk\/no\/wp-json\/wp\/v2\/product_cat?post=59076"},{"taxonomy":"product_tag","embeddable":true,"href":"https:\/\/superseeds.dk\/no\/wp-json\/wp\/v2\/product_tag?post=59076"}],"curies":[{"name":"wp","href":"https:\/\/api.w.org\/{rel}","templated":true}]}}