{"id":59063,"date":"2025-01-30T23:14:50","date_gmt":"2025-01-30T22:14:50","guid":{"rendered":"https:\/\/superseeds.dk\/vare\/black-leaf-glas-rig-m-perkolator\/"},"modified":"2025-01-30T23:14:54","modified_gmt":"2025-01-30T22:14:54","slug":"black-leaf-glas-rig-m-perkolator","status":"publish","type":"product","link":"https:\/\/superseeds.dk\/no\/produkt\/black-leaf-glas-rig-m-perkolator\/","title":{"rendered":"Black Leaf glas rig m. Perkolator"},"content":{"rendered":"<p>S\u00f8d, robust miniglasbobler fra Black Leaf\u00ae med pastelfarvede elementer og en tromleperkolator. Sidstn\u00e6vnte sikrer god afk\u00f8ling samt filtrering af r\u00f8gen gennem luft- og vandturbulensen.<\/p>\n<p>&nbsp;<\/p>\n<p>\u2714\ufe0f\ufe0f Mini, men meget effektiv<\/p>\n<p>&nbsp;<\/p>\n<p>\u2714\ufe0f\ufe0f Kr\u00e6ver lidt plads p\u00e5 hylden<\/p>\n<p>&nbsp;<\/p>\n<p>\u2714\ufe0f\ufe0f Velegnet til dabbing<\/p>\n<p>&nbsp;<\/p>\n<p>Glashovedet, som du tr\u00e6kker op med lift-off metoden under det sidste sug, har en stor passage. Vi anbefaler at bruge rist til det medf\u00f8lgende hoved.<\/p>\n<p>Den praktiske pibe er ogs\u00e5 perfekt til at ryge ekstrakter som voks og olie. For at g\u00f8re dette skal du blot udskifte glashovedet med en matchende banger- eller oliesk\u00e5l (SG 14) &#8211; og en yndig dabrig er klar!<\/p>\n<p>Materiale: Borosilikatglas<br \/>\nFarve: Forskellige farver<br \/>\nH\u00f8jde: 138 mm<br \/>\nDiameter: 73\/22 mm<br \/>\nGrindSG 14 (14,5 mm)<\/p>","protected":false},"excerpt":{"rendered":"<p>S\u00f8d, robust miniglasbobler fra Black Leaf\u00ae med pastelfarvede elementer og en tromleperkolator. Sidstn\u00e6vnte sikrer god afk\u00f8ling samt filtrering af r\u00f8gen gennem luft- og vandturbulensen.<\/p>","protected":false},"featured_media":59074,"template":"","meta":{"_acf_changed":false},"product_brand":[],"product_cat":[1990,1991,1803,1795],"product_tag":[],"class_list":{"0":"post-59063","1":"product","2":"type-product","3":"status-publish","4":"has-post-thumbnail","6":"product_cat-bonger","7":"product_cat-bonger-dab-rigs","8":"product_cat-rygegrej","9":"product_cat-headshop","10":"pa_farve-groen","11":"pa_farve-guld","12":"pa_farve-lys-blaa","14":"first","15":"instock","16":"taxable","17":"shipping-taxable","18":"purchasable","19":"product-type-variable","20":"wvs-archive-product-wrapper"},"acf":[],"yoast_head":"<!-- This site is optimized with the Yoast SEO plugin v26.9 - https:\/\/yoast.com\/product\/yoast-seo-wordpress\/ -->\n<title>Black Leaf glas rig m. Perkolator - Superseeds.dk<\/title>\n<meta name=\"robots\" content=\"index, follow, max-snippet:-1, max-image-preview:large, max-video-preview:-1\" \/>\n<link rel=\"canonical\" href=\"https:\/\/superseeds.dk\/no\/produkt\/black-leaf-glas-rig-m-perkolator\/\" \/>\n<meta property=\"og:locale\" content=\"nb_NO\" \/>\n<meta property=\"og:type\" content=\"article\" \/>\n<meta property=\"og:title\" content=\"Black Leaf glas rig m. Perkolator - Superseeds.dk\" \/>\n<meta property=\"og:description\" content=\"S\u00f8d, robust miniglasbobler fra Black Leaf\u00ae med pastelfarvede elementer og en tromleperkolator. Sidstn\u00e6vnte sikrer god afk\u00f8ling samt filtrering af r\u00f8gen gennem luft- og vandturbulensen.\" \/>\n<meta property=\"og:url\" content=\"https:\/\/superseeds.dk\/no\/produkt\/black-leaf-glas-rig-m-perkolator\/\" \/>\n<meta property=\"og:site_name\" content=\"Superseeds.dk\" \/>\n<meta property=\"article:modified_time\" content=\"2025-01-30T22:14:54+00:00\" \/>\n<meta property=\"og:image\" content=\"https:\/\/superseeds.dk\/wp-content\/uploads\/2025\/01\/Black-Leaf-glas-rig-m.-Perkolator.png\" \/>\n\t<meta property=\"og:image:width\" content=\"1080\" \/>\n\t<meta property=\"og:image:height\" content=\"1080\" \/>\n\t<meta property=\"og:image:type\" content=\"image\/png\" \/>\n<meta name=\"twitter:card\" content=\"summary_large_image\" \/>\n<meta name=\"twitter:label1\" content=\"Ansl. lesetid\" \/>\n\t<meta name=\"twitter:data1\" content=\"1 minutt\" \/>\n<script type=\"application\/ld+json\" class=\"yoast-schema-graph\">{\"@context\":\"https:\/\/schema.org\",\"@graph\":[{\"@type\":\"WebPage\",\"@id\":\"https:\/\/superseeds.dk\/vare\/black-leaf-glas-rig-m-perkolator\/\",\"url\":\"https:\/\/superseeds.dk\/vare\/black-leaf-glas-rig-m-perkolator\/\",\"name\":\"Black Leaf glas rig m. Perkolator - Superseeds.dk\",\"isPartOf\":{\"@id\":\"https:\/\/super-seeds.se\/#website\"},\"primaryImageOfPage\":{\"@id\":\"https:\/\/superseeds.dk\/vare\/black-leaf-glas-rig-m-perkolator\/#primaryimage\"},\"image\":{\"@id\":\"https:\/\/superseeds.dk\/vare\/black-leaf-glas-rig-m-perkolator\/#primaryimage\"},\"thumbnailUrl\":\"https:\/\/superseeds.dk\/wp-content\/uploads\/2025\/01\/Black-Leaf-glas-rig-m.-Perkolator.png\",\"datePublished\":\"2025-01-30T22:14:50+00:00\",\"dateModified\":\"2025-01-30T22:14:54+00:00\",\"breadcrumb\":{\"@id\":\"https:\/\/superseeds.dk\/vare\/black-leaf-glas-rig-m-perkolator\/#breadcrumb\"},\"inLanguage\":\"nb-NO\",\"potentialAction\":[{\"@type\":\"ReadAction\",\"target\":[\"https:\/\/superseeds.dk\/vare\/black-leaf-glas-rig-m-perkolator\/\"]}]},{\"@type\":\"ImageObject\",\"inLanguage\":\"nb-NO\",\"@id\":\"https:\/\/superseeds.dk\/vare\/black-leaf-glas-rig-m-perkolator\/#primaryimage\",\"url\":\"https:\/\/superseeds.dk\/wp-content\/uploads\/2025\/01\/Black-Leaf-glas-rig-m.-Perkolator.png\",\"contentUrl\":\"https:\/\/superseeds.dk\/wp-content\/uploads\/2025\/01\/Black-Leaf-glas-rig-m.-Perkolator.png\",\"width\":1080,\"height\":1080},{\"@type\":\"BreadcrumbList\",\"@id\":\"https:\/\/superseeds.dk\/vare\/black-leaf-glas-rig-m-perkolator\/#breadcrumb\",\"itemListElement\":[{\"@type\":\"ListItem\",\"position\":1,\"name\":\"Hjem\",\"item\":\"https:\/\/superseeds.dk\/\"},{\"@type\":\"ListItem\",\"position\":2,\"name\":\"Shop\",\"item\":\"https:\/\/superseeds.dk\/no\/butikk\/\"},{\"@type\":\"ListItem\",\"position\":3,\"name\":\"Black Leaf glas rig m. Perkolator\"}]},{\"@type\":\"WebSite\",\"@id\":\"https:\/\/super-seeds.se\/#website\",\"url\":\"https:\/\/super-seeds.se\/\",\"name\":\"Superseeds.dk\",\"description\":\"\",\"publisher\":{\"@id\":\"https:\/\/super-seeds.se\/#organization\"},\"potentialAction\":[{\"@type\":\"SearchAction\",\"target\":{\"@type\":\"EntryPoint\",\"urlTemplate\":\"https:\/\/super-seeds.se\/?s={search_term_string}\"},\"query-input\":{\"@type\":\"PropertyValueSpecification\",\"valueRequired\":true,\"valueName\":\"search_term_string\"}}],\"inLanguage\":\"nb-NO\"},{\"@type\":\"Organization\",\"@id\":\"https:\/\/super-seeds.se\/#organization\",\"name\":\"Superseeds.dk\",\"url\":\"https:\/\/super-seeds.se\/\",\"logo\":{\"@type\":\"ImageObject\",\"inLanguage\":\"nb-NO\",\"@id\":\"https:\/\/super-seeds.se\/#\/schema\/logo\/image\/\",\"url\":\"https:\/\/superseeds.dk\/wp-content\/uploads\/2025\/09\/logo-superseeds.png\",\"contentUrl\":\"https:\/\/superseeds.dk\/wp-content\/uploads\/2025\/09\/logo-superseeds.png\",\"width\":180,\"height\":160,\"caption\":\"Superseeds.dk\"},\"image\":{\"@id\":\"https:\/\/super-seeds.se\/#\/schema\/logo\/image\/\"}}]}<\/script>\n<!-- \/ Yoast SEO plugin. -->","yoast_head_json":{"title":"Black Leaf glas rig m. Perkolator - Superseeds.dk","robots":{"index":"index","follow":"follow","max-snippet":"max-snippet:-1","max-image-preview":"max-image-preview:large","max-video-preview":"max-video-preview:-1"},"canonical":"https:\/\/superseeds.dk\/no\/produkt\/black-leaf-glas-rig-m-perkolator\/","og_locale":"nb_NO","og_type":"article","og_title":"Black Leaf glas rig m. Perkolator - Superseeds.dk","og_description":"S\u00f8d, robust miniglasbobler fra Black Leaf\u00ae med pastelfarvede elementer og en tromleperkolator. Sidstn\u00e6vnte sikrer god afk\u00f8ling samt filtrering af r\u00f8gen gennem luft- og vandturbulensen.","og_url":"https:\/\/superseeds.dk\/no\/produkt\/black-leaf-glas-rig-m-perkolator\/","og_site_name":"Superseeds.dk","article_modified_time":"2025-01-30T22:14:54+00:00","og_image":[{"width":1080,"height":1080,"url":"https:\/\/superseeds.dk\/wp-content\/uploads\/2025\/01\/Black-Leaf-glas-rig-m.-Perkolator.png","type":"image\/png"}],"twitter_card":"summary_large_image","twitter_misc":{"Ansl. lesetid":"1 minutt"},"schema":{"@context":"https:\/\/schema.org","@graph":[{"@type":"WebPage","@id":"https:\/\/superseeds.dk\/vare\/black-leaf-glas-rig-m-perkolator\/","url":"https:\/\/superseeds.dk\/vare\/black-leaf-glas-rig-m-perkolator\/","name":"Black Leaf glas rig m. Perkolator - Superseeds.dk","isPartOf":{"@id":"https:\/\/super-seeds.se\/#website"},"primaryImageOfPage":{"@id":"https:\/\/superseeds.dk\/vare\/black-leaf-glas-rig-m-perkolator\/#primaryimage"},"image":{"@id":"https:\/\/superseeds.dk\/vare\/black-leaf-glas-rig-m-perkolator\/#primaryimage"},"thumbnailUrl":"https:\/\/superseeds.dk\/wp-content\/uploads\/2025\/01\/Black-Leaf-glas-rig-m.-Perkolator.png","datePublished":"2025-01-30T22:14:50+00:00","dateModified":"2025-01-30T22:14:54+00:00","breadcrumb":{"@id":"https:\/\/superseeds.dk\/vare\/black-leaf-glas-rig-m-perkolator\/#breadcrumb"},"inLanguage":"nb-NO","potentialAction":[{"@type":"ReadAction","target":["https:\/\/superseeds.dk\/vare\/black-leaf-glas-rig-m-perkolator\/"]}]},{"@type":"ImageObject","inLanguage":"nb-NO","@id":"https:\/\/superseeds.dk\/vare\/black-leaf-glas-rig-m-perkolator\/#primaryimage","url":"https:\/\/superseeds.dk\/wp-content\/uploads\/2025\/01\/Black-Leaf-glas-rig-m.-Perkolator.png","contentUrl":"https:\/\/superseeds.dk\/wp-content\/uploads\/2025\/01\/Black-Leaf-glas-rig-m.-Perkolator.png","width":1080,"height":1080},{"@type":"BreadcrumbList","@id":"https:\/\/superseeds.dk\/vare\/black-leaf-glas-rig-m-perkolator\/#breadcrumb","itemListElement":[{"@type":"ListItem","position":1,"name":"Hjem","item":"https:\/\/superseeds.dk\/"},{"@type":"ListItem","position":2,"name":"Shop","item":"https:\/\/superseeds.dk\/no\/butikk\/"},{"@type":"ListItem","position":3,"name":"Black Leaf glas rig m. Perkolator"}]},{"@type":"WebSite","@id":"https:\/\/super-seeds.se\/#website","url":"https:\/\/super-seeds.se\/","name":"Superseeds.com","description":"","publisher":{"@id":"https:\/\/super-seeds.se\/#organization"},"potentialAction":[{"@type":"SearchAction","target":{"@type":"EntryPoint","urlTemplate":"https:\/\/super-seeds.se\/?s={search_term_string}"},"query-input":{"@type":"PropertyValueSpecification","valueRequired":true,"valueName":"search_term_string"}}],"inLanguage":"nb-NO"},{"@type":"Organization","@id":"https:\/\/super-seeds.se\/#organization","name":"Superseeds.com","url":"https:\/\/super-seeds.se\/","logo":{"@type":"ImageObject","inLanguage":"nb-NO","@id":"https:\/\/super-seeds.se\/#\/schema\/logo\/image\/","url":"https:\/\/superseeds.dk\/wp-content\/uploads\/2025\/09\/logo-superseeds.png","contentUrl":"https:\/\/superseeds.dk\/wp-content\/uploads\/2025\/09\/logo-superseeds.png","width":180,"height":160,"caption":"Superseeds.dk"},"image":{"@id":"https:\/\/super-seeds.se\/#\/schema\/logo\/image\/"}}]}},"df_price":249.95,"df_sale_price":"","df_regular_price":249.95,"df_image_link":"https:\/\/superseeds.dk\/wp-content\/uploads\/2025\/01\/Black-Leaf-glas-rig-m.-Perkolator-1024x1024.png","_links":{"self":[{"href":"https:\/\/superseeds.dk\/no\/wp-json\/wp\/v2\/product\/59063","targetHints":{"allow":["GET"]}}],"collection":[{"href":"https:\/\/superseeds.dk\/no\/wp-json\/wp\/v2\/product"}],"about":[{"href":"https:\/\/superseeds.dk\/no\/wp-json\/wp\/v2\/types\/product"}],"wp:featuredmedia":[{"embeddable":true,"href":"https:\/\/superseeds.dk\/no\/wp-json\/wp\/v2\/media\/59074"}],"wp:attachment":[{"href":"https:\/\/superseeds.dk\/no\/wp-json\/wp\/v2\/media?parent=59063"}],"wp:term":[{"taxonomy":"product_brand","embeddable":true,"href":"https:\/\/superseeds.dk\/no\/wp-json\/wp\/v2\/product_brand?post=59063"},{"taxonomy":"product_cat","embeddable":true,"href":"https:\/\/superseeds.dk\/no\/wp-json\/wp\/v2\/product_cat?post=59063"},{"taxonomy":"product_tag","embeddable":true,"href":"https:\/\/superseeds.dk\/no\/wp-json\/wp\/v2\/product_tag?post=59063"}],"curies":[{"name":"wp","href":"https:\/\/api.w.org\/{rel}","templated":true}]}}