{"id":58934,"date":"2025-01-30T23:12:58","date_gmt":"2025-01-30T22:12:58","guid":{"rendered":"https:\/\/superseeds.dk\/vare\/growtent-hs100-u-premium-gro-telt-100x100x200-cm-sort\/"},"modified":"2025-01-30T23:13:01","modified_gmt":"2025-01-30T22:13:01","slug":"dyrkingstelt-hs100-u-premium-dyrkingstelt-100x100x200-cm-svart","status":"publish","type":"product","link":"https:\/\/superseeds.dk\/no\/produkt\/dyrkingstelt-hs100-u-premium-dyrkingstelt-100x100x200-cm-svart\/","title":{"rendered":"Growtent Black - Growtent (100x100x200 cm)"},"content":{"rendered":"<h2>Growtent HS100-U Premium Gro-telt - 100x100x200 cm - Svart<\/h2>\n<p><strong>Growtent HS100-U<\/strong> er ideelt for dyrkere som trenger et stort og robust dyrkingstelt for innend\u00f8rs dyrking. Teltet er laget av svart <strong>210D Oxford-stoff<\/strong> med et reflekterende s\u00f8lvbelegg som maksimerer lysfordelingen og skaper optimale vekstforhold for plantene dine.<\/p>\n<p>Med tre ventilasjons\u00e5pninger (2x200 mm og 1x100 mm) og et ventilasjonsvindu s\u00f8rger teltet for sunn luftsirkulasjon, noe som er avgj\u00f8rende for plantenes vekst. Teltrammen er laget av <strong>16 mm hvite r\u00f8r<\/strong> med svarte plastkoblinger, noe som sikrer stabilitet og holdbarhet. De to medf\u00f8lgende opphengsstengene gj\u00f8r det enkelt \u00e5 montere belysning, ventilasjonssystemer og andre dyrkingskomponenter.<\/p>\n<p>Dette grotteteltet er utstyrt med <strong>SBS-glidel\u00e5ser<\/strong> for enkel tilgang og lang levetid, og en gummilogo som sikrer f\u00f8rsteklasses kvalitet. <strong>Growtent HS100-U<\/strong> er ideell for dyrkere som trenger plass og effektivitet i et innend\u00f8rs dyrkingstelt.<\/p>\n<p>For en enkel installasjonsprosess kan du f\u00f8lge v\u00e5r <a href=\"path-to-your-pdf-file.pdf\" target=\"_blank\" rel=\"noopener\">Monteringsanvisning (PDF)<\/a>som inneholder en trinn-for-trinn-veiledning.<\/p>\n<p>For en detaljert installasjonsprosess kan du f\u00f8lge v\u00e5r <a style=\"font-weight: bold; text-decoration: underline;\" href=\"https:\/\/gro-lys.dk\/wp-content\/uploads\/2024\/10\/HS60-HS120.pdf\" target=\"_blank\" rel=\"noopener\">Monteringsanvisning (PDF)<\/a> som inneholder en enkel trinn-for-trinn-veiledning.<\/p>","protected":false},"excerpt":{"rendered":"<p><strong>Growtent HS100-U<\/strong> er et romslig dyrkingstelt av h\u00f8y kvalitet, laget av slitesterkt, svart 210D Oxford-stoff med s\u00f8lvf\u00f4r for bedre lysrefleksjon. Teltet har tre ventilasjons\u00e5pninger og et ventilasjonsvindu som s\u00f8rger for optimal luftsirkulasjon. Den robuste rammen med 16 mm hvite r\u00f8r og svarte plastkoblinger, samt to opphengsstenger, gj\u00f8r det enkelt \u00e5 sette opp utstyret ditt. Utstyrt med <strong>SBS-glidel\u00e5ser<\/strong> og en gummilogo for h\u00f8y kvalitet og holdbarhet.<\/p>\n<p>For en detaljert installasjonsprosess kan du f\u00f8lge v\u00e5r <a style=\"font-weight: bold; text-decoration: underline;\" href=\"https:\/\/gro-lys.dk\/wp-content\/uploads\/2024\/10\/HS60-HS120.pdf\" target=\"_blank\" rel=\"noopener\">Monteringsanvisning (PDF)<\/a> som inneholder en enkel trinn-for-trinn-veiledning.<\/p>","protected":false},"featured_media":58936,"template":"","meta":{"_acf_changed":false},"product_brand":[],"product_cat":[1982,1983,1849],"product_tag":[],"class_list":{"0":"post-58934","1":"product","2":"type-product","3":"status-publish","4":"has-post-thumbnail","6":"product_cat-growtent","7":"product_cat-growtent-sort","8":"product_cat-telte","9":"pa_farve-hvid","11":"first","12":"instock","13":"taxable","14":"shipping-taxable","15":"purchasable","16":"product-type-simple"},"acf":[],"yoast_head":"<!-- This site is optimized with the Yoast SEO plugin v26.9 - https:\/\/yoast.com\/product\/yoast-seo-wordpress\/ -->\n<title>Growtent Black \u2013 Grotelt (100x100x200 cm) - Superseeds.dk<\/title>\n<meta name=\"robots\" content=\"index, follow, max-snippet:-1, max-image-preview:large, max-video-preview:-1\" \/>\n<link rel=\"canonical\" href=\"https:\/\/superseeds.dk\/no\/produkt\/dyrkingstelt-hs100-u-premium-dyrkingstelt-100x100x200-cm-svart\/\" \/>\n<meta property=\"og:locale\" content=\"nb_NO\" \/>\n<meta property=\"og:type\" content=\"article\" \/>\n<meta property=\"og:title\" content=\"Growtent Black \u2013 Grotelt (100x100x200 cm) - Superseeds.dk\" \/>\n<meta property=\"og:description\" content=\"Growtent HS100-U er et rummeligt premium gro-telt, fremstillet af slidst\u00e6rkt sort 210D Oxford-stof med s\u00f8lvforing for forbedret lysreflektion. Teltet har tre ventilations\u00e5bninger og et ventilationsvindue, der sikrer optimal luftcirkulation. Det robuste stel med 16 mm hvide r\u00f8r og sorte plastforbindelser, samt to oph\u00e6ngsst\u00e6nger, g\u00f8r det nemt at ops\u00e6tte dit udstyr. Udstyret med SBS-lynl\u00e5se og et gummi-logo for h\u00f8j kvalitet og holdbarhed.  For en detaljeret ops\u00e6tningsproces, kan du f\u00f8lge vores samlevejledning (PDF) som indeholder en nem trin-for-trin guide.\" \/>\n<meta property=\"og:url\" content=\"https:\/\/superseeds.dk\/no\/produkt\/dyrkingstelt-hs100-u-premium-dyrkingstelt-100x100x200-cm-svart\/\" \/>\n<meta property=\"og:site_name\" content=\"Superseeds.dk\" \/>\n<meta property=\"article:modified_time\" content=\"2025-01-30T22:13:01+00:00\" \/>\n<meta property=\"og:image\" content=\"https:\/\/superseeds.dk\/wp-content\/uploads\/2025\/01\/HS100-U-Tent.png\" \/>\n\t<meta property=\"og:image:width\" content=\"1080\" \/>\n\t<meta property=\"og:image:height\" content=\"1080\" \/>\n\t<meta property=\"og:image:type\" content=\"image\/png\" \/>\n<meta name=\"twitter:card\" content=\"summary_large_image\" \/>\n<meta name=\"twitter:label1\" content=\"Ansl. lesetid\" \/>\n\t<meta name=\"twitter:data1\" content=\"1 minutt\" \/>\n<script type=\"application\/ld+json\" class=\"yoast-schema-graph\">{\"@context\":\"https:\/\/schema.org\",\"@graph\":[{\"@type\":\"WebPage\",\"@id\":\"https:\/\/superseeds.dk\/vare\/growtent-hs100-u-premium-gro-telt-100x100x200-cm-sort\/\",\"url\":\"https:\/\/superseeds.dk\/vare\/growtent-hs100-u-premium-gro-telt-100x100x200-cm-sort\/\",\"name\":\"Growtent Black \u2013 Grotelt (100x100x200 cm) - Superseeds.dk\",\"isPartOf\":{\"@id\":\"https:\/\/super-seeds.se\/#website\"},\"primaryImageOfPage\":{\"@id\":\"https:\/\/superseeds.dk\/vare\/growtent-hs100-u-premium-gro-telt-100x100x200-cm-sort\/#primaryimage\"},\"image\":{\"@id\":\"https:\/\/superseeds.dk\/vare\/growtent-hs100-u-premium-gro-telt-100x100x200-cm-sort\/#primaryimage\"},\"thumbnailUrl\":\"https:\/\/superseeds.dk\/wp-content\/uploads\/2025\/01\/HS100-U-Tent.png\",\"datePublished\":\"2025-01-30T22:12:58+00:00\",\"dateModified\":\"2025-01-30T22:13:01+00:00\",\"breadcrumb\":{\"@id\":\"https:\/\/superseeds.dk\/vare\/growtent-hs100-u-premium-gro-telt-100x100x200-cm-sort\/#breadcrumb\"},\"inLanguage\":\"nb-NO\",\"potentialAction\":[{\"@type\":\"ReadAction\",\"target\":[\"https:\/\/superseeds.dk\/vare\/growtent-hs100-u-premium-gro-telt-100x100x200-cm-sort\/\"]}]},{\"@type\":\"ImageObject\",\"inLanguage\":\"nb-NO\",\"@id\":\"https:\/\/superseeds.dk\/vare\/growtent-hs100-u-premium-gro-telt-100x100x200-cm-sort\/#primaryimage\",\"url\":\"https:\/\/superseeds.dk\/wp-content\/uploads\/2025\/01\/HS100-U-Tent.png\",\"contentUrl\":\"https:\/\/superseeds.dk\/wp-content\/uploads\/2025\/01\/HS100-U-Tent.png\",\"width\":1080,\"height\":1080},{\"@type\":\"BreadcrumbList\",\"@id\":\"https:\/\/superseeds.dk\/vare\/growtent-hs100-u-premium-gro-telt-100x100x200-cm-sort\/#breadcrumb\",\"itemListElement\":[{\"@type\":\"ListItem\",\"position\":1,\"name\":\"Hjem\",\"item\":\"https:\/\/superseeds.dk\/\"},{\"@type\":\"ListItem\",\"position\":2,\"name\":\"Shop\",\"item\":\"https:\/\/superseeds.dk\/no\/butikk\/\"},{\"@type\":\"ListItem\",\"position\":3,\"name\":\"Growtent Black \u2013 Grotelt (100x100x200 cm)\"}]},{\"@type\":\"WebSite\",\"@id\":\"https:\/\/super-seeds.se\/#website\",\"url\":\"https:\/\/super-seeds.se\/\",\"name\":\"Superseeds.dk\",\"description\":\"\",\"publisher\":{\"@id\":\"https:\/\/super-seeds.se\/#organization\"},\"potentialAction\":[{\"@type\":\"SearchAction\",\"target\":{\"@type\":\"EntryPoint\",\"urlTemplate\":\"https:\/\/super-seeds.se\/?s={search_term_string}\"},\"query-input\":{\"@type\":\"PropertyValueSpecification\",\"valueRequired\":true,\"valueName\":\"search_term_string\"}}],\"inLanguage\":\"nb-NO\"},{\"@type\":\"Organization\",\"@id\":\"https:\/\/super-seeds.se\/#organization\",\"name\":\"Superseeds.dk\",\"url\":\"https:\/\/super-seeds.se\/\",\"logo\":{\"@type\":\"ImageObject\",\"inLanguage\":\"nb-NO\",\"@id\":\"https:\/\/super-seeds.se\/#\/schema\/logo\/image\/\",\"url\":\"https:\/\/superseeds.dk\/wp-content\/uploads\/2025\/09\/logo-superseeds.png\",\"contentUrl\":\"https:\/\/superseeds.dk\/wp-content\/uploads\/2025\/09\/logo-superseeds.png\",\"width\":180,\"height\":160,\"caption\":\"Superseeds.dk\"},\"image\":{\"@id\":\"https:\/\/super-seeds.se\/#\/schema\/logo\/image\/\"}}]}<\/script>\n<!-- \/ Yoast SEO plugin. -->","yoast_head_json":{"title":"Growtent Black - Growtent (100x100x200 cm) - Superseeds.dk","robots":{"index":"index","follow":"follow","max-snippet":"max-snippet:-1","max-image-preview":"max-image-preview:large","max-video-preview":"max-video-preview:-1"},"canonical":"https:\/\/superseeds.dk\/no\/produkt\/dyrkingstelt-hs100-u-premium-dyrkingstelt-100x100x200-cm-svart\/","og_locale":"nb_NO","og_type":"article","og_title":"Growtent Black \u2013 Grotelt (100x100x200 cm) - Superseeds.dk","og_description":"Growtent HS100-U er et rummeligt premium gro-telt, fremstillet af slidst\u00e6rkt sort 210D Oxford-stof med s\u00f8lvforing for forbedret lysreflektion. Teltet har tre ventilations\u00e5bninger og et ventilationsvindue, der sikrer optimal luftcirkulation. Det robuste stel med 16 mm hvide r\u00f8r og sorte plastforbindelser, samt to oph\u00e6ngsst\u00e6nger, g\u00f8r det nemt at ops\u00e6tte dit udstyr. Udstyret med SBS-lynl\u00e5se og et gummi-logo for h\u00f8j kvalitet og holdbarhed.  For en detaljeret ops\u00e6tningsproces, kan du f\u00f8lge vores samlevejledning (PDF) som indeholder en nem trin-for-trin guide.","og_url":"https:\/\/superseeds.dk\/no\/produkt\/dyrkingstelt-hs100-u-premium-dyrkingstelt-100x100x200-cm-svart\/","og_site_name":"Superseeds.dk","article_modified_time":"2025-01-30T22:13:01+00:00","og_image":[{"width":1080,"height":1080,"url":"https:\/\/superseeds.dk\/wp-content\/uploads\/2025\/01\/HS100-U-Tent.png","type":"image\/png"}],"twitter_card":"summary_large_image","twitter_misc":{"Ansl. lesetid":"1 minutt"},"schema":{"@context":"https:\/\/schema.org","@graph":[{"@type":"WebPage","@id":"https:\/\/superseeds.dk\/vare\/growtent-hs100-u-premium-gro-telt-100x100x200-cm-sort\/","url":"https:\/\/superseeds.dk\/vare\/growtent-hs100-u-premium-gro-telt-100x100x200-cm-sort\/","name":"Growtent Black - Growtent (100x100x200 cm) - Superseeds.dk","isPartOf":{"@id":"https:\/\/super-seeds.se\/#website"},"primaryImageOfPage":{"@id":"https:\/\/superseeds.dk\/vare\/growtent-hs100-u-premium-gro-telt-100x100x200-cm-sort\/#primaryimage"},"image":{"@id":"https:\/\/superseeds.dk\/vare\/growtent-hs100-u-premium-gro-telt-100x100x200-cm-sort\/#primaryimage"},"thumbnailUrl":"https:\/\/superseeds.dk\/wp-content\/uploads\/2025\/01\/HS100-U-Tent.png","datePublished":"2025-01-30T22:12:58+00:00","dateModified":"2025-01-30T22:13:01+00:00","breadcrumb":{"@id":"https:\/\/superseeds.dk\/vare\/growtent-hs100-u-premium-gro-telt-100x100x200-cm-sort\/#breadcrumb"},"inLanguage":"nb-NO","potentialAction":[{"@type":"ReadAction","target":["https:\/\/superseeds.dk\/vare\/growtent-hs100-u-premium-gro-telt-100x100x200-cm-sort\/"]}]},{"@type":"ImageObject","inLanguage":"nb-NO","@id":"https:\/\/superseeds.dk\/vare\/growtent-hs100-u-premium-gro-telt-100x100x200-cm-sort\/#primaryimage","url":"https:\/\/superseeds.dk\/wp-content\/uploads\/2025\/01\/HS100-U-Tent.png","contentUrl":"https:\/\/superseeds.dk\/wp-content\/uploads\/2025\/01\/HS100-U-Tent.png","width":1080,"height":1080},{"@type":"BreadcrumbList","@id":"https:\/\/superseeds.dk\/vare\/growtent-hs100-u-premium-gro-telt-100x100x200-cm-sort\/#breadcrumb","itemListElement":[{"@type":"ListItem","position":1,"name":"Hjem","item":"https:\/\/superseeds.dk\/"},{"@type":"ListItem","position":2,"name":"Shop","item":"https:\/\/superseeds.dk\/no\/butikk\/"},{"@type":"ListItem","position":3,"name":"Growtent Black \u2013 Grotelt (100x100x200 cm)"}]},{"@type":"WebSite","@id":"https:\/\/super-seeds.se\/#website","url":"https:\/\/super-seeds.se\/","name":"Superseeds.com","description":"","publisher":{"@id":"https:\/\/super-seeds.se\/#organization"},"potentialAction":[{"@type":"SearchAction","target":{"@type":"EntryPoint","urlTemplate":"https:\/\/super-seeds.se\/?s={search_term_string}"},"query-input":{"@type":"PropertyValueSpecification","valueRequired":true,"valueName":"search_term_string"}}],"inLanguage":"nb-NO"},{"@type":"Organization","@id":"https:\/\/super-seeds.se\/#organization","name":"Superseeds.com","url":"https:\/\/super-seeds.se\/","logo":{"@type":"ImageObject","inLanguage":"nb-NO","@id":"https:\/\/super-seeds.se\/#\/schema\/logo\/image\/","url":"https:\/\/superseeds.dk\/wp-content\/uploads\/2025\/09\/logo-superseeds.png","contentUrl":"https:\/\/superseeds.dk\/wp-content\/uploads\/2025\/09\/logo-superseeds.png","width":180,"height":160,"caption":"Superseeds.dk"},"image":{"@id":"https:\/\/super-seeds.se\/#\/schema\/logo\/image\/"}}]}},"df_price":895,"df_sale_price":"","df_regular_price":895,"df_image_link":"https:\/\/superseeds.dk\/wp-content\/uploads\/2025\/01\/HS100-U-Tent-1024x1024.png","_links":{"self":[{"href":"https:\/\/superseeds.dk\/no\/wp-json\/wp\/v2\/product\/58934","targetHints":{"allow":["GET"]}}],"collection":[{"href":"https:\/\/superseeds.dk\/no\/wp-json\/wp\/v2\/product"}],"about":[{"href":"https:\/\/superseeds.dk\/no\/wp-json\/wp\/v2\/types\/product"}],"wp:featuredmedia":[{"embeddable":true,"href":"https:\/\/superseeds.dk\/no\/wp-json\/wp\/v2\/media\/58936"}],"wp:attachment":[{"href":"https:\/\/superseeds.dk\/no\/wp-json\/wp\/v2\/media?parent=58934"}],"wp:term":[{"taxonomy":"product_brand","embeddable":true,"href":"https:\/\/superseeds.dk\/no\/wp-json\/wp\/v2\/product_brand?post=58934"},{"taxonomy":"product_cat","embeddable":true,"href":"https:\/\/superseeds.dk\/no\/wp-json\/wp\/v2\/product_cat?post=58934"},{"taxonomy":"product_tag","embeddable":true,"href":"https:\/\/superseeds.dk\/no\/wp-json\/wp\/v2\/product_tag?post=58934"}],"curies":[{"name":"wp","href":"https:\/\/api.w.org\/{rel}","templated":true}]}}