{"id":58769,"date":"2025-01-30T23:04:14","date_gmt":"2025-01-30T22:04:14","guid":{"rendered":"https:\/\/superseeds.dk\/vare\/powder-feeding-bioenhancer\/"},"modified":"2025-06-11T11:07:59","modified_gmt":"2025-06-11T09:07:59","slug":"powder-feeding-bioenhancer","status":"publish","type":"product","link":"https:\/\/superseeds.dk\/no\/produkt\/powder-feeding-bioenhancer\/","title":{"rendered":"Powder Feeding &#8211; BioEnhancer"},"content":{"rendered":"<div class=\"description1\">\n<div class=\"Description_Productinfo\"><b><u>Brugsvejledning:<\/u><\/b><br \/>\nBland BioEnhancer med vand og anvend til planterne, n\u00e5r de vandes, en gang hver anden uge. Kan bruges i hele dyrkningsperioden (vegetativ v\u00e6kst og blomstring).<br \/>\nBrug BioEnhancer efter transplantation for bedre rod udvikling.<\/div>\n<div><\/div>\n<div class=\"Description_Productinfo\"><b><u><\/u><\/b><b><u>Dosis:<\/u><\/b><br \/>\nVandinger: \u00a0\u00a0\u00a0\u00a0\u00a0\u00a0\u00a0\u00a0\u00a0\u00a0\u00a0\u00a0\u00a0\u00a0\u00a0\u00a0\u00a0\u00a0\u00a0\u00a0\u00a0\u00a0\u00a0\u00a0\u00a0\u00a0\u00a0\u00a0\u00a0\u00a0\u00a0\u00a0\u00a0\u00a0 0,5-1g \/ L vand hver anden uge<br \/>\nBlad Spray: \u00a0\u00a0\u00a0\u00a0\u00a0 \u00a0\u00a0\u00a0\u00a0\u00a0\u00a0\u00a0\u00a0\u00a0\u00a0\u00a0\u00a0\u00a0\u00a0\u00a0\u00a0\u00a0\u00a0\u00a0\u00a0\u00a0\u00a0\u00a0\u00a0\u00a0\u00a0\u00a0\u00a0 3-5g \/ 10L<br \/>\nFr\u00f8behandling til spiring: \u00a0\u00a0\u00a0\u00a0\u00a0\u00a0 0,5-1 g \/ L vand<br \/>\n<i>Brug inden for 24 timer efter blanding!<\/i><\/div>\n<div><\/div>\n<div class=\"Description_Productinfo\"><b><\/b><b>Coco:<\/b>\u00a0Juster dit vands pH f\u00f8r tils\u00e6tning af BioEnhancer til 5,0<\/div>\n<\/div>\n<div class=\"description2\">\n<div><\/div>\n<div class=\"Description_Productinfo\"><b><i><u>TRICHODERMA HARZIANUM:<\/u><\/i><\/b><br \/>\nDenne svamp bruges til bek\u00e6mpelse af sygdomme for\u00e5rsaget af andre parasit\u00e6re svampe. Det forbedrer rodudviklingen og n\u00e6ringsoptagelsen ved at holde r\u00f8dderne sunde og fri for parasitiske svampe.<\/div>\n<div><\/div>\n<div class=\"Description_Productinfo\"><b><i><u>BACILLUS SUBTILIS:<\/u><\/i><\/b><br \/>\nDenne bakterie anvendes til biokontrol af patogener i substratet. Det styrer en stor mangfoldighed af patogener ved at konkurrere om n\u00e6ringsstoffer og rum. Det opl\u00f8ser ogs\u00e5 kv\u00e6lstof og fosfor ved nedbrydning af organisk materiale.<\/div>\n<\/div>\n<div><\/div>\n<div>GARANTERET ANALYSE<\/div>\n<div>\n<table class=\"short_table_ga\" width=\"478\" cellpadding=\"10\">\n<tbody>\n<tr>\n<td>Humic Acids + Seeweed Extract<\/td>\n<td><\/td>\n<\/tr>\n<tr>\n<td>Huminsyre<\/td>\n<td>75 %<\/td>\n<\/tr>\n<tr>\n<td>Fedvinsyre<\/td>\n<td>3 %<\/td>\n<\/tr>\n<tr>\n<td>Seeweed ekstrakt fra Ascophyllum nodosum<\/td>\n<td>10 %<\/td>\n<\/tr>\n<tr>\n<td>106 cfu \/ g Trichoderma harzianum<\/td>\n<td><\/td>\n<\/tr>\n<tr>\n<td>107 cfu \/ g Bacillus subtilise<\/td>\n<td><\/td>\n<\/tr>\n<tr>\n<td>PH<\/td>\n<td>9,3<\/td>\n<\/tr>\n<\/tbody>\n<\/table>\n<\/div>","protected":false},"excerpt":{"rendered":"<p>BioEnhancer er en blanding af humic syrer, tangekstrakt, Trichoderma harzianum stammer og Bacillus subtilis. Det \u00f8ger plantens vitalitet, og \u00f8ger optagelsen af \u200b\u200bn\u00e6ringsstoffer samt forbedrer jordens kvalitet.<\/p>","protected":false},"featured_media":64118,"template":"","meta":{"_acf_changed":false},"product_brand":[],"product_cat":[1981,1836],"product_tag":[],"class_list":{"0":"post-58769","1":"product","2":"type-product","3":"status-publish","4":"has-post-thumbnail","6":"product_cat-green-house-powder-feeding","7":"product_cat-plantegoedning","8":"pa_gram-1000-g","9":"pa_gram-125-g","10":"pa_gram-2500-g","11":"pa_gram-50-g","12":"pa_gram-500-g","14":"first","15":"onbackorder","16":"taxable","17":"shipping-taxable","18":"purchasable","19":"product-type-variable","20":"wvs-archive-product-wrapper"},"acf":[],"yoast_head":"<!-- This site is optimized with the Yoast SEO plugin v26.9 - https:\/\/yoast.com\/product\/yoast-seo-wordpress\/ -->\n<title>Powder Feeding - BioEnhancer - Superseeds.dk<\/title>\n<meta name=\"robots\" content=\"index, follow, max-snippet:-1, max-image-preview:large, max-video-preview:-1\" \/>\n<link rel=\"canonical\" href=\"https:\/\/superseeds.dk\/no\/produkt\/powder-feeding-bioenhancer\/\" \/>\n<meta property=\"og:locale\" content=\"nb_NO\" \/>\n<meta property=\"og:type\" content=\"article\" \/>\n<meta property=\"og:title\" content=\"Powder Feeding - BioEnhancer - Superseeds.dk\" \/>\n<meta property=\"og:description\" content=\"BioEnhancer er en blanding af humic syrer, tangekstrakt, Trichoderma harzianum stammer og Bacillus subtilis. Det \u00f8ger plantens vitalitet, og \u00f8ger optagelsen af \u200b\u200bn\u00e6ringsstoffer samt forbedrer jordens kvalitet.\" \/>\n<meta property=\"og:url\" content=\"https:\/\/superseeds.dk\/no\/produkt\/powder-feeding-bioenhancer\/\" \/>\n<meta property=\"og:site_name\" content=\"Superseeds.dk\" \/>\n<meta property=\"article:modified_time\" content=\"2025-06-11T09:07:59+00:00\" \/>\n<meta property=\"og:image\" content=\"https:\/\/cpanel.superseeds.dk\/wp-content\/uploads\/2025\/06\/Powder-Feeding-\u2013-BioEnhancer-2.png\" \/>\n\t<meta property=\"og:image:width\" content=\"1080\" \/>\n\t<meta property=\"og:image:height\" content=\"1080\" \/>\n\t<meta property=\"og:image:type\" content=\"image\/png\" \/>\n<meta name=\"twitter:card\" content=\"summary_large_image\" \/>\n<meta name=\"twitter:label1\" content=\"Ansl. lesetid\" \/>\n\t<meta name=\"twitter:data1\" content=\"1 minutt\" \/>\n<script type=\"application\/ld+json\" class=\"yoast-schema-graph\">{\"@context\":\"https:\/\/schema.org\",\"@graph\":[{\"@type\":\"WebPage\",\"@id\":\"https:\/\/superseeds.dk\/vare\/powder-feeding-bioenhancer\/\",\"url\":\"https:\/\/superseeds.dk\/vare\/powder-feeding-bioenhancer\/\",\"name\":\"Powder Feeding - BioEnhancer - Superseeds.dk\",\"isPartOf\":{\"@id\":\"https:\/\/super-seeds.se\/#website\"},\"primaryImageOfPage\":{\"@id\":\"https:\/\/superseeds.dk\/vare\/powder-feeding-bioenhancer\/#primaryimage\"},\"image\":{\"@id\":\"https:\/\/superseeds.dk\/vare\/powder-feeding-bioenhancer\/#primaryimage\"},\"thumbnailUrl\":\"https:\/\/superseeds.dk\/wp-content\/uploads\/2025\/06\/Powder-Feeding-\u2013-BioEnhancer-2.png\",\"datePublished\":\"2025-01-30T22:04:14+00:00\",\"dateModified\":\"2025-06-11T09:07:59+00:00\",\"breadcrumb\":{\"@id\":\"https:\/\/superseeds.dk\/vare\/powder-feeding-bioenhancer\/#breadcrumb\"},\"inLanguage\":\"nb-NO\",\"potentialAction\":[{\"@type\":\"ReadAction\",\"target\":[\"https:\/\/superseeds.dk\/vare\/powder-feeding-bioenhancer\/\"]}]},{\"@type\":\"ImageObject\",\"inLanguage\":\"nb-NO\",\"@id\":\"https:\/\/superseeds.dk\/vare\/powder-feeding-bioenhancer\/#primaryimage\",\"url\":\"https:\/\/superseeds.dk\/wp-content\/uploads\/2025\/06\/Powder-Feeding-\u2013-BioEnhancer-2.png\",\"contentUrl\":\"https:\/\/superseeds.dk\/wp-content\/uploads\/2025\/06\/Powder-Feeding-\u2013-BioEnhancer-2.png\",\"width\":1080,\"height\":1080},{\"@type\":\"BreadcrumbList\",\"@id\":\"https:\/\/superseeds.dk\/vare\/powder-feeding-bioenhancer\/#breadcrumb\",\"itemListElement\":[{\"@type\":\"ListItem\",\"position\":1,\"name\":\"Hjem\",\"item\":\"https:\/\/superseeds.dk\/\"},{\"@type\":\"ListItem\",\"position\":2,\"name\":\"Shop\",\"item\":\"https:\/\/superseeds.dk\/no\/butikk\/\"},{\"@type\":\"ListItem\",\"position\":3,\"name\":\"Powder Feeding &#8211; BioEnhancer\"}]},{\"@type\":\"WebSite\",\"@id\":\"https:\/\/super-seeds.se\/#website\",\"url\":\"https:\/\/super-seeds.se\/\",\"name\":\"Superseeds.dk\",\"description\":\"\",\"publisher\":{\"@id\":\"https:\/\/super-seeds.se\/#organization\"},\"potentialAction\":[{\"@type\":\"SearchAction\",\"target\":{\"@type\":\"EntryPoint\",\"urlTemplate\":\"https:\/\/super-seeds.se\/?s={search_term_string}\"},\"query-input\":{\"@type\":\"PropertyValueSpecification\",\"valueRequired\":true,\"valueName\":\"search_term_string\"}}],\"inLanguage\":\"nb-NO\"},{\"@type\":\"Organization\",\"@id\":\"https:\/\/super-seeds.se\/#organization\",\"name\":\"Superseeds.dk\",\"url\":\"https:\/\/super-seeds.se\/\",\"logo\":{\"@type\":\"ImageObject\",\"inLanguage\":\"nb-NO\",\"@id\":\"https:\/\/super-seeds.se\/#\/schema\/logo\/image\/\",\"url\":\"https:\/\/superseeds.dk\/wp-content\/uploads\/2025\/09\/logo-superseeds.png\",\"contentUrl\":\"https:\/\/superseeds.dk\/wp-content\/uploads\/2025\/09\/logo-superseeds.png\",\"width\":180,\"height\":160,\"caption\":\"Superseeds.dk\"},\"image\":{\"@id\":\"https:\/\/super-seeds.se\/#\/schema\/logo\/image\/\"}}]}<\/script>\n<!-- \/ Yoast SEO plugin. -->","yoast_head_json":{"title":"Powder Feeding - BioEnhancer - Superseeds.dk","robots":{"index":"index","follow":"follow","max-snippet":"max-snippet:-1","max-image-preview":"max-image-preview:large","max-video-preview":"max-video-preview:-1"},"canonical":"https:\/\/superseeds.dk\/no\/produkt\/powder-feeding-bioenhancer\/","og_locale":"nb_NO","og_type":"article","og_title":"Powder Feeding - BioEnhancer - Superseeds.dk","og_description":"BioEnhancer er en blanding af humic syrer, tangekstrakt, Trichoderma harzianum stammer og Bacillus subtilis. Det \u00f8ger plantens vitalitet, og \u00f8ger optagelsen af \u200b\u200bn\u00e6ringsstoffer samt forbedrer jordens kvalitet.","og_url":"https:\/\/superseeds.dk\/no\/produkt\/powder-feeding-bioenhancer\/","og_site_name":"Superseeds.dk","article_modified_time":"2025-06-11T09:07:59+00:00","og_image":[{"width":1080,"height":1080,"url":"https:\/\/cpanel.superseeds.dk\/wp-content\/uploads\/2025\/06\/Powder-Feeding-\u2013-BioEnhancer-2.png","type":"image\/png"}],"twitter_card":"summary_large_image","twitter_misc":{"Ansl. lesetid":"1 minutt"},"schema":{"@context":"https:\/\/schema.org","@graph":[{"@type":"WebPage","@id":"https:\/\/superseeds.dk\/vare\/powder-feeding-bioenhancer\/","url":"https:\/\/superseeds.dk\/vare\/powder-feeding-bioenhancer\/","name":"Powder Feeding - BioEnhancer - Superseeds.dk","isPartOf":{"@id":"https:\/\/super-seeds.se\/#website"},"primaryImageOfPage":{"@id":"https:\/\/superseeds.dk\/vare\/powder-feeding-bioenhancer\/#primaryimage"},"image":{"@id":"https:\/\/superseeds.dk\/vare\/powder-feeding-bioenhancer\/#primaryimage"},"thumbnailUrl":"https:\/\/superseeds.dk\/wp-content\/uploads\/2025\/06\/Powder-Feeding-\u2013-BioEnhancer-2.png","datePublished":"2025-01-30T22:04:14+00:00","dateModified":"2025-06-11T09:07:59+00:00","breadcrumb":{"@id":"https:\/\/superseeds.dk\/vare\/powder-feeding-bioenhancer\/#breadcrumb"},"inLanguage":"nb-NO","potentialAction":[{"@type":"ReadAction","target":["https:\/\/superseeds.dk\/vare\/powder-feeding-bioenhancer\/"]}]},{"@type":"ImageObject","inLanguage":"nb-NO","@id":"https:\/\/superseeds.dk\/vare\/powder-feeding-bioenhancer\/#primaryimage","url":"https:\/\/superseeds.dk\/wp-content\/uploads\/2025\/06\/Powder-Feeding-\u2013-BioEnhancer-2.png","contentUrl":"https:\/\/superseeds.dk\/wp-content\/uploads\/2025\/06\/Powder-Feeding-\u2013-BioEnhancer-2.png","width":1080,"height":1080},{"@type":"BreadcrumbList","@id":"https:\/\/superseeds.dk\/vare\/powder-feeding-bioenhancer\/#breadcrumb","itemListElement":[{"@type":"ListItem","position":1,"name":"Hjem","item":"https:\/\/superseeds.dk\/"},{"@type":"ListItem","position":2,"name":"Shop","item":"https:\/\/superseeds.dk\/no\/butikk\/"},{"@type":"ListItem","position":3,"name":"Powder Feeding &#8211; BioEnhancer"}]},{"@type":"WebSite","@id":"https:\/\/super-seeds.se\/#website","url":"https:\/\/super-seeds.se\/","name":"Superseeds.com","description":"","publisher":{"@id":"https:\/\/super-seeds.se\/#organization"},"potentialAction":[{"@type":"SearchAction","target":{"@type":"EntryPoint","urlTemplate":"https:\/\/super-seeds.se\/?s={search_term_string}"},"query-input":{"@type":"PropertyValueSpecification","valueRequired":true,"valueName":"search_term_string"}}],"inLanguage":"nb-NO"},{"@type":"Organization","@id":"https:\/\/super-seeds.se\/#organization","name":"Superseeds.com","url":"https:\/\/super-seeds.se\/","logo":{"@type":"ImageObject","inLanguage":"nb-NO","@id":"https:\/\/super-seeds.se\/#\/schema\/logo\/image\/","url":"https:\/\/superseeds.dk\/wp-content\/uploads\/2025\/09\/logo-superseeds.png","contentUrl":"https:\/\/superseeds.dk\/wp-content\/uploads\/2025\/09\/logo-superseeds.png","width":180,"height":160,"caption":"Superseeds.dk"},"image":{"@id":"https:\/\/super-seeds.se\/#\/schema\/logo\/image\/"}}]}},"df_price":95,"df_sale_price":"","df_regular_price":95,"df_image_link":"https:\/\/superseeds.dk\/wp-content\/uploads\/2025\/06\/Powder-Feeding-\u2013-BioEnhancer-2-1024x1024.png","_links":{"self":[{"href":"https:\/\/superseeds.dk\/no\/wp-json\/wp\/v2\/product\/58769","targetHints":{"allow":["GET"]}}],"collection":[{"href":"https:\/\/superseeds.dk\/no\/wp-json\/wp\/v2\/product"}],"about":[{"href":"https:\/\/superseeds.dk\/no\/wp-json\/wp\/v2\/types\/product"}],"wp:featuredmedia":[{"embeddable":true,"href":"https:\/\/superseeds.dk\/no\/wp-json\/wp\/v2\/media\/64118"}],"wp:attachment":[{"href":"https:\/\/superseeds.dk\/no\/wp-json\/wp\/v2\/media?parent=58769"}],"wp:term":[{"taxonomy":"product_brand","embeddable":true,"href":"https:\/\/superseeds.dk\/no\/wp-json\/wp\/v2\/product_brand?post=58769"},{"taxonomy":"product_cat","embeddable":true,"href":"https:\/\/superseeds.dk\/no\/wp-json\/wp\/v2\/product_cat?post=58769"},{"taxonomy":"product_tag","embeddable":true,"href":"https:\/\/superseeds.dk\/no\/wp-json\/wp\/v2\/product_tag?post=58769"}],"curies":[{"name":"wp","href":"https:\/\/api.w.org\/{rel}","templated":true}]}}