{"id":58733,"date":"2025-01-30T23:03:55","date_gmt":"2025-01-30T22:03:55","guid":{"rendered":"https:\/\/superseeds.dk\/vare\/growth-technology-chili-focus-300ml\/"},"modified":"2025-01-30T23:03:57","modified_gmt":"2025-01-30T22:03:57","slug":"growth-technology-chili-focus-300ml","status":"publish","type":"product","link":"https:\/\/superseeds.dk\/no\/produkt\/growth-technology-chili-focus-300ml\/","title":{"rendered":"Growth Technology &#8211; Chili og peber Focus"},"content":{"rendered":"<h3>Growth Technology &#8211; Chili og Peber Fucus 1 liter<\/h3>\n<p>Chili og peberfrugt har helt specielle krav til g\u00f8dning hvis man vil have det st\u00f8rste udbytte.<br \/>\nDu vil sagtens kunne benytte en g\u00e6ngs drivhusg\u00f8dning, men det bedste resultat opn\u00e5s via en special lavet g\u00f8dning, til den specifikke plante.<\/p>\n<p>Chili Focus er udviklet til kommerciel produktion af chili og peber, og har v\u00e6ret p\u00e5 markedet i over 25 \u00e5r og er l\u00f8bende blevet forbedret.<\/p>\n<p>G\u00f8dningen er ugiftigt, og er ikke milj\u00f8farligt.<br \/>\nChili Focus er den ideelle g\u00f8dning til at opn\u00e5 de kraftigste planter samt mere saftige, smagfulde og farverige frugter.<br \/>\nF\u00f8lg n\u00f8je blandingsforholdene bag p\u00e5 flasken. Planterne kan g\u00f8des lige fra spirestadiet og fremad.<br \/>\nDet anbefales at benytte Chili Focus p\u00e5 ugebasis, men frekvensen kan s\u00e6ttes op efter behov.<br \/>\nDet er bedre at \u00f8ge frekvensen frem for m\u00e6ngden, da planterne kan blive m\u00e6ttet\/overg\u00f8det. S\u00e5 l\u00e6nge bladene er saftsp\u00e6ndte og m\u00f8rkegr\u00f8nne er planterne tilfredse, bliver de lysegr\u00f8nne skal frekvensen \u00f8ges.<\/p>","protected":false},"excerpt":{"rendered":"<h3>Growth Technology &#8211; Chili og Peber Focus 1 liter<\/h3>\n<p>Special udviklet g\u00f8dning til dine chiliplanter<\/p>\n<ul>\n<li>Unik, balanceret g\u00f8dningsblanding til chili og peberplanter<\/li>\n<li>Den eneste flydende g\u00f8dning p\u00e5 markedet, specielt lavet til chili og peberplanter<\/li>\n<li>G\u00f8r dine planter sundere, mere farverige og saftige frugter samt en bedre v\u00e6kst!<\/li>\n<\/ul>","protected":false},"featured_media":58736,"template":"","meta":{"_acf_changed":false},"product_brand":[],"product_cat":[1980,1836],"product_tag":[],"class_list":{"0":"post-58733","1":"product","2":"type-product","3":"status-publish","4":"has-post-thumbnail","6":"product_cat-havegoedning","7":"product_cat-plantegoedning","8":"pa_liter-1-l","9":"pa_liter-5-l","11":"first","12":"onbackorder","13":"taxable","14":"shipping-taxable","15":"purchasable","16":"product-type-variable","17":"wvs-archive-product-wrapper"},"acf":[],"yoast_head":"<!-- This site is optimized with the Yoast SEO plugin v26.9 - https:\/\/yoast.com\/product\/yoast-seo-wordpress\/ -->\n<title>Growth Technology - Chili og peber Focus - Superseeds.dk<\/title>\n<meta name=\"robots\" content=\"index, follow, max-snippet:-1, max-image-preview:large, max-video-preview:-1\" \/>\n<link rel=\"canonical\" href=\"https:\/\/superseeds.dk\/no\/produkt\/growth-technology-chili-focus-300ml\/\" \/>\n<meta property=\"og:locale\" content=\"nb_NO\" \/>\n<meta property=\"og:type\" content=\"article\" \/>\n<meta property=\"og:title\" content=\"Growth Technology - Chili og peber Focus - Superseeds.dk\" \/>\n<meta property=\"og:description\" content=\"Growth Technology - Chili og Peber Focus 1 liter Special udviklet g\u00f8dning til dine chiliplanter   Unik, balanceret g\u00f8dningsblanding til chili og peberplanter  Den eneste flydende g\u00f8dning p\u00e5 markedet, specielt lavet til chili og peberplanter  G\u00f8r dine planter sundere, mere farverige og saftige frugter samt en bedre v\u00e6kst!\" \/>\n<meta property=\"og:url\" content=\"https:\/\/superseeds.dk\/no\/produkt\/growth-technology-chili-focus-300ml\/\" \/>\n<meta property=\"og:site_name\" content=\"Superseeds.dk\" \/>\n<meta property=\"article:modified_time\" content=\"2025-01-30T22:03:57+00:00\" \/>\n<meta property=\"og:image\" content=\"https:\/\/cpanel.superseeds.dk\/wp-content\/uploads\/2025\/01\/Growth-Technology-\u2013-Chili-og-peber-Focus-1-Liter.png\" \/>\n\t<meta property=\"og:image:width\" content=\"1080\" \/>\n\t<meta property=\"og:image:height\" content=\"1080\" \/>\n\t<meta property=\"og:image:type\" content=\"image\/png\" \/>\n<meta name=\"twitter:card\" content=\"summary_large_image\" \/>\n<meta name=\"twitter:label1\" content=\"Ansl. lesetid\" \/>\n\t<meta name=\"twitter:data1\" content=\"1 minutt\" \/>\n<script type=\"application\/ld+json\" class=\"yoast-schema-graph\">{\"@context\":\"https:\/\/schema.org\",\"@graph\":[{\"@type\":\"WebPage\",\"@id\":\"https:\/\/superseeds.dk\/vare\/growth-technology-chili-focus-300ml\/\",\"url\":\"https:\/\/superseeds.dk\/vare\/growth-technology-chili-focus-300ml\/\",\"name\":\"Growth Technology - Chili og peber Focus - Superseeds.dk\",\"isPartOf\":{\"@id\":\"https:\/\/super-seeds.se\/#website\"},\"primaryImageOfPage\":{\"@id\":\"https:\/\/superseeds.dk\/vare\/growth-technology-chili-focus-300ml\/#primaryimage\"},\"image\":{\"@id\":\"https:\/\/superseeds.dk\/vare\/growth-technology-chili-focus-300ml\/#primaryimage\"},\"thumbnailUrl\":\"https:\/\/superseeds.dk\/wp-content\/uploads\/2025\/01\/Growth-Technology-\u2013-Chili-og-peber-Focus-1-Liter.png\",\"datePublished\":\"2025-01-30T22:03:55+00:00\",\"dateModified\":\"2025-01-30T22:03:57+00:00\",\"breadcrumb\":{\"@id\":\"https:\/\/superseeds.dk\/vare\/growth-technology-chili-focus-300ml\/#breadcrumb\"},\"inLanguage\":\"nb-NO\",\"potentialAction\":[{\"@type\":\"ReadAction\",\"target\":[\"https:\/\/superseeds.dk\/vare\/growth-technology-chili-focus-300ml\/\"]}]},{\"@type\":\"ImageObject\",\"inLanguage\":\"nb-NO\",\"@id\":\"https:\/\/superseeds.dk\/vare\/growth-technology-chili-focus-300ml\/#primaryimage\",\"url\":\"https:\/\/superseeds.dk\/wp-content\/uploads\/2025\/01\/Growth-Technology-\u2013-Chili-og-peber-Focus-1-Liter.png\",\"contentUrl\":\"https:\/\/superseeds.dk\/wp-content\/uploads\/2025\/01\/Growth-Technology-\u2013-Chili-og-peber-Focus-1-Liter.png\",\"width\":1080,\"height\":1080},{\"@type\":\"BreadcrumbList\",\"@id\":\"https:\/\/superseeds.dk\/vare\/growth-technology-chili-focus-300ml\/#breadcrumb\",\"itemListElement\":[{\"@type\":\"ListItem\",\"position\":1,\"name\":\"Hjem\",\"item\":\"https:\/\/superseeds.dk\/\"},{\"@type\":\"ListItem\",\"position\":2,\"name\":\"Shop\",\"item\":\"https:\/\/superseeds.dk\/no\/butikk\/\"},{\"@type\":\"ListItem\",\"position\":3,\"name\":\"Growth Technology &#8211; Chili og peber Focus\"}]},{\"@type\":\"WebSite\",\"@id\":\"https:\/\/super-seeds.se\/#website\",\"url\":\"https:\/\/super-seeds.se\/\",\"name\":\"Superseeds.dk\",\"description\":\"\",\"publisher\":{\"@id\":\"https:\/\/super-seeds.se\/#organization\"},\"potentialAction\":[{\"@type\":\"SearchAction\",\"target\":{\"@type\":\"EntryPoint\",\"urlTemplate\":\"https:\/\/super-seeds.se\/?s={search_term_string}\"},\"query-input\":{\"@type\":\"PropertyValueSpecification\",\"valueRequired\":true,\"valueName\":\"search_term_string\"}}],\"inLanguage\":\"nb-NO\"},{\"@type\":\"Organization\",\"@id\":\"https:\/\/super-seeds.se\/#organization\",\"name\":\"Superseeds.dk\",\"url\":\"https:\/\/super-seeds.se\/\",\"logo\":{\"@type\":\"ImageObject\",\"inLanguage\":\"nb-NO\",\"@id\":\"https:\/\/super-seeds.se\/#\/schema\/logo\/image\/\",\"url\":\"https:\/\/superseeds.dk\/wp-content\/uploads\/2025\/09\/logo-superseeds.png\",\"contentUrl\":\"https:\/\/superseeds.dk\/wp-content\/uploads\/2025\/09\/logo-superseeds.png\",\"width\":180,\"height\":160,\"caption\":\"Superseeds.dk\"},\"image\":{\"@id\":\"https:\/\/super-seeds.se\/#\/schema\/logo\/image\/\"}}]}<\/script>\n<!-- \/ Yoast SEO plugin. -->","yoast_head_json":{"title":"Growth Technology - Chili og peber Focus - Superseeds.dk","robots":{"index":"index","follow":"follow","max-snippet":"max-snippet:-1","max-image-preview":"max-image-preview:large","max-video-preview":"max-video-preview:-1"},"canonical":"https:\/\/superseeds.dk\/no\/produkt\/growth-technology-chili-focus-300ml\/","og_locale":"nb_NO","og_type":"article","og_title":"Growth Technology - Chili og peber Focus - Superseeds.dk","og_description":"Growth Technology - Chili og Peber Focus 1 liter Special udviklet g\u00f8dning til dine chiliplanter   Unik, balanceret g\u00f8dningsblanding til chili og peberplanter  Den eneste flydende g\u00f8dning p\u00e5 markedet, specielt lavet til chili og peberplanter  G\u00f8r dine planter sundere, mere farverige og saftige frugter samt en bedre v\u00e6kst!","og_url":"https:\/\/superseeds.dk\/no\/produkt\/growth-technology-chili-focus-300ml\/","og_site_name":"Superseeds.dk","article_modified_time":"2025-01-30T22:03:57+00:00","og_image":[{"width":1080,"height":1080,"url":"https:\/\/cpanel.superseeds.dk\/wp-content\/uploads\/2025\/01\/Growth-Technology-\u2013-Chili-og-peber-Focus-1-Liter.png","type":"image\/png"}],"twitter_card":"summary_large_image","twitter_misc":{"Ansl. lesetid":"1 minutt"},"schema":{"@context":"https:\/\/schema.org","@graph":[{"@type":"WebPage","@id":"https:\/\/superseeds.dk\/vare\/growth-technology-chili-focus-300ml\/","url":"https:\/\/superseeds.dk\/vare\/growth-technology-chili-focus-300ml\/","name":"Growth Technology - Chili og peber Focus - Superseeds.dk","isPartOf":{"@id":"https:\/\/super-seeds.se\/#website"},"primaryImageOfPage":{"@id":"https:\/\/superseeds.dk\/vare\/growth-technology-chili-focus-300ml\/#primaryimage"},"image":{"@id":"https:\/\/superseeds.dk\/vare\/growth-technology-chili-focus-300ml\/#primaryimage"},"thumbnailUrl":"https:\/\/superseeds.dk\/wp-content\/uploads\/2025\/01\/Growth-Technology-\u2013-Chili-og-peber-Focus-1-Liter.png","datePublished":"2025-01-30T22:03:55+00:00","dateModified":"2025-01-30T22:03:57+00:00","breadcrumb":{"@id":"https:\/\/superseeds.dk\/vare\/growth-technology-chili-focus-300ml\/#breadcrumb"},"inLanguage":"nb-NO","potentialAction":[{"@type":"ReadAction","target":["https:\/\/superseeds.dk\/vare\/growth-technology-chili-focus-300ml\/"]}]},{"@type":"ImageObject","inLanguage":"nb-NO","@id":"https:\/\/superseeds.dk\/vare\/growth-technology-chili-focus-300ml\/#primaryimage","url":"https:\/\/superseeds.dk\/wp-content\/uploads\/2025\/01\/Growth-Technology-\u2013-Chili-og-peber-Focus-1-Liter.png","contentUrl":"https:\/\/superseeds.dk\/wp-content\/uploads\/2025\/01\/Growth-Technology-\u2013-Chili-og-peber-Focus-1-Liter.png","width":1080,"height":1080},{"@type":"BreadcrumbList","@id":"https:\/\/superseeds.dk\/vare\/growth-technology-chili-focus-300ml\/#breadcrumb","itemListElement":[{"@type":"ListItem","position":1,"name":"Hjem","item":"https:\/\/superseeds.dk\/"},{"@type":"ListItem","position":2,"name":"Shop","item":"https:\/\/superseeds.dk\/no\/butikk\/"},{"@type":"ListItem","position":3,"name":"Growth Technology &#8211; Chili og peber Focus"}]},{"@type":"WebSite","@id":"https:\/\/super-seeds.se\/#website","url":"https:\/\/super-seeds.se\/","name":"Superseeds.com","description":"","publisher":{"@id":"https:\/\/super-seeds.se\/#organization"},"potentialAction":[{"@type":"SearchAction","target":{"@type":"EntryPoint","urlTemplate":"https:\/\/super-seeds.se\/?s={search_term_string}"},"query-input":{"@type":"PropertyValueSpecification","valueRequired":true,"valueName":"search_term_string"}}],"inLanguage":"nb-NO"},{"@type":"Organization","@id":"https:\/\/super-seeds.se\/#organization","name":"Superseeds.com","url":"https:\/\/super-seeds.se\/","logo":{"@type":"ImageObject","inLanguage":"nb-NO","@id":"https:\/\/super-seeds.se\/#\/schema\/logo\/image\/","url":"https:\/\/superseeds.dk\/wp-content\/uploads\/2025\/09\/logo-superseeds.png","contentUrl":"https:\/\/superseeds.dk\/wp-content\/uploads\/2025\/09\/logo-superseeds.png","width":180,"height":160,"caption":"Superseeds.dk"},"image":{"@id":"https:\/\/super-seeds.se\/#\/schema\/logo\/image\/"}}]}},"df_price":94,"df_sale_price":"","df_regular_price":94,"df_image_link":"https:\/\/superseeds.dk\/wp-content\/uploads\/2025\/01\/Growth-Technology-\u2013-Chili-og-peber-Focus-1-Liter-1024x1024.png","_links":{"self":[{"href":"https:\/\/superseeds.dk\/no\/wp-json\/wp\/v2\/product\/58733","targetHints":{"allow":["GET"]}}],"collection":[{"href":"https:\/\/superseeds.dk\/no\/wp-json\/wp\/v2\/product"}],"about":[{"href":"https:\/\/superseeds.dk\/no\/wp-json\/wp\/v2\/types\/product"}],"wp:featuredmedia":[{"embeddable":true,"href":"https:\/\/superseeds.dk\/no\/wp-json\/wp\/v2\/media\/58736"}],"wp:attachment":[{"href":"https:\/\/superseeds.dk\/no\/wp-json\/wp\/v2\/media?parent=58733"}],"wp:term":[{"taxonomy":"product_brand","embeddable":true,"href":"https:\/\/superseeds.dk\/no\/wp-json\/wp\/v2\/product_brand?post=58733"},{"taxonomy":"product_cat","embeddable":true,"href":"https:\/\/superseeds.dk\/no\/wp-json\/wp\/v2\/product_cat?post=58733"},{"taxonomy":"product_tag","embeddable":true,"href":"https:\/\/superseeds.dk\/no\/wp-json\/wp\/v2\/product_tag?post=58733"}],"curies":[{"name":"wp","href":"https:\/\/api.w.org\/{rel}","templated":true}]}}