{"id":58614,"date":"2025-01-30T23:02:37","date_gmt":"2025-01-30T22:02:37","guid":{"rendered":"https:\/\/superseeds.dk\/vare\/pro-organic-bloom\/"},"modified":"2025-01-30T23:02:40","modified_gmt":"2025-01-30T22:02:40","slug":"pro-organic-bloom","status":"publish","type":"product","link":"https:\/\/superseeds.dk\/no\/produkt\/pro-organic-bloom\/","title":{"rendered":"Pro Organic (Bloom)"},"content":{"rendered":"<p>Terra Aquatica Pro Organic Bloom giver blomstrende og frugtb\u00e6rende planter essentielle n\u00e6ringsstoffer, perfekt afbalanceret til overlegne blomster og rigelige h\u00f8ste. Specielt designet til at maksimere blomster-, frugt- og fr\u00f8produktion, vil denne unikke formulering give dig st\u00f8rre, mere n\u00e6ringsrige og et bedre udbytte. Pro Organic Bloom gavner alle slags planter i deres blomstrings- og frugtfaser. Pro Organic overholder den europ\u00e6iske forordning om \u00f8kologisk landbrug N\u00b0 834\/2007.<\/p>\n<p>Pro Organic forbedrer aktivt rodens milj\u00f8 ved at fodre mikroberne, der lever i harmoni med din plante. Dette giver den n\u00f8dvendige n\u00e6ring, der skaber sund vegetativ, blomstrende og frugtb\u00e6rende v\u00e6kst. Pro Organic er ideel til enhver type plante og kan anvendes sammen med andre produkter i Terra Aquatica-serien. Brug den med alle havejord, pottemix og hydroponiske anl\u00e6g.<\/p>\n<p>NPK (2 &#8211; 3 &#8211; 4)<\/p>\n<p><strong>Udvundet af:<\/strong><\/p>\n<p>Lucerne meal, kobbersulfat, jernsulfat, kieserite, mangansulfat, melasse, kaliumsulfat, bjergphosphat, natriumborat, natriummolybdat, sojab\u00f8nnemel, zinksulfat<\/p>\n<p><strong>Sammens\u00e6tning<\/strong><\/p>\n<p>Makron\u00e6ringsstoffer: kv\u00e6lstof (N total) 2,0 % (2,0 % vandopl\u00f8seligt organisk kv\u00e6lstof), tilg\u00e6ngeligt fosfat (P2O5) 3,0 %, opl\u00f8seligt kalium (K2O) 4,0 % Sekund\u00e6re n\u00e6ringsstoffer: magnesium (Mg) 0,5 % (0,5 % vandopl\u00f8seligt magnesium (Mg) Mikron\u00e6ringsstoffer: bor (B) 0,01 %, kobber (Cu) 0,01 % (0,01 % vandopl\u00f8seligt kobber (Cu)), jern (Fe) + 0,1 % (0,1 % vandopl\u00f8seligt jern (Fe)), mangan (Mn) 0,03 % (0,03 % vandopl\u00f8seligt mangan (Mn)), molybd\u00e6n (Mo) 0,002 %, zink (Zn) 0,01 % (0,01 % vandopl\u00f8seligt zink (Zn))<\/p>\n<p>Indhold fra ikke plante-foder<\/p>\n<p>2 % tang fra Ascophyllum nodosum og Laminaria digitata, 0,2 % humussyre fra Leonardite, 1,5 % r\u00f8rsukker, 0,5 % glacialt bjergpulver<\/p>\n<p>*Pro Organic overholder den europ\u00e6iske forordning om \u00f8kologisk landbrug N\u00b0 834\/2007.<\/p>","protected":false},"excerpt":{"rendered":"<p>Terra Aquatica Pro Organic Bloom giver blomstrende og frugtb\u00e6rende planter essentielle n\u00e6ringsstoffer, perfekt afbalanceret til store blomster og rigelige h\u00f8ste.<\/p>","protected":false},"featured_media":58618,"template":"","meta":{"_acf_changed":false},"product_brand":[],"product_cat":[1836,1862],"product_tag":[],"class_list":{"0":"post-58614","1":"product","2":"type-product","3":"status-publish","4":"has-post-thumbnail","6":"product_cat-plantegoedning","7":"product_cat-ghe","8":"pa_liter-0-5-l","9":"pa_liter-1-l","10":"pa_liter-5-l","12":"first","13":"onbackorder","14":"taxable","15":"shipping-taxable","16":"purchasable","17":"product-type-variable","18":"wvs-archive-product-wrapper"},"acf":[],"yoast_head":"<!-- This site is optimized with the Yoast SEO plugin v26.9 - https:\/\/yoast.com\/product\/yoast-seo-wordpress\/ -->\n<title>Pro Organic (Bloom) - Superseeds.dk<\/title>\n<meta name=\"robots\" content=\"index, follow, max-snippet:-1, max-image-preview:large, max-video-preview:-1\" \/>\n<link rel=\"canonical\" href=\"https:\/\/superseeds.dk\/no\/produkt\/pro-organic-bloom\/\" \/>\n<meta property=\"og:locale\" content=\"nb_NO\" \/>\n<meta property=\"og:type\" content=\"article\" \/>\n<meta property=\"og:title\" content=\"Pro Organic (Bloom) - Superseeds.dk\" \/>\n<meta property=\"og:description\" content=\"Terra Aquatica Pro Organic Bloom giver blomstrende og frugtb\u00e6rende planter essentielle n\u00e6ringsstoffer, perfekt afbalanceret til store blomster og rigelige h\u00f8ste.\" \/>\n<meta property=\"og:url\" content=\"https:\/\/superseeds.dk\/no\/produkt\/pro-organic-bloom\/\" \/>\n<meta property=\"og:site_name\" content=\"Superseeds.dk\" \/>\n<meta property=\"article:modified_time\" content=\"2025-01-30T22:02:40+00:00\" \/>\n<meta property=\"og:image\" content=\"https:\/\/super-seeds.se\/wp-content\/uploads\/2025\/01\/Pro-Organic-Bloom.png\" \/>\n\t<meta property=\"og:image:width\" content=\"1080\" \/>\n\t<meta property=\"og:image:height\" content=\"1080\" \/>\n\t<meta property=\"og:image:type\" content=\"image\/png\" \/>\n<meta name=\"twitter:card\" content=\"summary_large_image\" \/>\n<meta name=\"twitter:label1\" content=\"Ansl. lesetid\" \/>\n\t<meta name=\"twitter:data1\" content=\"1 minutt\" \/>\n<script type=\"application\/ld+json\" class=\"yoast-schema-graph\">{\"@context\":\"https:\/\/schema.org\",\"@graph\":[{\"@type\":\"WebPage\",\"@id\":\"https:\/\/superseeds.dk\/vare\/pro-organic-bloom\/\",\"url\":\"https:\/\/superseeds.dk\/vare\/pro-organic-bloom\/\",\"name\":\"Pro Organic (Bloom) - Superseeds.dk\",\"isPartOf\":{\"@id\":\"https:\/\/super-seeds.se\/#website\"},\"primaryImageOfPage\":{\"@id\":\"https:\/\/superseeds.dk\/vare\/pro-organic-bloom\/#primaryimage\"},\"image\":{\"@id\":\"https:\/\/superseeds.dk\/vare\/pro-organic-bloom\/#primaryimage\"},\"thumbnailUrl\":\"https:\/\/superseeds.dk\/wp-content\/uploads\/2025\/01\/Pro-Organic-Bloom.png\",\"datePublished\":\"2025-01-30T22:02:37+00:00\",\"dateModified\":\"2025-01-30T22:02:40+00:00\",\"breadcrumb\":{\"@id\":\"https:\/\/superseeds.dk\/vare\/pro-organic-bloom\/#breadcrumb\"},\"inLanguage\":\"nb-NO\",\"potentialAction\":[{\"@type\":\"ReadAction\",\"target\":[\"https:\/\/superseeds.dk\/vare\/pro-organic-bloom\/\"]}]},{\"@type\":\"ImageObject\",\"inLanguage\":\"nb-NO\",\"@id\":\"https:\/\/superseeds.dk\/vare\/pro-organic-bloom\/#primaryimage\",\"url\":\"https:\/\/superseeds.dk\/wp-content\/uploads\/2025\/01\/Pro-Organic-Bloom.png\",\"contentUrl\":\"https:\/\/superseeds.dk\/wp-content\/uploads\/2025\/01\/Pro-Organic-Bloom.png\",\"width\":1080,\"height\":1080},{\"@type\":\"BreadcrumbList\",\"@id\":\"https:\/\/superseeds.dk\/vare\/pro-organic-bloom\/#breadcrumb\",\"itemListElement\":[{\"@type\":\"ListItem\",\"position\":1,\"name\":\"Hjem\",\"item\":\"https:\/\/superseeds.dk\/\"},{\"@type\":\"ListItem\",\"position\":2,\"name\":\"Shop\",\"item\":\"https:\/\/superseeds.dk\/no\/butikk\/\"},{\"@type\":\"ListItem\",\"position\":3,\"name\":\"Pro Organic (Bloom)\"}]},{\"@type\":\"WebSite\",\"@id\":\"https:\/\/super-seeds.se\/#website\",\"url\":\"https:\/\/super-seeds.se\/\",\"name\":\"Superseeds.dk\",\"description\":\"\",\"publisher\":{\"@id\":\"https:\/\/super-seeds.se\/#organization\"},\"potentialAction\":[{\"@type\":\"SearchAction\",\"target\":{\"@type\":\"EntryPoint\",\"urlTemplate\":\"https:\/\/super-seeds.se\/?s={search_term_string}\"},\"query-input\":{\"@type\":\"PropertyValueSpecification\",\"valueRequired\":true,\"valueName\":\"search_term_string\"}}],\"inLanguage\":\"nb-NO\"},{\"@type\":\"Organization\",\"@id\":\"https:\/\/super-seeds.se\/#organization\",\"name\":\"Superseeds.dk\",\"url\":\"https:\/\/super-seeds.se\/\",\"logo\":{\"@type\":\"ImageObject\",\"inLanguage\":\"nb-NO\",\"@id\":\"https:\/\/super-seeds.se\/#\/schema\/logo\/image\/\",\"url\":\"https:\/\/superseeds.dk\/wp-content\/uploads\/2025\/09\/logo-superseeds.png\",\"contentUrl\":\"https:\/\/superseeds.dk\/wp-content\/uploads\/2025\/09\/logo-superseeds.png\",\"width\":180,\"height\":160,\"caption\":\"Superseeds.dk\"},\"image\":{\"@id\":\"https:\/\/super-seeds.se\/#\/schema\/logo\/image\/\"}}]}<\/script>\n<!-- \/ Yoast SEO plugin. -->","yoast_head_json":{"title":"Pro Organic (Bloom) - Superseeds.dk","robots":{"index":"index","follow":"follow","max-snippet":"max-snippet:-1","max-image-preview":"max-image-preview:large","max-video-preview":"max-video-preview:-1"},"canonical":"https:\/\/superseeds.dk\/no\/produkt\/pro-organic-bloom\/","og_locale":"nb_NO","og_type":"article","og_title":"Pro Organic (Bloom) - Superseeds.dk","og_description":"Terra Aquatica Pro Organic Bloom giver blomstrende og frugtb\u00e6rende planter essentielle n\u00e6ringsstoffer, perfekt afbalanceret til store blomster og rigelige h\u00f8ste.","og_url":"https:\/\/superseeds.dk\/no\/produkt\/pro-organic-bloom\/","og_site_name":"Superseeds.dk","article_modified_time":"2025-01-30T22:02:40+00:00","og_image":[{"width":1080,"height":1080,"url":"https:\/\/super-seeds.se\/wp-content\/uploads\/2025\/01\/Pro-Organic-Bloom.png","type":"image\/png"}],"twitter_card":"summary_large_image","twitter_misc":{"Ansl. lesetid":"1 minutt"},"schema":{"@context":"https:\/\/schema.org","@graph":[{"@type":"WebPage","@id":"https:\/\/superseeds.dk\/vare\/pro-organic-bloom\/","url":"https:\/\/superseeds.dk\/vare\/pro-organic-bloom\/","name":"Pro Organic (Bloom) - Superseeds.dk","isPartOf":{"@id":"https:\/\/super-seeds.se\/#website"},"primaryImageOfPage":{"@id":"https:\/\/superseeds.dk\/vare\/pro-organic-bloom\/#primaryimage"},"image":{"@id":"https:\/\/superseeds.dk\/vare\/pro-organic-bloom\/#primaryimage"},"thumbnailUrl":"https:\/\/superseeds.dk\/wp-content\/uploads\/2025\/01\/Pro-Organic-Bloom.png","datePublished":"2025-01-30T22:02:37+00:00","dateModified":"2025-01-30T22:02:40+00:00","breadcrumb":{"@id":"https:\/\/superseeds.dk\/vare\/pro-organic-bloom\/#breadcrumb"},"inLanguage":"nb-NO","potentialAction":[{"@type":"ReadAction","target":["https:\/\/superseeds.dk\/vare\/pro-organic-bloom\/"]}]},{"@type":"ImageObject","inLanguage":"nb-NO","@id":"https:\/\/superseeds.dk\/vare\/pro-organic-bloom\/#primaryimage","url":"https:\/\/superseeds.dk\/wp-content\/uploads\/2025\/01\/Pro-Organic-Bloom.png","contentUrl":"https:\/\/superseeds.dk\/wp-content\/uploads\/2025\/01\/Pro-Organic-Bloom.png","width":1080,"height":1080},{"@type":"BreadcrumbList","@id":"https:\/\/superseeds.dk\/vare\/pro-organic-bloom\/#breadcrumb","itemListElement":[{"@type":"ListItem","position":1,"name":"Hjem","item":"https:\/\/superseeds.dk\/"},{"@type":"ListItem","position":2,"name":"Shop","item":"https:\/\/superseeds.dk\/no\/butikk\/"},{"@type":"ListItem","position":3,"name":"Pro Organic (Bloom)"}]},{"@type":"WebSite","@id":"https:\/\/super-seeds.se\/#website","url":"https:\/\/super-seeds.se\/","name":"Superseeds.com","description":"","publisher":{"@id":"https:\/\/super-seeds.se\/#organization"},"potentialAction":[{"@type":"SearchAction","target":{"@type":"EntryPoint","urlTemplate":"https:\/\/super-seeds.se\/?s={search_term_string}"},"query-input":{"@type":"PropertyValueSpecification","valueRequired":true,"valueName":"search_term_string"}}],"inLanguage":"nb-NO"},{"@type":"Organization","@id":"https:\/\/super-seeds.se\/#organization","name":"Superseeds.com","url":"https:\/\/super-seeds.se\/","logo":{"@type":"ImageObject","inLanguage":"nb-NO","@id":"https:\/\/super-seeds.se\/#\/schema\/logo\/image\/","url":"https:\/\/superseeds.dk\/wp-content\/uploads\/2025\/09\/logo-superseeds.png","contentUrl":"https:\/\/superseeds.dk\/wp-content\/uploads\/2025\/09\/logo-superseeds.png","width":180,"height":160,"caption":"Superseeds.dk"},"image":{"@id":"https:\/\/super-seeds.se\/#\/schema\/logo\/image\/"}}]}},"df_price":89.95,"df_sale_price":"","df_regular_price":89.95,"df_image_link":"https:\/\/superseeds.dk\/wp-content\/uploads\/2025\/01\/Pro-Organic-Bloom-1024x1024.png","_links":{"self":[{"href":"https:\/\/superseeds.dk\/no\/wp-json\/wp\/v2\/product\/58614","targetHints":{"allow":["GET"]}}],"collection":[{"href":"https:\/\/superseeds.dk\/no\/wp-json\/wp\/v2\/product"}],"about":[{"href":"https:\/\/superseeds.dk\/no\/wp-json\/wp\/v2\/types\/product"}],"wp:featuredmedia":[{"embeddable":true,"href":"https:\/\/superseeds.dk\/no\/wp-json\/wp\/v2\/media\/58618"}],"wp:attachment":[{"href":"https:\/\/superseeds.dk\/no\/wp-json\/wp\/v2\/media?parent=58614"}],"wp:term":[{"taxonomy":"product_brand","embeddable":true,"href":"https:\/\/superseeds.dk\/no\/wp-json\/wp\/v2\/product_brand?post=58614"},{"taxonomy":"product_cat","embeddable":true,"href":"https:\/\/superseeds.dk\/no\/wp-json\/wp\/v2\/product_cat?post=58614"},{"taxonomy":"product_tag","embeddable":true,"href":"https:\/\/superseeds.dk\/no\/wp-json\/wp\/v2\/product_tag?post=58614"}],"curies":[{"name":"wp","href":"https:\/\/api.w.org\/{rel}","templated":true}]}}