{"id":58576,"date":"2025-01-30T23:02:02","date_gmt":"2025-01-30T22:02:02","guid":{"rendered":"https:\/\/superseeds.dk\/vare\/organic-tomato-focus\/"},"modified":"2025-04-25T13:37:02","modified_gmt":"2025-04-25T11:37:02","slug":"organic-tomato-focus","status":"publish","type":"product","link":"https:\/\/superseeds.dk\/no\/produkt\/organic-tomato-focus\/","title":{"rendered":"Organic Tomato Focus"},"content":{"rendered":"<p>Organic Tomato Focus&#8221; fra Growth Technology er en specialformuleret, koncentreret flydende g\u00f8dning, designet til at fremme kraftig v\u00e6kst og rigelige afgr\u00f8der af tomater. Dette produkt er ogs\u00e5 velegnet til frugtb\u00e6rende planter som agurker, courgetter, peberfrugter og auberginer. Dens unikke sammens\u00e6tning indeholder 100% vegetabilske r\u00e5materialer godkendt til \u00f8kologisk dyrkning og er vegansk venlig.<\/p>\n<p>Organic Tomato Focus indeholder en fuld profil af rene organiske n\u00e6ringsstoffer, herunder sporstoffer og komplekse organiske forbindelser. Disse n\u00e6ringsstoffer bidrager til at fremme sunde planter og jord ved at tilskynde gavnlige jordmikrober, som hj\u00e6lper med at beskytte planterne mod skadedyr og sygdomme. Produktet er yderligere beriget med melasse for en overlegen smag og rent ekstrakt af tang (Ascophyllum nodosum) for at \u00f8ge plantens stofskifte og stressmodstand.<\/p>\n<p>NPK-analyse (kv\u00e6lstof, fosfor, kalium) af Organic Tomato Focus er:<\/p>\n<ul>\n<li>Total kv\u00e6lstof (N): 4.0%<\/li>\n<li>Fosforpentoxid (P2O5): 1.0% (element\u00e6rt P: 0.4%)<\/li>\n<li>Kaliumoxid (K2O): 6.0% (element\u00e6rt K: 5.0%)<\/li>\n<\/ul>\n<p>Yderligere indeholder det makro- og sporstoffer s\u00e5som calcium og jern.<\/p>\n<p>Anvendelsesinstruktioner for &#8220;Organic Tomato Focus&#8221; omfatter rystning af flasken godt f\u00f8r brug. For spirende planter, tils\u00e6ttes 5 ml pr. liter rent vand. N\u00e5r planterne blomstrer og b\u00e6rer frugt, \u00f8ges doseringen til 10 ml pr. liter vand. Blandingen skal omr\u00f8res grundigt inden den p\u00e5f\u00f8res omkring planten, undg\u00e5 at vande l\u00f8vet. G\u00f8dningen b\u00f8r anvendes 1-2 gange om ugen, med vanding efter behov mellem applikationerne.<\/p>","protected":false},"excerpt":{"rendered":"<p>Organic Tomato Focus&#8221; er en \u00f8kologisk flydende g\u00f8dning fra Growth Technology, designet til at fremme tunge afgr\u00f8der af tomater og andre frugtb\u00e6rende planter. Med en NPK-v\u00e6rdi p\u00e5 4-1-6 og beriget med organiske n\u00e6ringsstoffer, sporstoffer og tang, underst\u00f8tter det sund plantev\u00e6kst og forbedrer smagen.<\/p>","protected":false},"featured_media":62927,"template":"","meta":{"_acf_changed":false},"product_brand":[],"product_cat":[1980,1836],"product_tag":[],"class_list":{"0":"post-58576","1":"product","2":"type-product","3":"status-publish","4":"has-post-thumbnail","6":"product_cat-havegoedning","7":"product_cat-plantegoedning","8":"pa_liter-1-l","9":"pa_liter-5-l","11":"first","12":"instock","13":"taxable","14":"shipping-taxable","15":"purchasable","16":"product-type-variable","17":"wvs-archive-product-wrapper"},"acf":[],"yoast_head":"<!-- This site is optimized with the Yoast SEO plugin v26.9 - https:\/\/yoast.com\/product\/yoast-seo-wordpress\/ -->\n<title>Organic Tomato Focus - Superseeds.dk<\/title>\n<meta name=\"robots\" content=\"index, follow, max-snippet:-1, max-image-preview:large, max-video-preview:-1\" \/>\n<link rel=\"canonical\" href=\"https:\/\/superseeds.dk\/no\/produkt\/organic-tomato-focus\/\" \/>\n<meta property=\"og:locale\" content=\"nb_NO\" \/>\n<meta property=\"og:type\" content=\"article\" \/>\n<meta property=\"og:title\" content=\"Organic Tomato Focus - Superseeds.dk\" \/>\n<meta property=\"og:description\" content=\"Organic Tomato Focus&quot; er en \u00f8kologisk flydende g\u00f8dning fra Growth Technology, designet til at fremme tunge afgr\u00f8der af tomater og andre frugtb\u00e6rende planter. Med en NPK-v\u00e6rdi p\u00e5 4-1-6 og beriget med organiske n\u00e6ringsstoffer, sporstoffer og tang, underst\u00f8tter det sund plantev\u00e6kst og forbedrer smagen.\" \/>\n<meta property=\"og:url\" content=\"https:\/\/superseeds.dk\/no\/produkt\/organic-tomato-focus\/\" \/>\n<meta property=\"og:site_name\" content=\"Superseeds.dk\" \/>\n<meta property=\"article:modified_time\" content=\"2025-04-25T11:37:02+00:00\" \/>\n<meta property=\"og:image\" content=\"https:\/\/super-seeds.no\/wp-content\/uploads\/2025\/04\/Organic-Tomato-Focus.png\" \/>\n\t<meta property=\"og:image:width\" content=\"1080\" \/>\n\t<meta property=\"og:image:height\" content=\"1080\" \/>\n\t<meta property=\"og:image:type\" content=\"image\/png\" \/>\n<meta name=\"twitter:card\" content=\"summary_large_image\" \/>\n<meta name=\"twitter:label1\" content=\"Ansl. lesetid\" \/>\n\t<meta name=\"twitter:data1\" content=\"1 minutt\" \/>\n<script type=\"application\/ld+json\" class=\"yoast-schema-graph\">{\"@context\":\"https:\/\/schema.org\",\"@graph\":[{\"@type\":\"WebPage\",\"@id\":\"https:\/\/superseeds.dk\/vare\/organic-tomato-focus\/\",\"url\":\"https:\/\/superseeds.dk\/vare\/organic-tomato-focus\/\",\"name\":\"Organic Tomato Focus - Superseeds.dk\",\"isPartOf\":{\"@id\":\"https:\/\/super-seeds.se\/#website\"},\"primaryImageOfPage\":{\"@id\":\"https:\/\/superseeds.dk\/vare\/organic-tomato-focus\/#primaryimage\"},\"image\":{\"@id\":\"https:\/\/superseeds.dk\/vare\/organic-tomato-focus\/#primaryimage\"},\"thumbnailUrl\":\"https:\/\/superseeds.dk\/wp-content\/uploads\/2025\/04\/Organic-Tomato-Focus.png\",\"datePublished\":\"2025-01-30T22:02:02+00:00\",\"dateModified\":\"2025-04-25T11:37:02+00:00\",\"breadcrumb\":{\"@id\":\"https:\/\/superseeds.dk\/vare\/organic-tomato-focus\/#breadcrumb\"},\"inLanguage\":\"nb-NO\",\"potentialAction\":[{\"@type\":\"ReadAction\",\"target\":[\"https:\/\/superseeds.dk\/vare\/organic-tomato-focus\/\"]}]},{\"@type\":\"ImageObject\",\"inLanguage\":\"nb-NO\",\"@id\":\"https:\/\/superseeds.dk\/vare\/organic-tomato-focus\/#primaryimage\",\"url\":\"https:\/\/superseeds.dk\/wp-content\/uploads\/2025\/04\/Organic-Tomato-Focus.png\",\"contentUrl\":\"https:\/\/superseeds.dk\/wp-content\/uploads\/2025\/04\/Organic-Tomato-Focus.png\",\"width\":1080,\"height\":1080},{\"@type\":\"BreadcrumbList\",\"@id\":\"https:\/\/superseeds.dk\/vare\/organic-tomato-focus\/#breadcrumb\",\"itemListElement\":[{\"@type\":\"ListItem\",\"position\":1,\"name\":\"Hjem\",\"item\":\"https:\/\/superseeds.dk\/\"},{\"@type\":\"ListItem\",\"position\":2,\"name\":\"Shop\",\"item\":\"https:\/\/superseeds.dk\/no\/butikk\/\"},{\"@type\":\"ListItem\",\"position\":3,\"name\":\"Organic Tomato Focus\"}]},{\"@type\":\"WebSite\",\"@id\":\"https:\/\/super-seeds.se\/#website\",\"url\":\"https:\/\/super-seeds.se\/\",\"name\":\"Superseeds.dk\",\"description\":\"\",\"publisher\":{\"@id\":\"https:\/\/super-seeds.se\/#organization\"},\"potentialAction\":[{\"@type\":\"SearchAction\",\"target\":{\"@type\":\"EntryPoint\",\"urlTemplate\":\"https:\/\/super-seeds.se\/?s={search_term_string}\"},\"query-input\":{\"@type\":\"PropertyValueSpecification\",\"valueRequired\":true,\"valueName\":\"search_term_string\"}}],\"inLanguage\":\"nb-NO\"},{\"@type\":\"Organization\",\"@id\":\"https:\/\/super-seeds.se\/#organization\",\"name\":\"Superseeds.dk\",\"url\":\"https:\/\/super-seeds.se\/\",\"logo\":{\"@type\":\"ImageObject\",\"inLanguage\":\"nb-NO\",\"@id\":\"https:\/\/super-seeds.se\/#\/schema\/logo\/image\/\",\"url\":\"https:\/\/superseeds.dk\/wp-content\/uploads\/2025\/09\/logo-superseeds.png\",\"contentUrl\":\"https:\/\/superseeds.dk\/wp-content\/uploads\/2025\/09\/logo-superseeds.png\",\"width\":180,\"height\":160,\"caption\":\"Superseeds.dk\"},\"image\":{\"@id\":\"https:\/\/super-seeds.se\/#\/schema\/logo\/image\/\"}}]}<\/script>\n<!-- \/ Yoast SEO plugin. -->","yoast_head_json":{"title":"Organic Tomato Focus - Superseeds.dk","robots":{"index":"index","follow":"follow","max-snippet":"max-snippet:-1","max-image-preview":"max-image-preview:large","max-video-preview":"max-video-preview:-1"},"canonical":"https:\/\/superseeds.dk\/no\/produkt\/organic-tomato-focus\/","og_locale":"nb_NO","og_type":"article","og_title":"Organic Tomato Focus - Superseeds.dk","og_description":"Organic Tomato Focus\" er en \u00f8kologisk flydende g\u00f8dning fra Growth Technology, designet til at fremme tunge afgr\u00f8der af tomater og andre frugtb\u00e6rende planter. Med en NPK-v\u00e6rdi p\u00e5 4-1-6 og beriget med organiske n\u00e6ringsstoffer, sporstoffer og tang, underst\u00f8tter det sund plantev\u00e6kst og forbedrer smagen.","og_url":"https:\/\/superseeds.dk\/no\/produkt\/organic-tomato-focus\/","og_site_name":"Superseeds.dk","article_modified_time":"2025-04-25T11:37:02+00:00","og_image":[{"width":1080,"height":1080,"url":"https:\/\/super-seeds.no\/wp-content\/uploads\/2025\/04\/Organic-Tomato-Focus.png","type":"image\/png"}],"twitter_card":"summary_large_image","twitter_misc":{"Ansl. lesetid":"1 minutt"},"schema":{"@context":"https:\/\/schema.org","@graph":[{"@type":"WebPage","@id":"https:\/\/superseeds.dk\/vare\/organic-tomato-focus\/","url":"https:\/\/superseeds.dk\/vare\/organic-tomato-focus\/","name":"Organic Tomato Focus - Superseeds.dk","isPartOf":{"@id":"https:\/\/super-seeds.se\/#website"},"primaryImageOfPage":{"@id":"https:\/\/superseeds.dk\/vare\/organic-tomato-focus\/#primaryimage"},"image":{"@id":"https:\/\/superseeds.dk\/vare\/organic-tomato-focus\/#primaryimage"},"thumbnailUrl":"https:\/\/superseeds.dk\/wp-content\/uploads\/2025\/04\/Organic-Tomato-Focus.png","datePublished":"2025-01-30T22:02:02+00:00","dateModified":"2025-04-25T11:37:02+00:00","breadcrumb":{"@id":"https:\/\/superseeds.dk\/vare\/organic-tomato-focus\/#breadcrumb"},"inLanguage":"nb-NO","potentialAction":[{"@type":"ReadAction","target":["https:\/\/superseeds.dk\/vare\/organic-tomato-focus\/"]}]},{"@type":"ImageObject","inLanguage":"nb-NO","@id":"https:\/\/superseeds.dk\/vare\/organic-tomato-focus\/#primaryimage","url":"https:\/\/superseeds.dk\/wp-content\/uploads\/2025\/04\/Organic-Tomato-Focus.png","contentUrl":"https:\/\/superseeds.dk\/wp-content\/uploads\/2025\/04\/Organic-Tomato-Focus.png","width":1080,"height":1080},{"@type":"BreadcrumbList","@id":"https:\/\/superseeds.dk\/vare\/organic-tomato-focus\/#breadcrumb","itemListElement":[{"@type":"ListItem","position":1,"name":"Hjem","item":"https:\/\/superseeds.dk\/"},{"@type":"ListItem","position":2,"name":"Shop","item":"https:\/\/superseeds.dk\/no\/butikk\/"},{"@type":"ListItem","position":3,"name":"Organic Tomato Focus"}]},{"@type":"WebSite","@id":"https:\/\/super-seeds.se\/#website","url":"https:\/\/super-seeds.se\/","name":"Superseeds.com","description":"","publisher":{"@id":"https:\/\/super-seeds.se\/#organization"},"potentialAction":[{"@type":"SearchAction","target":{"@type":"EntryPoint","urlTemplate":"https:\/\/super-seeds.se\/?s={search_term_string}"},"query-input":{"@type":"PropertyValueSpecification","valueRequired":true,"valueName":"search_term_string"}}],"inLanguage":"nb-NO"},{"@type":"Organization","@id":"https:\/\/super-seeds.se\/#organization","name":"Superseeds.com","url":"https:\/\/super-seeds.se\/","logo":{"@type":"ImageObject","inLanguage":"nb-NO","@id":"https:\/\/super-seeds.se\/#\/schema\/logo\/image\/","url":"https:\/\/superseeds.dk\/wp-content\/uploads\/2025\/09\/logo-superseeds.png","contentUrl":"https:\/\/superseeds.dk\/wp-content\/uploads\/2025\/09\/logo-superseeds.png","width":180,"height":160,"caption":"Superseeds.dk"},"image":{"@id":"https:\/\/super-seeds.se\/#\/schema\/logo\/image\/"}}]}},"df_price":74.95,"df_sale_price":"","df_regular_price":74.95,"df_image_link":"https:\/\/superseeds.dk\/wp-content\/uploads\/2025\/04\/Organic-Tomato-Focus-1024x1024.png","_links":{"self":[{"href":"https:\/\/superseeds.dk\/no\/wp-json\/wp\/v2\/product\/58576","targetHints":{"allow":["GET"]}}],"collection":[{"href":"https:\/\/superseeds.dk\/no\/wp-json\/wp\/v2\/product"}],"about":[{"href":"https:\/\/superseeds.dk\/no\/wp-json\/wp\/v2\/types\/product"}],"wp:featuredmedia":[{"embeddable":true,"href":"https:\/\/superseeds.dk\/no\/wp-json\/wp\/v2\/media\/62927"}],"wp:attachment":[{"href":"https:\/\/superseeds.dk\/no\/wp-json\/wp\/v2\/media?parent=58576"}],"wp:term":[{"taxonomy":"product_brand","embeddable":true,"href":"https:\/\/superseeds.dk\/no\/wp-json\/wp\/v2\/product_brand?post=58576"},{"taxonomy":"product_cat","embeddable":true,"href":"https:\/\/superseeds.dk\/no\/wp-json\/wp\/v2\/product_cat?post=58576"},{"taxonomy":"product_tag","embeddable":true,"href":"https:\/\/superseeds.dk\/no\/wp-json\/wp\/v2\/product_tag?post=58576"}],"curies":[{"name":"wp","href":"https:\/\/api.w.org\/{rel}","templated":true}]}}