{"id":58534,"date":"2025-01-30T23:01:17","date_gmt":"2025-01-30T22:01:17","guid":{"rendered":"https:\/\/superseeds.dk\/vare\/perma-bloom-diverse-planter\/"},"modified":"2025-01-30T23:01:19","modified_gmt":"2025-01-30T22:01:19","slug":"perma-bloom-diverse-planter","status":"publish","type":"product","link":"https:\/\/superseeds.dk\/no\/produkt\/perma-bloom-diverse-planter\/","title":{"rendered":"Perma Bloom &#8211; diverse planter"},"content":{"rendered":"<p><a href=\"http:\/\/www.terraaquatica.com\/\" target=\"_blank\" rel=\"noopener\"><img decoding=\"async\" class=\"alignleft size-full wp-image-1616\" src=\"https:\/\/www.terraaquatica.com\/wp-content\/uploads\/2017\/06\/colerette.png\" alt=\"\" \/><\/a><em>Perma + Bloom = PermaBloom<br \/>\n<\/em><em>Tilf\u00f8jer brugervenlighed til TriPart\u00ae ydeevne til kontinuerligt producerende planter<\/em><\/p>\n<p>PermaBloom tager grundlaget for vores flagskibs 3-delte n\u00e6ringsstofsystem, TriPart\u00ae Micro, og tilbyder en skr\u00e6ddersyet blandet partner med optimerede mineralforhold til konstant frugtplanter. Kort sagt g\u00f8r det vores bedst s\u00e6lgende 3-delt system til et skr\u00e6ddersyet 2-delt til planter med specifikke behov.<\/p>\n<p>PermaBloom giver en skr\u00e6ddersyet blanding af de essentielle og ekstra mineraler, der er n\u00f8dvendige for planter som chili, tomater, agurker, peberfrugter, b\u00f8nner, meloner, jordb\u00e6r osv.<\/p>\n<p>PermaBloom forbedrer smag, \u00f8ger udbyttet og forbedrer ern\u00e6ringsv\u00e6rdien p\u00e5 samme m\u00e5de som TriPart\u00ae g\u00f8r, og den er lavet med de samme pH-buffede ultrarene mineralske ingredienser. Designet til hydroponics, PermaBloom er s\u00e6rligt effektiv i drypsystemer og automatisk kunstvanding, selvom den ogs\u00e5 kan bruges i kokos og jord.<\/p>\n<p>&nbsp;<\/p>\n<h2>S\u00c5DAN BRUGER DU:<\/h2>\n<div class=\"colletionlinks\">\n<p>&nbsp;<\/p>\n<ul>\n<li>Ryst godt f\u00f8r hver brug: Terra Aquatica TriPart\u00ae n\u00e6ringsstoffer og PermaBloom er meget koncentrerede: der kr\u00e6ves maksimalt kun 3 ml\/L i vand, og meget mindre for unge planter eller i jord.<\/li>\n<li>Tils\u00e6t hver del til vandet separat, bland godt og skyl m\u00e5leudstyret mellem dele og efter brug.<\/li>\n<li>For at sikre de bedste resultater i dit omr\u00e5de, n\u00e5r du bruger PermaBloom systemet, er TriPart\u00ae Micro tilg\u00e6ngelig i b\u00e5de h\u00e5rdt vand og bl\u00f8dt vand versioner: mere end 70 mg\/L calcium, brug TriPart\u00ae Micro h\u00e5rdt vand formulering, med mindre (eller hvis du bruger omvendt osmose), brug TriPart\u00ae Micro bl\u00f8dt vand.<\/li>\n<\/ul>\n<p>&nbsp;<\/p>\n<\/div>","protected":false},"excerpt":{"rendered":"<p>PermaBloom giver en skr\u00e6ddersyet blanding af de essentielle og ekstra mineraler, der kr\u00e6ves af planter.<\/p>\n<p>velegnet til\u00a0 <strong>chili, tomater, agurker, peberfrugter, b\u00f8nner, meloner, jordb\u00e6r<\/strong> osv.<\/p>\n<h3>Hvordan du bruger Permabloom:<\/h3>\n<ul>\n<li>Ryst godt inden hver brug:\u00a0 der kr\u00e6ves maksimalt 2-3 ml per liter vand, og meget mindre til unge planter eller i jord<\/li>\n<li>kan kombineres med tripart serien<\/li>\n<\/ul>","protected":false},"featured_media":58538,"template":"","meta":{"_acf_changed":false},"product_brand":[],"product_cat":[1980,1836,1862],"product_tag":[],"class_list":{"0":"post-58534","1":"product","2":"type-product","3":"status-publish","4":"has-post-thumbnail","6":"product_cat-havegoedning","7":"product_cat-plantegoedning","8":"product_cat-ghe","9":"pa_antal-liter-1-l","10":"pa_antal-liter-10-l","11":"pa_antal-liter-5-l","13":"first","14":"instock","15":"taxable","16":"shipping-taxable","17":"purchasable","18":"product-type-variable","19":"wvs-archive-product-wrapper"},"acf":[],"yoast_head":"<!-- This site is optimized with the Yoast SEO plugin v26.9 - https:\/\/yoast.com\/product\/yoast-seo-wordpress\/ -->\n<title>Perma Bloom - diverse planter - Superseeds.dk<\/title>\n<meta name=\"robots\" content=\"index, follow, max-snippet:-1, max-image-preview:large, max-video-preview:-1\" \/>\n<link rel=\"canonical\" href=\"https:\/\/superseeds.dk\/no\/produkt\/perma-bloom-diverse-planter\/\" \/>\n<meta property=\"og:locale\" content=\"nb_NO\" \/>\n<meta property=\"og:type\" content=\"article\" \/>\n<meta property=\"og:title\" content=\"Perma Bloom - diverse planter - Superseeds.dk\" \/>\n<meta property=\"og:description\" content=\"PermaBloom giver en skr\u00e6ddersyet blanding af de essentielle og ekstra mineraler, der kr\u00e6ves af planter.  velegnet til\u00a0 chili, tomater, agurker, peberfrugter, b\u00f8nner, meloner, jordb\u00e6r osv. Hvordan du bruger Permabloom:   Ryst godt inden hver brug:\u00a0 der kr\u00e6ves maksimalt 2-3 ml per liter vand, og meget mindre til unge planter eller i jord  kan kombineres med tripart serien\" \/>\n<meta property=\"og:url\" content=\"https:\/\/superseeds.dk\/no\/produkt\/perma-bloom-diverse-planter\/\" \/>\n<meta property=\"og:site_name\" content=\"Superseeds.dk\" \/>\n<meta property=\"article:modified_time\" content=\"2025-01-30T22:01:19+00:00\" \/>\n<meta property=\"og:image\" content=\"https:\/\/www.super-seeds.se\/wp-content\/uploads\/2025\/01\/Perma-Bloom-\u2013-diverse-planter.png\" \/>\n\t<meta property=\"og:image:width\" content=\"1080\" \/>\n\t<meta property=\"og:image:height\" content=\"1080\" \/>\n\t<meta property=\"og:image:type\" content=\"image\/png\" \/>\n<meta name=\"twitter:card\" content=\"summary_large_image\" \/>\n<meta name=\"twitter:label1\" content=\"Ansl. lesetid\" \/>\n\t<meta name=\"twitter:data1\" content=\"1 minutt\" \/>\n<script type=\"application\/ld+json\" class=\"yoast-schema-graph\">{\"@context\":\"https:\/\/schema.org\",\"@graph\":[{\"@type\":\"WebPage\",\"@id\":\"https:\/\/superseeds.dk\/vare\/perma-bloom-diverse-planter\/\",\"url\":\"https:\/\/superseeds.dk\/vare\/perma-bloom-diverse-planter\/\",\"name\":\"Perma Bloom - diverse planter - Superseeds.dk\",\"isPartOf\":{\"@id\":\"https:\/\/super-seeds.se\/#website\"},\"primaryImageOfPage\":{\"@id\":\"https:\/\/superseeds.dk\/vare\/perma-bloom-diverse-planter\/#primaryimage\"},\"image\":{\"@id\":\"https:\/\/superseeds.dk\/vare\/perma-bloom-diverse-planter\/#primaryimage\"},\"thumbnailUrl\":\"https:\/\/superseeds.dk\/wp-content\/uploads\/2025\/01\/Perma-Bloom-\u2013-diverse-planter.png\",\"datePublished\":\"2025-01-30T22:01:17+00:00\",\"dateModified\":\"2025-01-30T22:01:19+00:00\",\"breadcrumb\":{\"@id\":\"https:\/\/superseeds.dk\/vare\/perma-bloom-diverse-planter\/#breadcrumb\"},\"inLanguage\":\"nb-NO\",\"potentialAction\":[{\"@type\":\"ReadAction\",\"target\":[\"https:\/\/superseeds.dk\/vare\/perma-bloom-diverse-planter\/\"]}]},{\"@type\":\"ImageObject\",\"inLanguage\":\"nb-NO\",\"@id\":\"https:\/\/superseeds.dk\/vare\/perma-bloom-diverse-planter\/#primaryimage\",\"url\":\"https:\/\/superseeds.dk\/wp-content\/uploads\/2025\/01\/Perma-Bloom-\u2013-diverse-planter.png\",\"contentUrl\":\"https:\/\/superseeds.dk\/wp-content\/uploads\/2025\/01\/Perma-Bloom-\u2013-diverse-planter.png\",\"width\":1080,\"height\":1080},{\"@type\":\"BreadcrumbList\",\"@id\":\"https:\/\/superseeds.dk\/vare\/perma-bloom-diverse-planter\/#breadcrumb\",\"itemListElement\":[{\"@type\":\"ListItem\",\"position\":1,\"name\":\"Hjem\",\"item\":\"https:\/\/superseeds.dk\/\"},{\"@type\":\"ListItem\",\"position\":2,\"name\":\"Shop\",\"item\":\"https:\/\/superseeds.dk\/no\/butikk\/\"},{\"@type\":\"ListItem\",\"position\":3,\"name\":\"Perma Bloom &#8211; diverse planter\"}]},{\"@type\":\"WebSite\",\"@id\":\"https:\/\/super-seeds.se\/#website\",\"url\":\"https:\/\/super-seeds.se\/\",\"name\":\"Superseeds.dk\",\"description\":\"\",\"publisher\":{\"@id\":\"https:\/\/super-seeds.se\/#organization\"},\"potentialAction\":[{\"@type\":\"SearchAction\",\"target\":{\"@type\":\"EntryPoint\",\"urlTemplate\":\"https:\/\/super-seeds.se\/?s={search_term_string}\"},\"query-input\":{\"@type\":\"PropertyValueSpecification\",\"valueRequired\":true,\"valueName\":\"search_term_string\"}}],\"inLanguage\":\"nb-NO\"},{\"@type\":\"Organization\",\"@id\":\"https:\/\/super-seeds.se\/#organization\",\"name\":\"Superseeds.dk\",\"url\":\"https:\/\/super-seeds.se\/\",\"logo\":{\"@type\":\"ImageObject\",\"inLanguage\":\"nb-NO\",\"@id\":\"https:\/\/super-seeds.se\/#\/schema\/logo\/image\/\",\"url\":\"https:\/\/superseeds.dk\/wp-content\/uploads\/2025\/09\/logo-superseeds.png\",\"contentUrl\":\"https:\/\/superseeds.dk\/wp-content\/uploads\/2025\/09\/logo-superseeds.png\",\"width\":180,\"height\":160,\"caption\":\"Superseeds.dk\"},\"image\":{\"@id\":\"https:\/\/super-seeds.se\/#\/schema\/logo\/image\/\"}}]}<\/script>\n<!-- \/ Yoast SEO plugin. -->","yoast_head_json":{"title":"Perma Bloom - diverse planter - Superseeds.dk","robots":{"index":"index","follow":"follow","max-snippet":"max-snippet:-1","max-image-preview":"max-image-preview:large","max-video-preview":"max-video-preview:-1"},"canonical":"https:\/\/superseeds.dk\/no\/produkt\/perma-bloom-diverse-planter\/","og_locale":"nb_NO","og_type":"article","og_title":"Perma Bloom - diverse planter - Superseeds.dk","og_description":"PermaBloom giver en skr\u00e6ddersyet blanding af de essentielle og ekstra mineraler, der kr\u00e6ves af planter.  velegnet til\u00a0 chili, tomater, agurker, peberfrugter, b\u00f8nner, meloner, jordb\u00e6r osv. Hvordan du bruger Permabloom:   Ryst godt inden hver brug:\u00a0 der kr\u00e6ves maksimalt 2-3 ml per liter vand, og meget mindre til unge planter eller i jord  kan kombineres med tripart serien","og_url":"https:\/\/superseeds.dk\/no\/produkt\/perma-bloom-diverse-planter\/","og_site_name":"Superseeds.dk","article_modified_time":"2025-01-30T22:01:19+00:00","og_image":[{"width":1080,"height":1080,"url":"https:\/\/www.super-seeds.se\/wp-content\/uploads\/2025\/01\/Perma-Bloom-\u2013-diverse-planter.png","type":"image\/png"}],"twitter_card":"summary_large_image","twitter_misc":{"Ansl. lesetid":"1 minutt"},"schema":{"@context":"https:\/\/schema.org","@graph":[{"@type":"WebPage","@id":"https:\/\/superseeds.dk\/vare\/perma-bloom-diverse-planter\/","url":"https:\/\/superseeds.dk\/vare\/perma-bloom-diverse-planter\/","name":"Perma Bloom - diverse planter - Superseeds.dk","isPartOf":{"@id":"https:\/\/super-seeds.se\/#website"},"primaryImageOfPage":{"@id":"https:\/\/superseeds.dk\/vare\/perma-bloom-diverse-planter\/#primaryimage"},"image":{"@id":"https:\/\/superseeds.dk\/vare\/perma-bloom-diverse-planter\/#primaryimage"},"thumbnailUrl":"https:\/\/superseeds.dk\/wp-content\/uploads\/2025\/01\/Perma-Bloom-\u2013-diverse-planter.png","datePublished":"2025-01-30T22:01:17+00:00","dateModified":"2025-01-30T22:01:19+00:00","breadcrumb":{"@id":"https:\/\/superseeds.dk\/vare\/perma-bloom-diverse-planter\/#breadcrumb"},"inLanguage":"nb-NO","potentialAction":[{"@type":"ReadAction","target":["https:\/\/superseeds.dk\/vare\/perma-bloom-diverse-planter\/"]}]},{"@type":"ImageObject","inLanguage":"nb-NO","@id":"https:\/\/superseeds.dk\/vare\/perma-bloom-diverse-planter\/#primaryimage","url":"https:\/\/superseeds.dk\/wp-content\/uploads\/2025\/01\/Perma-Bloom-\u2013-diverse-planter.png","contentUrl":"https:\/\/superseeds.dk\/wp-content\/uploads\/2025\/01\/Perma-Bloom-\u2013-diverse-planter.png","width":1080,"height":1080},{"@type":"BreadcrumbList","@id":"https:\/\/superseeds.dk\/vare\/perma-bloom-diverse-planter\/#breadcrumb","itemListElement":[{"@type":"ListItem","position":1,"name":"Hjem","item":"https:\/\/superseeds.dk\/"},{"@type":"ListItem","position":2,"name":"Shop","item":"https:\/\/superseeds.dk\/no\/butikk\/"},{"@type":"ListItem","position":3,"name":"Perma Bloom &#8211; diverse planter"}]},{"@type":"WebSite","@id":"https:\/\/super-seeds.se\/#website","url":"https:\/\/super-seeds.se\/","name":"Superseeds.com","description":"","publisher":{"@id":"https:\/\/super-seeds.se\/#organization"},"potentialAction":[{"@type":"SearchAction","target":{"@type":"EntryPoint","urlTemplate":"https:\/\/super-seeds.se\/?s={search_term_string}"},"query-input":{"@type":"PropertyValueSpecification","valueRequired":true,"valueName":"search_term_string"}}],"inLanguage":"nb-NO"},{"@type":"Organization","@id":"https:\/\/super-seeds.se\/#organization","name":"Superseeds.com","url":"https:\/\/super-seeds.se\/","logo":{"@type":"ImageObject","inLanguage":"nb-NO","@id":"https:\/\/super-seeds.se\/#\/schema\/logo\/image\/","url":"https:\/\/superseeds.dk\/wp-content\/uploads\/2025\/09\/logo-superseeds.png","contentUrl":"https:\/\/superseeds.dk\/wp-content\/uploads\/2025\/09\/logo-superseeds.png","width":180,"height":160,"caption":"Superseeds.dk"},"image":{"@id":"https:\/\/super-seeds.se\/#\/schema\/logo\/image\/"}}]}},"df_price":95,"df_sale_price":"","df_regular_price":95,"df_image_link":"https:\/\/superseeds.dk\/wp-content\/uploads\/2025\/01\/Perma-Bloom-\u2013-diverse-planter-1024x1024.png","_links":{"self":[{"href":"https:\/\/superseeds.dk\/no\/wp-json\/wp\/v2\/product\/58534","targetHints":{"allow":["GET"]}}],"collection":[{"href":"https:\/\/superseeds.dk\/no\/wp-json\/wp\/v2\/product"}],"about":[{"href":"https:\/\/superseeds.dk\/no\/wp-json\/wp\/v2\/types\/product"}],"wp:featuredmedia":[{"embeddable":true,"href":"https:\/\/superseeds.dk\/no\/wp-json\/wp\/v2\/media\/58538"}],"wp:attachment":[{"href":"https:\/\/superseeds.dk\/no\/wp-json\/wp\/v2\/media?parent=58534"}],"wp:term":[{"taxonomy":"product_brand","embeddable":true,"href":"https:\/\/superseeds.dk\/no\/wp-json\/wp\/v2\/product_brand?post=58534"},{"taxonomy":"product_cat","embeddable":true,"href":"https:\/\/superseeds.dk\/no\/wp-json\/wp\/v2\/product_cat?post=58534"},{"taxonomy":"product_tag","embeddable":true,"href":"https:\/\/superseeds.dk\/no\/wp-json\/wp\/v2\/product_tag?post=58534"}],"curies":[{"name":"wp","href":"https:\/\/api.w.org\/{rel}","templated":true}]}}