{"id":58400,"date":"2025-01-30T22:57:48","date_gmt":"2025-01-30T21:57:48","guid":{"rendered":"https:\/\/superseeds.dk\/vare\/mars-hydro-ts1000\/"},"modified":"2025-01-30T22:57:50","modified_gmt":"2025-01-30T21:57:50","slug":"mars-hydro-ts1000","status":"publish","type":"product","link":"https:\/\/superseeds.dk\/no\/produkt\/mars-hydro-ts1000\/","title":{"rendered":"Mars Hydro - TS1000"},"content":{"rendered":"<p><strong>Mars Hydro - TS1000<\/strong><\/p>\n<p>Mars Hydro har mer enn 10 \u00e5rs erfaring med produksjon av LED-vokselys, og har spesialisert seg p\u00e5 hjemmedyrking og kommersielle prosjekter.<br \/>\nDe tilbyr LED-lys som passer for den budsjettbevisste. De er ikke n\u00f8dvendigvis de beste LED-lysene p\u00e5 markedet, men pris og kvalitet g\u00e5r h\u00e5nd i h\u00e5nd. Mars Hyrdro KAN leverer resultater og bruker i dag ulike moderne SMD-dioder (Surface Mounted Diodes), noe som har gjort det mulig \u00e5 produsere LED-lys der alle kan v\u00e6re med uten at det g\u00e5r p\u00e5 bekostning av kvaliteten p\u00e5 lyset.<\/p>\n<p>Sammenlignet med HPS kan du spare mye penger p\u00e5 b\u00e5de str\u00f8m og p\u00e5 grunn av den lange levetiden, betaler LED seg selv relativt raskt.<\/p>\n<p>&nbsp;<\/p>\n<p><b>TS1000<\/b><\/p>\n<p>Med en Mars Hydro TS1000 f\u00e5r du en 150 W LED-lampe som effektivt dekker et omr\u00e5de p\u00e5 for eksempel 80 x 80 cm. v\u00e6re et kvalitetstelt fra\u00a0<a href=\"https:\/\/gro-lys.danishdatasolutions.com\/shop\/groudstyr\/grotelt\/homebox\/telte-homebox\/homebox-ambient-q80-80x80x180\/\">HomeBox<\/a>\u00a0eller en rimeligere fra\u00a0<a href=\"https:\/\/gro-lys.danishdatasolutions.com\/shop\/groudstyr\/grotelt\/secret-jardin\/telte-secret-jardin\/hydro-shoot-80x80x180-cm-grotelt\/\">Secret Jardin.<\/a>\u00a0 Den kan imidlertid ogs\u00e5 brukes i en 60\u00d760 for et mer intenst lys for plantene dine.<\/p>\n<p><strong>Spesifikasjoner:<\/strong><\/p>\n<table>\n<tbody>\n<tr class=\"first\">\n<th>TS1000<\/th>\n<th><\/th>\n<\/tr>\n<tr>\n<td>Spektrum<\/td>\n<td>660-665 nm, 730-740 nm, 3000-3200 K, 6000-6500 K<\/td>\n<\/tr>\n<tr>\n<td>Str\u00f8mforbruk<\/td>\n<td>150W\u00b15%<\/td>\n<\/tr>\n<tr>\n<td>Erstatter: HPS\/HID<\/td>\n<td>250W<\/td>\n<\/tr>\n<tr>\n<td>Maks dekning<\/td>\n<td>80 x 80 cm<\/td>\n<\/tr>\n<tr>\n<td>Diodeeffektivitet<\/td>\n<td>2,3umol\/J<\/td>\n<\/tr>\n<tr>\n<td>Maks utbytte<\/td>\n<td>2 g\/watt<\/td>\n<\/tr>\n<tr>\n<td>LED<\/td>\n<td>354 stk, ny SMD-teknologi<\/td>\n<\/tr>\n<tr>\n<td>Inngangsspenning<\/td>\n<td>100-277V(AC)<\/td>\n<\/tr>\n<tr>\n<td>Forsterker<\/td>\n<td>1,235A\/120v, 0,6223A\/240v, 0,5498A\/277v<\/td>\n<\/tr>\n<tr>\n<td>Lumen<\/td>\n<td>22181 lumen\u00b15%<\/td>\n<\/tr>\n<tr>\n<td>St\u00f8rrelse<\/td>\n<td>382*336,63*54,5 MM<\/td>\n<\/tr>\n<tr>\n<td>Total vekt<\/td>\n<td>3,49 KG<\/td>\n<\/tr>\n<tr>\n<td>LED-vekt<\/td>\n<td>1,76 KG<\/td>\n<\/tr>\n<tr>\n<td>Lydniv\u00e5<\/td>\n<td>0 DB<\/td>\n<\/tr>\n<tr>\n<td>Merkenavn<\/td>\n<td>Mars Hydro<\/td>\n<\/tr>\n<\/tbody>\n<\/table>","protected":false},"excerpt":{"rendered":"<p>Effektiv 150 W LED-lampe, med en virkningsgrad p\u00e5\u00a0<strong>2,35umol\/J.\u00a0<\/strong><br \/>\nLampen er fullspektret og kan brukes b\u00e5de i vekst- og blomstringsfasen.\u00a0<strong><br \/>\nTS1000\u00a0<\/strong>\u00a0dekker et omr\u00e5de p\u00e5 ca. 80x80 cm eller 60\u00d760 cm som gir optimal lysmengde for blomstene dine.<\/p>\n<p>Oppheng, ledning og bruksanvisning medf\u00f8lger<\/p>\n<p><strong><em>Tekniske spesifikasjoner:<\/em><\/strong><\/p>\n<ul>\n<li><strong>Str\u00f8mforbrug: 150W+\/-5%@100\u2013277V<\/strong><\/li>\n<li><strong>Erstatter HPS\/MH\/HID:250W<\/strong><\/li>\n<li><strong>Utbytte: 1,5 - 2 g\/W<\/strong><\/li>\n<li><strong>effektivitet:2,35umol\/J<\/strong><\/li>\n<\/ul>","protected":false},"featured_media":58402,"template":"","meta":{"_acf_changed":false},"product_brand":[],"product_cat":[1863,1977,1864],"product_tag":[],"class_list":{"0":"post-58400","1":"product","2":"type-product","3":"status-publish","4":"has-post-thumbnail","6":"product_cat-lys","7":"product_cat-mars-hydro","8":"product_cat-plantelys-led","10":"first","11":"onbackorder","12":"taxable","13":"shipping-taxable","14":"purchasable","15":"product-type-simple"},"acf":[],"yoast_head":"<!-- This site is optimized with the Yoast SEO plugin v26.9 - https:\/\/yoast.com\/product\/yoast-seo-wordpress\/ -->\n<title>Mars Hydro \u2013 TS1000 - Superseeds.dk<\/title>\n<meta name=\"robots\" content=\"index, follow, max-snippet:-1, max-image-preview:large, max-video-preview:-1\" \/>\n<link rel=\"canonical\" href=\"https:\/\/superseeds.dk\/no\/produkt\/mars-hydro-ts1000\/\" \/>\n<meta property=\"og:locale\" content=\"nb_NO\" \/>\n<meta property=\"og:type\" content=\"article\" \/>\n<meta property=\"og:title\" content=\"Mars Hydro \u2013 TS1000 - Superseeds.dk\" \/>\n<meta property=\"og:description\" content=\"Effektiv LED lampe p\u00e5 150w, med en effektivitet p\u00e5\u00a02.35umol\/J.\u00a0 Lampen er fuld spektrum og kan bruges i b\u00e5de v\u00e6kst og blomstringsfasen.\u00a0 TS1000\u00a0\u00a0d\u00e6kker et areal p\u00e5 om 80x80cm eller 60\u00d760 optimal lysm\u00e6ngde til dine blomster.  Oph\u00e6ng, ledning og manual medf\u00f8lger  Tekniske specifikationer:   Str\u00f8mforbrug: 150W+\/-5%@100\u2013277V  Erstatter HPS\/MH\/HID:250W  udbytte: 1.5 \u2013 2 g\/W  effektivitet:2.35umol\/J\" \/>\n<meta property=\"og:url\" content=\"https:\/\/superseeds.dk\/no\/produkt\/mars-hydro-ts1000\/\" \/>\n<meta property=\"og:site_name\" content=\"Superseeds.dk\" \/>\n<meta property=\"article:modified_time\" content=\"2025-01-30T21:57:50+00:00\" \/>\n<meta property=\"og:image\" content=\"https:\/\/super-seeds.no\/wp-content\/uploads\/2025\/01\/Mars-Hydro-\u2013-TS1000.png\" \/>\n\t<meta property=\"og:image:width\" content=\"1080\" \/>\n\t<meta property=\"og:image:height\" content=\"1080\" \/>\n\t<meta property=\"og:image:type\" content=\"image\/png\" \/>\n<meta name=\"twitter:card\" content=\"summary_large_image\" \/>\n<meta name=\"twitter:label1\" content=\"Ansl. lesetid\" \/>\n\t<meta name=\"twitter:data1\" content=\"1 minutt\" \/>\n<script type=\"application\/ld+json\" class=\"yoast-schema-graph\">{\"@context\":\"https:\/\/schema.org\",\"@graph\":[{\"@type\":\"WebPage\",\"@id\":\"https:\/\/superseeds.dk\/vare\/mars-hydro-ts1000\/\",\"url\":\"https:\/\/superseeds.dk\/vare\/mars-hydro-ts1000\/\",\"name\":\"Mars Hydro \u2013 TS1000 - Superseeds.dk\",\"isPartOf\":{\"@id\":\"https:\/\/super-seeds.se\/#website\"},\"primaryImageOfPage\":{\"@id\":\"https:\/\/superseeds.dk\/vare\/mars-hydro-ts1000\/#primaryimage\"},\"image\":{\"@id\":\"https:\/\/superseeds.dk\/vare\/mars-hydro-ts1000\/#primaryimage\"},\"thumbnailUrl\":\"https:\/\/superseeds.dk\/wp-content\/uploads\/2025\/01\/Mars-Hydro-\u2013-TS1000.png\",\"datePublished\":\"2025-01-30T21:57:48+00:00\",\"dateModified\":\"2025-01-30T21:57:50+00:00\",\"breadcrumb\":{\"@id\":\"https:\/\/superseeds.dk\/vare\/mars-hydro-ts1000\/#breadcrumb\"},\"inLanguage\":\"nb-NO\",\"potentialAction\":[{\"@type\":\"ReadAction\",\"target\":[\"https:\/\/superseeds.dk\/vare\/mars-hydro-ts1000\/\"]}]},{\"@type\":\"ImageObject\",\"inLanguage\":\"nb-NO\",\"@id\":\"https:\/\/superseeds.dk\/vare\/mars-hydro-ts1000\/#primaryimage\",\"url\":\"https:\/\/superseeds.dk\/wp-content\/uploads\/2025\/01\/Mars-Hydro-\u2013-TS1000.png\",\"contentUrl\":\"https:\/\/superseeds.dk\/wp-content\/uploads\/2025\/01\/Mars-Hydro-\u2013-TS1000.png\",\"width\":1080,\"height\":1080},{\"@type\":\"BreadcrumbList\",\"@id\":\"https:\/\/superseeds.dk\/vare\/mars-hydro-ts1000\/#breadcrumb\",\"itemListElement\":[{\"@type\":\"ListItem\",\"position\":1,\"name\":\"Hjem\",\"item\":\"https:\/\/superseeds.dk\/\"},{\"@type\":\"ListItem\",\"position\":2,\"name\":\"Shop\",\"item\":\"https:\/\/superseeds.dk\/no\/butikk\/\"},{\"@type\":\"ListItem\",\"position\":3,\"name\":\"Mars Hydro \u2013 TS1000\"}]},{\"@type\":\"WebSite\",\"@id\":\"https:\/\/super-seeds.se\/#website\",\"url\":\"https:\/\/super-seeds.se\/\",\"name\":\"Superseeds.dk\",\"description\":\"\",\"publisher\":{\"@id\":\"https:\/\/super-seeds.se\/#organization\"},\"potentialAction\":[{\"@type\":\"SearchAction\",\"target\":{\"@type\":\"EntryPoint\",\"urlTemplate\":\"https:\/\/super-seeds.se\/?s={search_term_string}\"},\"query-input\":{\"@type\":\"PropertyValueSpecification\",\"valueRequired\":true,\"valueName\":\"search_term_string\"}}],\"inLanguage\":\"nb-NO\"},{\"@type\":\"Organization\",\"@id\":\"https:\/\/super-seeds.se\/#organization\",\"name\":\"Superseeds.dk\",\"url\":\"https:\/\/super-seeds.se\/\",\"logo\":{\"@type\":\"ImageObject\",\"inLanguage\":\"nb-NO\",\"@id\":\"https:\/\/super-seeds.se\/#\/schema\/logo\/image\/\",\"url\":\"https:\/\/superseeds.dk\/wp-content\/uploads\/2025\/09\/logo-superseeds.png\",\"contentUrl\":\"https:\/\/superseeds.dk\/wp-content\/uploads\/2025\/09\/logo-superseeds.png\",\"width\":180,\"height\":160,\"caption\":\"Superseeds.dk\"},\"image\":{\"@id\":\"https:\/\/super-seeds.se\/#\/schema\/logo\/image\/\"}}]}<\/script>\n<!-- \/ Yoast SEO plugin. -->","yoast_head_json":{"title":"Mars Hydro - TS1000 - Superseeds.dk","robots":{"index":"index","follow":"follow","max-snippet":"max-snippet:-1","max-image-preview":"max-image-preview:large","max-video-preview":"max-video-preview:-1"},"canonical":"https:\/\/superseeds.dk\/no\/produkt\/mars-hydro-ts1000\/","og_locale":"nb_NO","og_type":"article","og_title":"Mars Hydro \u2013 TS1000 - Superseeds.dk","og_description":"Effektiv LED lampe p\u00e5 150w, med en effektivitet p\u00e5\u00a02.35umol\/J.\u00a0 Lampen er fuld spektrum og kan bruges i b\u00e5de v\u00e6kst og blomstringsfasen.\u00a0 TS1000\u00a0\u00a0d\u00e6kker et areal p\u00e5 om 80x80cm eller 60\u00d760 optimal lysm\u00e6ngde til dine blomster.  Oph\u00e6ng, ledning og manual medf\u00f8lger  Tekniske specifikationer:   Str\u00f8mforbrug: 150W+\/-5%@100\u2013277V  Erstatter HPS\/MH\/HID:250W  udbytte: 1.5 \u2013 2 g\/W  effektivitet:2.35umol\/J","og_url":"https:\/\/superseeds.dk\/no\/produkt\/mars-hydro-ts1000\/","og_site_name":"Superseeds.dk","article_modified_time":"2025-01-30T21:57:50+00:00","og_image":[{"width":1080,"height":1080,"url":"https:\/\/super-seeds.no\/wp-content\/uploads\/2025\/01\/Mars-Hydro-\u2013-TS1000.png","type":"image\/png"}],"twitter_card":"summary_large_image","twitter_misc":{"Ansl. lesetid":"1 minutt"},"schema":{"@context":"https:\/\/schema.org","@graph":[{"@type":"WebPage","@id":"https:\/\/superseeds.dk\/vare\/mars-hydro-ts1000\/","url":"https:\/\/superseeds.dk\/vare\/mars-hydro-ts1000\/","name":"Mars Hydro - TS1000 - Superseeds.dk","isPartOf":{"@id":"https:\/\/super-seeds.se\/#website"},"primaryImageOfPage":{"@id":"https:\/\/superseeds.dk\/vare\/mars-hydro-ts1000\/#primaryimage"},"image":{"@id":"https:\/\/superseeds.dk\/vare\/mars-hydro-ts1000\/#primaryimage"},"thumbnailUrl":"https:\/\/superseeds.dk\/wp-content\/uploads\/2025\/01\/Mars-Hydro-\u2013-TS1000.png","datePublished":"2025-01-30T21:57:48+00:00","dateModified":"2025-01-30T21:57:50+00:00","breadcrumb":{"@id":"https:\/\/superseeds.dk\/vare\/mars-hydro-ts1000\/#breadcrumb"},"inLanguage":"nb-NO","potentialAction":[{"@type":"ReadAction","target":["https:\/\/superseeds.dk\/vare\/mars-hydro-ts1000\/"]}]},{"@type":"ImageObject","inLanguage":"nb-NO","@id":"https:\/\/superseeds.dk\/vare\/mars-hydro-ts1000\/#primaryimage","url":"https:\/\/superseeds.dk\/wp-content\/uploads\/2025\/01\/Mars-Hydro-\u2013-TS1000.png","contentUrl":"https:\/\/superseeds.dk\/wp-content\/uploads\/2025\/01\/Mars-Hydro-\u2013-TS1000.png","width":1080,"height":1080},{"@type":"BreadcrumbList","@id":"https:\/\/superseeds.dk\/vare\/mars-hydro-ts1000\/#breadcrumb","itemListElement":[{"@type":"ListItem","position":1,"name":"Hjem","item":"https:\/\/superseeds.dk\/"},{"@type":"ListItem","position":2,"name":"Shop","item":"https:\/\/superseeds.dk\/no\/butikk\/"},{"@type":"ListItem","position":3,"name":"Mars Hydro \u2013 TS1000"}]},{"@type":"WebSite","@id":"https:\/\/super-seeds.se\/#website","url":"https:\/\/super-seeds.se\/","name":"Superseeds.com","description":"","publisher":{"@id":"https:\/\/super-seeds.se\/#organization"},"potentialAction":[{"@type":"SearchAction","target":{"@type":"EntryPoint","urlTemplate":"https:\/\/super-seeds.se\/?s={search_term_string}"},"query-input":{"@type":"PropertyValueSpecification","valueRequired":true,"valueName":"search_term_string"}}],"inLanguage":"nb-NO"},{"@type":"Organization","@id":"https:\/\/super-seeds.se\/#organization","name":"Superseeds.com","url":"https:\/\/super-seeds.se\/","logo":{"@type":"ImageObject","inLanguage":"nb-NO","@id":"https:\/\/super-seeds.se\/#\/schema\/logo\/image\/","url":"https:\/\/superseeds.dk\/wp-content\/uploads\/2025\/09\/logo-superseeds.png","contentUrl":"https:\/\/superseeds.dk\/wp-content\/uploads\/2025\/09\/logo-superseeds.png","width":180,"height":160,"caption":"Superseeds.dk"},"image":{"@id":"https:\/\/super-seeds.se\/#\/schema\/logo\/image\/"}}]}},"df_price":1849,"df_sale_price":"","df_regular_price":1849,"df_image_link":"https:\/\/superseeds.dk\/wp-content\/uploads\/2025\/01\/Mars-Hydro-\u2013-TS1000-1024x1024.png","_links":{"self":[{"href":"https:\/\/superseeds.dk\/no\/wp-json\/wp\/v2\/product\/58400","targetHints":{"allow":["GET"]}}],"collection":[{"href":"https:\/\/superseeds.dk\/no\/wp-json\/wp\/v2\/product"}],"about":[{"href":"https:\/\/superseeds.dk\/no\/wp-json\/wp\/v2\/types\/product"}],"wp:featuredmedia":[{"embeddable":true,"href":"https:\/\/superseeds.dk\/no\/wp-json\/wp\/v2\/media\/58402"}],"wp:attachment":[{"href":"https:\/\/superseeds.dk\/no\/wp-json\/wp\/v2\/media?parent=58400"}],"wp:term":[{"taxonomy":"product_brand","embeddable":true,"href":"https:\/\/superseeds.dk\/no\/wp-json\/wp\/v2\/product_brand?post=58400"},{"taxonomy":"product_cat","embeddable":true,"href":"https:\/\/superseeds.dk\/no\/wp-json\/wp\/v2\/product_cat?post=58400"},{"taxonomy":"product_tag","embeddable":true,"href":"https:\/\/superseeds.dk\/no\/wp-json\/wp\/v2\/product_tag?post=58400"}],"curies":[{"name":"wp","href":"https:\/\/api.w.org\/{rel}","templated":true}]}}