{"id":58362,"date":"2025-01-30T22:57:23","date_gmt":"2025-01-30T21:57:23","guid":{"rendered":"https:\/\/superseeds.dk\/vare\/light-rail-light-mover-220mm\/"},"modified":"2025-01-30T22:57:26","modified_gmt":"2025-01-30T21:57:26","slug":"light-rail-light-mover-220mm","status":"publish","type":"product","link":"https:\/\/superseeds.dk\/no\/produkt\/light-rail-light-mover-220mm\/","title":{"rendered":"Light Rail - Light Mover 220 mm"},"content":{"rendered":"<p>Dette er en nem m\u00e5de at lave et lysd\u00e6ksel p\u00e5, der er dobbelt s\u00e5 stort som det normale omr\u00e5de.<\/p>\n<p>Motorenheden til alle s\u00e6t er identisk og er udstyret med en variabel forsinkelsestimer, der kan indstilles fra 0,5 &#8211; 60 sekunder, hvilket opn\u00e5s ved hj\u00e6lp af en justeringsskrue foran p\u00e5 motorenheden.<\/p>\n<p>Motorens tr\u00e6khastighed er indstillet til det optimale niveau for fremragende v\u00e6kst, som er cirka 140 sekunder pr. meter.<br \/>\nTidsforsinkelsesindstillingen g\u00f8r det muligt for lysbev\u00e6gelsen at holde pause i hver ende af sporet i et \u00f8nsket tidsrum.\u00a0Dette g\u00f8r det muligt for planterne i enderne af havetiden at absorbere en j\u00e6vn m\u00e6ngde lys som den midterste del af haven, hvilket resulterer i en j\u00e6vn v\u00e6kstprofil.\u00a0Uden tidspausen i hver ende kan du opleve, at centerv\u00e6ksten bliver h\u00f8jere end enderne.<\/p>\n<p>L\u00e6ngde: 220 mm<\/p>","protected":false},"excerpt":{"rendered":"<p>Med denne lysskinne <strong>kan du d\u00e6kke et areal der er dobbelt s\u00e5 stort som det normale omr\u00e5de<\/strong>.<\/p>\n<p><strong>spar op til 50 procent af din elregning<\/strong> ved af flytte dit hps eller led grolys i dit grorum.<\/p>\n<p>denne budget version af light rail klare jobbet ubeklageligt.<\/p>","protected":false},"featured_media":58364,"template":"","meta":{"_acf_changed":false},"product_brand":[],"product_cat":[1863,1904],"product_tag":[],"class_list":{"0":"post-58362","1":"product","2":"type-product","3":"status-publish","4":"has-post-thumbnail","6":"product_cat-lys","7":"product_cat-ophaeng-tilbehoer","9":"first","10":"instock","11":"taxable","12":"shipping-taxable","13":"purchasable","14":"product-type-simple"},"acf":[],"yoast_head":"<!-- This site is optimized with the Yoast SEO plugin v26.9 - https:\/\/yoast.com\/product\/yoast-seo-wordpress\/ -->\n<title>Light Rail - Light Mover 220mm - Superseeds.dk<\/title>\n<meta name=\"robots\" content=\"index, follow, max-snippet:-1, max-image-preview:large, max-video-preview:-1\" \/>\n<link rel=\"canonical\" href=\"https:\/\/superseeds.dk\/no\/produkt\/light-rail-light-mover-220mm\/\" \/>\n<meta property=\"og:locale\" content=\"nb_NO\" \/>\n<meta property=\"og:type\" content=\"article\" \/>\n<meta property=\"og:title\" content=\"Light Rail - Light Mover 220mm - Superseeds.dk\" \/>\n<meta property=\"og:description\" content=\"Med denne lysskinne kan du d\u00e6kke et areal der er dobbelt s\u00e5 stort som det normale omr\u00e5de.  spar op til 50 procent af din elregning ved af flytte dit hps eller led grolys i dit grorum.  denne budget version af light rail klare jobbet ubeklageligt.\" \/>\n<meta property=\"og:url\" content=\"https:\/\/superseeds.dk\/no\/produkt\/light-rail-light-mover-220mm\/\" \/>\n<meta property=\"og:site_name\" content=\"Superseeds.dk\" \/>\n<meta property=\"article:modified_time\" content=\"2025-01-30T21:57:26+00:00\" \/>\n<meta property=\"og:image\" content=\"https:\/\/superseeds.dk\/wp-content\/uploads\/2025\/01\/Light-Rail-\u2013-Light-Mover-220mm-1.png\" \/>\n\t<meta property=\"og:image:width\" content=\"1080\" \/>\n\t<meta property=\"og:image:height\" content=\"1080\" \/>\n\t<meta property=\"og:image:type\" content=\"image\/png\" \/>\n<meta name=\"twitter:card\" content=\"summary_large_image\" \/>\n<meta name=\"twitter:label1\" content=\"Ansl. lesetid\" \/>\n\t<meta name=\"twitter:data1\" content=\"1 minutt\" \/>\n<script type=\"application\/ld+json\" class=\"yoast-schema-graph\">{\"@context\":\"https:\/\/schema.org\",\"@graph\":[{\"@type\":\"WebPage\",\"@id\":\"https:\/\/superseeds.dk\/vare\/light-rail-light-mover-220mm\/\",\"url\":\"https:\/\/superseeds.dk\/vare\/light-rail-light-mover-220mm\/\",\"name\":\"Light Rail - Light Mover 220mm - Superseeds.dk\",\"isPartOf\":{\"@id\":\"https:\/\/super-seeds.se\/#website\"},\"primaryImageOfPage\":{\"@id\":\"https:\/\/superseeds.dk\/vare\/light-rail-light-mover-220mm\/#primaryimage\"},\"image\":{\"@id\":\"https:\/\/superseeds.dk\/vare\/light-rail-light-mover-220mm\/#primaryimage\"},\"thumbnailUrl\":\"https:\/\/superseeds.dk\/wp-content\/uploads\/2025\/01\/Light-Rail-\u2013-Light-Mover-220mm-1.png\",\"datePublished\":\"2025-01-30T21:57:23+00:00\",\"dateModified\":\"2025-01-30T21:57:26+00:00\",\"breadcrumb\":{\"@id\":\"https:\/\/superseeds.dk\/vare\/light-rail-light-mover-220mm\/#breadcrumb\"},\"inLanguage\":\"nb-NO\",\"potentialAction\":[{\"@type\":\"ReadAction\",\"target\":[\"https:\/\/superseeds.dk\/vare\/light-rail-light-mover-220mm\/\"]}]},{\"@type\":\"ImageObject\",\"inLanguage\":\"nb-NO\",\"@id\":\"https:\/\/superseeds.dk\/vare\/light-rail-light-mover-220mm\/#primaryimage\",\"url\":\"https:\/\/superseeds.dk\/wp-content\/uploads\/2025\/01\/Light-Rail-\u2013-Light-Mover-220mm-1.png\",\"contentUrl\":\"https:\/\/superseeds.dk\/wp-content\/uploads\/2025\/01\/Light-Rail-\u2013-Light-Mover-220mm-1.png\",\"width\":1080,\"height\":1080},{\"@type\":\"BreadcrumbList\",\"@id\":\"https:\/\/superseeds.dk\/vare\/light-rail-light-mover-220mm\/#breadcrumb\",\"itemListElement\":[{\"@type\":\"ListItem\",\"position\":1,\"name\":\"Hjem\",\"item\":\"https:\/\/superseeds.dk\/\"},{\"@type\":\"ListItem\",\"position\":2,\"name\":\"Shop\",\"item\":\"https:\/\/superseeds.dk\/no\/butikk\/\"},{\"@type\":\"ListItem\",\"position\":3,\"name\":\"Light Rail &#8211; Light Mover 220mm\"}]},{\"@type\":\"WebSite\",\"@id\":\"https:\/\/super-seeds.se\/#website\",\"url\":\"https:\/\/super-seeds.se\/\",\"name\":\"Superseeds.dk\",\"description\":\"\",\"publisher\":{\"@id\":\"https:\/\/super-seeds.se\/#organization\"},\"potentialAction\":[{\"@type\":\"SearchAction\",\"target\":{\"@type\":\"EntryPoint\",\"urlTemplate\":\"https:\/\/super-seeds.se\/?s={search_term_string}\"},\"query-input\":{\"@type\":\"PropertyValueSpecification\",\"valueRequired\":true,\"valueName\":\"search_term_string\"}}],\"inLanguage\":\"nb-NO\"},{\"@type\":\"Organization\",\"@id\":\"https:\/\/super-seeds.se\/#organization\",\"name\":\"Superseeds.dk\",\"url\":\"https:\/\/super-seeds.se\/\",\"logo\":{\"@type\":\"ImageObject\",\"inLanguage\":\"nb-NO\",\"@id\":\"https:\/\/super-seeds.se\/#\/schema\/logo\/image\/\",\"url\":\"https:\/\/superseeds.dk\/wp-content\/uploads\/2025\/09\/logo-superseeds.png\",\"contentUrl\":\"https:\/\/superseeds.dk\/wp-content\/uploads\/2025\/09\/logo-superseeds.png\",\"width\":180,\"height\":160,\"caption\":\"Superseeds.dk\"},\"image\":{\"@id\":\"https:\/\/super-seeds.se\/#\/schema\/logo\/image\/\"}}]}<\/script>\n<!-- \/ Yoast SEO plugin. -->","yoast_head_json":{"title":"Light Rail - Light Mover 220mm - Superseeds.dk","robots":{"index":"index","follow":"follow","max-snippet":"max-snippet:-1","max-image-preview":"max-image-preview:large","max-video-preview":"max-video-preview:-1"},"canonical":"https:\/\/superseeds.dk\/no\/produkt\/light-rail-light-mover-220mm\/","og_locale":"nb_NO","og_type":"article","og_title":"Light Rail - Light Mover 220mm - Superseeds.dk","og_description":"Med denne lysskinne kan du d\u00e6kke et areal der er dobbelt s\u00e5 stort som det normale omr\u00e5de.  spar op til 50 procent af din elregning ved af flytte dit hps eller led grolys i dit grorum.  denne budget version af light rail klare jobbet ubeklageligt.","og_url":"https:\/\/superseeds.dk\/no\/produkt\/light-rail-light-mover-220mm\/","og_site_name":"Superseeds.dk","article_modified_time":"2025-01-30T21:57:26+00:00","og_image":[{"width":1080,"height":1080,"url":"https:\/\/superseeds.dk\/wp-content\/uploads\/2025\/01\/Light-Rail-\u2013-Light-Mover-220mm-1.png","type":"image\/png"}],"twitter_card":"summary_large_image","twitter_misc":{"Ansl. lesetid":"1 minutt"},"schema":{"@context":"https:\/\/schema.org","@graph":[{"@type":"WebPage","@id":"https:\/\/superseeds.dk\/vare\/light-rail-light-mover-220mm\/","url":"https:\/\/superseeds.dk\/vare\/light-rail-light-mover-220mm\/","name":"Light Rail - Light Mover 220mm - Superseeds.dk","isPartOf":{"@id":"https:\/\/super-seeds.se\/#website"},"primaryImageOfPage":{"@id":"https:\/\/superseeds.dk\/vare\/light-rail-light-mover-220mm\/#primaryimage"},"image":{"@id":"https:\/\/superseeds.dk\/vare\/light-rail-light-mover-220mm\/#primaryimage"},"thumbnailUrl":"https:\/\/superseeds.dk\/wp-content\/uploads\/2025\/01\/Light-Rail-\u2013-Light-Mover-220mm-1.png","datePublished":"2025-01-30T21:57:23+00:00","dateModified":"2025-01-30T21:57:26+00:00","breadcrumb":{"@id":"https:\/\/superseeds.dk\/vare\/light-rail-light-mover-220mm\/#breadcrumb"},"inLanguage":"nb-NO","potentialAction":[{"@type":"ReadAction","target":["https:\/\/superseeds.dk\/vare\/light-rail-light-mover-220mm\/"]}]},{"@type":"ImageObject","inLanguage":"nb-NO","@id":"https:\/\/superseeds.dk\/vare\/light-rail-light-mover-220mm\/#primaryimage","url":"https:\/\/superseeds.dk\/wp-content\/uploads\/2025\/01\/Light-Rail-\u2013-Light-Mover-220mm-1.png","contentUrl":"https:\/\/superseeds.dk\/wp-content\/uploads\/2025\/01\/Light-Rail-\u2013-Light-Mover-220mm-1.png","width":1080,"height":1080},{"@type":"BreadcrumbList","@id":"https:\/\/superseeds.dk\/vare\/light-rail-light-mover-220mm\/#breadcrumb","itemListElement":[{"@type":"ListItem","position":1,"name":"Hjem","item":"https:\/\/superseeds.dk\/"},{"@type":"ListItem","position":2,"name":"Shop","item":"https:\/\/superseeds.dk\/no\/butikk\/"},{"@type":"ListItem","position":3,"name":"Light Rail &#8211; Light Mover 220mm"}]},{"@type":"WebSite","@id":"https:\/\/super-seeds.se\/#website","url":"https:\/\/super-seeds.se\/","name":"Superseeds.com","description":"","publisher":{"@id":"https:\/\/super-seeds.se\/#organization"},"potentialAction":[{"@type":"SearchAction","target":{"@type":"EntryPoint","urlTemplate":"https:\/\/super-seeds.se\/?s={search_term_string}"},"query-input":{"@type":"PropertyValueSpecification","valueRequired":true,"valueName":"search_term_string"}}],"inLanguage":"nb-NO"},{"@type":"Organization","@id":"https:\/\/super-seeds.se\/#organization","name":"Superseeds.com","url":"https:\/\/super-seeds.se\/","logo":{"@type":"ImageObject","inLanguage":"nb-NO","@id":"https:\/\/super-seeds.se\/#\/schema\/logo\/image\/","url":"https:\/\/superseeds.dk\/wp-content\/uploads\/2025\/09\/logo-superseeds.png","contentUrl":"https:\/\/superseeds.dk\/wp-content\/uploads\/2025\/09\/logo-superseeds.png","width":180,"height":160,"caption":"Superseeds.dk"},"image":{"@id":"https:\/\/super-seeds.se\/#\/schema\/logo\/image\/"}}]}},"df_price":1595,"df_sale_price":"","df_regular_price":1595,"df_image_link":"https:\/\/superseeds.dk\/wp-content\/uploads\/2025\/01\/Light-Rail-\u2013-Light-Mover-220mm-1-1024x1024.png","_links":{"self":[{"href":"https:\/\/superseeds.dk\/no\/wp-json\/wp\/v2\/product\/58362","targetHints":{"allow":["GET"]}}],"collection":[{"href":"https:\/\/superseeds.dk\/no\/wp-json\/wp\/v2\/product"}],"about":[{"href":"https:\/\/superseeds.dk\/no\/wp-json\/wp\/v2\/types\/product"}],"wp:featuredmedia":[{"embeddable":true,"href":"https:\/\/superseeds.dk\/no\/wp-json\/wp\/v2\/media\/58364"}],"wp:attachment":[{"href":"https:\/\/superseeds.dk\/no\/wp-json\/wp\/v2\/media?parent=58362"}],"wp:term":[{"taxonomy":"product_brand","embeddable":true,"href":"https:\/\/superseeds.dk\/no\/wp-json\/wp\/v2\/product_brand?post=58362"},{"taxonomy":"product_cat","embeddable":true,"href":"https:\/\/superseeds.dk\/no\/wp-json\/wp\/v2\/product_cat?post=58362"},{"taxonomy":"product_tag","embeddable":true,"href":"https:\/\/superseeds.dk\/no\/wp-json\/wp\/v2\/product_tag?post=58362"}],"curies":[{"name":"wp","href":"https:\/\/api.w.org\/{rel}","templated":true}]}}