{"id":58313,"date":"2025-01-30T22:56:59","date_gmt":"2025-01-30T21:56:59","guid":{"rendered":"https:\/\/superseeds.dk\/vare\/cosmorrow-kits-60-100w\/"},"modified":"2025-10-20T08:03:51","modified_gmt":"2025-10-20T06:03:51","slug":"cosmorrow-kits-60-100w","status":"publish","type":"product","link":"https:\/\/superseeds.dk\/no\/produkt\/cosmorrow-kits-60-100w\/","title":{"rendered":"Cosmorrow Kits: 100 &#8211; 200w"},"content":{"rendered":"<h3>Secret Jardin &#8211; Cosmorrow kits 60 &#8211; 200w<\/h3>\n<p>Cosmorrow kits er komplette lyssystemer til til mindre arealer hvor dens design g\u00f8r, at du f\u00e5r en god lysspredning.<\/p>\n<p>Dette patenteret moduldesign teknologi har gjort Cosmorrow vandt\u00e6t(IP65), holdbar med 50.000 timers levetid samt meget h\u00e5rdf\u00f8r.<br \/>\nDu har nemt ved at vedligeholde og opgradere ved at udskifte\/ombytte individuelle lysbars.<\/p>\n<p><strong>Spesifikasjoner:<br \/>\n<\/strong>Cosmorrow 60 &#8211; 200w :<strong>\u00a0PPE = 2.4\u03bcmol\/s\/w<\/strong><\/p>\n<p>&nbsp;<\/p>\n<p>Alle specifikationer: <a href=\"https:\/\/www.secretjardin.com\/wp-content\/uploads\/2022\/04\/20220412-SPEC-COSMORROW.pdf\">Tryk her\u00a0<\/a><\/p>\n<p>&nbsp;<\/p>","protected":false},"excerpt":{"rendered":"<h3>Secret Jardin &#8211; Cosmorrow kits 60 &#8211; 200w<\/h3>\n<p>Cosmorrow kits er komplette lyssystemer til til mindre arealer hvor dens design g\u00f8r, at du f\u00e5r en god lysspredning.<\/p>\n<p>Dette patenteret moduldesign teknologi har gjort Cosmorrow vandt\u00e6t(IP65), holdbar med 50.000 timers levetid samt meget h\u00e5rdf\u00f8r.<br \/>\nDu har nemt ved at vedligeholde og opgradere ved at udskifte\/ombytte individuelle lysbars.<\/p>\n<p><strong>Spesifikasjoner:<br \/>\n<\/strong>Cosmorrow 60 &#8211; 200w :<strong>\u00a0PPE = 2.4\u03bcmol\/s\/w<\/strong><\/p>","protected":false},"featured_media":66651,"template":"","meta":{"_acf_changed":false},"product_brand":[],"product_cat":[1863,1864,1901],"product_tag":[],"class_list":{"0":"post-58313","1":"product","2":"type-product","3":"status-publish","4":"has-post-thumbnail","6":"product_cat-lys","7":"product_cat-plantelys-led","8":"product_cat-secret-jardin-led","9":"pa_watt-100-watt","10":"pa_watt-60w","11":"pa_watt-200-watt","13":"first","14":"onbackorder","15":"sale","16":"taxable","17":"shipping-taxable","18":"purchasable","19":"product-type-variable","20":"wvs-archive-product-wrapper"},"acf":[],"yoast_head":"<!-- This site is optimized with the Yoast SEO plugin v26.9 - https:\/\/yoast.com\/product\/yoast-seo-wordpress\/ -->\n<title>Cosmorrow Kits: 100 - 200w - Superseeds.dk<\/title>\n<meta name=\"robots\" content=\"index, follow, max-snippet:-1, max-image-preview:large, max-video-preview:-1\" \/>\n<link rel=\"canonical\" href=\"https:\/\/superseeds.dk\/no\/produkt\/cosmorrow-kits-60-100w\/\" \/>\n<meta property=\"og:locale\" content=\"nb_NO\" \/>\n<meta property=\"og:type\" content=\"article\" \/>\n<meta property=\"og:title\" content=\"Cosmorrow Kits: 100 - 200w - Superseeds.dk\" \/>\n<meta property=\"og:description\" content=\"Secret Jardin - Cosmorrow kits 60 - 200w Cosmorrow kits er komplette lyssystemer til til mindre arealer hvor dens design g\u00f8r, at du f\u00e5r en god lysspredning.  Dette patenteret moduldesign teknologi har gjort Cosmorrow vandt\u00e6t(IP65), holdbar med 50.000 timers levetid samt meget h\u00e5rdf\u00f8r. Du har nemt ved at vedligeholde og opgradere ved at udskifte\/ombytte individuelle lysbars.  Specifikationer: Cosmorrow 60 - 200w :\u00a0PPE = 2.4\u03bcmol\/s\/w\" \/>\n<meta property=\"og:url\" content=\"https:\/\/superseeds.dk\/no\/produkt\/cosmorrow-kits-60-100w\/\" \/>\n<meta property=\"og:site_name\" content=\"Superseeds.dk\" \/>\n<meta property=\"article:modified_time\" content=\"2025-10-20T06:03:51+00:00\" \/>\n<meta property=\"og:image\" content=\"https:\/\/superseeds.dk\/wp-content\/uploads\/2025\/02\/Cosmorrow-Kits_-60-\u2013-100w.png\" \/>\n\t<meta property=\"og:image:width\" content=\"1080\" \/>\n\t<meta property=\"og:image:height\" content=\"1080\" \/>\n\t<meta property=\"og:image:type\" content=\"image\/png\" \/>\n<meta name=\"twitter:card\" content=\"summary_large_image\" \/>\n<meta name=\"twitter:label1\" content=\"Ansl. lesetid\" \/>\n\t<meta name=\"twitter:data1\" content=\"1 minutt\" \/>\n<script type=\"application\/ld+json\" class=\"yoast-schema-graph\">{\"@context\":\"https:\/\/schema.org\",\"@graph\":[{\"@type\":\"WebPage\",\"@id\":\"https:\/\/superseeds.dk\/vare\/cosmorrow-kits-60-100w\/\",\"url\":\"https:\/\/superseeds.dk\/vare\/cosmorrow-kits-60-100w\/\",\"name\":\"Cosmorrow Kits: 100 - 200w - Superseeds.dk\",\"isPartOf\":{\"@id\":\"https:\/\/super-seeds.se\/#website\"},\"primaryImageOfPage\":{\"@id\":\"https:\/\/superseeds.dk\/vare\/cosmorrow-kits-60-100w\/#primaryimage\"},\"image\":{\"@id\":\"https:\/\/superseeds.dk\/vare\/cosmorrow-kits-60-100w\/#primaryimage\"},\"thumbnailUrl\":\"https:\/\/superseeds.dk\/wp-content\/uploads\/2025\/10\/Cosmorrow-Kits_-60-\u2013-100w.png\",\"datePublished\":\"2025-01-30T21:56:59+00:00\",\"dateModified\":\"2025-10-20T06:03:51+00:00\",\"breadcrumb\":{\"@id\":\"https:\/\/superseeds.dk\/vare\/cosmorrow-kits-60-100w\/#breadcrumb\"},\"inLanguage\":\"nb-NO\",\"potentialAction\":[{\"@type\":\"ReadAction\",\"target\":[\"https:\/\/superseeds.dk\/vare\/cosmorrow-kits-60-100w\/\"]}]},{\"@type\":\"ImageObject\",\"inLanguage\":\"nb-NO\",\"@id\":\"https:\/\/superseeds.dk\/vare\/cosmorrow-kits-60-100w\/#primaryimage\",\"url\":\"https:\/\/superseeds.dk\/wp-content\/uploads\/2025\/10\/Cosmorrow-Kits_-60-\u2013-100w.png\",\"contentUrl\":\"https:\/\/superseeds.dk\/wp-content\/uploads\/2025\/10\/Cosmorrow-Kits_-60-\u2013-100w.png\",\"width\":1080,\"height\":1080},{\"@type\":\"BreadcrumbList\",\"@id\":\"https:\/\/superseeds.dk\/vare\/cosmorrow-kits-60-100w\/#breadcrumb\",\"itemListElement\":[{\"@type\":\"ListItem\",\"position\":1,\"name\":\"Hjem\",\"item\":\"https:\/\/superseeds.dk\/\"},{\"@type\":\"ListItem\",\"position\":2,\"name\":\"Shop\",\"item\":\"https:\/\/superseeds.dk\/no\/butikk\/\"},{\"@type\":\"ListItem\",\"position\":3,\"name\":\"Cosmorrow Kits: 100 &#8211; 200w\"}]},{\"@type\":\"WebSite\",\"@id\":\"https:\/\/super-seeds.se\/#website\",\"url\":\"https:\/\/super-seeds.se\/\",\"name\":\"Superseeds.dk\",\"description\":\"\",\"publisher\":{\"@id\":\"https:\/\/super-seeds.se\/#organization\"},\"potentialAction\":[{\"@type\":\"SearchAction\",\"target\":{\"@type\":\"EntryPoint\",\"urlTemplate\":\"https:\/\/super-seeds.se\/?s={search_term_string}\"},\"query-input\":{\"@type\":\"PropertyValueSpecification\",\"valueRequired\":true,\"valueName\":\"search_term_string\"}}],\"inLanguage\":\"nb-NO\"},{\"@type\":\"Organization\",\"@id\":\"https:\/\/super-seeds.se\/#organization\",\"name\":\"Superseeds.dk\",\"url\":\"https:\/\/super-seeds.se\/\",\"logo\":{\"@type\":\"ImageObject\",\"inLanguage\":\"nb-NO\",\"@id\":\"https:\/\/super-seeds.se\/#\/schema\/logo\/image\/\",\"url\":\"https:\/\/superseeds.dk\/wp-content\/uploads\/2025\/09\/logo-superseeds.png\",\"contentUrl\":\"https:\/\/superseeds.dk\/wp-content\/uploads\/2025\/09\/logo-superseeds.png\",\"width\":180,\"height\":160,\"caption\":\"Superseeds.dk\"},\"image\":{\"@id\":\"https:\/\/super-seeds.se\/#\/schema\/logo\/image\/\"}}]}<\/script>\n<!-- \/ Yoast SEO plugin. -->","yoast_head_json":{"title":"Cosmorrow Kits: 100 - 200w - Superseeds.dk","robots":{"index":"index","follow":"follow","max-snippet":"max-snippet:-1","max-image-preview":"max-image-preview:large","max-video-preview":"max-video-preview:-1"},"canonical":"https:\/\/superseeds.dk\/no\/produkt\/cosmorrow-kits-60-100w\/","og_locale":"nb_NO","og_type":"article","og_title":"Cosmorrow Kits: 100 - 200w - Superseeds.dk","og_description":"Secret Jardin - Cosmorrow kits 60 - 200w Cosmorrow kits er komplette lyssystemer til til mindre arealer hvor dens design g\u00f8r, at du f\u00e5r en god lysspredning.  Dette patenteret moduldesign teknologi har gjort Cosmorrow vandt\u00e6t(IP65), holdbar med 50.000 timers levetid samt meget h\u00e5rdf\u00f8r. Du har nemt ved at vedligeholde og opgradere ved at udskifte\/ombytte individuelle lysbars.  Specifikationer: Cosmorrow 60 - 200w :\u00a0PPE = 2.4\u03bcmol\/s\/w","og_url":"https:\/\/superseeds.dk\/no\/produkt\/cosmorrow-kits-60-100w\/","og_site_name":"Superseeds.dk","article_modified_time":"2025-10-20T06:03:51+00:00","og_image":[{"width":1080,"height":1080,"url":"https:\/\/superseeds.dk\/wp-content\/uploads\/2025\/02\/Cosmorrow-Kits_-60-\u2013-100w.png","type":"image\/png"}],"twitter_card":"summary_large_image","twitter_misc":{"Ansl. lesetid":"1 minutt"},"schema":{"@context":"https:\/\/schema.org","@graph":[{"@type":"WebPage","@id":"https:\/\/superseeds.dk\/vare\/cosmorrow-kits-60-100w\/","url":"https:\/\/superseeds.dk\/vare\/cosmorrow-kits-60-100w\/","name":"Cosmorrow Kits: 100 - 200w - Superseeds.dk","isPartOf":{"@id":"https:\/\/super-seeds.se\/#website"},"primaryImageOfPage":{"@id":"https:\/\/superseeds.dk\/vare\/cosmorrow-kits-60-100w\/#primaryimage"},"image":{"@id":"https:\/\/superseeds.dk\/vare\/cosmorrow-kits-60-100w\/#primaryimage"},"thumbnailUrl":"https:\/\/superseeds.dk\/wp-content\/uploads\/2025\/10\/Cosmorrow-Kits_-60-\u2013-100w.png","datePublished":"2025-01-30T21:56:59+00:00","dateModified":"2025-10-20T06:03:51+00:00","breadcrumb":{"@id":"https:\/\/superseeds.dk\/vare\/cosmorrow-kits-60-100w\/#breadcrumb"},"inLanguage":"nb-NO","potentialAction":[{"@type":"ReadAction","target":["https:\/\/superseeds.dk\/vare\/cosmorrow-kits-60-100w\/"]}]},{"@type":"ImageObject","inLanguage":"nb-NO","@id":"https:\/\/superseeds.dk\/vare\/cosmorrow-kits-60-100w\/#primaryimage","url":"https:\/\/superseeds.dk\/wp-content\/uploads\/2025\/10\/Cosmorrow-Kits_-60-\u2013-100w.png","contentUrl":"https:\/\/superseeds.dk\/wp-content\/uploads\/2025\/10\/Cosmorrow-Kits_-60-\u2013-100w.png","width":1080,"height":1080},{"@type":"BreadcrumbList","@id":"https:\/\/superseeds.dk\/vare\/cosmorrow-kits-60-100w\/#breadcrumb","itemListElement":[{"@type":"ListItem","position":1,"name":"Hjem","item":"https:\/\/superseeds.dk\/"},{"@type":"ListItem","position":2,"name":"Shop","item":"https:\/\/superseeds.dk\/no\/butikk\/"},{"@type":"ListItem","position":3,"name":"Cosmorrow Kits: 100 &#8211; 200w"}]},{"@type":"WebSite","@id":"https:\/\/super-seeds.se\/#website","url":"https:\/\/super-seeds.se\/","name":"Superseeds.com","description":"","publisher":{"@id":"https:\/\/super-seeds.se\/#organization"},"potentialAction":[{"@type":"SearchAction","target":{"@type":"EntryPoint","urlTemplate":"https:\/\/super-seeds.se\/?s={search_term_string}"},"query-input":{"@type":"PropertyValueSpecification","valueRequired":true,"valueName":"search_term_string"}}],"inLanguage":"nb-NO"},{"@type":"Organization","@id":"https:\/\/super-seeds.se\/#organization","name":"Superseeds.com","url":"https:\/\/super-seeds.se\/","logo":{"@type":"ImageObject","inLanguage":"nb-NO","@id":"https:\/\/super-seeds.se\/#\/schema\/logo\/image\/","url":"https:\/\/superseeds.dk\/wp-content\/uploads\/2025\/09\/logo-superseeds.png","contentUrl":"https:\/\/superseeds.dk\/wp-content\/uploads\/2025\/09\/logo-superseeds.png","width":180,"height":160,"caption":"Superseeds.dk"},"image":{"@id":"https:\/\/super-seeds.se\/#\/schema\/logo\/image\/"}}]}},"df_price":1349,"df_sale_price":"","df_regular_price":1349,"df_image_link":"https:\/\/superseeds.dk\/wp-content\/uploads\/2025\/10\/Cosmorrow-Kits_-60-\u2013-100w-1024x1024.png","_links":{"self":[{"href":"https:\/\/superseeds.dk\/no\/wp-json\/wp\/v2\/product\/58313","targetHints":{"allow":["GET"]}}],"collection":[{"href":"https:\/\/superseeds.dk\/no\/wp-json\/wp\/v2\/product"}],"about":[{"href":"https:\/\/superseeds.dk\/no\/wp-json\/wp\/v2\/types\/product"}],"wp:featuredmedia":[{"embeddable":true,"href":"https:\/\/superseeds.dk\/no\/wp-json\/wp\/v2\/media\/66651"}],"wp:attachment":[{"href":"https:\/\/superseeds.dk\/no\/wp-json\/wp\/v2\/media?parent=58313"}],"wp:term":[{"taxonomy":"product_brand","embeddable":true,"href":"https:\/\/superseeds.dk\/no\/wp-json\/wp\/v2\/product_brand?post=58313"},{"taxonomy":"product_cat","embeddable":true,"href":"https:\/\/superseeds.dk\/no\/wp-json\/wp\/v2\/product_cat?post=58313"},{"taxonomy":"product_tag","embeddable":true,"href":"https:\/\/superseeds.dk\/no\/wp-json\/wp\/v2\/product_tag?post=58313"}],"curies":[{"name":"wp","href":"https:\/\/api.w.org\/{rel}","templated":true}]}}