{"id":58153,"date":"2025-01-30T22:54:36","date_gmt":"2025-01-30T21:54:36","guid":{"rendered":"https:\/\/superseeds.dk\/vare\/box-fan-oe250-1500-mc-h\/"},"modified":"2025-01-30T22:54:42","modified_gmt":"2025-01-30T21:54:42","slug":"box-fan-oe250-1500-mc-h","status":"publish","type":"product","link":"https:\/\/superseeds.dk\/no\/produkt\/box-fan-oe250-1500-mc-h\/","title":{"rendered":"Boxfan i lydisolert trekasse - 1000 til 7000 m3"},"content":{"rendered":"","protected":false},"excerpt":{"rendered":"<p><strong>Isolerede tr\u00e6 ventilatorer der er velegnet n\u00e5r der er krav til st\u00f8j neviau<\/strong>.<\/p>\n<p>velegnet til st\u00f8rre grorum vi anbefaler vores canfilter der er de bedste p\u00e5 markedet.<\/p>\n<p>vores ventilatorer er med den <strong>slidst\u00e6rke Torin motor der er st\u00e6rkere og mere driftsikker<\/strong> end mange andre billigere kina motorer der er p\u00e5 markedet!<\/p>","protected":false},"featured_media":58172,"template":"","meta":{"_acf_changed":false},"product_brand":[],"product_cat":[1824,1869],"product_tag":[],"class_list":{"0":"post-58153","1":"product","2":"type-product","3":"status-publish","4":"has-post-thumbnail","6":"product_cat-klima","7":"product_cat-ventilator-udsug","8":"pa_m3-1000m3","9":"pa_m3-1500m3","10":"pa_m3-2000m3","11":"pa_m3-2500m3","12":"pa_m3-3250m3","13":"pa_m3-4250m3","14":"pa_m3-5000m3","15":"pa_m3-7000m3","17":"first","18":"onbackorder","19":"taxable","20":"shipping-taxable","21":"purchasable","22":"product-type-variable","23":"wvs-archive-product-wrapper"},"acf":[],"yoast_head":"<!-- This site is optimized with the Yoast SEO plugin v26.9 - https:\/\/yoast.com\/product\/yoast-seo-wordpress\/ -->\n<title>Boxfan i lyd isoleret tr\u00e6kasse-1000 til 7000m3 - Superseeds.dk<\/title>\n<meta name=\"robots\" content=\"index, follow, max-snippet:-1, max-image-preview:large, max-video-preview:-1\" \/>\n<link rel=\"canonical\" href=\"https:\/\/superseeds.dk\/no\/produkt\/box-fan-oe250-1500-mc-h\/\" \/>\n<meta property=\"og:locale\" content=\"nb_NO\" \/>\n<meta property=\"og:type\" content=\"article\" \/>\n<meta property=\"og:title\" content=\"Boxfan i lyd isoleret tr\u00e6kasse-1000 til 7000m3 - Superseeds.dk\" \/>\n<meta property=\"og:description\" content=\"Isolerede tr\u00e6 ventilatorer der er velegnet n\u00e5r der er krav til st\u00f8j neviau.  velegnet til st\u00f8rre grorum vi anbefaler vores canfilter der er de bedste p\u00e5 markedet.  vores ventilatorer er med den slidst\u00e6rke Torin motor der er st\u00e6rkere og mere driftsikker end mange andre billigere kina motorer der er p\u00e5 markedet!\" \/>\n<meta property=\"og:url\" content=\"https:\/\/superseeds.dk\/no\/produkt\/box-fan-oe250-1500-mc-h\/\" \/>\n<meta property=\"og:site_name\" content=\"Superseeds.dk\" \/>\n<meta property=\"article:modified_time\" content=\"2025-01-30T21:54:42+00:00\" \/>\n<meta property=\"og:image\" content=\"https:\/\/superseeds.dk\/wp-content\/uploads\/2025\/01\/Boxfan-i-lyd-isoleret-traekasse-1000-til-7000m3.png\" \/>\n\t<meta property=\"og:image:width\" content=\"1080\" \/>\n\t<meta property=\"og:image:height\" content=\"1080\" \/>\n\t<meta property=\"og:image:type\" content=\"image\/png\" \/>\n<meta name=\"twitter:card\" content=\"summary_large_image\" \/>\n<script type=\"application\/ld+json\" class=\"yoast-schema-graph\">{\"@context\":\"https:\/\/schema.org\",\"@graph\":[{\"@type\":\"WebPage\",\"@id\":\"https:\/\/superseeds.dk\/vare\/box-fan-oe250-1500-mc-h\/\",\"url\":\"https:\/\/superseeds.dk\/vare\/box-fan-oe250-1500-mc-h\/\",\"name\":\"Boxfan i lyd isoleret tr\u00e6kasse-1000 til 7000m3 - Superseeds.dk\",\"isPartOf\":{\"@id\":\"https:\/\/super-seeds.se\/#website\"},\"primaryImageOfPage\":{\"@id\":\"https:\/\/superseeds.dk\/vare\/box-fan-oe250-1500-mc-h\/#primaryimage\"},\"image\":{\"@id\":\"https:\/\/superseeds.dk\/vare\/box-fan-oe250-1500-mc-h\/#primaryimage\"},\"thumbnailUrl\":\"https:\/\/superseeds.dk\/wp-content\/uploads\/2025\/01\/Boxfan-i-lyd-isoleret-traekasse-1000-til-7000m3.png\",\"datePublished\":\"2025-01-30T21:54:36+00:00\",\"dateModified\":\"2025-01-30T21:54:42+00:00\",\"breadcrumb\":{\"@id\":\"https:\/\/superseeds.dk\/vare\/box-fan-oe250-1500-mc-h\/#breadcrumb\"},\"inLanguage\":\"nb-NO\",\"potentialAction\":[{\"@type\":\"ReadAction\",\"target\":[\"https:\/\/superseeds.dk\/vare\/box-fan-oe250-1500-mc-h\/\"]}]},{\"@type\":\"ImageObject\",\"inLanguage\":\"nb-NO\",\"@id\":\"https:\/\/superseeds.dk\/vare\/box-fan-oe250-1500-mc-h\/#primaryimage\",\"url\":\"https:\/\/superseeds.dk\/wp-content\/uploads\/2025\/01\/Boxfan-i-lyd-isoleret-traekasse-1000-til-7000m3.png\",\"contentUrl\":\"https:\/\/superseeds.dk\/wp-content\/uploads\/2025\/01\/Boxfan-i-lyd-isoleret-traekasse-1000-til-7000m3.png\",\"width\":1080,\"height\":1080},{\"@type\":\"BreadcrumbList\",\"@id\":\"https:\/\/superseeds.dk\/vare\/box-fan-oe250-1500-mc-h\/#breadcrumb\",\"itemListElement\":[{\"@type\":\"ListItem\",\"position\":1,\"name\":\"Hjem\",\"item\":\"https:\/\/superseeds.dk\/\"},{\"@type\":\"ListItem\",\"position\":2,\"name\":\"Shop\",\"item\":\"https:\/\/superseeds.dk\/no\/butikk\/\"},{\"@type\":\"ListItem\",\"position\":3,\"name\":\"Boxfan i lyd isoleret tr\u00e6kasse-1000 til 7000m3\"}]},{\"@type\":\"WebSite\",\"@id\":\"https:\/\/super-seeds.se\/#website\",\"url\":\"https:\/\/super-seeds.se\/\",\"name\":\"Superseeds.dk\",\"description\":\"\",\"publisher\":{\"@id\":\"https:\/\/super-seeds.se\/#organization\"},\"potentialAction\":[{\"@type\":\"SearchAction\",\"target\":{\"@type\":\"EntryPoint\",\"urlTemplate\":\"https:\/\/super-seeds.se\/?s={search_term_string}\"},\"query-input\":{\"@type\":\"PropertyValueSpecification\",\"valueRequired\":true,\"valueName\":\"search_term_string\"}}],\"inLanguage\":\"nb-NO\"},{\"@type\":\"Organization\",\"@id\":\"https:\/\/super-seeds.se\/#organization\",\"name\":\"Superseeds.dk\",\"url\":\"https:\/\/super-seeds.se\/\",\"logo\":{\"@type\":\"ImageObject\",\"inLanguage\":\"nb-NO\",\"@id\":\"https:\/\/super-seeds.se\/#\/schema\/logo\/image\/\",\"url\":\"https:\/\/superseeds.dk\/wp-content\/uploads\/2025\/09\/logo-superseeds.png\",\"contentUrl\":\"https:\/\/superseeds.dk\/wp-content\/uploads\/2025\/09\/logo-superseeds.png\",\"width\":180,\"height\":160,\"caption\":\"Superseeds.dk\"},\"image\":{\"@id\":\"https:\/\/super-seeds.se\/#\/schema\/logo\/image\/\"}}]}<\/script>\n<!-- \/ Yoast SEO plugin. -->","yoast_head_json":{"title":"Boxfan i lyd isoleret tr\u00e6kasse-1000 til 7000m3 - Superseeds.dk","robots":{"index":"index","follow":"follow","max-snippet":"max-snippet:-1","max-image-preview":"max-image-preview:large","max-video-preview":"max-video-preview:-1"},"canonical":"https:\/\/superseeds.dk\/no\/produkt\/box-fan-oe250-1500-mc-h\/","og_locale":"nb_NO","og_type":"article","og_title":"Boxfan i lyd isoleret tr\u00e6kasse-1000 til 7000m3 - Superseeds.dk","og_description":"Isolerede tr\u00e6 ventilatorer der er velegnet n\u00e5r der er krav til st\u00f8j neviau.  velegnet til st\u00f8rre grorum vi anbefaler vores canfilter der er de bedste p\u00e5 markedet.  vores ventilatorer er med den slidst\u00e6rke Torin motor der er st\u00e6rkere og mere driftsikker end mange andre billigere kina motorer der er p\u00e5 markedet!","og_url":"https:\/\/superseeds.dk\/no\/produkt\/box-fan-oe250-1500-mc-h\/","og_site_name":"Superseeds.dk","article_modified_time":"2025-01-30T21:54:42+00:00","og_image":[{"width":1080,"height":1080,"url":"https:\/\/superseeds.dk\/wp-content\/uploads\/2025\/01\/Boxfan-i-lyd-isoleret-traekasse-1000-til-7000m3.png","type":"image\/png"}],"twitter_card":"summary_large_image","schema":{"@context":"https:\/\/schema.org","@graph":[{"@type":"WebPage","@id":"https:\/\/superseeds.dk\/vare\/box-fan-oe250-1500-mc-h\/","url":"https:\/\/superseeds.dk\/vare\/box-fan-oe250-1500-mc-h\/","name":"Boxfan i lyd isoleret tr\u00e6kasse-1000 til 7000m3 - Superseeds.dk","isPartOf":{"@id":"https:\/\/super-seeds.se\/#website"},"primaryImageOfPage":{"@id":"https:\/\/superseeds.dk\/vare\/box-fan-oe250-1500-mc-h\/#primaryimage"},"image":{"@id":"https:\/\/superseeds.dk\/vare\/box-fan-oe250-1500-mc-h\/#primaryimage"},"thumbnailUrl":"https:\/\/superseeds.dk\/wp-content\/uploads\/2025\/01\/Boxfan-i-lyd-isoleret-traekasse-1000-til-7000m3.png","datePublished":"2025-01-30T21:54:36+00:00","dateModified":"2025-01-30T21:54:42+00:00","breadcrumb":{"@id":"https:\/\/superseeds.dk\/vare\/box-fan-oe250-1500-mc-h\/#breadcrumb"},"inLanguage":"nb-NO","potentialAction":[{"@type":"ReadAction","target":["https:\/\/superseeds.dk\/vare\/box-fan-oe250-1500-mc-h\/"]}]},{"@type":"ImageObject","inLanguage":"nb-NO","@id":"https:\/\/superseeds.dk\/vare\/box-fan-oe250-1500-mc-h\/#primaryimage","url":"https:\/\/superseeds.dk\/wp-content\/uploads\/2025\/01\/Boxfan-i-lyd-isoleret-traekasse-1000-til-7000m3.png","contentUrl":"https:\/\/superseeds.dk\/wp-content\/uploads\/2025\/01\/Boxfan-i-lyd-isoleret-traekasse-1000-til-7000m3.png","width":1080,"height":1080},{"@type":"BreadcrumbList","@id":"https:\/\/superseeds.dk\/vare\/box-fan-oe250-1500-mc-h\/#breadcrumb","itemListElement":[{"@type":"ListItem","position":1,"name":"Hjem","item":"https:\/\/superseeds.dk\/"},{"@type":"ListItem","position":2,"name":"Shop","item":"https:\/\/superseeds.dk\/no\/butikk\/"},{"@type":"ListItem","position":3,"name":"Boxfan i lyd isoleret tr\u00e6kasse-1000 til 7000m3"}]},{"@type":"WebSite","@id":"https:\/\/super-seeds.se\/#website","url":"https:\/\/super-seeds.se\/","name":"Superseeds.com","description":"","publisher":{"@id":"https:\/\/super-seeds.se\/#organization"},"potentialAction":[{"@type":"SearchAction","target":{"@type":"EntryPoint","urlTemplate":"https:\/\/super-seeds.se\/?s={search_term_string}"},"query-input":{"@type":"PropertyValueSpecification","valueRequired":true,"valueName":"search_term_string"}}],"inLanguage":"nb-NO"},{"@type":"Organization","@id":"https:\/\/super-seeds.se\/#organization","name":"Superseeds.com","url":"https:\/\/super-seeds.se\/","logo":{"@type":"ImageObject","inLanguage":"nb-NO","@id":"https:\/\/super-seeds.se\/#\/schema\/logo\/image\/","url":"https:\/\/superseeds.dk\/wp-content\/uploads\/2025\/09\/logo-superseeds.png","contentUrl":"https:\/\/superseeds.dk\/wp-content\/uploads\/2025\/09\/logo-superseeds.png","width":180,"height":160,"caption":"Superseeds.dk"},"image":{"@id":"https:\/\/super-seeds.se\/#\/schema\/logo\/image\/"}}]}},"df_price":1995,"df_sale_price":"","df_regular_price":1995,"df_image_link":"https:\/\/superseeds.dk\/wp-content\/uploads\/2025\/01\/Boxfan-i-lyd-isoleret-traekasse-1000-til-7000m3-1024x1024.png","_links":{"self":[{"href":"https:\/\/superseeds.dk\/no\/wp-json\/wp\/v2\/product\/58153","targetHints":{"allow":["GET"]}}],"collection":[{"href":"https:\/\/superseeds.dk\/no\/wp-json\/wp\/v2\/product"}],"about":[{"href":"https:\/\/superseeds.dk\/no\/wp-json\/wp\/v2\/types\/product"}],"wp:featuredmedia":[{"embeddable":true,"href":"https:\/\/superseeds.dk\/no\/wp-json\/wp\/v2\/media\/58172"}],"wp:attachment":[{"href":"https:\/\/superseeds.dk\/no\/wp-json\/wp\/v2\/media?parent=58153"}],"wp:term":[{"taxonomy":"product_brand","embeddable":true,"href":"https:\/\/superseeds.dk\/no\/wp-json\/wp\/v2\/product_brand?post=58153"},{"taxonomy":"product_cat","embeddable":true,"href":"https:\/\/superseeds.dk\/no\/wp-json\/wp\/v2\/product_cat?post=58153"},{"taxonomy":"product_tag","embeddable":true,"href":"https:\/\/superseeds.dk\/no\/wp-json\/wp\/v2\/product_tag?post=58153"}],"curies":[{"name":"wp","href":"https:\/\/api.w.org\/{rel}","templated":true}]}}