{"id":58101,"date":"2025-01-30T22:53:55","date_gmt":"2025-01-30T21:53:55","guid":{"rendered":"https:\/\/superseeds.dk\/vare\/secret-jardin-df16-udsugning-150-250-350m3-t\/"},"modified":"2025-01-30T22:53:59","modified_gmt":"2025-01-30T21:53:59","slug":"secret-jardin-df16-udsugning-150-250-350m3-t","status":"publish","type":"product","link":"https:\/\/superseeds.dk\/no\/produkt\/secret-jardin-df16-udsugning-150-250-350m3-t\/","title":{"rendered":"Secret Jardin DF16 udsugning &#8211; 150\/250\/350m3\/t"},"content":{"rendered":"<h3>Secret Jardin DF16 udsugning &#8211; 150\/250\/350m3\/t<\/h3>\n<p>Secret Jardin har med deres nye udsugningsmotor\/extractor lavet et system, der passer perfekt til telte og passer til deres ny DF flange system.<br \/>\nMontering har aldrig v\u00e6ret nemmere og hele ops\u00e6tningen klares p\u00e5 f\u00e5 minutter<\/p>\n<p>Velegnet til kombination med <a href=\"https:\/\/gro-lys.dk\/shop\/groudstyr\/klima\/kulfilter\/secret-jardin-df16-kulfilter-350m3-t\/\">DF16 kulfiltere\u00a0<\/a><\/p>\n<p>Motoren har indbygget temperatur styring funktioner, med indstillinger til temperatur, samt ventilator hastighed.<br \/>\nUdstyret med b\u00e5de en intern, samt en ekstern temperatur m\u00e5ler, for at im\u00f8dekomme st\u00f8rrelser af grotelte p\u00e5 op til 120&#215;120.<\/p>\n<p>Det nyeste og mest smart ved denne enhed er, at der er indbygget en ny EC-motor, hvilet resulter i mindre st\u00f8j fra motoren samt en l\u00e6ngere holdbarhed, da EC-motoren er smartere end \u00e6ldre typer.<\/p>\n<p><strong>Spesifikasjoner:<\/strong><\/p>\n<p>V\u00e6gt: 1,5kg<br \/>\nStr\u00f8mforbrug: 35w<br \/>\nSt\u00f8rrelse LBH: 25, 25, 21cm<br \/>\nSt\u00f8jniveau db:\u00a0 36, 54, 61db<\/p>","protected":false},"excerpt":{"rendered":"<h3>Secret Jardin DF16 udsugning &#8211; 150\/250\/350m3\/t<\/h3>\n<p>Secret Jardin har med deres nye udsugningsmotor\/extractor lavet et system, der passer perfekt til telte og passer til deres ny DF flange system.<br \/>\nMontering har aldrig v\u00e6ret nemmere og hele ops\u00e6tningen klares p\u00e5 f\u00e5 minutter<\/p>\n<h3>Inkluderet:<\/h3>\n<ul>\n<li>Ventilator DF16E350 med EC motor<\/li>\n<li>Adapter DF16 Ring<\/li>\n<li>Sekund\u00e6r temperatur sensor<\/li>\n<li>24V Str\u00f8mforsyning, 3 meter kabel<\/li>\n<\/ul>","protected":false},"featured_media":58105,"template":"","meta":{"_acf_changed":false},"product_brand":[],"product_cat":[1824,1869],"product_tag":[],"class_list":{"0":"post-58101","1":"product","2":"type-product","3":"status-publish","4":"has-post-thumbnail","6":"product_cat-klima","7":"product_cat-ventilator-udsug","9":"first","10":"onbackorder","11":"taxable","12":"shipping-taxable","13":"purchasable","14":"product-type-simple"},"acf":[],"yoast_head":"<!-- This site is optimized with the Yoast SEO plugin v26.9 - https:\/\/yoast.com\/product\/yoast-seo-wordpress\/ -->\n<title>Secret Jardin DF16 udsugning - 150\/250\/350m3\/t - Superseeds.dk<\/title>\n<meta name=\"robots\" content=\"index, follow, max-snippet:-1, max-image-preview:large, max-video-preview:-1\" \/>\n<link rel=\"canonical\" href=\"https:\/\/superseeds.dk\/no\/produkt\/secret-jardin-df16-udsugning-150-250-350m3-t\/\" \/>\n<meta property=\"og:locale\" content=\"nb_NO\" \/>\n<meta property=\"og:type\" content=\"article\" \/>\n<meta property=\"og:title\" content=\"Secret Jardin DF16 udsugning - 150\/250\/350m3\/t - Superseeds.dk\" \/>\n<meta property=\"og:description\" content=\"Secret Jardin DF16 udsugning - 150\/250\/350m3\/t Secret Jardin har med deres nye udsugningsmotor\/extractor lavet et system, der passer perfekt til telte og passer til deres ny DF flange system. Montering har aldrig v\u00e6ret nemmere og hele ops\u00e6tningen klares p\u00e5 f\u00e5 minutter Inkluderet:   Ventilator DF16E350 med EC motor  Adapter DF16 Ring  Sekund\u00e6r temperatur sensor  24V Str\u00f8mforsyning, 3 meter kabel\" \/>\n<meta property=\"og:url\" content=\"https:\/\/superseeds.dk\/no\/produkt\/secret-jardin-df16-udsugning-150-250-350m3-t\/\" \/>\n<meta property=\"og:site_name\" content=\"Superseeds.dk\" \/>\n<meta property=\"article:modified_time\" content=\"2025-01-30T21:53:59+00:00\" \/>\n<meta property=\"og:image\" content=\"https:\/\/superseeds.dk\/wp-content\/uploads\/2025\/01\/Secret-Jardin-DF16-udsugning-\u2013-150_250_350m3_t.png\" \/>\n\t<meta property=\"og:image:width\" content=\"1080\" \/>\n\t<meta property=\"og:image:height\" content=\"1080\" \/>\n\t<meta property=\"og:image:type\" content=\"image\/png\" \/>\n<meta name=\"twitter:card\" content=\"summary_large_image\" \/>\n<meta name=\"twitter:label1\" content=\"Ansl. lesetid\" \/>\n\t<meta name=\"twitter:data1\" content=\"1 minutt\" \/>\n<script type=\"application\/ld+json\" class=\"yoast-schema-graph\">{\"@context\":\"https:\/\/schema.org\",\"@graph\":[{\"@type\":\"WebPage\",\"@id\":\"https:\/\/superseeds.dk\/vare\/secret-jardin-df16-udsugning-150-250-350m3-t\/\",\"url\":\"https:\/\/superseeds.dk\/vare\/secret-jardin-df16-udsugning-150-250-350m3-t\/\",\"name\":\"Secret Jardin DF16 udsugning - 150\/250\/350m3\/t - Superseeds.dk\",\"isPartOf\":{\"@id\":\"https:\/\/super-seeds.se\/#website\"},\"primaryImageOfPage\":{\"@id\":\"https:\/\/superseeds.dk\/vare\/secret-jardin-df16-udsugning-150-250-350m3-t\/#primaryimage\"},\"image\":{\"@id\":\"https:\/\/superseeds.dk\/vare\/secret-jardin-df16-udsugning-150-250-350m3-t\/#primaryimage\"},\"thumbnailUrl\":\"https:\/\/superseeds.dk\/wp-content\/uploads\/2025\/01\/Secret-Jardin-DF16-udsugning-\u2013-150_250_350m3_t.png\",\"datePublished\":\"2025-01-30T21:53:55+00:00\",\"dateModified\":\"2025-01-30T21:53:59+00:00\",\"breadcrumb\":{\"@id\":\"https:\/\/superseeds.dk\/vare\/secret-jardin-df16-udsugning-150-250-350m3-t\/#breadcrumb\"},\"inLanguage\":\"nb-NO\",\"potentialAction\":[{\"@type\":\"ReadAction\",\"target\":[\"https:\/\/superseeds.dk\/vare\/secret-jardin-df16-udsugning-150-250-350m3-t\/\"]}]},{\"@type\":\"ImageObject\",\"inLanguage\":\"nb-NO\",\"@id\":\"https:\/\/superseeds.dk\/vare\/secret-jardin-df16-udsugning-150-250-350m3-t\/#primaryimage\",\"url\":\"https:\/\/superseeds.dk\/wp-content\/uploads\/2025\/01\/Secret-Jardin-DF16-udsugning-\u2013-150_250_350m3_t.png\",\"contentUrl\":\"https:\/\/superseeds.dk\/wp-content\/uploads\/2025\/01\/Secret-Jardin-DF16-udsugning-\u2013-150_250_350m3_t.png\",\"width\":1080,\"height\":1080},{\"@type\":\"BreadcrumbList\",\"@id\":\"https:\/\/superseeds.dk\/vare\/secret-jardin-df16-udsugning-150-250-350m3-t\/#breadcrumb\",\"itemListElement\":[{\"@type\":\"ListItem\",\"position\":1,\"name\":\"Hjem\",\"item\":\"https:\/\/superseeds.dk\/\"},{\"@type\":\"ListItem\",\"position\":2,\"name\":\"Shop\",\"item\":\"https:\/\/superseeds.dk\/no\/butikk\/\"},{\"@type\":\"ListItem\",\"position\":3,\"name\":\"Secret Jardin DF16 udsugning &#8211; 150\/250\/350m3\/t\"}]},{\"@type\":\"WebSite\",\"@id\":\"https:\/\/super-seeds.se\/#website\",\"url\":\"https:\/\/super-seeds.se\/\",\"name\":\"Superseeds.dk\",\"description\":\"\",\"publisher\":{\"@id\":\"https:\/\/super-seeds.se\/#organization\"},\"potentialAction\":[{\"@type\":\"SearchAction\",\"target\":{\"@type\":\"EntryPoint\",\"urlTemplate\":\"https:\/\/super-seeds.se\/?s={search_term_string}\"},\"query-input\":{\"@type\":\"PropertyValueSpecification\",\"valueRequired\":true,\"valueName\":\"search_term_string\"}}],\"inLanguage\":\"nb-NO\"},{\"@type\":\"Organization\",\"@id\":\"https:\/\/super-seeds.se\/#organization\",\"name\":\"Superseeds.dk\",\"url\":\"https:\/\/super-seeds.se\/\",\"logo\":{\"@type\":\"ImageObject\",\"inLanguage\":\"nb-NO\",\"@id\":\"https:\/\/super-seeds.se\/#\/schema\/logo\/image\/\",\"url\":\"https:\/\/superseeds.dk\/wp-content\/uploads\/2025\/09\/logo-superseeds.png\",\"contentUrl\":\"https:\/\/superseeds.dk\/wp-content\/uploads\/2025\/09\/logo-superseeds.png\",\"width\":180,\"height\":160,\"caption\":\"Superseeds.dk\"},\"image\":{\"@id\":\"https:\/\/super-seeds.se\/#\/schema\/logo\/image\/\"}}]}<\/script>\n<!-- \/ Yoast SEO plugin. -->","yoast_head_json":{"title":"Secret Jardin DF16 udsugning - 150\/250\/350m3\/t - Superseeds.dk","robots":{"index":"index","follow":"follow","max-snippet":"max-snippet:-1","max-image-preview":"max-image-preview:large","max-video-preview":"max-video-preview:-1"},"canonical":"https:\/\/superseeds.dk\/no\/produkt\/secret-jardin-df16-udsugning-150-250-350m3-t\/","og_locale":"nb_NO","og_type":"article","og_title":"Secret Jardin DF16 udsugning - 150\/250\/350m3\/t - Superseeds.dk","og_description":"Secret Jardin DF16 udsugning - 150\/250\/350m3\/t Secret Jardin har med deres nye udsugningsmotor\/extractor lavet et system, der passer perfekt til telte og passer til deres ny DF flange system. Montering har aldrig v\u00e6ret nemmere og hele ops\u00e6tningen klares p\u00e5 f\u00e5 minutter Inkluderet:   Ventilator DF16E350 med EC motor  Adapter DF16 Ring  Sekund\u00e6r temperatur sensor  24V Str\u00f8mforsyning, 3 meter kabel","og_url":"https:\/\/superseeds.dk\/no\/produkt\/secret-jardin-df16-udsugning-150-250-350m3-t\/","og_site_name":"Superseeds.dk","article_modified_time":"2025-01-30T21:53:59+00:00","og_image":[{"width":1080,"height":1080,"url":"https:\/\/superseeds.dk\/wp-content\/uploads\/2025\/01\/Secret-Jardin-DF16-udsugning-\u2013-150_250_350m3_t.png","type":"image\/png"}],"twitter_card":"summary_large_image","twitter_misc":{"Ansl. lesetid":"1 minutt"},"schema":{"@context":"https:\/\/schema.org","@graph":[{"@type":"WebPage","@id":"https:\/\/superseeds.dk\/vare\/secret-jardin-df16-udsugning-150-250-350m3-t\/","url":"https:\/\/superseeds.dk\/vare\/secret-jardin-df16-udsugning-150-250-350m3-t\/","name":"Secret Jardin DF16 udsugning - 150\/250\/350m3\/t - Superseeds.dk","isPartOf":{"@id":"https:\/\/super-seeds.se\/#website"},"primaryImageOfPage":{"@id":"https:\/\/superseeds.dk\/vare\/secret-jardin-df16-udsugning-150-250-350m3-t\/#primaryimage"},"image":{"@id":"https:\/\/superseeds.dk\/vare\/secret-jardin-df16-udsugning-150-250-350m3-t\/#primaryimage"},"thumbnailUrl":"https:\/\/superseeds.dk\/wp-content\/uploads\/2025\/01\/Secret-Jardin-DF16-udsugning-\u2013-150_250_350m3_t.png","datePublished":"2025-01-30T21:53:55+00:00","dateModified":"2025-01-30T21:53:59+00:00","breadcrumb":{"@id":"https:\/\/superseeds.dk\/vare\/secret-jardin-df16-udsugning-150-250-350m3-t\/#breadcrumb"},"inLanguage":"nb-NO","potentialAction":[{"@type":"ReadAction","target":["https:\/\/superseeds.dk\/vare\/secret-jardin-df16-udsugning-150-250-350m3-t\/"]}]},{"@type":"ImageObject","inLanguage":"nb-NO","@id":"https:\/\/superseeds.dk\/vare\/secret-jardin-df16-udsugning-150-250-350m3-t\/#primaryimage","url":"https:\/\/superseeds.dk\/wp-content\/uploads\/2025\/01\/Secret-Jardin-DF16-udsugning-\u2013-150_250_350m3_t.png","contentUrl":"https:\/\/superseeds.dk\/wp-content\/uploads\/2025\/01\/Secret-Jardin-DF16-udsugning-\u2013-150_250_350m3_t.png","width":1080,"height":1080},{"@type":"BreadcrumbList","@id":"https:\/\/superseeds.dk\/vare\/secret-jardin-df16-udsugning-150-250-350m3-t\/#breadcrumb","itemListElement":[{"@type":"ListItem","position":1,"name":"Hjem","item":"https:\/\/superseeds.dk\/"},{"@type":"ListItem","position":2,"name":"Shop","item":"https:\/\/superseeds.dk\/no\/butikk\/"},{"@type":"ListItem","position":3,"name":"Secret Jardin DF16 udsugning &#8211; 150\/250\/350m3\/t"}]},{"@type":"WebSite","@id":"https:\/\/super-seeds.se\/#website","url":"https:\/\/super-seeds.se\/","name":"Superseeds.com","description":"","publisher":{"@id":"https:\/\/super-seeds.se\/#organization"},"potentialAction":[{"@type":"SearchAction","target":{"@type":"EntryPoint","urlTemplate":"https:\/\/super-seeds.se\/?s={search_term_string}"},"query-input":{"@type":"PropertyValueSpecification","valueRequired":true,"valueName":"search_term_string"}}],"inLanguage":"nb-NO"},{"@type":"Organization","@id":"https:\/\/super-seeds.se\/#organization","name":"Superseeds.com","url":"https:\/\/super-seeds.se\/","logo":{"@type":"ImageObject","inLanguage":"nb-NO","@id":"https:\/\/super-seeds.se\/#\/schema\/logo\/image\/","url":"https:\/\/superseeds.dk\/wp-content\/uploads\/2025\/09\/logo-superseeds.png","contentUrl":"https:\/\/superseeds.dk\/wp-content\/uploads\/2025\/09\/logo-superseeds.png","width":180,"height":160,"caption":"Superseeds.dk"},"image":{"@id":"https:\/\/super-seeds.se\/#\/schema\/logo\/image\/"}}]}},"df_price":1149,"df_sale_price":"","df_regular_price":1149,"df_image_link":"https:\/\/superseeds.dk\/wp-content\/uploads\/2025\/01\/Secret-Jardin-DF16-udsugning-\u2013-150_250_350m3_t-1024x1024.png","_links":{"self":[{"href":"https:\/\/superseeds.dk\/no\/wp-json\/wp\/v2\/product\/58101","targetHints":{"allow":["GET"]}}],"collection":[{"href":"https:\/\/superseeds.dk\/no\/wp-json\/wp\/v2\/product"}],"about":[{"href":"https:\/\/superseeds.dk\/no\/wp-json\/wp\/v2\/types\/product"}],"wp:featuredmedia":[{"embeddable":true,"href":"https:\/\/superseeds.dk\/no\/wp-json\/wp\/v2\/media\/58105"}],"wp:attachment":[{"href":"https:\/\/superseeds.dk\/no\/wp-json\/wp\/v2\/media?parent=58101"}],"wp:term":[{"taxonomy":"product_brand","embeddable":true,"href":"https:\/\/superseeds.dk\/no\/wp-json\/wp\/v2\/product_brand?post=58101"},{"taxonomy":"product_cat","embeddable":true,"href":"https:\/\/superseeds.dk\/no\/wp-json\/wp\/v2\/product_cat?post=58101"},{"taxonomy":"product_tag","embeddable":true,"href":"https:\/\/superseeds.dk\/no\/wp-json\/wp\/v2\/product_tag?post=58101"}],"curies":[{"name":"wp","href":"https:\/\/api.w.org\/{rel}","templated":true}]}}