{"id":58088,"date":"2025-01-30T22:53:43","date_gmt":"2025-01-30T21:53:43","guid":{"rendered":"https:\/\/superseeds.dk\/vare\/co2-canister\/"},"modified":"2025-01-30T22:53:45","modified_gmt":"2025-01-30T21:53:45","slug":"co2-canister","status":"publish","type":"product","link":"https:\/\/superseeds.dk\/no\/produkt\/co2-canister\/","title":{"rendered":"CO2 Canister"},"content":{"rendered":"<p>The Enhancer CO2 Cannister er en praktisk og effektiv m\u00e5de at tilf\u00f8je CO2 til dit grow room og forbedre v\u00e6ksten og h\u00f8sten af dine planter. CO2 er en afg\u00f8rende bestanddel af fotosyntesen, den proces, hvorved planter omdanner solenergi til kemisk energi ved at bruge vand og CO2 til at producere glukose og ilt. Ved at tilf\u00f8je ekstra CO2 til dit grow room kan du \u00f8ge fotosyntesen og forbedre plantens v\u00e6kst, udbytte og generelle sundhed.<\/p>\n<p>The Enhancer CO2 Cannister er altid frisk, da den aktiveres med vand. Cannisteren producerer ikke varme og kr\u00e6ver ingen ekstra udstyr til installation. CO2-niveauet i atmosf\u00e6ren er normalt omkring 400 ppm (parts per million), men planter kan have gavn af h\u00f8jere CO2-niveauer i en lukket eller delvis lukket v\u00e6kstomgivelse. The Enhancer CO2 Cannister rammer h\u00f8je PPM-niveauer og kan forsyne et grow room p\u00e5 op til 11 kvadratmeter.<\/p>\n<p>Det er vigtigt at bem\u00e6rke, at CO2-niveauerne skal holdes mellem 1200-1500 ppm (parts per million) i dit grow room for at opn\u00e5 de bedste resultater. The Enhancer CO2 Cannister er designet til at vare i ca. 2-3 uger afh\u00e6ngigt af faktorer s\u00e5som temperaturen og luftstr\u00f8mmen i dit grow room.<\/p>\n<p>The Enhancer CO2 Cannister er en billig og nem l\u00f8sning til at tilf\u00f8je CO2 til dit grow room. Det kr\u00e6ver ingen ekstra udstyr og er nemt at installere. Det er ideelt til mindre til mellemstore grow rooms, og st\u00f8rre grow rooms vil muligvis have brug for flere cannistere for at opn\u00e5 de \u00f8nskede CO2-niveauer.<\/p>\n<p>Samlet set er The Enhancer CO2 Cannister en ideel m\u00e5de at forbedre v\u00e6ksten og h\u00f8sten af dine planter p\u00e5, samtidig med at du holder CO2-niveauerne i dit grow room under kontrol. Det er en \u00f8konomisk start-up-l\u00f8sning, der er nem at bruge og ikke kr\u00e6ver nogen ekstra udstyr, hvilket g\u00f8r det til et ideelt valg for alle, der \u00f8nsker at dyrke sundere og mere produktive planter.<\/p>","protected":false},"excerpt":{"rendered":"<p>CO2 er en afg\u00f8rende bestanddel af fotosyntesen, den proces, hvorved planter omdanner solenergi til kemisk energi ved at bruge vand og CO2 til at producere glukose og ilt. Ved at tilf\u00f8je ekstra CO2 til dit grow room kan du \u00f8ge fotosyntesen og forbedre plantens v\u00e6kst, udbytte og generelle sundhed.<\/p>","protected":false},"featured_media":58089,"template":"","meta":{"_acf_changed":false},"product_brand":[],"product_cat":[1884,1824],"product_tag":[],"class_list":{"0":"post-58088","1":"product","2":"type-product","3":"status-publish","4":"has-post-thumbnail","6":"product_cat-co2","7":"product_cat-klima","9":"first","10":"instock","11":"taxable","12":"shipping-taxable","13":"purchasable","14":"product-type-simple"},"acf":[],"yoast_head":"<!-- This site is optimized with the Yoast SEO plugin v26.9 - https:\/\/yoast.com\/product\/yoast-seo-wordpress\/ -->\n<title>CO2 Canister - Superseeds.dk<\/title>\n<meta name=\"robots\" content=\"index, follow, max-snippet:-1, max-image-preview:large, max-video-preview:-1\" \/>\n<link rel=\"canonical\" href=\"https:\/\/superseeds.dk\/no\/produkt\/co2-canister\/\" \/>\n<meta property=\"og:locale\" content=\"nb_NO\" \/>\n<meta property=\"og:type\" content=\"article\" \/>\n<meta property=\"og:title\" content=\"CO2 Canister - Superseeds.dk\" \/>\n<meta property=\"og:description\" content=\"CO2 er en afg\u00f8rende bestanddel af fotosyntesen, den proces, hvorved planter omdanner solenergi til kemisk energi ved at bruge vand og CO2 til at producere glukose og ilt. Ved at tilf\u00f8je ekstra CO2 til dit grow room kan du \u00f8ge fotosyntesen og forbedre plantens v\u00e6kst, udbytte og generelle sundhed.\" \/>\n<meta property=\"og:url\" content=\"https:\/\/superseeds.dk\/no\/produkt\/co2-canister\/\" \/>\n<meta property=\"og:site_name\" content=\"Superseeds.dk\" \/>\n<meta property=\"article:modified_time\" content=\"2025-01-30T21:53:45+00:00\" \/>\n<meta property=\"og:image\" content=\"https:\/\/super-seeds.no\/wp-content\/uploads\/2025\/01\/CO2-Canister.png\" \/>\n\t<meta property=\"og:image:width\" content=\"1080\" \/>\n\t<meta property=\"og:image:height\" content=\"1080\" \/>\n\t<meta property=\"og:image:type\" content=\"image\/png\" \/>\n<meta name=\"twitter:card\" content=\"summary_large_image\" \/>\n<meta name=\"twitter:label1\" content=\"Ansl. lesetid\" \/>\n\t<meta name=\"twitter:data1\" content=\"2 minutter\" \/>\n<script type=\"application\/ld+json\" class=\"yoast-schema-graph\">{\"@context\":\"https:\/\/schema.org\",\"@graph\":[{\"@type\":\"WebPage\",\"@id\":\"https:\/\/superseeds.dk\/vare\/co2-canister\/\",\"url\":\"https:\/\/superseeds.dk\/vare\/co2-canister\/\",\"name\":\"CO2 Canister - Superseeds.dk\",\"isPartOf\":{\"@id\":\"https:\/\/super-seeds.se\/#website\"},\"primaryImageOfPage\":{\"@id\":\"https:\/\/superseeds.dk\/vare\/co2-canister\/#primaryimage\"},\"image\":{\"@id\":\"https:\/\/superseeds.dk\/vare\/co2-canister\/#primaryimage\"},\"thumbnailUrl\":\"https:\/\/superseeds.dk\/wp-content\/uploads\/2025\/01\/CO2-Canister.png\",\"datePublished\":\"2025-01-30T21:53:43+00:00\",\"dateModified\":\"2025-01-30T21:53:45+00:00\",\"breadcrumb\":{\"@id\":\"https:\/\/superseeds.dk\/vare\/co2-canister\/#breadcrumb\"},\"inLanguage\":\"nb-NO\",\"potentialAction\":[{\"@type\":\"ReadAction\",\"target\":[\"https:\/\/superseeds.dk\/vare\/co2-canister\/\"]}]},{\"@type\":\"ImageObject\",\"inLanguage\":\"nb-NO\",\"@id\":\"https:\/\/superseeds.dk\/vare\/co2-canister\/#primaryimage\",\"url\":\"https:\/\/superseeds.dk\/wp-content\/uploads\/2025\/01\/CO2-Canister.png\",\"contentUrl\":\"https:\/\/superseeds.dk\/wp-content\/uploads\/2025\/01\/CO2-Canister.png\",\"width\":1080,\"height\":1080},{\"@type\":\"BreadcrumbList\",\"@id\":\"https:\/\/superseeds.dk\/vare\/co2-canister\/#breadcrumb\",\"itemListElement\":[{\"@type\":\"ListItem\",\"position\":1,\"name\":\"Hjem\",\"item\":\"https:\/\/superseeds.dk\/\"},{\"@type\":\"ListItem\",\"position\":2,\"name\":\"Shop\",\"item\":\"https:\/\/superseeds.dk\/no\/butikk\/\"},{\"@type\":\"ListItem\",\"position\":3,\"name\":\"CO2 Canister\"}]},{\"@type\":\"WebSite\",\"@id\":\"https:\/\/super-seeds.se\/#website\",\"url\":\"https:\/\/super-seeds.se\/\",\"name\":\"Superseeds.dk\",\"description\":\"\",\"publisher\":{\"@id\":\"https:\/\/super-seeds.se\/#organization\"},\"potentialAction\":[{\"@type\":\"SearchAction\",\"target\":{\"@type\":\"EntryPoint\",\"urlTemplate\":\"https:\/\/super-seeds.se\/?s={search_term_string}\"},\"query-input\":{\"@type\":\"PropertyValueSpecification\",\"valueRequired\":true,\"valueName\":\"search_term_string\"}}],\"inLanguage\":\"nb-NO\"},{\"@type\":\"Organization\",\"@id\":\"https:\/\/super-seeds.se\/#organization\",\"name\":\"Superseeds.dk\",\"url\":\"https:\/\/super-seeds.se\/\",\"logo\":{\"@type\":\"ImageObject\",\"inLanguage\":\"nb-NO\",\"@id\":\"https:\/\/super-seeds.se\/#\/schema\/logo\/image\/\",\"url\":\"https:\/\/superseeds.dk\/wp-content\/uploads\/2025\/09\/logo-superseeds.png\",\"contentUrl\":\"https:\/\/superseeds.dk\/wp-content\/uploads\/2025\/09\/logo-superseeds.png\",\"width\":180,\"height\":160,\"caption\":\"Superseeds.dk\"},\"image\":{\"@id\":\"https:\/\/super-seeds.se\/#\/schema\/logo\/image\/\"}}]}<\/script>\n<!-- \/ Yoast SEO plugin. -->","yoast_head_json":{"title":"CO2 Canister - Superseeds.dk","robots":{"index":"index","follow":"follow","max-snippet":"max-snippet:-1","max-image-preview":"max-image-preview:large","max-video-preview":"max-video-preview:-1"},"canonical":"https:\/\/superseeds.dk\/no\/produkt\/co2-canister\/","og_locale":"nb_NO","og_type":"article","og_title":"CO2 Canister - Superseeds.dk","og_description":"CO2 er en afg\u00f8rende bestanddel af fotosyntesen, den proces, hvorved planter omdanner solenergi til kemisk energi ved at bruge vand og CO2 til at producere glukose og ilt. Ved at tilf\u00f8je ekstra CO2 til dit grow room kan du \u00f8ge fotosyntesen og forbedre plantens v\u00e6kst, udbytte og generelle sundhed.","og_url":"https:\/\/superseeds.dk\/no\/produkt\/co2-canister\/","og_site_name":"Superseeds.dk","article_modified_time":"2025-01-30T21:53:45+00:00","og_image":[{"width":1080,"height":1080,"url":"https:\/\/super-seeds.no\/wp-content\/uploads\/2025\/01\/CO2-Canister.png","type":"image\/png"}],"twitter_card":"summary_large_image","twitter_misc":{"Ansl. lesetid":"2 minutter"},"schema":{"@context":"https:\/\/schema.org","@graph":[{"@type":"WebPage","@id":"https:\/\/superseeds.dk\/vare\/co2-canister\/","url":"https:\/\/superseeds.dk\/vare\/co2-canister\/","name":"CO2 Canister - Superseeds.dk","isPartOf":{"@id":"https:\/\/super-seeds.se\/#website"},"primaryImageOfPage":{"@id":"https:\/\/superseeds.dk\/vare\/co2-canister\/#primaryimage"},"image":{"@id":"https:\/\/superseeds.dk\/vare\/co2-canister\/#primaryimage"},"thumbnailUrl":"https:\/\/superseeds.dk\/wp-content\/uploads\/2025\/01\/CO2-Canister.png","datePublished":"2025-01-30T21:53:43+00:00","dateModified":"2025-01-30T21:53:45+00:00","breadcrumb":{"@id":"https:\/\/superseeds.dk\/vare\/co2-canister\/#breadcrumb"},"inLanguage":"nb-NO","potentialAction":[{"@type":"ReadAction","target":["https:\/\/superseeds.dk\/vare\/co2-canister\/"]}]},{"@type":"ImageObject","inLanguage":"nb-NO","@id":"https:\/\/superseeds.dk\/vare\/co2-canister\/#primaryimage","url":"https:\/\/superseeds.dk\/wp-content\/uploads\/2025\/01\/CO2-Canister.png","contentUrl":"https:\/\/superseeds.dk\/wp-content\/uploads\/2025\/01\/CO2-Canister.png","width":1080,"height":1080},{"@type":"BreadcrumbList","@id":"https:\/\/superseeds.dk\/vare\/co2-canister\/#breadcrumb","itemListElement":[{"@type":"ListItem","position":1,"name":"Hjem","item":"https:\/\/superseeds.dk\/"},{"@type":"ListItem","position":2,"name":"Shop","item":"https:\/\/superseeds.dk\/no\/butikk\/"},{"@type":"ListItem","position":3,"name":"CO2 Canister"}]},{"@type":"WebSite","@id":"https:\/\/super-seeds.se\/#website","url":"https:\/\/super-seeds.se\/","name":"Superseeds.com","description":"","publisher":{"@id":"https:\/\/super-seeds.se\/#organization"},"potentialAction":[{"@type":"SearchAction","target":{"@type":"EntryPoint","urlTemplate":"https:\/\/super-seeds.se\/?s={search_term_string}"},"query-input":{"@type":"PropertyValueSpecification","valueRequired":true,"valueName":"search_term_string"}}],"inLanguage":"nb-NO"},{"@type":"Organization","@id":"https:\/\/super-seeds.se\/#organization","name":"Superseeds.com","url":"https:\/\/super-seeds.se\/","logo":{"@type":"ImageObject","inLanguage":"nb-NO","@id":"https:\/\/super-seeds.se\/#\/schema\/logo\/image\/","url":"https:\/\/superseeds.dk\/wp-content\/uploads\/2025\/09\/logo-superseeds.png","contentUrl":"https:\/\/superseeds.dk\/wp-content\/uploads\/2025\/09\/logo-superseeds.png","width":180,"height":160,"caption":"Superseeds.dk"},"image":{"@id":"https:\/\/super-seeds.se\/#\/schema\/logo\/image\/"}}]}},"df_price":439,"df_sale_price":"","df_regular_price":439,"df_image_link":"https:\/\/superseeds.dk\/wp-content\/uploads\/2025\/01\/CO2-Canister-1024x1024.png","_links":{"self":[{"href":"https:\/\/superseeds.dk\/no\/wp-json\/wp\/v2\/product\/58088","targetHints":{"allow":["GET"]}}],"collection":[{"href":"https:\/\/superseeds.dk\/no\/wp-json\/wp\/v2\/product"}],"about":[{"href":"https:\/\/superseeds.dk\/no\/wp-json\/wp\/v2\/types\/product"}],"wp:featuredmedia":[{"embeddable":true,"href":"https:\/\/superseeds.dk\/no\/wp-json\/wp\/v2\/media\/58089"}],"wp:attachment":[{"href":"https:\/\/superseeds.dk\/no\/wp-json\/wp\/v2\/media?parent=58088"}],"wp:term":[{"taxonomy":"product_brand","embeddable":true,"href":"https:\/\/superseeds.dk\/no\/wp-json\/wp\/v2\/product_brand?post=58088"},{"taxonomy":"product_cat","embeddable":true,"href":"https:\/\/superseeds.dk\/no\/wp-json\/wp\/v2\/product_cat?post=58088"},{"taxonomy":"product_tag","embeddable":true,"href":"https:\/\/superseeds.dk\/no\/wp-json\/wp\/v2\/product_tag?post=58088"}],"curies":[{"name":"wp","href":"https:\/\/api.w.org\/{rel}","templated":true}]}}