{"id":58011,"date":"2025-01-30T22:53:00","date_gmt":"2025-01-30T21:53:00","guid":{"rendered":"https:\/\/superseeds.dk\/vare\/mothernature-co2-generator-5-og-10l\/"},"modified":"2025-01-30T22:53:05","modified_gmt":"2025-01-30T21:53:05","slug":"mothernature-co2-generator-5-og-10l","status":"publish","type":"product","link":"https:\/\/superseeds.dk\/no\/produkt\/mothernature-co2-generator-5-og-10l\/","title":{"rendered":"MotherNature CO2 Generator 5 og 10L"},"content":{"rendered":"<h1>MotherNature CO2 Generator<\/h1>\n<p>Et komplet, selvst\u00e6ndigt s\u00e6t designet til brug i lukkede rum s\u00e5som drivhuse eller telte. Ideel til hurtigtvoksende, kuldioxid-hungrende planter, generatoren mere end fordobler kuldioxidniveauerne i den normale atmosf\u00e6re. Det er bevist, at planter dyrket i et koncentreret CO2-milj\u00f8 vokser hurtigere, trives bedre ved h\u00f8jere temperaturer og producerer st\u00f8rre og bedre frugter og blomster.<\/p>\n<p>CO2-generatorer er &#8220;t\u00f8rt&#8221; pakket, s\u00e5 du nemt kan opbevare dem uden frygt for skader eller ubehagelige lugte. Det betyder, at generatoren skal aktiveres f\u00f8r brug. Aktivering er meget let.<\/p>\n<p>N\u00e5r du er klar til at bruge generatoren, skal du blot \u00e5bne generatorens l\u00e5g og tilf\u00f8je varmt (ikke kogende) vand i en af \u200b\u200bf\u00f8lgende m\u00e6ngder (afh\u00e6ngigt af st\u00f8rrelsen p\u00e5 din CO2-generator):<\/p>\n<p>10L CO2-generator \u2013 Tilf\u00f8j 2,5L varmt vand til CO2-generatoren.<\/p>\n<p>Vent 24 timer, f\u00f8r du bruger CO2-generatoren. Denne 24-timers periode er afg\u00f8rende for, at indholdet kan aktiveres korrekt. Efter tils\u00e6tning af vand skal du geninstallere generatord\u00e6kslet.<\/p>\n<p>Ved solopgang eller n\u00e5r lyset t\u00e6ndes, t\u00e6nder CO2-generatoren ogs\u00e5 &#8211; alt efter dit anl\u00e6gs naturlige behov. I de tider, hvor lyset er slukket, slukker generatoren, og CO2-produktionen aktiveres.<\/p>\n<h2>CO2 generator 5L til v\u00e6kstkasser<\/h2>\n<p>CO2- generatoren\u00a0<strong>5L<\/strong>\u00a0er specielt designet til at sikre CO2-forsyning i lukkede dyrkningsmilj\u00f8er s\u00e5som v\u00e6kstkasser og drivhuse. Den er ideel til omr\u00e5der op til 1,2 mx 1,2 m og bidrager v\u00e6sentligt til at forbedre v\u00e6kstbetingelserne for dine planter.<\/p>\n<h3>Fordele ved at dyrke med CO2<\/h3>\n<ul>\n<li><strong>\u00d8get fotosyntese:<\/strong>\u00a0\u00d8gede CO2-niveauer stimulerer fotosyntesen, hvilket g\u00f8r det muligt for planter at fange mere lysenergi og omdanne det til biomasse. Dette resulterer i hurtigere v\u00e6kst og st\u00f8rre, sundere planter.<\/li>\n<li><strong>\u00d8get udbytte:<\/strong>\u00a0Et direkte resultat af \u00f8get fotosyntese er h\u00f8jere udbytter. Avlere, der udf\u00f8rer CO2-berigelse, kan forvente en rigere h\u00f8st, hvilket i sidste ende \u00f8ger deres rentabilitet.<\/li>\n<li><strong>Forbedret kvalitet:<\/strong>\u00a0CO2-berigelse \u00f8ger ikke kun m\u00e6ngden, men forbedrer ogs\u00e5 kvaliteten af \u200b\u200bafgr\u00f8den. Planter dyrket med h\u00f8jere CO2-niveauer producerer ofte t\u00e6ttere knopper, \u00f8get trikomproduktion og forbedret styrke.<\/li>\n<li><strong>Hurtigere v\u00e6kstcyklus:<\/strong>\u00a0CO2-berigelse kan forkorte den tid, det tager for planterne at blive modne. Dette kan v\u00e6re s\u00e6rligt fordelagtigt for kommercielle avlere, der \u00f8nsker at optimere deres produktionscyklusser.<\/li>\n<\/ul>\n<h2>Produktegenskaber<\/h2>\n<ul>\n<li><strong>Kompakt st\u00f8rrelse:<\/strong>\u00a05 liters kapacitet, ideel til mindre v\u00e6kstmilj\u00f8er.<\/li>\n<li><strong>Nem installation:<\/strong>\u00a0Inkluderer 6 mm slanger, t\u00e6tningsringe og luftsten for nem ops\u00e6tning.<\/li>\n<li><strong>Effektiv CO2-generering:<\/strong>\u00a0Designet til kontinuerligt at levere CO2 i op til seks m\u00e5neder.<\/li>\n<li><strong>Optimal placering:<\/strong>\u00a0Placeres p\u00e5 gulvet, og ved brug med ventilatorer fordeles CO2 j\u00e6vnt i hele rummet.<\/li>\n<\/ul>\n<h3>Brugsanvisning<\/h3>\n<p>For at f\u00e5 mest muligt ud af CO2-generatoren skal du f\u00f8lge instruktionerne for ops\u00e6tning og brug. Fyld generatoren med den medf\u00f8lgende genopfyldningspakke og 1,25 liter varmt vand og lad den aktiveres i 24 timer, f\u00f8r den tages i brug<\/p>","protected":false},"excerpt":{"rendered":"<p>planter dyrket i et koncentreret CO2-milj\u00f8 vokser hurtigere, trives bedre ved h\u00f8jere temperaturer og producerer st\u00f8rre og bedre frugter og blomster.<\/p>\n<p>OBS. luftpumpe skal tilk\u00f8bes\u00a0<a href=\"https:\/\/gro-lys.dk\/shop\/hydro\/autopot\/tilbehoer-fittings\/tilbehoer\/luftpumpe-aco-2201\/\"> https:\/\/gro-lys.dk\/shop\/hydro\/autopot\/tilbehoer-fittings\/tilbehoer\/luftpumpe-aco-2201\/<\/a><\/p>\n<h2>Produktegenskaber<\/h2>\n<ul>\n<li><strong>Kompakt st\u00f8rrelse:<\/strong> 5 og 10 liters kapacitet, ideel til mindre v\u00e6kstmilj\u00f8er.<\/li>\n<li><strong>Nem installation:<\/strong> Inkluderer 6 mm slanger, t\u00e6tningsringe <strong>\u00a0klar til brug\u00a0<\/strong><\/li>\n<li><strong>Effektiv CO2-generering:<\/strong>\u00a0Designet til kontinuerligt at <strong>levere CO2 i op til seks m\u00e5neder.<\/strong><\/li>\n<li><strong>Optimal placering:<\/strong>\u00a0Placeres p\u00e5 gulvet, og ved brug med ventilatorer fordeles CO2 j\u00e6vnt i hele rummet.<\/li>\n<\/ul>\n<h3>Brugsanvisning<\/h3>\n<p>5L CO2-generator \u2013 Tilf\u00f8j 1,25L varmt vand til CO2-generatoren.<\/p>\n<p>10L CO2-generator \u2013 Tilf\u00f8j 2,5L varmt vand til CO2-generatoren.<\/p>","protected":false},"featured_media":58018,"template":"","meta":{"_acf_changed":false},"product_brand":[],"product_cat":[1884,1824],"product_tag":[],"class_list":{"0":"post-58011","1":"product","2":"type-product","3":"status-publish","4":"has-post-thumbnail","6":"product_cat-co2","7":"product_cat-klima","9":"first","10":"instock","11":"taxable","12":"shipping-taxable","13":"purchasable","14":"product-type-variable","15":"wvs-archive-product-wrapper"},"acf":[],"yoast_head":"<!-- This site is optimized with the Yoast SEO plugin v26.9 - https:\/\/yoast.com\/product\/yoast-seo-wordpress\/ -->\n<title>MotherNature CO2 Generator 5 og 10L - Superseeds.dk<\/title>\n<meta name=\"robots\" content=\"index, follow, max-snippet:-1, max-image-preview:large, max-video-preview:-1\" \/>\n<link rel=\"canonical\" href=\"https:\/\/superseeds.dk\/no\/produkt\/mothernature-co2-generator-5-og-10l\/\" \/>\n<meta property=\"og:locale\" content=\"nb_NO\" \/>\n<meta property=\"og:type\" content=\"article\" \/>\n<meta property=\"og:title\" content=\"MotherNature CO2 Generator 5 og 10L - Superseeds.dk\" \/>\n<meta property=\"og:description\" content=\"planter dyrket i et koncentreret CO2-milj\u00f8 vokser hurtigere, trives bedre ved h\u00f8jere temperaturer og producerer st\u00f8rre og bedre frugter og blomster.  OBS. luftpumpe skal tilk\u00f8bes\u00a0 https:\/\/gro-lys.dk\/shop\/hydro\/autopot\/tilbehoer-fittings\/tilbehoer\/luftpumpe-aco-2201\/ Produktegenskaber   Kompakt st\u00f8rrelse: 5 og 10 liters kapacitet, ideel til mindre v\u00e6kstmilj\u00f8er.  Nem installation: Inkluderer 6 mm slanger, t\u00e6tningsringe \u00a0klar til brug\u00a0  Effektiv CO2-generering:\u00a0Designet til kontinuerligt at levere CO2 i op til seks m\u00e5neder.  Optimal placering:\u00a0Placeres p\u00e5 gulvet, og ved brug med ventilatorer fordeles CO2 j\u00e6vnt i hele rummet.  Brugsanvisning 5L CO2-generator \u2013 Tilf\u00f8j 1,25L varmt vand til CO2-generatoren.  10L CO2-generator \u2013 Tilf\u00f8j 2,5L varmt vand til CO2-generatoren.\" \/>\n<meta property=\"og:url\" content=\"https:\/\/superseeds.dk\/no\/produkt\/mothernature-co2-generator-5-og-10l\/\" \/>\n<meta property=\"og:site_name\" content=\"Superseeds.dk\" \/>\n<meta property=\"article:modified_time\" content=\"2025-01-30T21:53:05+00:00\" \/>\n<meta property=\"og:image\" content=\"https:\/\/super-seeds.no\/wp-content\/uploads\/2025\/01\/MotherNature-CO2-Generator-5-og-10L-1.png\" \/>\n\t<meta property=\"og:image:width\" content=\"1080\" \/>\n\t<meta property=\"og:image:height\" content=\"1080\" \/>\n\t<meta property=\"og:image:type\" content=\"image\/png\" \/>\n<meta name=\"twitter:card\" content=\"summary_large_image\" \/>\n<meta name=\"twitter:label1\" content=\"Ansl. lesetid\" \/>\n\t<meta name=\"twitter:data1\" content=\"2 minutter\" \/>\n<script type=\"application\/ld+json\" class=\"yoast-schema-graph\">{\"@context\":\"https:\/\/schema.org\",\"@graph\":[{\"@type\":\"WebPage\",\"@id\":\"https:\/\/superseeds.dk\/vare\/mothernature-co2-generator-5-og-10l\/\",\"url\":\"https:\/\/superseeds.dk\/vare\/mothernature-co2-generator-5-og-10l\/\",\"name\":\"MotherNature CO2 Generator 5 og 10L - Superseeds.dk\",\"isPartOf\":{\"@id\":\"https:\/\/super-seeds.se\/#website\"},\"primaryImageOfPage\":{\"@id\":\"https:\/\/superseeds.dk\/vare\/mothernature-co2-generator-5-og-10l\/#primaryimage\"},\"image\":{\"@id\":\"https:\/\/superseeds.dk\/vare\/mothernature-co2-generator-5-og-10l\/#primaryimage\"},\"thumbnailUrl\":\"https:\/\/superseeds.dk\/wp-content\/uploads\/2025\/01\/MotherNature-CO2-Generator-5-og-10L-1.png\",\"datePublished\":\"2025-01-30T21:53:00+00:00\",\"dateModified\":\"2025-01-30T21:53:05+00:00\",\"breadcrumb\":{\"@id\":\"https:\/\/superseeds.dk\/vare\/mothernature-co2-generator-5-og-10l\/#breadcrumb\"},\"inLanguage\":\"nb-NO\",\"potentialAction\":[{\"@type\":\"ReadAction\",\"target\":[\"https:\/\/superseeds.dk\/vare\/mothernature-co2-generator-5-og-10l\/\"]}]},{\"@type\":\"ImageObject\",\"inLanguage\":\"nb-NO\",\"@id\":\"https:\/\/superseeds.dk\/vare\/mothernature-co2-generator-5-og-10l\/#primaryimage\",\"url\":\"https:\/\/superseeds.dk\/wp-content\/uploads\/2025\/01\/MotherNature-CO2-Generator-5-og-10L-1.png\",\"contentUrl\":\"https:\/\/superseeds.dk\/wp-content\/uploads\/2025\/01\/MotherNature-CO2-Generator-5-og-10L-1.png\",\"width\":1080,\"height\":1080},{\"@type\":\"BreadcrumbList\",\"@id\":\"https:\/\/superseeds.dk\/vare\/mothernature-co2-generator-5-og-10l\/#breadcrumb\",\"itemListElement\":[{\"@type\":\"ListItem\",\"position\":1,\"name\":\"Hjem\",\"item\":\"https:\/\/superseeds.dk\/\"},{\"@type\":\"ListItem\",\"position\":2,\"name\":\"Shop\",\"item\":\"https:\/\/superseeds.dk\/no\/butikk\/\"},{\"@type\":\"ListItem\",\"position\":3,\"name\":\"MotherNature CO2 Generator 5 og 10L\"}]},{\"@type\":\"WebSite\",\"@id\":\"https:\/\/super-seeds.se\/#website\",\"url\":\"https:\/\/super-seeds.se\/\",\"name\":\"Superseeds.dk\",\"description\":\"\",\"publisher\":{\"@id\":\"https:\/\/super-seeds.se\/#organization\"},\"potentialAction\":[{\"@type\":\"SearchAction\",\"target\":{\"@type\":\"EntryPoint\",\"urlTemplate\":\"https:\/\/super-seeds.se\/?s={search_term_string}\"},\"query-input\":{\"@type\":\"PropertyValueSpecification\",\"valueRequired\":true,\"valueName\":\"search_term_string\"}}],\"inLanguage\":\"nb-NO\"},{\"@type\":\"Organization\",\"@id\":\"https:\/\/super-seeds.se\/#organization\",\"name\":\"Superseeds.dk\",\"url\":\"https:\/\/super-seeds.se\/\",\"logo\":{\"@type\":\"ImageObject\",\"inLanguage\":\"nb-NO\",\"@id\":\"https:\/\/super-seeds.se\/#\/schema\/logo\/image\/\",\"url\":\"https:\/\/superseeds.dk\/wp-content\/uploads\/2025\/09\/logo-superseeds.png\",\"contentUrl\":\"https:\/\/superseeds.dk\/wp-content\/uploads\/2025\/09\/logo-superseeds.png\",\"width\":180,\"height\":160,\"caption\":\"Superseeds.dk\"},\"image\":{\"@id\":\"https:\/\/super-seeds.se\/#\/schema\/logo\/image\/\"}}]}<\/script>\n<!-- \/ Yoast SEO plugin. -->","yoast_head_json":{"title":"MotherNature CO2 Generator 5 og 10L - Superseeds.dk","robots":{"index":"index","follow":"follow","max-snippet":"max-snippet:-1","max-image-preview":"max-image-preview:large","max-video-preview":"max-video-preview:-1"},"canonical":"https:\/\/superseeds.dk\/no\/produkt\/mothernature-co2-generator-5-og-10l\/","og_locale":"nb_NO","og_type":"article","og_title":"MotherNature CO2 Generator 5 og 10L - Superseeds.dk","og_description":"planter dyrket i et koncentreret CO2-milj\u00f8 vokser hurtigere, trives bedre ved h\u00f8jere temperaturer og producerer st\u00f8rre og bedre frugter og blomster.  OBS. luftpumpe skal tilk\u00f8bes\u00a0 https:\/\/gro-lys.dk\/shop\/hydro\/autopot\/tilbehoer-fittings\/tilbehoer\/luftpumpe-aco-2201\/ Produktegenskaber   Kompakt st\u00f8rrelse: 5 og 10 liters kapacitet, ideel til mindre v\u00e6kstmilj\u00f8er.  Nem installation: Inkluderer 6 mm slanger, t\u00e6tningsringe \u00a0klar til brug\u00a0  Effektiv CO2-generering:\u00a0Designet til kontinuerligt at levere CO2 i op til seks m\u00e5neder.  Optimal placering:\u00a0Placeres p\u00e5 gulvet, og ved brug med ventilatorer fordeles CO2 j\u00e6vnt i hele rummet.  Brugsanvisning 5L CO2-generator \u2013 Tilf\u00f8j 1,25L varmt vand til CO2-generatoren.  10L CO2-generator \u2013 Tilf\u00f8j 2,5L varmt vand til CO2-generatoren.","og_url":"https:\/\/superseeds.dk\/no\/produkt\/mothernature-co2-generator-5-og-10l\/","og_site_name":"Superseeds.dk","article_modified_time":"2025-01-30T21:53:05+00:00","og_image":[{"width":1080,"height":1080,"url":"https:\/\/super-seeds.no\/wp-content\/uploads\/2025\/01\/MotherNature-CO2-Generator-5-og-10L-1.png","type":"image\/png"}],"twitter_card":"summary_large_image","twitter_misc":{"Ansl. lesetid":"2 minutter"},"schema":{"@context":"https:\/\/schema.org","@graph":[{"@type":"WebPage","@id":"https:\/\/superseeds.dk\/vare\/mothernature-co2-generator-5-og-10l\/","url":"https:\/\/superseeds.dk\/vare\/mothernature-co2-generator-5-og-10l\/","name":"MotherNature CO2 Generator 5 og 10L - Superseeds.dk","isPartOf":{"@id":"https:\/\/super-seeds.se\/#website"},"primaryImageOfPage":{"@id":"https:\/\/superseeds.dk\/vare\/mothernature-co2-generator-5-og-10l\/#primaryimage"},"image":{"@id":"https:\/\/superseeds.dk\/vare\/mothernature-co2-generator-5-og-10l\/#primaryimage"},"thumbnailUrl":"https:\/\/superseeds.dk\/wp-content\/uploads\/2025\/01\/MotherNature-CO2-Generator-5-og-10L-1.png","datePublished":"2025-01-30T21:53:00+00:00","dateModified":"2025-01-30T21:53:05+00:00","breadcrumb":{"@id":"https:\/\/superseeds.dk\/vare\/mothernature-co2-generator-5-og-10l\/#breadcrumb"},"inLanguage":"nb-NO","potentialAction":[{"@type":"ReadAction","target":["https:\/\/superseeds.dk\/vare\/mothernature-co2-generator-5-og-10l\/"]}]},{"@type":"ImageObject","inLanguage":"nb-NO","@id":"https:\/\/superseeds.dk\/vare\/mothernature-co2-generator-5-og-10l\/#primaryimage","url":"https:\/\/superseeds.dk\/wp-content\/uploads\/2025\/01\/MotherNature-CO2-Generator-5-og-10L-1.png","contentUrl":"https:\/\/superseeds.dk\/wp-content\/uploads\/2025\/01\/MotherNature-CO2-Generator-5-og-10L-1.png","width":1080,"height":1080},{"@type":"BreadcrumbList","@id":"https:\/\/superseeds.dk\/vare\/mothernature-co2-generator-5-og-10l\/#breadcrumb","itemListElement":[{"@type":"ListItem","position":1,"name":"Hjem","item":"https:\/\/superseeds.dk\/"},{"@type":"ListItem","position":2,"name":"Shop","item":"https:\/\/superseeds.dk\/no\/butikk\/"},{"@type":"ListItem","position":3,"name":"MotherNature CO2 Generator 5 og 10L"}]},{"@type":"WebSite","@id":"https:\/\/super-seeds.se\/#website","url":"https:\/\/super-seeds.se\/","name":"Superseeds.com","description":"","publisher":{"@id":"https:\/\/super-seeds.se\/#organization"},"potentialAction":[{"@type":"SearchAction","target":{"@type":"EntryPoint","urlTemplate":"https:\/\/super-seeds.se\/?s={search_term_string}"},"query-input":{"@type":"PropertyValueSpecification","valueRequired":true,"valueName":"search_term_string"}}],"inLanguage":"nb-NO"},{"@type":"Organization","@id":"https:\/\/super-seeds.se\/#organization","name":"Superseeds.com","url":"https:\/\/super-seeds.se\/","logo":{"@type":"ImageObject","inLanguage":"nb-NO","@id":"https:\/\/super-seeds.se\/#\/schema\/logo\/image\/","url":"https:\/\/superseeds.dk\/wp-content\/uploads\/2025\/09\/logo-superseeds.png","contentUrl":"https:\/\/superseeds.dk\/wp-content\/uploads\/2025\/09\/logo-superseeds.png","width":180,"height":160,"caption":"Superseeds.dk"},"image":{"@id":"https:\/\/super-seeds.se\/#\/schema\/logo\/image\/"}}]}},"df_price":595,"df_sale_price":"","df_regular_price":595,"df_image_link":"https:\/\/superseeds.dk\/wp-content\/uploads\/2025\/01\/MotherNature-CO2-Generator-5-og-10L-1-1024x1024.png","_links":{"self":[{"href":"https:\/\/superseeds.dk\/no\/wp-json\/wp\/v2\/product\/58011","targetHints":{"allow":["GET"]}}],"collection":[{"href":"https:\/\/superseeds.dk\/no\/wp-json\/wp\/v2\/product"}],"about":[{"href":"https:\/\/superseeds.dk\/no\/wp-json\/wp\/v2\/types\/product"}],"wp:featuredmedia":[{"embeddable":true,"href":"https:\/\/superseeds.dk\/no\/wp-json\/wp\/v2\/media\/58018"}],"wp:attachment":[{"href":"https:\/\/superseeds.dk\/no\/wp-json\/wp\/v2\/media?parent=58011"}],"wp:term":[{"taxonomy":"product_brand","embeddable":true,"href":"https:\/\/superseeds.dk\/no\/wp-json\/wp\/v2\/product_brand?post=58011"},{"taxonomy":"product_cat","embeddable":true,"href":"https:\/\/superseeds.dk\/no\/wp-json\/wp\/v2\/product_cat?post=58011"},{"taxonomy":"product_tag","embeddable":true,"href":"https:\/\/superseeds.dk\/no\/wp-json\/wp\/v2\/product_tag?post=58011"}],"curies":[{"name":"wp","href":"https:\/\/api.w.org\/{rel}","templated":true}]}}