{"id":57677,"date":"2025-01-30T22:45:49","date_gmt":"2025-01-30T21:45:49","guid":{"rendered":"https:\/\/superseeds.dk\/vare\/ugro-xl-organic-coco-block-70l\/"},"modified":"2025-01-30T22:45:53","modified_gmt":"2025-01-30T21:45:53","slug":"ugro-xl-oekologisk-kokosblokk-70l","status":"publish","type":"product","link":"https:\/\/superseeds.dk\/no\/produkt\/ugro-xl-oekologisk-kokosblokk-70l\/","title":{"rendered":"Ugro XL Organic Coco Block 70L"},"content":{"rendered":"<p>XL Organic best\u00e5r av en 5 kg blokk, presset og dehydrert kokopeat med en lav fiberandel. Dette er et \u00f8kologisk substrat fra starten av. Laget av \u00f8kologisk sertifisert r\u00e5materiale og OMRI-listet. Ved \u00e5 tilsette 18 liter vann f\u00e5r man 70 liter kokopeatsubstrat.<\/p>\n<p>Ugro XL Organic er egnet for alle typer plantedyrking, b\u00e5de innend\u00f8rs og utend\u00f8rs. Vi anbefaler produktet for kortsiktige \/ sesongmessige avlssykluser.<\/p>\n<p>&nbsp;<\/p>\n<p><strong>Sammensetning:<\/strong> Kokopeat med lavt fiberinnhold.<br \/>\n<strong>Vannkapasitet:<\/strong>\u00a0910%<br \/>\n<strong>Netto vekt:<\/strong>\u00a05 kg<br \/>\n<strong>Volum:<\/strong> 70 L<br \/>\n<strong>PH:<\/strong> 5,5-6,5<br \/>\n<strong>EC:\u00a0<\/strong>(1:1,5): '0,6 mS \/ cm<\/p>","protected":false},"excerpt":{"rendered":"<p>XL Organic er egnet for alle typer plantedyrking, b\u00e5de innend\u00f8rs og utend\u00f8rs. Vi anbefaler produktet for kortsiktige \/ sesongmessige avlssykluser.<\/p>\n<ul>\n<li><b>PH:<\/b> 5,5-6,5<\/li>\n<li><b>EC:\u00a0<\/b>(1: 1,5): '0,6 mS \/ cm<\/li>\n<li><b>Vannkapasitet:<\/b>\u00a0910%<\/li>\n<li><b>Volum:<\/b> 70 L<\/li>\n<li><b>Netto vekt:<\/b>\u00a05 kg<\/li>\n<li><b>Sammensetning:<\/b> Kokopeat med lavt fiberinnhold<\/li>\n<\/ul>","protected":false},"featured_media":57678,"template":"","meta":{"_acf_changed":false},"product_brand":[],"product_cat":[1875,1890,1858,1829],"product_tag":[],"class_list":{"0":"post-57677","1":"product","2":"type-product","3":"status-publish","4":"has-post-thumbnail","6":"product_cat-coco","7":"product_cat-gro-vaekstmedier","8":"product_cat-gromedie","9":"product_cat-microgreens","11":"first","12":"onbackorder","13":"taxable","14":"shipping-taxable","15":"purchasable","16":"product-type-simple"},"acf":[],"yoast_head":"<!-- This site is optimized with the Yoast SEO plugin v26.9 - https:\/\/yoast.com\/product\/yoast-seo-wordpress\/ -->\n<title>Ugro XL Organic Coco Block 70L - Superseeds.dk<\/title>\n<meta name=\"robots\" content=\"index, follow, max-snippet:-1, max-image-preview:large, max-video-preview:-1\" \/>\n<link rel=\"canonical\" href=\"https:\/\/superseeds.dk\/no\/produkt\/ugro-xl-oekologisk-kokosblokk-70l\/\" \/>\n<meta property=\"og:locale\" content=\"nb_NO\" \/>\n<meta property=\"og:type\" content=\"article\" \/>\n<meta property=\"og:title\" content=\"Ugro XL Organic Coco Block 70L - Superseeds.dk\" \/>\n<meta property=\"og:description\" content=\"XL Organic er velegnet til alle former for planteopdr\u00e6t, b\u00e5de indend\u00f8rs og udend\u00f8rs.\u00a0Vi anbefaler produktet til kortvarige \/ s\u00e6sonbestemte avlscyklusser.   PH: 5,5-6,5  EC:\u00a0(1: 1,5): \u20390,6 mS \/ cm  Vand kapacitet:\u00a0910%  Volume: 70 L  Netto V\u00e6gt:\u00a05 kilo  Komposition: Cocopeat med lav procentdel af fibre\" \/>\n<meta property=\"og:url\" content=\"https:\/\/superseeds.dk\/no\/produkt\/ugro-xl-oekologisk-kokosblokk-70l\/\" \/>\n<meta property=\"og:site_name\" content=\"Superseeds.dk\" \/>\n<meta property=\"article:modified_time\" content=\"2025-01-30T21:45:53+00:00\" \/>\n<meta property=\"og:image\" content=\"https:\/\/super-seeds.se\/wp-content\/uploads\/2025\/01\/Ugro-XL-Organic-Coco-Block-70L-1-1.png\" \/>\n\t<meta property=\"og:image:width\" content=\"1080\" \/>\n\t<meta property=\"og:image:height\" content=\"1080\" \/>\n\t<meta property=\"og:image:type\" content=\"image\/png\" \/>\n<meta name=\"twitter:card\" content=\"summary_large_image\" \/>\n<script type=\"application\/ld+json\" class=\"yoast-schema-graph\">{\"@context\":\"https:\/\/schema.org\",\"@graph\":[{\"@type\":\"WebPage\",\"@id\":\"https:\/\/superseeds.dk\/vare\/ugro-xl-organic-coco-block-70l\/\",\"url\":\"https:\/\/superseeds.dk\/vare\/ugro-xl-organic-coco-block-70l\/\",\"name\":\"Ugro XL Organic Coco Block 70L - Superseeds.dk\",\"isPartOf\":{\"@id\":\"https:\/\/super-seeds.se\/#website\"},\"primaryImageOfPage\":{\"@id\":\"https:\/\/superseeds.dk\/vare\/ugro-xl-organic-coco-block-70l\/#primaryimage\"},\"image\":{\"@id\":\"https:\/\/superseeds.dk\/vare\/ugro-xl-organic-coco-block-70l\/#primaryimage\"},\"thumbnailUrl\":\"https:\/\/superseeds.dk\/wp-content\/uploads\/2025\/01\/Ugro-XL-Organic-Coco-Block-70L-1-1.png\",\"datePublished\":\"2025-01-30T21:45:49+00:00\",\"dateModified\":\"2025-01-30T21:45:53+00:00\",\"breadcrumb\":{\"@id\":\"https:\/\/superseeds.dk\/vare\/ugro-xl-organic-coco-block-70l\/#breadcrumb\"},\"inLanguage\":\"nb-NO\",\"potentialAction\":[{\"@type\":\"ReadAction\",\"target\":[\"https:\/\/superseeds.dk\/vare\/ugro-xl-organic-coco-block-70l\/\"]}]},{\"@type\":\"ImageObject\",\"inLanguage\":\"nb-NO\",\"@id\":\"https:\/\/superseeds.dk\/vare\/ugro-xl-organic-coco-block-70l\/#primaryimage\",\"url\":\"https:\/\/superseeds.dk\/wp-content\/uploads\/2025\/01\/Ugro-XL-Organic-Coco-Block-70L-1-1.png\",\"contentUrl\":\"https:\/\/superseeds.dk\/wp-content\/uploads\/2025\/01\/Ugro-XL-Organic-Coco-Block-70L-1-1.png\",\"width\":1080,\"height\":1080},{\"@type\":\"BreadcrumbList\",\"@id\":\"https:\/\/superseeds.dk\/vare\/ugro-xl-organic-coco-block-70l\/#breadcrumb\",\"itemListElement\":[{\"@type\":\"ListItem\",\"position\":1,\"name\":\"Hjem\",\"item\":\"https:\/\/superseeds.dk\/\"},{\"@type\":\"ListItem\",\"position\":2,\"name\":\"Shop\",\"item\":\"https:\/\/superseeds.dk\/no\/butikk\/\"},{\"@type\":\"ListItem\",\"position\":3,\"name\":\"Ugro XL Organic Coco Block 70L\"}]},{\"@type\":\"WebSite\",\"@id\":\"https:\/\/super-seeds.se\/#website\",\"url\":\"https:\/\/super-seeds.se\/\",\"name\":\"Superseeds.dk\",\"description\":\"\",\"publisher\":{\"@id\":\"https:\/\/super-seeds.se\/#organization\"},\"potentialAction\":[{\"@type\":\"SearchAction\",\"target\":{\"@type\":\"EntryPoint\",\"urlTemplate\":\"https:\/\/super-seeds.se\/?s={search_term_string}\"},\"query-input\":{\"@type\":\"PropertyValueSpecification\",\"valueRequired\":true,\"valueName\":\"search_term_string\"}}],\"inLanguage\":\"nb-NO\"},{\"@type\":\"Organization\",\"@id\":\"https:\/\/super-seeds.se\/#organization\",\"name\":\"Superseeds.dk\",\"url\":\"https:\/\/super-seeds.se\/\",\"logo\":{\"@type\":\"ImageObject\",\"inLanguage\":\"nb-NO\",\"@id\":\"https:\/\/super-seeds.se\/#\/schema\/logo\/image\/\",\"url\":\"https:\/\/superseeds.dk\/wp-content\/uploads\/2025\/09\/logo-superseeds.png\",\"contentUrl\":\"https:\/\/superseeds.dk\/wp-content\/uploads\/2025\/09\/logo-superseeds.png\",\"width\":180,\"height\":160,\"caption\":\"Superseeds.dk\"},\"image\":{\"@id\":\"https:\/\/super-seeds.se\/#\/schema\/logo\/image\/\"}}]}<\/script>\n<!-- \/ Yoast SEO plugin. -->","yoast_head_json":{"title":"Ugro XL Organic Coco Block 70L - Superseeds.dk","robots":{"index":"index","follow":"follow","max-snippet":"max-snippet:-1","max-image-preview":"max-image-preview:large","max-video-preview":"max-video-preview:-1"},"canonical":"https:\/\/superseeds.dk\/no\/produkt\/ugro-xl-oekologisk-kokosblokk-70l\/","og_locale":"nb_NO","og_type":"article","og_title":"Ugro XL Organic Coco Block 70L - Superseeds.dk","og_description":"XL Organic er velegnet til alle former for planteopdr\u00e6t, b\u00e5de indend\u00f8rs og udend\u00f8rs.\u00a0Vi anbefaler produktet til kortvarige \/ s\u00e6sonbestemte avlscyklusser.   PH: 5,5-6,5  EC:\u00a0(1: 1,5): \u20390,6 mS \/ cm  Vand kapacitet:\u00a0910%  Volume: 70 L  Netto V\u00e6gt:\u00a05 kilo  Komposition: Cocopeat med lav procentdel af fibre","og_url":"https:\/\/superseeds.dk\/no\/produkt\/ugro-xl-oekologisk-kokosblokk-70l\/","og_site_name":"Superseeds.dk","article_modified_time":"2025-01-30T21:45:53+00:00","og_image":[{"width":1080,"height":1080,"url":"https:\/\/super-seeds.se\/wp-content\/uploads\/2025\/01\/Ugro-XL-Organic-Coco-Block-70L-1-1.png","type":"image\/png"}],"twitter_card":"summary_large_image","schema":{"@context":"https:\/\/schema.org","@graph":[{"@type":"WebPage","@id":"https:\/\/superseeds.dk\/vare\/ugro-xl-organic-coco-block-70l\/","url":"https:\/\/superseeds.dk\/vare\/ugro-xl-organic-coco-block-70l\/","name":"Ugro XL Organic Coco Block 70L - Superseeds.dk","isPartOf":{"@id":"https:\/\/super-seeds.se\/#website"},"primaryImageOfPage":{"@id":"https:\/\/superseeds.dk\/vare\/ugro-xl-organic-coco-block-70l\/#primaryimage"},"image":{"@id":"https:\/\/superseeds.dk\/vare\/ugro-xl-organic-coco-block-70l\/#primaryimage"},"thumbnailUrl":"https:\/\/superseeds.dk\/wp-content\/uploads\/2025\/01\/Ugro-XL-Organic-Coco-Block-70L-1-1.png","datePublished":"2025-01-30T21:45:49+00:00","dateModified":"2025-01-30T21:45:53+00:00","breadcrumb":{"@id":"https:\/\/superseeds.dk\/vare\/ugro-xl-organic-coco-block-70l\/#breadcrumb"},"inLanguage":"nb-NO","potentialAction":[{"@type":"ReadAction","target":["https:\/\/superseeds.dk\/vare\/ugro-xl-organic-coco-block-70l\/"]}]},{"@type":"ImageObject","inLanguage":"nb-NO","@id":"https:\/\/superseeds.dk\/vare\/ugro-xl-organic-coco-block-70l\/#primaryimage","url":"https:\/\/superseeds.dk\/wp-content\/uploads\/2025\/01\/Ugro-XL-Organic-Coco-Block-70L-1-1.png","contentUrl":"https:\/\/superseeds.dk\/wp-content\/uploads\/2025\/01\/Ugro-XL-Organic-Coco-Block-70L-1-1.png","width":1080,"height":1080},{"@type":"BreadcrumbList","@id":"https:\/\/superseeds.dk\/vare\/ugro-xl-organic-coco-block-70l\/#breadcrumb","itemListElement":[{"@type":"ListItem","position":1,"name":"Hjem","item":"https:\/\/superseeds.dk\/"},{"@type":"ListItem","position":2,"name":"Shop","item":"https:\/\/superseeds.dk\/no\/butikk\/"},{"@type":"ListItem","position":3,"name":"Ugro XL Organic Coco Block 70L"}]},{"@type":"WebSite","@id":"https:\/\/super-seeds.se\/#website","url":"https:\/\/super-seeds.se\/","name":"Superseeds.com","description":"","publisher":{"@id":"https:\/\/super-seeds.se\/#organization"},"potentialAction":[{"@type":"SearchAction","target":{"@type":"EntryPoint","urlTemplate":"https:\/\/super-seeds.se\/?s={search_term_string}"},"query-input":{"@type":"PropertyValueSpecification","valueRequired":true,"valueName":"search_term_string"}}],"inLanguage":"nb-NO"},{"@type":"Organization","@id":"https:\/\/super-seeds.se\/#organization","name":"Superseeds.com","url":"https:\/\/super-seeds.se\/","logo":{"@type":"ImageObject","inLanguage":"nb-NO","@id":"https:\/\/super-seeds.se\/#\/schema\/logo\/image\/","url":"https:\/\/superseeds.dk\/wp-content\/uploads\/2025\/09\/logo-superseeds.png","contentUrl":"https:\/\/superseeds.dk\/wp-content\/uploads\/2025\/09\/logo-superseeds.png","width":180,"height":160,"caption":"Superseeds.dk"},"image":{"@id":"https:\/\/super-seeds.se\/#\/schema\/logo\/image\/"}}]}},"df_price":139,"df_sale_price":"","df_regular_price":139,"df_image_link":"https:\/\/superseeds.dk\/wp-content\/uploads\/2025\/01\/Ugro-XL-Organic-Coco-Block-70L-1-1-1024x1024.png","_links":{"self":[{"href":"https:\/\/superseeds.dk\/no\/wp-json\/wp\/v2\/product\/57677","targetHints":{"allow":["GET"]}}],"collection":[{"href":"https:\/\/superseeds.dk\/no\/wp-json\/wp\/v2\/product"}],"about":[{"href":"https:\/\/superseeds.dk\/no\/wp-json\/wp\/v2\/types\/product"}],"wp:featuredmedia":[{"embeddable":true,"href":"https:\/\/superseeds.dk\/no\/wp-json\/wp\/v2\/media\/57678"}],"wp:attachment":[{"href":"https:\/\/superseeds.dk\/no\/wp-json\/wp\/v2\/media?parent=57677"}],"wp:term":[{"taxonomy":"product_brand","embeddable":true,"href":"https:\/\/superseeds.dk\/no\/wp-json\/wp\/v2\/product_brand?post=57677"},{"taxonomy":"product_cat","embeddable":true,"href":"https:\/\/superseeds.dk\/no\/wp-json\/wp\/v2\/product_cat?post=57677"},{"taxonomy":"product_tag","embeddable":true,"href":"https:\/\/superseeds.dk\/no\/wp-json\/wp\/v2\/product_tag?post=57677"}],"curies":[{"name":"wp","href":"https:\/\/api.w.org\/{rel}","templated":true}]}}