{"id":57468,"date":"2025-01-30T22:34:57","date_gmt":"2025-01-30T21:34:57","guid":{"rendered":"https:\/\/superseeds.dk\/vare\/vents-mixflow-acoustic-fan-with-on-off-switch-and-powercord\/"},"modified":"2025-01-30T22:35:00","modified_gmt":"2025-01-30T21:35:00","slug":"vents-mixflow-acoustic-fan-with-on-off-switch-and-powercord","status":"publish","type":"product","link":"https:\/\/superseeds.dk\/no\/produkt\/vents-mixflow-acoustic-fan-with-on-off-switch-and-powercord\/","title":{"rendered":"Vents Ultrasilent"},"content":{"rendered":"<p>Ny inline Vents TT Silent-M fans indesluttet i en specielt designet lydisoleret kabinet, der sikrer lydl\u00f8s ventilator drift i kombination med h\u00f8je aerodynamiske egenskaber. Ventilatorerne er kompatible med runde luftkanaler fra \u00d8 100 op til 315 mm. Ventilationshullerne TT Silent-M fans kombinerer brede evner og h\u00f8jtydende egenskaber for b\u00e5de aksiale og centrifugalventilatorer, hvilket giver kraftig luftstr\u00f8m og h\u00f8jt tryk. Ventilationshullerne TT Silent-M fans anbefales som en del af de lufth\u00e5ndteringssystemer til forskellige kommercielle og industrielle lokaler med h\u00f8je krav til st\u00f8jniveauet, det vil sige i biblioteker, konferencelokaler, uddannelsesinstitutioner, b\u00f8rnehaver mv<\/p>\n<p>Design<\/p>\n<p>Den udvendige kappe er fremstillet af polymer-belagt st\u00e5l. Det indre hus lader lydb\u00f8lger passere gennem hullerne og falder i en bestemt vinkel til det lydabsorberende lag. Kabinettet er internt varme- og lydisoleret med 50 mm mineraluld lag.<\/p>\n<p>Den specielt perforeret bekl\u00e6dning og lydabsorberende materiale giver lydd\u00e6mpning i et bredt frekvensb\u00e5nd. Det indre hus og pumpehjulet er lavet af h\u00f8j kvalitet holdbart plast.<\/p>\n<p>Montering<\/p>\n<p>Ventilatoren kan monteres p\u00e5 ethvert sted og til enhver vinkel i kanalsystemet systemet. Flere ventilatorer kan installeres i \u00e9t system parallelt for at opn\u00e5 h\u00f8jere luftkapacitet eller i serie for at \u00f8ge driftstrykket i systemet. Ventilatoren Kabinettet er udstyret med fasts\u00e6ttelse beslag til fastg\u00f8relse til gulv, v\u00e6g eller loft.<\/p>","protected":false},"excerpt":{"rendered":"<p>denne lydl\u00f8se fan er d\u00e6kket af en 50mm ventilationskappe og er en af markedes mest lydsvage.<\/p>\n<p>hvis du sover eller opholder dig t\u00e6t p\u00e5 dit grorum ville denne v\u00e6re s\u00e6rdeles velegnet<\/p>","protected":false},"featured_media":57475,"template":"","meta":{"_acf_changed":false},"product_brand":[],"product_cat":[1815,1824,1869],"product_tag":[],"class_list":{"0":"post-57468","1":"product","2":"type-product","3":"status-publish","4":"has-post-thumbnail","6":"product_cat-groudstyr","7":"product_cat-klima","8":"product_cat-ventilator-udsug","10":"first","11":"onbackorder","12":"taxable","13":"shipping-taxable","14":"purchasable","15":"product-type-variable","16":"wvs-archive-product-wrapper"},"acf":[],"yoast_head":"<!-- This site is optimized with the Yoast SEO plugin v27.6 - https:\/\/yoast.com\/product\/yoast-seo-wordpress\/ -->\n<title>Vents Ultrasilent - Superseeds.dk<\/title>\n<meta name=\"robots\" content=\"index, follow, max-snippet:-1, max-image-preview:large, max-video-preview:-1\" \/>\n<link rel=\"canonical\" href=\"https:\/\/superseeds.dk\/no\/produkt\/vents-mixflow-acoustic-fan-with-on-off-switch-and-powercord\/\" \/>\n<meta property=\"og:locale\" content=\"nb_NO\" \/>\n<meta property=\"og:type\" content=\"article\" \/>\n<meta property=\"og:title\" content=\"Vents Ultrasilent - Superseeds.dk\" \/>\n<meta property=\"og:description\" content=\"denne lydl\u00f8se fan er d\u00e6kket af en 50mm ventilationskappe og er en af markedes mest lydsvage.  hvis du sover eller opholder dig t\u00e6t p\u00e5 dit grorum ville denne v\u00e6re s\u00e6rdeles velegnet\" \/>\n<meta property=\"og:url\" content=\"https:\/\/superseeds.dk\/no\/produkt\/vents-mixflow-acoustic-fan-with-on-off-switch-and-powercord\/\" \/>\n<meta property=\"og:site_name\" content=\"Superseeds.dk\" \/>\n<meta property=\"article:modified_time\" content=\"2025-01-30T21:35:00+00:00\" \/>\n<meta property=\"og:image\" content=\"https:\/\/superseeds.dk\/wp-content\/uploads\/2025\/01\/Vents-Ultrasilent.png\" \/>\n\t<meta property=\"og:image:width\" content=\"1080\" \/>\n\t<meta property=\"og:image:height\" content=\"1080\" \/>\n\t<meta property=\"og:image:type\" content=\"image\/png\" \/>\n<meta name=\"twitter:card\" content=\"summary_large_image\" \/>\n<meta name=\"twitter:label1\" content=\"Ansl. lesetid\" \/>\n\t<meta name=\"twitter:data1\" content=\"1 minutt\" \/>\n<script type=\"application\/ld+json\" class=\"yoast-schema-graph\">{\"@context\":\"https:\\\/\\\/schema.org\",\"@graph\":[{\"@type\":\"WebPage\",\"@id\":\"https:\\\/\\\/superseeds.dk\\\/vare\\\/vents-mixflow-acoustic-fan-with-on-off-switch-and-powercord\\\/\",\"url\":\"https:\\\/\\\/superseeds.dk\\\/vare\\\/vents-mixflow-acoustic-fan-with-on-off-switch-and-powercord\\\/\",\"name\":\"Vents Ultrasilent - Superseeds.dk\",\"isPartOf\":{\"@id\":\"https:\\\/\\\/super-seeds.se\\\/#website\"},\"primaryImageOfPage\":{\"@id\":\"https:\\\/\\\/superseeds.dk\\\/vare\\\/vents-mixflow-acoustic-fan-with-on-off-switch-and-powercord\\\/#primaryimage\"},\"image\":{\"@id\":\"https:\\\/\\\/superseeds.dk\\\/vare\\\/vents-mixflow-acoustic-fan-with-on-off-switch-and-powercord\\\/#primaryimage\"},\"thumbnailUrl\":\"https:\\\/\\\/superseeds.dk\\\/wp-content\\\/uploads\\\/2025\\\/01\\\/Vents-Ultrasilent.png\",\"datePublished\":\"2025-01-30T21:34:57+00:00\",\"dateModified\":\"2025-01-30T21:35:00+00:00\",\"breadcrumb\":{\"@id\":\"https:\\\/\\\/superseeds.dk\\\/vare\\\/vents-mixflow-acoustic-fan-with-on-off-switch-and-powercord\\\/#breadcrumb\"},\"inLanguage\":\"nb-NO\",\"potentialAction\":[{\"@type\":\"ReadAction\",\"target\":[\"https:\\\/\\\/superseeds.dk\\\/vare\\\/vents-mixflow-acoustic-fan-with-on-off-switch-and-powercord\\\/\"]}]},{\"@type\":\"ImageObject\",\"inLanguage\":\"nb-NO\",\"@id\":\"https:\\\/\\\/superseeds.dk\\\/vare\\\/vents-mixflow-acoustic-fan-with-on-off-switch-and-powercord\\\/#primaryimage\",\"url\":\"https:\\\/\\\/superseeds.dk\\\/wp-content\\\/uploads\\\/2025\\\/01\\\/Vents-Ultrasilent.png\",\"contentUrl\":\"https:\\\/\\\/superseeds.dk\\\/wp-content\\\/uploads\\\/2025\\\/01\\\/Vents-Ultrasilent.png\",\"width\":1080,\"height\":1080},{\"@type\":\"BreadcrumbList\",\"@id\":\"https:\\\/\\\/superseeds.dk\\\/vare\\\/vents-mixflow-acoustic-fan-with-on-off-switch-and-powercord\\\/#breadcrumb\",\"itemListElement\":[{\"@type\":\"ListItem\",\"position\":1,\"name\":\"Hjem\",\"item\":\"https:\\\/\\\/superseeds.dk\\\/\"},{\"@type\":\"ListItem\",\"position\":2,\"name\":\"Shop\",\"item\":\"https:\\\/\\\/superseeds.dk\\\/no\\\/butikk\\\/\"},{\"@type\":\"ListItem\",\"position\":3,\"name\":\"Vents Ultrasilent\"}]},{\"@type\":\"WebSite\",\"@id\":\"https:\\\/\\\/super-seeds.se\\\/#website\",\"url\":\"https:\\\/\\\/super-seeds.se\\\/\",\"name\":\"Superseeds.dk\",\"description\":\"\",\"publisher\":{\"@id\":\"https:\\\/\\\/super-seeds.se\\\/#organization\"},\"potentialAction\":[{\"@type\":\"SearchAction\",\"target\":{\"@type\":\"EntryPoint\",\"urlTemplate\":\"https:\\\/\\\/super-seeds.se\\\/?s={search_term_string}\"},\"query-input\":{\"@type\":\"PropertyValueSpecification\",\"valueRequired\":true,\"valueName\":\"search_term_string\"}}],\"inLanguage\":\"nb-NO\"},{\"@type\":\"Organization\",\"@id\":\"https:\\\/\\\/super-seeds.se\\\/#organization\",\"name\":\"Superseeds.dk\",\"url\":\"https:\\\/\\\/super-seeds.se\\\/\",\"logo\":{\"@type\":\"ImageObject\",\"inLanguage\":\"nb-NO\",\"@id\":\"https:\\\/\\\/super-seeds.se\\\/#\\\/schema\\\/logo\\\/image\\\/\",\"url\":\"https:\\\/\\\/superseeds.dk\\\/wp-content\\\/uploads\\\/2025\\\/09\\\/logo-superseeds.png\",\"contentUrl\":\"https:\\\/\\\/superseeds.dk\\\/wp-content\\\/uploads\\\/2025\\\/09\\\/logo-superseeds.png\",\"width\":180,\"height\":160,\"caption\":\"Superseeds.dk\"},\"image\":{\"@id\":\"https:\\\/\\\/super-seeds.se\\\/#\\\/schema\\\/logo\\\/image\\\/\"}}]}<\/script>\n<!-- \/ Yoast SEO plugin. -->","yoast_head_json":{"title":"Vents Ultrasilent - Superseeds.dk","robots":{"index":"index","follow":"follow","max-snippet":"max-snippet:-1","max-image-preview":"max-image-preview:large","max-video-preview":"max-video-preview:-1"},"canonical":"https:\/\/superseeds.dk\/no\/produkt\/vents-mixflow-acoustic-fan-with-on-off-switch-and-powercord\/","og_locale":"nb_NO","og_type":"article","og_title":"Vents Ultrasilent - Superseeds.dk","og_description":"denne lydl\u00f8se fan er d\u00e6kket af en 50mm ventilationskappe og er en af markedes mest lydsvage.  hvis du sover eller opholder dig t\u00e6t p\u00e5 dit grorum ville denne v\u00e6re s\u00e6rdeles velegnet","og_url":"https:\/\/superseeds.dk\/no\/produkt\/vents-mixflow-acoustic-fan-with-on-off-switch-and-powercord\/","og_site_name":"Superseeds.dk","article_modified_time":"2025-01-30T21:35:00+00:00","og_image":[{"width":1080,"height":1080,"url":"https:\/\/superseeds.dk\/wp-content\/uploads\/2025\/01\/Vents-Ultrasilent.png","type":"image\/png"}],"twitter_card":"summary_large_image","twitter_misc":{"Ansl. lesetid":"1 minutt"},"schema":{"@context":"https:\/\/schema.org","@graph":[{"@type":"WebPage","@id":"https:\/\/superseeds.dk\/vare\/vents-mixflow-acoustic-fan-with-on-off-switch-and-powercord\/","url":"https:\/\/superseeds.dk\/vare\/vents-mixflow-acoustic-fan-with-on-off-switch-and-powercord\/","name":"Vents Ultrasilent - Superseeds.dk","isPartOf":{"@id":"https:\/\/super-seeds.se\/#website"},"primaryImageOfPage":{"@id":"https:\/\/superseeds.dk\/vare\/vents-mixflow-acoustic-fan-with-on-off-switch-and-powercord\/#primaryimage"},"image":{"@id":"https:\/\/superseeds.dk\/vare\/vents-mixflow-acoustic-fan-with-on-off-switch-and-powercord\/#primaryimage"},"thumbnailUrl":"https:\/\/superseeds.dk\/wp-content\/uploads\/2025\/01\/Vents-Ultrasilent.png","datePublished":"2025-01-30T21:34:57+00:00","dateModified":"2025-01-30T21:35:00+00:00","breadcrumb":{"@id":"https:\/\/superseeds.dk\/vare\/vents-mixflow-acoustic-fan-with-on-off-switch-and-powercord\/#breadcrumb"},"inLanguage":"nb-NO","potentialAction":[{"@type":"ReadAction","target":["https:\/\/superseeds.dk\/vare\/vents-mixflow-acoustic-fan-with-on-off-switch-and-powercord\/"]}]},{"@type":"ImageObject","inLanguage":"nb-NO","@id":"https:\/\/superseeds.dk\/vare\/vents-mixflow-acoustic-fan-with-on-off-switch-and-powercord\/#primaryimage","url":"https:\/\/superseeds.dk\/wp-content\/uploads\/2025\/01\/Vents-Ultrasilent.png","contentUrl":"https:\/\/superseeds.dk\/wp-content\/uploads\/2025\/01\/Vents-Ultrasilent.png","width":1080,"height":1080},{"@type":"BreadcrumbList","@id":"https:\/\/superseeds.dk\/vare\/vents-mixflow-acoustic-fan-with-on-off-switch-and-powercord\/#breadcrumb","itemListElement":[{"@type":"ListItem","position":1,"name":"Hjem","item":"https:\/\/superseeds.dk\/"},{"@type":"ListItem","position":2,"name":"Shop","item":"https:\/\/superseeds.dk\/no\/butikk\/"},{"@type":"ListItem","position":3,"name":"Vents Ultrasilent"}]},{"@type":"WebSite","@id":"https:\/\/super-seeds.se\/#website","url":"https:\/\/super-seeds.se\/","name":"Superseeds.com","description":"","publisher":{"@id":"https:\/\/super-seeds.se\/#organization"},"potentialAction":[{"@type":"SearchAction","target":{"@type":"EntryPoint","urlTemplate":"https:\/\/super-seeds.se\/?s={search_term_string}"},"query-input":{"@type":"PropertyValueSpecification","valueRequired":true,"valueName":"search_term_string"}}],"inLanguage":"nb-NO"},{"@type":"Organization","@id":"https:\/\/super-seeds.se\/#organization","name":"Superseeds.com","url":"https:\/\/super-seeds.se\/","logo":{"@type":"ImageObject","inLanguage":"nb-NO","@id":"https:\/\/super-seeds.se\/#\/schema\/logo\/image\/","url":"https:\/\/superseeds.dk\/wp-content\/uploads\/2025\/09\/logo-superseeds.png","contentUrl":"https:\/\/superseeds.dk\/wp-content\/uploads\/2025\/09\/logo-superseeds.png","width":180,"height":160,"caption":"Superseeds.dk"},"image":{"@id":"https:\/\/super-seeds.se\/#\/schema\/logo\/image\/"}}]}},"df_price":1495,"df_sale_price":"","df_regular_price":1495,"df_image_link":"https:\/\/superseeds.dk\/wp-content\/uploads\/2025\/01\/Vents-Ultrasilent-1024x1024.png","_links":{"self":[{"href":"https:\/\/superseeds.dk\/no\/wp-json\/wp\/v2\/product\/57468","targetHints":{"allow":["GET"]}}],"collection":[{"href":"https:\/\/superseeds.dk\/no\/wp-json\/wp\/v2\/product"}],"about":[{"href":"https:\/\/superseeds.dk\/no\/wp-json\/wp\/v2\/types\/product"}],"wp:featuredmedia":[{"embeddable":true,"href":"https:\/\/superseeds.dk\/no\/wp-json\/wp\/v2\/media\/57475"}],"wp:attachment":[{"href":"https:\/\/superseeds.dk\/no\/wp-json\/wp\/v2\/media?parent=57468"}],"wp:term":[{"taxonomy":"product_brand","embeddable":true,"href":"https:\/\/superseeds.dk\/no\/wp-json\/wp\/v2\/product_brand?post=57468"},{"taxonomy":"product_cat","embeddable":true,"href":"https:\/\/superseeds.dk\/no\/wp-json\/wp\/v2\/product_cat?post=57468"},{"taxonomy":"product_tag","embeddable":true,"href":"https:\/\/superseeds.dk\/no\/wp-json\/wp\/v2\/product_tag?post=57468"}],"curies":[{"name":"wp","href":"https:\/\/api.w.org\/{rel}","templated":true}]}}