{"id":57424,"date":"2025-01-30T22:34:34","date_gmt":"2025-01-30T21:34:34","guid":{"rendered":"https:\/\/superseeds.dk\/vare\/elide-brandslukker\/"},"modified":"2025-01-30T22:34:38","modified_gmt":"2025-01-30T21:34:38","slug":"elide-brandslukker","status":"publish","type":"product","link":"https:\/\/superseeds.dk\/no\/produkt\/elide-brandslukker\/","title":{"rendered":"Mabo &#8211; Automatisk Brandslukker"},"content":{"rendered":"<h3>Indeholder:<\/h3>\n<p>1 x 580 ml MABO Ampule<br \/>\n1 x Holder<br \/>\n2 x skruer<br \/>\n2 x R\u00e5 stik<\/p>\n<p><strong>M\u00e5l (med v\u00e6gbeslag):<\/strong><br \/>\n9cm x 31cm x 6cm<\/p>\n<p>L\u00e6s den medf\u00f8lgende manual omhyggeligt, inden du tager den i brug. Det giver vigtige sikkerhedsoplysninger s\u00e5vel som en guide til den rigtige installation.\u00a0Som et hurtigt resume skal MABO installeres over det omr\u00e5de med den st\u00f8rste brandrisiko i en h\u00f8jde af 2 meter, s\u00e5 indholdet d\u00e6kker det mest risikable omr\u00e5de korrekt. Lige under loftniveau er almindelig praksis.<\/p>\n<p><iframe title=\"Bonpet Automatic Fire Extinguisher (Ampoule) Test in Electrical Switch boards\" width=\"800\" height=\"450\" src=\"https:\/\/www.youtube.com\/embed\/zSWBQz1qiDY?feature=oembed\" frameborder=\"0\" allow=\"accelerometer; autoplay; clipboard-write; encrypted-media; gyroscope; picture-in-picture; web-share\" referrerpolicy=\"strict-origin-when-cross-origin\" allowfullscreen><\/iframe><\/p>","protected":false},"excerpt":{"rendered":"<h2>Den Ultimative Sikkerhed &#8211; Udl\u00f8ser ved brand<\/h2>\n<p>Er uheldet ude og der udbryder brand kan skaderne v\u00e6re katastrofale. med mabo brandslukker er du godt sikret et langt stykke hen af vejen. Problemet er, typisk af ildslukkere kr\u00e6ver en Fysisk tilstedev\u00e6relse. I en situation, hvor en brand udvikler sig, og der ikke er nogen, der er i stand til at tackle det, er de meget lidt brugbare.\u00a0MABO Automatic Fire Killer er imidlertid selvaktiverende &#8211; monter den blot\u00a0 p\u00e5 v\u00e6ggen ved hj\u00e6lp af den medf\u00f8lgende beslag, og den springer\u00a0 hver gang temperaturen overstiger 84 grader.<\/p>\n<ul>\n<li>Indeholder v\u00e6sker, der er ufarlige for mennesker, men d\u00f8dbringende for brande!<\/li>\n<li>Kan kastes p\u00e5 en v\u00e6g og aktiveres manuelt<\/li>\n<li>Aktiveres automatisk, n\u00e5r temperaturerne n\u00e5r 84 grader C<\/li>\n<li>Bek\u00e6mper brand, selv n\u00e5r ingen er til stede<\/li>\n<li>Tillader dig at forlade dit v\u00e6kstrum med st\u00f8rre sindsro<\/li>\n<li>En fantastisk langsigtet investering &#8211; leveres med en 10-\u00e5rig holdbarhed!<\/li>\n<li>Indeholder en v\u00e6gmonterbar holder (plus kr\u00e6vede skruer &amp; r\u00e5stik)<\/li>\n<li>\u00c9n MABO d\u00e6kker et areal p\u00e5 12 &#8211; 16 kvadratmeter<\/li>\n<li>sikker til brug p\u00e5 tr\u00e6, papir og tekstiler<\/li>\n<li>Sikker til brug ved gas brande<\/li>\n<li>Sikker til brug ved elektriske brande<\/li>\n<\/ul>","protected":false},"featured_media":57431,"template":"","meta":{"_acf_changed":false},"product_brand":[],"product_cat":[1886,1815,1824],"product_tag":[],"class_list":{"0":"post-57424","1":"product","2":"type-product","3":"status-publish","4":"has-post-thumbnail","6":"product_cat-fittings-tilbehoer","7":"product_cat-groudstyr","8":"product_cat-klima","10":"first","11":"onbackorder","12":"taxable","13":"shipping-taxable","14":"purchasable","15":"product-type-simple"},"acf":[],"yoast_head":"<!-- This site is optimized with the Yoast SEO plugin v26.9 - https:\/\/yoast.com\/product\/yoast-seo-wordpress\/ -->\n<title>Mabo - Automatisk Brandslukker - Superseeds.dk<\/title>\n<meta name=\"robots\" content=\"index, follow, max-snippet:-1, max-image-preview:large, max-video-preview:-1\" \/>\n<link rel=\"canonical\" href=\"https:\/\/superseeds.dk\/no\/produkt\/elide-brandslukker\/\" \/>\n<meta property=\"og:locale\" content=\"nb_NO\" \/>\n<meta property=\"og:type\" content=\"article\" \/>\n<meta property=\"og:title\" content=\"Mabo - Automatisk Brandslukker - Superseeds.dk\" \/>\n<meta property=\"og:description\" content=\"Den Ultimative Sikkerhed - Udl\u00f8ser ved brand Er uheldet ude og der udbryder brand kan skaderne v\u00e6re katastrofale. med mabo brandslukker er du godt sikret et langt stykke hen af vejen. Problemet er, typisk af ildslukkere kr\u00e6ver en Fysisk tilstedev\u00e6relse. I en situation, hvor en brand udvikler sig, og der ikke er nogen, der er i stand til at tackle det, er de meget lidt brugbare.\u00a0MABO Automatic Fire Killer er imidlertid selvaktiverende - monter den blot\u00a0 p\u00e5 v\u00e6ggen ved hj\u00e6lp af den medf\u00f8lgende beslag, og den springer\u00a0 hver gang temperaturen overstiger 84 grader.   Indeholder v\u00e6sker, der er ufarlige for mennesker, men d\u00f8dbringende for brande!  Kan kastes p\u00e5 en v\u00e6g og aktiveres manuelt  Aktiveres automatisk, n\u00e5r temperaturerne n\u00e5r 84 grader C  Bek\u00e6mper brand, selv n\u00e5r ingen er til stede  Tillader dig at forlade dit v\u00e6kstrum med st\u00f8rre sindsro  En fantastisk langsigtet investering - leveres med en 10-\u00e5rig holdbarhed!  Indeholder en v\u00e6gmonterbar holder (plus kr\u00e6vede skruer &amp; r\u00e5stik)  \u00c9n MABO d\u00e6kker et areal p\u00e5 12 - 16 kvadratmeter  sikker til brug p\u00e5 tr\u00e6, papir og tekstiler  Sikker til brug ved gas brande  Sikker til brug ved elektriske brande\" \/>\n<meta property=\"og:url\" content=\"https:\/\/superseeds.dk\/no\/produkt\/elide-brandslukker\/\" \/>\n<meta property=\"og:site_name\" content=\"Superseeds.dk\" \/>\n<meta property=\"article:modified_time\" content=\"2025-01-30T21:34:38+00:00\" \/>\n<meta property=\"og:image\" content=\"https:\/\/superseeds.dk\/wp-content\/uploads\/2025\/01\/Mabo-\u2013-Automatisk-Brandslukker.png\" \/>\n\t<meta property=\"og:image:width\" content=\"1080\" \/>\n\t<meta property=\"og:image:height\" content=\"1080\" \/>\n\t<meta property=\"og:image:type\" content=\"image\/png\" \/>\n<meta name=\"twitter:card\" content=\"summary_large_image\" \/>\n<script type=\"application\/ld+json\" class=\"yoast-schema-graph\">{\"@context\":\"https:\/\/schema.org\",\"@graph\":[{\"@type\":\"WebPage\",\"@id\":\"https:\/\/superseeds.dk\/vare\/elide-brandslukker\/\",\"url\":\"https:\/\/superseeds.dk\/vare\/elide-brandslukker\/\",\"name\":\"Mabo - Automatisk Brandslukker - Superseeds.dk\",\"isPartOf\":{\"@id\":\"https:\/\/super-seeds.se\/#website\"},\"primaryImageOfPage\":{\"@id\":\"https:\/\/superseeds.dk\/vare\/elide-brandslukker\/#primaryimage\"},\"image\":{\"@id\":\"https:\/\/superseeds.dk\/vare\/elide-brandslukker\/#primaryimage\"},\"thumbnailUrl\":\"https:\/\/superseeds.dk\/wp-content\/uploads\/2025\/01\/Mabo-\u2013-Automatisk-Brandslukker.png\",\"datePublished\":\"2025-01-30T21:34:34+00:00\",\"dateModified\":\"2025-01-30T21:34:38+00:00\",\"breadcrumb\":{\"@id\":\"https:\/\/superseeds.dk\/vare\/elide-brandslukker\/#breadcrumb\"},\"inLanguage\":\"nb-NO\",\"potentialAction\":[{\"@type\":\"ReadAction\",\"target\":[\"https:\/\/superseeds.dk\/vare\/elide-brandslukker\/\"]}]},{\"@type\":\"ImageObject\",\"inLanguage\":\"nb-NO\",\"@id\":\"https:\/\/superseeds.dk\/vare\/elide-brandslukker\/#primaryimage\",\"url\":\"https:\/\/superseeds.dk\/wp-content\/uploads\/2025\/01\/Mabo-\u2013-Automatisk-Brandslukker.png\",\"contentUrl\":\"https:\/\/superseeds.dk\/wp-content\/uploads\/2025\/01\/Mabo-\u2013-Automatisk-Brandslukker.png\",\"width\":1080,\"height\":1080},{\"@type\":\"BreadcrumbList\",\"@id\":\"https:\/\/superseeds.dk\/vare\/elide-brandslukker\/#breadcrumb\",\"itemListElement\":[{\"@type\":\"ListItem\",\"position\":1,\"name\":\"Hjem\",\"item\":\"https:\/\/superseeds.dk\/\"},{\"@type\":\"ListItem\",\"position\":2,\"name\":\"Shop\",\"item\":\"https:\/\/superseeds.dk\/no\/butikk\/\"},{\"@type\":\"ListItem\",\"position\":3,\"name\":\"Mabo &#8211; Automatisk Brandslukker\"}]},{\"@type\":\"WebSite\",\"@id\":\"https:\/\/super-seeds.se\/#website\",\"url\":\"https:\/\/super-seeds.se\/\",\"name\":\"Superseeds.dk\",\"description\":\"\",\"publisher\":{\"@id\":\"https:\/\/super-seeds.se\/#organization\"},\"potentialAction\":[{\"@type\":\"SearchAction\",\"target\":{\"@type\":\"EntryPoint\",\"urlTemplate\":\"https:\/\/super-seeds.se\/?s={search_term_string}\"},\"query-input\":{\"@type\":\"PropertyValueSpecification\",\"valueRequired\":true,\"valueName\":\"search_term_string\"}}],\"inLanguage\":\"nb-NO\"},{\"@type\":\"Organization\",\"@id\":\"https:\/\/super-seeds.se\/#organization\",\"name\":\"Superseeds.dk\",\"url\":\"https:\/\/super-seeds.se\/\",\"logo\":{\"@type\":\"ImageObject\",\"inLanguage\":\"nb-NO\",\"@id\":\"https:\/\/super-seeds.se\/#\/schema\/logo\/image\/\",\"url\":\"https:\/\/superseeds.dk\/wp-content\/uploads\/2025\/09\/logo-superseeds.png\",\"contentUrl\":\"https:\/\/superseeds.dk\/wp-content\/uploads\/2025\/09\/logo-superseeds.png\",\"width\":180,\"height\":160,\"caption\":\"Superseeds.dk\"},\"image\":{\"@id\":\"https:\/\/super-seeds.se\/#\/schema\/logo\/image\/\"}}]}<\/script>\n<!-- \/ Yoast SEO plugin. -->","yoast_head_json":{"title":"Mabo - Automatisk Brandslukker - Superseeds.dk","robots":{"index":"index","follow":"follow","max-snippet":"max-snippet:-1","max-image-preview":"max-image-preview:large","max-video-preview":"max-video-preview:-1"},"canonical":"https:\/\/superseeds.dk\/no\/produkt\/elide-brandslukker\/","og_locale":"nb_NO","og_type":"article","og_title":"Mabo - Automatisk Brandslukker - Superseeds.dk","og_description":"Den Ultimative Sikkerhed - Udl\u00f8ser ved brand Er uheldet ude og der udbryder brand kan skaderne v\u00e6re katastrofale. med mabo brandslukker er du godt sikret et langt stykke hen af vejen. Problemet er, typisk af ildslukkere kr\u00e6ver en Fysisk tilstedev\u00e6relse. I en situation, hvor en brand udvikler sig, og der ikke er nogen, der er i stand til at tackle det, er de meget lidt brugbare.\u00a0MABO Automatic Fire Killer er imidlertid selvaktiverende - monter den blot\u00a0 p\u00e5 v\u00e6ggen ved hj\u00e6lp af den medf\u00f8lgende beslag, og den springer\u00a0 hver gang temperaturen overstiger 84 grader.   Indeholder v\u00e6sker, der er ufarlige for mennesker, men d\u00f8dbringende for brande!  Kan kastes p\u00e5 en v\u00e6g og aktiveres manuelt  Aktiveres automatisk, n\u00e5r temperaturerne n\u00e5r 84 grader C  Bek\u00e6mper brand, selv n\u00e5r ingen er til stede  Tillader dig at forlade dit v\u00e6kstrum med st\u00f8rre sindsro  En fantastisk langsigtet investering - leveres med en 10-\u00e5rig holdbarhed!  Indeholder en v\u00e6gmonterbar holder (plus kr\u00e6vede skruer &amp; r\u00e5stik)  \u00c9n MABO d\u00e6kker et areal p\u00e5 12 - 16 kvadratmeter  sikker til brug p\u00e5 tr\u00e6, papir og tekstiler  Sikker til brug ved gas brande  Sikker til brug ved elektriske brande","og_url":"https:\/\/superseeds.dk\/no\/produkt\/elide-brandslukker\/","og_site_name":"Superseeds.dk","article_modified_time":"2025-01-30T21:34:38+00:00","og_image":[{"width":1080,"height":1080,"url":"https:\/\/superseeds.dk\/wp-content\/uploads\/2025\/01\/Mabo-\u2013-Automatisk-Brandslukker.png","type":"image\/png"}],"twitter_card":"summary_large_image","schema":{"@context":"https:\/\/schema.org","@graph":[{"@type":"WebPage","@id":"https:\/\/superseeds.dk\/vare\/elide-brandslukker\/","url":"https:\/\/superseeds.dk\/vare\/elide-brandslukker\/","name":"Mabo - Automatisk Brandslukker - Superseeds.dk","isPartOf":{"@id":"https:\/\/super-seeds.se\/#website"},"primaryImageOfPage":{"@id":"https:\/\/superseeds.dk\/vare\/elide-brandslukker\/#primaryimage"},"image":{"@id":"https:\/\/superseeds.dk\/vare\/elide-brandslukker\/#primaryimage"},"thumbnailUrl":"https:\/\/superseeds.dk\/wp-content\/uploads\/2025\/01\/Mabo-\u2013-Automatisk-Brandslukker.png","datePublished":"2025-01-30T21:34:34+00:00","dateModified":"2025-01-30T21:34:38+00:00","breadcrumb":{"@id":"https:\/\/superseeds.dk\/vare\/elide-brandslukker\/#breadcrumb"},"inLanguage":"nb-NO","potentialAction":[{"@type":"ReadAction","target":["https:\/\/superseeds.dk\/vare\/elide-brandslukker\/"]}]},{"@type":"ImageObject","inLanguage":"nb-NO","@id":"https:\/\/superseeds.dk\/vare\/elide-brandslukker\/#primaryimage","url":"https:\/\/superseeds.dk\/wp-content\/uploads\/2025\/01\/Mabo-\u2013-Automatisk-Brandslukker.png","contentUrl":"https:\/\/superseeds.dk\/wp-content\/uploads\/2025\/01\/Mabo-\u2013-Automatisk-Brandslukker.png","width":1080,"height":1080},{"@type":"BreadcrumbList","@id":"https:\/\/superseeds.dk\/vare\/elide-brandslukker\/#breadcrumb","itemListElement":[{"@type":"ListItem","position":1,"name":"Hjem","item":"https:\/\/superseeds.dk\/"},{"@type":"ListItem","position":2,"name":"Shop","item":"https:\/\/superseeds.dk\/no\/butikk\/"},{"@type":"ListItem","position":3,"name":"Mabo &#8211; Automatisk Brandslukker"}]},{"@type":"WebSite","@id":"https:\/\/super-seeds.se\/#website","url":"https:\/\/super-seeds.se\/","name":"Superseeds.com","description":"","publisher":{"@id":"https:\/\/super-seeds.se\/#organization"},"potentialAction":[{"@type":"SearchAction","target":{"@type":"EntryPoint","urlTemplate":"https:\/\/super-seeds.se\/?s={search_term_string}"},"query-input":{"@type":"PropertyValueSpecification","valueRequired":true,"valueName":"search_term_string"}}],"inLanguage":"nb-NO"},{"@type":"Organization","@id":"https:\/\/super-seeds.se\/#organization","name":"Superseeds.com","url":"https:\/\/super-seeds.se\/","logo":{"@type":"ImageObject","inLanguage":"nb-NO","@id":"https:\/\/super-seeds.se\/#\/schema\/logo\/image\/","url":"https:\/\/superseeds.dk\/wp-content\/uploads\/2025\/09\/logo-superseeds.png","contentUrl":"https:\/\/superseeds.dk\/wp-content\/uploads\/2025\/09\/logo-superseeds.png","width":180,"height":160,"caption":"Superseeds.dk"},"image":{"@id":"https:\/\/super-seeds.se\/#\/schema\/logo\/image\/"}}]}},"df_price":995,"df_sale_price":"","df_regular_price":995,"df_image_link":"https:\/\/superseeds.dk\/wp-content\/uploads\/2025\/01\/Mabo-\u2013-Automatisk-Brandslukker-1024x1024.png","_links":{"self":[{"href":"https:\/\/superseeds.dk\/no\/wp-json\/wp\/v2\/product\/57424","targetHints":{"allow":["GET"]}}],"collection":[{"href":"https:\/\/superseeds.dk\/no\/wp-json\/wp\/v2\/product"}],"about":[{"href":"https:\/\/superseeds.dk\/no\/wp-json\/wp\/v2\/types\/product"}],"wp:featuredmedia":[{"embeddable":true,"href":"https:\/\/superseeds.dk\/no\/wp-json\/wp\/v2\/media\/57431"}],"wp:attachment":[{"href":"https:\/\/superseeds.dk\/no\/wp-json\/wp\/v2\/media?parent=57424"}],"wp:term":[{"taxonomy":"product_brand","embeddable":true,"href":"https:\/\/superseeds.dk\/no\/wp-json\/wp\/v2\/product_brand?post=57424"},{"taxonomy":"product_cat","embeddable":true,"href":"https:\/\/superseeds.dk\/no\/wp-json\/wp\/v2\/product_cat?post=57424"},{"taxonomy":"product_tag","embeddable":true,"href":"https:\/\/superseeds.dk\/no\/wp-json\/wp\/v2\/product_tag?post=57424"}],"curies":[{"name":"wp","href":"https:\/\/api.w.org\/{rel}","templated":true}]}}