{"id":57116,"date":"2025-01-30T22:31:07","date_gmt":"2025-01-30T21:31:07","guid":{"rendered":"https:\/\/superseeds.dk\/vare\/plante-potte-7x7x8-0-35l\/"},"modified":"2025-01-30T22:31:10","modified_gmt":"2025-01-30T21:31:10","slug":"plante-potte-7x7x8-0-35l","status":"publish","type":"product","link":"https:\/\/superseeds.dk\/no\/produkt\/plante-potte-7x7x8-0-35l\/","title":{"rendered":"PLANTE POTTE"},"content":{"rendered":"<h1><span style=\"font-weight: 400;\">Plantepotte\u00a0<\/span><\/h1>\n<p><span style=\"font-weight: 400;\">St\u00e5r du og mangler en god lille plante potte til dine planter derhjemme? S\u00e5 er denne plantepotte muligvis det helt perfekte valg for dig. Denne plantepotte er af h\u00f8j kvalitet plast og har en lang levetid. St\u00f8rrelsen er varierende. Er det en anden st\u00f8rrelses plantepotte du er p\u00e5 udkig efter? S\u00e5 har vi ogs\u00e5 mange andre st\u00f8rrelser i vores udvalg. Uanset hvilken st\u00f8rrelse plante potte du skal bruge, s\u00e5 kan du alts\u00e5 finde det her hos os.<\/span><\/p>\n<h2><span style=\"font-weight: 400;\">Plante potte af h\u00f8j kvalitets plastik<\/span><\/h2>\n<p><span style=\"font-weight: 400;\">Denne plante potte er lavet af h\u00f8j kvalitets plastik, som er lavet til at v\u00e6re godt at arbejde med samt at have en lang levetid. Vi tilbyder vore plantepotter til markedets bedste priser, s\u00e5 du kan f\u00e5 gl\u00e6de af en god plantepotte uden at skulle bruge un\u00f8dvendigt mange penge p\u00e5 plate potten.<\/span><\/p>\n<h3><span style=\"font-weight: 400;\">Derfor er det vigtigt med en god plantepotte<\/span><\/h3>\n<p><span style=\"font-weight: 400;\">En god plantepotte af h\u00f8j kvalitet er b\u00e5de praktisk, men ogs\u00e5 vigtig n\u00e5r man skal h\u00e5ndtere sin plante. Vores plantepotte er lavet af plast af h\u00f8j kvalitet med huller i bunden, s\u00e5 du ikke skal v\u00e6re bange for at din plante drukner.<\/span><\/p>\n<p><span style=\"font-weight: 400;\">Er du ikke helt sikker p\u00e5 hvad du skal v\u00e6lge? S\u00e5 er det bare med at tage fat i os, s\u00e5 vi kan finde det helt rigtige produkt til dig. Du kan kontakte os via vores <a href=\"\/kontakt\">kontaktside<\/a><\/span><span style=\"font-weight: 400;\">\u00a0eller via chat-funktionen p\u00e5 vores hjemmeside. Vi gl\u00e6der os til at h\u00f8re fra dig!<\/span><\/p>","protected":false},"excerpt":{"rendered":"<p>Plantepotte af <strong>h\u00f8j kvalitet<\/strong>.<\/p>\n<p><span style=\"font-weight: 400;\">Plantepotten er til dig, som s\u00f8ger en lille plantepotte af kvalitet, som du <strong>kan bruge igen og igen<\/strong>. Den h\u00f8je kvalitet af plastikken sikrer, at plantepotten har en <strong>lang levetid<\/strong> og er nem at arbejde med. Dertil har den <strong>huller i bunden<\/strong>, som er med til at sikre, at du ikke drukner dine planter.\u00a0<\/span><\/p>\n<p><strong>Informasjon:\u00a0<\/strong><\/p>\n<ul>\n<li>0,35L: 7 x 7 x 8 cm<\/li>\n<li>0,5L: 9 x 9 x 10 cm<\/li>\n<li>1L: 10 x 10 x 14 cm<\/li>\n<li>2L: 13 x 13 x 17 cm<\/li>\n<li>3,5L: 15 x 15 x 20 cm<\/li>\n<\/ul>","protected":false},"featured_media":57123,"template":"","meta":{"_acf_changed":false},"product_brand":[],"product_cat":[1815,1846,1842],"product_tag":[],"class_list":{"0":"post-57116","1":"product","2":"type-product","3":"status-publish","4":"has-post-thumbnail","6":"product_cat-groudstyr","7":"product_cat-potter","8":"product_cat-potter-underskaale","10":"first","11":"onbackorder","12":"taxable","13":"shipping-taxable","14":"purchasable","15":"product-type-variable","16":"wvs-archive-product-wrapper"},"acf":[],"yoast_head":"<!-- This site is optimized with the Yoast SEO plugin v26.9 - https:\/\/yoast.com\/product\/yoast-seo-wordpress\/ -->\n<title>PLANTE POTTE - Superseeds.dk<\/title>\n<meta name=\"robots\" content=\"index, follow, max-snippet:-1, max-image-preview:large, max-video-preview:-1\" \/>\n<link rel=\"canonical\" href=\"https:\/\/superseeds.dk\/no\/produkt\/plante-potte-7x7x8-0-35l\/\" \/>\n<meta property=\"og:locale\" content=\"nb_NO\" \/>\n<meta property=\"og:type\" content=\"article\" \/>\n<meta property=\"og:title\" content=\"PLANTE POTTE - Superseeds.dk\" \/>\n<meta property=\"og:description\" content=\"Plantepotte af h\u00f8j kvalitet.  Plantepotten er til dig, som s\u00f8ger en lille plantepotte af kvalitet, som du kan bruge igen og igen. Den h\u00f8je kvalitet af plastikken sikrer, at plantepotten har en lang levetid og er nem at arbejde med. Dertil har den huller i bunden, som er med til at sikre, at du ikke drukner dine planter.\u00a0  Information:\u00a0   0,35L: 7 x 7 x 8 cm  0,5L: 9 x 9 x 10 cm  1L: 10 x 10 x 14 cm  2L: 13 x 13 x 17 cm  3,5L: 15 x 15 x 20 cm\" \/>\n<meta property=\"og:url\" content=\"https:\/\/superseeds.dk\/no\/produkt\/plante-potte-7x7x8-0-35l\/\" \/>\n<meta property=\"og:site_name\" content=\"Superseeds.dk\" \/>\n<meta property=\"article:modified_time\" content=\"2025-01-30T21:31:10+00:00\" \/>\n<meta property=\"og:image\" content=\"https:\/\/super-seeds.se\/wp-content\/uploads\/2025\/01\/PLANTE-POTTE.png\" \/>\n\t<meta property=\"og:image:width\" content=\"1080\" \/>\n\t<meta property=\"og:image:height\" content=\"1080\" \/>\n\t<meta property=\"og:image:type\" content=\"image\/png\" \/>\n<meta name=\"twitter:card\" content=\"summary_large_image\" \/>\n<meta name=\"twitter:label1\" content=\"Ansl. lesetid\" \/>\n\t<meta name=\"twitter:data1\" content=\"1 minutt\" \/>\n<script type=\"application\/ld+json\" class=\"yoast-schema-graph\">{\"@context\":\"https:\/\/schema.org\",\"@graph\":[{\"@type\":\"WebPage\",\"@id\":\"https:\/\/superseeds.dk\/vare\/plante-potte-7x7x8-0-35l\/\",\"url\":\"https:\/\/superseeds.dk\/vare\/plante-potte-7x7x8-0-35l\/\",\"name\":\"PLANTE POTTE - Superseeds.dk\",\"isPartOf\":{\"@id\":\"https:\/\/super-seeds.se\/#website\"},\"primaryImageOfPage\":{\"@id\":\"https:\/\/superseeds.dk\/vare\/plante-potte-7x7x8-0-35l\/#primaryimage\"},\"image\":{\"@id\":\"https:\/\/superseeds.dk\/vare\/plante-potte-7x7x8-0-35l\/#primaryimage\"},\"thumbnailUrl\":\"https:\/\/superseeds.dk\/wp-content\/uploads\/2025\/01\/PLANTE-POTTE.png\",\"datePublished\":\"2025-01-30T21:31:07+00:00\",\"dateModified\":\"2025-01-30T21:31:10+00:00\",\"breadcrumb\":{\"@id\":\"https:\/\/superseeds.dk\/vare\/plante-potte-7x7x8-0-35l\/#breadcrumb\"},\"inLanguage\":\"nb-NO\",\"potentialAction\":[{\"@type\":\"ReadAction\",\"target\":[\"https:\/\/superseeds.dk\/vare\/plante-potte-7x7x8-0-35l\/\"]}]},{\"@type\":\"ImageObject\",\"inLanguage\":\"nb-NO\",\"@id\":\"https:\/\/superseeds.dk\/vare\/plante-potte-7x7x8-0-35l\/#primaryimage\",\"url\":\"https:\/\/superseeds.dk\/wp-content\/uploads\/2025\/01\/PLANTE-POTTE.png\",\"contentUrl\":\"https:\/\/superseeds.dk\/wp-content\/uploads\/2025\/01\/PLANTE-POTTE.png\",\"width\":1080,\"height\":1080},{\"@type\":\"BreadcrumbList\",\"@id\":\"https:\/\/superseeds.dk\/vare\/plante-potte-7x7x8-0-35l\/#breadcrumb\",\"itemListElement\":[{\"@type\":\"ListItem\",\"position\":1,\"name\":\"Hjem\",\"item\":\"https:\/\/superseeds.dk\/\"},{\"@type\":\"ListItem\",\"position\":2,\"name\":\"Shop\",\"item\":\"https:\/\/superseeds.dk\/no\/butikk\/\"},{\"@type\":\"ListItem\",\"position\":3,\"name\":\"PLANTE POTTE\"}]},{\"@type\":\"WebSite\",\"@id\":\"https:\/\/super-seeds.se\/#website\",\"url\":\"https:\/\/super-seeds.se\/\",\"name\":\"Superseeds.dk\",\"description\":\"\",\"publisher\":{\"@id\":\"https:\/\/super-seeds.se\/#organization\"},\"potentialAction\":[{\"@type\":\"SearchAction\",\"target\":{\"@type\":\"EntryPoint\",\"urlTemplate\":\"https:\/\/super-seeds.se\/?s={search_term_string}\"},\"query-input\":{\"@type\":\"PropertyValueSpecification\",\"valueRequired\":true,\"valueName\":\"search_term_string\"}}],\"inLanguage\":\"nb-NO\"},{\"@type\":\"Organization\",\"@id\":\"https:\/\/super-seeds.se\/#organization\",\"name\":\"Superseeds.dk\",\"url\":\"https:\/\/super-seeds.se\/\",\"logo\":{\"@type\":\"ImageObject\",\"inLanguage\":\"nb-NO\",\"@id\":\"https:\/\/super-seeds.se\/#\/schema\/logo\/image\/\",\"url\":\"https:\/\/superseeds.dk\/wp-content\/uploads\/2025\/09\/logo-superseeds.png\",\"contentUrl\":\"https:\/\/superseeds.dk\/wp-content\/uploads\/2025\/09\/logo-superseeds.png\",\"width\":180,\"height\":160,\"caption\":\"Superseeds.dk\"},\"image\":{\"@id\":\"https:\/\/super-seeds.se\/#\/schema\/logo\/image\/\"}}]}<\/script>\n<!-- \/ Yoast SEO plugin. -->","yoast_head_json":{"title":"PLANTE POTTE - Superseeds.dk","robots":{"index":"index","follow":"follow","max-snippet":"max-snippet:-1","max-image-preview":"max-image-preview:large","max-video-preview":"max-video-preview:-1"},"canonical":"https:\/\/superseeds.dk\/no\/produkt\/plante-potte-7x7x8-0-35l\/","og_locale":"nb_NO","og_type":"article","og_title":"PLANTE POTTE - Superseeds.dk","og_description":"Plantepotte af h\u00f8j kvalitet.  Plantepotten er til dig, som s\u00f8ger en lille plantepotte af kvalitet, som du kan bruge igen og igen. Den h\u00f8je kvalitet af plastikken sikrer, at plantepotten har en lang levetid og er nem at arbejde med. Dertil har den huller i bunden, som er med til at sikre, at du ikke drukner dine planter.\u00a0  Information:\u00a0   0,35L: 7 x 7 x 8 cm  0,5L: 9 x 9 x 10 cm  1L: 10 x 10 x 14 cm  2L: 13 x 13 x 17 cm  3,5L: 15 x 15 x 20 cm","og_url":"https:\/\/superseeds.dk\/no\/produkt\/plante-potte-7x7x8-0-35l\/","og_site_name":"Superseeds.dk","article_modified_time":"2025-01-30T21:31:10+00:00","og_image":[{"width":1080,"height":1080,"url":"https:\/\/super-seeds.se\/wp-content\/uploads\/2025\/01\/PLANTE-POTTE.png","type":"image\/png"}],"twitter_card":"summary_large_image","twitter_misc":{"Ansl. lesetid":"1 minutt"},"schema":{"@context":"https:\/\/schema.org","@graph":[{"@type":"WebPage","@id":"https:\/\/superseeds.dk\/vare\/plante-potte-7x7x8-0-35l\/","url":"https:\/\/superseeds.dk\/vare\/plante-potte-7x7x8-0-35l\/","name":"PLANTE POTTE - Superseeds.dk","isPartOf":{"@id":"https:\/\/super-seeds.se\/#website"},"primaryImageOfPage":{"@id":"https:\/\/superseeds.dk\/vare\/plante-potte-7x7x8-0-35l\/#primaryimage"},"image":{"@id":"https:\/\/superseeds.dk\/vare\/plante-potte-7x7x8-0-35l\/#primaryimage"},"thumbnailUrl":"https:\/\/superseeds.dk\/wp-content\/uploads\/2025\/01\/PLANTE-POTTE.png","datePublished":"2025-01-30T21:31:07+00:00","dateModified":"2025-01-30T21:31:10+00:00","breadcrumb":{"@id":"https:\/\/superseeds.dk\/vare\/plante-potte-7x7x8-0-35l\/#breadcrumb"},"inLanguage":"nb-NO","potentialAction":[{"@type":"ReadAction","target":["https:\/\/superseeds.dk\/vare\/plante-potte-7x7x8-0-35l\/"]}]},{"@type":"ImageObject","inLanguage":"nb-NO","@id":"https:\/\/superseeds.dk\/vare\/plante-potte-7x7x8-0-35l\/#primaryimage","url":"https:\/\/superseeds.dk\/wp-content\/uploads\/2025\/01\/PLANTE-POTTE.png","contentUrl":"https:\/\/superseeds.dk\/wp-content\/uploads\/2025\/01\/PLANTE-POTTE.png","width":1080,"height":1080},{"@type":"BreadcrumbList","@id":"https:\/\/superseeds.dk\/vare\/plante-potte-7x7x8-0-35l\/#breadcrumb","itemListElement":[{"@type":"ListItem","position":1,"name":"Hjem","item":"https:\/\/superseeds.dk\/"},{"@type":"ListItem","position":2,"name":"Shop","item":"https:\/\/superseeds.dk\/no\/butikk\/"},{"@type":"ListItem","position":3,"name":"PLANTE POTTE"}]},{"@type":"WebSite","@id":"https:\/\/super-seeds.se\/#website","url":"https:\/\/super-seeds.se\/","name":"Superseeds.com","description":"","publisher":{"@id":"https:\/\/super-seeds.se\/#organization"},"potentialAction":[{"@type":"SearchAction","target":{"@type":"EntryPoint","urlTemplate":"https:\/\/super-seeds.se\/?s={search_term_string}"},"query-input":{"@type":"PropertyValueSpecification","valueRequired":true,"valueName":"search_term_string"}}],"inLanguage":"nb-NO"},{"@type":"Organization","@id":"https:\/\/super-seeds.se\/#organization","name":"Superseeds.com","url":"https:\/\/super-seeds.se\/","logo":{"@type":"ImageObject","inLanguage":"nb-NO","@id":"https:\/\/super-seeds.se\/#\/schema\/logo\/image\/","url":"https:\/\/superseeds.dk\/wp-content\/uploads\/2025\/09\/logo-superseeds.png","contentUrl":"https:\/\/superseeds.dk\/wp-content\/uploads\/2025\/09\/logo-superseeds.png","width":180,"height":160,"caption":"Superseeds.dk"},"image":{"@id":"https:\/\/super-seeds.se\/#\/schema\/logo\/image\/"}}]}},"df_price":1.95,"df_sale_price":"","df_regular_price":1.95,"df_image_link":"https:\/\/superseeds.dk\/wp-content\/uploads\/2025\/01\/PLANTE-POTTE-1024x1024.png","_links":{"self":[{"href":"https:\/\/superseeds.dk\/no\/wp-json\/wp\/v2\/product\/57116","targetHints":{"allow":["GET"]}}],"collection":[{"href":"https:\/\/superseeds.dk\/no\/wp-json\/wp\/v2\/product"}],"about":[{"href":"https:\/\/superseeds.dk\/no\/wp-json\/wp\/v2\/types\/product"}],"wp:featuredmedia":[{"embeddable":true,"href":"https:\/\/superseeds.dk\/no\/wp-json\/wp\/v2\/media\/57123"}],"wp:attachment":[{"href":"https:\/\/superseeds.dk\/no\/wp-json\/wp\/v2\/media?parent=57116"}],"wp:term":[{"taxonomy":"product_brand","embeddable":true,"href":"https:\/\/superseeds.dk\/no\/wp-json\/wp\/v2\/product_brand?post=57116"},{"taxonomy":"product_cat","embeddable":true,"href":"https:\/\/superseeds.dk\/no\/wp-json\/wp\/v2\/product_cat?post=57116"},{"taxonomy":"product_tag","embeddable":true,"href":"https:\/\/superseeds.dk\/no\/wp-json\/wp\/v2\/product_tag?post=57116"}],"curies":[{"name":"wp","href":"https:\/\/api.w.org\/{rel}","templated":true}]}}