{"id":57096,"date":"2025-01-30T22:30:53","date_gmt":"2025-01-30T21:30:53","guid":{"rendered":"https:\/\/superseeds.dk\/vare\/448-secret-jardin-300x300x235-2-boxes-grotelt\/"},"modified":"2025-01-30T22:30:58","modified_gmt":"2025-01-30T21:30:58","slug":"448-secret-jardin-300x300x235-2-boxes-grotelt","status":"publish","type":"product","link":"https:\/\/superseeds.dk\/no\/produkt\/448-secret-jardin-300x300x235-2-boxes-grotelt\/","title":{"rendered":"SECRET JARDIN &#8211; 300X300X235 &#8211; 2 BOXES GROTELT"},"content":{"rendered":"<p>DR300W II m\u00e5ler 300cm x 300cm x 235cm og funktioner:<\/p>\n<p>St\u00e6rk, nem at bruge tagst\u00f8ttesystem, der kan underst\u00f8tte op til 40 kg<br \/>\nSt\u00e6rkere, st\u00e6rkt reflekterende, lysfast og vaskbar Mylarforing<br \/>\nNye konstruerede hj\u00f8rne stykker, der er tre gange st\u00e6rkere end f\u00f8r<br \/>\nTo t\u00e6tbare og aftagelige ventilationsflapper 30 cm x 30 cm<br \/>\nKabeladgangsporte \u00f8verst og nederst<br \/>\nTo 250 mm topventiler<br \/>\nTo 250 mm bundventiler<br \/>\nLeveres komplet med b\u00e6retaske og &#8216;S&#8217; kroge<\/p>\n<p>DR300W II er et velfremstillet, letmonteret voksentelt, der er egnet til brug med flere store HID-lamper og har indbyggede 200 mm kanalporte til nem installation af luftk\u00f8lede reflektorer. Den meget reflekterende Mylarforing vil f\u00e5 mest muligt ud af noget lys.<\/p>\n<p>Space Booster inkluderet.<\/p>","protected":false},"excerpt":{"rendered":"<p>Den nye serie Dark Rooms fra Secret Jardin er nu konstrueret til en h\u00f8jere standard for at give et endnu l\u00e6ngere liv, med mere robuste hj\u00f8rnestykker og tyngre pligtmaterialer, der er mindre tilb\u00f8jelige til at rive. DR240W II er den n\u00e6ste generation af et af vores mest popul\u00e6re telte, og det samme design afspejler dette.<\/p>","protected":false},"featured_media":57097,"template":"","meta":{"_acf_changed":false},"product_brand":[],"product_cat":[1815,1852,1900,1849],"product_tag":[],"class_list":{"0":"post-57096","1":"product","2":"type-product","3":"status-publish","4":"has-post-thumbnail","6":"product_cat-groudstyr","7":"product_cat-secret-jardin","8":"product_cat-secret-jardin-secret-jardin","9":"product_cat-telte","11":"first","12":"instock","13":"sale","14":"taxable","15":"shipping-taxable","16":"purchasable","17":"product-type-simple"},"acf":[],"yoast_head":"<!-- This site is optimized with the Yoast SEO plugin v26.9 - https:\/\/yoast.com\/product\/yoast-seo-wordpress\/ -->\n<title>SECRET JARDIN - 300X300X235 - 2 BOXES GROTELT - Superseeds.dk<\/title>\n<meta name=\"robots\" content=\"index, follow, max-snippet:-1, max-image-preview:large, max-video-preview:-1\" \/>\n<link rel=\"canonical\" href=\"https:\/\/superseeds.dk\/no\/produkt\/448-secret-jardin-300x300x235-2-boxes-grotelt\/\" \/>\n<meta property=\"og:locale\" content=\"nb_NO\" \/>\n<meta property=\"og:type\" content=\"article\" \/>\n<meta property=\"og:title\" content=\"SECRET JARDIN - 300X300X235 - 2 BOXES GROTELT - Superseeds.dk\" \/>\n<meta property=\"og:description\" content=\"Den nye serie Dark Rooms fra Secret Jardin er nu konstrueret til en h\u00f8jere standard for at give et endnu l\u00e6ngere liv, med mere robuste hj\u00f8rnestykker og tyngre pligtmaterialer, der er mindre tilb\u00f8jelige til at rive. DR240W II er den n\u00e6ste generation af et af vores mest popul\u00e6re telte, og det samme design afspejler dette.\" \/>\n<meta property=\"og:url\" content=\"https:\/\/superseeds.dk\/no\/produkt\/448-secret-jardin-300x300x235-2-boxes-grotelt\/\" \/>\n<meta property=\"og:site_name\" content=\"Superseeds.dk\" \/>\n<meta property=\"article:modified_time\" content=\"2025-01-30T21:30:58+00:00\" \/>\n<meta property=\"og:image\" content=\"https:\/\/super-seeds.se\/wp-content\/uploads\/2025\/01\/SECRET-JARDIN-\u2013-300X300X235-\u2013-2-BOXES-GROTELT.png\" \/>\n\t<meta property=\"og:image:width\" content=\"1080\" \/>\n\t<meta property=\"og:image:height\" content=\"1080\" \/>\n\t<meta property=\"og:image:type\" content=\"image\/png\" \/>\n<meta name=\"twitter:card\" content=\"summary_large_image\" \/>\n<meta name=\"twitter:label1\" content=\"Ansl. lesetid\" \/>\n\t<meta name=\"twitter:data1\" content=\"1 minutt\" \/>\n<script type=\"application\/ld+json\" class=\"yoast-schema-graph\">{\"@context\":\"https:\/\/schema.org\",\"@graph\":[{\"@type\":\"WebPage\",\"@id\":\"https:\/\/superseeds.dk\/vare\/448-secret-jardin-300x300x235-2-boxes-grotelt\/\",\"url\":\"https:\/\/superseeds.dk\/vare\/448-secret-jardin-300x300x235-2-boxes-grotelt\/\",\"name\":\"SECRET JARDIN - 300X300X235 - 2 BOXES GROTELT - Superseeds.dk\",\"isPartOf\":{\"@id\":\"https:\/\/super-seeds.se\/#website\"},\"primaryImageOfPage\":{\"@id\":\"https:\/\/superseeds.dk\/vare\/448-secret-jardin-300x300x235-2-boxes-grotelt\/#primaryimage\"},\"image\":{\"@id\":\"https:\/\/superseeds.dk\/vare\/448-secret-jardin-300x300x235-2-boxes-grotelt\/#primaryimage\"},\"thumbnailUrl\":\"https:\/\/superseeds.dk\/wp-content\/uploads\/2025\/01\/SECRET-JARDIN-\u2013-300X300X235-\u2013-2-BOXES-GROTELT.png\",\"datePublished\":\"2025-01-30T21:30:53+00:00\",\"dateModified\":\"2025-01-30T21:30:58+00:00\",\"breadcrumb\":{\"@id\":\"https:\/\/superseeds.dk\/vare\/448-secret-jardin-300x300x235-2-boxes-grotelt\/#breadcrumb\"},\"inLanguage\":\"nb-NO\",\"potentialAction\":[{\"@type\":\"ReadAction\",\"target\":[\"https:\/\/superseeds.dk\/vare\/448-secret-jardin-300x300x235-2-boxes-grotelt\/\"]}]},{\"@type\":\"ImageObject\",\"inLanguage\":\"nb-NO\",\"@id\":\"https:\/\/superseeds.dk\/vare\/448-secret-jardin-300x300x235-2-boxes-grotelt\/#primaryimage\",\"url\":\"https:\/\/superseeds.dk\/wp-content\/uploads\/2025\/01\/SECRET-JARDIN-\u2013-300X300X235-\u2013-2-BOXES-GROTELT.png\",\"contentUrl\":\"https:\/\/superseeds.dk\/wp-content\/uploads\/2025\/01\/SECRET-JARDIN-\u2013-300X300X235-\u2013-2-BOXES-GROTELT.png\",\"width\":1080,\"height\":1080},{\"@type\":\"BreadcrumbList\",\"@id\":\"https:\/\/superseeds.dk\/vare\/448-secret-jardin-300x300x235-2-boxes-grotelt\/#breadcrumb\",\"itemListElement\":[{\"@type\":\"ListItem\",\"position\":1,\"name\":\"Hjem\",\"item\":\"https:\/\/superseeds.dk\/\"},{\"@type\":\"ListItem\",\"position\":2,\"name\":\"Shop\",\"item\":\"https:\/\/superseeds.dk\/no\/butikk\/\"},{\"@type\":\"ListItem\",\"position\":3,\"name\":\"SECRET JARDIN &#8211; 300X300X235 &#8211; 2 BOXES GROTELT\"}]},{\"@type\":\"WebSite\",\"@id\":\"https:\/\/super-seeds.se\/#website\",\"url\":\"https:\/\/super-seeds.se\/\",\"name\":\"Superseeds.dk\",\"description\":\"\",\"publisher\":{\"@id\":\"https:\/\/super-seeds.se\/#organization\"},\"potentialAction\":[{\"@type\":\"SearchAction\",\"target\":{\"@type\":\"EntryPoint\",\"urlTemplate\":\"https:\/\/super-seeds.se\/?s={search_term_string}\"},\"query-input\":{\"@type\":\"PropertyValueSpecification\",\"valueRequired\":true,\"valueName\":\"search_term_string\"}}],\"inLanguage\":\"nb-NO\"},{\"@type\":\"Organization\",\"@id\":\"https:\/\/super-seeds.se\/#organization\",\"name\":\"Superseeds.dk\",\"url\":\"https:\/\/super-seeds.se\/\",\"logo\":{\"@type\":\"ImageObject\",\"inLanguage\":\"nb-NO\",\"@id\":\"https:\/\/super-seeds.se\/#\/schema\/logo\/image\/\",\"url\":\"https:\/\/superseeds.dk\/wp-content\/uploads\/2025\/09\/logo-superseeds.png\",\"contentUrl\":\"https:\/\/superseeds.dk\/wp-content\/uploads\/2025\/09\/logo-superseeds.png\",\"width\":180,\"height\":160,\"caption\":\"Superseeds.dk\"},\"image\":{\"@id\":\"https:\/\/super-seeds.se\/#\/schema\/logo\/image\/\"}}]}<\/script>\n<!-- \/ Yoast SEO plugin. -->","yoast_head_json":{"title":"SECRET JARDIN - 300X300X235 - 2 BOXES GROTELT - Superseeds.dk","robots":{"index":"index","follow":"follow","max-snippet":"max-snippet:-1","max-image-preview":"max-image-preview:large","max-video-preview":"max-video-preview:-1"},"canonical":"https:\/\/superseeds.dk\/no\/produkt\/448-secret-jardin-300x300x235-2-boxes-grotelt\/","og_locale":"nb_NO","og_type":"article","og_title":"SECRET JARDIN - 300X300X235 - 2 BOXES GROTELT - Superseeds.dk","og_description":"Den nye serie Dark Rooms fra Secret Jardin er nu konstrueret til en h\u00f8jere standard for at give et endnu l\u00e6ngere liv, med mere robuste hj\u00f8rnestykker og tyngre pligtmaterialer, der er mindre tilb\u00f8jelige til at rive. DR240W II er den n\u00e6ste generation af et af vores mest popul\u00e6re telte, og det samme design afspejler dette.","og_url":"https:\/\/superseeds.dk\/no\/produkt\/448-secret-jardin-300x300x235-2-boxes-grotelt\/","og_site_name":"Superseeds.dk","article_modified_time":"2025-01-30T21:30:58+00:00","og_image":[{"width":1080,"height":1080,"url":"https:\/\/super-seeds.se\/wp-content\/uploads\/2025\/01\/SECRET-JARDIN-\u2013-300X300X235-\u2013-2-BOXES-GROTELT.png","type":"image\/png"}],"twitter_card":"summary_large_image","twitter_misc":{"Ansl. lesetid":"1 minutt"},"schema":{"@context":"https:\/\/schema.org","@graph":[{"@type":"WebPage","@id":"https:\/\/superseeds.dk\/vare\/448-secret-jardin-300x300x235-2-boxes-grotelt\/","url":"https:\/\/superseeds.dk\/vare\/448-secret-jardin-300x300x235-2-boxes-grotelt\/","name":"SECRET JARDIN - 300X300X235 - 2 BOXES GROTELT - Superseeds.dk","isPartOf":{"@id":"https:\/\/super-seeds.se\/#website"},"primaryImageOfPage":{"@id":"https:\/\/superseeds.dk\/vare\/448-secret-jardin-300x300x235-2-boxes-grotelt\/#primaryimage"},"image":{"@id":"https:\/\/superseeds.dk\/vare\/448-secret-jardin-300x300x235-2-boxes-grotelt\/#primaryimage"},"thumbnailUrl":"https:\/\/superseeds.dk\/wp-content\/uploads\/2025\/01\/SECRET-JARDIN-\u2013-300X300X235-\u2013-2-BOXES-GROTELT.png","datePublished":"2025-01-30T21:30:53+00:00","dateModified":"2025-01-30T21:30:58+00:00","breadcrumb":{"@id":"https:\/\/superseeds.dk\/vare\/448-secret-jardin-300x300x235-2-boxes-grotelt\/#breadcrumb"},"inLanguage":"nb-NO","potentialAction":[{"@type":"ReadAction","target":["https:\/\/superseeds.dk\/vare\/448-secret-jardin-300x300x235-2-boxes-grotelt\/"]}]},{"@type":"ImageObject","inLanguage":"nb-NO","@id":"https:\/\/superseeds.dk\/vare\/448-secret-jardin-300x300x235-2-boxes-grotelt\/#primaryimage","url":"https:\/\/superseeds.dk\/wp-content\/uploads\/2025\/01\/SECRET-JARDIN-\u2013-300X300X235-\u2013-2-BOXES-GROTELT.png","contentUrl":"https:\/\/superseeds.dk\/wp-content\/uploads\/2025\/01\/SECRET-JARDIN-\u2013-300X300X235-\u2013-2-BOXES-GROTELT.png","width":1080,"height":1080},{"@type":"BreadcrumbList","@id":"https:\/\/superseeds.dk\/vare\/448-secret-jardin-300x300x235-2-boxes-grotelt\/#breadcrumb","itemListElement":[{"@type":"ListItem","position":1,"name":"Hjem","item":"https:\/\/superseeds.dk\/"},{"@type":"ListItem","position":2,"name":"Shop","item":"https:\/\/superseeds.dk\/no\/butikk\/"},{"@type":"ListItem","position":3,"name":"SECRET JARDIN &#8211; 300X300X235 &#8211; 2 BOXES GROTELT"}]},{"@type":"WebSite","@id":"https:\/\/super-seeds.se\/#website","url":"https:\/\/super-seeds.se\/","name":"Superseeds.com","description":"","publisher":{"@id":"https:\/\/super-seeds.se\/#organization"},"potentialAction":[{"@type":"SearchAction","target":{"@type":"EntryPoint","urlTemplate":"https:\/\/super-seeds.se\/?s={search_term_string}"},"query-input":{"@type":"PropertyValueSpecification","valueRequired":true,"valueName":"search_term_string"}}],"inLanguage":"nb-NO"},{"@type":"Organization","@id":"https:\/\/super-seeds.se\/#organization","name":"Superseeds.com","url":"https:\/\/super-seeds.se\/","logo":{"@type":"ImageObject","inLanguage":"nb-NO","@id":"https:\/\/super-seeds.se\/#\/schema\/logo\/image\/","url":"https:\/\/superseeds.dk\/wp-content\/uploads\/2025\/09\/logo-superseeds.png","contentUrl":"https:\/\/superseeds.dk\/wp-content\/uploads\/2025\/09\/logo-superseeds.png","width":180,"height":160,"caption":"Superseeds.dk"},"image":{"@id":"https:\/\/super-seeds.se\/#\/schema\/logo\/image\/"}}]}},"df_price":5400,"df_sale_price":5400,"df_regular_price":7333,"df_image_link":"https:\/\/superseeds.dk\/wp-content\/uploads\/2025\/01\/SECRET-JARDIN-\u2013-300X300X235-\u2013-2-BOXES-GROTELT-1024x1024.png","_links":{"self":[{"href":"https:\/\/superseeds.dk\/no\/wp-json\/wp\/v2\/product\/57096","targetHints":{"allow":["GET"]}}],"collection":[{"href":"https:\/\/superseeds.dk\/no\/wp-json\/wp\/v2\/product"}],"about":[{"href":"https:\/\/superseeds.dk\/no\/wp-json\/wp\/v2\/types\/product"}],"wp:featuredmedia":[{"embeddable":true,"href":"https:\/\/superseeds.dk\/no\/wp-json\/wp\/v2\/media\/57097"}],"wp:attachment":[{"href":"https:\/\/superseeds.dk\/no\/wp-json\/wp\/v2\/media?parent=57096"}],"wp:term":[{"taxonomy":"product_brand","embeddable":true,"href":"https:\/\/superseeds.dk\/no\/wp-json\/wp\/v2\/product_brand?post=57096"},{"taxonomy":"product_cat","embeddable":true,"href":"https:\/\/superseeds.dk\/no\/wp-json\/wp\/v2\/product_cat?post=57096"},{"taxonomy":"product_tag","embeddable":true,"href":"https:\/\/superseeds.dk\/no\/wp-json\/wp\/v2\/product_tag?post=57096"}],"curies":[{"name":"wp","href":"https:\/\/api.w.org\/{rel}","templated":true}]}}