{"id":56894,"date":"2025-01-30T22:28:21","date_gmt":"2025-01-30T21:28:21","guid":{"rendered":"https:\/\/superseeds.dk\/vare\/724-termometer-og-ec-maaler\/"},"modified":"2025-01-30T22:28:23","modified_gmt":"2025-01-30T21:28:23","slug":"724-termometer-og-ec-maaler","status":"publish","type":"product","link":"https:\/\/superseeds.dk\/no\/produkt\/724-termometer-og-ec-maaler\/","title":{"rendered":"Termometer og EC m\u00e5ler"},"content":{"rendered":"<p>Helt afg\u00f8rende for dem, der bruger hydroponiske systemer og yderst v\u00e6rdsat for alle andre dyrkningsmetoder, da det m\u00e5ler koncentrationen af n\u00e6ringsstoffer i vandet.<br \/>\nDirekte l\u00e6sning p\u00e5 displayet, automatisk temperaturkompensation, kompakt og nem at bruge.<\/p>\n<p>Tekniske egenskaber:<br \/>\n-range EC: 2000 uS \/ cm<br \/>\n-range temperatur: 0 \u00b0 C-60 \u00b0 C<br \/>\n&#8211; opl\u00f8sning 0,01 mS \/ cm<br \/>\n-accuracy + -2%<br \/>\n-operation fra 0 til 50 \u00b0 C \/ 95% relativ luftfugtighed<br \/>\n&#8211; Batterilevetid 150 timer.<br \/>\n&#8211; St\u00f8rrelse: 173 x 41 x 22 mm<\/p>","protected":false},"excerpt":{"rendered":"<p>Digital m\u00e5ler til elektrisk ledningsevne (EC) og temperatur af n\u00e6ringsmiddelopl\u00f8sningen.<\/p>","protected":false},"featured_media":56896,"template":"","meta":{"_acf_changed":false},"product_brand":[],"product_cat":[1815,1854,1840,1855],"product_tag":[],"class_list":{"0":"post-56894","1":"product","2":"type-product","3":"status-publish","4":"has-post-thumbnail","6":"product_cat-groudstyr","7":"product_cat-hydro","8":"product_cat-ph-ec-maalere","9":"product_cat-ph-ec-maalere-ph-ec-maalere","11":"first","12":"onbackorder","13":"taxable","14":"shipping-taxable","15":"purchasable","16":"product-type-simple"},"acf":[],"yoast_head":"<!-- This site is optimized with the Yoast SEO plugin v26.9 - https:\/\/yoast.com\/product\/yoast-seo-wordpress\/ -->\n<title>Termometer og EC m\u00e5ler - Superseeds.dk<\/title>\n<meta name=\"robots\" content=\"index, follow, max-snippet:-1, max-image-preview:large, max-video-preview:-1\" \/>\n<link rel=\"canonical\" href=\"https:\/\/superseeds.dk\/no\/produkt\/724-termometer-og-ec-maaler\/\" \/>\n<meta property=\"og:locale\" content=\"nb_NO\" \/>\n<meta property=\"og:type\" content=\"article\" \/>\n<meta property=\"og:title\" content=\"Termometer og EC m\u00e5ler - Superseeds.dk\" \/>\n<meta property=\"og:description\" content=\"Digital m\u00e5ler til elektrisk ledningsevne (EC) og temperatur af n\u00e6ringsmiddelopl\u00f8sningen.\" \/>\n<meta property=\"og:url\" content=\"https:\/\/superseeds.dk\/no\/produkt\/724-termometer-og-ec-maaler\/\" \/>\n<meta property=\"og:site_name\" content=\"Superseeds.dk\" \/>\n<meta property=\"article:modified_time\" content=\"2025-01-30T21:28:23+00:00\" \/>\n<meta property=\"og:image\" content=\"https:\/\/superseeds.dk\/wp-content\/uploads\/2025\/01\/Termometer-og-EC-maaler.png\" \/>\n\t<meta property=\"og:image:width\" content=\"1080\" \/>\n\t<meta property=\"og:image:height\" content=\"1080\" \/>\n\t<meta property=\"og:image:type\" content=\"image\/png\" \/>\n<meta name=\"twitter:card\" content=\"summary_large_image\" \/>\n<script type=\"application\/ld+json\" class=\"yoast-schema-graph\">{\"@context\":\"https:\/\/schema.org\",\"@graph\":[{\"@type\":\"WebPage\",\"@id\":\"https:\/\/superseeds.dk\/vare\/724-termometer-og-ec-maaler\/\",\"url\":\"https:\/\/superseeds.dk\/vare\/724-termometer-og-ec-maaler\/\",\"name\":\"Termometer og EC m\u00e5ler - Superseeds.dk\",\"isPartOf\":{\"@id\":\"https:\/\/super-seeds.se\/#website\"},\"primaryImageOfPage\":{\"@id\":\"https:\/\/superseeds.dk\/vare\/724-termometer-og-ec-maaler\/#primaryimage\"},\"image\":{\"@id\":\"https:\/\/superseeds.dk\/vare\/724-termometer-og-ec-maaler\/#primaryimage\"},\"thumbnailUrl\":\"https:\/\/superseeds.dk\/wp-content\/uploads\/2025\/01\/Termometer-og-EC-maaler.png\",\"datePublished\":\"2025-01-30T21:28:21+00:00\",\"dateModified\":\"2025-01-30T21:28:23+00:00\",\"breadcrumb\":{\"@id\":\"https:\/\/superseeds.dk\/vare\/724-termometer-og-ec-maaler\/#breadcrumb\"},\"inLanguage\":\"nb-NO\",\"potentialAction\":[{\"@type\":\"ReadAction\",\"target\":[\"https:\/\/superseeds.dk\/vare\/724-termometer-og-ec-maaler\/\"]}]},{\"@type\":\"ImageObject\",\"inLanguage\":\"nb-NO\",\"@id\":\"https:\/\/superseeds.dk\/vare\/724-termometer-og-ec-maaler\/#primaryimage\",\"url\":\"https:\/\/superseeds.dk\/wp-content\/uploads\/2025\/01\/Termometer-og-EC-maaler.png\",\"contentUrl\":\"https:\/\/superseeds.dk\/wp-content\/uploads\/2025\/01\/Termometer-og-EC-maaler.png\",\"width\":1080,\"height\":1080},{\"@type\":\"BreadcrumbList\",\"@id\":\"https:\/\/superseeds.dk\/vare\/724-termometer-og-ec-maaler\/#breadcrumb\",\"itemListElement\":[{\"@type\":\"ListItem\",\"position\":1,\"name\":\"Hjem\",\"item\":\"https:\/\/superseeds.dk\/\"},{\"@type\":\"ListItem\",\"position\":2,\"name\":\"Shop\",\"item\":\"https:\/\/superseeds.dk\/no\/butikk\/\"},{\"@type\":\"ListItem\",\"position\":3,\"name\":\"Termometer og EC m\u00e5ler\"}]},{\"@type\":\"WebSite\",\"@id\":\"https:\/\/super-seeds.se\/#website\",\"url\":\"https:\/\/super-seeds.se\/\",\"name\":\"Superseeds.dk\",\"description\":\"\",\"publisher\":{\"@id\":\"https:\/\/super-seeds.se\/#organization\"},\"potentialAction\":[{\"@type\":\"SearchAction\",\"target\":{\"@type\":\"EntryPoint\",\"urlTemplate\":\"https:\/\/super-seeds.se\/?s={search_term_string}\"},\"query-input\":{\"@type\":\"PropertyValueSpecification\",\"valueRequired\":true,\"valueName\":\"search_term_string\"}}],\"inLanguage\":\"nb-NO\"},{\"@type\":\"Organization\",\"@id\":\"https:\/\/super-seeds.se\/#organization\",\"name\":\"Superseeds.dk\",\"url\":\"https:\/\/super-seeds.se\/\",\"logo\":{\"@type\":\"ImageObject\",\"inLanguage\":\"nb-NO\",\"@id\":\"https:\/\/super-seeds.se\/#\/schema\/logo\/image\/\",\"url\":\"https:\/\/superseeds.dk\/wp-content\/uploads\/2025\/09\/logo-superseeds.png\",\"contentUrl\":\"https:\/\/superseeds.dk\/wp-content\/uploads\/2025\/09\/logo-superseeds.png\",\"width\":180,\"height\":160,\"caption\":\"Superseeds.dk\"},\"image\":{\"@id\":\"https:\/\/super-seeds.se\/#\/schema\/logo\/image\/\"}}]}<\/script>\n<!-- \/ Yoast SEO plugin. -->","yoast_head_json":{"title":"Termometer og EC m\u00e5ler - Superseeds.dk","robots":{"index":"index","follow":"follow","max-snippet":"max-snippet:-1","max-image-preview":"max-image-preview:large","max-video-preview":"max-video-preview:-1"},"canonical":"https:\/\/superseeds.dk\/no\/produkt\/724-termometer-og-ec-maaler\/","og_locale":"nb_NO","og_type":"article","og_title":"Termometer og EC m\u00e5ler - Superseeds.dk","og_description":"Digital m\u00e5ler til elektrisk ledningsevne (EC) og temperatur af n\u00e6ringsmiddelopl\u00f8sningen.","og_url":"https:\/\/superseeds.dk\/no\/produkt\/724-termometer-og-ec-maaler\/","og_site_name":"Superseeds.dk","article_modified_time":"2025-01-30T21:28:23+00:00","og_image":[{"width":1080,"height":1080,"url":"https:\/\/superseeds.dk\/wp-content\/uploads\/2025\/01\/Termometer-og-EC-maaler.png","type":"image\/png"}],"twitter_card":"summary_large_image","schema":{"@context":"https:\/\/schema.org","@graph":[{"@type":"WebPage","@id":"https:\/\/superseeds.dk\/vare\/724-termometer-og-ec-maaler\/","url":"https:\/\/superseeds.dk\/vare\/724-termometer-og-ec-maaler\/","name":"Termometer og EC m\u00e5ler - Superseeds.dk","isPartOf":{"@id":"https:\/\/super-seeds.se\/#website"},"primaryImageOfPage":{"@id":"https:\/\/superseeds.dk\/vare\/724-termometer-og-ec-maaler\/#primaryimage"},"image":{"@id":"https:\/\/superseeds.dk\/vare\/724-termometer-og-ec-maaler\/#primaryimage"},"thumbnailUrl":"https:\/\/superseeds.dk\/wp-content\/uploads\/2025\/01\/Termometer-og-EC-maaler.png","datePublished":"2025-01-30T21:28:21+00:00","dateModified":"2025-01-30T21:28:23+00:00","breadcrumb":{"@id":"https:\/\/superseeds.dk\/vare\/724-termometer-og-ec-maaler\/#breadcrumb"},"inLanguage":"nb-NO","potentialAction":[{"@type":"ReadAction","target":["https:\/\/superseeds.dk\/vare\/724-termometer-og-ec-maaler\/"]}]},{"@type":"ImageObject","inLanguage":"nb-NO","@id":"https:\/\/superseeds.dk\/vare\/724-termometer-og-ec-maaler\/#primaryimage","url":"https:\/\/superseeds.dk\/wp-content\/uploads\/2025\/01\/Termometer-og-EC-maaler.png","contentUrl":"https:\/\/superseeds.dk\/wp-content\/uploads\/2025\/01\/Termometer-og-EC-maaler.png","width":1080,"height":1080},{"@type":"BreadcrumbList","@id":"https:\/\/superseeds.dk\/vare\/724-termometer-og-ec-maaler\/#breadcrumb","itemListElement":[{"@type":"ListItem","position":1,"name":"Hjem","item":"https:\/\/superseeds.dk\/"},{"@type":"ListItem","position":2,"name":"Shop","item":"https:\/\/superseeds.dk\/no\/butikk\/"},{"@type":"ListItem","position":3,"name":"Termometer og EC m\u00e5ler"}]},{"@type":"WebSite","@id":"https:\/\/super-seeds.se\/#website","url":"https:\/\/super-seeds.se\/","name":"Superseeds.com","description":"","publisher":{"@id":"https:\/\/super-seeds.se\/#organization"},"potentialAction":[{"@type":"SearchAction","target":{"@type":"EntryPoint","urlTemplate":"https:\/\/super-seeds.se\/?s={search_term_string}"},"query-input":{"@type":"PropertyValueSpecification","valueRequired":true,"valueName":"search_term_string"}}],"inLanguage":"nb-NO"},{"@type":"Organization","@id":"https:\/\/super-seeds.se\/#organization","name":"Superseeds.com","url":"https:\/\/super-seeds.se\/","logo":{"@type":"ImageObject","inLanguage":"nb-NO","@id":"https:\/\/super-seeds.se\/#\/schema\/logo\/image\/","url":"https:\/\/superseeds.dk\/wp-content\/uploads\/2025\/09\/logo-superseeds.png","contentUrl":"https:\/\/superseeds.dk\/wp-content\/uploads\/2025\/09\/logo-superseeds.png","width":180,"height":160,"caption":"Superseeds.dk"},"image":{"@id":"https:\/\/super-seeds.se\/#\/schema\/logo\/image\/"}}]}},"df_price":449,"df_sale_price":"","df_regular_price":449,"df_image_link":"https:\/\/superseeds.dk\/wp-content\/uploads\/2025\/01\/Termometer-og-EC-maaler-1024x1024.png","_links":{"self":[{"href":"https:\/\/superseeds.dk\/no\/wp-json\/wp\/v2\/product\/56894","targetHints":{"allow":["GET"]}}],"collection":[{"href":"https:\/\/superseeds.dk\/no\/wp-json\/wp\/v2\/product"}],"about":[{"href":"https:\/\/superseeds.dk\/no\/wp-json\/wp\/v2\/types\/product"}],"wp:featuredmedia":[{"embeddable":true,"href":"https:\/\/superseeds.dk\/no\/wp-json\/wp\/v2\/media\/56896"}],"wp:attachment":[{"href":"https:\/\/superseeds.dk\/no\/wp-json\/wp\/v2\/media?parent=56894"}],"wp:term":[{"taxonomy":"product_brand","embeddable":true,"href":"https:\/\/superseeds.dk\/no\/wp-json\/wp\/v2\/product_brand?post=56894"},{"taxonomy":"product_cat","embeddable":true,"href":"https:\/\/superseeds.dk\/no\/wp-json\/wp\/v2\/product_cat?post=56894"},{"taxonomy":"product_tag","embeddable":true,"href":"https:\/\/superseeds.dk\/no\/wp-json\/wp\/v2\/product_tag?post=56894"}],"curies":[{"name":"wp","href":"https:\/\/api.w.org\/{rel}","templated":true}]}}