{"id":56786,"date":"2025-01-30T22:26:54","date_gmt":"2025-01-30T21:26:54","guid":{"rendered":"https:\/\/superseeds.dk\/vare\/877-homebox-ambient-q100-100x100x220\/"},"modified":"2025-01-30T22:26:56","modified_gmt":"2025-01-30T21:26:56","slug":"877-homebox-ambient-q100-100x100x220","status":"publish","type":"product","link":"https:\/\/superseeds.dk\/no\/produkt\/877-homebox-ambient-q100-100x100x220\/","title":{"rendered":"HOMEbox Ambient Q100+ &#8211; 100X100X220"},"content":{"rendered":"<p>HomeBox Ambient Q100 + er baseret p\u00e5 en kvadratmeter voksende plads. Den gener\u00f8se 2,2m h\u00f8jde g\u00f8r det til et s\u00e6rligt popul\u00e6rt valg med hudroponiske dyrkere, hvor planter har tendens til at blive h\u00e6vet lidt h\u00f8jere fra jorden i voksende systemer. Alle de kvalitetsfunktioner, du har forventet fra HomeBox, er her: tagtag for nem montering af ekstraktionsudstyr, robuste lynl\u00e5se, MicroMesh bug-screenede, OmniFlow luftindtag og selvf\u00f8lgelig PAR + superreflekterende foring for at f\u00e5 det bedste ud af hver foton fra din voksende belysning. Anbefalet belysning: 400-600W metalhalogenid eller h\u00f8jtryksnatriumlampe. De 160 mm (6.3 &#8220;) parallelle kanaler placeret h\u00f8jt i hvert sidepanel giver mulighed for nem og uafh\u00e6ngig ventilation af luftk\u00f8lede reflektorer &#8211; anbefales til 600W lamper. Anbefales til den ivrige hobbyist, der \u00f8nsker at nyde h\u00f8j kvalitet, producerer 365 dage af \u00e5ret!<\/p>\n<p>Foranstaltninger: 100x100x220 cm<br \/>\nVoksen rum: 1 m2<\/p>\n<p>H\u00f8jteknologisk tysk design og teknik<br \/>\nRobuste, plantebeskyttede materialer sikrer lang levetid<br \/>\nAftagelig, vandt\u00e6t gulv<br \/>\nSolid base fastgjort til teltet med en lynl\u00e5s hele vejen rundt<br \/>\nDobbelt side adgang<br \/>\nIndl\u00f8bs- og udl\u00f8bsr\u00f8r:<br \/>\n+ 100 mm (4 &#8220;): 1x Tilbage, 1x til venstre<br \/>\n+ 160 mm (6,3 &#8220;): 1x til h\u00f8jre, 2x tilbage<br \/>\n+ 200 mm (8 &#8220;): 1x tag<br \/>\n2 x 200 mm (8 &#8220;) OmniFlow-luftventiler venstre og h\u00f8jre side<br \/>\n700 mikron MicroMesh bug-sk\u00e6rme<br \/>\nT\u00f8ff l\u00e6rred ydre skal<br \/>\nPAR + superreflekterende foring fremmer hurtigere v\u00e6kst og h\u00f8jere udbytte<br \/>\nSuper st\u00e6rke 22 mm diameter telt poler-st\u00e6rkere plast hj\u00f8rner<br \/>\nN\u00e5r den er lukket, er enheden fuldst\u00e6ndig forseglet og n\u00e6sten lysbestandig<br \/>\nTotal-blackout lynl\u00e5se &#8211; ingen grund til velcro-klapper<br \/>\nMaksimal kapacitet: 75 kg<\/p>\n<p>&nbsp;<\/p>\n<p><iframe title=\"HOMEbox growbox Ambient Q120 - easy assembling of a grow tent!\" width=\"800\" height=\"450\" src=\"https:\/\/www.youtube.com\/embed\/KsPnScMFIQA?feature=oembed\" frameborder=\"0\" allow=\"accelerometer; autoplay; clipboard-write; encrypted-media; gyroscope; picture-in-picture; web-share\" referrerpolicy=\"strict-origin-when-cross-origin\" allowfullscreen><\/iframe><\/p>","protected":false},"excerpt":{"rendered":"<p>Homebox serien er telte i topklasse!<\/p>\n<p>hvid kvalitets mylar, der er den mest effektive bel\u00e6gning ved led belysning.<\/p>\n<p>stof coated yderbel\u00e6gning der er ekstremt slidst\u00e6rkt. og fremst\u00e5r p\u00e6nere end de fleste andre telte p\u00e5 markedet.<\/p>","protected":false},"featured_media":56794,"template":"","meta":{"_acf_changed":false},"product_brand":[],"product_cat":[1815,1850,1849,1923],"product_tag":[],"class_list":{"0":"post-56786","1":"product","2":"type-product","3":"status-publish","4":"has-post-thumbnail","6":"product_cat-groudstyr","7":"product_cat-homebox","8":"product_cat-telte","9":"product_cat-telte-homebox","11":"first","12":"onbackorder","13":"taxable","14":"shipping-taxable","15":"purchasable","16":"product-type-simple"},"acf":[],"yoast_head":"<!-- This site is optimized with the Yoast SEO plugin v26.9 - https:\/\/yoast.com\/product\/yoast-seo-wordpress\/ -->\n<title>HOMEbox Ambient Q100+ - 100X100X220 - Superseeds.dk<\/title>\n<meta name=\"robots\" content=\"index, follow, max-snippet:-1, max-image-preview:large, max-video-preview:-1\" \/>\n<link rel=\"canonical\" href=\"https:\/\/superseeds.dk\/no\/produkt\/877-homebox-ambient-q100-100x100x220\/\" \/>\n<meta property=\"og:locale\" content=\"nb_NO\" \/>\n<meta property=\"og:type\" content=\"article\" \/>\n<meta property=\"og:title\" content=\"HOMEbox Ambient Q100+ - 100X100X220 - Superseeds.dk\" \/>\n<meta property=\"og:description\" content=\"Homebox serien er telte i topklasse!  hvid kvalitets mylar, der er den mest effektive bel\u00e6gning ved led belysning.  stof coated yderbel\u00e6gning der er ekstremt slidst\u00e6rkt. og fremst\u00e5r p\u00e6nere end de fleste andre telte p\u00e5 markedet.\" \/>\n<meta property=\"og:url\" content=\"https:\/\/superseeds.dk\/no\/produkt\/877-homebox-ambient-q100-100x100x220\/\" \/>\n<meta property=\"og:site_name\" content=\"Superseeds.dk\" \/>\n<meta property=\"article:modified_time\" content=\"2025-01-30T21:26:56+00:00\" \/>\n<meta property=\"og:image\" content=\"https:\/\/superseeds.dk\/wp-content\/uploads\/2025\/01\/HOMEbox-Ambient-Q100-\u2013-100X100X220.png\" \/>\n\t<meta property=\"og:image:width\" content=\"1080\" \/>\n\t<meta property=\"og:image:height\" content=\"1080\" \/>\n\t<meta property=\"og:image:type\" content=\"image\/png\" \/>\n<meta name=\"twitter:card\" content=\"summary_large_image\" \/>\n<meta name=\"twitter:label1\" content=\"Ansl. lesetid\" \/>\n\t<meta name=\"twitter:data1\" content=\"1 minutt\" \/>\n<script type=\"application\/ld+json\" class=\"yoast-schema-graph\">{\"@context\":\"https:\/\/schema.org\",\"@graph\":[{\"@type\":\"WebPage\",\"@id\":\"https:\/\/superseeds.dk\/vare\/877-homebox-ambient-q100-100x100x220\/\",\"url\":\"https:\/\/superseeds.dk\/vare\/877-homebox-ambient-q100-100x100x220\/\",\"name\":\"HOMEbox Ambient Q100+ - 100X100X220 - Superseeds.dk\",\"isPartOf\":{\"@id\":\"https:\/\/super-seeds.se\/#website\"},\"primaryImageOfPage\":{\"@id\":\"https:\/\/superseeds.dk\/vare\/877-homebox-ambient-q100-100x100x220\/#primaryimage\"},\"image\":{\"@id\":\"https:\/\/superseeds.dk\/vare\/877-homebox-ambient-q100-100x100x220\/#primaryimage\"},\"thumbnailUrl\":\"https:\/\/superseeds.dk\/wp-content\/uploads\/2025\/01\/HOMEbox-Ambient-Q100-\u2013-100X100X220.png\",\"datePublished\":\"2025-01-30T21:26:54+00:00\",\"dateModified\":\"2025-01-30T21:26:56+00:00\",\"breadcrumb\":{\"@id\":\"https:\/\/superseeds.dk\/vare\/877-homebox-ambient-q100-100x100x220\/#breadcrumb\"},\"inLanguage\":\"nb-NO\",\"potentialAction\":[{\"@type\":\"ReadAction\",\"target\":[\"https:\/\/superseeds.dk\/vare\/877-homebox-ambient-q100-100x100x220\/\"]}]},{\"@type\":\"ImageObject\",\"inLanguage\":\"nb-NO\",\"@id\":\"https:\/\/superseeds.dk\/vare\/877-homebox-ambient-q100-100x100x220\/#primaryimage\",\"url\":\"https:\/\/superseeds.dk\/wp-content\/uploads\/2025\/01\/HOMEbox-Ambient-Q100-\u2013-100X100X220.png\",\"contentUrl\":\"https:\/\/superseeds.dk\/wp-content\/uploads\/2025\/01\/HOMEbox-Ambient-Q100-\u2013-100X100X220.png\",\"width\":1080,\"height\":1080},{\"@type\":\"BreadcrumbList\",\"@id\":\"https:\/\/superseeds.dk\/vare\/877-homebox-ambient-q100-100x100x220\/#breadcrumb\",\"itemListElement\":[{\"@type\":\"ListItem\",\"position\":1,\"name\":\"Hjem\",\"item\":\"https:\/\/superseeds.dk\/\"},{\"@type\":\"ListItem\",\"position\":2,\"name\":\"Shop\",\"item\":\"https:\/\/superseeds.dk\/no\/butikk\/\"},{\"@type\":\"ListItem\",\"position\":3,\"name\":\"HOMEbox Ambient Q100+ &#8211; 100X100X220\"}]},{\"@type\":\"WebSite\",\"@id\":\"https:\/\/super-seeds.se\/#website\",\"url\":\"https:\/\/super-seeds.se\/\",\"name\":\"Superseeds.dk\",\"description\":\"\",\"publisher\":{\"@id\":\"https:\/\/super-seeds.se\/#organization\"},\"potentialAction\":[{\"@type\":\"SearchAction\",\"target\":{\"@type\":\"EntryPoint\",\"urlTemplate\":\"https:\/\/super-seeds.se\/?s={search_term_string}\"},\"query-input\":{\"@type\":\"PropertyValueSpecification\",\"valueRequired\":true,\"valueName\":\"search_term_string\"}}],\"inLanguage\":\"nb-NO\"},{\"@type\":\"Organization\",\"@id\":\"https:\/\/super-seeds.se\/#organization\",\"name\":\"Superseeds.dk\",\"url\":\"https:\/\/super-seeds.se\/\",\"logo\":{\"@type\":\"ImageObject\",\"inLanguage\":\"nb-NO\",\"@id\":\"https:\/\/super-seeds.se\/#\/schema\/logo\/image\/\",\"url\":\"https:\/\/superseeds.dk\/wp-content\/uploads\/2025\/09\/logo-superseeds.png\",\"contentUrl\":\"https:\/\/superseeds.dk\/wp-content\/uploads\/2025\/09\/logo-superseeds.png\",\"width\":180,\"height\":160,\"caption\":\"Superseeds.dk\"},\"image\":{\"@id\":\"https:\/\/super-seeds.se\/#\/schema\/logo\/image\/\"}}]}<\/script>\n<!-- \/ Yoast SEO plugin. -->","yoast_head_json":{"title":"HOMEbox Ambient Q100+ - 100X100X220 - Superseeds.dk","robots":{"index":"index","follow":"follow","max-snippet":"max-snippet:-1","max-image-preview":"max-image-preview:large","max-video-preview":"max-video-preview:-1"},"canonical":"https:\/\/superseeds.dk\/no\/produkt\/877-homebox-ambient-q100-100x100x220\/","og_locale":"nb_NO","og_type":"article","og_title":"HOMEbox Ambient Q100+ - 100X100X220 - Superseeds.dk","og_description":"Homebox serien er telte i topklasse!  hvid kvalitets mylar, der er den mest effektive bel\u00e6gning ved led belysning.  stof coated yderbel\u00e6gning der er ekstremt slidst\u00e6rkt. og fremst\u00e5r p\u00e6nere end de fleste andre telte p\u00e5 markedet.","og_url":"https:\/\/superseeds.dk\/no\/produkt\/877-homebox-ambient-q100-100x100x220\/","og_site_name":"Superseeds.dk","article_modified_time":"2025-01-30T21:26:56+00:00","og_image":[{"width":1080,"height":1080,"url":"https:\/\/superseeds.dk\/wp-content\/uploads\/2025\/01\/HOMEbox-Ambient-Q100-\u2013-100X100X220.png","type":"image\/png"}],"twitter_card":"summary_large_image","twitter_misc":{"Ansl. lesetid":"1 minutt"},"schema":{"@context":"https:\/\/schema.org","@graph":[{"@type":"WebPage","@id":"https:\/\/superseeds.dk\/vare\/877-homebox-ambient-q100-100x100x220\/","url":"https:\/\/superseeds.dk\/vare\/877-homebox-ambient-q100-100x100x220\/","name":"HOMEbox Ambient Q100+ - 100X100X220 - Superseeds.dk","isPartOf":{"@id":"https:\/\/super-seeds.se\/#website"},"primaryImageOfPage":{"@id":"https:\/\/superseeds.dk\/vare\/877-homebox-ambient-q100-100x100x220\/#primaryimage"},"image":{"@id":"https:\/\/superseeds.dk\/vare\/877-homebox-ambient-q100-100x100x220\/#primaryimage"},"thumbnailUrl":"https:\/\/superseeds.dk\/wp-content\/uploads\/2025\/01\/HOMEbox-Ambient-Q100-\u2013-100X100X220.png","datePublished":"2025-01-30T21:26:54+00:00","dateModified":"2025-01-30T21:26:56+00:00","breadcrumb":{"@id":"https:\/\/superseeds.dk\/vare\/877-homebox-ambient-q100-100x100x220\/#breadcrumb"},"inLanguage":"nb-NO","potentialAction":[{"@type":"ReadAction","target":["https:\/\/superseeds.dk\/vare\/877-homebox-ambient-q100-100x100x220\/"]}]},{"@type":"ImageObject","inLanguage":"nb-NO","@id":"https:\/\/superseeds.dk\/vare\/877-homebox-ambient-q100-100x100x220\/#primaryimage","url":"https:\/\/superseeds.dk\/wp-content\/uploads\/2025\/01\/HOMEbox-Ambient-Q100-\u2013-100X100X220.png","contentUrl":"https:\/\/superseeds.dk\/wp-content\/uploads\/2025\/01\/HOMEbox-Ambient-Q100-\u2013-100X100X220.png","width":1080,"height":1080},{"@type":"BreadcrumbList","@id":"https:\/\/superseeds.dk\/vare\/877-homebox-ambient-q100-100x100x220\/#breadcrumb","itemListElement":[{"@type":"ListItem","position":1,"name":"Hjem","item":"https:\/\/superseeds.dk\/"},{"@type":"ListItem","position":2,"name":"Shop","item":"https:\/\/superseeds.dk\/no\/butikk\/"},{"@type":"ListItem","position":3,"name":"HOMEbox Ambient Q100+ &#8211; 100X100X220"}]},{"@type":"WebSite","@id":"https:\/\/super-seeds.se\/#website","url":"https:\/\/super-seeds.se\/","name":"Superseeds.com","description":"","publisher":{"@id":"https:\/\/super-seeds.se\/#organization"},"potentialAction":[{"@type":"SearchAction","target":{"@type":"EntryPoint","urlTemplate":"https:\/\/super-seeds.se\/?s={search_term_string}"},"query-input":{"@type":"PropertyValueSpecification","valueRequired":true,"valueName":"search_term_string"}}],"inLanguage":"nb-NO"},{"@type":"Organization","@id":"https:\/\/super-seeds.se\/#organization","name":"Superseeds.com","url":"https:\/\/super-seeds.se\/","logo":{"@type":"ImageObject","inLanguage":"nb-NO","@id":"https:\/\/super-seeds.se\/#\/schema\/logo\/image\/","url":"https:\/\/superseeds.dk\/wp-content\/uploads\/2025\/09\/logo-superseeds.png","contentUrl":"https:\/\/superseeds.dk\/wp-content\/uploads\/2025\/09\/logo-superseeds.png","width":180,"height":160,"caption":"Superseeds.dk"},"image":{"@id":"https:\/\/super-seeds.se\/#\/schema\/logo\/image\/"}}]}},"df_price":1739,"df_sale_price":"","df_regular_price":1739,"df_image_link":"https:\/\/superseeds.dk\/wp-content\/uploads\/2025\/01\/HOMEbox-Ambient-Q100-\u2013-100X100X220-1024x1024.png","_links":{"self":[{"href":"https:\/\/superseeds.dk\/no\/wp-json\/wp\/v2\/product\/56786","targetHints":{"allow":["GET"]}}],"collection":[{"href":"https:\/\/superseeds.dk\/no\/wp-json\/wp\/v2\/product"}],"about":[{"href":"https:\/\/superseeds.dk\/no\/wp-json\/wp\/v2\/types\/product"}],"wp:featuredmedia":[{"embeddable":true,"href":"https:\/\/superseeds.dk\/no\/wp-json\/wp\/v2\/media\/56794"}],"wp:attachment":[{"href":"https:\/\/superseeds.dk\/no\/wp-json\/wp\/v2\/media?parent=56786"}],"wp:term":[{"taxonomy":"product_brand","embeddable":true,"href":"https:\/\/superseeds.dk\/no\/wp-json\/wp\/v2\/product_brand?post=56786"},{"taxonomy":"product_cat","embeddable":true,"href":"https:\/\/superseeds.dk\/no\/wp-json\/wp\/v2\/product_cat?post=56786"},{"taxonomy":"product_tag","embeddable":true,"href":"https:\/\/superseeds.dk\/no\/wp-json\/wp\/v2\/product_tag?post=56786"}],"curies":[{"name":"wp","href":"https:\/\/api.w.org\/{rel}","templated":true}]}}