{"id":56611,"date":"2025-01-30T22:25:38","date_gmt":"2025-01-30T21:25:38","guid":{"rendered":"https:\/\/superseeds.dk\/vare\/ph-up\/"},"modified":"2025-01-30T22:25:42","modified_gmt":"2025-01-30T21:25:42","slug":"ph-up","status":"publish","type":"product","link":"https:\/\/superseeds.dk\/no\/produkt\/ph-up\/","title":{"rendered":"Terra Aquatica &#8211; pH up"},"content":{"rendered":"<p><strong>Dosering:\u00a0<\/strong><br \/>\nDet anbefales at du benytter lidt af gangen, for at finde ud af hvor meget du skal bruge, for at s\u00e6nke dit vand til den rette pH.<br \/>\nDette kan varierer meget fra omr\u00e5de til omr\u00e5de,<\/p>\n<p><b>Test din ph: Forskellige <\/b><span style=\"font-size: 14.4px;\"><b>apparater<\/b><\/span><b> og metoder<\/b><\/p>\n<p><a href=\"http:\/\/gro-lys.dk\/shop\/groudstyr\/ph-ec-maalere-kalibreringsvaeske\/ph-ec-maalere\/bluelab-ph-pen\/\">Bluelab pH Tester\u00a0<\/a><br \/>\n&#8211; Super kvalitet der er pr\u00e6cis og holder i mange \u00e5r!<br \/>\n<a href=\"http:\/\/gro-lys.dk\/shop\/groudstyr\/ph-ec-maalere-kalibreringsvaeske\/ph-ec-maalere\/729-ph-maaler\/\">pH m\u00e5ler\u00a0\u00a0<\/a><br \/>\n&#8211; Elektronisk pH m\u00e5ler til en pris hvor alle kan v\u00e6re med<br \/>\n<a href=\"http:\/\/gro-lys.dk\/shop\/groudstyr\/ph-ec-maalere-kalibreringsvaeske\/ph-ec-maalere\/ghe-test-kit\/\">pH test kit (v\u00e6ske)<\/a><br \/>\n&#8211; Ultra billig m\u00e5de at kontrollere din pH. Ulempen er at du ikke f\u00e5r en helt s\u00e5 pr\u00e6cis m\u00e5ling som med de to andre.<\/p>","protected":false},"excerpt":{"rendered":"<p><strong>Premium pH regulator og silica til hydroponics, coco og jord<\/strong><\/p>\n<p><em>&#8211; reguler pH og boost silica p\u00e5 samme tid<\/em><\/p>\n<p>For de fleste virker det underligt at h\u00e6ve sin pH, da de fleste har middelh\u00e5rdt eller h\u00e5rdt vand fra deres vandhane. Det kan dog v\u00e6re et reelt problem for dem der benytter bl\u00f8dt eller osmotisk vand.<br \/>\nT.A(GHE) pH+ tillader netop den justering og er desuden en rig kilde til optagelig silicate, som ofte er en mangel i hydroponiske systemer, da det ikke er nemt opl\u00f8selig.<\/p>\n<p>At have den rette m\u00e6ngde silicate, kan g\u00f8re en stor forskel i dine planters helbred, derfor er det inkluderet i pH+ fra T.A(GHE)<\/p>\n<p>&nbsp;<\/p>","protected":false},"featured_media":56618,"template":"","meta":{"_acf_changed":false},"product_brand":[],"product_cat":[1815,1847,1836,1862],"product_tag":[],"class_list":{"0":"post-56611","1":"product","2":"type-product","3":"status-publish","4":"has-post-thumbnail","6":"product_cat-groudstyr","7":"product_cat-ph-regulering","8":"product_cat-plantegoedning","9":"product_cat-ghe","10":"pa_liter-0-5-l","11":"pa_liter-1-l","12":"pa_liter-10-l","13":"pa_liter-5-l","15":"first","16":"onbackorder","17":"taxable","18":"shipping-taxable","19":"purchasable","20":"product-type-variable","21":"wvs-archive-product-wrapper"},"acf":[],"yoast_head":"<!-- This site is optimized with the Yoast SEO plugin v26.9 - https:\/\/yoast.com\/product\/yoast-seo-wordpress\/ -->\n<title>Terra Aquatica - pH up - Superseeds.dk<\/title>\n<meta name=\"robots\" content=\"index, follow, max-snippet:-1, max-image-preview:large, max-video-preview:-1\" \/>\n<link rel=\"canonical\" href=\"https:\/\/superseeds.dk\/no\/produkt\/ph-up\/\" \/>\n<meta property=\"og:locale\" content=\"nb_NO\" \/>\n<meta property=\"og:type\" content=\"article\" \/>\n<meta property=\"og:title\" content=\"Terra Aquatica - pH up - Superseeds.dk\" \/>\n<meta property=\"og:description\" content=\"Premium pH regulator og silica til hydroponics, coco og jord  - reguler pH og boost silica p\u00e5 samme tid  For de fleste virker det underligt at h\u00e6ve sin pH, da de fleste har middelh\u00e5rdt eller h\u00e5rdt vand fra deres vandhane. Det kan dog v\u00e6re et reelt problem for dem der benytter bl\u00f8dt eller osmotisk vand. T.A(GHE) pH+ tillader netop den justering og er desuden en rig kilde til optagelig silicate, som ofte er en mangel i hydroponiske systemer, da det ikke er nemt opl\u00f8selig.  At have den rette m\u00e6ngde silicate, kan g\u00f8re en stor forskel i dine planters helbred, derfor er det inkluderet i pH+ fra T.A(GHE)  &nbsp;\" \/>\n<meta property=\"og:url\" content=\"https:\/\/superseeds.dk\/no\/produkt\/ph-up\/\" \/>\n<meta property=\"og:site_name\" content=\"Superseeds.dk\" \/>\n<meta property=\"article:modified_time\" content=\"2025-01-30T21:25:42+00:00\" \/>\n<meta property=\"og:image\" content=\"https:\/\/www.dev.www.dev.www.dev.www.dev.www.dev.www.dev.www.dev.www.dev.superseeds.dk\/wp-content\/uploads\/2025\/01\/Terra-Aquatica-\u2013-pH-up.png\" \/>\n\t<meta property=\"og:image:width\" content=\"1080\" \/>\n\t<meta property=\"og:image:height\" content=\"1080\" \/>\n\t<meta property=\"og:image:type\" content=\"image\/png\" \/>\n<meta name=\"twitter:card\" content=\"summary_large_image\" \/>\n<meta name=\"twitter:label1\" content=\"Ansl. lesetid\" \/>\n\t<meta name=\"twitter:data1\" content=\"1 minutt\" \/>\n<script type=\"application\/ld+json\" class=\"yoast-schema-graph\">{\"@context\":\"https:\/\/schema.org\",\"@graph\":[{\"@type\":\"WebPage\",\"@id\":\"https:\/\/superseeds.dk\/vare\/ph-up\/\",\"url\":\"https:\/\/superseeds.dk\/vare\/ph-up\/\",\"name\":\"Terra Aquatica - pH up - Superseeds.dk\",\"isPartOf\":{\"@id\":\"https:\/\/super-seeds.se\/#website\"},\"primaryImageOfPage\":{\"@id\":\"https:\/\/superseeds.dk\/vare\/ph-up\/#primaryimage\"},\"image\":{\"@id\":\"https:\/\/superseeds.dk\/vare\/ph-up\/#primaryimage\"},\"thumbnailUrl\":\"https:\/\/superseeds.dk\/wp-content\/uploads\/2025\/01\/Terra-Aquatica-\u2013-pH-up.png\",\"datePublished\":\"2025-01-30T21:25:38+00:00\",\"dateModified\":\"2025-01-30T21:25:42+00:00\",\"breadcrumb\":{\"@id\":\"https:\/\/superseeds.dk\/vare\/ph-up\/#breadcrumb\"},\"inLanguage\":\"nb-NO\",\"potentialAction\":[{\"@type\":\"ReadAction\",\"target\":[\"https:\/\/superseeds.dk\/vare\/ph-up\/\"]}]},{\"@type\":\"ImageObject\",\"inLanguage\":\"nb-NO\",\"@id\":\"https:\/\/superseeds.dk\/vare\/ph-up\/#primaryimage\",\"url\":\"https:\/\/superseeds.dk\/wp-content\/uploads\/2025\/01\/Terra-Aquatica-\u2013-pH-up.png\",\"contentUrl\":\"https:\/\/superseeds.dk\/wp-content\/uploads\/2025\/01\/Terra-Aquatica-\u2013-pH-up.png\",\"width\":1080,\"height\":1080},{\"@type\":\"BreadcrumbList\",\"@id\":\"https:\/\/superseeds.dk\/vare\/ph-up\/#breadcrumb\",\"itemListElement\":[{\"@type\":\"ListItem\",\"position\":1,\"name\":\"Hjem\",\"item\":\"https:\/\/superseeds.dk\/\"},{\"@type\":\"ListItem\",\"position\":2,\"name\":\"Shop\",\"item\":\"https:\/\/superseeds.dk\/no\/butikk\/\"},{\"@type\":\"ListItem\",\"position\":3,\"name\":\"Terra Aquatica &#8211; pH up\"}]},{\"@type\":\"WebSite\",\"@id\":\"https:\/\/super-seeds.se\/#website\",\"url\":\"https:\/\/super-seeds.se\/\",\"name\":\"Superseeds.dk\",\"description\":\"\",\"publisher\":{\"@id\":\"https:\/\/super-seeds.se\/#organization\"},\"potentialAction\":[{\"@type\":\"SearchAction\",\"target\":{\"@type\":\"EntryPoint\",\"urlTemplate\":\"https:\/\/super-seeds.se\/?s={search_term_string}\"},\"query-input\":{\"@type\":\"PropertyValueSpecification\",\"valueRequired\":true,\"valueName\":\"search_term_string\"}}],\"inLanguage\":\"nb-NO\"},{\"@type\":\"Organization\",\"@id\":\"https:\/\/super-seeds.se\/#organization\",\"name\":\"Superseeds.dk\",\"url\":\"https:\/\/super-seeds.se\/\",\"logo\":{\"@type\":\"ImageObject\",\"inLanguage\":\"nb-NO\",\"@id\":\"https:\/\/super-seeds.se\/#\/schema\/logo\/image\/\",\"url\":\"https:\/\/superseeds.dk\/wp-content\/uploads\/2025\/09\/logo-superseeds.png\",\"contentUrl\":\"https:\/\/superseeds.dk\/wp-content\/uploads\/2025\/09\/logo-superseeds.png\",\"width\":180,\"height\":160,\"caption\":\"Superseeds.dk\"},\"image\":{\"@id\":\"https:\/\/super-seeds.se\/#\/schema\/logo\/image\/\"}}]}<\/script>\n<!-- \/ Yoast SEO plugin. -->","yoast_head_json":{"title":"Terra Aquatica - pH up - Superseeds.dk","robots":{"index":"index","follow":"follow","max-snippet":"max-snippet:-1","max-image-preview":"max-image-preview:large","max-video-preview":"max-video-preview:-1"},"canonical":"https:\/\/superseeds.dk\/no\/produkt\/ph-up\/","og_locale":"nb_NO","og_type":"article","og_title":"Terra Aquatica - pH up - Superseeds.dk","og_description":"Premium pH regulator og silica til hydroponics, coco og jord  - reguler pH og boost silica p\u00e5 samme tid  For de fleste virker det underligt at h\u00e6ve sin pH, da de fleste har middelh\u00e5rdt eller h\u00e5rdt vand fra deres vandhane. Det kan dog v\u00e6re et reelt problem for dem der benytter bl\u00f8dt eller osmotisk vand. T.A(GHE) pH+ tillader netop den justering og er desuden en rig kilde til optagelig silicate, som ofte er en mangel i hydroponiske systemer, da det ikke er nemt opl\u00f8selig.  At have den rette m\u00e6ngde silicate, kan g\u00f8re en stor forskel i dine planters helbred, derfor er det inkluderet i pH+ fra T.A(GHE)  &nbsp;","og_url":"https:\/\/superseeds.dk\/no\/produkt\/ph-up\/","og_site_name":"Superseeds.dk","article_modified_time":"2025-01-30T21:25:42+00:00","og_image":[{"width":1080,"height":1080,"url":"https:\/\/www.dev.www.dev.www.dev.www.dev.www.dev.www.dev.www.dev.www.dev.superseeds.dk\/wp-content\/uploads\/2025\/01\/Terra-Aquatica-\u2013-pH-up.png","type":"image\/png"}],"twitter_card":"summary_large_image","twitter_misc":{"Ansl. lesetid":"1 minutt"},"schema":{"@context":"https:\/\/schema.org","@graph":[{"@type":"WebPage","@id":"https:\/\/superseeds.dk\/vare\/ph-up\/","url":"https:\/\/superseeds.dk\/vare\/ph-up\/","name":"Terra Aquatica - pH up - Superseeds.dk","isPartOf":{"@id":"https:\/\/super-seeds.se\/#website"},"primaryImageOfPage":{"@id":"https:\/\/superseeds.dk\/vare\/ph-up\/#primaryimage"},"image":{"@id":"https:\/\/superseeds.dk\/vare\/ph-up\/#primaryimage"},"thumbnailUrl":"https:\/\/superseeds.dk\/wp-content\/uploads\/2025\/01\/Terra-Aquatica-\u2013-pH-up.png","datePublished":"2025-01-30T21:25:38+00:00","dateModified":"2025-01-30T21:25:42+00:00","breadcrumb":{"@id":"https:\/\/superseeds.dk\/vare\/ph-up\/#breadcrumb"},"inLanguage":"nb-NO","potentialAction":[{"@type":"ReadAction","target":["https:\/\/superseeds.dk\/vare\/ph-up\/"]}]},{"@type":"ImageObject","inLanguage":"nb-NO","@id":"https:\/\/superseeds.dk\/vare\/ph-up\/#primaryimage","url":"https:\/\/superseeds.dk\/wp-content\/uploads\/2025\/01\/Terra-Aquatica-\u2013-pH-up.png","contentUrl":"https:\/\/superseeds.dk\/wp-content\/uploads\/2025\/01\/Terra-Aquatica-\u2013-pH-up.png","width":1080,"height":1080},{"@type":"BreadcrumbList","@id":"https:\/\/superseeds.dk\/vare\/ph-up\/#breadcrumb","itemListElement":[{"@type":"ListItem","position":1,"name":"Hjem","item":"https:\/\/superseeds.dk\/"},{"@type":"ListItem","position":2,"name":"Shop","item":"https:\/\/superseeds.dk\/no\/butikk\/"},{"@type":"ListItem","position":3,"name":"Terra Aquatica &#8211; pH up"}]},{"@type":"WebSite","@id":"https:\/\/super-seeds.se\/#website","url":"https:\/\/super-seeds.se\/","name":"Superseeds.com","description":"","publisher":{"@id":"https:\/\/super-seeds.se\/#organization"},"potentialAction":[{"@type":"SearchAction","target":{"@type":"EntryPoint","urlTemplate":"https:\/\/super-seeds.se\/?s={search_term_string}"},"query-input":{"@type":"PropertyValueSpecification","valueRequired":true,"valueName":"search_term_string"}}],"inLanguage":"nb-NO"},{"@type":"Organization","@id":"https:\/\/super-seeds.se\/#organization","name":"Superseeds.com","url":"https:\/\/super-seeds.se\/","logo":{"@type":"ImageObject","inLanguage":"nb-NO","@id":"https:\/\/super-seeds.se\/#\/schema\/logo\/image\/","url":"https:\/\/superseeds.dk\/wp-content\/uploads\/2025\/09\/logo-superseeds.png","contentUrl":"https:\/\/superseeds.dk\/wp-content\/uploads\/2025\/09\/logo-superseeds.png","width":180,"height":160,"caption":"Superseeds.dk"},"image":{"@id":"https:\/\/super-seeds.se\/#\/schema\/logo\/image\/"}}]}},"df_price":69,"df_sale_price":"","df_regular_price":69,"df_image_link":"https:\/\/superseeds.dk\/wp-content\/uploads\/2025\/01\/Terra-Aquatica-\u2013-pH-up-1024x1024.png","_links":{"self":[{"href":"https:\/\/superseeds.dk\/no\/wp-json\/wp\/v2\/product\/56611","targetHints":{"allow":["GET"]}}],"collection":[{"href":"https:\/\/superseeds.dk\/no\/wp-json\/wp\/v2\/product"}],"about":[{"href":"https:\/\/superseeds.dk\/no\/wp-json\/wp\/v2\/types\/product"}],"wp:featuredmedia":[{"embeddable":true,"href":"https:\/\/superseeds.dk\/no\/wp-json\/wp\/v2\/media\/56618"}],"wp:attachment":[{"href":"https:\/\/superseeds.dk\/no\/wp-json\/wp\/v2\/media?parent=56611"}],"wp:term":[{"taxonomy":"product_brand","embeddable":true,"href":"https:\/\/superseeds.dk\/no\/wp-json\/wp\/v2\/product_brand?post=56611"},{"taxonomy":"product_cat","embeddable":true,"href":"https:\/\/superseeds.dk\/no\/wp-json\/wp\/v2\/product_cat?post=56611"},{"taxonomy":"product_tag","embeddable":true,"href":"https:\/\/superseeds.dk\/no\/wp-json\/wp\/v2\/product_tag?post=56611"}],"curies":[{"name":"wp","href":"https:\/\/api.w.org\/{rel}","templated":true}]}}