{"id":56571,"date":"2025-01-30T22:25:23","date_gmt":"2025-01-30T21:25:23","guid":{"rendered":"https:\/\/superseeds.dk\/vare\/ghe-flora-serie-softwater\/"},"modified":"2025-01-30T22:25:28","modified_gmt":"2025-01-30T21:25:28","slug":"ghe-flora-serie-softwater","status":"publish","type":"product","link":"https:\/\/superseeds.dk\/no\/produkt\/ghe-flora-serie-softwater\/","title":{"rendered":"Terra Aquatica &#8211; TriPart Soft Water serie"},"content":{"rendered":"<p>Tripart Series<br \/>\nTil alle dyrkningsmetoder: hydroponics, jord mindre og jord<br \/>\nADVANCED NUTRIENT SYSTEM: The Original Formula<!--more--><\/p>\n<p>Konceptet om et 3 dele n\u00e6ringsstof og Tripart-serien blev oprettet for General Hydroponics af Dr. Cal Herrmann, tidligere senior kemiker ved NASA, i samarbejde med forskere fra University of Davis i Californien. Dr. Herrmann er i dag en partner hos T.A. og driver stadig forskning.<\/p>\n<p>Tripart er en dynamisk, udviklende formel, der l\u00f8bende opdateres og tilpasses de nyeste videnskabelige opdagelser. Det giver dig bare mulighed for at matche dine plantes behov gennem dets forskellige faser ved at \u00e6ndre forholdet mellem v\u00e6skerne og deres koncentration.<\/p>\n<p>Tripart-serien best\u00e5r af 3 komponenter:<\/p>\n<p>* Tripart Grow fremmer en frodig struktur og bladv\u00e6kst.<\/p>\n<p>* Tripart Bloom: Under v\u00e6kst \u00f8ger den roddannelse og sundhed. Under blomstring og frugtning muligg\u00f8r planten at opfylde sit genetiske potentiale til det maksimale.<br \/>\nTripart Grow og Tripart Bloom er s\u00e6rligt vigtige for vandkulturavlere, og de indeholder begge silicat (i form af kiselsyre) for at fuldf\u00f8re kosten og styrke strukturen p\u00e5 dine planter<\/p>\n<p>* Tripart Micro provides planten med alle de n\u00f8dvendige mikroelementer, i en chelateret form. Den indeholder ogs\u00e5 sub-mikroelementer og organiske buffere, der hj\u00e6lper med at stabilisere opl\u00f8sningens pH. Tripart Micro supplerer Tripart Grow og Tripart Bloom i sekund\u00e6re og st\u00f8rre n\u00e6ringsstoffer.<\/p>\n<p>* T.A. Tripart Micro bl\u00f8dt vand indeholder calcium: du kan bruge det med osmotisk vand.<\/p>\n<p>Mellem disse tre produkter eksisterer der en synergi, der skaber systemets magi.<\/p>","protected":false},"excerpt":{"rendered":"<h3>Terra Aquatica: Tripart Series Soft Water<\/h3>\n<p>Til alle dyrkningsmetoder: hydroponics, coco og jord<\/p>\n<p>Her f\u00e5r du hele grundserien fra Terra Aquatica, hvor du f\u00e5r alle de basale n\u00e6ringsstoffer dine planter har behov for. Bruger du meget g\u00f8dning f\u00e5r du her meget fordine penge, hvilket g\u00f8r det mere \u00f8konomisk i sidste ende.<\/p>\n<p>Bem\u00e6rk at dette er en Softwater serie, til dig der bruger osmotisk vand<\/p>\n<p><strong>Du f\u00e5r:<\/strong><\/p>\n<p>T.A FloraMicro Softwater<br \/>\nT.A FloraGro<br \/>\nT.A FloraBloom<\/p>\n<p>Det anbefales at benytte <a href=\"http:\/\/gro-lys.dk\/shop\/groudstyr\/plantegoedning\/ghe\/ghe-ripen-late-flowering\/\">FinalPart<\/a> n\u00e5r dine planter skal til at modnes, det s\u00f8rge for en mere j\u00e6vn modning af dine planter, s\u00e5 de kan h\u00f8stes p\u00e5 samme tid.<\/p>\n<p>&nbsp;<\/p>","protected":false},"featured_media":56583,"template":"","meta":{"_acf_changed":false},"product_brand":[],"product_cat":[1815,1836,1862],"product_tag":[],"class_list":{"0":"post-56571","1":"product","2":"type-product","3":"status-publish","4":"has-post-thumbnail","6":"product_cat-groudstyr","7":"product_cat-plantegoedning","8":"product_cat-ghe","9":"pa_liter-0-5-l","10":"pa_liter-1-l","11":"pa_liter-10-l","12":"pa_liter-5-l","13":"pa_liter-60-l","15":"first","16":"onbackorder","17":"taxable","18":"shipping-taxable","19":"purchasable","20":"product-type-variable","21":"wvs-archive-product-wrapper"},"acf":[],"yoast_head":"<!-- This site is optimized with the Yoast SEO plugin v26.9 - https:\/\/yoast.com\/product\/yoast-seo-wordpress\/ -->\n<title>Terra Aquatica - TriPart Soft Water serie - Superseeds.dk<\/title>\n<meta name=\"robots\" content=\"index, follow, max-snippet:-1, max-image-preview:large, max-video-preview:-1\" \/>\n<link rel=\"canonical\" href=\"https:\/\/superseeds.dk\/no\/produkt\/ghe-flora-serie-softwater\/\" \/>\n<meta property=\"og:locale\" content=\"nb_NO\" \/>\n<meta property=\"og:type\" content=\"article\" \/>\n<meta property=\"og:title\" content=\"Terra Aquatica - TriPart Soft Water serie - Superseeds.dk\" \/>\n<meta property=\"og:description\" content=\"Terra Aquatica: Tripart Series Soft Water Til alle dyrkningsmetoder: hydroponics, coco og jord  Her f\u00e5r du hele grundserien fra Terra Aquatica, hvor du f\u00e5r alle de basale n\u00e6ringsstoffer dine planter har behov for. Bruger du meget g\u00f8dning f\u00e5r du her meget fordine penge, hvilket g\u00f8r det mere \u00f8konomisk i sidste ende.  Bem\u00e6rk at dette er en Softwater serie, til dig der bruger osmotisk vand  Du f\u00e5r:  T.A FloraMicro Softwater T.A FloraGro T.A FloraBloom  Det anbefales at benytte FinalPart n\u00e5r dine planter skal til at modnes, det s\u00f8rge for en mere j\u00e6vn modning af dine planter, s\u00e5 de kan h\u00f8stes p\u00e5 samme tid.  &nbsp;\" \/>\n<meta property=\"og:url\" content=\"https:\/\/superseeds.dk\/no\/produkt\/ghe-flora-serie-softwater\/\" \/>\n<meta property=\"og:site_name\" content=\"Superseeds.dk\" \/>\n<meta property=\"article:modified_time\" content=\"2025-01-30T21:25:28+00:00\" \/>\n<meta property=\"og:image\" content=\"https:\/\/superseeds.dk\/wp-content\/uploads\/2025\/01\/Terra-Aquatica-\u2013-TriPart-Soft-Water-serie.png\" \/>\n\t<meta property=\"og:image:width\" content=\"1080\" \/>\n\t<meta property=\"og:image:height\" content=\"1080\" \/>\n\t<meta property=\"og:image:type\" content=\"image\/png\" \/>\n<meta name=\"twitter:card\" content=\"summary_large_image\" \/>\n<meta name=\"twitter:label1\" content=\"Ansl. lesetid\" \/>\n\t<meta name=\"twitter:data1\" content=\"1 minutt\" \/>\n<script type=\"application\/ld+json\" class=\"yoast-schema-graph\">{\"@context\":\"https:\/\/schema.org\",\"@graph\":[{\"@type\":\"WebPage\",\"@id\":\"https:\/\/superseeds.dk\/vare\/ghe-flora-serie-softwater\/\",\"url\":\"https:\/\/superseeds.dk\/vare\/ghe-flora-serie-softwater\/\",\"name\":\"Terra Aquatica - TriPart Soft Water serie - Superseeds.dk\",\"isPartOf\":{\"@id\":\"https:\/\/super-seeds.se\/#website\"},\"primaryImageOfPage\":{\"@id\":\"https:\/\/superseeds.dk\/vare\/ghe-flora-serie-softwater\/#primaryimage\"},\"image\":{\"@id\":\"https:\/\/superseeds.dk\/vare\/ghe-flora-serie-softwater\/#primaryimage\"},\"thumbnailUrl\":\"https:\/\/superseeds.dk\/wp-content\/uploads\/2025\/01\/Terra-Aquatica-\u2013-TriPart-Soft-Water-serie.png\",\"datePublished\":\"2025-01-30T21:25:23+00:00\",\"dateModified\":\"2025-01-30T21:25:28+00:00\",\"breadcrumb\":{\"@id\":\"https:\/\/superseeds.dk\/vare\/ghe-flora-serie-softwater\/#breadcrumb\"},\"inLanguage\":\"nb-NO\",\"potentialAction\":[{\"@type\":\"ReadAction\",\"target\":[\"https:\/\/superseeds.dk\/vare\/ghe-flora-serie-softwater\/\"]}]},{\"@type\":\"ImageObject\",\"inLanguage\":\"nb-NO\",\"@id\":\"https:\/\/superseeds.dk\/vare\/ghe-flora-serie-softwater\/#primaryimage\",\"url\":\"https:\/\/superseeds.dk\/wp-content\/uploads\/2025\/01\/Terra-Aquatica-\u2013-TriPart-Soft-Water-serie.png\",\"contentUrl\":\"https:\/\/superseeds.dk\/wp-content\/uploads\/2025\/01\/Terra-Aquatica-\u2013-TriPart-Soft-Water-serie.png\",\"width\":1080,\"height\":1080},{\"@type\":\"BreadcrumbList\",\"@id\":\"https:\/\/superseeds.dk\/vare\/ghe-flora-serie-softwater\/#breadcrumb\",\"itemListElement\":[{\"@type\":\"ListItem\",\"position\":1,\"name\":\"Hjem\",\"item\":\"https:\/\/superseeds.dk\/\"},{\"@type\":\"ListItem\",\"position\":2,\"name\":\"Shop\",\"item\":\"https:\/\/superseeds.dk\/no\/butikk\/\"},{\"@type\":\"ListItem\",\"position\":3,\"name\":\"Terra Aquatica &#8211; TriPart Soft Water serie\"}]},{\"@type\":\"WebSite\",\"@id\":\"https:\/\/super-seeds.se\/#website\",\"url\":\"https:\/\/super-seeds.se\/\",\"name\":\"Superseeds.dk\",\"description\":\"\",\"publisher\":{\"@id\":\"https:\/\/super-seeds.se\/#organization\"},\"potentialAction\":[{\"@type\":\"SearchAction\",\"target\":{\"@type\":\"EntryPoint\",\"urlTemplate\":\"https:\/\/super-seeds.se\/?s={search_term_string}\"},\"query-input\":{\"@type\":\"PropertyValueSpecification\",\"valueRequired\":true,\"valueName\":\"search_term_string\"}}],\"inLanguage\":\"nb-NO\"},{\"@type\":\"Organization\",\"@id\":\"https:\/\/super-seeds.se\/#organization\",\"name\":\"Superseeds.dk\",\"url\":\"https:\/\/super-seeds.se\/\",\"logo\":{\"@type\":\"ImageObject\",\"inLanguage\":\"nb-NO\",\"@id\":\"https:\/\/super-seeds.se\/#\/schema\/logo\/image\/\",\"url\":\"https:\/\/superseeds.dk\/wp-content\/uploads\/2025\/09\/logo-superseeds.png\",\"contentUrl\":\"https:\/\/superseeds.dk\/wp-content\/uploads\/2025\/09\/logo-superseeds.png\",\"width\":180,\"height\":160,\"caption\":\"Superseeds.dk\"},\"image\":{\"@id\":\"https:\/\/super-seeds.se\/#\/schema\/logo\/image\/\"}}]}<\/script>\n<!-- \/ Yoast SEO plugin. -->","yoast_head_json":{"title":"Terra Aquatica - TriPart Soft Water serie - Superseeds.dk","robots":{"index":"index","follow":"follow","max-snippet":"max-snippet:-1","max-image-preview":"max-image-preview:large","max-video-preview":"max-video-preview:-1"},"canonical":"https:\/\/superseeds.dk\/no\/produkt\/ghe-flora-serie-softwater\/","og_locale":"nb_NO","og_type":"article","og_title":"Terra Aquatica - TriPart Soft Water serie - Superseeds.dk","og_description":"Terra Aquatica: Tripart Series Soft Water Til alle dyrkningsmetoder: hydroponics, coco og jord  Her f\u00e5r du hele grundserien fra Terra Aquatica, hvor du f\u00e5r alle de basale n\u00e6ringsstoffer dine planter har behov for. Bruger du meget g\u00f8dning f\u00e5r du her meget fordine penge, hvilket g\u00f8r det mere \u00f8konomisk i sidste ende.  Bem\u00e6rk at dette er en Softwater serie, til dig der bruger osmotisk vand  Du f\u00e5r:  T.A FloraMicro Softwater T.A FloraGro T.A FloraBloom  Det anbefales at benytte FinalPart n\u00e5r dine planter skal til at modnes, det s\u00f8rge for en mere j\u00e6vn modning af dine planter, s\u00e5 de kan h\u00f8stes p\u00e5 samme tid.  &nbsp;","og_url":"https:\/\/superseeds.dk\/no\/produkt\/ghe-flora-serie-softwater\/","og_site_name":"Superseeds.dk","article_modified_time":"2025-01-30T21:25:28+00:00","og_image":[{"width":1080,"height":1080,"url":"https:\/\/superseeds.dk\/wp-content\/uploads\/2025\/01\/Terra-Aquatica-\u2013-TriPart-Soft-Water-serie.png","type":"image\/png"}],"twitter_card":"summary_large_image","twitter_misc":{"Ansl. lesetid":"1 minutt"},"schema":{"@context":"https:\/\/schema.org","@graph":[{"@type":"WebPage","@id":"https:\/\/superseeds.dk\/vare\/ghe-flora-serie-softwater\/","url":"https:\/\/superseeds.dk\/vare\/ghe-flora-serie-softwater\/","name":"Terra Aquatica - TriPart Soft Water serie - Superseeds.dk","isPartOf":{"@id":"https:\/\/super-seeds.se\/#website"},"primaryImageOfPage":{"@id":"https:\/\/superseeds.dk\/vare\/ghe-flora-serie-softwater\/#primaryimage"},"image":{"@id":"https:\/\/superseeds.dk\/vare\/ghe-flora-serie-softwater\/#primaryimage"},"thumbnailUrl":"https:\/\/superseeds.dk\/wp-content\/uploads\/2025\/01\/Terra-Aquatica-\u2013-TriPart-Soft-Water-serie.png","datePublished":"2025-01-30T21:25:23+00:00","dateModified":"2025-01-30T21:25:28+00:00","breadcrumb":{"@id":"https:\/\/superseeds.dk\/vare\/ghe-flora-serie-softwater\/#breadcrumb"},"inLanguage":"nb-NO","potentialAction":[{"@type":"ReadAction","target":["https:\/\/superseeds.dk\/vare\/ghe-flora-serie-softwater\/"]}]},{"@type":"ImageObject","inLanguage":"nb-NO","@id":"https:\/\/superseeds.dk\/vare\/ghe-flora-serie-softwater\/#primaryimage","url":"https:\/\/superseeds.dk\/wp-content\/uploads\/2025\/01\/Terra-Aquatica-\u2013-TriPart-Soft-Water-serie.png","contentUrl":"https:\/\/superseeds.dk\/wp-content\/uploads\/2025\/01\/Terra-Aquatica-\u2013-TriPart-Soft-Water-serie.png","width":1080,"height":1080},{"@type":"BreadcrumbList","@id":"https:\/\/superseeds.dk\/vare\/ghe-flora-serie-softwater\/#breadcrumb","itemListElement":[{"@type":"ListItem","position":1,"name":"Hjem","item":"https:\/\/superseeds.dk\/"},{"@type":"ListItem","position":2,"name":"Shop","item":"https:\/\/superseeds.dk\/no\/butikk\/"},{"@type":"ListItem","position":3,"name":"Terra Aquatica &#8211; TriPart Soft Water serie"}]},{"@type":"WebSite","@id":"https:\/\/super-seeds.se\/#website","url":"https:\/\/super-seeds.se\/","name":"Superseeds.com","description":"","publisher":{"@id":"https:\/\/super-seeds.se\/#organization"},"potentialAction":[{"@type":"SearchAction","target":{"@type":"EntryPoint","urlTemplate":"https:\/\/super-seeds.se\/?s={search_term_string}"},"query-input":{"@type":"PropertyValueSpecification","valueRequired":true,"valueName":"search_term_string"}}],"inLanguage":"nb-NO"},{"@type":"Organization","@id":"https:\/\/super-seeds.se\/#organization","name":"Superseeds.com","url":"https:\/\/super-seeds.se\/","logo":{"@type":"ImageObject","inLanguage":"nb-NO","@id":"https:\/\/super-seeds.se\/#\/schema\/logo\/image\/","url":"https:\/\/superseeds.dk\/wp-content\/uploads\/2025\/09\/logo-superseeds.png","contentUrl":"https:\/\/superseeds.dk\/wp-content\/uploads\/2025\/09\/logo-superseeds.png","width":180,"height":160,"caption":"Superseeds.dk"},"image":{"@id":"https:\/\/super-seeds.se\/#\/schema\/logo\/image\/"}}]}},"df_price":159,"df_sale_price":"","df_regular_price":159,"df_image_link":"https:\/\/superseeds.dk\/wp-content\/uploads\/2025\/01\/Terra-Aquatica-\u2013-TriPart-Soft-Water-serie-1024x1024.png","_links":{"self":[{"href":"https:\/\/superseeds.dk\/no\/wp-json\/wp\/v2\/product\/56571","targetHints":{"allow":["GET"]}}],"collection":[{"href":"https:\/\/superseeds.dk\/no\/wp-json\/wp\/v2\/product"}],"about":[{"href":"https:\/\/superseeds.dk\/no\/wp-json\/wp\/v2\/types\/product"}],"wp:featuredmedia":[{"embeddable":true,"href":"https:\/\/superseeds.dk\/no\/wp-json\/wp\/v2\/media\/56583"}],"wp:attachment":[{"href":"https:\/\/superseeds.dk\/no\/wp-json\/wp\/v2\/media?parent=56571"}],"wp:term":[{"taxonomy":"product_brand","embeddable":true,"href":"https:\/\/superseeds.dk\/no\/wp-json\/wp\/v2\/product_brand?post=56571"},{"taxonomy":"product_cat","embeddable":true,"href":"https:\/\/superseeds.dk\/no\/wp-json\/wp\/v2\/product_cat?post=56571"},{"taxonomy":"product_tag","embeddable":true,"href":"https:\/\/superseeds.dk\/no\/wp-json\/wp\/v2\/product_tag?post=56571"}],"curies":[{"name":"wp","href":"https:\/\/api.w.org\/{rel}","templated":true}]}}