{"id":56399,"date":"2025-01-30T22:23:56","date_gmt":"2025-01-30T21:23:56","guid":{"rendered":"https:\/\/superseeds.dk\/vare\/osram-plantastar-230v-e40\/"},"modified":"2025-01-30T22:23:58","modified_gmt":"2025-01-30T21:23:58","slug":"osram-plantastar-230v-e40","status":"publish","type":"product","link":"https:\/\/superseeds.dk\/no\/produkt\/osram-plantastar-230v-e40\/","title":{"rendered":"OSRAM PLANTASTAR 230V E40"},"content":{"rendered":"<p>Osram Planta Star er en natriumdamplampe af en speciel art.\u00a0Denne p\u00e6re skal bruges i planternes blomstrende fase.<br \/>\nMed 600 watt giver p\u00e6ren en \u00f8get lyseffektivitet til at forbedre v\u00e6ksten af \u200b\u200bplanter og afsk\u00e5rne blomster, ogs\u00e5 til kommerciel dyrkning.<\/p>\n<p>Denne illuminant blev udviklet til temmelig h\u00f8jvoksende gr\u00f8ntsager, som har brug for en lys lyskilde.\u00a0P\u00e5 grund af det h\u00f8je r\u00f8de og gule farvespektrum bruges Osram Planta Star for det meste til den blomstrende fase.\u00a0Derudover har p\u00e6ren en h\u00f8jere del af bl\u00e5t lys end Osram Nav-T-Super, hvilket bem\u00e6rkes af den st\u00e6rke v\u00e6kst af planterne.\u00a0Med en lysstr\u00f8m p\u00e5 90.000 lumen garanterer p\u00e6ren nok belysning.<\/p>\n<p><b>Tekniske detaljer<\/b><br \/>\n&#8211; Energieffektivitetsklasse: A ++<br \/>\n&#8211; Output: 600 watt<br \/>\n&#8211; Farvetemperatur: 2000 Kelvin<br \/>\n&#8211; Lyseffektivitet: 150 lm \/ watt<br \/>\n&#8211; Lysstr\u00f8m: 90.000 lumen<br \/>\n&#8211; Stikkontakt: E40<br \/>\n&#8211; Sp\u00e6nding: 110 V<br \/>\n&#8211; PAR [\u00b5mol \/ s]: 1100<\/p>\n","protected":false},"excerpt":{"rendered":"<p>Kvalitets p\u00e6re fra osram der er udviklet til proffesionelle gartnerier.<\/p>\n<p>Derudover har p\u00e6ren en h\u00f8jere del af bl\u00e5t lys end Osram Nav-T-Super der sikre bedre v\u00e6kst<\/p>\n<p>denne p\u00e6rer sikre dig maksimale resultater af hvad man kan forvente af 600w hps.<\/p>","protected":false},"featured_media":56401,"template":"","meta":{"_acf_changed":false},"product_brand":[],"product_cat":[1815,1944,1863,1892],"product_tag":[1227,1228,1229,1230,1231],"class_list":{"0":"post-56399","1":"product","2":"type-product","3":"status-publish","4":"has-post-thumbnail","6":"product_cat-groudstyr","7":"product_cat-hps-mh","8":"product_cat-lys","9":"product_cat-plantelys-hps-mh-cfl","10":"product_tag-600w","11":"product_tag-bedste-600w","12":"product_tag-billigste-osram","13":"product_tag-hps","14":"product_tag-osram-plantastar","16":"first","17":"instock","18":"taxable","19":"shipping-taxable","20":"purchasable","21":"product-type-simple"},"acf":[],"yoast_head":"<!-- This site is optimized with the Yoast SEO plugin v26.9 - https:\/\/yoast.com\/product\/yoast-seo-wordpress\/ -->\n<title>OSRAM PLANTASTAR 230V E40 - Superseeds.dk<\/title>\n<meta name=\"robots\" content=\"index, follow, max-snippet:-1, max-image-preview:large, max-video-preview:-1\" \/>\n<link rel=\"canonical\" href=\"https:\/\/superseeds.dk\/no\/produkt\/osram-plantastar-230v-e40\/\" \/>\n<meta property=\"og:locale\" content=\"nb_NO\" \/>\n<meta property=\"og:type\" content=\"article\" \/>\n<meta property=\"og:title\" content=\"OSRAM PLANTASTAR 230V E40 - Superseeds.dk\" \/>\n<meta property=\"og:description\" content=\"Kvalitets p\u00e6re fra osram der er udviklet til proffesionelle gartnerier.  Derudover har p\u00e6ren en h\u00f8jere del af bl\u00e5t lys end Osram Nav-T-Super der sikre bedre v\u00e6kst  denne p\u00e6rer sikre dig maksimale resultater af hvad man kan forvente af 600w hps.\" \/>\n<meta property=\"og:url\" content=\"https:\/\/superseeds.dk\/no\/produkt\/osram-plantastar-230v-e40\/\" \/>\n<meta property=\"og:site_name\" content=\"Superseeds.dk\" \/>\n<meta property=\"article:modified_time\" content=\"2025-01-30T21:23:58+00:00\" \/>\n<meta property=\"og:image\" content=\"https:\/\/dev.dev.superseeds.dk\/wp-content\/uploads\/2025\/01\/OSRAM-PLANTASTAR-230V-E40.png\" \/>\n\t<meta property=\"og:image:width\" content=\"1080\" \/>\n\t<meta property=\"og:image:height\" content=\"1080\" \/>\n\t<meta property=\"og:image:type\" content=\"image\/png\" \/>\n<meta name=\"twitter:card\" content=\"summary_large_image\" \/>\n<meta name=\"twitter:label1\" content=\"Ansl. lesetid\" \/>\n\t<meta name=\"twitter:data1\" content=\"1 minutt\" \/>\n<script type=\"application\/ld+json\" class=\"yoast-schema-graph\">{\"@context\":\"https:\/\/schema.org\",\"@graph\":[{\"@type\":\"WebPage\",\"@id\":\"https:\/\/superseeds.dk\/vare\/osram-plantastar-230v-e40\/\",\"url\":\"https:\/\/superseeds.dk\/vare\/osram-plantastar-230v-e40\/\",\"name\":\"OSRAM PLANTASTAR 230V E40 - Superseeds.dk\",\"isPartOf\":{\"@id\":\"https:\/\/super-seeds.se\/#website\"},\"primaryImageOfPage\":{\"@id\":\"https:\/\/superseeds.dk\/vare\/osram-plantastar-230v-e40\/#primaryimage\"},\"image\":{\"@id\":\"https:\/\/superseeds.dk\/vare\/osram-plantastar-230v-e40\/#primaryimage\"},\"thumbnailUrl\":\"https:\/\/superseeds.dk\/wp-content\/uploads\/2025\/01\/OSRAM-PLANTASTAR-230V-E40.png\",\"datePublished\":\"2025-01-30T21:23:56+00:00\",\"dateModified\":\"2025-01-30T21:23:58+00:00\",\"breadcrumb\":{\"@id\":\"https:\/\/superseeds.dk\/vare\/osram-plantastar-230v-e40\/#breadcrumb\"},\"inLanguage\":\"nb-NO\",\"potentialAction\":[{\"@type\":\"ReadAction\",\"target\":[\"https:\/\/superseeds.dk\/vare\/osram-plantastar-230v-e40\/\"]}]},{\"@type\":\"ImageObject\",\"inLanguage\":\"nb-NO\",\"@id\":\"https:\/\/superseeds.dk\/vare\/osram-plantastar-230v-e40\/#primaryimage\",\"url\":\"https:\/\/superseeds.dk\/wp-content\/uploads\/2025\/01\/OSRAM-PLANTASTAR-230V-E40.png\",\"contentUrl\":\"https:\/\/superseeds.dk\/wp-content\/uploads\/2025\/01\/OSRAM-PLANTASTAR-230V-E40.png\",\"width\":1080,\"height\":1080},{\"@type\":\"BreadcrumbList\",\"@id\":\"https:\/\/superseeds.dk\/vare\/osram-plantastar-230v-e40\/#breadcrumb\",\"itemListElement\":[{\"@type\":\"ListItem\",\"position\":1,\"name\":\"Hjem\",\"item\":\"https:\/\/superseeds.dk\/\"},{\"@type\":\"ListItem\",\"position\":2,\"name\":\"Shop\",\"item\":\"https:\/\/superseeds.dk\/no\/butikk\/\"},{\"@type\":\"ListItem\",\"position\":3,\"name\":\"OSRAM PLANTASTAR 230V E40\"}]},{\"@type\":\"WebSite\",\"@id\":\"https:\/\/super-seeds.se\/#website\",\"url\":\"https:\/\/super-seeds.se\/\",\"name\":\"Superseeds.dk\",\"description\":\"\",\"publisher\":{\"@id\":\"https:\/\/super-seeds.se\/#organization\"},\"potentialAction\":[{\"@type\":\"SearchAction\",\"target\":{\"@type\":\"EntryPoint\",\"urlTemplate\":\"https:\/\/super-seeds.se\/?s={search_term_string}\"},\"query-input\":{\"@type\":\"PropertyValueSpecification\",\"valueRequired\":true,\"valueName\":\"search_term_string\"}}],\"inLanguage\":\"nb-NO\"},{\"@type\":\"Organization\",\"@id\":\"https:\/\/super-seeds.se\/#organization\",\"name\":\"Superseeds.dk\",\"url\":\"https:\/\/super-seeds.se\/\",\"logo\":{\"@type\":\"ImageObject\",\"inLanguage\":\"nb-NO\",\"@id\":\"https:\/\/super-seeds.se\/#\/schema\/logo\/image\/\",\"url\":\"https:\/\/superseeds.dk\/wp-content\/uploads\/2025\/09\/logo-superseeds.png\",\"contentUrl\":\"https:\/\/superseeds.dk\/wp-content\/uploads\/2025\/09\/logo-superseeds.png\",\"width\":180,\"height\":160,\"caption\":\"Superseeds.dk\"},\"image\":{\"@id\":\"https:\/\/super-seeds.se\/#\/schema\/logo\/image\/\"}}]}<\/script>\n<!-- \/ Yoast SEO plugin. -->","yoast_head_json":{"title":"OSRAM PLANTASTAR 230V E40 - Superseeds.dk","robots":{"index":"index","follow":"follow","max-snippet":"max-snippet:-1","max-image-preview":"max-image-preview:large","max-video-preview":"max-video-preview:-1"},"canonical":"https:\/\/superseeds.dk\/no\/produkt\/osram-plantastar-230v-e40\/","og_locale":"nb_NO","og_type":"article","og_title":"OSRAM PLANTASTAR 230V E40 - Superseeds.dk","og_description":"Kvalitets p\u00e6re fra osram der er udviklet til proffesionelle gartnerier.  Derudover har p\u00e6ren en h\u00f8jere del af bl\u00e5t lys end Osram Nav-T-Super der sikre bedre v\u00e6kst  denne p\u00e6rer sikre dig maksimale resultater af hvad man kan forvente af 600w hps.","og_url":"https:\/\/superseeds.dk\/no\/produkt\/osram-plantastar-230v-e40\/","og_site_name":"Superseeds.dk","article_modified_time":"2025-01-30T21:23:58+00:00","og_image":[{"width":1080,"height":1080,"url":"https:\/\/dev.dev.superseeds.dk\/wp-content\/uploads\/2025\/01\/OSRAM-PLANTASTAR-230V-E40.png","type":"image\/png"}],"twitter_card":"summary_large_image","twitter_misc":{"Ansl. lesetid":"1 minutt"},"schema":{"@context":"https:\/\/schema.org","@graph":[{"@type":"WebPage","@id":"https:\/\/superseeds.dk\/vare\/osram-plantastar-230v-e40\/","url":"https:\/\/superseeds.dk\/vare\/osram-plantastar-230v-e40\/","name":"OSRAM PLANTASTAR 230V E40 - Superseeds.dk","isPartOf":{"@id":"https:\/\/super-seeds.se\/#website"},"primaryImageOfPage":{"@id":"https:\/\/superseeds.dk\/vare\/osram-plantastar-230v-e40\/#primaryimage"},"image":{"@id":"https:\/\/superseeds.dk\/vare\/osram-plantastar-230v-e40\/#primaryimage"},"thumbnailUrl":"https:\/\/superseeds.dk\/wp-content\/uploads\/2025\/01\/OSRAM-PLANTASTAR-230V-E40.png","datePublished":"2025-01-30T21:23:56+00:00","dateModified":"2025-01-30T21:23:58+00:00","breadcrumb":{"@id":"https:\/\/superseeds.dk\/vare\/osram-plantastar-230v-e40\/#breadcrumb"},"inLanguage":"nb-NO","potentialAction":[{"@type":"ReadAction","target":["https:\/\/superseeds.dk\/vare\/osram-plantastar-230v-e40\/"]}]},{"@type":"ImageObject","inLanguage":"nb-NO","@id":"https:\/\/superseeds.dk\/vare\/osram-plantastar-230v-e40\/#primaryimage","url":"https:\/\/superseeds.dk\/wp-content\/uploads\/2025\/01\/OSRAM-PLANTASTAR-230V-E40.png","contentUrl":"https:\/\/superseeds.dk\/wp-content\/uploads\/2025\/01\/OSRAM-PLANTASTAR-230V-E40.png","width":1080,"height":1080},{"@type":"BreadcrumbList","@id":"https:\/\/superseeds.dk\/vare\/osram-plantastar-230v-e40\/#breadcrumb","itemListElement":[{"@type":"ListItem","position":1,"name":"Hjem","item":"https:\/\/superseeds.dk\/"},{"@type":"ListItem","position":2,"name":"Shop","item":"https:\/\/superseeds.dk\/no\/butikk\/"},{"@type":"ListItem","position":3,"name":"OSRAM PLANTASTAR 230V E40"}]},{"@type":"WebSite","@id":"https:\/\/super-seeds.se\/#website","url":"https:\/\/super-seeds.se\/","name":"Superseeds.com","description":"","publisher":{"@id":"https:\/\/super-seeds.se\/#organization"},"potentialAction":[{"@type":"SearchAction","target":{"@type":"EntryPoint","urlTemplate":"https:\/\/super-seeds.se\/?s={search_term_string}"},"query-input":{"@type":"PropertyValueSpecification","valueRequired":true,"valueName":"search_term_string"}}],"inLanguage":"nb-NO"},{"@type":"Organization","@id":"https:\/\/super-seeds.se\/#organization","name":"Superseeds.com","url":"https:\/\/super-seeds.se\/","logo":{"@type":"ImageObject","inLanguage":"nb-NO","@id":"https:\/\/super-seeds.se\/#\/schema\/logo\/image\/","url":"https:\/\/superseeds.dk\/wp-content\/uploads\/2025\/09\/logo-superseeds.png","contentUrl":"https:\/\/superseeds.dk\/wp-content\/uploads\/2025\/09\/logo-superseeds.png","width":180,"height":160,"caption":"Superseeds.dk"},"image":{"@id":"https:\/\/super-seeds.se\/#\/schema\/logo\/image\/"}}]}},"df_price":369,"df_sale_price":"","df_regular_price":369,"df_image_link":"https:\/\/superseeds.dk\/wp-content\/uploads\/2025\/01\/OSRAM-PLANTASTAR-230V-E40-1024x1024.png","_links":{"self":[{"href":"https:\/\/superseeds.dk\/no\/wp-json\/wp\/v2\/product\/56399","targetHints":{"allow":["GET"]}}],"collection":[{"href":"https:\/\/superseeds.dk\/no\/wp-json\/wp\/v2\/product"}],"about":[{"href":"https:\/\/superseeds.dk\/no\/wp-json\/wp\/v2\/types\/product"}],"wp:featuredmedia":[{"embeddable":true,"href":"https:\/\/superseeds.dk\/no\/wp-json\/wp\/v2\/media\/56401"}],"wp:attachment":[{"href":"https:\/\/superseeds.dk\/no\/wp-json\/wp\/v2\/media?parent=56399"}],"wp:term":[{"taxonomy":"product_brand","embeddable":true,"href":"https:\/\/superseeds.dk\/no\/wp-json\/wp\/v2\/product_brand?post=56399"},{"taxonomy":"product_cat","embeddable":true,"href":"https:\/\/superseeds.dk\/no\/wp-json\/wp\/v2\/product_cat?post=56399"},{"taxonomy":"product_tag","embeddable":true,"href":"https:\/\/superseeds.dk\/no\/wp-json\/wp\/v2\/product_tag?post=56399"}],"curies":[{"name":"wp","href":"https:\/\/api.w.org\/{rel}","templated":true}]}}