{"id":56343,"date":"2025-01-30T22:23:24","date_gmt":"2025-01-30T21:23:24","guid":{"rendered":"https:\/\/superseeds.dk\/vare\/twister-t6-2\/"},"modified":"2025-01-30T22:23:27","modified_gmt":"2025-01-30T21:23:27","slug":"twister-t6-2","status":"publish","type":"product","link":"https:\/\/superseeds.dk\/no\/produkt\/twister-t6-2\/","title":{"rendered":"Ugro kokoblokk 70L"},"content":{"rendered":"<p>Giver op til 70 L coco gromedium. Perfekt pakket og kan sendes med posten.<\/p>\n<p>tils\u00e6t blot vand og din coco er klar til brug.<\/p>","protected":false},"excerpt":{"rendered":"<p>5 kg blok af presset og dehydreret cocopeat med en lav procentdel af fibre. Den store st\u00f8rrelse g\u00f8r XL til en pengebesparende l\u00f8sning. Med 18 liter vand giver det op til 70 liter h\u00f8jkvalitets cocopeat. Den er velegnet til alle former for dyrkning, udend\u00f8rs og indend\u00f8rs.<\/p>\n<ul>\n<li><b>Struktur:<\/b>\u00a0Standard<\/li>\n<li><b>Sammensetning:<\/b>\u00a0Coco Peat med lav procentdel fibre<\/li>\n<li><b>PH:<\/b>\u00a05,5-6,5<\/li>\n<li><b>EC (1:1,5):<\/b>\u00a0&lt;0,6 mS\/cm<\/li>\n<li><b>Vannkapasitet:<\/b>\u00a0910%<\/li>\n<li><b>Volum:<\/b>\u00a070 Liter<\/li>\n<li><b>Netto vekt:<\/b>\u00a05 kg<\/li>\n<\/ul>","protected":false},"featured_media":56344,"template":"","meta":{"_acf_changed":false},"product_brand":[],"product_cat":[1875,1890,1858,1815,1829],"product_tag":[],"class_list":{"0":"post-56343","1":"product","2":"type-product","3":"status-publish","4":"has-post-thumbnail","6":"product_cat-coco","7":"product_cat-gro-vaekstmedier","8":"product_cat-gromedie","9":"product_cat-groudstyr","10":"product_cat-microgreens","12":"first","13":"onbackorder","14":"taxable","15":"shipping-taxable","16":"purchasable","17":"product-type-simple"},"acf":[],"yoast_head":"<!-- This site is optimized with the Yoast SEO plugin v26.9 - https:\/\/yoast.com\/product\/yoast-seo-wordpress\/ -->\n<title>Ugro coco block 70L - Superseeds.dk<\/title>\n<meta name=\"robots\" content=\"index, follow, max-snippet:-1, max-image-preview:large, max-video-preview:-1\" \/>\n<link rel=\"canonical\" href=\"https:\/\/superseeds.dk\/no\/produkt\/twister-t6-2\/\" \/>\n<meta property=\"og:locale\" content=\"nb_NO\" \/>\n<meta property=\"og:type\" content=\"article\" \/>\n<meta property=\"og:title\" content=\"Ugro coco block 70L - Superseeds.dk\" \/>\n<meta property=\"og:description\" content=\"5 kg blok af presset og dehydreret cocopeat med en lav procentdel af fibre. Den store st\u00f8rrelse g\u00f8r XL til en pengebesparende l\u00f8sning. Med 18 liter vand giver det op til 70 liter h\u00f8jkvalitets cocopeat. Den er velegnet til alle former for dyrkning, udend\u00f8rs og indend\u00f8rs.   Struktur:\u00a0Standard  Komposition:\u00a0Coco Peat med lav procentdel fibre  PH:\u00a05,5-6,5  EC (1:1,5):\u00a0&lt;0,6 mS\/cm  Vand kapacitet:\u00a0910%  Volume:\u00a070 Liter  Netto V\u00e6gt:\u00a05 kilo\" \/>\n<meta property=\"og:url\" content=\"https:\/\/superseeds.dk\/no\/produkt\/twister-t6-2\/\" \/>\n<meta property=\"og:site_name\" content=\"Superseeds.dk\" \/>\n<meta property=\"article:modified_time\" content=\"2025-01-30T21:23:27+00:00\" \/>\n<meta property=\"og:image\" content=\"https:\/\/superseeds.dk\/wp-content\/uploads\/2025\/01\/Ugro-coco-block-70L.png\" \/>\n\t<meta property=\"og:image:width\" content=\"1080\" \/>\n\t<meta property=\"og:image:height\" content=\"1080\" \/>\n\t<meta property=\"og:image:type\" content=\"image\/png\" \/>\n<meta name=\"twitter:card\" content=\"summary_large_image\" \/>\n<script type=\"application\/ld+json\" class=\"yoast-schema-graph\">{\"@context\":\"https:\/\/schema.org\",\"@graph\":[{\"@type\":\"WebPage\",\"@id\":\"https:\/\/superseeds.dk\/vare\/twister-t6-2\/\",\"url\":\"https:\/\/superseeds.dk\/vare\/twister-t6-2\/\",\"name\":\"Ugro coco block 70L - Superseeds.dk\",\"isPartOf\":{\"@id\":\"https:\/\/super-seeds.se\/#website\"},\"primaryImageOfPage\":{\"@id\":\"https:\/\/superseeds.dk\/vare\/twister-t6-2\/#primaryimage\"},\"image\":{\"@id\":\"https:\/\/superseeds.dk\/vare\/twister-t6-2\/#primaryimage\"},\"thumbnailUrl\":\"https:\/\/superseeds.dk\/wp-content\/uploads\/2025\/01\/Ugro-coco-block-70L.png\",\"datePublished\":\"2025-01-30T21:23:24+00:00\",\"dateModified\":\"2025-01-30T21:23:27+00:00\",\"breadcrumb\":{\"@id\":\"https:\/\/superseeds.dk\/vare\/twister-t6-2\/#breadcrumb\"},\"inLanguage\":\"nb-NO\",\"potentialAction\":[{\"@type\":\"ReadAction\",\"target\":[\"https:\/\/superseeds.dk\/vare\/twister-t6-2\/\"]}]},{\"@type\":\"ImageObject\",\"inLanguage\":\"nb-NO\",\"@id\":\"https:\/\/superseeds.dk\/vare\/twister-t6-2\/#primaryimage\",\"url\":\"https:\/\/superseeds.dk\/wp-content\/uploads\/2025\/01\/Ugro-coco-block-70L.png\",\"contentUrl\":\"https:\/\/superseeds.dk\/wp-content\/uploads\/2025\/01\/Ugro-coco-block-70L.png\",\"width\":1080,\"height\":1080},{\"@type\":\"BreadcrumbList\",\"@id\":\"https:\/\/superseeds.dk\/vare\/twister-t6-2\/#breadcrumb\",\"itemListElement\":[{\"@type\":\"ListItem\",\"position\":1,\"name\":\"Hjem\",\"item\":\"https:\/\/superseeds.dk\/\"},{\"@type\":\"ListItem\",\"position\":2,\"name\":\"Shop\",\"item\":\"https:\/\/superseeds.dk\/no\/butikk\/\"},{\"@type\":\"ListItem\",\"position\":3,\"name\":\"Ugro coco block 70L\"}]},{\"@type\":\"WebSite\",\"@id\":\"https:\/\/super-seeds.se\/#website\",\"url\":\"https:\/\/super-seeds.se\/\",\"name\":\"Superseeds.dk\",\"description\":\"\",\"publisher\":{\"@id\":\"https:\/\/super-seeds.se\/#organization\"},\"potentialAction\":[{\"@type\":\"SearchAction\",\"target\":{\"@type\":\"EntryPoint\",\"urlTemplate\":\"https:\/\/super-seeds.se\/?s={search_term_string}\"},\"query-input\":{\"@type\":\"PropertyValueSpecification\",\"valueRequired\":true,\"valueName\":\"search_term_string\"}}],\"inLanguage\":\"nb-NO\"},{\"@type\":\"Organization\",\"@id\":\"https:\/\/super-seeds.se\/#organization\",\"name\":\"Superseeds.dk\",\"url\":\"https:\/\/super-seeds.se\/\",\"logo\":{\"@type\":\"ImageObject\",\"inLanguage\":\"nb-NO\",\"@id\":\"https:\/\/super-seeds.se\/#\/schema\/logo\/image\/\",\"url\":\"https:\/\/superseeds.dk\/wp-content\/uploads\/2025\/09\/logo-superseeds.png\",\"contentUrl\":\"https:\/\/superseeds.dk\/wp-content\/uploads\/2025\/09\/logo-superseeds.png\",\"width\":180,\"height\":160,\"caption\":\"Superseeds.dk\"},\"image\":{\"@id\":\"https:\/\/super-seeds.se\/#\/schema\/logo\/image\/\"}}]}<\/script>\n<!-- \/ Yoast SEO plugin. -->","yoast_head_json":{"title":"Ugro coco block 70L - Superseeds.dk","robots":{"index":"index","follow":"follow","max-snippet":"max-snippet:-1","max-image-preview":"max-image-preview:large","max-video-preview":"max-video-preview:-1"},"canonical":"https:\/\/superseeds.dk\/no\/produkt\/twister-t6-2\/","og_locale":"nb_NO","og_type":"article","og_title":"Ugro coco block 70L - Superseeds.dk","og_description":"5 kg blok af presset og dehydreret cocopeat med en lav procentdel af fibre. Den store st\u00f8rrelse g\u00f8r XL til en pengebesparende l\u00f8sning. Med 18 liter vand giver det op til 70 liter h\u00f8jkvalitets cocopeat. Den er velegnet til alle former for dyrkning, udend\u00f8rs og indend\u00f8rs.   Struktur:\u00a0Standard  Komposition:\u00a0Coco Peat med lav procentdel fibre  PH:\u00a05,5-6,5  EC (1:1,5):\u00a0&lt;0,6 mS\/cm  Vand kapacitet:\u00a0910%  Volume:\u00a070 Liter  Netto V\u00e6gt:\u00a05 kilo","og_url":"https:\/\/superseeds.dk\/no\/produkt\/twister-t6-2\/","og_site_name":"Superseeds.dk","article_modified_time":"2025-01-30T21:23:27+00:00","og_image":[{"width":1080,"height":1080,"url":"https:\/\/superseeds.dk\/wp-content\/uploads\/2025\/01\/Ugro-coco-block-70L.png","type":"image\/png"}],"twitter_card":"summary_large_image","schema":{"@context":"https:\/\/schema.org","@graph":[{"@type":"WebPage","@id":"https:\/\/superseeds.dk\/vare\/twister-t6-2\/","url":"https:\/\/superseeds.dk\/vare\/twister-t6-2\/","name":"Ugro coco block 70L - Superseeds.dk","isPartOf":{"@id":"https:\/\/super-seeds.se\/#website"},"primaryImageOfPage":{"@id":"https:\/\/superseeds.dk\/vare\/twister-t6-2\/#primaryimage"},"image":{"@id":"https:\/\/superseeds.dk\/vare\/twister-t6-2\/#primaryimage"},"thumbnailUrl":"https:\/\/superseeds.dk\/wp-content\/uploads\/2025\/01\/Ugro-coco-block-70L.png","datePublished":"2025-01-30T21:23:24+00:00","dateModified":"2025-01-30T21:23:27+00:00","breadcrumb":{"@id":"https:\/\/superseeds.dk\/vare\/twister-t6-2\/#breadcrumb"},"inLanguage":"nb-NO","potentialAction":[{"@type":"ReadAction","target":["https:\/\/superseeds.dk\/vare\/twister-t6-2\/"]}]},{"@type":"ImageObject","inLanguage":"nb-NO","@id":"https:\/\/superseeds.dk\/vare\/twister-t6-2\/#primaryimage","url":"https:\/\/superseeds.dk\/wp-content\/uploads\/2025\/01\/Ugro-coco-block-70L.png","contentUrl":"https:\/\/superseeds.dk\/wp-content\/uploads\/2025\/01\/Ugro-coco-block-70L.png","width":1080,"height":1080},{"@type":"BreadcrumbList","@id":"https:\/\/superseeds.dk\/vare\/twister-t6-2\/#breadcrumb","itemListElement":[{"@type":"ListItem","position":1,"name":"Hjem","item":"https:\/\/superseeds.dk\/"},{"@type":"ListItem","position":2,"name":"Shop","item":"https:\/\/superseeds.dk\/no\/butikk\/"},{"@type":"ListItem","position":3,"name":"Ugro coco block 70L"}]},{"@type":"WebSite","@id":"https:\/\/super-seeds.se\/#website","url":"https:\/\/super-seeds.se\/","name":"Superseeds.com","description":"","publisher":{"@id":"https:\/\/super-seeds.se\/#organization"},"potentialAction":[{"@type":"SearchAction","target":{"@type":"EntryPoint","urlTemplate":"https:\/\/super-seeds.se\/?s={search_term_string}"},"query-input":{"@type":"PropertyValueSpecification","valueRequired":true,"valueName":"search_term_string"}}],"inLanguage":"nb-NO"},{"@type":"Organization","@id":"https:\/\/super-seeds.se\/#organization","name":"Superseeds.com","url":"https:\/\/super-seeds.se\/","logo":{"@type":"ImageObject","inLanguage":"nb-NO","@id":"https:\/\/super-seeds.se\/#\/schema\/logo\/image\/","url":"https:\/\/superseeds.dk\/wp-content\/uploads\/2025\/09\/logo-superseeds.png","contentUrl":"https:\/\/superseeds.dk\/wp-content\/uploads\/2025\/09\/logo-superseeds.png","width":180,"height":160,"caption":"Superseeds.dk"},"image":{"@id":"https:\/\/super-seeds.se\/#\/schema\/logo\/image\/"}}]}},"df_price":139,"df_sale_price":"","df_regular_price":139,"df_image_link":"https:\/\/superseeds.dk\/wp-content\/uploads\/2025\/01\/Ugro-coco-block-70L-1024x1024.png","_links":{"self":[{"href":"https:\/\/superseeds.dk\/no\/wp-json\/wp\/v2\/product\/56343","targetHints":{"allow":["GET"]}}],"collection":[{"href":"https:\/\/superseeds.dk\/no\/wp-json\/wp\/v2\/product"}],"about":[{"href":"https:\/\/superseeds.dk\/no\/wp-json\/wp\/v2\/types\/product"}],"wp:featuredmedia":[{"embeddable":true,"href":"https:\/\/superseeds.dk\/no\/wp-json\/wp\/v2\/media\/56344"}],"wp:attachment":[{"href":"https:\/\/superseeds.dk\/no\/wp-json\/wp\/v2\/media?parent=56343"}],"wp:term":[{"taxonomy":"product_brand","embeddable":true,"href":"https:\/\/superseeds.dk\/no\/wp-json\/wp\/v2\/product_brand?post=56343"},{"taxonomy":"product_cat","embeddable":true,"href":"https:\/\/superseeds.dk\/no\/wp-json\/wp\/v2\/product_cat?post=56343"},{"taxonomy":"product_tag","embeddable":true,"href":"https:\/\/superseeds.dk\/no\/wp-json\/wp\/v2\/product_tag?post=56343"}],"curies":[{"name":"wp","href":"https:\/\/api.w.org\/{rel}","templated":true}]}}