{"id":56090,"date":"2025-01-30T22:20:41","date_gmt":"2025-01-30T21:20:41","guid":{"rendered":"https:\/\/superseeds.dk\/vare\/homebox-ambient-q80-80x80x180\/"},"modified":"2025-01-30T22:20:45","modified_gmt":"2025-01-30T21:20:45","slug":"homebox-ambient-q80-80x80x180","status":"publish","type":"product","link":"https:\/\/superseeds.dk\/no\/produkt\/homebox-ambient-q80-80x80x180\/","title":{"rendered":"HOMEbox Ambient Q80+ &#8211; 80X80X180"},"content":{"rendered":"<p>For pladsbevidst og intensiv indend\u00f8rs produktion er det sv\u00e6rt at sl\u00e5 HomeBox Ambient Q80 +. Dette meget alsidige grotelt kan bruges til at dyrke frisk rodf\u00e6stede stiklinger eller fr\u00f8planter til unge planter, hvilket holder en enlig mor i toptilstand eller endda blomstrer og frugter op til ti sm\u00e5 planter til fuld modenhed. Homebox Ambient Q80 + er ideelt oplyst med en 250W metalhalogenid eller natriumlampe med h\u00f8jt tryk og er kompatibel med hele spektret af popul\u00e6re dyrkningsmetoder. Udover MicroMesh-bug-screenet, OmniFlow-regulerbare luftventiler, er der ogs\u00e5 en praktisk port til kabler og kunstvandingsr\u00f8r og et 160 mm (6,3 &#8220;) luftindtag i taget. Som med alle HomeBox Ambient vokser telte, ubesiddet montering og demontering tager en person bare et par minutter. PAR + superreflekterende foring omdanner dette kompakte v\u00e6kstkammer til et meget produktivt indendyrket milj\u00f8 med enest\u00e5ende reflektivitet kombineret med effektiv varmeafledning til afgr\u00f8der af h\u00f8jere kvalitet.<\/p>\n<p>Foranstaltninger: 80x80x180 cm<br \/>\nDyrkerum: 0,64 m2<\/p>\n<p>High-tech tysk design og teknik<br \/>\nRobuste, plantesikre materialer sikrer lang levetid<br \/>\nAftageligt, vandafvisende gulve<br \/>\nFast bund fastgjort til teltet med lynl\u00e5s hele vejen rundt<br \/>\nInd- og udl\u00f8bsr\u00f8r:<br \/>\n+ 100 mm (4 &#8220;): 1x tilbage<br \/>\n+ 125 mm (5 &#8220;): 1x tilbage<br \/>\n+ 160 mm (6,3 &#8220;): 1x tag<br \/>\n2 x 125 (5 &#8220;) OmniFlow Airvents til venstre og h\u00f8jre<br \/>\n700-mikron MicroMesh bug-screenet<br \/>\nH\u00e5rdt ydre skal p\u00e5 l\u00e6rred<br \/>\nPAR + superreflekterende foring fremmer hurtigere v\u00e6kst og h\u00f8jere udbytter<br \/>\nMetalstruktur (16 mm), st\u00e6rke pr\u00e6cisionsplastiske hj\u00f8rner<br \/>\nN\u00e5r enheden er lukket, er den helt forseglet og praktisk talt lysfast<br \/>\nLynl\u00e5se-lynl\u00e5se i alt &#8211; ikke behov for velcro-flapper<br \/>\nMaksimal kapacitet: 50 kg<\/p>\n<p>&nbsp;<\/p>\n<p><iframe title=\"HOMEbox growbox Ambient Q120 - easy assembling of a grow tent!\" width=\"800\" height=\"450\" src=\"https:\/\/www.youtube.com\/embed\/KsPnScMFIQA?feature=oembed\" frameborder=\"0\" allow=\"accelerometer; autoplay; clipboard-write; encrypted-media; gyroscope; picture-in-picture; web-share\" referrerpolicy=\"strict-origin-when-cross-origin\" allowfullscreen><\/iframe><\/p>","protected":false},"excerpt":{"rendered":"<p>Homebox serien er telte i topklasse!<\/p>\n<p>hvid kvalitets mylar, der er den mest effektive bel\u00e6gning ved led belysning.<\/p>\n<p>stof coated yderbel\u00e6gning der er ekstremt slidst\u00e6rkt. og fremst\u00e5r p\u00e6nere end de fleste andre telte p\u00e5 markedet.<\/p>","protected":false},"featured_media":56096,"template":"","meta":{"_acf_changed":false},"product_brand":[],"product_cat":[1815,1850,1849,1923],"product_tag":[],"class_list":{"0":"post-56090","1":"product","2":"type-product","3":"status-publish","4":"has-post-thumbnail","6":"product_cat-groudstyr","7":"product_cat-homebox","8":"product_cat-telte","9":"product_cat-telte-homebox","11":"first","12":"onbackorder","13":"taxable","14":"shipping-taxable","15":"purchasable","16":"product-type-simple"},"acf":[],"yoast_head":"<!-- This site is optimized with the Yoast SEO plugin v26.9 - https:\/\/yoast.com\/product\/yoast-seo-wordpress\/ -->\n<title>HOMEbox Ambient Q80+ - 80X80X180 - Superseeds.dk<\/title>\n<meta name=\"robots\" content=\"index, follow, max-snippet:-1, max-image-preview:large, max-video-preview:-1\" \/>\n<link rel=\"canonical\" href=\"https:\/\/superseeds.dk\/no\/produkt\/homebox-ambient-q80-80x80x180\/\" \/>\n<meta property=\"og:locale\" content=\"nb_NO\" \/>\n<meta property=\"og:type\" content=\"article\" \/>\n<meta property=\"og:title\" content=\"HOMEbox Ambient Q80+ - 80X80X180 - Superseeds.dk\" \/>\n<meta property=\"og:description\" content=\"Homebox serien er telte i topklasse!  hvid kvalitets mylar, der er den mest effektive bel\u00e6gning ved led belysning.  stof coated yderbel\u00e6gning der er ekstremt slidst\u00e6rkt. og fremst\u00e5r p\u00e6nere end de fleste andre telte p\u00e5 markedet.\" \/>\n<meta property=\"og:url\" content=\"https:\/\/superseeds.dk\/no\/produkt\/homebox-ambient-q80-80x80x180\/\" \/>\n<meta property=\"og:site_name\" content=\"Superseeds.dk\" \/>\n<meta property=\"article:modified_time\" content=\"2025-01-30T21:20:45+00:00\" \/>\n<meta property=\"og:image\" content=\"https:\/\/super-seeds.no\/wp-content\/uploads\/2025\/01\/HOMEbox-Ambient-Q80-\u2013-80X80X180.png\" \/>\n\t<meta property=\"og:image:width\" content=\"1080\" \/>\n\t<meta property=\"og:image:height\" content=\"1080\" \/>\n\t<meta property=\"og:image:type\" content=\"image\/png\" \/>\n<meta name=\"twitter:card\" content=\"summary_large_image\" \/>\n<meta name=\"twitter:label1\" content=\"Ansl. lesetid\" \/>\n\t<meta name=\"twitter:data1\" content=\"1 minutt\" \/>\n<script type=\"application\/ld+json\" class=\"yoast-schema-graph\">{\"@context\":\"https:\/\/schema.org\",\"@graph\":[{\"@type\":\"WebPage\",\"@id\":\"https:\/\/superseeds.dk\/vare\/homebox-ambient-q80-80x80x180\/\",\"url\":\"https:\/\/superseeds.dk\/vare\/homebox-ambient-q80-80x80x180\/\",\"name\":\"HOMEbox Ambient Q80+ - 80X80X180 - Superseeds.dk\",\"isPartOf\":{\"@id\":\"https:\/\/super-seeds.se\/#website\"},\"primaryImageOfPage\":{\"@id\":\"https:\/\/superseeds.dk\/vare\/homebox-ambient-q80-80x80x180\/#primaryimage\"},\"image\":{\"@id\":\"https:\/\/superseeds.dk\/vare\/homebox-ambient-q80-80x80x180\/#primaryimage\"},\"thumbnailUrl\":\"https:\/\/superseeds.dk\/wp-content\/uploads\/2025\/01\/HOMEbox-Ambient-Q80-\u2013-80X80X180.png\",\"datePublished\":\"2025-01-30T21:20:41+00:00\",\"dateModified\":\"2025-01-30T21:20:45+00:00\",\"breadcrumb\":{\"@id\":\"https:\/\/superseeds.dk\/vare\/homebox-ambient-q80-80x80x180\/#breadcrumb\"},\"inLanguage\":\"nb-NO\",\"potentialAction\":[{\"@type\":\"ReadAction\",\"target\":[\"https:\/\/superseeds.dk\/vare\/homebox-ambient-q80-80x80x180\/\"]}]},{\"@type\":\"ImageObject\",\"inLanguage\":\"nb-NO\",\"@id\":\"https:\/\/superseeds.dk\/vare\/homebox-ambient-q80-80x80x180\/#primaryimage\",\"url\":\"https:\/\/superseeds.dk\/wp-content\/uploads\/2025\/01\/HOMEbox-Ambient-Q80-\u2013-80X80X180.png\",\"contentUrl\":\"https:\/\/superseeds.dk\/wp-content\/uploads\/2025\/01\/HOMEbox-Ambient-Q80-\u2013-80X80X180.png\",\"width\":1080,\"height\":1080},{\"@type\":\"BreadcrumbList\",\"@id\":\"https:\/\/superseeds.dk\/vare\/homebox-ambient-q80-80x80x180\/#breadcrumb\",\"itemListElement\":[{\"@type\":\"ListItem\",\"position\":1,\"name\":\"Hjem\",\"item\":\"https:\/\/superseeds.dk\/\"},{\"@type\":\"ListItem\",\"position\":2,\"name\":\"Shop\",\"item\":\"https:\/\/superseeds.dk\/no\/butikk\/\"},{\"@type\":\"ListItem\",\"position\":3,\"name\":\"HOMEbox Ambient Q80+ &#8211; 80X80X180\"}]},{\"@type\":\"WebSite\",\"@id\":\"https:\/\/super-seeds.se\/#website\",\"url\":\"https:\/\/super-seeds.se\/\",\"name\":\"Superseeds.dk\",\"description\":\"\",\"publisher\":{\"@id\":\"https:\/\/super-seeds.se\/#organization\"},\"potentialAction\":[{\"@type\":\"SearchAction\",\"target\":{\"@type\":\"EntryPoint\",\"urlTemplate\":\"https:\/\/super-seeds.se\/?s={search_term_string}\"},\"query-input\":{\"@type\":\"PropertyValueSpecification\",\"valueRequired\":true,\"valueName\":\"search_term_string\"}}],\"inLanguage\":\"nb-NO\"},{\"@type\":\"Organization\",\"@id\":\"https:\/\/super-seeds.se\/#organization\",\"name\":\"Superseeds.dk\",\"url\":\"https:\/\/super-seeds.se\/\",\"logo\":{\"@type\":\"ImageObject\",\"inLanguage\":\"nb-NO\",\"@id\":\"https:\/\/super-seeds.se\/#\/schema\/logo\/image\/\",\"url\":\"https:\/\/superseeds.dk\/wp-content\/uploads\/2025\/09\/logo-superseeds.png\",\"contentUrl\":\"https:\/\/superseeds.dk\/wp-content\/uploads\/2025\/09\/logo-superseeds.png\",\"width\":180,\"height\":160,\"caption\":\"Superseeds.dk\"},\"image\":{\"@id\":\"https:\/\/super-seeds.se\/#\/schema\/logo\/image\/\"}}]}<\/script>\n<!-- \/ Yoast SEO plugin. -->","yoast_head_json":{"title":"HOMEbox Ambient Q80+ - 80X80X180 - Superseeds.dk","robots":{"index":"index","follow":"follow","max-snippet":"max-snippet:-1","max-image-preview":"max-image-preview:large","max-video-preview":"max-video-preview:-1"},"canonical":"https:\/\/superseeds.dk\/no\/produkt\/homebox-ambient-q80-80x80x180\/","og_locale":"nb_NO","og_type":"article","og_title":"HOMEbox Ambient Q80+ - 80X80X180 - Superseeds.dk","og_description":"Homebox serien er telte i topklasse!  hvid kvalitets mylar, der er den mest effektive bel\u00e6gning ved led belysning.  stof coated yderbel\u00e6gning der er ekstremt slidst\u00e6rkt. og fremst\u00e5r p\u00e6nere end de fleste andre telte p\u00e5 markedet.","og_url":"https:\/\/superseeds.dk\/no\/produkt\/homebox-ambient-q80-80x80x180\/","og_site_name":"Superseeds.dk","article_modified_time":"2025-01-30T21:20:45+00:00","og_image":[{"width":1080,"height":1080,"url":"https:\/\/super-seeds.no\/wp-content\/uploads\/2025\/01\/HOMEbox-Ambient-Q80-\u2013-80X80X180.png","type":"image\/png"}],"twitter_card":"summary_large_image","twitter_misc":{"Ansl. lesetid":"1 minutt"},"schema":{"@context":"https:\/\/schema.org","@graph":[{"@type":"WebPage","@id":"https:\/\/superseeds.dk\/vare\/homebox-ambient-q80-80x80x180\/","url":"https:\/\/superseeds.dk\/vare\/homebox-ambient-q80-80x80x180\/","name":"HOMEbox Ambient Q80+ - 80X80X180 - Superseeds.dk","isPartOf":{"@id":"https:\/\/super-seeds.se\/#website"},"primaryImageOfPage":{"@id":"https:\/\/superseeds.dk\/vare\/homebox-ambient-q80-80x80x180\/#primaryimage"},"image":{"@id":"https:\/\/superseeds.dk\/vare\/homebox-ambient-q80-80x80x180\/#primaryimage"},"thumbnailUrl":"https:\/\/superseeds.dk\/wp-content\/uploads\/2025\/01\/HOMEbox-Ambient-Q80-\u2013-80X80X180.png","datePublished":"2025-01-30T21:20:41+00:00","dateModified":"2025-01-30T21:20:45+00:00","breadcrumb":{"@id":"https:\/\/superseeds.dk\/vare\/homebox-ambient-q80-80x80x180\/#breadcrumb"},"inLanguage":"nb-NO","potentialAction":[{"@type":"ReadAction","target":["https:\/\/superseeds.dk\/vare\/homebox-ambient-q80-80x80x180\/"]}]},{"@type":"ImageObject","inLanguage":"nb-NO","@id":"https:\/\/superseeds.dk\/vare\/homebox-ambient-q80-80x80x180\/#primaryimage","url":"https:\/\/superseeds.dk\/wp-content\/uploads\/2025\/01\/HOMEbox-Ambient-Q80-\u2013-80X80X180.png","contentUrl":"https:\/\/superseeds.dk\/wp-content\/uploads\/2025\/01\/HOMEbox-Ambient-Q80-\u2013-80X80X180.png","width":1080,"height":1080},{"@type":"BreadcrumbList","@id":"https:\/\/superseeds.dk\/vare\/homebox-ambient-q80-80x80x180\/#breadcrumb","itemListElement":[{"@type":"ListItem","position":1,"name":"Hjem","item":"https:\/\/superseeds.dk\/"},{"@type":"ListItem","position":2,"name":"Shop","item":"https:\/\/superseeds.dk\/no\/butikk\/"},{"@type":"ListItem","position":3,"name":"HOMEbox Ambient Q80+ &#8211; 80X80X180"}]},{"@type":"WebSite","@id":"https:\/\/super-seeds.se\/#website","url":"https:\/\/super-seeds.se\/","name":"Superseeds.com","description":"","publisher":{"@id":"https:\/\/super-seeds.se\/#organization"},"potentialAction":[{"@type":"SearchAction","target":{"@type":"EntryPoint","urlTemplate":"https:\/\/super-seeds.se\/?s={search_term_string}"},"query-input":{"@type":"PropertyValueSpecification","valueRequired":true,"valueName":"search_term_string"}}],"inLanguage":"nb-NO"},{"@type":"Organization","@id":"https:\/\/super-seeds.se\/#organization","name":"Superseeds.com","url":"https:\/\/super-seeds.se\/","logo":{"@type":"ImageObject","inLanguage":"nb-NO","@id":"https:\/\/super-seeds.se\/#\/schema\/logo\/image\/","url":"https:\/\/superseeds.dk\/wp-content\/uploads\/2025\/09\/logo-superseeds.png","contentUrl":"https:\/\/superseeds.dk\/wp-content\/uploads\/2025\/09\/logo-superseeds.png","width":180,"height":160,"caption":"Superseeds.dk"},"image":{"@id":"https:\/\/super-seeds.se\/#\/schema\/logo\/image\/"}}]}},"df_price":1439,"df_sale_price":"","df_regular_price":1439,"df_image_link":"https:\/\/superseeds.dk\/wp-content\/uploads\/2025\/01\/HOMEbox-Ambient-Q80-\u2013-80X80X180-1024x1024.png","_links":{"self":[{"href":"https:\/\/superseeds.dk\/no\/wp-json\/wp\/v2\/product\/56090","targetHints":{"allow":["GET"]}}],"collection":[{"href":"https:\/\/superseeds.dk\/no\/wp-json\/wp\/v2\/product"}],"about":[{"href":"https:\/\/superseeds.dk\/no\/wp-json\/wp\/v2\/types\/product"}],"wp:featuredmedia":[{"embeddable":true,"href":"https:\/\/superseeds.dk\/no\/wp-json\/wp\/v2\/media\/56096"}],"wp:attachment":[{"href":"https:\/\/superseeds.dk\/no\/wp-json\/wp\/v2\/media?parent=56090"}],"wp:term":[{"taxonomy":"product_brand","embeddable":true,"href":"https:\/\/superseeds.dk\/no\/wp-json\/wp\/v2\/product_brand?post=56090"},{"taxonomy":"product_cat","embeddable":true,"href":"https:\/\/superseeds.dk\/no\/wp-json\/wp\/v2\/product_cat?post=56090"},{"taxonomy":"product_tag","embeddable":true,"href":"https:\/\/superseeds.dk\/no\/wp-json\/wp\/v2\/product_tag?post=56090"}],"curies":[{"name":"wp","href":"https:\/\/api.w.org\/{rel}","templated":true}]}}