{"id":55594,"date":"2025-01-30T22:16:41","date_gmt":"2025-01-30T21:16:41","guid":{"rendered":"https:\/\/superseeds.dk\/vare\/bluelab-guardian-ph-ec\/"},"modified":"2025-01-30T22:16:44","modified_gmt":"2025-01-30T21:16:44","slug":"bluelab-guardian-ph-ec","status":"publish","type":"product","link":"https:\/\/superseeds.dk\/no\/produkt\/bluelab-guardian-ph-ec\/","title":{"rendered":"Bluelab Guardian &#8211; PH\/EC"},"content":{"rendered":"<p><span class=\"tlid-translation translation\" lang=\"da\"><span title=\"\">Den enkleste og mest effektive reservoirmonitor, du nogensinde kunne dr\u00f8mme om at eje!<\/span><\/span><\/p>\n<p><span title=\"\">Bluelab Guardian Monitor giver 24 timers kontinuerlig afl\u00e6sning for pH, ledningsevne (EC \/ ppm 700 \/ TDS \/ CF) og temperatur i en n\u00e6ringsopl\u00f8sning.<\/span><\/p>\n<p><span class=\"\" title=\"\">Optimering af disse kritiske parametre gennem en plantes v\u00e6kstfase hj\u00e6lper med at sikre en vellykket h\u00f8st.<\/span><\/p>\n<p><span title=\"\">Guardian Monitor er designet til indend\u00f8rs brug og kan monteres p\u00e5 en v\u00e6g eller h\u00e6nges p\u00e5 en st\u00f8ttestang.<\/span> <span title=\"\">S\u00e6t dit reservoir op, anbring pH og ledningsevne i opl\u00f8sningen, juster derefter og se hvor nemt det kan v\u00e6re!<\/span><\/p>\n<p><span title=\"\">Indstil blot h\u00f8je og lave alarmtilstande &#8211; hvis n\u00e6ringsopl\u00f8sningen bev\u00e6ger sig v\u00e6k fra det ideelle omr\u00e5de, blinker displayet.<\/span> <span class=\"\" title=\"\">Et hurtigt kig p\u00e5 sk\u00e6rmen fort\u00e6ller dig, hvorn\u00e5r din n\u00e6ringsopl\u00f8sning skal justeres.<\/span><\/p>\n<p>&nbsp;<\/p>\n<p><span class=\"tlid-translation translation\" lang=\"da\"><span title=\"\">Funktioner<\/span><\/span><\/p>\n<p><span class=\"\" title=\"\">Plantesikker gr\u00f8nne LED&#8217;er<\/span><br \/>\n<span class=\"\" title=\"\">Store sk\u00e6rme, der er nemme at l\u00e6se<\/span><br \/>\n<span class=\"\" title=\"\">Ingen kalibrering kr\u00e6ves for ledningsevne og temperatur<\/span><br \/>\n<span class=\"\" title=\"\">Enkel trykknap pH-kalibrering<\/span><br \/>\n<span title=\"\">Valgbare v\u00e6rdier for konduktivitet og temperatur<\/span><br \/>\n<span title=\"\">Blinkende h\u00f8je og lave alarmer<\/span><br \/>\n<span class=\"\" title=\"\">St\u00f8rre tolerance over for RF \/ elektronisk interferens leveres<\/span><br \/>\n<span class=\"\" title=\"\">Vandafvisende design<\/span><br \/>\n<span title=\"\">International str\u00f8mforsyning inkluderet<\/span><br \/>\n<span class=\"\" title=\"\">Udskiftelig pH-sonde med dobbelt knudepunkt inkluderet<\/span><br \/>\n<span title=\"\">Justerbar lysstyrke<\/span> i sk\u00e6rmen<br \/>\n<span class=\"\" title=\"\">Ikke-flygtig hukommelse (indstilling bevares, n\u00e5r str\u00f8mmen g\u00e5r tabt)<\/span><\/p>\n<p>&nbsp;<\/p>\n<p>&nbsp;<\/p>","protected":false},"excerpt":{"rendered":"<p>Bluelab Guardian holder konstant \u00f8je med dit resovoir! produceret i h\u00f8j kvalitet, og gode egenskaber g\u00f8r denne til mange growers foretrukne!<\/p>","protected":false},"featured_media":55595,"template":"","meta":{"_acf_changed":false},"product_brand":[],"product_cat":[1815,1854,1840,1855],"product_tag":[],"class_list":{"0":"post-55594","1":"product","2":"type-product","3":"status-publish","4":"has-post-thumbnail","6":"product_cat-groudstyr","7":"product_cat-hydro","8":"product_cat-ph-ec-maalere","9":"product_cat-ph-ec-maalere-ph-ec-maalere","11":"first","12":"onbackorder","13":"taxable","14":"shipping-taxable","15":"purchasable","16":"product-type-simple"},"acf":[],"yoast_head":"<!-- This site is optimized with the Yoast SEO plugin v26.9 - https:\/\/yoast.com\/product\/yoast-seo-wordpress\/ -->\n<title>Bluelab Guardian - PH\/EC - Superseeds.dk<\/title>\n<meta name=\"robots\" content=\"index, follow, max-snippet:-1, max-image-preview:large, max-video-preview:-1\" \/>\n<link rel=\"canonical\" href=\"https:\/\/superseeds.dk\/no\/produkt\/bluelab-guardian-ph-ec\/\" \/>\n<meta property=\"og:locale\" content=\"nb_NO\" \/>\n<meta property=\"og:type\" content=\"article\" \/>\n<meta property=\"og:title\" content=\"Bluelab Guardian - PH\/EC - Superseeds.dk\" \/>\n<meta property=\"og:description\" content=\"Bluelab Guardian holder konstant \u00f8je med dit resovoir! produceret i h\u00f8j kvalitet, og gode egenskaber g\u00f8r denne til mange growers foretrukne!\" \/>\n<meta property=\"og:url\" content=\"https:\/\/superseeds.dk\/no\/produkt\/bluelab-guardian-ph-ec\/\" \/>\n<meta property=\"og:site_name\" content=\"Superseeds.dk\" \/>\n<meta property=\"article:modified_time\" content=\"2025-01-30T21:16:44+00:00\" \/>\n<meta property=\"og:image\" content=\"https:\/\/superseeds.dk\/wp-content\/uploads\/2025\/01\/Bluelab-Guardian-\u2013-PH_EC.png\" \/>\n\t<meta property=\"og:image:width\" content=\"1080\" \/>\n\t<meta property=\"og:image:height\" content=\"1080\" \/>\n\t<meta property=\"og:image:type\" content=\"image\/png\" \/>\n<meta name=\"twitter:card\" content=\"summary_large_image\" \/>\n<meta name=\"twitter:label1\" content=\"Ansl. lesetid\" \/>\n\t<meta name=\"twitter:data1\" content=\"1 minutt\" \/>\n<script type=\"application\/ld+json\" class=\"yoast-schema-graph\">{\"@context\":\"https:\/\/schema.org\",\"@graph\":[{\"@type\":\"WebPage\",\"@id\":\"https:\/\/superseeds.dk\/vare\/bluelab-guardian-ph-ec\/\",\"url\":\"https:\/\/superseeds.dk\/vare\/bluelab-guardian-ph-ec\/\",\"name\":\"Bluelab Guardian - PH\/EC - Superseeds.dk\",\"isPartOf\":{\"@id\":\"https:\/\/super-seeds.se\/#website\"},\"primaryImageOfPage\":{\"@id\":\"https:\/\/superseeds.dk\/vare\/bluelab-guardian-ph-ec\/#primaryimage\"},\"image\":{\"@id\":\"https:\/\/superseeds.dk\/vare\/bluelab-guardian-ph-ec\/#primaryimage\"},\"thumbnailUrl\":\"https:\/\/superseeds.dk\/wp-content\/uploads\/2025\/01\/Bluelab-Guardian-\u2013-PH_EC.png\",\"datePublished\":\"2025-01-30T21:16:41+00:00\",\"dateModified\":\"2025-01-30T21:16:44+00:00\",\"breadcrumb\":{\"@id\":\"https:\/\/superseeds.dk\/vare\/bluelab-guardian-ph-ec\/#breadcrumb\"},\"inLanguage\":\"nb-NO\",\"potentialAction\":[{\"@type\":\"ReadAction\",\"target\":[\"https:\/\/superseeds.dk\/vare\/bluelab-guardian-ph-ec\/\"]}]},{\"@type\":\"ImageObject\",\"inLanguage\":\"nb-NO\",\"@id\":\"https:\/\/superseeds.dk\/vare\/bluelab-guardian-ph-ec\/#primaryimage\",\"url\":\"https:\/\/superseeds.dk\/wp-content\/uploads\/2025\/01\/Bluelab-Guardian-\u2013-PH_EC.png\",\"contentUrl\":\"https:\/\/superseeds.dk\/wp-content\/uploads\/2025\/01\/Bluelab-Guardian-\u2013-PH_EC.png\",\"width\":1080,\"height\":1080},{\"@type\":\"BreadcrumbList\",\"@id\":\"https:\/\/superseeds.dk\/vare\/bluelab-guardian-ph-ec\/#breadcrumb\",\"itemListElement\":[{\"@type\":\"ListItem\",\"position\":1,\"name\":\"Hjem\",\"item\":\"https:\/\/superseeds.dk\/\"},{\"@type\":\"ListItem\",\"position\":2,\"name\":\"Shop\",\"item\":\"https:\/\/superseeds.dk\/no\/butikk\/\"},{\"@type\":\"ListItem\",\"position\":3,\"name\":\"Bluelab Guardian &#8211; PH\/EC\"}]},{\"@type\":\"WebSite\",\"@id\":\"https:\/\/super-seeds.se\/#website\",\"url\":\"https:\/\/super-seeds.se\/\",\"name\":\"Superseeds.dk\",\"description\":\"\",\"publisher\":{\"@id\":\"https:\/\/super-seeds.se\/#organization\"},\"potentialAction\":[{\"@type\":\"SearchAction\",\"target\":{\"@type\":\"EntryPoint\",\"urlTemplate\":\"https:\/\/super-seeds.se\/?s={search_term_string}\"},\"query-input\":{\"@type\":\"PropertyValueSpecification\",\"valueRequired\":true,\"valueName\":\"search_term_string\"}}],\"inLanguage\":\"nb-NO\"},{\"@type\":\"Organization\",\"@id\":\"https:\/\/super-seeds.se\/#organization\",\"name\":\"Superseeds.dk\",\"url\":\"https:\/\/super-seeds.se\/\",\"logo\":{\"@type\":\"ImageObject\",\"inLanguage\":\"nb-NO\",\"@id\":\"https:\/\/super-seeds.se\/#\/schema\/logo\/image\/\",\"url\":\"https:\/\/superseeds.dk\/wp-content\/uploads\/2025\/09\/logo-superseeds.png\",\"contentUrl\":\"https:\/\/superseeds.dk\/wp-content\/uploads\/2025\/09\/logo-superseeds.png\",\"width\":180,\"height\":160,\"caption\":\"Superseeds.dk\"},\"image\":{\"@id\":\"https:\/\/super-seeds.se\/#\/schema\/logo\/image\/\"}}]}<\/script>\n<!-- \/ Yoast SEO plugin. -->","yoast_head_json":{"title":"Bluelab Guardian - PH\/EC - Superseeds.dk","robots":{"index":"index","follow":"follow","max-snippet":"max-snippet:-1","max-image-preview":"max-image-preview:large","max-video-preview":"max-video-preview:-1"},"canonical":"https:\/\/superseeds.dk\/no\/produkt\/bluelab-guardian-ph-ec\/","og_locale":"nb_NO","og_type":"article","og_title":"Bluelab Guardian - PH\/EC - Superseeds.dk","og_description":"Bluelab Guardian holder konstant \u00f8je med dit resovoir! produceret i h\u00f8j kvalitet, og gode egenskaber g\u00f8r denne til mange growers foretrukne!","og_url":"https:\/\/superseeds.dk\/no\/produkt\/bluelab-guardian-ph-ec\/","og_site_name":"Superseeds.dk","article_modified_time":"2025-01-30T21:16:44+00:00","og_image":[{"width":1080,"height":1080,"url":"https:\/\/superseeds.dk\/wp-content\/uploads\/2025\/01\/Bluelab-Guardian-\u2013-PH_EC.png","type":"image\/png"}],"twitter_card":"summary_large_image","twitter_misc":{"Ansl. lesetid":"1 minutt"},"schema":{"@context":"https:\/\/schema.org","@graph":[{"@type":"WebPage","@id":"https:\/\/superseeds.dk\/vare\/bluelab-guardian-ph-ec\/","url":"https:\/\/superseeds.dk\/vare\/bluelab-guardian-ph-ec\/","name":"Bluelab Guardian - PH\/EC - Superseeds.dk","isPartOf":{"@id":"https:\/\/super-seeds.se\/#website"},"primaryImageOfPage":{"@id":"https:\/\/superseeds.dk\/vare\/bluelab-guardian-ph-ec\/#primaryimage"},"image":{"@id":"https:\/\/superseeds.dk\/vare\/bluelab-guardian-ph-ec\/#primaryimage"},"thumbnailUrl":"https:\/\/superseeds.dk\/wp-content\/uploads\/2025\/01\/Bluelab-Guardian-\u2013-PH_EC.png","datePublished":"2025-01-30T21:16:41+00:00","dateModified":"2025-01-30T21:16:44+00:00","breadcrumb":{"@id":"https:\/\/superseeds.dk\/vare\/bluelab-guardian-ph-ec\/#breadcrumb"},"inLanguage":"nb-NO","potentialAction":[{"@type":"ReadAction","target":["https:\/\/superseeds.dk\/vare\/bluelab-guardian-ph-ec\/"]}]},{"@type":"ImageObject","inLanguage":"nb-NO","@id":"https:\/\/superseeds.dk\/vare\/bluelab-guardian-ph-ec\/#primaryimage","url":"https:\/\/superseeds.dk\/wp-content\/uploads\/2025\/01\/Bluelab-Guardian-\u2013-PH_EC.png","contentUrl":"https:\/\/superseeds.dk\/wp-content\/uploads\/2025\/01\/Bluelab-Guardian-\u2013-PH_EC.png","width":1080,"height":1080},{"@type":"BreadcrumbList","@id":"https:\/\/superseeds.dk\/vare\/bluelab-guardian-ph-ec\/#breadcrumb","itemListElement":[{"@type":"ListItem","position":1,"name":"Hjem","item":"https:\/\/superseeds.dk\/"},{"@type":"ListItem","position":2,"name":"Shop","item":"https:\/\/superseeds.dk\/no\/butikk\/"},{"@type":"ListItem","position":3,"name":"Bluelab Guardian &#8211; PH\/EC"}]},{"@type":"WebSite","@id":"https:\/\/super-seeds.se\/#website","url":"https:\/\/super-seeds.se\/","name":"Superseeds.com","description":"","publisher":{"@id":"https:\/\/super-seeds.se\/#organization"},"potentialAction":[{"@type":"SearchAction","target":{"@type":"EntryPoint","urlTemplate":"https:\/\/super-seeds.se\/?s={search_term_string}"},"query-input":{"@type":"PropertyValueSpecification","valueRequired":true,"valueName":"search_term_string"}}],"inLanguage":"nb-NO"},{"@type":"Organization","@id":"https:\/\/super-seeds.se\/#organization","name":"Superseeds.com","url":"https:\/\/super-seeds.se\/","logo":{"@type":"ImageObject","inLanguage":"nb-NO","@id":"https:\/\/super-seeds.se\/#\/schema\/logo\/image\/","url":"https:\/\/superseeds.dk\/wp-content\/uploads\/2025\/09\/logo-superseeds.png","contentUrl":"https:\/\/superseeds.dk\/wp-content\/uploads\/2025\/09\/logo-superseeds.png","width":180,"height":160,"caption":"Superseeds.dk"},"image":{"@id":"https:\/\/super-seeds.se\/#\/schema\/logo\/image\/"}}]}},"df_price":2595,"df_sale_price":"","df_regular_price":2595,"df_image_link":"https:\/\/superseeds.dk\/wp-content\/uploads\/2025\/01\/Bluelab-Guardian-\u2013-PH_EC-1024x1024.png","_links":{"self":[{"href":"https:\/\/superseeds.dk\/no\/wp-json\/wp\/v2\/product\/55594","targetHints":{"allow":["GET"]}}],"collection":[{"href":"https:\/\/superseeds.dk\/no\/wp-json\/wp\/v2\/product"}],"about":[{"href":"https:\/\/superseeds.dk\/no\/wp-json\/wp\/v2\/types\/product"}],"wp:featuredmedia":[{"embeddable":true,"href":"https:\/\/superseeds.dk\/no\/wp-json\/wp\/v2\/media\/55595"}],"wp:attachment":[{"href":"https:\/\/superseeds.dk\/no\/wp-json\/wp\/v2\/media?parent=55594"}],"wp:term":[{"taxonomy":"product_brand","embeddable":true,"href":"https:\/\/superseeds.dk\/no\/wp-json\/wp\/v2\/product_brand?post=55594"},{"taxonomy":"product_cat","embeddable":true,"href":"https:\/\/superseeds.dk\/no\/wp-json\/wp\/v2\/product_cat?post=55594"},{"taxonomy":"product_tag","embeddable":true,"href":"https:\/\/superseeds.dk\/no\/wp-json\/wp\/v2\/product_tag?post=55594"}],"curies":[{"name":"wp","href":"https:\/\/api.w.org\/{rel}","templated":true}]}}