{"id":55482,"date":"2025-01-30T22:15:45","date_gmt":"2025-01-30T21:15:45","guid":{"rendered":"https:\/\/superseeds.dk\/vare\/phillips-master-green-son-t-pia-600w\/"},"modified":"2025-01-30T22:15:49","modified_gmt":"2025-01-30T21:15:49","slug":"phillips-master-green-son-t-pia-600w","status":"publish","type":"product","link":"https:\/\/superseeds.dk\/no\/produkt\/phillips-master-green-son-t-pia-600w\/","title":{"rendered":"Phillips master green son t-pia 600W"},"content":{"rendered":"<ul>\n<li>For\u00f8get lyseffekt: 90.000 lumen<\/li>\n<li>2000K<\/li>\n<li>142,4 Lm \/ W<\/li>\n<li>1100 umol \/ s<\/li>\n<li>kWh \/ 1000h &#8211; 680 kWh<\/li>\n<li>E40 keramisk stik<\/li>\n<li>230 V<\/li>\n<li>Dobbelt spektrum<\/li>\n<li>Kun til brug med en 600W ballast<\/li>\n<li>Foresl\u00e5et omr\u00e5de fra 100x100cm til 120x120cm<\/li>\n<li>\n<h1 class=\"productTitle hidden-xs hidden-sm\">Philips GreenPower<\/h1>\n<p>Philips GreenPower er en exceptional p\u00e6rer i yderst h\u00f8j kvalitet. Philips har altid v\u00e6ret et f\u00f8rende brand inden for lyskilder og er det stadig den dag i dag. De laver ubetinget nogle af verdens bedste lyskilder, i forhold til output og p\u00e6rens levetid. Denne kan kun anbefales.<\/p>\n<p>&nbsp;<\/p>\n<p><strong>Denne model f\u00e5s i to udgaver:<br \/>\n<\/strong><\/p>\n<ul>\n<li>Philips GreenPower 400w<\/li>\n<li>Philips GreenPower 600w<\/li>\n<\/ul>\n<div class=\"block\">\n<p>&nbsp;<\/p>\n<p><strong>Teknisk information:<\/strong><\/p>\n<ul>\n<li class=\"spec-col-left\">Kelvin 20<span class=\"spec-right\">00<\/span><\/li>\n<li class=\"spec-col-left\">Sokkel\u00a0<span class=\"spec-right\">E40<\/span><\/li>\n<li class=\"spec-col-left\">Energiklasse\u00a0<span class=\"spec-right\">A++<\/span><\/li>\n<li class=\"spec-col-left\">D\u00e6mpbar\u00a0<span class=\"spec-right\">Ja<\/span><\/li>\n<li class=\"spec-col-left\">Volt (v) 400<\/li>\n<li>Keramisk udladnings kolbe med Philips\u2019 integrerede antenne (PIA) for en lang og p\u00e5lidelig levetid<\/li>\n<li>H\u00f8j energibesparelse og p\u00e5lidelige levetid<\/li>\n<\/ul>\n<p>&nbsp;<\/p>\n<\/div>\n<p><strong>Philips GreenPower 400w:<\/strong><\/p>\n<ul>\n<li>Lysstr\u00f8m 58500 lm<\/li>\n<li>Lyseffekt 136 lm\/w<\/li>\n<\/ul>\n<div class=\"block\">\n<p><strong>Philips GreenPower 600w:<\/strong><\/p>\n<ul>\n<li>Lysstr\u00f8m 88000 lm<\/li>\n<li>Lyseffekt 142 lm\/w<\/li>\n<\/ul>\n<\/div>\n<\/li>\n<\/ul>","protected":false},"excerpt":{"rendered":"<p>master green er en abselut topkvalitets p\u00e6re.<\/p>\n<p>Denne Philips-p\u00e6re kan bruges til v\u00e6kst og blomstring.<\/p>\n<p>mest r\u00f8dt \/ gult spektrum, n\u00f8dvendigt til blomstringsstadiet,<\/p>\n<p>den har desuden ogs\u00e5 30% mere af det bl\u00e5 spektrum (til det vegetative stadie).<\/p>","protected":false},"featured_media":55485,"template":"","meta":{"_acf_changed":false},"product_brand":[],"product_cat":[1815,1944,1863,1892],"product_tag":[],"class_list":{"0":"post-55482","1":"product","2":"type-product","3":"status-publish","4":"has-post-thumbnail","6":"product_cat-groudstyr","7":"product_cat-hps-mh","8":"product_cat-lys","9":"product_cat-plantelys-hps-mh-cfl","10":"pa_watt-400w","11":"pa_watt-600w","13":"first","14":"onbackorder","15":"taxable","16":"shipping-taxable","17":"purchasable","18":"product-type-variable","19":"wvs-archive-product-wrapper"},"acf":[],"yoast_head":"<!-- This site is optimized with the Yoast SEO plugin v26.9 - https:\/\/yoast.com\/product\/yoast-seo-wordpress\/ -->\n<title>Phillips master green son t-pia 600W - Superseeds.dk<\/title>\n<meta name=\"robots\" content=\"index, follow, max-snippet:-1, max-image-preview:large, max-video-preview:-1\" \/>\n<link rel=\"canonical\" href=\"https:\/\/superseeds.dk\/no\/produkt\/phillips-master-green-son-t-pia-600w\/\" \/>\n<meta property=\"og:locale\" content=\"nb_NO\" \/>\n<meta property=\"og:type\" content=\"article\" \/>\n<meta property=\"og:title\" content=\"Phillips master green son t-pia 600W - Superseeds.dk\" \/>\n<meta property=\"og:description\" content=\"master green er en abselut topkvalitets p\u00e6re.  Denne Philips-p\u00e6re kan bruges til v\u00e6kst og blomstring.  mest r\u00f8dt \/ gult spektrum, n\u00f8dvendigt til blomstringsstadiet,  den har desuden ogs\u00e5 30% mere af det bl\u00e5 spektrum (til det vegetative stadie).\" \/>\n<meta property=\"og:url\" content=\"https:\/\/superseeds.dk\/no\/produkt\/phillips-master-green-son-t-pia-600w\/\" \/>\n<meta property=\"og:site_name\" content=\"Superseeds.dk\" \/>\n<meta property=\"article:modified_time\" content=\"2025-01-30T21:15:49+00:00\" \/>\n<meta property=\"og:image\" content=\"https:\/\/super-seeds.se\/wp-content\/uploads\/2025\/01\/Phillips-master-green-son-t-pia-600W.png\" \/>\n\t<meta property=\"og:image:width\" content=\"1080\" \/>\n\t<meta property=\"og:image:height\" content=\"1080\" \/>\n\t<meta property=\"og:image:type\" content=\"image\/png\" \/>\n<meta name=\"twitter:card\" content=\"summary_large_image\" \/>\n<meta name=\"twitter:label1\" content=\"Ansl. lesetid\" \/>\n\t<meta name=\"twitter:data1\" content=\"1 minutt\" \/>\n<script type=\"application\/ld+json\" class=\"yoast-schema-graph\">{\"@context\":\"https:\/\/schema.org\",\"@graph\":[{\"@type\":\"WebPage\",\"@id\":\"https:\/\/superseeds.dk\/vare\/phillips-master-green-son-t-pia-600w\/\",\"url\":\"https:\/\/superseeds.dk\/vare\/phillips-master-green-son-t-pia-600w\/\",\"name\":\"Phillips master green son t-pia 600W - Superseeds.dk\",\"isPartOf\":{\"@id\":\"https:\/\/super-seeds.se\/#website\"},\"primaryImageOfPage\":{\"@id\":\"https:\/\/superseeds.dk\/vare\/phillips-master-green-son-t-pia-600w\/#primaryimage\"},\"image\":{\"@id\":\"https:\/\/superseeds.dk\/vare\/phillips-master-green-son-t-pia-600w\/#primaryimage\"},\"thumbnailUrl\":\"https:\/\/superseeds.dk\/wp-content\/uploads\/2025\/01\/Phillips-master-green-son-t-pia-600W.png\",\"datePublished\":\"2025-01-30T21:15:45+00:00\",\"dateModified\":\"2025-01-30T21:15:49+00:00\",\"breadcrumb\":{\"@id\":\"https:\/\/superseeds.dk\/vare\/phillips-master-green-son-t-pia-600w\/#breadcrumb\"},\"inLanguage\":\"nb-NO\",\"potentialAction\":[{\"@type\":\"ReadAction\",\"target\":[\"https:\/\/superseeds.dk\/vare\/phillips-master-green-son-t-pia-600w\/\"]}]},{\"@type\":\"ImageObject\",\"inLanguage\":\"nb-NO\",\"@id\":\"https:\/\/superseeds.dk\/vare\/phillips-master-green-son-t-pia-600w\/#primaryimage\",\"url\":\"https:\/\/superseeds.dk\/wp-content\/uploads\/2025\/01\/Phillips-master-green-son-t-pia-600W.png\",\"contentUrl\":\"https:\/\/superseeds.dk\/wp-content\/uploads\/2025\/01\/Phillips-master-green-son-t-pia-600W.png\",\"width\":1080,\"height\":1080},{\"@type\":\"BreadcrumbList\",\"@id\":\"https:\/\/superseeds.dk\/vare\/phillips-master-green-son-t-pia-600w\/#breadcrumb\",\"itemListElement\":[{\"@type\":\"ListItem\",\"position\":1,\"name\":\"Hjem\",\"item\":\"https:\/\/superseeds.dk\/\"},{\"@type\":\"ListItem\",\"position\":2,\"name\":\"Shop\",\"item\":\"https:\/\/superseeds.dk\/no\/butikk\/\"},{\"@type\":\"ListItem\",\"position\":3,\"name\":\"Phillips master green son t-pia 600W\"}]},{\"@type\":\"WebSite\",\"@id\":\"https:\/\/super-seeds.se\/#website\",\"url\":\"https:\/\/super-seeds.se\/\",\"name\":\"Superseeds.dk\",\"description\":\"\",\"publisher\":{\"@id\":\"https:\/\/super-seeds.se\/#organization\"},\"potentialAction\":[{\"@type\":\"SearchAction\",\"target\":{\"@type\":\"EntryPoint\",\"urlTemplate\":\"https:\/\/super-seeds.se\/?s={search_term_string}\"},\"query-input\":{\"@type\":\"PropertyValueSpecification\",\"valueRequired\":true,\"valueName\":\"search_term_string\"}}],\"inLanguage\":\"nb-NO\"},{\"@type\":\"Organization\",\"@id\":\"https:\/\/super-seeds.se\/#organization\",\"name\":\"Superseeds.dk\",\"url\":\"https:\/\/super-seeds.se\/\",\"logo\":{\"@type\":\"ImageObject\",\"inLanguage\":\"nb-NO\",\"@id\":\"https:\/\/super-seeds.se\/#\/schema\/logo\/image\/\",\"url\":\"https:\/\/superseeds.dk\/wp-content\/uploads\/2025\/09\/logo-superseeds.png\",\"contentUrl\":\"https:\/\/superseeds.dk\/wp-content\/uploads\/2025\/09\/logo-superseeds.png\",\"width\":180,\"height\":160,\"caption\":\"Superseeds.dk\"},\"image\":{\"@id\":\"https:\/\/super-seeds.se\/#\/schema\/logo\/image\/\"}}]}<\/script>\n<!-- \/ Yoast SEO plugin. -->","yoast_head_json":{"title":"Phillips master green son t-pia 600W - Superseeds.dk","robots":{"index":"index","follow":"follow","max-snippet":"max-snippet:-1","max-image-preview":"max-image-preview:large","max-video-preview":"max-video-preview:-1"},"canonical":"https:\/\/superseeds.dk\/no\/produkt\/phillips-master-green-son-t-pia-600w\/","og_locale":"nb_NO","og_type":"article","og_title":"Phillips master green son t-pia 600W - Superseeds.dk","og_description":"master green er en abselut topkvalitets p\u00e6re.  Denne Philips-p\u00e6re kan bruges til v\u00e6kst og blomstring.  mest r\u00f8dt \/ gult spektrum, n\u00f8dvendigt til blomstringsstadiet,  den har desuden ogs\u00e5 30% mere af det bl\u00e5 spektrum (til det vegetative stadie).","og_url":"https:\/\/superseeds.dk\/no\/produkt\/phillips-master-green-son-t-pia-600w\/","og_site_name":"Superseeds.dk","article_modified_time":"2025-01-30T21:15:49+00:00","og_image":[{"width":1080,"height":1080,"url":"https:\/\/super-seeds.se\/wp-content\/uploads\/2025\/01\/Phillips-master-green-son-t-pia-600W.png","type":"image\/png"}],"twitter_card":"summary_large_image","twitter_misc":{"Ansl. lesetid":"1 minutt"},"schema":{"@context":"https:\/\/schema.org","@graph":[{"@type":"WebPage","@id":"https:\/\/superseeds.dk\/vare\/phillips-master-green-son-t-pia-600w\/","url":"https:\/\/superseeds.dk\/vare\/phillips-master-green-son-t-pia-600w\/","name":"Phillips master green son t-pia 600W - Superseeds.dk","isPartOf":{"@id":"https:\/\/super-seeds.se\/#website"},"primaryImageOfPage":{"@id":"https:\/\/superseeds.dk\/vare\/phillips-master-green-son-t-pia-600w\/#primaryimage"},"image":{"@id":"https:\/\/superseeds.dk\/vare\/phillips-master-green-son-t-pia-600w\/#primaryimage"},"thumbnailUrl":"https:\/\/superseeds.dk\/wp-content\/uploads\/2025\/01\/Phillips-master-green-son-t-pia-600W.png","datePublished":"2025-01-30T21:15:45+00:00","dateModified":"2025-01-30T21:15:49+00:00","breadcrumb":{"@id":"https:\/\/superseeds.dk\/vare\/phillips-master-green-son-t-pia-600w\/#breadcrumb"},"inLanguage":"nb-NO","potentialAction":[{"@type":"ReadAction","target":["https:\/\/superseeds.dk\/vare\/phillips-master-green-son-t-pia-600w\/"]}]},{"@type":"ImageObject","inLanguage":"nb-NO","@id":"https:\/\/superseeds.dk\/vare\/phillips-master-green-son-t-pia-600w\/#primaryimage","url":"https:\/\/superseeds.dk\/wp-content\/uploads\/2025\/01\/Phillips-master-green-son-t-pia-600W.png","contentUrl":"https:\/\/superseeds.dk\/wp-content\/uploads\/2025\/01\/Phillips-master-green-son-t-pia-600W.png","width":1080,"height":1080},{"@type":"BreadcrumbList","@id":"https:\/\/superseeds.dk\/vare\/phillips-master-green-son-t-pia-600w\/#breadcrumb","itemListElement":[{"@type":"ListItem","position":1,"name":"Hjem","item":"https:\/\/superseeds.dk\/"},{"@type":"ListItem","position":2,"name":"Shop","item":"https:\/\/superseeds.dk\/no\/butikk\/"},{"@type":"ListItem","position":3,"name":"Phillips master green son t-pia 600W"}]},{"@type":"WebSite","@id":"https:\/\/super-seeds.se\/#website","url":"https:\/\/super-seeds.se\/","name":"Superseeds.com","description":"","publisher":{"@id":"https:\/\/super-seeds.se\/#organization"},"potentialAction":[{"@type":"SearchAction","target":{"@type":"EntryPoint","urlTemplate":"https:\/\/super-seeds.se\/?s={search_term_string}"},"query-input":{"@type":"PropertyValueSpecification","valueRequired":true,"valueName":"search_term_string"}}],"inLanguage":"nb-NO"},{"@type":"Organization","@id":"https:\/\/super-seeds.se\/#organization","name":"Superseeds.com","url":"https:\/\/super-seeds.se\/","logo":{"@type":"ImageObject","inLanguage":"nb-NO","@id":"https:\/\/super-seeds.se\/#\/schema\/logo\/image\/","url":"https:\/\/superseeds.dk\/wp-content\/uploads\/2025\/09\/logo-superseeds.png","contentUrl":"https:\/\/superseeds.dk\/wp-content\/uploads\/2025\/09\/logo-superseeds.png","width":180,"height":160,"caption":"Superseeds.dk"},"image":{"@id":"https:\/\/super-seeds.se\/#\/schema\/logo\/image\/"}}]}},"df_price":319,"df_sale_price":"","df_regular_price":319,"df_image_link":"https:\/\/superseeds.dk\/wp-content\/uploads\/2025\/01\/Phillips-master-green-son-t-pia-600W-1024x1024.png","_links":{"self":[{"href":"https:\/\/superseeds.dk\/no\/wp-json\/wp\/v2\/product\/55482","targetHints":{"allow":["GET"]}}],"collection":[{"href":"https:\/\/superseeds.dk\/no\/wp-json\/wp\/v2\/product"}],"about":[{"href":"https:\/\/superseeds.dk\/no\/wp-json\/wp\/v2\/types\/product"}],"wp:featuredmedia":[{"embeddable":true,"href":"https:\/\/superseeds.dk\/no\/wp-json\/wp\/v2\/media\/55485"}],"wp:attachment":[{"href":"https:\/\/superseeds.dk\/no\/wp-json\/wp\/v2\/media?parent=55482"}],"wp:term":[{"taxonomy":"product_brand","embeddable":true,"href":"https:\/\/superseeds.dk\/no\/wp-json\/wp\/v2\/product_brand?post=55482"},{"taxonomy":"product_cat","embeddable":true,"href":"https:\/\/superseeds.dk\/no\/wp-json\/wp\/v2\/product_cat?post=55482"},{"taxonomy":"product_tag","embeddable":true,"href":"https:\/\/superseeds.dk\/no\/wp-json\/wp\/v2\/product_tag?post=55482"}],"curies":[{"name":"wp","href":"https:\/\/api.w.org\/{rel}","templated":true}]}}