{"id":55184,"date":"2025-01-30T22:11:59","date_gmt":"2025-01-30T21:11:59","guid":{"rendered":"https:\/\/superseeds.dk\/vare\/alien-rdwc-pro-18-pot-34l\/"},"modified":"2025-01-30T22:12:01","modified_gmt":"2025-01-30T21:12:01","slug":"alien-rdwc-pro-18-pot-34l","status":"publish","type":"product","link":"https:\/\/superseeds.dk\/no\/produkt\/alien-rdwc-pro-18-pot-34l\/","title":{"rendered":"Alien &#8211; RDWC Pro 18 pot 34L"},"content":{"rendered":"<div class=\"col\">\n<p>De vigtigste fordele<\/p>\n<ul>\n<li>H\u00f8jere produktivitet med f\u00e6rre planter<\/li>\n<li>Forh\u00f8jede v\u00e6kstrater<\/li>\n<li>Super iltet<\/li>\n<li>Reduceret veg tid<\/li>\n<li>Ensartet PH &amp; EC<\/li>\n<li>S\u00e6t stik i og vokse<\/li>\n<li>Minimalt medium<\/li>\n<li>Ubegr\u00e6nset str\u00f8mning<\/li>\n<\/ul>\n<\/div>\n<div class=\"col\">\n<p>N\u00f8glefunktioner<\/p>\n<ul>\n<li>4 tommer r\u00f8r &amp; fittings<\/li>\n<li>Bygget til dit vokseomr\u00e5de<\/li>\n<li>Jet-Stream luftpumper<\/li>\n<li>AIR \u2122 -ringe<\/li>\n<li>Inline ventil &amp; filter<\/li>\n<li>Chiller klar<\/li>\n<\/ul>\n<div class=\"col\">\n<p><strong>System specifikation:<\/strong><\/p>\n<p>Kan tilpasses til dit rum<\/p>\n<p>Standard fodaftryk:<\/p>\n<p>@ 50 cm centre = L: 3,5 m B: 1,4 m<br \/>\n@ 75 cm centre = L: 4,75 m B: 1,9 m<br \/>\n(uden tank)<\/p>\n<p>Systemvolumen: 475L<\/p>\n<p>CAMO\u00ae Tankvolumen: 280L<\/p>\n<p><strong>anbefalinger:\u00a0<\/strong><\/p>\n<p>Vandk\u00f8ler: 500L<\/p>\n<p>Vegtid: 1-2 uger<\/p>\n<\/div>\n<div class=\"col\">\n<p><strong>Vandpumpe:<\/strong><\/p>\n<p>Model: Hailea HX-8820<\/p>\n<p>Maksimal str\u00f8mning: 2400 l \/ t<\/p>\n<p>Stik st\u00f8rrelse: 19 mm<\/p>\n<p>Effekt: 35W<\/p>\n<p><strong>Luft pumpe:<\/strong><\/p>\n<p>Model: JET-150<\/p>\n<p>Qmax: 150 L \/ min<\/p>\n<p>Effekt: 125W<\/p>\n<\/div>\n<\/div>","protected":false},"excerpt":{"rendered":"<p>ALIEN\u00ae RDWC\u00a0 Vil\u00a0 optimere det maksimale v\u00e6kstpotentiale.\u00a0Den super oxygenerede n\u00e6ringsopl\u00f8sning recirkuleres konstant.\u00a0Vandpumpen skaber en str\u00f8m, der tr\u00e6kker opl\u00f8sningen gennem potterne og blander n\u00e6ringsstofferne.\u00a0Denne str\u00f8m leverer ogs\u00e5 de vitale n\u00e6ringsstoffer til r\u00f8dderne, optimerer rodsundheden og \u00f8ger n\u00e6ringsstofoptagelseseffektiviteten.\u00a0Det er vigtigt, at dine PH- og EC-niveauer\u00a0 holdes stabile p\u00e5 grund af den store m\u00e6ngde vand, der er indeholdt i systemet.<\/p>\n<p>Alien rdwc system kan sikre dig de bedste resultater du nogensinde vil opleve.<\/p>\n<p>aliens nye opdaterede og mere effektive systemer leveres alle med korrekt dimisioneret camo tank.<\/p>","protected":false},"featured_media":55186,"template":"","meta":{"_acf_changed":false},"product_brand":[],"product_cat":[1908,1815,1854,1920],"product_tag":[],"class_list":{"0":"post-55184","1":"product","2":"type-product","3":"status-publish","4":"has-post-thumbnail","6":"product_cat-alien-systemer","7":"product_cat-groudstyr","8":"product_cat-hydro","9":"product_cat-rdwc","11":"first","12":"instock","13":"taxable","14":"shipping-taxable","15":"purchasable","16":"product-type-simple"},"acf":[],"yoast_head":"<!-- This site is optimized with the Yoast SEO plugin v26.9 - https:\/\/yoast.com\/product\/yoast-seo-wordpress\/ -->\n<title>Alien - RDWC Pro 18 pot 34L - Superseeds.dk<\/title>\n<meta name=\"robots\" content=\"index, follow, max-snippet:-1, max-image-preview:large, max-video-preview:-1\" \/>\n<link rel=\"canonical\" href=\"https:\/\/superseeds.dk\/no\/produkt\/alien-rdwc-pro-18-pot-34l\/\" \/>\n<meta property=\"og:locale\" content=\"nb_NO\" \/>\n<meta property=\"og:type\" content=\"article\" \/>\n<meta property=\"og:title\" content=\"Alien - RDWC Pro 18 pot 34L - Superseeds.dk\" \/>\n<meta property=\"og:description\" content=\"ALIEN\u00ae RDWC\u00a0 Vil\u00a0 optimere det maksimale v\u00e6kstpotentiale.\u00a0Den super oxygenerede n\u00e6ringsopl\u00f8sning recirkuleres konstant.\u00a0Vandpumpen skaber en str\u00f8m, der tr\u00e6kker opl\u00f8sningen gennem potterne og blander n\u00e6ringsstofferne.\u00a0Denne str\u00f8m leverer ogs\u00e5 de vitale n\u00e6ringsstoffer til r\u00f8dderne, optimerer rodsundheden og \u00f8ger n\u00e6ringsstofoptagelseseffektiviteten.\u00a0Det er vigtigt, at dine PH- og EC-niveauer\u00a0 holdes stabile p\u00e5 grund af den store m\u00e6ngde vand, der er indeholdt i systemet.  Alien rdwc system kan sikre dig de bedste resultater du nogensinde vil opleve.  aliens nye opdaterede og mere effektive systemer leveres alle med korrekt dimisioneret camo tank.\" \/>\n<meta property=\"og:url\" content=\"https:\/\/superseeds.dk\/no\/produkt\/alien-rdwc-pro-18-pot-34l\/\" \/>\n<meta property=\"og:site_name\" content=\"Superseeds.dk\" \/>\n<meta property=\"article:modified_time\" content=\"2025-01-30T21:12:01+00:00\" \/>\n<meta property=\"og:image\" content=\"https:\/\/super-seeds.no\/wp-content\/uploads\/2025\/01\/Alien-\u2013-RDWC-Pro-18-pot-34L.png\" \/>\n\t<meta property=\"og:image:width\" content=\"1080\" \/>\n\t<meta property=\"og:image:height\" content=\"1080\" \/>\n\t<meta property=\"og:image:type\" content=\"image\/png\" \/>\n<meta name=\"twitter:card\" content=\"summary_large_image\" \/>\n<meta name=\"twitter:label1\" content=\"Ansl. lesetid\" \/>\n\t<meta name=\"twitter:data1\" content=\"1 minutt\" \/>\n<script type=\"application\/ld+json\" class=\"yoast-schema-graph\">{\"@context\":\"https:\/\/schema.org\",\"@graph\":[{\"@type\":\"WebPage\",\"@id\":\"https:\/\/superseeds.dk\/vare\/alien-rdwc-pro-18-pot-34l\/\",\"url\":\"https:\/\/superseeds.dk\/vare\/alien-rdwc-pro-18-pot-34l\/\",\"name\":\"Alien - RDWC Pro 18 pot 34L - Superseeds.dk\",\"isPartOf\":{\"@id\":\"https:\/\/super-seeds.se\/#website\"},\"primaryImageOfPage\":{\"@id\":\"https:\/\/superseeds.dk\/vare\/alien-rdwc-pro-18-pot-34l\/#primaryimage\"},\"image\":{\"@id\":\"https:\/\/superseeds.dk\/vare\/alien-rdwc-pro-18-pot-34l\/#primaryimage\"},\"thumbnailUrl\":\"https:\/\/superseeds.dk\/wp-content\/uploads\/2025\/01\/Alien-\u2013-RDWC-Pro-18-pot-34L.png\",\"datePublished\":\"2025-01-30T21:11:59+00:00\",\"dateModified\":\"2025-01-30T21:12:01+00:00\",\"breadcrumb\":{\"@id\":\"https:\/\/superseeds.dk\/vare\/alien-rdwc-pro-18-pot-34l\/#breadcrumb\"},\"inLanguage\":\"nb-NO\",\"potentialAction\":[{\"@type\":\"ReadAction\",\"target\":[\"https:\/\/superseeds.dk\/vare\/alien-rdwc-pro-18-pot-34l\/\"]}]},{\"@type\":\"ImageObject\",\"inLanguage\":\"nb-NO\",\"@id\":\"https:\/\/superseeds.dk\/vare\/alien-rdwc-pro-18-pot-34l\/#primaryimage\",\"url\":\"https:\/\/superseeds.dk\/wp-content\/uploads\/2025\/01\/Alien-\u2013-RDWC-Pro-18-pot-34L.png\",\"contentUrl\":\"https:\/\/superseeds.dk\/wp-content\/uploads\/2025\/01\/Alien-\u2013-RDWC-Pro-18-pot-34L.png\",\"width\":1080,\"height\":1080},{\"@type\":\"BreadcrumbList\",\"@id\":\"https:\/\/superseeds.dk\/vare\/alien-rdwc-pro-18-pot-34l\/#breadcrumb\",\"itemListElement\":[{\"@type\":\"ListItem\",\"position\":1,\"name\":\"Hjem\",\"item\":\"https:\/\/superseeds.dk\/\"},{\"@type\":\"ListItem\",\"position\":2,\"name\":\"Shop\",\"item\":\"https:\/\/superseeds.dk\/no\/butikk\/\"},{\"@type\":\"ListItem\",\"position\":3,\"name\":\"Alien &#8211; RDWC Pro 18 pot 34L\"}]},{\"@type\":\"WebSite\",\"@id\":\"https:\/\/super-seeds.se\/#website\",\"url\":\"https:\/\/super-seeds.se\/\",\"name\":\"Superseeds.dk\",\"description\":\"\",\"publisher\":{\"@id\":\"https:\/\/super-seeds.se\/#organization\"},\"potentialAction\":[{\"@type\":\"SearchAction\",\"target\":{\"@type\":\"EntryPoint\",\"urlTemplate\":\"https:\/\/super-seeds.se\/?s={search_term_string}\"},\"query-input\":{\"@type\":\"PropertyValueSpecification\",\"valueRequired\":true,\"valueName\":\"search_term_string\"}}],\"inLanguage\":\"nb-NO\"},{\"@type\":\"Organization\",\"@id\":\"https:\/\/super-seeds.se\/#organization\",\"name\":\"Superseeds.dk\",\"url\":\"https:\/\/super-seeds.se\/\",\"logo\":{\"@type\":\"ImageObject\",\"inLanguage\":\"nb-NO\",\"@id\":\"https:\/\/super-seeds.se\/#\/schema\/logo\/image\/\",\"url\":\"https:\/\/superseeds.dk\/wp-content\/uploads\/2025\/09\/logo-superseeds.png\",\"contentUrl\":\"https:\/\/superseeds.dk\/wp-content\/uploads\/2025\/09\/logo-superseeds.png\",\"width\":180,\"height\":160,\"caption\":\"Superseeds.dk\"},\"image\":{\"@id\":\"https:\/\/super-seeds.se\/#\/schema\/logo\/image\/\"}}]}<\/script>\n<!-- \/ Yoast SEO plugin. -->","yoast_head_json":{"title":"Alien - RDWC Pro 18 pot 34L - Superseeds.dk","robots":{"index":"index","follow":"follow","max-snippet":"max-snippet:-1","max-image-preview":"max-image-preview:large","max-video-preview":"max-video-preview:-1"},"canonical":"https:\/\/superseeds.dk\/no\/produkt\/alien-rdwc-pro-18-pot-34l\/","og_locale":"nb_NO","og_type":"article","og_title":"Alien - RDWC Pro 18 pot 34L - Superseeds.dk","og_description":"ALIEN\u00ae RDWC\u00a0 Vil\u00a0 optimere det maksimale v\u00e6kstpotentiale.\u00a0Den super oxygenerede n\u00e6ringsopl\u00f8sning recirkuleres konstant.\u00a0Vandpumpen skaber en str\u00f8m, der tr\u00e6kker opl\u00f8sningen gennem potterne og blander n\u00e6ringsstofferne.\u00a0Denne str\u00f8m leverer ogs\u00e5 de vitale n\u00e6ringsstoffer til r\u00f8dderne, optimerer rodsundheden og \u00f8ger n\u00e6ringsstofoptagelseseffektiviteten.\u00a0Det er vigtigt, at dine PH- og EC-niveauer\u00a0 holdes stabile p\u00e5 grund af den store m\u00e6ngde vand, der er indeholdt i systemet.  Alien rdwc system kan sikre dig de bedste resultater du nogensinde vil opleve.  aliens nye opdaterede og mere effektive systemer leveres alle med korrekt dimisioneret camo tank.","og_url":"https:\/\/superseeds.dk\/no\/produkt\/alien-rdwc-pro-18-pot-34l\/","og_site_name":"Superseeds.dk","article_modified_time":"2025-01-30T21:12:01+00:00","og_image":[{"width":1080,"height":1080,"url":"https:\/\/super-seeds.no\/wp-content\/uploads\/2025\/01\/Alien-\u2013-RDWC-Pro-18-pot-34L.png","type":"image\/png"}],"twitter_card":"summary_large_image","twitter_misc":{"Ansl. lesetid":"1 minutt"},"schema":{"@context":"https:\/\/schema.org","@graph":[{"@type":"WebPage","@id":"https:\/\/superseeds.dk\/vare\/alien-rdwc-pro-18-pot-34l\/","url":"https:\/\/superseeds.dk\/vare\/alien-rdwc-pro-18-pot-34l\/","name":"Alien - RDWC Pro 18 pot 34L - Superseeds.dk","isPartOf":{"@id":"https:\/\/super-seeds.se\/#website"},"primaryImageOfPage":{"@id":"https:\/\/superseeds.dk\/vare\/alien-rdwc-pro-18-pot-34l\/#primaryimage"},"image":{"@id":"https:\/\/superseeds.dk\/vare\/alien-rdwc-pro-18-pot-34l\/#primaryimage"},"thumbnailUrl":"https:\/\/superseeds.dk\/wp-content\/uploads\/2025\/01\/Alien-\u2013-RDWC-Pro-18-pot-34L.png","datePublished":"2025-01-30T21:11:59+00:00","dateModified":"2025-01-30T21:12:01+00:00","breadcrumb":{"@id":"https:\/\/superseeds.dk\/vare\/alien-rdwc-pro-18-pot-34l\/#breadcrumb"},"inLanguage":"nb-NO","potentialAction":[{"@type":"ReadAction","target":["https:\/\/superseeds.dk\/vare\/alien-rdwc-pro-18-pot-34l\/"]}]},{"@type":"ImageObject","inLanguage":"nb-NO","@id":"https:\/\/superseeds.dk\/vare\/alien-rdwc-pro-18-pot-34l\/#primaryimage","url":"https:\/\/superseeds.dk\/wp-content\/uploads\/2025\/01\/Alien-\u2013-RDWC-Pro-18-pot-34L.png","contentUrl":"https:\/\/superseeds.dk\/wp-content\/uploads\/2025\/01\/Alien-\u2013-RDWC-Pro-18-pot-34L.png","width":1080,"height":1080},{"@type":"BreadcrumbList","@id":"https:\/\/superseeds.dk\/vare\/alien-rdwc-pro-18-pot-34l\/#breadcrumb","itemListElement":[{"@type":"ListItem","position":1,"name":"Hjem","item":"https:\/\/superseeds.dk\/"},{"@type":"ListItem","position":2,"name":"Shop","item":"https:\/\/superseeds.dk\/no\/butikk\/"},{"@type":"ListItem","position":3,"name":"Alien &#8211; RDWC Pro 18 pot 34L"}]},{"@type":"WebSite","@id":"https:\/\/super-seeds.se\/#website","url":"https:\/\/super-seeds.se\/","name":"Superseeds.com","description":"","publisher":{"@id":"https:\/\/super-seeds.se\/#organization"},"potentialAction":[{"@type":"SearchAction","target":{"@type":"EntryPoint","urlTemplate":"https:\/\/super-seeds.se\/?s={search_term_string}"},"query-input":{"@type":"PropertyValueSpecification","valueRequired":true,"valueName":"search_term_string"}}],"inLanguage":"nb-NO"},{"@type":"Organization","@id":"https:\/\/super-seeds.se\/#organization","name":"Superseeds.com","url":"https:\/\/super-seeds.se\/","logo":{"@type":"ImageObject","inLanguage":"nb-NO","@id":"https:\/\/super-seeds.se\/#\/schema\/logo\/image\/","url":"https:\/\/superseeds.dk\/wp-content\/uploads\/2025\/09\/logo-superseeds.png","contentUrl":"https:\/\/superseeds.dk\/wp-content\/uploads\/2025\/09\/logo-superseeds.png","width":180,"height":160,"caption":"Superseeds.dk"},"image":{"@id":"https:\/\/super-seeds.se\/#\/schema\/logo\/image\/"}}]}},"df_price":21200,"df_sale_price":"","df_regular_price":21200,"df_image_link":"https:\/\/superseeds.dk\/wp-content\/uploads\/2025\/01\/Alien-\u2013-RDWC-Pro-18-pot-34L-1024x1024.png","_links":{"self":[{"href":"https:\/\/superseeds.dk\/no\/wp-json\/wp\/v2\/product\/55184","targetHints":{"allow":["GET"]}}],"collection":[{"href":"https:\/\/superseeds.dk\/no\/wp-json\/wp\/v2\/product"}],"about":[{"href":"https:\/\/superseeds.dk\/no\/wp-json\/wp\/v2\/types\/product"}],"wp:featuredmedia":[{"embeddable":true,"href":"https:\/\/superseeds.dk\/no\/wp-json\/wp\/v2\/media\/55186"}],"wp:attachment":[{"href":"https:\/\/superseeds.dk\/no\/wp-json\/wp\/v2\/media?parent=55184"}],"wp:term":[{"taxonomy":"product_brand","embeddable":true,"href":"https:\/\/superseeds.dk\/no\/wp-json\/wp\/v2\/product_brand?post=55184"},{"taxonomy":"product_cat","embeddable":true,"href":"https:\/\/superseeds.dk\/no\/wp-json\/wp\/v2\/product_cat?post=55184"},{"taxonomy":"product_tag","embeddable":true,"href":"https:\/\/superseeds.dk\/no\/wp-json\/wp\/v2\/product_tag?post=55184"}],"curies":[{"name":"wp","href":"https:\/\/api.w.org\/{rel}","templated":true}]}}