{"id":55075,"date":"2025-01-30T22:10:41","date_gmt":"2025-01-30T21:10:41","guid":{"rendered":"https:\/\/superseeds.dk\/vare\/super-spreader-adjust-a-wing\/"},"modified":"2025-01-30T22:10:42","modified_gmt":"2025-01-30T21:10:42","slug":"super-spreader-adjust-a-wing","status":"publish","type":"product","link":"https:\/\/superseeds.dk\/no\/produkt\/super-spreader-adjust-a-wing\/","title":{"rendered":"Super Spreader &#8211; Adjust A Wing"},"content":{"rendered":"<p>Den bedste lysspreder, der findes.\u00a0Ved at bruge det kan du opn\u00e5 en bedre og mere homogen fordeling af lyset, hvilket effektivt reflekterer overskuddet af lys fra det centrale punkt p\u00e5 p\u00e6ren og n\u00e5r de ekstreme kultiveringer.<\/p>\n<p>Super Spreader, tilf\u00f8jet til Reflector Adjust A Wing, sikrer mere effektiv og kan placeres i en afstand af 20-30 cm for at dyrke planter og producere utrolige niveauer af lys, hvilket \u00f8ger det d\u00e6kkede omr\u00e5de og dybden af \u200b\u200bpenetrering af Super Spreader og undg\u00e5r forbr\u00e6ndinger til \u00f8jne og ansigt.<\/p>\n<p>Super Spreader reducerer overskydende refleksion af lys og afk\u00f8ler de omr\u00e5der, hvor den akkumulerer de fleste julesider.\u00a0Disse funktioner giver landm\u00e6nd mulighed for at bringe flere lamper til planter og drage fordel af \u00f8get lysindtr\u00e6ngning, mens mangengono-produktionsomr\u00e5der er under den samme lampe.<\/p>\n<p>Super Spreader \u00f8ger udbyttet af enhver vandret HID-lampe.<br \/>\n&#8211; \u00d8g lamplampens amplitude;<br \/>\n&#8211; Fjern hot spots og kanter i skyggen af \u200b\u200bdyrkningen;<br \/>\n&#8211; Det f\u00f8lger en kraftig v\u00e6kst af planterne<br \/>\n&#8211; \u00d8g lysintensiteten uden at for\u00e5rsage forbr\u00e6ndinger;<br \/>\n&#8211; Giver dig mulighed for yderligere justering med lampen til planter;<br \/>\n&#8211; F\u00e5s i forskellige st\u00f8rrelser;<br \/>\n&#8211; Kan bruges med enhver lampe eller reflektor.<\/p>","protected":false},"excerpt":{"rendered":"<p>Super Spreader \u00f8ger udbyttet af enhver vandret HID-lampe.<br \/>\n&#8211; \u00d8g lamplampens amplitude;<br \/>\n&#8211; Fjern hot spots og kanter i skyggen af \u200b\u200bdyrkningen;<br \/>\n&#8211; Det f\u00f8lger en kraftig v\u00e6kst af planterne<br \/>\n&#8211; \u00d8g lysintensiteten uden at for\u00e5rsage forbr\u00e6ndinger;<br \/>\n&#8211; Giver dig mulighed for yderligere justering med lampen til planter;<br \/>\n&#8211; F\u00e5s i forskellige st\u00f8rrelser;<br \/>\n&#8211; Kan bruges med enhver lampe eller reflektor.<\/p>","protected":false},"featured_media":55076,"template":"","meta":{"_acf_changed":false},"product_brand":[],"product_cat":[1815,1863,1892,1893],"product_tag":[],"class_list":{"0":"post-55075","1":"product","2":"type-product","3":"status-publish","4":"has-post-thumbnail","6":"product_cat-groudstyr","7":"product_cat-lys","8":"product_cat-plantelys-hps-mh-cfl","9":"product_cat-reflektor","11":"first","12":"instock","13":"taxable","14":"shipping-taxable","15":"purchasable","16":"product-type-simple"},"acf":[],"yoast_head":"<!-- This site is optimized with the Yoast SEO plugin v26.9 - https:\/\/yoast.com\/product\/yoast-seo-wordpress\/ -->\n<title>Super Spreader - Adjust A Wing - Superseeds.dk<\/title>\n<meta name=\"robots\" content=\"index, follow, max-snippet:-1, max-image-preview:large, max-video-preview:-1\" \/>\n<link rel=\"canonical\" href=\"https:\/\/superseeds.dk\/no\/produkt\/super-spreader-adjust-a-wing\/\" \/>\n<meta property=\"og:locale\" content=\"nb_NO\" \/>\n<meta property=\"og:type\" content=\"article\" \/>\n<meta property=\"og:title\" content=\"Super Spreader - Adjust A Wing - Superseeds.dk\" \/>\n<meta property=\"og:description\" content=\"Super Spreader \u00f8ger udbyttet af enhver vandret HID-lampe. - \u00d8g lamplampens amplitude; - Fjern hot spots og kanter i skyggen af \u200b\u200bdyrkningen; - Det f\u00f8lger en kraftig v\u00e6kst af planterne - \u00d8g lysintensiteten uden at for\u00e5rsage forbr\u00e6ndinger; - Giver dig mulighed for yderligere justering med lampen til planter; - F\u00e5s i forskellige st\u00f8rrelser; - Kan bruges med enhver lampe eller reflektor.\" \/>\n<meta property=\"og:url\" content=\"https:\/\/superseeds.dk\/no\/produkt\/super-spreader-adjust-a-wing\/\" \/>\n<meta property=\"og:site_name\" content=\"Superseeds.dk\" \/>\n<meta property=\"article:modified_time\" content=\"2025-01-30T21:10:42+00:00\" \/>\n<meta property=\"og:image\" content=\"https:\/\/super-seeds.no\/wp-content\/uploads\/2025\/01\/Super-Spreader-\u2013-Adjust-A-Wing.png\" \/>\n\t<meta property=\"og:image:width\" content=\"1080\" \/>\n\t<meta property=\"og:image:height\" content=\"1080\" \/>\n\t<meta property=\"og:image:type\" content=\"image\/png\" \/>\n<meta name=\"twitter:card\" content=\"summary_large_image\" \/>\n<meta name=\"twitter:label1\" content=\"Ansl. lesetid\" \/>\n\t<meta name=\"twitter:data1\" content=\"1 minutt\" \/>\n<script type=\"application\/ld+json\" class=\"yoast-schema-graph\">{\"@context\":\"https:\/\/schema.org\",\"@graph\":[{\"@type\":\"WebPage\",\"@id\":\"https:\/\/superseeds.dk\/vare\/super-spreader-adjust-a-wing\/\",\"url\":\"https:\/\/superseeds.dk\/vare\/super-spreader-adjust-a-wing\/\",\"name\":\"Super Spreader - Adjust A Wing - Superseeds.dk\",\"isPartOf\":{\"@id\":\"https:\/\/super-seeds.se\/#website\"},\"primaryImageOfPage\":{\"@id\":\"https:\/\/superseeds.dk\/vare\/super-spreader-adjust-a-wing\/#primaryimage\"},\"image\":{\"@id\":\"https:\/\/superseeds.dk\/vare\/super-spreader-adjust-a-wing\/#primaryimage\"},\"thumbnailUrl\":\"https:\/\/superseeds.dk\/wp-content\/uploads\/2025\/01\/Super-Spreader-\u2013-Adjust-A-Wing.png\",\"datePublished\":\"2025-01-30T21:10:41+00:00\",\"dateModified\":\"2025-01-30T21:10:42+00:00\",\"breadcrumb\":{\"@id\":\"https:\/\/superseeds.dk\/vare\/super-spreader-adjust-a-wing\/#breadcrumb\"},\"inLanguage\":\"nb-NO\",\"potentialAction\":[{\"@type\":\"ReadAction\",\"target\":[\"https:\/\/superseeds.dk\/vare\/super-spreader-adjust-a-wing\/\"]}]},{\"@type\":\"ImageObject\",\"inLanguage\":\"nb-NO\",\"@id\":\"https:\/\/superseeds.dk\/vare\/super-spreader-adjust-a-wing\/#primaryimage\",\"url\":\"https:\/\/superseeds.dk\/wp-content\/uploads\/2025\/01\/Super-Spreader-\u2013-Adjust-A-Wing.png\",\"contentUrl\":\"https:\/\/superseeds.dk\/wp-content\/uploads\/2025\/01\/Super-Spreader-\u2013-Adjust-A-Wing.png\",\"width\":1080,\"height\":1080},{\"@type\":\"BreadcrumbList\",\"@id\":\"https:\/\/superseeds.dk\/vare\/super-spreader-adjust-a-wing\/#breadcrumb\",\"itemListElement\":[{\"@type\":\"ListItem\",\"position\":1,\"name\":\"Hjem\",\"item\":\"https:\/\/superseeds.dk\/\"},{\"@type\":\"ListItem\",\"position\":2,\"name\":\"Shop\",\"item\":\"https:\/\/superseeds.dk\/no\/butikk\/\"},{\"@type\":\"ListItem\",\"position\":3,\"name\":\"Super Spreader &#8211; Adjust A Wing\"}]},{\"@type\":\"WebSite\",\"@id\":\"https:\/\/super-seeds.se\/#website\",\"url\":\"https:\/\/super-seeds.se\/\",\"name\":\"Superseeds.dk\",\"description\":\"\",\"publisher\":{\"@id\":\"https:\/\/super-seeds.se\/#organization\"},\"potentialAction\":[{\"@type\":\"SearchAction\",\"target\":{\"@type\":\"EntryPoint\",\"urlTemplate\":\"https:\/\/super-seeds.se\/?s={search_term_string}\"},\"query-input\":{\"@type\":\"PropertyValueSpecification\",\"valueRequired\":true,\"valueName\":\"search_term_string\"}}],\"inLanguage\":\"nb-NO\"},{\"@type\":\"Organization\",\"@id\":\"https:\/\/super-seeds.se\/#organization\",\"name\":\"Superseeds.dk\",\"url\":\"https:\/\/super-seeds.se\/\",\"logo\":{\"@type\":\"ImageObject\",\"inLanguage\":\"nb-NO\",\"@id\":\"https:\/\/super-seeds.se\/#\/schema\/logo\/image\/\",\"url\":\"https:\/\/superseeds.dk\/wp-content\/uploads\/2025\/09\/logo-superseeds.png\",\"contentUrl\":\"https:\/\/superseeds.dk\/wp-content\/uploads\/2025\/09\/logo-superseeds.png\",\"width\":180,\"height\":160,\"caption\":\"Superseeds.dk\"},\"image\":{\"@id\":\"https:\/\/super-seeds.se\/#\/schema\/logo\/image\/\"}}]}<\/script>\n<!-- \/ Yoast SEO plugin. -->","yoast_head_json":{"title":"Super Spreader - Adjust A Wing - Superseeds.dk","robots":{"index":"index","follow":"follow","max-snippet":"max-snippet:-1","max-image-preview":"max-image-preview:large","max-video-preview":"max-video-preview:-1"},"canonical":"https:\/\/superseeds.dk\/no\/produkt\/super-spreader-adjust-a-wing\/","og_locale":"nb_NO","og_type":"article","og_title":"Super Spreader - Adjust A Wing - Superseeds.dk","og_description":"Super Spreader \u00f8ger udbyttet af enhver vandret HID-lampe. - \u00d8g lamplampens amplitude; - Fjern hot spots og kanter i skyggen af \u200b\u200bdyrkningen; - Det f\u00f8lger en kraftig v\u00e6kst af planterne - \u00d8g lysintensiteten uden at for\u00e5rsage forbr\u00e6ndinger; - Giver dig mulighed for yderligere justering med lampen til planter; - F\u00e5s i forskellige st\u00f8rrelser; - Kan bruges med enhver lampe eller reflektor.","og_url":"https:\/\/superseeds.dk\/no\/produkt\/super-spreader-adjust-a-wing\/","og_site_name":"Superseeds.dk","article_modified_time":"2025-01-30T21:10:42+00:00","og_image":[{"width":1080,"height":1080,"url":"https:\/\/super-seeds.no\/wp-content\/uploads\/2025\/01\/Super-Spreader-\u2013-Adjust-A-Wing.png","type":"image\/png"}],"twitter_card":"summary_large_image","twitter_misc":{"Ansl. lesetid":"1 minutt"},"schema":{"@context":"https:\/\/schema.org","@graph":[{"@type":"WebPage","@id":"https:\/\/superseeds.dk\/vare\/super-spreader-adjust-a-wing\/","url":"https:\/\/superseeds.dk\/vare\/super-spreader-adjust-a-wing\/","name":"Super Spreader - Adjust A Wing - Superseeds.dk","isPartOf":{"@id":"https:\/\/super-seeds.se\/#website"},"primaryImageOfPage":{"@id":"https:\/\/superseeds.dk\/vare\/super-spreader-adjust-a-wing\/#primaryimage"},"image":{"@id":"https:\/\/superseeds.dk\/vare\/super-spreader-adjust-a-wing\/#primaryimage"},"thumbnailUrl":"https:\/\/superseeds.dk\/wp-content\/uploads\/2025\/01\/Super-Spreader-\u2013-Adjust-A-Wing.png","datePublished":"2025-01-30T21:10:41+00:00","dateModified":"2025-01-30T21:10:42+00:00","breadcrumb":{"@id":"https:\/\/superseeds.dk\/vare\/super-spreader-adjust-a-wing\/#breadcrumb"},"inLanguage":"nb-NO","potentialAction":[{"@type":"ReadAction","target":["https:\/\/superseeds.dk\/vare\/super-spreader-adjust-a-wing\/"]}]},{"@type":"ImageObject","inLanguage":"nb-NO","@id":"https:\/\/superseeds.dk\/vare\/super-spreader-adjust-a-wing\/#primaryimage","url":"https:\/\/superseeds.dk\/wp-content\/uploads\/2025\/01\/Super-Spreader-\u2013-Adjust-A-Wing.png","contentUrl":"https:\/\/superseeds.dk\/wp-content\/uploads\/2025\/01\/Super-Spreader-\u2013-Adjust-A-Wing.png","width":1080,"height":1080},{"@type":"BreadcrumbList","@id":"https:\/\/superseeds.dk\/vare\/super-spreader-adjust-a-wing\/#breadcrumb","itemListElement":[{"@type":"ListItem","position":1,"name":"Hjem","item":"https:\/\/superseeds.dk\/"},{"@type":"ListItem","position":2,"name":"Shop","item":"https:\/\/superseeds.dk\/no\/butikk\/"},{"@type":"ListItem","position":3,"name":"Super Spreader &#8211; Adjust A Wing"}]},{"@type":"WebSite","@id":"https:\/\/super-seeds.se\/#website","url":"https:\/\/super-seeds.se\/","name":"Superseeds.com","description":"","publisher":{"@id":"https:\/\/super-seeds.se\/#organization"},"potentialAction":[{"@type":"SearchAction","target":{"@type":"EntryPoint","urlTemplate":"https:\/\/super-seeds.se\/?s={search_term_string}"},"query-input":{"@type":"PropertyValueSpecification","valueRequired":true,"valueName":"search_term_string"}}],"inLanguage":"nb-NO"},{"@type":"Organization","@id":"https:\/\/super-seeds.se\/#organization","name":"Superseeds.com","url":"https:\/\/super-seeds.se\/","logo":{"@type":"ImageObject","inLanguage":"nb-NO","@id":"https:\/\/super-seeds.se\/#\/schema\/logo\/image\/","url":"https:\/\/superseeds.dk\/wp-content\/uploads\/2025\/09\/logo-superseeds.png","contentUrl":"https:\/\/superseeds.dk\/wp-content\/uploads\/2025\/09\/logo-superseeds.png","width":180,"height":160,"caption":"Superseeds.dk"},"image":{"@id":"https:\/\/super-seeds.se\/#\/schema\/logo\/image\/"}}]}},"df_price":129,"df_sale_price":"","df_regular_price":129,"df_image_link":"https:\/\/superseeds.dk\/wp-content\/uploads\/2025\/01\/Super-Spreader-\u2013-Adjust-A-Wing-1024x1024.png","_links":{"self":[{"href":"https:\/\/superseeds.dk\/no\/wp-json\/wp\/v2\/product\/55075","targetHints":{"allow":["GET"]}}],"collection":[{"href":"https:\/\/superseeds.dk\/no\/wp-json\/wp\/v2\/product"}],"about":[{"href":"https:\/\/superseeds.dk\/no\/wp-json\/wp\/v2\/types\/product"}],"wp:featuredmedia":[{"embeddable":true,"href":"https:\/\/superseeds.dk\/no\/wp-json\/wp\/v2\/media\/55076"}],"wp:attachment":[{"href":"https:\/\/superseeds.dk\/no\/wp-json\/wp\/v2\/media?parent=55075"}],"wp:term":[{"taxonomy":"product_brand","embeddable":true,"href":"https:\/\/superseeds.dk\/no\/wp-json\/wp\/v2\/product_brand?post=55075"},{"taxonomy":"product_cat","embeddable":true,"href":"https:\/\/superseeds.dk\/no\/wp-json\/wp\/v2\/product_cat?post=55075"},{"taxonomy":"product_tag","embeddable":true,"href":"https:\/\/superseeds.dk\/no\/wp-json\/wp\/v2\/product_tag?post=55075"}],"curies":[{"name":"wp","href":"https:\/\/api.w.org\/{rel}","templated":true}]}}