{"id":54969,"date":"2025-01-30T22:09:01","date_gmt":"2025-01-30T21:09:01","guid":{"rendered":"https:\/\/superseeds.dk\/vare\/bluelab-ph-og-ec-kit\/"},"modified":"2025-05-02T10:48:13","modified_gmt":"2025-05-02T08:48:13","slug":"bluelab-ph-og-ec-kit","status":"publish","type":"product","link":"https:\/\/superseeds.dk\/no\/produkt\/bluelab-ph-og-ec-kit\/","title":{"rendered":"Bluelab ph og ec kit"},"content":{"rendered":"","protected":false},"excerpt":{"rendered":"<p>det professionelle ph og ec kit fra kendte bluelab. til en super pris har du alt hvad du skal bruge til en pr\u00e6cis m\u00e5ling af dit g\u00f8dnings vand.<\/p>\n<p>ph testeren med tuch kalibrering er utrolig nem og indstille. ec m\u00e5leren er helt kalibreringsfri og har et lys display der viser ec niveu med det samme. der er desuden hele 5 \u00e5rs garanti p\u00e5 produktet.\u00a0 der medf\u00f8lger ph kit med buffer opl\u00f8sning og rense produkter der beskytter dit m\u00e5leudstyr og sikre dig pr\u00e6cise m\u00e5linger nu og fremover<\/p>\n<p>Indhold<\/p>\n<ul>\n<li>bluelab ph tester<\/li>\n<li>bluelab ec tester<\/li>\n<li>buffer 4<\/li>\n<li>buffer 7<\/li>\n<li>opbevarings v\u00e6ske<\/li>\n<li>rense v\u00e6ske<\/li>\n<li>rense b\u00f8rste<\/li>\n<\/ul>","protected":false},"featured_media":63133,"template":"","meta":{"_acf_changed":false},"product_brand":[],"product_cat":[1815,1854,1840,1855],"product_tag":[],"class_list":{"0":"post-54969","1":"product","2":"type-product","3":"status-publish","4":"has-post-thumbnail","6":"product_cat-groudstyr","7":"product_cat-hydro","8":"product_cat-ph-ec-maalere","9":"product_cat-ph-ec-maalere-ph-ec-maalere","11":"first","12":"onbackorder","13":"taxable","14":"shipping-taxable","15":"purchasable","16":"product-type-simple"},"acf":[],"yoast_head":"<!-- This site is optimized with the Yoast SEO plugin v27.6 - https:\/\/yoast.com\/product\/yoast-seo-wordpress\/ -->\n<title>Bluelab ph og ec kit - Superseeds.dk<\/title>\n<meta name=\"robots\" content=\"index, follow, max-snippet:-1, max-image-preview:large, max-video-preview:-1\" \/>\n<link rel=\"canonical\" href=\"https:\/\/superseeds.dk\/no\/produkt\/bluelab-ph-og-ec-kit\/\" \/>\n<meta property=\"og:locale\" content=\"nb_NO\" \/>\n<meta property=\"og:type\" content=\"article\" \/>\n<meta property=\"og:title\" content=\"Bluelab ph og ec kit - Superseeds.dk\" \/>\n<meta property=\"og:description\" content=\"det professionelle ph og ec kit fra kendte bluelab. til en super pris har du alt hvad du skal bruge til en pr\u00e6cis m\u00e5ling af dit g\u00f8dnings vand.  ph testeren med tuch kalibrering er utrolig nem og indstille. ec m\u00e5leren er helt kalibreringsfri og har et lys display der viser ec niveu med det samme. der er desuden hele 5 \u00e5rs garanti p\u00e5 produktet.\u00a0 der medf\u00f8lger ph kit med buffer opl\u00f8sning og rense produkter der beskytter dit m\u00e5leudstyr og sikre dig pr\u00e6cise m\u00e5linger nu og fremover  Indhold   bluelab ph tester  bluelab ec tester  buffer 4  buffer 7  opbevarings v\u00e6ske  rense v\u00e6ske  rense b\u00f8rste\" \/>\n<meta property=\"og:url\" content=\"https:\/\/superseeds.dk\/no\/produkt\/bluelab-ph-og-ec-kit\/\" \/>\n<meta property=\"og:site_name\" content=\"Superseeds.dk\" \/>\n<meta property=\"article:modified_time\" content=\"2025-05-02T08:48:13+00:00\" \/>\n<meta property=\"og:image\" content=\"https:\/\/super-seeds.no\/wp-content\/uploads\/2025\/05\/Bluelab-ph-og-ec-kit.png\" \/>\n\t<meta property=\"og:image:width\" content=\"1080\" \/>\n\t<meta property=\"og:image:height\" content=\"1080\" \/>\n\t<meta property=\"og:image:type\" content=\"image\/png\" \/>\n<meta name=\"twitter:card\" content=\"summary_large_image\" \/>\n<script type=\"application\/ld+json\" class=\"yoast-schema-graph\">{\"@context\":\"https:\\\/\\\/schema.org\",\"@graph\":[{\"@type\":\"WebPage\",\"@id\":\"https:\\\/\\\/superseeds.dk\\\/vare\\\/bluelab-ph-og-ec-kit\\\/\",\"url\":\"https:\\\/\\\/superseeds.dk\\\/vare\\\/bluelab-ph-og-ec-kit\\\/\",\"name\":\"Bluelab ph og ec kit - Superseeds.dk\",\"isPartOf\":{\"@id\":\"https:\\\/\\\/super-seeds.se\\\/#website\"},\"primaryImageOfPage\":{\"@id\":\"https:\\\/\\\/superseeds.dk\\\/vare\\\/bluelab-ph-og-ec-kit\\\/#primaryimage\"},\"image\":{\"@id\":\"https:\\\/\\\/superseeds.dk\\\/vare\\\/bluelab-ph-og-ec-kit\\\/#primaryimage\"},\"thumbnailUrl\":\"https:\\\/\\\/superseeds.dk\\\/wp-content\\\/uploads\\\/2025\\\/05\\\/Bluelab-ph-og-ec-kit.png\",\"datePublished\":\"2025-01-30T21:09:01+00:00\",\"dateModified\":\"2025-05-02T08:48:13+00:00\",\"breadcrumb\":{\"@id\":\"https:\\\/\\\/superseeds.dk\\\/vare\\\/bluelab-ph-og-ec-kit\\\/#breadcrumb\"},\"inLanguage\":\"nb-NO\",\"potentialAction\":[{\"@type\":\"ReadAction\",\"target\":[\"https:\\\/\\\/superseeds.dk\\\/vare\\\/bluelab-ph-og-ec-kit\\\/\"]}]},{\"@type\":\"ImageObject\",\"inLanguage\":\"nb-NO\",\"@id\":\"https:\\\/\\\/superseeds.dk\\\/vare\\\/bluelab-ph-og-ec-kit\\\/#primaryimage\",\"url\":\"https:\\\/\\\/superseeds.dk\\\/wp-content\\\/uploads\\\/2025\\\/05\\\/Bluelab-ph-og-ec-kit.png\",\"contentUrl\":\"https:\\\/\\\/superseeds.dk\\\/wp-content\\\/uploads\\\/2025\\\/05\\\/Bluelab-ph-og-ec-kit.png\",\"width\":1080,\"height\":1080},{\"@type\":\"BreadcrumbList\",\"@id\":\"https:\\\/\\\/superseeds.dk\\\/vare\\\/bluelab-ph-og-ec-kit\\\/#breadcrumb\",\"itemListElement\":[{\"@type\":\"ListItem\",\"position\":1,\"name\":\"Hjem\",\"item\":\"https:\\\/\\\/superseeds.dk\\\/\"},{\"@type\":\"ListItem\",\"position\":2,\"name\":\"Shop\",\"item\":\"https:\\\/\\\/superseeds.dk\\\/no\\\/butikk\\\/\"},{\"@type\":\"ListItem\",\"position\":3,\"name\":\"Bluelab ph og ec kit\"}]},{\"@type\":\"WebSite\",\"@id\":\"https:\\\/\\\/super-seeds.se\\\/#website\",\"url\":\"https:\\\/\\\/super-seeds.se\\\/\",\"name\":\"Superseeds.dk\",\"description\":\"\",\"publisher\":{\"@id\":\"https:\\\/\\\/super-seeds.se\\\/#organization\"},\"potentialAction\":[{\"@type\":\"SearchAction\",\"target\":{\"@type\":\"EntryPoint\",\"urlTemplate\":\"https:\\\/\\\/super-seeds.se\\\/?s={search_term_string}\"},\"query-input\":{\"@type\":\"PropertyValueSpecification\",\"valueRequired\":true,\"valueName\":\"search_term_string\"}}],\"inLanguage\":\"nb-NO\"},{\"@type\":\"Organization\",\"@id\":\"https:\\\/\\\/super-seeds.se\\\/#organization\",\"name\":\"Superseeds.dk\",\"url\":\"https:\\\/\\\/super-seeds.se\\\/\",\"logo\":{\"@type\":\"ImageObject\",\"inLanguage\":\"nb-NO\",\"@id\":\"https:\\\/\\\/super-seeds.se\\\/#\\\/schema\\\/logo\\\/image\\\/\",\"url\":\"https:\\\/\\\/superseeds.dk\\\/wp-content\\\/uploads\\\/2025\\\/09\\\/logo-superseeds.png\",\"contentUrl\":\"https:\\\/\\\/superseeds.dk\\\/wp-content\\\/uploads\\\/2025\\\/09\\\/logo-superseeds.png\",\"width\":180,\"height\":160,\"caption\":\"Superseeds.dk\"},\"image\":{\"@id\":\"https:\\\/\\\/super-seeds.se\\\/#\\\/schema\\\/logo\\\/image\\\/\"}}]}<\/script>\n<!-- \/ Yoast SEO plugin. -->","yoast_head_json":{"title":"Bluelab ph og ec kit - Superseeds.dk","robots":{"index":"index","follow":"follow","max-snippet":"max-snippet:-1","max-image-preview":"max-image-preview:large","max-video-preview":"max-video-preview:-1"},"canonical":"https:\/\/superseeds.dk\/no\/produkt\/bluelab-ph-og-ec-kit\/","og_locale":"nb_NO","og_type":"article","og_title":"Bluelab ph og ec kit - Superseeds.dk","og_description":"det professionelle ph og ec kit fra kendte bluelab. til en super pris har du alt hvad du skal bruge til en pr\u00e6cis m\u00e5ling af dit g\u00f8dnings vand.  ph testeren med tuch kalibrering er utrolig nem og indstille. ec m\u00e5leren er helt kalibreringsfri og har et lys display der viser ec niveu med det samme. der er desuden hele 5 \u00e5rs garanti p\u00e5 produktet.\u00a0 der medf\u00f8lger ph kit med buffer opl\u00f8sning og rense produkter der beskytter dit m\u00e5leudstyr og sikre dig pr\u00e6cise m\u00e5linger nu og fremover  Indhold   bluelab ph tester  bluelab ec tester  buffer 4  buffer 7  opbevarings v\u00e6ske  rense v\u00e6ske  rense b\u00f8rste","og_url":"https:\/\/superseeds.dk\/no\/produkt\/bluelab-ph-og-ec-kit\/","og_site_name":"Superseeds.dk","article_modified_time":"2025-05-02T08:48:13+00:00","og_image":[{"width":1080,"height":1080,"url":"https:\/\/super-seeds.no\/wp-content\/uploads\/2025\/05\/Bluelab-ph-og-ec-kit.png","type":"image\/png"}],"twitter_card":"summary_large_image","schema":{"@context":"https:\/\/schema.org","@graph":[{"@type":"WebPage","@id":"https:\/\/superseeds.dk\/vare\/bluelab-ph-og-ec-kit\/","url":"https:\/\/superseeds.dk\/vare\/bluelab-ph-og-ec-kit\/","name":"Bluelab ph og ec kit - Superseeds.dk","isPartOf":{"@id":"https:\/\/super-seeds.se\/#website"},"primaryImageOfPage":{"@id":"https:\/\/superseeds.dk\/vare\/bluelab-ph-og-ec-kit\/#primaryimage"},"image":{"@id":"https:\/\/superseeds.dk\/vare\/bluelab-ph-og-ec-kit\/#primaryimage"},"thumbnailUrl":"https:\/\/superseeds.dk\/wp-content\/uploads\/2025\/05\/Bluelab-ph-og-ec-kit.png","datePublished":"2025-01-30T21:09:01+00:00","dateModified":"2025-05-02T08:48:13+00:00","breadcrumb":{"@id":"https:\/\/superseeds.dk\/vare\/bluelab-ph-og-ec-kit\/#breadcrumb"},"inLanguage":"nb-NO","potentialAction":[{"@type":"ReadAction","target":["https:\/\/superseeds.dk\/vare\/bluelab-ph-og-ec-kit\/"]}]},{"@type":"ImageObject","inLanguage":"nb-NO","@id":"https:\/\/superseeds.dk\/vare\/bluelab-ph-og-ec-kit\/#primaryimage","url":"https:\/\/superseeds.dk\/wp-content\/uploads\/2025\/05\/Bluelab-ph-og-ec-kit.png","contentUrl":"https:\/\/superseeds.dk\/wp-content\/uploads\/2025\/05\/Bluelab-ph-og-ec-kit.png","width":1080,"height":1080},{"@type":"BreadcrumbList","@id":"https:\/\/superseeds.dk\/vare\/bluelab-ph-og-ec-kit\/#breadcrumb","itemListElement":[{"@type":"ListItem","position":1,"name":"Hjem","item":"https:\/\/superseeds.dk\/"},{"@type":"ListItem","position":2,"name":"Shop","item":"https:\/\/superseeds.dk\/no\/butikk\/"},{"@type":"ListItem","position":3,"name":"Bluelab ph og ec kit"}]},{"@type":"WebSite","@id":"https:\/\/super-seeds.se\/#website","url":"https:\/\/super-seeds.se\/","name":"Superseeds.com","description":"","publisher":{"@id":"https:\/\/super-seeds.se\/#organization"},"potentialAction":[{"@type":"SearchAction","target":{"@type":"EntryPoint","urlTemplate":"https:\/\/super-seeds.se\/?s={search_term_string}"},"query-input":{"@type":"PropertyValueSpecification","valueRequired":true,"valueName":"search_term_string"}}],"inLanguage":"nb-NO"},{"@type":"Organization","@id":"https:\/\/super-seeds.se\/#organization","name":"Superseeds.com","url":"https:\/\/super-seeds.se\/","logo":{"@type":"ImageObject","inLanguage":"nb-NO","@id":"https:\/\/super-seeds.se\/#\/schema\/logo\/image\/","url":"https:\/\/superseeds.dk\/wp-content\/uploads\/2025\/09\/logo-superseeds.png","contentUrl":"https:\/\/superseeds.dk\/wp-content\/uploads\/2025\/09\/logo-superseeds.png","width":180,"height":160,"caption":"Superseeds.dk"},"image":{"@id":"https:\/\/super-seeds.se\/#\/schema\/logo\/image\/"}}]}},"df_price":1695,"df_sale_price":"","df_regular_price":1695,"df_image_link":"https:\/\/superseeds.dk\/wp-content\/uploads\/2025\/05\/Bluelab-ph-og-ec-kit-1024x1024.png","_links":{"self":[{"href":"https:\/\/superseeds.dk\/no\/wp-json\/wp\/v2\/product\/54969","targetHints":{"allow":["GET"]}}],"collection":[{"href":"https:\/\/superseeds.dk\/no\/wp-json\/wp\/v2\/product"}],"about":[{"href":"https:\/\/superseeds.dk\/no\/wp-json\/wp\/v2\/types\/product"}],"wp:featuredmedia":[{"embeddable":true,"href":"https:\/\/superseeds.dk\/no\/wp-json\/wp\/v2\/media\/63133"}],"wp:attachment":[{"href":"https:\/\/superseeds.dk\/no\/wp-json\/wp\/v2\/media?parent=54969"}],"wp:term":[{"taxonomy":"product_brand","embeddable":true,"href":"https:\/\/superseeds.dk\/no\/wp-json\/wp\/v2\/product_brand?post=54969"},{"taxonomy":"product_cat","embeddable":true,"href":"https:\/\/superseeds.dk\/no\/wp-json\/wp\/v2\/product_cat?post=54969"},{"taxonomy":"product_tag","embeddable":true,"href":"https:\/\/superseeds.dk\/no\/wp-json\/wp\/v2\/product_tag?post=54969"}],"curies":[{"name":"wp","href":"https:\/\/api.w.org\/{rel}","templated":true}]}}