{"id":54936,"date":"2025-01-30T22:08:29","date_gmt":"2025-01-30T21:08:29","guid":{"rendered":"https:\/\/superseeds.dk\/vare\/alien-rdwc-24-pot-36l\/"},"modified":"2026-04-14T11:18:40","modified_gmt":"2026-04-14T09:18:40","slug":"alien-rdwc-24-pot-36l","status":"publish","type":"product","link":"https:\/\/superseeds.dk\/no\/produkt\/alien-rdwc-24-pot-36l\/","title":{"rendered":"Alien &#8211; RDWC 24 Pot 36L"},"content":{"rendered":"<div class=\"col\">\n<p><strong>De vigtigste fordele<\/strong><\/p>\n<ul>\n<li>Super iltet<\/li>\n<li>Reduceret veg tid<\/li>\n<li>Ensartet PH &amp; EC<\/li>\n<li>S\u00e6t stik i og vokse<\/li>\n<li>Minimalt medium<\/li>\n<\/ul>\n<\/div>\n<div class=\"col\">\n<p><strong>N\u00f8glefunktioner<\/strong><\/p>\n<ul>\n<li>32 mm gevindbeslag<\/li>\n<li>Jet-Stream \u2122 luftpumpe<\/li>\n<li>Kraftige gryder<\/li>\n<li>Forh\u00f8jede flyselskaber<\/li>\n<li>Firkantede netpotter<\/li>\n<li>K\u00f8ler klar<\/li>\n<\/ul>\n<div class=\"col\">\n<p><strong>System specifikation:<\/strong><\/p>\n<p>Minimum fodaftryk:<br \/>\nL\u00e6ngde: 2,95 m Bredde: 1,8 m<br \/>\n(Gryder s\u00e5 t\u00e6t som muligt)<br \/>\n(uden tank)<\/p>\n<p>Maksimum fodaftryk:<br \/>\nL\u00e6ngde: 4,5 m Bredde: 2,7 m<br \/>\n(med medf\u00f8lgende\u00a0r\u00f8rm\u00e6ngde\u00a0)<br \/>\n(75 cm plantecentre)<\/p>\n<p>Systemvolumen: 625L<\/p>\n<p>CAMO\u00ae Tankvolumen: 280L<\/p>\n<p><strong>anbefalinger:\u00a0<\/strong><\/p>\n<p>Vandk\u00f8ler: 1000L<\/p>\n<p>Plantecentre: 60 cm<\/p>\n<p>Veg tid: 10-14 dage<\/p>\n<\/div>\n<div class=\"col\">\n<p><strong>Vandpumpe:<\/strong><\/p>\n<p>Model: Hailea HX-8825<\/p>\n<p>Maksimal str\u00f8mning: 2400 l \/ t<\/p>\n<p>Stikst\u00f8rrelse: 19 mm<\/p>\n<p>Effekt: 35W<\/p>\n<p><strong>Luft pumpe:<\/strong><\/p>\n<p>Model: JET-100<\/p>\n<p>Qmax: 100 L \/ min<\/p>\n<p>Effekt: 65W<\/p>\n<\/div>\n<\/div>","protected":false},"excerpt":{"rendered":"<p>ALIEN\u00ae RDWC\u00a0 Vil\u00a0 optimere det maksimale v\u00e6kstpotentiale.\u00a0Den super oxygenerede n\u00e6ringsopl\u00f8sning recirkuleres konstant.\u00a0Vandpumpen skaber en str\u00f8m, der tr\u00e6kker opl\u00f8sningen gennem potterne og blander n\u00e6ringsstofferne.\u00a0Denne str\u00f8m leverer ogs\u00e5 de vitale n\u00e6ringsstoffer til r\u00f8dderne, optimerer rodsundheden og \u00f8ger n\u00e6ringsstofoptagelseseffektiviteten.\u00a0Det er vigtigt, at dine PH- og EC-niveauer\u00a0 holdes stabile p\u00e5 grund af den store m\u00e6ngde vand, der er indeholdt i systemet.<\/p>\n<p>Alien rdwc system kan sikre dig de bedste resultater du nogensinde vil opleve.<\/p>\n<p>aliens nye opdaterede og mere effektive systemer leveres alle med korrekt dimisioneret camo tank.<\/p>","protected":false},"featured_media":71478,"template":"","meta":{"_acf_changed":false},"product_brand":[],"product_cat":[1921,1908,1815,1854,1920],"product_tag":[],"class_list":{"0":"post-54936","1":"product","2":"type-product","3":"status-publish","4":"has-post-thumbnail","6":"product_cat-36l-rdwc","7":"product_cat-alien-systemer","8":"product_cat-groudstyr","9":"product_cat-hydro","10":"product_cat-rdwc","12":"first","13":"instock","14":"taxable","15":"shipping-taxable","16":"purchasable","17":"product-type-simple"},"acf":[],"yoast_head":"<!-- This site is optimized with the Yoast SEO plugin v26.9 - https:\/\/yoast.com\/product\/yoast-seo-wordpress\/ -->\n<title>Alien - RDWC 24 Pot 36L - Superseeds.dk<\/title>\n<meta name=\"robots\" content=\"index, follow, max-snippet:-1, max-image-preview:large, max-video-preview:-1\" \/>\n<link rel=\"canonical\" href=\"https:\/\/superseeds.dk\/no\/produkt\/alien-rdwc-24-pot-36l\/\" \/>\n<meta property=\"og:locale\" content=\"nb_NO\" \/>\n<meta property=\"og:type\" content=\"article\" \/>\n<meta property=\"og:title\" content=\"Alien - RDWC 24 Pot 36L - Superseeds.dk\" \/>\n<meta property=\"og:description\" content=\"ALIEN\u00ae RDWC\u00a0 Vil\u00a0 optimere det maksimale v\u00e6kstpotentiale.\u00a0Den super oxygenerede n\u00e6ringsopl\u00f8sning recirkuleres konstant.\u00a0Vandpumpen skaber en str\u00f8m, der tr\u00e6kker opl\u00f8sningen gennem potterne og blander n\u00e6ringsstofferne.\u00a0Denne str\u00f8m leverer ogs\u00e5 de vitale n\u00e6ringsstoffer til r\u00f8dderne, optimerer rodsundheden og \u00f8ger n\u00e6ringsstofoptagelseseffektiviteten.\u00a0Det er vigtigt, at dine PH- og EC-niveauer\u00a0 holdes stabile p\u00e5 grund af den store m\u00e6ngde vand, der er indeholdt i systemet.  Alien rdwc system kan sikre dig de bedste resultater du nogensinde vil opleve.  aliens nye opdaterede og mere effektive systemer leveres alle med korrekt dimisioneret camo tank.\" \/>\n<meta property=\"og:url\" content=\"https:\/\/superseeds.dk\/no\/produkt\/alien-rdwc-24-pot-36l\/\" \/>\n<meta property=\"og:site_name\" content=\"Superseeds.dk\" \/>\n<meta property=\"article:modified_time\" content=\"2026-04-14T09:18:40+00:00\" \/>\n<meta property=\"og:image\" content=\"https:\/\/superseeds.dk\/wp-content\/uploads\/2025\/01\/Alien-\u2013-RDWC-24-Pot-36L.png\" \/>\n\t<meta property=\"og:image:width\" content=\"1080\" \/>\n\t<meta property=\"og:image:height\" content=\"1080\" \/>\n\t<meta property=\"og:image:type\" content=\"image\/png\" \/>\n<meta name=\"twitter:card\" content=\"summary_large_image\" \/>\n<meta name=\"twitter:label1\" content=\"Ansl. lesetid\" \/>\n\t<meta name=\"twitter:data1\" content=\"1 minutt\" \/>\n<script type=\"application\/ld+json\" class=\"yoast-schema-graph\">{\"@context\":\"https:\/\/schema.org\",\"@graph\":[{\"@type\":\"WebPage\",\"@id\":\"https:\/\/superseeds.dk\/vare\/alien-rdwc-24-pot-36l\/\",\"url\":\"https:\/\/superseeds.dk\/vare\/alien-rdwc-24-pot-36l\/\",\"name\":\"Alien - RDWC 24 Pot 36L - Superseeds.dk\",\"isPartOf\":{\"@id\":\"https:\/\/super-seeds.se\/#website\"},\"primaryImageOfPage\":{\"@id\":\"https:\/\/superseeds.dk\/vare\/alien-rdwc-24-pot-36l\/#primaryimage\"},\"image\":{\"@id\":\"https:\/\/superseeds.dk\/vare\/alien-rdwc-24-pot-36l\/#primaryimage\"},\"thumbnailUrl\":\"https:\/\/superseeds.dk\/wp-content\/uploads\/2026\/04\/Alien-\u2013-RDWC-24-Pot-36L.webp\",\"datePublished\":\"2025-01-30T21:08:29+00:00\",\"dateModified\":\"2026-04-14T09:18:40+00:00\",\"breadcrumb\":{\"@id\":\"https:\/\/superseeds.dk\/vare\/alien-rdwc-24-pot-36l\/#breadcrumb\"},\"inLanguage\":\"nb-NO\",\"potentialAction\":[{\"@type\":\"ReadAction\",\"target\":[\"https:\/\/superseeds.dk\/vare\/alien-rdwc-24-pot-36l\/\"]}]},{\"@type\":\"ImageObject\",\"inLanguage\":\"nb-NO\",\"@id\":\"https:\/\/superseeds.dk\/vare\/alien-rdwc-24-pot-36l\/#primaryimage\",\"url\":\"https:\/\/superseeds.dk\/wp-content\/uploads\/2026\/04\/Alien-\u2013-RDWC-24-Pot-36L.webp\",\"contentUrl\":\"https:\/\/superseeds.dk\/wp-content\/uploads\/2026\/04\/Alien-\u2013-RDWC-24-Pot-36L.webp\",\"width\":1080,\"height\":1080},{\"@type\":\"BreadcrumbList\",\"@id\":\"https:\/\/superseeds.dk\/vare\/alien-rdwc-24-pot-36l\/#breadcrumb\",\"itemListElement\":[{\"@type\":\"ListItem\",\"position\":1,\"name\":\"Hjem\",\"item\":\"https:\/\/superseeds.dk\/\"},{\"@type\":\"ListItem\",\"position\":2,\"name\":\"Shop\",\"item\":\"https:\/\/superseeds.dk\/no\/butikk\/\"},{\"@type\":\"ListItem\",\"position\":3,\"name\":\"Alien &#8211; RDWC 24 Pot 36L\"}]},{\"@type\":\"WebSite\",\"@id\":\"https:\/\/super-seeds.se\/#website\",\"url\":\"https:\/\/super-seeds.se\/\",\"name\":\"Superseeds.dk\",\"description\":\"\",\"publisher\":{\"@id\":\"https:\/\/super-seeds.se\/#organization\"},\"potentialAction\":[{\"@type\":\"SearchAction\",\"target\":{\"@type\":\"EntryPoint\",\"urlTemplate\":\"https:\/\/super-seeds.se\/?s={search_term_string}\"},\"query-input\":{\"@type\":\"PropertyValueSpecification\",\"valueRequired\":true,\"valueName\":\"search_term_string\"}}],\"inLanguage\":\"nb-NO\"},{\"@type\":\"Organization\",\"@id\":\"https:\/\/super-seeds.se\/#organization\",\"name\":\"Superseeds.dk\",\"url\":\"https:\/\/super-seeds.se\/\",\"logo\":{\"@type\":\"ImageObject\",\"inLanguage\":\"nb-NO\",\"@id\":\"https:\/\/super-seeds.se\/#\/schema\/logo\/image\/\",\"url\":\"https:\/\/superseeds.dk\/wp-content\/uploads\/2025\/09\/logo-superseeds.png\",\"contentUrl\":\"https:\/\/superseeds.dk\/wp-content\/uploads\/2025\/09\/logo-superseeds.png\",\"width\":180,\"height\":160,\"caption\":\"Superseeds.dk\"},\"image\":{\"@id\":\"https:\/\/super-seeds.se\/#\/schema\/logo\/image\/\"}}]}<\/script>\n<!-- \/ Yoast SEO plugin. -->","yoast_head_json":{"title":"Alien - RDWC 24 Pot 36L - Superseeds.dk","robots":{"index":"index","follow":"follow","max-snippet":"max-snippet:-1","max-image-preview":"max-image-preview:large","max-video-preview":"max-video-preview:-1"},"canonical":"https:\/\/superseeds.dk\/no\/produkt\/alien-rdwc-24-pot-36l\/","og_locale":"nb_NO","og_type":"article","og_title":"Alien - RDWC 24 Pot 36L - Superseeds.dk","og_description":"ALIEN\u00ae RDWC\u00a0 Vil\u00a0 optimere det maksimale v\u00e6kstpotentiale.\u00a0Den super oxygenerede n\u00e6ringsopl\u00f8sning recirkuleres konstant.\u00a0Vandpumpen skaber en str\u00f8m, der tr\u00e6kker opl\u00f8sningen gennem potterne og blander n\u00e6ringsstofferne.\u00a0Denne str\u00f8m leverer ogs\u00e5 de vitale n\u00e6ringsstoffer til r\u00f8dderne, optimerer rodsundheden og \u00f8ger n\u00e6ringsstofoptagelseseffektiviteten.\u00a0Det er vigtigt, at dine PH- og EC-niveauer\u00a0 holdes stabile p\u00e5 grund af den store m\u00e6ngde vand, der er indeholdt i systemet.  Alien rdwc system kan sikre dig de bedste resultater du nogensinde vil opleve.  aliens nye opdaterede og mere effektive systemer leveres alle med korrekt dimisioneret camo tank.","og_url":"https:\/\/superseeds.dk\/no\/produkt\/alien-rdwc-24-pot-36l\/","og_site_name":"Superseeds.dk","article_modified_time":"2026-04-14T09:18:40+00:00","og_image":[{"width":1080,"height":1080,"url":"https:\/\/superseeds.dk\/wp-content\/uploads\/2025\/01\/Alien-\u2013-RDWC-24-Pot-36L.png","type":"image\/png"}],"twitter_card":"summary_large_image","twitter_misc":{"Ansl. lesetid":"1 minutt"},"schema":{"@context":"https:\/\/schema.org","@graph":[{"@type":"WebPage","@id":"https:\/\/superseeds.dk\/vare\/alien-rdwc-24-pot-36l\/","url":"https:\/\/superseeds.dk\/vare\/alien-rdwc-24-pot-36l\/","name":"Alien - RDWC 24 Pot 36L - Superseeds.dk","isPartOf":{"@id":"https:\/\/super-seeds.se\/#website"},"primaryImageOfPage":{"@id":"https:\/\/superseeds.dk\/vare\/alien-rdwc-24-pot-36l\/#primaryimage"},"image":{"@id":"https:\/\/superseeds.dk\/vare\/alien-rdwc-24-pot-36l\/#primaryimage"},"thumbnailUrl":"https:\/\/superseeds.dk\/wp-content\/uploads\/2026\/04\/Alien-\u2013-RDWC-24-Pot-36L.webp","datePublished":"2025-01-30T21:08:29+00:00","dateModified":"2026-04-14T09:18:40+00:00","breadcrumb":{"@id":"https:\/\/superseeds.dk\/vare\/alien-rdwc-24-pot-36l\/#breadcrumb"},"inLanguage":"nb-NO","potentialAction":[{"@type":"ReadAction","target":["https:\/\/superseeds.dk\/vare\/alien-rdwc-24-pot-36l\/"]}]},{"@type":"ImageObject","inLanguage":"nb-NO","@id":"https:\/\/superseeds.dk\/vare\/alien-rdwc-24-pot-36l\/#primaryimage","url":"https:\/\/superseeds.dk\/wp-content\/uploads\/2026\/04\/Alien-\u2013-RDWC-24-Pot-36L.webp","contentUrl":"https:\/\/superseeds.dk\/wp-content\/uploads\/2026\/04\/Alien-\u2013-RDWC-24-Pot-36L.webp","width":1080,"height":1080},{"@type":"BreadcrumbList","@id":"https:\/\/superseeds.dk\/vare\/alien-rdwc-24-pot-36l\/#breadcrumb","itemListElement":[{"@type":"ListItem","position":1,"name":"Hjem","item":"https:\/\/superseeds.dk\/"},{"@type":"ListItem","position":2,"name":"Shop","item":"https:\/\/superseeds.dk\/no\/butikk\/"},{"@type":"ListItem","position":3,"name":"Alien &#8211; RDWC 24 Pot 36L"}]},{"@type":"WebSite","@id":"https:\/\/super-seeds.se\/#website","url":"https:\/\/super-seeds.se\/","name":"Superseeds.com","description":"","publisher":{"@id":"https:\/\/super-seeds.se\/#organization"},"potentialAction":[{"@type":"SearchAction","target":{"@type":"EntryPoint","urlTemplate":"https:\/\/super-seeds.se\/?s={search_term_string}"},"query-input":{"@type":"PropertyValueSpecification","valueRequired":true,"valueName":"search_term_string"}}],"inLanguage":"nb-NO"},{"@type":"Organization","@id":"https:\/\/super-seeds.se\/#organization","name":"Superseeds.com","url":"https:\/\/super-seeds.se\/","logo":{"@type":"ImageObject","inLanguage":"nb-NO","@id":"https:\/\/super-seeds.se\/#\/schema\/logo\/image\/","url":"https:\/\/superseeds.dk\/wp-content\/uploads\/2025\/09\/logo-superseeds.png","contentUrl":"https:\/\/superseeds.dk\/wp-content\/uploads\/2025\/09\/logo-superseeds.png","width":180,"height":160,"caption":"Superseeds.dk"},"image":{"@id":"https:\/\/super-seeds.se\/#\/schema\/logo\/image\/"}}]}},"df_price":21990,"df_sale_price":"","df_regular_price":21990,"df_image_link":"https:\/\/superseeds.dk\/wp-content\/uploads\/2026\/04\/Alien-\u2013-RDWC-24-Pot-36L-1024x1024.webp","_links":{"self":[{"href":"https:\/\/superseeds.dk\/no\/wp-json\/wp\/v2\/product\/54936","targetHints":{"allow":["GET"]}}],"collection":[{"href":"https:\/\/superseeds.dk\/no\/wp-json\/wp\/v2\/product"}],"about":[{"href":"https:\/\/superseeds.dk\/no\/wp-json\/wp\/v2\/types\/product"}],"wp:featuredmedia":[{"embeddable":true,"href":"https:\/\/superseeds.dk\/no\/wp-json\/wp\/v2\/media\/71478"}],"wp:attachment":[{"href":"https:\/\/superseeds.dk\/no\/wp-json\/wp\/v2\/media?parent=54936"}],"wp:term":[{"taxonomy":"product_brand","embeddable":true,"href":"https:\/\/superseeds.dk\/no\/wp-json\/wp\/v2\/product_brand?post=54936"},{"taxonomy":"product_cat","embeddable":true,"href":"https:\/\/superseeds.dk\/no\/wp-json\/wp\/v2\/product_cat?post=54936"},{"taxonomy":"product_tag","embeddable":true,"href":"https:\/\/superseeds.dk\/no\/wp-json\/wp\/v2\/product_tag?post=54936"}],"curies":[{"name":"wp","href":"https:\/\/api.w.org\/{rel}","templated":true}]}}