{"id":54833,"date":"2025-01-30T22:07:23","date_gmt":"2025-01-30T21:07:23","guid":{"rendered":"https:\/\/superseeds.dk\/vare\/big-plant-science-komplet-kit\/"},"modified":"2025-12-03T08:59:01","modified_gmt":"2025-12-03T07:59:01","slug":"big-plant-science-komplet-kit","status":"publish","type":"product","link":"https:\/\/superseeds.dk\/no\/produkt\/big-plant-science-komplet-kit\/","title":{"rendered":"Big Plant Science &#8211; Komplet Kit"},"content":{"rendered":"<p>Indhold<\/p>\n<ul>\n<li>bps grow<\/li>\n<li>bps bloom<\/li>\n<li>bps calcium<\/li>\n<li>bps roots<\/li>\n<li>bps sheild<\/li>\n<li>bps flower<\/li>\n<li>bps diamonds<\/li>\n<li>bps boost<\/li>\n<li>bps root explode<\/li>\n<li>0,5l ph down<\/li>\n<li>2x pipette<\/li>\n<li>1x ph test kit<\/li>\n<li>1x g\u00f8dningsplan<\/li>\n<\/ul>","protected":false},"excerpt":{"rendered":"<p>Big Plant Science g\u00f8dningen er danskproduceret og leverer gang p\u00e5 gang <strong>imponerende resultater<\/strong>.<\/p>\n<p>med den fulde bps g\u00f8dnings serie vil du opleve <strong>bedre udbytter og kvalitets produkter<\/strong>.<\/p>\n<p>dine planter vil takke dig for denne gode mineralske g\u00f8dning. vi har sammensat et kit hvor du for alt hvad du har brug for fra start til slut.<\/p>\n<p><strong>vi sender en g\u00f8dningplan<\/strong> med dit kit s\u00e5 du nemt kan komme igang.<\/p>\n<p><strong>Produktdetaljer:<\/strong><\/p>\n<ul>\n<li><strong>BIG GROW:<\/strong>\u00a0Fremmer sund v\u00e6kst i den vegetative fase.<\/li>\n<li><strong>BIG BLOOM:<\/strong>\u00a0Optimerer blomstringen med en h\u00f8j koncentration af essentielle n\u00e6ringsstoffer.<\/li>\n<li><strong>BIG CALCIUM:<\/strong>\u00a0Sikrer st\u00e6rke cellev\u00e6gge og strukturel integritet.<\/li>\n<li><strong>BIG ROOTS:<\/strong>\u00a0Styrker rodsystemet og \u00f8ger optagelsen af n\u00e6ringsstoffer.<\/li>\n<li><strong>BIG FLOWERS:<\/strong>\u00a0Forbedrer blomsterudvikling og \u00f8ger udbyttet.<\/li>\n<li><strong>BIG BOOST :\u00a0\u00a0<\/strong>Booster dine planter til et nye h\u00f8jder.<\/li>\n<li><strong>BIG DIAMONDS :\u00a0<\/strong>\u00d8ger produktionen af krystaller.<\/li>\n<li><strong>BIG SHIELD :<\/strong>\u00a0Dit naturlige forsvar, beskyt dine planter.<\/li>\n<\/ul>\n<p>&nbsp;<\/p>\n<p>&nbsp;<\/p>","protected":false},"featured_media":68362,"template":"","meta":{"_acf_changed":false},"product_brand":[],"product_cat":[1837,1916,1914,1815,1879,1836],"product_tag":[],"class_list":{"0":"post-54833","1":"product","2":"type-product","3":"status-publish","4":"has-post-thumbnail","6":"product_cat-big-plant-science","7":"product_cat-goednings-kit","8":"product_cat-goedningskit","9":"product_cat-groudstyr","10":"product_cat-pakkeloesning","11":"product_cat-plantegoedning","12":"pa_liter-1-l","13":"pa_liter-10-l","14":"pa_liter-25l","15":"pa_liter-5-l","17":"first","18":"onbackorder","19":"sale","20":"taxable","21":"shipping-taxable","22":"purchasable","23":"product-type-variable","24":"wvs-archive-product-wrapper"},"acf":[],"yoast_head":"<!-- This site is optimized with the Yoast SEO plugin v26.9 - https:\/\/yoast.com\/product\/yoast-seo-wordpress\/ -->\n<title>Big Plant Science - Komplet Kit - Superseeds.dk<\/title>\n<meta name=\"robots\" content=\"index, follow, max-snippet:-1, max-image-preview:large, max-video-preview:-1\" \/>\n<link rel=\"canonical\" href=\"https:\/\/superseeds.dk\/no\/produkt\/big-plant-science-komplet-kit\/\" \/>\n<meta property=\"og:locale\" content=\"nb_NO\" \/>\n<meta property=\"og:type\" content=\"article\" \/>\n<meta property=\"og:title\" content=\"Big Plant Science - Komplet Kit - Superseeds.dk\" \/>\n<meta property=\"og:description\" content=\"Big Plant Science g\u00f8dningen er danskproduceret og leverer gang p\u00e5 gang imponerende resultater.  med den fulde bps g\u00f8dnings serie vil du opleve bedre udbytter og kvalitets produkter.  dine planter vil takke dig for denne gode mineralske g\u00f8dning. vi har sammensat et kit hvor du for alt hvad du har brug for fra start til slut.  vi sender en g\u00f8dningplan med dit kit s\u00e5 du nemt kan komme igang.  Produktdetaljer:   BIG GROW:\u00a0Fremmer sund v\u00e6kst i den vegetative fase.  BIG BLOOM:\u00a0Optimerer blomstringen med en h\u00f8j koncentration af essentielle n\u00e6ringsstoffer.  BIG CALCIUM:\u00a0Sikrer st\u00e6rke cellev\u00e6gge og strukturel integritet.  BIG ROOTS:\u00a0Styrker rodsystemet og \u00f8ger optagelsen af n\u00e6ringsstoffer.  BIG FLOWERS:\u00a0Forbedrer blomsterudvikling og \u00f8ger udbyttet.  BIG BOOST :\u00a0\u00a0Booster dine planter til et nye h\u00f8jder.  BIG DIAMONDS :\u00a0\u00d8ger produktionen af krystaller.  BIG SHIELD :\u00a0Dit naturlige forsvar, beskyt dine planter.  &nbsp;  &nbsp;\" \/>\n<meta property=\"og:url\" content=\"https:\/\/superseeds.dk\/no\/produkt\/big-plant-science-komplet-kit\/\" \/>\n<meta property=\"og:site_name\" content=\"Superseeds.dk\" \/>\n<meta property=\"article:modified_time\" content=\"2025-12-03T07:59:01+00:00\" \/>\n<meta property=\"og:image\" content=\"https:\/\/superseeds.dk\/wp-content\/uploads\/2025\/03\/Komplet-Premium-Kit-\u2013-Big-Plant-Science-Komplet-.png\" \/>\n\t<meta property=\"og:image:width\" content=\"1080\" \/>\n\t<meta property=\"og:image:height\" content=\"1080\" \/>\n\t<meta property=\"og:image:type\" content=\"image\/png\" \/>\n<meta name=\"twitter:card\" content=\"summary_large_image\" \/>\n<script type=\"application\/ld+json\" class=\"yoast-schema-graph\">{\"@context\":\"https:\/\/schema.org\",\"@graph\":[{\"@type\":\"WebPage\",\"@id\":\"https:\/\/superseeds.dk\/vare\/big-plant-science-komplet-kit\/\",\"url\":\"https:\/\/superseeds.dk\/vare\/big-plant-science-komplet-kit\/\",\"name\":\"Big Plant Science - Komplet Kit - Superseeds.dk\",\"isPartOf\":{\"@id\":\"https:\/\/super-seeds.se\/#website\"},\"primaryImageOfPage\":{\"@id\":\"https:\/\/superseeds.dk\/vare\/big-plant-science-komplet-kit\/#primaryimage\"},\"image\":{\"@id\":\"https:\/\/superseeds.dk\/vare\/big-plant-science-komplet-kit\/#primaryimage\"},\"thumbnailUrl\":\"https:\/\/superseeds.dk\/wp-content\/uploads\/2025\/12\/Komplet-Premium-Kit-\u2013-Big-Plant-Science-Komplet-.webp\",\"datePublished\":\"2025-01-30T21:07:23+00:00\",\"dateModified\":\"2025-12-03T07:59:01+00:00\",\"breadcrumb\":{\"@id\":\"https:\/\/superseeds.dk\/vare\/big-plant-science-komplet-kit\/#breadcrumb\"},\"inLanguage\":\"nb-NO\",\"potentialAction\":[{\"@type\":\"ReadAction\",\"target\":[\"https:\/\/superseeds.dk\/vare\/big-plant-science-komplet-kit\/\"]}]},{\"@type\":\"ImageObject\",\"inLanguage\":\"nb-NO\",\"@id\":\"https:\/\/superseeds.dk\/vare\/big-plant-science-komplet-kit\/#primaryimage\",\"url\":\"https:\/\/superseeds.dk\/wp-content\/uploads\/2025\/12\/Komplet-Premium-Kit-\u2013-Big-Plant-Science-Komplet-.webp\",\"contentUrl\":\"https:\/\/superseeds.dk\/wp-content\/uploads\/2025\/12\/Komplet-Premium-Kit-\u2013-Big-Plant-Science-Komplet-.webp\",\"width\":1080,\"height\":1080},{\"@type\":\"BreadcrumbList\",\"@id\":\"https:\/\/superseeds.dk\/vare\/big-plant-science-komplet-kit\/#breadcrumb\",\"itemListElement\":[{\"@type\":\"ListItem\",\"position\":1,\"name\":\"Hjem\",\"item\":\"https:\/\/superseeds.dk\/\"},{\"@type\":\"ListItem\",\"position\":2,\"name\":\"Shop\",\"item\":\"https:\/\/superseeds.dk\/no\/butikk\/\"},{\"@type\":\"ListItem\",\"position\":3,\"name\":\"Big Plant Science &#8211; Komplet Kit\"}]},{\"@type\":\"WebSite\",\"@id\":\"https:\/\/super-seeds.se\/#website\",\"url\":\"https:\/\/super-seeds.se\/\",\"name\":\"Superseeds.dk\",\"description\":\"\",\"publisher\":{\"@id\":\"https:\/\/super-seeds.se\/#organization\"},\"potentialAction\":[{\"@type\":\"SearchAction\",\"target\":{\"@type\":\"EntryPoint\",\"urlTemplate\":\"https:\/\/super-seeds.se\/?s={search_term_string}\"},\"query-input\":{\"@type\":\"PropertyValueSpecification\",\"valueRequired\":true,\"valueName\":\"search_term_string\"}}],\"inLanguage\":\"nb-NO\"},{\"@type\":\"Organization\",\"@id\":\"https:\/\/super-seeds.se\/#organization\",\"name\":\"Superseeds.dk\",\"url\":\"https:\/\/super-seeds.se\/\",\"logo\":{\"@type\":\"ImageObject\",\"inLanguage\":\"nb-NO\",\"@id\":\"https:\/\/super-seeds.se\/#\/schema\/logo\/image\/\",\"url\":\"https:\/\/superseeds.dk\/wp-content\/uploads\/2025\/09\/logo-superseeds.png\",\"contentUrl\":\"https:\/\/superseeds.dk\/wp-content\/uploads\/2025\/09\/logo-superseeds.png\",\"width\":180,\"height\":160,\"caption\":\"Superseeds.dk\"},\"image\":{\"@id\":\"https:\/\/super-seeds.se\/#\/schema\/logo\/image\/\"}}]}<\/script>\n<!-- \/ Yoast SEO plugin. -->","yoast_head_json":{"title":"Big Plant Science - Komplet Kit - Superseeds.dk","robots":{"index":"index","follow":"follow","max-snippet":"max-snippet:-1","max-image-preview":"max-image-preview:large","max-video-preview":"max-video-preview:-1"},"canonical":"https:\/\/superseeds.dk\/no\/produkt\/big-plant-science-komplet-kit\/","og_locale":"nb_NO","og_type":"article","og_title":"Big Plant Science - Komplet Kit - Superseeds.dk","og_description":"Big Plant Science g\u00f8dningen er danskproduceret og leverer gang p\u00e5 gang imponerende resultater.  med den fulde bps g\u00f8dnings serie vil du opleve bedre udbytter og kvalitets produkter.  dine planter vil takke dig for denne gode mineralske g\u00f8dning. vi har sammensat et kit hvor du for alt hvad du har brug for fra start til slut.  vi sender en g\u00f8dningplan med dit kit s\u00e5 du nemt kan komme igang.  Produktdetaljer:   BIG GROW:\u00a0Fremmer sund v\u00e6kst i den vegetative fase.  BIG BLOOM:\u00a0Optimerer blomstringen med en h\u00f8j koncentration af essentielle n\u00e6ringsstoffer.  BIG CALCIUM:\u00a0Sikrer st\u00e6rke cellev\u00e6gge og strukturel integritet.  BIG ROOTS:\u00a0Styrker rodsystemet og \u00f8ger optagelsen af n\u00e6ringsstoffer.  BIG FLOWERS:\u00a0Forbedrer blomsterudvikling og \u00f8ger udbyttet.  BIG BOOST :\u00a0\u00a0Booster dine planter til et nye h\u00f8jder.  BIG DIAMONDS :\u00a0\u00d8ger produktionen af krystaller.  BIG SHIELD :\u00a0Dit naturlige forsvar, beskyt dine planter.  &nbsp;  &nbsp;","og_url":"https:\/\/superseeds.dk\/no\/produkt\/big-plant-science-komplet-kit\/","og_site_name":"Superseeds.dk","article_modified_time":"2025-12-03T07:59:01+00:00","og_image":[{"width":1080,"height":1080,"url":"https:\/\/superseeds.dk\/wp-content\/uploads\/2025\/03\/Komplet-Premium-Kit-\u2013-Big-Plant-Science-Komplet-.png","type":"image\/png"}],"twitter_card":"summary_large_image","schema":{"@context":"https:\/\/schema.org","@graph":[{"@type":"WebPage","@id":"https:\/\/superseeds.dk\/vare\/big-plant-science-komplet-kit\/","url":"https:\/\/superseeds.dk\/vare\/big-plant-science-komplet-kit\/","name":"Big Plant Science - Komplet Kit - Superseeds.dk","isPartOf":{"@id":"https:\/\/super-seeds.se\/#website"},"primaryImageOfPage":{"@id":"https:\/\/superseeds.dk\/vare\/big-plant-science-komplet-kit\/#primaryimage"},"image":{"@id":"https:\/\/superseeds.dk\/vare\/big-plant-science-komplet-kit\/#primaryimage"},"thumbnailUrl":"https:\/\/superseeds.dk\/wp-content\/uploads\/2025\/12\/Komplet-Premium-Kit-\u2013-Big-Plant-Science-Komplet-.webp","datePublished":"2025-01-30T21:07:23+00:00","dateModified":"2025-12-03T07:59:01+00:00","breadcrumb":{"@id":"https:\/\/superseeds.dk\/vare\/big-plant-science-komplet-kit\/#breadcrumb"},"inLanguage":"nb-NO","potentialAction":[{"@type":"ReadAction","target":["https:\/\/superseeds.dk\/vare\/big-plant-science-komplet-kit\/"]}]},{"@type":"ImageObject","inLanguage":"nb-NO","@id":"https:\/\/superseeds.dk\/vare\/big-plant-science-komplet-kit\/#primaryimage","url":"https:\/\/superseeds.dk\/wp-content\/uploads\/2025\/12\/Komplet-Premium-Kit-\u2013-Big-Plant-Science-Komplet-.webp","contentUrl":"https:\/\/superseeds.dk\/wp-content\/uploads\/2025\/12\/Komplet-Premium-Kit-\u2013-Big-Plant-Science-Komplet-.webp","width":1080,"height":1080},{"@type":"BreadcrumbList","@id":"https:\/\/superseeds.dk\/vare\/big-plant-science-komplet-kit\/#breadcrumb","itemListElement":[{"@type":"ListItem","position":1,"name":"Hjem","item":"https:\/\/superseeds.dk\/"},{"@type":"ListItem","position":2,"name":"Shop","item":"https:\/\/superseeds.dk\/no\/butikk\/"},{"@type":"ListItem","position":3,"name":"Big Plant Science &#8211; Komplet Kit"}]},{"@type":"WebSite","@id":"https:\/\/super-seeds.se\/#website","url":"https:\/\/super-seeds.se\/","name":"Superseeds.com","description":"","publisher":{"@id":"https:\/\/super-seeds.se\/#organization"},"potentialAction":[{"@type":"SearchAction","target":{"@type":"EntryPoint","urlTemplate":"https:\/\/super-seeds.se\/?s={search_term_string}"},"query-input":{"@type":"PropertyValueSpecification","valueRequired":true,"valueName":"search_term_string"}}],"inLanguage":"nb-NO"},{"@type":"Organization","@id":"https:\/\/super-seeds.se\/#organization","name":"Superseeds.com","url":"https:\/\/super-seeds.se\/","logo":{"@type":"ImageObject","inLanguage":"nb-NO","@id":"https:\/\/super-seeds.se\/#\/schema\/logo\/image\/","url":"https:\/\/superseeds.dk\/wp-content\/uploads\/2025\/09\/logo-superseeds.png","contentUrl":"https:\/\/superseeds.dk\/wp-content\/uploads\/2025\/09\/logo-superseeds.png","width":180,"height":160,"caption":"Superseeds.dk"},"image":{"@id":"https:\/\/super-seeds.se\/#\/schema\/logo\/image\/"}}]}},"df_price":1395,"df_sale_price":"","df_regular_price":1395,"df_image_link":"https:\/\/superseeds.dk\/wp-content\/uploads\/2025\/12\/Komplet-Premium-Kit-\u2013-Big-Plant-Science-Komplet--1024x1024.webp","_links":{"self":[{"href":"https:\/\/superseeds.dk\/no\/wp-json\/wp\/v2\/product\/54833","targetHints":{"allow":["GET"]}}],"collection":[{"href":"https:\/\/superseeds.dk\/no\/wp-json\/wp\/v2\/product"}],"about":[{"href":"https:\/\/superseeds.dk\/no\/wp-json\/wp\/v2\/types\/product"}],"wp:featuredmedia":[{"embeddable":true,"href":"https:\/\/superseeds.dk\/no\/wp-json\/wp\/v2\/media\/68362"}],"wp:attachment":[{"href":"https:\/\/superseeds.dk\/no\/wp-json\/wp\/v2\/media?parent=54833"}],"wp:term":[{"taxonomy":"product_brand","embeddable":true,"href":"https:\/\/superseeds.dk\/no\/wp-json\/wp\/v2\/product_brand?post=54833"},{"taxonomy":"product_cat","embeddable":true,"href":"https:\/\/superseeds.dk\/no\/wp-json\/wp\/v2\/product_cat?post=54833"},{"taxonomy":"product_tag","embeddable":true,"href":"https:\/\/superseeds.dk\/no\/wp-json\/wp\/v2\/product_tag?post=54833"}],"curies":[{"name":"wp","href":"https:\/\/api.w.org\/{rel}","templated":true}]}}