{"id":54589,"date":"2025-01-30T22:04:05","date_gmt":"2025-01-30T21:04:05","guid":{"rendered":"https:\/\/superseeds.dk\/vare\/secret-jardin-tled-42w-vaekst\/"},"modified":"2025-01-30T22:04:06","modified_gmt":"2025-01-30T21:04:06","slug":"secret-jardin-tled-42w-vaekst","status":"publish","type":"product","link":"https:\/\/superseeds.dk\/no\/produkt\/secret-jardin-tled-42w-vaekst\/","title":{"rendered":"Secret Jardin TLED &#8211; Blomstring"},"content":{"rendered":"<p>Det super smarte Secret Jardin TLED-belysningssystem. er det perfekte supplement til et nuv\u00e6rende system eller til dig som gerne vil overvintre nogle af dine planter, uden at det koster meget p\u00e5 din str\u00f8mregning.<br \/>\nTLED lyset kan fastg\u00f8res med plastikklips direkte p\u00e5 v\u00e6kstteltets sidest\u00e6nger som ekstra belysning, for at sikre en perfekt belysning af planterne i bunden og siden.<\/p>\n<p><strong>Hvordan du kan bruge din TLED<\/strong><br \/>\nDet er ligeledes muligt at montere LED-panelet p\u00e5 i loftst\u00e6ngerne eller i hj\u00f8rnerne af dit telt, med de tilh\u00f8rende monterings stykker.<br \/>\nLED-panelet kan ogs\u00e5 indstilles som overvinterbelysning til alle slags planter, der har brug for mere dagslys i vinterm\u00e5neden.<\/p>","protected":false},"excerpt":{"rendered":"<p>Mangler du lidt supplerende lys eller er dit behov ikke s\u00e5 stort?<br \/>\nS\u00e5 kan LED-panelet her v\u00e6re pr\u00e6cis det du har behov for.<\/p>\n<p>Model: TLED42UE65<br \/>\nV\u00e6gt: 0.58kg<br \/>\nLysspredning: 120\u00b0<br \/>\nStr\u00f8mforbrug: 26 &#8211; 42W<br \/>\nVolt: 110-220 V<br \/>\nKabell\u00e6ngde: 240cm<br \/>\nLevetid: 50.000 Timer<br \/>\nTab i effektivitet: 20% efter 30.000 Timer<\/p>\n<p>&nbsp;<\/p>","protected":false},"featured_media":54594,"template":"","meta":{"_acf_changed":false},"product_brand":[],"product_cat":[1815,1902,1863,1864,1901],"product_tag":[],"class_list":{"0":"post-54589","1":"product","2":"type-product","3":"status-publish","4":"has-post-thumbnail","6":"product_cat-groudstyr","7":"product_cat-led-bar","8":"product_cat-lys","9":"product_cat-plantelys-led","10":"product_cat-secret-jardin-led","11":"pa_watt-26watt","12":"pa_watt-42watt","14":"first","15":"onbackorder","16":"taxable","17":"shipping-taxable","18":"purchasable","19":"product-type-variable","20":"wvs-archive-product-wrapper"},"acf":[],"yoast_head":"<!-- This site is optimized with the Yoast SEO plugin v26.9 - https:\/\/yoast.com\/product\/yoast-seo-wordpress\/ -->\n<title>Secret Jardin TLED - Blomstring - Superseeds.dk<\/title>\n<meta name=\"robots\" content=\"index, follow, max-snippet:-1, max-image-preview:large, max-video-preview:-1\" \/>\n<link rel=\"canonical\" href=\"https:\/\/superseeds.dk\/no\/produkt\/secret-jardin-tled-42w-vaekst\/\" \/>\n<meta property=\"og:locale\" content=\"nb_NO\" \/>\n<meta property=\"og:type\" content=\"article\" \/>\n<meta property=\"og:title\" content=\"Secret Jardin TLED - Blomstring - Superseeds.dk\" \/>\n<meta property=\"og:description\" content=\"Mangler du lidt supplerende lys eller er dit behov ikke s\u00e5 stort? S\u00e5 kan LED-panelet her v\u00e6re pr\u00e6cis det du har behov for.  Model: TLED42UE65 V\u00e6gt: 0.58kg Lysspredning: 120\u00b0 Str\u00f8mforbrug: 26 - 42W Volt: 110-220 V Kabell\u00e6ngde: 240cm Levetid: 50.000 Timer Tab i effektivitet: 20% efter 30.000 Timer  &nbsp;\" \/>\n<meta property=\"og:url\" content=\"https:\/\/superseeds.dk\/no\/produkt\/secret-jardin-tled-42w-vaekst\/\" \/>\n<meta property=\"og:site_name\" content=\"Superseeds.dk\" \/>\n<meta property=\"article:modified_time\" content=\"2025-01-30T21:04:06+00:00\" \/>\n<meta property=\"og:image\" content=\"https:\/\/super-seeds.no\/wp-content\/uploads\/2025\/01\/TLED-SETUP-768x768-1.png\" \/>\n\t<meta property=\"og:image:width\" content=\"768\" \/>\n\t<meta property=\"og:image:height\" content=\"768\" \/>\n\t<meta property=\"og:image:type\" content=\"image\/png\" \/>\n<meta name=\"twitter:card\" content=\"summary_large_image\" \/>\n<meta name=\"twitter:label1\" content=\"Ansl. lesetid\" \/>\n\t<meta name=\"twitter:data1\" content=\"1 minutt\" \/>\n<script type=\"application\/ld+json\" class=\"yoast-schema-graph\">{\"@context\":\"https:\/\/schema.org\",\"@graph\":[{\"@type\":\"WebPage\",\"@id\":\"https:\/\/superseeds.dk\/vare\/secret-jardin-tled-42w-vaekst\/\",\"url\":\"https:\/\/superseeds.dk\/vare\/secret-jardin-tled-42w-vaekst\/\",\"name\":\"Secret Jardin TLED - Blomstring - Superseeds.dk\",\"isPartOf\":{\"@id\":\"https:\/\/super-seeds.se\/#website\"},\"primaryImageOfPage\":{\"@id\":\"https:\/\/superseeds.dk\/vare\/secret-jardin-tled-42w-vaekst\/#primaryimage\"},\"image\":{\"@id\":\"https:\/\/superseeds.dk\/vare\/secret-jardin-tled-42w-vaekst\/#primaryimage\"},\"thumbnailUrl\":\"https:\/\/superseeds.dk\/wp-content\/uploads\/2025\/01\/TLED-SETUP-768x768-1.png\",\"datePublished\":\"2025-01-30T21:04:05+00:00\",\"dateModified\":\"2025-01-30T21:04:06+00:00\",\"breadcrumb\":{\"@id\":\"https:\/\/superseeds.dk\/vare\/secret-jardin-tled-42w-vaekst\/#breadcrumb\"},\"inLanguage\":\"nb-NO\",\"potentialAction\":[{\"@type\":\"ReadAction\",\"target\":[\"https:\/\/superseeds.dk\/vare\/secret-jardin-tled-42w-vaekst\/\"]}]},{\"@type\":\"ImageObject\",\"inLanguage\":\"nb-NO\",\"@id\":\"https:\/\/superseeds.dk\/vare\/secret-jardin-tled-42w-vaekst\/#primaryimage\",\"url\":\"https:\/\/superseeds.dk\/wp-content\/uploads\/2025\/01\/TLED-SETUP-768x768-1.png\",\"contentUrl\":\"https:\/\/superseeds.dk\/wp-content\/uploads\/2025\/01\/TLED-SETUP-768x768-1.png\",\"width\":768,\"height\":768},{\"@type\":\"BreadcrumbList\",\"@id\":\"https:\/\/superseeds.dk\/vare\/secret-jardin-tled-42w-vaekst\/#breadcrumb\",\"itemListElement\":[{\"@type\":\"ListItem\",\"position\":1,\"name\":\"Hjem\",\"item\":\"https:\/\/superseeds.dk\/\"},{\"@type\":\"ListItem\",\"position\":2,\"name\":\"Shop\",\"item\":\"https:\/\/superseeds.dk\/no\/butikk\/\"},{\"@type\":\"ListItem\",\"position\":3,\"name\":\"Secret Jardin TLED &#8211; Blomstring\"}]},{\"@type\":\"WebSite\",\"@id\":\"https:\/\/super-seeds.se\/#website\",\"url\":\"https:\/\/super-seeds.se\/\",\"name\":\"Superseeds.dk\",\"description\":\"\",\"publisher\":{\"@id\":\"https:\/\/super-seeds.se\/#organization\"},\"potentialAction\":[{\"@type\":\"SearchAction\",\"target\":{\"@type\":\"EntryPoint\",\"urlTemplate\":\"https:\/\/super-seeds.se\/?s={search_term_string}\"},\"query-input\":{\"@type\":\"PropertyValueSpecification\",\"valueRequired\":true,\"valueName\":\"search_term_string\"}}],\"inLanguage\":\"nb-NO\"},{\"@type\":\"Organization\",\"@id\":\"https:\/\/super-seeds.se\/#organization\",\"name\":\"Superseeds.dk\",\"url\":\"https:\/\/super-seeds.se\/\",\"logo\":{\"@type\":\"ImageObject\",\"inLanguage\":\"nb-NO\",\"@id\":\"https:\/\/super-seeds.se\/#\/schema\/logo\/image\/\",\"url\":\"https:\/\/superseeds.dk\/wp-content\/uploads\/2025\/09\/logo-superseeds.png\",\"contentUrl\":\"https:\/\/superseeds.dk\/wp-content\/uploads\/2025\/09\/logo-superseeds.png\",\"width\":180,\"height\":160,\"caption\":\"Superseeds.dk\"},\"image\":{\"@id\":\"https:\/\/super-seeds.se\/#\/schema\/logo\/image\/\"}}]}<\/script>\n<!-- \/ Yoast SEO plugin. -->","yoast_head_json":{"title":"Secret Jardin TLED - Blomstring - Superseeds.dk","robots":{"index":"index","follow":"follow","max-snippet":"max-snippet:-1","max-image-preview":"max-image-preview:large","max-video-preview":"max-video-preview:-1"},"canonical":"https:\/\/superseeds.dk\/no\/produkt\/secret-jardin-tled-42w-vaekst\/","og_locale":"nb_NO","og_type":"article","og_title":"Secret Jardin TLED - Blomstring - Superseeds.dk","og_description":"Mangler du lidt supplerende lys eller er dit behov ikke s\u00e5 stort? S\u00e5 kan LED-panelet her v\u00e6re pr\u00e6cis det du har behov for.  Model: TLED42UE65 V\u00e6gt: 0.58kg Lysspredning: 120\u00b0 Str\u00f8mforbrug: 26 - 42W Volt: 110-220 V Kabell\u00e6ngde: 240cm Levetid: 50.000 Timer Tab i effektivitet: 20% efter 30.000 Timer  &nbsp;","og_url":"https:\/\/superseeds.dk\/no\/produkt\/secret-jardin-tled-42w-vaekst\/","og_site_name":"Superseeds.dk","article_modified_time":"2025-01-30T21:04:06+00:00","og_image":[{"width":768,"height":768,"url":"https:\/\/super-seeds.no\/wp-content\/uploads\/2025\/01\/TLED-SETUP-768x768-1.png","type":"image\/png"}],"twitter_card":"summary_large_image","twitter_misc":{"Ansl. lesetid":"1 minutt"},"schema":{"@context":"https:\/\/schema.org","@graph":[{"@type":"WebPage","@id":"https:\/\/superseeds.dk\/vare\/secret-jardin-tled-42w-vaekst\/","url":"https:\/\/superseeds.dk\/vare\/secret-jardin-tled-42w-vaekst\/","name":"Secret Jardin TLED - Blomstring - Superseeds.dk","isPartOf":{"@id":"https:\/\/super-seeds.se\/#website"},"primaryImageOfPage":{"@id":"https:\/\/superseeds.dk\/vare\/secret-jardin-tled-42w-vaekst\/#primaryimage"},"image":{"@id":"https:\/\/superseeds.dk\/vare\/secret-jardin-tled-42w-vaekst\/#primaryimage"},"thumbnailUrl":"https:\/\/superseeds.dk\/wp-content\/uploads\/2025\/01\/TLED-SETUP-768x768-1.png","datePublished":"2025-01-30T21:04:05+00:00","dateModified":"2025-01-30T21:04:06+00:00","breadcrumb":{"@id":"https:\/\/superseeds.dk\/vare\/secret-jardin-tled-42w-vaekst\/#breadcrumb"},"inLanguage":"nb-NO","potentialAction":[{"@type":"ReadAction","target":["https:\/\/superseeds.dk\/vare\/secret-jardin-tled-42w-vaekst\/"]}]},{"@type":"ImageObject","inLanguage":"nb-NO","@id":"https:\/\/superseeds.dk\/vare\/secret-jardin-tled-42w-vaekst\/#primaryimage","url":"https:\/\/superseeds.dk\/wp-content\/uploads\/2025\/01\/TLED-SETUP-768x768-1.png","contentUrl":"https:\/\/superseeds.dk\/wp-content\/uploads\/2025\/01\/TLED-SETUP-768x768-1.png","width":768,"height":768},{"@type":"BreadcrumbList","@id":"https:\/\/superseeds.dk\/vare\/secret-jardin-tled-42w-vaekst\/#breadcrumb","itemListElement":[{"@type":"ListItem","position":1,"name":"Hjem","item":"https:\/\/superseeds.dk\/"},{"@type":"ListItem","position":2,"name":"Shop","item":"https:\/\/superseeds.dk\/no\/butikk\/"},{"@type":"ListItem","position":3,"name":"Secret Jardin TLED &#8211; Blomstring"}]},{"@type":"WebSite","@id":"https:\/\/super-seeds.se\/#website","url":"https:\/\/super-seeds.se\/","name":"Superseeds.com","description":"","publisher":{"@id":"https:\/\/super-seeds.se\/#organization"},"potentialAction":[{"@type":"SearchAction","target":{"@type":"EntryPoint","urlTemplate":"https:\/\/super-seeds.se\/?s={search_term_string}"},"query-input":{"@type":"PropertyValueSpecification","valueRequired":true,"valueName":"search_term_string"}}],"inLanguage":"nb-NO"},{"@type":"Organization","@id":"https:\/\/super-seeds.se\/#organization","name":"Superseeds.com","url":"https:\/\/super-seeds.se\/","logo":{"@type":"ImageObject","inLanguage":"nb-NO","@id":"https:\/\/super-seeds.se\/#\/schema\/logo\/image\/","url":"https:\/\/superseeds.dk\/wp-content\/uploads\/2025\/09\/logo-superseeds.png","contentUrl":"https:\/\/superseeds.dk\/wp-content\/uploads\/2025\/09\/logo-superseeds.png","width":180,"height":160,"caption":"Superseeds.dk"},"image":{"@id":"https:\/\/super-seeds.se\/#\/schema\/logo\/image\/"}}]}},"df_price":495,"df_sale_price":"","df_regular_price":495,"df_image_link":"https:\/\/superseeds.dk\/wp-content\/uploads\/2025\/01\/TLED-SETUP-768x768-1.png","_links":{"self":[{"href":"https:\/\/superseeds.dk\/no\/wp-json\/wp\/v2\/product\/54589","targetHints":{"allow":["GET"]}}],"collection":[{"href":"https:\/\/superseeds.dk\/no\/wp-json\/wp\/v2\/product"}],"about":[{"href":"https:\/\/superseeds.dk\/no\/wp-json\/wp\/v2\/types\/product"}],"wp:featuredmedia":[{"embeddable":true,"href":"https:\/\/superseeds.dk\/no\/wp-json\/wp\/v2\/media\/54594"}],"wp:attachment":[{"href":"https:\/\/superseeds.dk\/no\/wp-json\/wp\/v2\/media?parent=54589"}],"wp:term":[{"taxonomy":"product_brand","embeddable":true,"href":"https:\/\/superseeds.dk\/no\/wp-json\/wp\/v2\/product_brand?post=54589"},{"taxonomy":"product_cat","embeddable":true,"href":"https:\/\/superseeds.dk\/no\/wp-json\/wp\/v2\/product_cat?post=54589"},{"taxonomy":"product_tag","embeddable":true,"href":"https:\/\/superseeds.dk\/no\/wp-json\/wp\/v2\/product_tag?post=54589"}],"curies":[{"name":"wp","href":"https:\/\/api.w.org\/{rel}","templated":true}]}}