{"id":54577,"date":"2025-01-30T22:03:54","date_gmt":"2025-01-30T21:03:54","guid":{"rendered":"https:\/\/superseeds.dk\/vare\/stiklinge-telt-dark-propagator-120x60x90\/"},"modified":"2025-01-30T22:03:58","modified_gmt":"2025-01-30T21:03:58","slug":"stiklinge-telt-dark-propagator-120x60x90","status":"publish","type":"product","link":"https:\/\/superseeds.dk\/no\/produkt\/stiklinge-telt-dark-propagator-120x60x90\/","title":{"rendered":"Stiklinge Telt &#8211; Dark Propagator 120x60x190"},"content":{"rendered":"<h3>Secret Jardin DP120:<\/h3>\n<p>Vertikal dyrkning sikre dig, at du udnytter din plads mere optimalt, og derved kan starte mange flere planter op.<br \/>\nHylderne er st\u00e6rke og lavet i metal og vores<a href=\"https:\/\/gro-lys.dk\/shop\/groudstyr\/plantestart\/stiklinge-propogator\/xl-high-probagator-dome-garland\/\"> drivhus i plast<\/a> passer perfekt her til.<\/p>\n<p>&nbsp;<\/p>\n<table class=\"table\">\n<tbody>\n<tr>\n<td>Model<\/td>\n<td>DP120<\/td>\n<\/tr>\n<tr>\n<td>Revision<\/td>\n<td>4.00<\/td>\n<\/tr>\n<tr>\n<td>V\u00e6gt<\/td>\n<td>19,8 kg<\/td>\n<\/tr>\n<tr>\n<td>Dimensioner<\/td>\n<td>120 cm x 60 cm x 190 cm<\/td>\n<\/tr>\n<tr>\n<td>Vandbakke<\/td>\n<td>1x WT120.60<\/td>\n<\/tr>\n<tr>\n<td>Kanalflange<\/td>\n<td>2x Support Kit til st\u00e6nger \u00d816mm til \u00d819mm (DF16)<br \/>\n1x CONNECTOR \u00d8100mm (DF16100)<br \/>\n1x LIGHT BAFFLE (DF16LB)<br \/>\n<a href=\"https:\/\/youtu.be\/DBKqdZAMPUc\">DF16 Video<\/a><\/td>\n<\/tr>\n<tr>\n<td>Kabelflange<\/td>\n<td>2x KABELFLANGE \u00d870mm (CF7D)\u00a0<a href=\"https:\/\/youtu.be\/icJU7srr5xI\">Video<\/a><\/td>\n<\/tr>\n<tr>\n<td>H\u00e5ndtering<\/td>\n<td>1x H\u00c5NDTERING, underst\u00f8tter op til 10 kg p\u00e5 en enkelt stang og 50 kg pr. telt.<br \/>\nL\u00e6ngde: 120 cm<\/td>\n<\/tr>\n<tr>\n<td>Tilbeh\u00f8r medf\u00f8lger<\/td>\n<td>30x CABLEIT &#8211; Clips til kabler og net<br \/>\n12x GRID6040 &#8211; Med 4 clips\u00a0<a href=\"https:\/\/youtu.be\/x3Qu9UId2XE\">Video<\/a><br \/>\n1x PATCHIT &#8211; Til reparation af dit telt eller udskiftning af DF16.\u00a0<a href=\"https:\/\/youtu.be\/G2_FPZ2xL_o\">Video<\/a><\/td>\n<\/tr>\n<tr>\n<td>Belysning anbefales (intensiv v\u00e6kst)<\/td>\n<td>Niveau II (LED PE 2.0) = 80W<br \/>\nNiveau I (LED PE 2.0) = 40WMere information\u00a0<a href=\"https:\/\/www.secretjardin.com\/resources\/detail-on-lighting\/\">her<\/a><\/td>\n<\/tr>\n<tr>\n<td>Volume Telt<\/td>\n<td>1,4m\u00a0<sup>3<\/sup><\/td>\n<\/tr>\n<tr>\n<td>Udsugning tilr\u00e5des ved filter p\u00e5 *<\/td>\n<td>2 min cyklus : Ekstraktion 150m\u00a0<sup>3<\/sup>\u00a0\/h<br \/>\n4 min cyklus : Ekstraktion 50m\u00a0<sup>3<\/sup>\u00a0\/hMere information\u00a0<a href=\"https:\/\/www.secretjardin.com\/product-category\/ventilation\/\">her<\/a>* Hvis der ikke er noget filter, reduceres med 40 % ekstraktionsbehov<\/td>\n<\/tr>\n<tr>\n<td>Materiale<\/td>\n<td>Canvas M210D<br \/>\nst\u00e6nger \u00d816mm (Q195 Zing Plated)<br \/>\nHj\u00f8rner 2,0mm\/4,0mm (PolyPropylen)<br \/>\nBund PE600D &amp; Taske PE210D<\/td>\n<\/tr>\n<tr>\n<td>Monteringsvejledning<\/td>\n<td>&gt;\u00a0<a href=\"https:\/\/www.secretjardin.com\/wp-content\/uploads\/2019\/12\/201811-INSTRU-DARKPROP-4.00.pdf\">M\u00d8RK PROPAGATOR R4,00 INSTRUKTIONER<\/a>\u00a0&lt;<\/td>\n<\/tr>\n<\/tbody>\n<\/table>","protected":false},"excerpt":{"rendered":"<h3>Secret Jardin DP120<\/h3>\n<p>Her f\u00e5r du det <strong><em>ultimative <\/em><\/strong>stiklingetelt, hvor du nemt kan kultivere sm\u00e5 planter og stiklinger i 5 lag!<\/p>\n<p>Der medf\u00f8ler besk\u00e6rings v\u00e6rkt\u00f8j og lyst\u00e6t indsugning(Light Baffle),s\u00e5 du selv v\u00e6lger hvor du vil placere dine luftindtag.<br \/>\nDu kan dyrkes op til <strong>2500 cloner\/fr\u00f8planter i teltet eller 3-400 stiklinger i sm\u00e5 potter<\/strong>.<\/p>\n<p>Vi har effektive <a href=\"https:\/\/gro-lys.dk\/vare-kategori\/groudstyr\/lys\/plantelys-led\/secret-jardin-led\/\">LED-belysning<\/a> der passer til teltet, alt efter om du vil producere cloner eller v\u00e6kste planter.<br \/>\nHar du yderligere sp\u00f8rgsm\u00e5l, er du velkommen til at kontakte os.<\/p>","protected":false},"featured_media":54580,"template":"","meta":{"_acf_changed":false},"product_brand":[],"product_cat":[1815,1852,1900,1849],"product_tag":[],"class_list":{"0":"post-54577","1":"product","2":"type-product","3":"status-publish","4":"has-post-thumbnail","6":"product_cat-groudstyr","7":"product_cat-secret-jardin","8":"product_cat-secret-jardin-secret-jardin","9":"product_cat-telte","11":"first","12":"onbackorder","13":"taxable","14":"shipping-taxable","15":"purchasable","16":"product-type-simple"},"acf":[],"yoast_head":"<!-- This site is optimized with the Yoast SEO plugin v26.9 - https:\/\/yoast.com\/product\/yoast-seo-wordpress\/ -->\n<title>Stiklinge Telt - Dark Propagator 120x60x190 - Superseeds.dk<\/title>\n<meta name=\"robots\" content=\"index, follow, max-snippet:-1, max-image-preview:large, max-video-preview:-1\" \/>\n<link rel=\"canonical\" href=\"https:\/\/superseeds.dk\/no\/produkt\/stiklinge-telt-dark-propagator-120x60x90\/\" \/>\n<meta property=\"og:locale\" content=\"nb_NO\" \/>\n<meta property=\"og:type\" content=\"article\" \/>\n<meta property=\"og:title\" content=\"Stiklinge Telt - Dark Propagator 120x60x190 - Superseeds.dk\" \/>\n<meta property=\"og:description\" content=\"Secret Jardin DP120 Her f\u00e5r du det ultimative stiklingetelt, hvor du nemt kan kultivere sm\u00e5 planter og stiklinger i 5 lag!  Der medf\u00f8ler besk\u00e6rings v\u00e6rkt\u00f8j og lyst\u00e6t indsugning(Light Baffle),s\u00e5 du selv v\u00e6lger hvor du vil placere dine luftindtag. Du kan dyrkes op til 2500 cloner\/fr\u00f8planter i teltet eller 3-400 stiklinger i sm\u00e5 potter.  Vi har effektive LED-belysning der passer til teltet, alt efter om du vil producere cloner eller v\u00e6kste planter. Har du yderligere sp\u00f8rgsm\u00e5l, er du velkommen til at kontakte os.\" \/>\n<meta property=\"og:url\" content=\"https:\/\/superseeds.dk\/no\/produkt\/stiklinge-telt-dark-propagator-120x60x90\/\" \/>\n<meta property=\"og:site_name\" content=\"Superseeds.dk\" \/>\n<meta property=\"article:modified_time\" content=\"2025-01-30T21:03:58+00:00\" \/>\n<meta property=\"og:image\" content=\"https:\/\/super-seeds.se\/wp-content\/uploads\/2025\/01\/Stiklinge-Telt-\u2013-Dark-Propagator-120x60x190.png\" \/>\n\t<meta property=\"og:image:width\" content=\"1080\" \/>\n\t<meta property=\"og:image:height\" content=\"1080\" \/>\n\t<meta property=\"og:image:type\" content=\"image\/png\" \/>\n<meta name=\"twitter:card\" content=\"summary_large_image\" \/>\n<meta name=\"twitter:label1\" content=\"Ansl. lesetid\" \/>\n\t<meta name=\"twitter:data1\" content=\"1 minutt\" \/>\n<script type=\"application\/ld+json\" class=\"yoast-schema-graph\">{\"@context\":\"https:\/\/schema.org\",\"@graph\":[{\"@type\":\"WebPage\",\"@id\":\"https:\/\/superseeds.dk\/vare\/stiklinge-telt-dark-propagator-120x60x90\/\",\"url\":\"https:\/\/superseeds.dk\/vare\/stiklinge-telt-dark-propagator-120x60x90\/\",\"name\":\"Stiklinge Telt - Dark Propagator 120x60x190 - Superseeds.dk\",\"isPartOf\":{\"@id\":\"https:\/\/super-seeds.se\/#website\"},\"primaryImageOfPage\":{\"@id\":\"https:\/\/superseeds.dk\/vare\/stiklinge-telt-dark-propagator-120x60x90\/#primaryimage\"},\"image\":{\"@id\":\"https:\/\/superseeds.dk\/vare\/stiklinge-telt-dark-propagator-120x60x90\/#primaryimage\"},\"thumbnailUrl\":\"https:\/\/superseeds.dk\/wp-content\/uploads\/2025\/01\/Stiklinge-Telt-\u2013-Dark-Propagator-120x60x190.png\",\"datePublished\":\"2025-01-30T21:03:54+00:00\",\"dateModified\":\"2025-01-30T21:03:58+00:00\",\"breadcrumb\":{\"@id\":\"https:\/\/superseeds.dk\/vare\/stiklinge-telt-dark-propagator-120x60x90\/#breadcrumb\"},\"inLanguage\":\"nb-NO\",\"potentialAction\":[{\"@type\":\"ReadAction\",\"target\":[\"https:\/\/superseeds.dk\/vare\/stiklinge-telt-dark-propagator-120x60x90\/\"]}]},{\"@type\":\"ImageObject\",\"inLanguage\":\"nb-NO\",\"@id\":\"https:\/\/superseeds.dk\/vare\/stiklinge-telt-dark-propagator-120x60x90\/#primaryimage\",\"url\":\"https:\/\/superseeds.dk\/wp-content\/uploads\/2025\/01\/Stiklinge-Telt-\u2013-Dark-Propagator-120x60x190.png\",\"contentUrl\":\"https:\/\/superseeds.dk\/wp-content\/uploads\/2025\/01\/Stiklinge-Telt-\u2013-Dark-Propagator-120x60x190.png\",\"width\":1080,\"height\":1080},{\"@type\":\"BreadcrumbList\",\"@id\":\"https:\/\/superseeds.dk\/vare\/stiklinge-telt-dark-propagator-120x60x90\/#breadcrumb\",\"itemListElement\":[{\"@type\":\"ListItem\",\"position\":1,\"name\":\"Hjem\",\"item\":\"https:\/\/superseeds.dk\/\"},{\"@type\":\"ListItem\",\"position\":2,\"name\":\"Shop\",\"item\":\"https:\/\/superseeds.dk\/no\/butikk\/\"},{\"@type\":\"ListItem\",\"position\":3,\"name\":\"Stiklinge Telt &#8211; Dark Propagator 120x60x190\"}]},{\"@type\":\"WebSite\",\"@id\":\"https:\/\/super-seeds.se\/#website\",\"url\":\"https:\/\/super-seeds.se\/\",\"name\":\"Superseeds.dk\",\"description\":\"\",\"publisher\":{\"@id\":\"https:\/\/super-seeds.se\/#organization\"},\"potentialAction\":[{\"@type\":\"SearchAction\",\"target\":{\"@type\":\"EntryPoint\",\"urlTemplate\":\"https:\/\/super-seeds.se\/?s={search_term_string}\"},\"query-input\":{\"@type\":\"PropertyValueSpecification\",\"valueRequired\":true,\"valueName\":\"search_term_string\"}}],\"inLanguage\":\"nb-NO\"},{\"@type\":\"Organization\",\"@id\":\"https:\/\/super-seeds.se\/#organization\",\"name\":\"Superseeds.dk\",\"url\":\"https:\/\/super-seeds.se\/\",\"logo\":{\"@type\":\"ImageObject\",\"inLanguage\":\"nb-NO\",\"@id\":\"https:\/\/super-seeds.se\/#\/schema\/logo\/image\/\",\"url\":\"https:\/\/superseeds.dk\/wp-content\/uploads\/2025\/09\/logo-superseeds.png\",\"contentUrl\":\"https:\/\/superseeds.dk\/wp-content\/uploads\/2025\/09\/logo-superseeds.png\",\"width\":180,\"height\":160,\"caption\":\"Superseeds.dk\"},\"image\":{\"@id\":\"https:\/\/super-seeds.se\/#\/schema\/logo\/image\/\"}}]}<\/script>\n<!-- \/ Yoast SEO plugin. -->","yoast_head_json":{"title":"Stiklinge Telt - Dark Propagator 120x60x190 - Superseeds.dk","robots":{"index":"index","follow":"follow","max-snippet":"max-snippet:-1","max-image-preview":"max-image-preview:large","max-video-preview":"max-video-preview:-1"},"canonical":"https:\/\/superseeds.dk\/no\/produkt\/stiklinge-telt-dark-propagator-120x60x90\/","og_locale":"nb_NO","og_type":"article","og_title":"Stiklinge Telt - Dark Propagator 120x60x190 - Superseeds.dk","og_description":"Secret Jardin DP120 Her f\u00e5r du det ultimative stiklingetelt, hvor du nemt kan kultivere sm\u00e5 planter og stiklinger i 5 lag!  Der medf\u00f8ler besk\u00e6rings v\u00e6rkt\u00f8j og lyst\u00e6t indsugning(Light Baffle),s\u00e5 du selv v\u00e6lger hvor du vil placere dine luftindtag. Du kan dyrkes op til 2500 cloner\/fr\u00f8planter i teltet eller 3-400 stiklinger i sm\u00e5 potter.  Vi har effektive LED-belysning der passer til teltet, alt efter om du vil producere cloner eller v\u00e6kste planter. Har du yderligere sp\u00f8rgsm\u00e5l, er du velkommen til at kontakte os.","og_url":"https:\/\/superseeds.dk\/no\/produkt\/stiklinge-telt-dark-propagator-120x60x90\/","og_site_name":"Superseeds.dk","article_modified_time":"2025-01-30T21:03:58+00:00","og_image":[{"width":1080,"height":1080,"url":"https:\/\/super-seeds.se\/wp-content\/uploads\/2025\/01\/Stiklinge-Telt-\u2013-Dark-Propagator-120x60x190.png","type":"image\/png"}],"twitter_card":"summary_large_image","twitter_misc":{"Ansl. lesetid":"1 minutt"},"schema":{"@context":"https:\/\/schema.org","@graph":[{"@type":"WebPage","@id":"https:\/\/superseeds.dk\/vare\/stiklinge-telt-dark-propagator-120x60x90\/","url":"https:\/\/superseeds.dk\/vare\/stiklinge-telt-dark-propagator-120x60x90\/","name":"Stiklinge Telt - Dark Propagator 120x60x190 - Superseeds.dk","isPartOf":{"@id":"https:\/\/super-seeds.se\/#website"},"primaryImageOfPage":{"@id":"https:\/\/superseeds.dk\/vare\/stiklinge-telt-dark-propagator-120x60x90\/#primaryimage"},"image":{"@id":"https:\/\/superseeds.dk\/vare\/stiklinge-telt-dark-propagator-120x60x90\/#primaryimage"},"thumbnailUrl":"https:\/\/superseeds.dk\/wp-content\/uploads\/2025\/01\/Stiklinge-Telt-\u2013-Dark-Propagator-120x60x190.png","datePublished":"2025-01-30T21:03:54+00:00","dateModified":"2025-01-30T21:03:58+00:00","breadcrumb":{"@id":"https:\/\/superseeds.dk\/vare\/stiklinge-telt-dark-propagator-120x60x90\/#breadcrumb"},"inLanguage":"nb-NO","potentialAction":[{"@type":"ReadAction","target":["https:\/\/superseeds.dk\/vare\/stiklinge-telt-dark-propagator-120x60x90\/"]}]},{"@type":"ImageObject","inLanguage":"nb-NO","@id":"https:\/\/superseeds.dk\/vare\/stiklinge-telt-dark-propagator-120x60x90\/#primaryimage","url":"https:\/\/superseeds.dk\/wp-content\/uploads\/2025\/01\/Stiklinge-Telt-\u2013-Dark-Propagator-120x60x190.png","contentUrl":"https:\/\/superseeds.dk\/wp-content\/uploads\/2025\/01\/Stiklinge-Telt-\u2013-Dark-Propagator-120x60x190.png","width":1080,"height":1080},{"@type":"BreadcrumbList","@id":"https:\/\/superseeds.dk\/vare\/stiklinge-telt-dark-propagator-120x60x90\/#breadcrumb","itemListElement":[{"@type":"ListItem","position":1,"name":"Hjem","item":"https:\/\/superseeds.dk\/"},{"@type":"ListItem","position":2,"name":"Shop","item":"https:\/\/superseeds.dk\/no\/butikk\/"},{"@type":"ListItem","position":3,"name":"Stiklinge Telt &#8211; Dark Propagator 120x60x190"}]},{"@type":"WebSite","@id":"https:\/\/super-seeds.se\/#website","url":"https:\/\/super-seeds.se\/","name":"Superseeds.com","description":"","publisher":{"@id":"https:\/\/super-seeds.se\/#organization"},"potentialAction":[{"@type":"SearchAction","target":{"@type":"EntryPoint","urlTemplate":"https:\/\/super-seeds.se\/?s={search_term_string}"},"query-input":{"@type":"PropertyValueSpecification","valueRequired":true,"valueName":"search_term_string"}}],"inLanguage":"nb-NO"},{"@type":"Organization","@id":"https:\/\/super-seeds.se\/#organization","name":"Superseeds.com","url":"https:\/\/super-seeds.se\/","logo":{"@type":"ImageObject","inLanguage":"nb-NO","@id":"https:\/\/super-seeds.se\/#\/schema\/logo\/image\/","url":"https:\/\/superseeds.dk\/wp-content\/uploads\/2025\/09\/logo-superseeds.png","contentUrl":"https:\/\/superseeds.dk\/wp-content\/uploads\/2025\/09\/logo-superseeds.png","width":180,"height":160,"caption":"Superseeds.dk"},"image":{"@id":"https:\/\/super-seeds.se\/#\/schema\/logo\/image\/"}}]}},"df_price":2195,"df_sale_price":"","df_regular_price":2195,"df_image_link":"https:\/\/superseeds.dk\/wp-content\/uploads\/2025\/01\/Stiklinge-Telt-\u2013-Dark-Propagator-120x60x190-1024x1024.png","_links":{"self":[{"href":"https:\/\/superseeds.dk\/no\/wp-json\/wp\/v2\/product\/54577","targetHints":{"allow":["GET"]}}],"collection":[{"href":"https:\/\/superseeds.dk\/no\/wp-json\/wp\/v2\/product"}],"about":[{"href":"https:\/\/superseeds.dk\/no\/wp-json\/wp\/v2\/types\/product"}],"wp:featuredmedia":[{"embeddable":true,"href":"https:\/\/superseeds.dk\/no\/wp-json\/wp\/v2\/media\/54580"}],"wp:attachment":[{"href":"https:\/\/superseeds.dk\/no\/wp-json\/wp\/v2\/media?parent=54577"}],"wp:term":[{"taxonomy":"product_brand","embeddable":true,"href":"https:\/\/superseeds.dk\/no\/wp-json\/wp\/v2\/product_brand?post=54577"},{"taxonomy":"product_cat","embeddable":true,"href":"https:\/\/superseeds.dk\/no\/wp-json\/wp\/v2\/product_cat?post=54577"},{"taxonomy":"product_tag","embeddable":true,"href":"https:\/\/superseeds.dk\/no\/wp-json\/wp\/v2\/product_tag?post=54577"}],"curies":[{"name":"wp","href":"https:\/\/api.w.org\/{rel}","templated":true}]}}