{"id":54462,"date":"2025-01-30T22:02:32","date_gmt":"2025-01-30T21:02:32","guid":{"rendered":"https:\/\/superseeds.dk\/vare\/co2-bag-5-m%c2%b2-i-1-3-maaneder\/"},"modified":"2025-01-30T22:02:35","modified_gmt":"2025-01-30T21:02:35","slug":"co2-bag-5-m%c2%b2-i-1-3-maaneder","status":"publish","type":"product","link":"https:\/\/superseeds.dk\/no\/produkt\/co2-bag-5-m%c2%b2-i-1-3-maaneder\/","title":{"rendered":"CO2 Bag  1-4 m\u00e5neder"},"content":{"rendered":"<div class=\"desc\"><b>Hvorfor bruge en CO2Bag?<\/b><br \/>\nCO2Bag er en meget lille og let overkommelig pose, der producerer kuldioxid til dine planter.\u00a0Det kan multiplicere dine planters v\u00e6ksthastighed og forbedre frugternes modningsproces samt forbedre smag, farve og afgr\u00f8der.CO2Bag er sikker at bruge, let at ops\u00e6tte og kr\u00e6ver ingen vedligeholdelse.\u00a0Det er den mindste og langt den mest effektive l\u00f8sning p\u00e5 markedet.<b>Hvad er kuldioxid?<\/b><br \/>\nDa vi er som ilt for os mennesker, er kuldioxid en af \u200b\u200bde vigtigste komponenter for plantev\u00e6ksten.\u00a0Alle planter har brug for kuldioxid for at vokse.\u00a0Hvis en plante ikke kan f\u00e5 nok kuldioxid fra luften, vokser den langsommere.\u00a0CO2Bag er en kraftfuld, overkommelig og nem m\u00e5de at tilf\u00f8je mere kuldioxid til dit gr\u00f8nne rum.<b>Hvorn\u00e5r og hvor bruges CO2Bag?<\/b><br \/>\nF\u00e5 en CO2Bag 2-3 uger efter plantning af dine fr\u00f8.\u00a0Lav 6 huller i toppen af \u200b\u200bposen og h\u00e6ng den over dine planter.\u00a0I store gr\u00f8nne rum h\u00e6nges posen over gangene.\u00a0CO2Bag producerer kun kuldioxid ved temperaturer over 18 \u00baC (64 \u00baF).\u00a0Opbevar den lukkede pose et t\u00f8rt og k\u00f8ligt sted under 18 \u00baC (64 \u00baF).<b>Hvor l\u00e6nge varer det?<\/b><br \/>\nN\u00e5r CO2 -posen kommer i kontakt med ilt, begynder den at producere kuldioxid.\u00a0Der kan dog g\u00e5 et par dage, f\u00f8r produktionen starter.\u00a0Afh\u00e6ngigt af luftcirkulationen i det gr\u00f8nne rum vil en CO2Bag producere nok kuldioxid til et areal p\u00e5 5 m\u00b2 i 1-3 m\u00e5neder.<\/p>\n<p><b>Hvordan maksimeres fordelene?<\/b><br \/>\nMed det ekstra kuldioxid kan dine planter modst\u00e5 temperaturer, der er 3-5 \u00baC (5-9 \u00baF) h\u00f8jere end normalt.\u00a0Dette for\u00e5rsager ogs\u00e5, at dine planter har brug for mere vand og n\u00e6ringsstoffer.\u00a0Husk at \u00f8ge m\u00e6ngden af \u200b\u200bvand, n\u00e6ringsstoffer og lys i rummet, s\u00e5 du kan maksimere virkningerne af CO2Bag.<\/p>\n<p><b>Hvad indeholder CO2 -posen?<\/b><br \/>\nPosen indeholder en opfindelse, der er baseret p\u00e5 carbonhydrid (NH4, HCO3).<\/p>\n<p><b>Kan det anbefales at placere posen t\u00e6t p\u00e5 en ventilator?<\/b><br \/>\nJa.\u00a0Ventilatoren skal placeres i en position, der hj\u00e6lper med at fordele kuldioxiden j\u00e6vnt i rummet.<\/p>\n<p><b>Er det muligt at bruge produktet ogs\u00e5 i store drivhuse?<\/b><br \/>\nJa.\u00a0Antallet af poser skal \u00f8ges alt efter v\u00e6relsets st\u00f8rrelse.\u00a0For eksempel anbefaler vi for et 50 m\u00b2 stort v\u00e6relse at h\u00e6nge 10 poser j\u00e6vnt fordelt.<\/p>\n<p><b>Ved hvilken temperatur virker posen?<\/b><br \/>\nDen anbefalede driftstemperatur er 25 \u00b0 C.<\/p>\n<\/div>\n<div class=\"product-attributes\">\n<div class=\"table-responsive\">\n<table class=\"table table-striped table-bordered\">\n<tbody>\n<tr class=\"attr-manufacturer\">\n<td class=\"attr-label word-break\">Producenter:<\/td>\n<td class=\"attr-value\">CO2 -taske<\/td>\n<\/tr>\n<tr class=\"attr-weight\">\n<td class=\"attr-label word-break\">Produktv\u00e6gt:<\/td>\n<td class=\"attr-value weight-unit weight-unit-article\">0,10\u00a0kg<\/td>\n<\/tr>\n<\/tbody>\n<\/table>\n<\/div>\n<\/div>","protected":false},"excerpt":{"rendered":"<p><b>Hvorfor bruge\u00a0 CO2Bag?<\/b><\/p>\n<p>CO2Bag producerer kuldioxid til dine planter. Det kan speede dine planters v\u00e6ksthastighed og forbedre frugternes modningsproces samt forbedre smag, farve og afgr\u00f8der.<\/p>\n<p>2-3 uger efter plantning af dine fr\u00f8. Lav 6 huller i toppen af \u200b\u200bposen og h\u00e6ng den over dine planter. posen vil nu selv producere co2<\/p>\n<p>Medium<\/p>\n<ul>\n<li>op til 4m2<\/li>\n<li>holder 1-3 m\u00e5neder<\/li>\n<li>100g co2 pulver<\/li>\n<\/ul>\n<p>Stor<\/p>\n<ul>\n<li>op til 6m2<\/li>\n<li>holder 2-4 m\u00e5neder<\/li>\n<li>150g co2 pulver<\/li>\n<\/ul>\n<p>&nbsp;<\/p>","protected":false},"featured_media":54465,"template":"","meta":{"_acf_changed":false},"product_brand":[],"product_cat":[1884,1815,1824],"product_tag":[],"class_list":{"0":"post-54462","1":"product","2":"type-product","3":"status-publish","4":"has-post-thumbnail","6":"product_cat-co2","7":"product_cat-groudstyr","8":"product_cat-klima","10":"first","11":"onbackorder","12":"taxable","13":"shipping-taxable","14":"purchasable","15":"product-type-variable","16":"wvs-archive-product-wrapper"},"acf":[],"yoast_head":"<!-- This site is optimized with the Yoast SEO plugin v26.9 - https:\/\/yoast.com\/product\/yoast-seo-wordpress\/ -->\n<title>CO2 Bag 1-4 m\u00e5neder - Superseeds.dk<\/title>\n<meta name=\"robots\" content=\"index, follow, max-snippet:-1, max-image-preview:large, max-video-preview:-1\" \/>\n<link rel=\"canonical\" href=\"https:\/\/superseeds.dk\/no\/produkt\/co2-bag-5-m\u00b2-i-1-3-maaneder\/\" \/>\n<meta property=\"og:locale\" content=\"nb_NO\" \/>\n<meta property=\"og:type\" content=\"article\" \/>\n<meta property=\"og:title\" content=\"CO2 Bag 1-4 m\u00e5neder - Superseeds.dk\" \/>\n<meta property=\"og:description\" content=\"Hvorfor bruge\u00a0 CO2Bag?  CO2Bag producerer kuldioxid til dine planter. Det kan speede dine planters v\u00e6ksthastighed og forbedre frugternes modningsproces samt forbedre smag, farve og afgr\u00f8der.  2-3 uger efter plantning af dine fr\u00f8. Lav 6 huller i toppen af \u200b\u200bposen og h\u00e6ng den over dine planter. posen vil nu selv producere co2  Medium   op til 4m2  holder 1-3 m\u00e5neder  100g co2 pulver  Large   op til 6m2  holder 2-4 m\u00e5neder  150g co2 pulver  &nbsp;\" \/>\n<meta property=\"og:url\" content=\"https:\/\/superseeds.dk\/no\/produkt\/co2-bag-5-m\u00b2-i-1-3-maaneder\/\" \/>\n<meta property=\"og:site_name\" content=\"Superseeds.dk\" \/>\n<meta property=\"article:modified_time\" content=\"2025-01-30T21:02:35+00:00\" \/>\n<meta property=\"og:image\" content=\"https:\/\/superseeds.dk\/wp-content\/uploads\/2025\/01\/CO2-Bag-1-4-maaneder.png\" \/>\n\t<meta property=\"og:image:width\" content=\"1080\" \/>\n\t<meta property=\"og:image:height\" content=\"1080\" \/>\n\t<meta property=\"og:image:type\" content=\"image\/png\" \/>\n<meta name=\"twitter:card\" content=\"summary_large_image\" \/>\n<meta name=\"twitter:label1\" content=\"Ansl. lesetid\" \/>\n\t<meta name=\"twitter:data1\" content=\"2 minutter\" \/>\n<script type=\"application\/ld+json\" class=\"yoast-schema-graph\">{\"@context\":\"https:\/\/schema.org\",\"@graph\":[{\"@type\":\"WebPage\",\"@id\":\"https:\/\/superseeds.dk\/vare\/co2-bag-5-m%c2%b2-i-1-3-maaneder\/\",\"url\":\"https:\/\/superseeds.dk\/vare\/co2-bag-5-m%c2%b2-i-1-3-maaneder\/\",\"name\":\"CO2 Bag 1-4 m\u00e5neder - Superseeds.dk\",\"isPartOf\":{\"@id\":\"https:\/\/super-seeds.se\/#website\"},\"primaryImageOfPage\":{\"@id\":\"https:\/\/superseeds.dk\/vare\/co2-bag-5-m%c2%b2-i-1-3-maaneder\/#primaryimage\"},\"image\":{\"@id\":\"https:\/\/superseeds.dk\/vare\/co2-bag-5-m%c2%b2-i-1-3-maaneder\/#primaryimage\"},\"thumbnailUrl\":\"https:\/\/superseeds.dk\/wp-content\/uploads\/2025\/01\/CO2-Bag-1-4-maaneder.png\",\"datePublished\":\"2025-01-30T21:02:32+00:00\",\"dateModified\":\"2025-01-30T21:02:35+00:00\",\"breadcrumb\":{\"@id\":\"https:\/\/superseeds.dk\/vare\/co2-bag-5-m%c2%b2-i-1-3-maaneder\/#breadcrumb\"},\"inLanguage\":\"nb-NO\",\"potentialAction\":[{\"@type\":\"ReadAction\",\"target\":[\"https:\/\/superseeds.dk\/vare\/co2-bag-5-m%c2%b2-i-1-3-maaneder\/\"]}]},{\"@type\":\"ImageObject\",\"inLanguage\":\"nb-NO\",\"@id\":\"https:\/\/superseeds.dk\/vare\/co2-bag-5-m%c2%b2-i-1-3-maaneder\/#primaryimage\",\"url\":\"https:\/\/superseeds.dk\/wp-content\/uploads\/2025\/01\/CO2-Bag-1-4-maaneder.png\",\"contentUrl\":\"https:\/\/superseeds.dk\/wp-content\/uploads\/2025\/01\/CO2-Bag-1-4-maaneder.png\",\"width\":1080,\"height\":1080},{\"@type\":\"BreadcrumbList\",\"@id\":\"https:\/\/superseeds.dk\/vare\/co2-bag-5-m%c2%b2-i-1-3-maaneder\/#breadcrumb\",\"itemListElement\":[{\"@type\":\"ListItem\",\"position\":1,\"name\":\"Hjem\",\"item\":\"https:\/\/superseeds.dk\/\"},{\"@type\":\"ListItem\",\"position\":2,\"name\":\"Shop\",\"item\":\"https:\/\/superseeds.dk\/no\/butikk\/\"},{\"@type\":\"ListItem\",\"position\":3,\"name\":\"CO2 Bag 1-4 m\u00e5neder\"}]},{\"@type\":\"WebSite\",\"@id\":\"https:\/\/super-seeds.se\/#website\",\"url\":\"https:\/\/super-seeds.se\/\",\"name\":\"Superseeds.dk\",\"description\":\"\",\"publisher\":{\"@id\":\"https:\/\/super-seeds.se\/#organization\"},\"potentialAction\":[{\"@type\":\"SearchAction\",\"target\":{\"@type\":\"EntryPoint\",\"urlTemplate\":\"https:\/\/super-seeds.se\/?s={search_term_string}\"},\"query-input\":{\"@type\":\"PropertyValueSpecification\",\"valueRequired\":true,\"valueName\":\"search_term_string\"}}],\"inLanguage\":\"nb-NO\"},{\"@type\":\"Organization\",\"@id\":\"https:\/\/super-seeds.se\/#organization\",\"name\":\"Superseeds.dk\",\"url\":\"https:\/\/super-seeds.se\/\",\"logo\":{\"@type\":\"ImageObject\",\"inLanguage\":\"nb-NO\",\"@id\":\"https:\/\/super-seeds.se\/#\/schema\/logo\/image\/\",\"url\":\"https:\/\/superseeds.dk\/wp-content\/uploads\/2025\/09\/logo-superseeds.png\",\"contentUrl\":\"https:\/\/superseeds.dk\/wp-content\/uploads\/2025\/09\/logo-superseeds.png\",\"width\":180,\"height\":160,\"caption\":\"Superseeds.dk\"},\"image\":{\"@id\":\"https:\/\/super-seeds.se\/#\/schema\/logo\/image\/\"}}]}<\/script>\n<!-- \/ Yoast SEO plugin. -->","yoast_head_json":{"title":"CO2 Bag 1-4 m\u00e5neder - Superseeds.dk","robots":{"index":"index","follow":"follow","max-snippet":"max-snippet:-1","max-image-preview":"max-image-preview:large","max-video-preview":"max-video-preview:-1"},"canonical":"https:\/\/superseeds.dk\/no\/produkt\/co2-bag-5-m\u00b2-i-1-3-maaneder\/","og_locale":"nb_NO","og_type":"article","og_title":"CO2 Bag 1-4 m\u00e5neder - Superseeds.dk","og_description":"Hvorfor bruge\u00a0 CO2Bag?  CO2Bag producerer kuldioxid til dine planter. Det kan speede dine planters v\u00e6ksthastighed og forbedre frugternes modningsproces samt forbedre smag, farve og afgr\u00f8der.  2-3 uger efter plantning af dine fr\u00f8. Lav 6 huller i toppen af \u200b\u200bposen og h\u00e6ng den over dine planter. posen vil nu selv producere co2  Medium   op til 4m2  holder 1-3 m\u00e5neder  100g co2 pulver  Large   op til 6m2  holder 2-4 m\u00e5neder  150g co2 pulver  &nbsp;","og_url":"https:\/\/superseeds.dk\/no\/produkt\/co2-bag-5-m\u00b2-i-1-3-maaneder\/","og_site_name":"Superseeds.dk","article_modified_time":"2025-01-30T21:02:35+00:00","og_image":[{"width":1080,"height":1080,"url":"https:\/\/superseeds.dk\/wp-content\/uploads\/2025\/01\/CO2-Bag-1-4-maaneder.png","type":"image\/png"}],"twitter_card":"summary_large_image","twitter_misc":{"Ansl. lesetid":"2 minutter"},"schema":{"@context":"https:\/\/schema.org","@graph":[{"@type":"WebPage","@id":"https:\/\/superseeds.dk\/vare\/co2-bag-5-m%c2%b2-i-1-3-maaneder\/","url":"https:\/\/superseeds.dk\/vare\/co2-bag-5-m%c2%b2-i-1-3-maaneder\/","name":"CO2 Bag 1-4 m\u00e5neder - Superseeds.dk","isPartOf":{"@id":"https:\/\/super-seeds.se\/#website"},"primaryImageOfPage":{"@id":"https:\/\/superseeds.dk\/vare\/co2-bag-5-m%c2%b2-i-1-3-maaneder\/#primaryimage"},"image":{"@id":"https:\/\/superseeds.dk\/vare\/co2-bag-5-m%c2%b2-i-1-3-maaneder\/#primaryimage"},"thumbnailUrl":"https:\/\/superseeds.dk\/wp-content\/uploads\/2025\/01\/CO2-Bag-1-4-maaneder.png","datePublished":"2025-01-30T21:02:32+00:00","dateModified":"2025-01-30T21:02:35+00:00","breadcrumb":{"@id":"https:\/\/superseeds.dk\/vare\/co2-bag-5-m%c2%b2-i-1-3-maaneder\/#breadcrumb"},"inLanguage":"nb-NO","potentialAction":[{"@type":"ReadAction","target":["https:\/\/superseeds.dk\/vare\/co2-bag-5-m%c2%b2-i-1-3-maaneder\/"]}]},{"@type":"ImageObject","inLanguage":"nb-NO","@id":"https:\/\/superseeds.dk\/vare\/co2-bag-5-m%c2%b2-i-1-3-maaneder\/#primaryimage","url":"https:\/\/superseeds.dk\/wp-content\/uploads\/2025\/01\/CO2-Bag-1-4-maaneder.png","contentUrl":"https:\/\/superseeds.dk\/wp-content\/uploads\/2025\/01\/CO2-Bag-1-4-maaneder.png","width":1080,"height":1080},{"@type":"BreadcrumbList","@id":"https:\/\/superseeds.dk\/vare\/co2-bag-5-m%c2%b2-i-1-3-maaneder\/#breadcrumb","itemListElement":[{"@type":"ListItem","position":1,"name":"Hjem","item":"https:\/\/superseeds.dk\/"},{"@type":"ListItem","position":2,"name":"Shop","item":"https:\/\/superseeds.dk\/no\/butikk\/"},{"@type":"ListItem","position":3,"name":"CO2 Bag 1-4 m\u00e5neder"}]},{"@type":"WebSite","@id":"https:\/\/super-seeds.se\/#website","url":"https:\/\/super-seeds.se\/","name":"Superseeds.com","description":"","publisher":{"@id":"https:\/\/super-seeds.se\/#organization"},"potentialAction":[{"@type":"SearchAction","target":{"@type":"EntryPoint","urlTemplate":"https:\/\/super-seeds.se\/?s={search_term_string}"},"query-input":{"@type":"PropertyValueSpecification","valueRequired":true,"valueName":"search_term_string"}}],"inLanguage":"nb-NO"},{"@type":"Organization","@id":"https:\/\/super-seeds.se\/#organization","name":"Superseeds.com","url":"https:\/\/super-seeds.se\/","logo":{"@type":"ImageObject","inLanguage":"nb-NO","@id":"https:\/\/super-seeds.se\/#\/schema\/logo\/image\/","url":"https:\/\/superseeds.dk\/wp-content\/uploads\/2025\/09\/logo-superseeds.png","contentUrl":"https:\/\/superseeds.dk\/wp-content\/uploads\/2025\/09\/logo-superseeds.png","width":180,"height":160,"caption":"Superseeds.dk"},"image":{"@id":"https:\/\/super-seeds.se\/#\/schema\/logo\/image\/"}}]}},"df_price":139,"df_sale_price":"","df_regular_price":139,"df_image_link":"https:\/\/superseeds.dk\/wp-content\/uploads\/2025\/01\/CO2-Bag-1-4-maaneder-1024x1024.png","_links":{"self":[{"href":"https:\/\/superseeds.dk\/no\/wp-json\/wp\/v2\/product\/54462","targetHints":{"allow":["GET"]}}],"collection":[{"href":"https:\/\/superseeds.dk\/no\/wp-json\/wp\/v2\/product"}],"about":[{"href":"https:\/\/superseeds.dk\/no\/wp-json\/wp\/v2\/types\/product"}],"wp:featuredmedia":[{"embeddable":true,"href":"https:\/\/superseeds.dk\/no\/wp-json\/wp\/v2\/media\/54465"}],"wp:attachment":[{"href":"https:\/\/superseeds.dk\/no\/wp-json\/wp\/v2\/media?parent=54462"}],"wp:term":[{"taxonomy":"product_brand","embeddable":true,"href":"https:\/\/superseeds.dk\/no\/wp-json\/wp\/v2\/product_brand?post=54462"},{"taxonomy":"product_cat","embeddable":true,"href":"https:\/\/superseeds.dk\/no\/wp-json\/wp\/v2\/product_cat?post=54462"},{"taxonomy":"product_tag","embeddable":true,"href":"https:\/\/superseeds.dk\/no\/wp-json\/wp\/v2\/product_tag?post=54462"}],"curies":[{"name":"wp","href":"https:\/\/api.w.org\/{rel}","templated":true}]}}