{"id":54384,"date":"2025-01-30T22:01:26","date_gmt":"2025-01-30T21:01:26","guid":{"rendered":"https:\/\/superseeds.dk\/vare\/hydro-ab-1l-plagron\/"},"modified":"2025-01-30T22:01:33","modified_gmt":"2025-01-30T21:01:33","slug":"hydro-ab-1l-plagron","status":"publish","type":"product","link":"https:\/\/superseeds.dk\/no\/produkt\/hydro-ab-1l-plagron\/","title":{"rendered":"Hydro A+B &#8211; Plagron"},"content":{"rendered":"<h2>Hydro A+B &#8211; Plagron<\/h2>\n<p class=\"font-medium RobotoBold\">Hydro A+B er en meget koncentreret mineralsk g\u00f8dning og bruges i b\u00e5de v\u00e6kst- og blomst fasen\u00a0 Den indeholder alle mikro n\u00e6ringsstoffer i direkte optagelige (chelated) form.<br \/>\nHydro A er rig p\u00e5 calcium og hj\u00e6lper blandt andet mod varmestress.<br \/>\nHydro B indeholder magnesium, der \u00f8ger produktionen af klorofyl, hvilket g\u00f8r den til en uundv\u00e6rlig byggesten der hj\u00e6lper plantens v\u00e6kst.<br \/>\nHydro A+B komplimentere hinanden, hvilket resultere i en komplet kombination af n\u00e6ringsstoffer.<\/p>\n<p><strong>Instruktioner:<\/strong><\/p>\n<p>Ryst grundig inden brug.<br \/>\nTils\u00e6t maksimum 2,5ml Hydro A pr L. vand (1:400) ved hver vanding. Tils\u00e6t samme m\u00e6ngde Hydro B som Hydro A<br \/>\nBrug denne blanding ved hver vanding.<\/p>\n<p><strong>Sammens\u00e6tning:<\/strong><\/p>\n<p>Hydro A<br \/>\nNPK (3-0-1)<br \/>\nCa 4.2%<br \/>\nMgO 0.4%<\/p>\n<p>Hydro B<br \/>\nNPK (1-3-6)<br \/>\nMgO 1.4%<\/p>\n<p><strong>Tips fra Plagron:<\/strong><\/p>\n<p><strong>Fordele ved : Hydro A+B\u00a0<\/strong><\/p>\n<ul>\n<li class=\"usp py-1\"><i class=\"fa fa-stop fa-xs\"><\/i><span class=\"d-inline-block col-sm-11 col-10 p-0\">Komplet kontrol over EC og pH v\u00e6rdi<\/span><\/li>\n<li class=\"usp py-1\"><i class=\"fa fa-stop fa-xs\"><\/i><span class=\"d-inline-block col-sm-11 col-10 p-0\">Meget koncentreret, derfor billig i brug<\/span><\/li>\n<li class=\"usp py-1\"><i class=\"fa fa-stop fa-xs\"><\/i><span class=\"d-inline-block col-sm-11 col-10 p-0\">Ingen krystallisering din g\u00f8dningstank\u00a0\u00a0<\/span><\/li>\n<\/ul>","protected":false},"excerpt":{"rendered":"<p><strong>Fordele ved : Hydro A+B\u00a0<\/strong><\/p>\n<ul>\n<li class=\"usp py-1\"><i class=\"fa fa-stop fa-xs\"><\/i><span class=\"d-inline-block col-sm-11 col-10 p-0\">Komplet kontrol over EC og pH v\u00e6rdi<\/span><\/li>\n<li class=\"usp py-1\"><i class=\"fa fa-stop fa-xs\"><\/i><span class=\"d-inline-block col-sm-11 col-10 p-0\">Meget koncentreret, derfor billig i brug<\/span><\/li>\n<li class=\"usp py-1\"><i class=\"fa fa-stop fa-xs\"><\/i><span class=\"d-inline-block col-sm-11 col-10 p-0\">Ingen krystallisering din g\u00f8dningstank\u00a0<\/span><\/li>\n<\/ul>","protected":false},"featured_media":54389,"template":"","meta":{"_acf_changed":false},"product_brand":[],"product_cat":[1815,1877,1836],"product_tag":[],"class_list":{"0":"post-54384","1":"product","2":"type-product","3":"status-publish","4":"has-post-thumbnail","6":"product_cat-groudstyr","7":"product_cat-plagron","8":"product_cat-plantegoedning","9":"pa_antal-liter-1-l","10":"pa_antal-liter-10-l","11":"pa_antal-liter-5-l","13":"first","14":"onbackorder","15":"taxable","16":"shipping-taxable","17":"purchasable","18":"product-type-variable","19":"wvs-archive-product-wrapper"},"acf":[],"yoast_head":"<!-- This site is optimized with the Yoast SEO plugin v27.6 - https:\/\/yoast.com\/product\/yoast-seo-wordpress\/ -->\n<title>Hydro A+B - Plagron - Superseeds.dk<\/title>\n<meta name=\"robots\" content=\"index, follow, max-snippet:-1, max-image-preview:large, max-video-preview:-1\" \/>\n<link rel=\"canonical\" href=\"https:\/\/superseeds.dk\/no\/produkt\/hydro-ab-1l-plagron\/\" \/>\n<meta property=\"og:locale\" content=\"nb_NO\" \/>\n<meta property=\"og:type\" content=\"article\" \/>\n<meta property=\"og:title\" content=\"Hydro A+B - Plagron - Superseeds.dk\" \/>\n<meta property=\"og:description\" content=\"Fordele ved : Hydro A+B\u00a0   Komplet kontrol over EC og pH v\u00e6rdi  Meget koncentreret, derfor billig i brug  Ingen krystallisering din g\u00f8dningstank\u00a0\" \/>\n<meta property=\"og:url\" content=\"https:\/\/superseeds.dk\/no\/produkt\/hydro-ab-1l-plagron\/\" \/>\n<meta property=\"og:site_name\" content=\"Superseeds.dk\" \/>\n<meta property=\"article:modified_time\" content=\"2025-01-30T21:01:33+00:00\" \/>\n<meta property=\"og:image\" content=\"https:\/\/superseeds.dk\/wp-content\/uploads\/2025\/01\/Hydro-AB-\u2013-Plagron.png\" \/>\n\t<meta property=\"og:image:width\" content=\"1080\" \/>\n\t<meta property=\"og:image:height\" content=\"1080\" \/>\n\t<meta property=\"og:image:type\" content=\"image\/png\" \/>\n<meta name=\"twitter:card\" content=\"summary_large_image\" \/>\n<meta name=\"twitter:label1\" content=\"Ansl. lesetid\" \/>\n\t<meta name=\"twitter:data1\" content=\"1 minutt\" \/>\n<script type=\"application\/ld+json\" class=\"yoast-schema-graph\">{\"@context\":\"https:\\\/\\\/schema.org\",\"@graph\":[{\"@type\":\"WebPage\",\"@id\":\"https:\\\/\\\/superseeds.dk\\\/vare\\\/hydro-ab-1l-plagron\\\/\",\"url\":\"https:\\\/\\\/superseeds.dk\\\/vare\\\/hydro-ab-1l-plagron\\\/\",\"name\":\"Hydro A+B - Plagron - Superseeds.dk\",\"isPartOf\":{\"@id\":\"https:\\\/\\\/super-seeds.se\\\/#website\"},\"primaryImageOfPage\":{\"@id\":\"https:\\\/\\\/superseeds.dk\\\/vare\\\/hydro-ab-1l-plagron\\\/#primaryimage\"},\"image\":{\"@id\":\"https:\\\/\\\/superseeds.dk\\\/vare\\\/hydro-ab-1l-plagron\\\/#primaryimage\"},\"thumbnailUrl\":\"https:\\\/\\\/superseeds.dk\\\/wp-content\\\/uploads\\\/2025\\\/01\\\/Hydro-AB-\u2013-Plagron.png\",\"datePublished\":\"2025-01-30T21:01:26+00:00\",\"dateModified\":\"2025-01-30T21:01:33+00:00\",\"breadcrumb\":{\"@id\":\"https:\\\/\\\/superseeds.dk\\\/vare\\\/hydro-ab-1l-plagron\\\/#breadcrumb\"},\"inLanguage\":\"nb-NO\",\"potentialAction\":[{\"@type\":\"ReadAction\",\"target\":[\"https:\\\/\\\/superseeds.dk\\\/vare\\\/hydro-ab-1l-plagron\\\/\"]}]},{\"@type\":\"ImageObject\",\"inLanguage\":\"nb-NO\",\"@id\":\"https:\\\/\\\/superseeds.dk\\\/vare\\\/hydro-ab-1l-plagron\\\/#primaryimage\",\"url\":\"https:\\\/\\\/superseeds.dk\\\/wp-content\\\/uploads\\\/2025\\\/01\\\/Hydro-AB-\u2013-Plagron.png\",\"contentUrl\":\"https:\\\/\\\/superseeds.dk\\\/wp-content\\\/uploads\\\/2025\\\/01\\\/Hydro-AB-\u2013-Plagron.png\",\"width\":1080,\"height\":1080},{\"@type\":\"BreadcrumbList\",\"@id\":\"https:\\\/\\\/superseeds.dk\\\/vare\\\/hydro-ab-1l-plagron\\\/#breadcrumb\",\"itemListElement\":[{\"@type\":\"ListItem\",\"position\":1,\"name\":\"Hjem\",\"item\":\"https:\\\/\\\/superseeds.dk\\\/\"},{\"@type\":\"ListItem\",\"position\":2,\"name\":\"Shop\",\"item\":\"https:\\\/\\\/superseeds.dk\\\/no\\\/butikk\\\/\"},{\"@type\":\"ListItem\",\"position\":3,\"name\":\"Hydro A+B &#8211; Plagron\"}]},{\"@type\":\"WebSite\",\"@id\":\"https:\\\/\\\/super-seeds.se\\\/#website\",\"url\":\"https:\\\/\\\/super-seeds.se\\\/\",\"name\":\"Superseeds.dk\",\"description\":\"\",\"publisher\":{\"@id\":\"https:\\\/\\\/super-seeds.se\\\/#organization\"},\"potentialAction\":[{\"@type\":\"SearchAction\",\"target\":{\"@type\":\"EntryPoint\",\"urlTemplate\":\"https:\\\/\\\/super-seeds.se\\\/?s={search_term_string}\"},\"query-input\":{\"@type\":\"PropertyValueSpecification\",\"valueRequired\":true,\"valueName\":\"search_term_string\"}}],\"inLanguage\":\"nb-NO\"},{\"@type\":\"Organization\",\"@id\":\"https:\\\/\\\/super-seeds.se\\\/#organization\",\"name\":\"Superseeds.dk\",\"url\":\"https:\\\/\\\/super-seeds.se\\\/\",\"logo\":{\"@type\":\"ImageObject\",\"inLanguage\":\"nb-NO\",\"@id\":\"https:\\\/\\\/super-seeds.se\\\/#\\\/schema\\\/logo\\\/image\\\/\",\"url\":\"https:\\\/\\\/superseeds.dk\\\/wp-content\\\/uploads\\\/2025\\\/09\\\/logo-superseeds.png\",\"contentUrl\":\"https:\\\/\\\/superseeds.dk\\\/wp-content\\\/uploads\\\/2025\\\/09\\\/logo-superseeds.png\",\"width\":180,\"height\":160,\"caption\":\"Superseeds.dk\"},\"image\":{\"@id\":\"https:\\\/\\\/super-seeds.se\\\/#\\\/schema\\\/logo\\\/image\\\/\"}}]}<\/script>\n<!-- \/ Yoast SEO plugin. -->","yoast_head_json":{"title":"Hydro A+B - Plagron - Superseeds.dk","robots":{"index":"index","follow":"follow","max-snippet":"max-snippet:-1","max-image-preview":"max-image-preview:large","max-video-preview":"max-video-preview:-1"},"canonical":"https:\/\/superseeds.dk\/no\/produkt\/hydro-ab-1l-plagron\/","og_locale":"nb_NO","og_type":"article","og_title":"Hydro A+B - Plagron - Superseeds.dk","og_description":"Fordele ved : Hydro A+B\u00a0   Komplet kontrol over EC og pH v\u00e6rdi  Meget koncentreret, derfor billig i brug  Ingen krystallisering din g\u00f8dningstank\u00a0","og_url":"https:\/\/superseeds.dk\/no\/produkt\/hydro-ab-1l-plagron\/","og_site_name":"Superseeds.dk","article_modified_time":"2025-01-30T21:01:33+00:00","og_image":[{"width":1080,"height":1080,"url":"https:\/\/superseeds.dk\/wp-content\/uploads\/2025\/01\/Hydro-AB-\u2013-Plagron.png","type":"image\/png"}],"twitter_card":"summary_large_image","twitter_misc":{"Ansl. lesetid":"1 minutt"},"schema":{"@context":"https:\/\/schema.org","@graph":[{"@type":"WebPage","@id":"https:\/\/superseeds.dk\/vare\/hydro-ab-1l-plagron\/","url":"https:\/\/superseeds.dk\/vare\/hydro-ab-1l-plagron\/","name":"Hydro A+B - Plagron - Superseeds.dk","isPartOf":{"@id":"https:\/\/super-seeds.se\/#website"},"primaryImageOfPage":{"@id":"https:\/\/superseeds.dk\/vare\/hydro-ab-1l-plagron\/#primaryimage"},"image":{"@id":"https:\/\/superseeds.dk\/vare\/hydro-ab-1l-plagron\/#primaryimage"},"thumbnailUrl":"https:\/\/superseeds.dk\/wp-content\/uploads\/2025\/01\/Hydro-AB-\u2013-Plagron.png","datePublished":"2025-01-30T21:01:26+00:00","dateModified":"2025-01-30T21:01:33+00:00","breadcrumb":{"@id":"https:\/\/superseeds.dk\/vare\/hydro-ab-1l-plagron\/#breadcrumb"},"inLanguage":"nb-NO","potentialAction":[{"@type":"ReadAction","target":["https:\/\/superseeds.dk\/vare\/hydro-ab-1l-plagron\/"]}]},{"@type":"ImageObject","inLanguage":"nb-NO","@id":"https:\/\/superseeds.dk\/vare\/hydro-ab-1l-plagron\/#primaryimage","url":"https:\/\/superseeds.dk\/wp-content\/uploads\/2025\/01\/Hydro-AB-\u2013-Plagron.png","contentUrl":"https:\/\/superseeds.dk\/wp-content\/uploads\/2025\/01\/Hydro-AB-\u2013-Plagron.png","width":1080,"height":1080},{"@type":"BreadcrumbList","@id":"https:\/\/superseeds.dk\/vare\/hydro-ab-1l-plagron\/#breadcrumb","itemListElement":[{"@type":"ListItem","position":1,"name":"Hjem","item":"https:\/\/superseeds.dk\/"},{"@type":"ListItem","position":2,"name":"Shop","item":"https:\/\/superseeds.dk\/no\/butikk\/"},{"@type":"ListItem","position":3,"name":"Hydro A+B &#8211; Plagron"}]},{"@type":"WebSite","@id":"https:\/\/super-seeds.se\/#website","url":"https:\/\/super-seeds.se\/","name":"Superseeds.com","description":"","publisher":{"@id":"https:\/\/super-seeds.se\/#organization"},"potentialAction":[{"@type":"SearchAction","target":{"@type":"EntryPoint","urlTemplate":"https:\/\/super-seeds.se\/?s={search_term_string}"},"query-input":{"@type":"PropertyValueSpecification","valueRequired":true,"valueName":"search_term_string"}}],"inLanguage":"nb-NO"},{"@type":"Organization","@id":"https:\/\/super-seeds.se\/#organization","name":"Superseeds.com","url":"https:\/\/super-seeds.se\/","logo":{"@type":"ImageObject","inLanguage":"nb-NO","@id":"https:\/\/super-seeds.se\/#\/schema\/logo\/image\/","url":"https:\/\/superseeds.dk\/wp-content\/uploads\/2025\/09\/logo-superseeds.png","contentUrl":"https:\/\/superseeds.dk\/wp-content\/uploads\/2025\/09\/logo-superseeds.png","width":180,"height":160,"caption":"Superseeds.dk"},"image":{"@id":"https:\/\/super-seeds.se\/#\/schema\/logo\/image\/"}}]}},"df_price":129,"df_sale_price":"","df_regular_price":129,"df_image_link":"https:\/\/superseeds.dk\/wp-content\/uploads\/2025\/01\/Hydro-AB-\u2013-Plagron-1024x1024.png","_links":{"self":[{"href":"https:\/\/superseeds.dk\/no\/wp-json\/wp\/v2\/product\/54384","targetHints":{"allow":["GET"]}}],"collection":[{"href":"https:\/\/superseeds.dk\/no\/wp-json\/wp\/v2\/product"}],"about":[{"href":"https:\/\/superseeds.dk\/no\/wp-json\/wp\/v2\/types\/product"}],"wp:featuredmedia":[{"embeddable":true,"href":"https:\/\/superseeds.dk\/no\/wp-json\/wp\/v2\/media\/54389"}],"wp:attachment":[{"href":"https:\/\/superseeds.dk\/no\/wp-json\/wp\/v2\/media?parent=54384"}],"wp:term":[{"taxonomy":"product_brand","embeddable":true,"href":"https:\/\/superseeds.dk\/no\/wp-json\/wp\/v2\/product_brand?post=54384"},{"taxonomy":"product_cat","embeddable":true,"href":"https:\/\/superseeds.dk\/no\/wp-json\/wp\/v2\/product_cat?post=54384"},{"taxonomy":"product_tag","embeddable":true,"href":"https:\/\/superseeds.dk\/no\/wp-json\/wp\/v2\/product_tag?post=54384"}],"curies":[{"name":"wp","href":"https:\/\/api.w.org\/{rel}","templated":true}]}}