{"id":54342,"date":"2025-01-30T22:00:55","date_gmt":"2025-01-30T21:00:55","guid":{"rendered":"https:\/\/superseeds.dk\/vare\/lumatek-zeus-465w-pro-2-9\/"},"modified":"2025-01-30T22:00:58","modified_gmt":"2025-01-30T21:00:58","slug":"lumatek-zeus-465w-pro-2-9","status":"publish","type":"product","link":"https:\/\/superseeds.dk\/no\/produkt\/lumatek-zeus-465w-pro-2-9\/","title":{"rendered":"LUMATEK &#8211; Zeus 465W pro 2.9"},"content":{"rendered":"<h3>ZEUS 600W PRO 2.9 &#8211; LUMATEK<br \/>\n&#8211; Moderne teknologi med h\u00f8j effektivitet p\u00e5 2.9 \u00b5mol\/J der producerer et PPF-niveau p\u00e5 1353 \u00b5mol\/s<\/h3>\n<p>Med det store teknologiske fremskridt og nye designs, er h\u00f8jkvalitets LED-paneler blevet en solid og fornuftig l\u00f8sning, der sikre dig en god \u00f8konomisk l\u00f8sning med betragtelig ROI(return on investment). Lumatek&#8217;s full spectrum LED l\u00f8sninger balancere lys kvalitet med lys kvantitet, der sikre dig en j\u00e6vn spredning af dit lys, uden der kommer uacceptable hotspots.<\/p>\n<p>Lumatek Zeus 465w Pro 2.9 kan pga. dens opbygning, give en j\u00e6vn lysspredning, selv ved en kort distance til plantetoppen. Det g\u00f8r Zeus modellerne til et optimalt valg, enten om det er vertikal dyrkning, telte eller rum med lavt til loftet.<br \/>\nDette LED-panel d\u00e6kker perfekt 1.2\u00d71.2m<\/p>\n<h2>Nyt fra Lumatek:<\/h2>\n<p>Deres nye linje af <strong>Lumatek Zeus 2.9<\/strong> er bygget ved hj\u00e6lp af kvalitets Lumatek driver og nyeste generation af h\u00f8j effektive og top bin dioder fra Lumileds og Osram, der generere et full-spectrum lys der er ideel for b\u00e5de v\u00e6kst- og blomst cyklus.<\/p>\n<p>En anden ny feature er deres Clear Glue Protection cover teknologi p\u00e5 deres LED-bars, der resultere i at 99% af lyset kommer igennem, l\u00e6ngere levetid p\u00e5 dioderne, ekstra korrosions modstand samt en h\u00f8jere IP-rating(IP65). Ved reng\u00f8ring brug v\u00e5d og bl\u00f8d bomuld.<\/p>\n<h2><em>Ekst<\/em><em>ern<\/em><em> Controller:<\/em><\/h2>\n<p>Lumatek Zeus modellerne kan ogs\u00e5 blive styret via deres egen digitale controller (<a href=\"https:\/\/lumatek-lighting.com\/lumatek-control-panel-plus\/\"><strong>Digital Panel Plus 2.0<\/strong><\/a>). Du f\u00e5r blandet andet fordele af nem tidsindstilling til din LED, automatisk dimmer (1% f\u00f8lsomhed), temperatur kontrol samt solopgang\/solnedgang mode. Du vil med denne enhed kunne kontrollere op til 100 LED-paneler p\u00e5 \u00e9n gang, til dig med et st\u00f8rre behov, der gerne vil g\u00f8re det nemt og l\u00e6kkert.<\/p>\n<h3>Spesifikasjoner:<\/h3>\n<p class=\"insidetext\"><b>Effektivitet: <\/b>Op til 2.9 \u00b5mol\/J<br \/>\n<b>PPF:\u00a0<\/b>1353 \u00b5mol\/s<br \/>\n<b>Input Voltage:\u00a0<\/b>220-240V, 50-60Hz<br \/>\n<b>Str\u00f8mforbruk: <\/b>475W (\u00b15%)<br \/>\n<b>D\u00e6kningsareal: <\/b>1.2&#215;1.2m<br \/>\n<b>IP Rating: <\/b>IP65<br \/>\n<b>Levetid: <\/b>+60 000 hrs<br \/>\n<b>Lysspredning: <\/b>120\u00b0<br \/>\n<b>Dioder: <\/b>Higher Spec Osram og Lumileds dioder<br \/>\n<b>Dimmer: <\/b>OFF-25%-50%-75%-100% med 0-10V Lys dimmer (Inkluderet)<br \/>\n<b>External Control:\u00a0<\/b>Med Lumatek Digital Panel Plus 2.0 (Ikke inkluderet)<br \/>\n<b>V\u00e6gt: <\/b>10 Kg<br \/>\n<b>Dimensioner: <\/b>998&#215;900.4&#215;51.9mm<br \/>\n<b>Spektrum: <\/b>Full Spectrum<br \/>\n<b>BTU (Med driver monteret): <\/b>1689BTUs\/h (Max)<br \/>\n<b>BTU (Med driver eksternt): <\/b>1571 BTUs\/h (Max)<\/p>","protected":false},"excerpt":{"rendered":"<p>ZEUS 600W PRO 2.9 &#8211; LUMATEK &#8211; Moderne teknologi med h\u00f8j effektivitet p\u00e5 2.9 \u00b5mol\/J der producerer et PPF-niveau p\u00e5 1353 \u00b5mol\/s Med det store teknologiske fremskridt og nye designs, er h\u00f8jkvalitets LED-paneler blevet en solid og fornuftig l\u00f8sning, der sikre dig en god \u00f8konomisk l\u00f8sning med betragtelig ROI(return on investment). Lumatek&#8217;s full spectrum LED [&hellip;]<\/p>\n","protected":false},"featured_media":54345,"template":"","meta":{"_acf_changed":false},"product_brand":[],"product_cat":[1815,1868,1863,1864],"product_tag":[],"class_list":{"0":"post-54342","1":"product","2":"type-product","3":"status-publish","4":"has-post-thumbnail","6":"product_cat-groudstyr","7":"product_cat-lumatek","8":"product_cat-lys","9":"product_cat-plantelys-led","11":"first","12":"onbackorder","13":"taxable","14":"shipping-taxable","15":"purchasable","16":"product-type-simple"},"acf":[],"yoast_head":"<!-- This site is optimized with the Yoast SEO plugin v26.9 - https:\/\/yoast.com\/product\/yoast-seo-wordpress\/ -->\n<title>LUMATEK - Zeus 465W pro 2.9 - Superseeds.dk<\/title>\n<meta name=\"robots\" content=\"index, follow, max-snippet:-1, max-image-preview:large, max-video-preview:-1\" \/>\n<link rel=\"canonical\" href=\"https:\/\/superseeds.dk\/no\/produkt\/lumatek-zeus-465w-pro-2-9\/\" \/>\n<meta property=\"og:locale\" content=\"nb_NO\" \/>\n<meta property=\"og:type\" content=\"article\" \/>\n<meta property=\"og:title\" content=\"LUMATEK - Zeus 465W pro 2.9 - Superseeds.dk\" \/>\n<meta property=\"og:description\" content=\"ZEUS 600W PRO 2.9 &#8211; LUMATEK &#8211; Moderne teknologi med h\u00f8j effektivitet p\u00e5 2.9 \u00b5mol\/J der producerer et PPF-niveau p\u00e5 1353 \u00b5mol\/s Med det store teknologiske fremskridt og nye designs, er h\u00f8jkvalitets LED-paneler blevet en solid og fornuftig l\u00f8sning, der sikre dig en god \u00f8konomisk l\u00f8sning med betragtelig ROI(return on investment). Lumatek&#8217;s full spectrum LED [&hellip;]\" \/>\n<meta property=\"og:url\" content=\"https:\/\/superseeds.dk\/no\/produkt\/lumatek-zeus-465w-pro-2-9\/\" \/>\n<meta property=\"og:site_name\" content=\"Superseeds.dk\" \/>\n<meta property=\"article:modified_time\" content=\"2025-01-30T21:00:58+00:00\" \/>\n<meta property=\"og:image\" content=\"https:\/\/superseeds.dk\/wp-content\/uploads\/2025\/01\/LUMATEK-\u2013-Zeus-465W-pro-2.9.png\" \/>\n\t<meta property=\"og:image:width\" content=\"1080\" \/>\n\t<meta property=\"og:image:height\" content=\"1080\" \/>\n\t<meta property=\"og:image:type\" content=\"image\/png\" \/>\n<meta name=\"twitter:card\" content=\"summary_large_image\" \/>\n<meta name=\"twitter:label1\" content=\"Ansl. lesetid\" \/>\n\t<meta name=\"twitter:data1\" content=\"2 minutter\" \/>\n<script type=\"application\/ld+json\" class=\"yoast-schema-graph\">{\"@context\":\"https:\/\/schema.org\",\"@graph\":[{\"@type\":\"WebPage\",\"@id\":\"https:\/\/superseeds.dk\/vare\/lumatek-zeus-465w-pro-2-9\/\",\"url\":\"https:\/\/superseeds.dk\/vare\/lumatek-zeus-465w-pro-2-9\/\",\"name\":\"LUMATEK - Zeus 465W pro 2.9 - Superseeds.dk\",\"isPartOf\":{\"@id\":\"https:\/\/super-seeds.se\/#website\"},\"primaryImageOfPage\":{\"@id\":\"https:\/\/superseeds.dk\/vare\/lumatek-zeus-465w-pro-2-9\/#primaryimage\"},\"image\":{\"@id\":\"https:\/\/superseeds.dk\/vare\/lumatek-zeus-465w-pro-2-9\/#primaryimage\"},\"thumbnailUrl\":\"https:\/\/superseeds.dk\/wp-content\/uploads\/2025\/01\/LUMATEK-\u2013-Zeus-465W-pro-2.9.png\",\"datePublished\":\"2025-01-30T21:00:55+00:00\",\"dateModified\":\"2025-01-30T21:00:58+00:00\",\"breadcrumb\":{\"@id\":\"https:\/\/superseeds.dk\/vare\/lumatek-zeus-465w-pro-2-9\/#breadcrumb\"},\"inLanguage\":\"nb-NO\",\"potentialAction\":[{\"@type\":\"ReadAction\",\"target\":[\"https:\/\/superseeds.dk\/vare\/lumatek-zeus-465w-pro-2-9\/\"]}]},{\"@type\":\"ImageObject\",\"inLanguage\":\"nb-NO\",\"@id\":\"https:\/\/superseeds.dk\/vare\/lumatek-zeus-465w-pro-2-9\/#primaryimage\",\"url\":\"https:\/\/superseeds.dk\/wp-content\/uploads\/2025\/01\/LUMATEK-\u2013-Zeus-465W-pro-2.9.png\",\"contentUrl\":\"https:\/\/superseeds.dk\/wp-content\/uploads\/2025\/01\/LUMATEK-\u2013-Zeus-465W-pro-2.9.png\",\"width\":1080,\"height\":1080},{\"@type\":\"BreadcrumbList\",\"@id\":\"https:\/\/superseeds.dk\/vare\/lumatek-zeus-465w-pro-2-9\/#breadcrumb\",\"itemListElement\":[{\"@type\":\"ListItem\",\"position\":1,\"name\":\"Hjem\",\"item\":\"https:\/\/superseeds.dk\/\"},{\"@type\":\"ListItem\",\"position\":2,\"name\":\"Shop\",\"item\":\"https:\/\/superseeds.dk\/no\/butikk\/\"},{\"@type\":\"ListItem\",\"position\":3,\"name\":\"LUMATEK &#8211; Zeus 465W pro 2.9\"}]},{\"@type\":\"WebSite\",\"@id\":\"https:\/\/super-seeds.se\/#website\",\"url\":\"https:\/\/super-seeds.se\/\",\"name\":\"Superseeds.dk\",\"description\":\"\",\"publisher\":{\"@id\":\"https:\/\/super-seeds.se\/#organization\"},\"potentialAction\":[{\"@type\":\"SearchAction\",\"target\":{\"@type\":\"EntryPoint\",\"urlTemplate\":\"https:\/\/super-seeds.se\/?s={search_term_string}\"},\"query-input\":{\"@type\":\"PropertyValueSpecification\",\"valueRequired\":true,\"valueName\":\"search_term_string\"}}],\"inLanguage\":\"nb-NO\"},{\"@type\":\"Organization\",\"@id\":\"https:\/\/super-seeds.se\/#organization\",\"name\":\"Superseeds.dk\",\"url\":\"https:\/\/super-seeds.se\/\",\"logo\":{\"@type\":\"ImageObject\",\"inLanguage\":\"nb-NO\",\"@id\":\"https:\/\/super-seeds.se\/#\/schema\/logo\/image\/\",\"url\":\"https:\/\/superseeds.dk\/wp-content\/uploads\/2025\/09\/logo-superseeds.png\",\"contentUrl\":\"https:\/\/superseeds.dk\/wp-content\/uploads\/2025\/09\/logo-superseeds.png\",\"width\":180,\"height\":160,\"caption\":\"Superseeds.dk\"},\"image\":{\"@id\":\"https:\/\/super-seeds.se\/#\/schema\/logo\/image\/\"}}]}<\/script>\n<!-- \/ Yoast SEO plugin. -->","yoast_head_json":{"title":"LUMATEK - Zeus 465W pro 2.9 - Superseeds.dk","robots":{"index":"index","follow":"follow","max-snippet":"max-snippet:-1","max-image-preview":"max-image-preview:large","max-video-preview":"max-video-preview:-1"},"canonical":"https:\/\/superseeds.dk\/no\/produkt\/lumatek-zeus-465w-pro-2-9\/","og_locale":"nb_NO","og_type":"article","og_title":"LUMATEK - Zeus 465W pro 2.9 - Superseeds.dk","og_description":"ZEUS 600W PRO 2.9 &#8211; LUMATEK &#8211; Moderne teknologi med h\u00f8j effektivitet p\u00e5 2.9 \u00b5mol\/J der producerer et PPF-niveau p\u00e5 1353 \u00b5mol\/s Med det store teknologiske fremskridt og nye designs, er h\u00f8jkvalitets LED-paneler blevet en solid og fornuftig l\u00f8sning, der sikre dig en god \u00f8konomisk l\u00f8sning med betragtelig ROI(return on investment). Lumatek&#8217;s full spectrum LED [&hellip;]","og_url":"https:\/\/superseeds.dk\/no\/produkt\/lumatek-zeus-465w-pro-2-9\/","og_site_name":"Superseeds.dk","article_modified_time":"2025-01-30T21:00:58+00:00","og_image":[{"width":1080,"height":1080,"url":"https:\/\/superseeds.dk\/wp-content\/uploads\/2025\/01\/LUMATEK-\u2013-Zeus-465W-pro-2.9.png","type":"image\/png"}],"twitter_card":"summary_large_image","twitter_misc":{"Ansl. lesetid":"2 minutter"},"schema":{"@context":"https:\/\/schema.org","@graph":[{"@type":"WebPage","@id":"https:\/\/superseeds.dk\/vare\/lumatek-zeus-465w-pro-2-9\/","url":"https:\/\/superseeds.dk\/vare\/lumatek-zeus-465w-pro-2-9\/","name":"LUMATEK - Zeus 465W pro 2.9 - Superseeds.dk","isPartOf":{"@id":"https:\/\/super-seeds.se\/#website"},"primaryImageOfPage":{"@id":"https:\/\/superseeds.dk\/vare\/lumatek-zeus-465w-pro-2-9\/#primaryimage"},"image":{"@id":"https:\/\/superseeds.dk\/vare\/lumatek-zeus-465w-pro-2-9\/#primaryimage"},"thumbnailUrl":"https:\/\/superseeds.dk\/wp-content\/uploads\/2025\/01\/LUMATEK-\u2013-Zeus-465W-pro-2.9.png","datePublished":"2025-01-30T21:00:55+00:00","dateModified":"2025-01-30T21:00:58+00:00","breadcrumb":{"@id":"https:\/\/superseeds.dk\/vare\/lumatek-zeus-465w-pro-2-9\/#breadcrumb"},"inLanguage":"nb-NO","potentialAction":[{"@type":"ReadAction","target":["https:\/\/superseeds.dk\/vare\/lumatek-zeus-465w-pro-2-9\/"]}]},{"@type":"ImageObject","inLanguage":"nb-NO","@id":"https:\/\/superseeds.dk\/vare\/lumatek-zeus-465w-pro-2-9\/#primaryimage","url":"https:\/\/superseeds.dk\/wp-content\/uploads\/2025\/01\/LUMATEK-\u2013-Zeus-465W-pro-2.9.png","contentUrl":"https:\/\/superseeds.dk\/wp-content\/uploads\/2025\/01\/LUMATEK-\u2013-Zeus-465W-pro-2.9.png","width":1080,"height":1080},{"@type":"BreadcrumbList","@id":"https:\/\/superseeds.dk\/vare\/lumatek-zeus-465w-pro-2-9\/#breadcrumb","itemListElement":[{"@type":"ListItem","position":1,"name":"Hjem","item":"https:\/\/superseeds.dk\/"},{"@type":"ListItem","position":2,"name":"Shop","item":"https:\/\/superseeds.dk\/no\/butikk\/"},{"@type":"ListItem","position":3,"name":"LUMATEK &#8211; Zeus 465W pro 2.9"}]},{"@type":"WebSite","@id":"https:\/\/super-seeds.se\/#website","url":"https:\/\/super-seeds.se\/","name":"Superseeds.com","description":"","publisher":{"@id":"https:\/\/super-seeds.se\/#organization"},"potentialAction":[{"@type":"SearchAction","target":{"@type":"EntryPoint","urlTemplate":"https:\/\/super-seeds.se\/?s={search_term_string}"},"query-input":{"@type":"PropertyValueSpecification","valueRequired":true,"valueName":"search_term_string"}}],"inLanguage":"nb-NO"},{"@type":"Organization","@id":"https:\/\/super-seeds.se\/#organization","name":"Superseeds.com","url":"https:\/\/super-seeds.se\/","logo":{"@type":"ImageObject","inLanguage":"nb-NO","@id":"https:\/\/super-seeds.se\/#\/schema\/logo\/image\/","url":"https:\/\/superseeds.dk\/wp-content\/uploads\/2025\/09\/logo-superseeds.png","contentUrl":"https:\/\/superseeds.dk\/wp-content\/uploads\/2025\/09\/logo-superseeds.png","width":180,"height":160,"caption":"Superseeds.dk"},"image":{"@id":"https:\/\/super-seeds.se\/#\/schema\/logo\/image\/"}}]}},"df_price":7699,"df_sale_price":"","df_regular_price":7699,"df_image_link":"https:\/\/superseeds.dk\/wp-content\/uploads\/2025\/01\/LUMATEK-\u2013-Zeus-465W-pro-2.9-1024x1024.png","_links":{"self":[{"href":"https:\/\/superseeds.dk\/no\/wp-json\/wp\/v2\/product\/54342","targetHints":{"allow":["GET"]}}],"collection":[{"href":"https:\/\/superseeds.dk\/no\/wp-json\/wp\/v2\/product"}],"about":[{"href":"https:\/\/superseeds.dk\/no\/wp-json\/wp\/v2\/types\/product"}],"wp:featuredmedia":[{"embeddable":true,"href":"https:\/\/superseeds.dk\/no\/wp-json\/wp\/v2\/media\/54345"}],"wp:attachment":[{"href":"https:\/\/superseeds.dk\/no\/wp-json\/wp\/v2\/media?parent=54342"}],"wp:term":[{"taxonomy":"product_brand","embeddable":true,"href":"https:\/\/superseeds.dk\/no\/wp-json\/wp\/v2\/product_brand?post=54342"},{"taxonomy":"product_cat","embeddable":true,"href":"https:\/\/superseeds.dk\/no\/wp-json\/wp\/v2\/product_cat?post=54342"},{"taxonomy":"product_tag","embeddable":true,"href":"https:\/\/superseeds.dk\/no\/wp-json\/wp\/v2\/product_tag?post=54342"}],"curies":[{"name":"wp","href":"https:\/\/api.w.org\/{rel}","templated":true}]}}