{"id":54257,"date":"2025-01-30T22:00:01","date_gmt":"2025-01-30T21:00:01","guid":{"rendered":"https:\/\/superseeds.dk\/vare\/bud-ignitor-advanced-nutrients\/"},"modified":"2025-01-30T22:00:04","modified_gmt":"2025-01-30T21:00:04","slug":"bud-ignitor-advanced-nutrients","status":"publish","type":"product","link":"https:\/\/superseeds.dk\/no\/produkt\/bud-ignitor-advanced-nutrients\/","title":{"rendered":"Bud Ignitor - Advanced Nutrients"},"content":{"rendered":"<p>N\u00e5r dine planter absorberer de blomstringsudl\u00f8sende planteekstraktmidler indeholdt i Bud Ignitor, overf\u00f8rer de straks al den energi, de havde lagt i vegetativ v\u00e6kst, direkte til et massivt udbrud af blomster.<\/p>\n<p>Efter at have \u00e6ndret dit lys og lysskema (12\/12), vil du begynde at se tegn p\u00e5 produktiv knopskydning inden for 5 dage i stedet for 10 eller mere uden. Desuden fremmer de specielle blomstringsfremmende ingredienser kortere internodale l\u00e6ngder, hvilket giver dig flere knopper pr. centimeter gren.<\/p>\n<p>Og blomsterne vil v\u00e6re st\u00f8rre, t\u00e6ttere og rigere p\u00e5 \u00e6teriske olier, fordi de vil have et stort forspring. Det bedste af det hele er, at Bud Ignitor g\u00f8r alt dette sikkert, fordi dens formulering kun indeholder 100 % rene, ikke-giftige ingredienser. Der er absolut ingen skadelige PGR&#8217;er (plantev\u00e6kstregulatorer) i dette \u2013 eller for den sags skyld, i nogen af \u200b\u200bderes produkter.<\/p>","protected":false},"excerpt":{"rendered":"<p>N\u00e5r dine planter absorberer de blomstringsudl\u00f8sende planteekstraktmidler indeholdt i Bud Ignitor, overf\u00f8rer de straks al den energi, de havde lagt i vegetativ v\u00e6kst, direkte til et massivt udbrud af blomster. Efter at have \u00e6ndret dit lys og lysskema (12\/12), vil du begynde at se tegn p\u00e5 produktiv knopskydning inden for 5 dage i stedet for [&hellip;]<\/p>\n","protected":false},"featured_media":54260,"template":"","meta":{"_acf_changed":false},"product_brand":[],"product_cat":[1867,1815,1836],"product_tag":[],"class_list":{"0":"post-54257","1":"product","2":"type-product","3":"status-publish","4":"has-post-thumbnail","6":"product_cat-advanced-nutrients","7":"product_cat-groudstyr","8":"product_cat-plantegoedning","9":"pa_antal-liter-1-l","10":"pa_antal-liter-4-l","11":"pa_liter-1-l","12":"pa_liter-10-l","13":"pa_liter-5-l","15":"first","16":"onbackorder","17":"taxable","18":"shipping-taxable","19":"purchasable","20":"product-type-variable","21":"wvs-archive-product-wrapper"},"acf":[],"yoast_head":"<!-- This site is optimized with the Yoast SEO plugin v26.9 - https:\/\/yoast.com\/product\/yoast-seo-wordpress\/ -->\n<title>Bud Ignitor - Advanced Nutrients - Superseeds.dk<\/title>\n<meta name=\"robots\" content=\"index, follow, max-snippet:-1, max-image-preview:large, max-video-preview:-1\" \/>\n<link rel=\"canonical\" href=\"https:\/\/superseeds.dk\/no\/produkt\/bud-ignitor-advanced-nutrients\/\" \/>\n<meta property=\"og:locale\" content=\"nb_NO\" \/>\n<meta property=\"og:type\" content=\"article\" \/>\n<meta property=\"og:title\" content=\"Bud Ignitor - Advanced Nutrients - Superseeds.dk\" \/>\n<meta property=\"og:description\" content=\"N\u00e5r dine planter absorberer de blomstringsudl\u00f8sende planteekstraktmidler indeholdt i Bud Ignitor, overf\u00f8rer de straks al den energi, de havde lagt i vegetativ v\u00e6kst, direkte til et massivt udbrud af blomster. Efter at have \u00e6ndret dit lys og lysskema (12\/12), vil du begynde at se tegn p\u00e5 produktiv knopskydning inden for 5 dage i stedet for [&hellip;]\" \/>\n<meta property=\"og:url\" content=\"https:\/\/superseeds.dk\/no\/produkt\/bud-ignitor-advanced-nutrients\/\" \/>\n<meta property=\"og:site_name\" content=\"Superseeds.dk\" \/>\n<meta property=\"article:modified_time\" content=\"2025-01-30T21:00:04+00:00\" \/>\n<meta property=\"og:image\" content=\"https:\/\/super-seeds.no\/wp-content\/uploads\/2025\/01\/Bud-Ignitor-\u2013-Advanced-Nutrients.png\" \/>\n\t<meta property=\"og:image:width\" content=\"1080\" \/>\n\t<meta property=\"og:image:height\" content=\"1080\" \/>\n\t<meta property=\"og:image:type\" content=\"image\/png\" \/>\n<meta name=\"twitter:card\" content=\"summary_large_image\" \/>\n<meta name=\"twitter:label1\" content=\"Ansl. lesetid\" \/>\n\t<meta name=\"twitter:data1\" content=\"1 minutt\" \/>\n<script type=\"application\/ld+json\" class=\"yoast-schema-graph\">{\"@context\":\"https:\/\/schema.org\",\"@graph\":[{\"@type\":\"WebPage\",\"@id\":\"https:\/\/superseeds.dk\/vare\/bud-ignitor-advanced-nutrients\/\",\"url\":\"https:\/\/superseeds.dk\/vare\/bud-ignitor-advanced-nutrients\/\",\"name\":\"Bud Ignitor - Advanced Nutrients - Superseeds.dk\",\"isPartOf\":{\"@id\":\"https:\/\/super-seeds.se\/#website\"},\"primaryImageOfPage\":{\"@id\":\"https:\/\/superseeds.dk\/vare\/bud-ignitor-advanced-nutrients\/#primaryimage\"},\"image\":{\"@id\":\"https:\/\/superseeds.dk\/vare\/bud-ignitor-advanced-nutrients\/#primaryimage\"},\"thumbnailUrl\":\"https:\/\/superseeds.dk\/wp-content\/uploads\/2025\/01\/Bud-Ignitor-\u2013-Advanced-Nutrients.png\",\"datePublished\":\"2025-01-30T21:00:01+00:00\",\"dateModified\":\"2025-01-30T21:00:04+00:00\",\"breadcrumb\":{\"@id\":\"https:\/\/superseeds.dk\/vare\/bud-ignitor-advanced-nutrients\/#breadcrumb\"},\"inLanguage\":\"nb-NO\",\"potentialAction\":[{\"@type\":\"ReadAction\",\"target\":[\"https:\/\/superseeds.dk\/vare\/bud-ignitor-advanced-nutrients\/\"]}]},{\"@type\":\"ImageObject\",\"inLanguage\":\"nb-NO\",\"@id\":\"https:\/\/superseeds.dk\/vare\/bud-ignitor-advanced-nutrients\/#primaryimage\",\"url\":\"https:\/\/superseeds.dk\/wp-content\/uploads\/2025\/01\/Bud-Ignitor-\u2013-Advanced-Nutrients.png\",\"contentUrl\":\"https:\/\/superseeds.dk\/wp-content\/uploads\/2025\/01\/Bud-Ignitor-\u2013-Advanced-Nutrients.png\",\"width\":1080,\"height\":1080},{\"@type\":\"BreadcrumbList\",\"@id\":\"https:\/\/superseeds.dk\/vare\/bud-ignitor-advanced-nutrients\/#breadcrumb\",\"itemListElement\":[{\"@type\":\"ListItem\",\"position\":1,\"name\":\"Hjem\",\"item\":\"https:\/\/superseeds.dk\/\"},{\"@type\":\"ListItem\",\"position\":2,\"name\":\"Shop\",\"item\":\"https:\/\/superseeds.dk\/no\/butikk\/\"},{\"@type\":\"ListItem\",\"position\":3,\"name\":\"Bud Ignitor &#8211; Advanced Nutrients\"}]},{\"@type\":\"WebSite\",\"@id\":\"https:\/\/super-seeds.se\/#website\",\"url\":\"https:\/\/super-seeds.se\/\",\"name\":\"Superseeds.dk\",\"description\":\"\",\"publisher\":{\"@id\":\"https:\/\/super-seeds.se\/#organization\"},\"potentialAction\":[{\"@type\":\"SearchAction\",\"target\":{\"@type\":\"EntryPoint\",\"urlTemplate\":\"https:\/\/super-seeds.se\/?s={search_term_string}\"},\"query-input\":{\"@type\":\"PropertyValueSpecification\",\"valueRequired\":true,\"valueName\":\"search_term_string\"}}],\"inLanguage\":\"nb-NO\"},{\"@type\":\"Organization\",\"@id\":\"https:\/\/super-seeds.se\/#organization\",\"name\":\"Superseeds.dk\",\"url\":\"https:\/\/super-seeds.se\/\",\"logo\":{\"@type\":\"ImageObject\",\"inLanguage\":\"nb-NO\",\"@id\":\"https:\/\/super-seeds.se\/#\/schema\/logo\/image\/\",\"url\":\"https:\/\/superseeds.dk\/wp-content\/uploads\/2025\/09\/logo-superseeds.png\",\"contentUrl\":\"https:\/\/superseeds.dk\/wp-content\/uploads\/2025\/09\/logo-superseeds.png\",\"width\":180,\"height\":160,\"caption\":\"Superseeds.dk\"},\"image\":{\"@id\":\"https:\/\/super-seeds.se\/#\/schema\/logo\/image\/\"}}]}<\/script>\n<!-- \/ Yoast SEO plugin. -->","yoast_head_json":{"title":"Bud Ignitor - Advanced Nutrients - Superseeds.dk","robots":{"index":"index","follow":"follow","max-snippet":"max-snippet:-1","max-image-preview":"max-image-preview:large","max-video-preview":"max-video-preview:-1"},"canonical":"https:\/\/superseeds.dk\/no\/produkt\/bud-ignitor-advanced-nutrients\/","og_locale":"nb_NO","og_type":"article","og_title":"Bud Ignitor - Advanced Nutrients - Superseeds.dk","og_description":"N\u00e5r dine planter absorberer de blomstringsudl\u00f8sende planteekstraktmidler indeholdt i Bud Ignitor, overf\u00f8rer de straks al den energi, de havde lagt i vegetativ v\u00e6kst, direkte til et massivt udbrud af blomster. Efter at have \u00e6ndret dit lys og lysskema (12\/12), vil du begynde at se tegn p\u00e5 produktiv knopskydning inden for 5 dage i stedet for [&hellip;]","og_url":"https:\/\/superseeds.dk\/no\/produkt\/bud-ignitor-advanced-nutrients\/","og_site_name":"Superseeds.dk","article_modified_time":"2025-01-30T21:00:04+00:00","og_image":[{"width":1080,"height":1080,"url":"https:\/\/super-seeds.no\/wp-content\/uploads\/2025\/01\/Bud-Ignitor-\u2013-Advanced-Nutrients.png","type":"image\/png"}],"twitter_card":"summary_large_image","twitter_misc":{"Ansl. lesetid":"1 minutt"},"schema":{"@context":"https:\/\/schema.org","@graph":[{"@type":"WebPage","@id":"https:\/\/superseeds.dk\/vare\/bud-ignitor-advanced-nutrients\/","url":"https:\/\/superseeds.dk\/vare\/bud-ignitor-advanced-nutrients\/","name":"Bud Ignitor - Advanced Nutrients - Superseeds.dk","isPartOf":{"@id":"https:\/\/super-seeds.se\/#website"},"primaryImageOfPage":{"@id":"https:\/\/superseeds.dk\/vare\/bud-ignitor-advanced-nutrients\/#primaryimage"},"image":{"@id":"https:\/\/superseeds.dk\/vare\/bud-ignitor-advanced-nutrients\/#primaryimage"},"thumbnailUrl":"https:\/\/superseeds.dk\/wp-content\/uploads\/2025\/01\/Bud-Ignitor-\u2013-Advanced-Nutrients.png","datePublished":"2025-01-30T21:00:01+00:00","dateModified":"2025-01-30T21:00:04+00:00","breadcrumb":{"@id":"https:\/\/superseeds.dk\/vare\/bud-ignitor-advanced-nutrients\/#breadcrumb"},"inLanguage":"nb-NO","potentialAction":[{"@type":"ReadAction","target":["https:\/\/superseeds.dk\/vare\/bud-ignitor-advanced-nutrients\/"]}]},{"@type":"ImageObject","inLanguage":"nb-NO","@id":"https:\/\/superseeds.dk\/vare\/bud-ignitor-advanced-nutrients\/#primaryimage","url":"https:\/\/superseeds.dk\/wp-content\/uploads\/2025\/01\/Bud-Ignitor-\u2013-Advanced-Nutrients.png","contentUrl":"https:\/\/superseeds.dk\/wp-content\/uploads\/2025\/01\/Bud-Ignitor-\u2013-Advanced-Nutrients.png","width":1080,"height":1080},{"@type":"BreadcrumbList","@id":"https:\/\/superseeds.dk\/vare\/bud-ignitor-advanced-nutrients\/#breadcrumb","itemListElement":[{"@type":"ListItem","position":1,"name":"Hjem","item":"https:\/\/superseeds.dk\/"},{"@type":"ListItem","position":2,"name":"Shop","item":"https:\/\/superseeds.dk\/no\/butikk\/"},{"@type":"ListItem","position":3,"name":"Bud Ignitor &#8211; Advanced Nutrients"}]},{"@type":"WebSite","@id":"https:\/\/super-seeds.se\/#website","url":"https:\/\/super-seeds.se\/","name":"Superseeds.com","description":"","publisher":{"@id":"https:\/\/super-seeds.se\/#organization"},"potentialAction":[{"@type":"SearchAction","target":{"@type":"EntryPoint","urlTemplate":"https:\/\/super-seeds.se\/?s={search_term_string}"},"query-input":{"@type":"PropertyValueSpecification","valueRequired":true,"valueName":"search_term_string"}}],"inLanguage":"nb-NO"},{"@type":"Organization","@id":"https:\/\/super-seeds.se\/#organization","name":"Superseeds.com","url":"https:\/\/super-seeds.se\/","logo":{"@type":"ImageObject","inLanguage":"nb-NO","@id":"https:\/\/super-seeds.se\/#\/schema\/logo\/image\/","url":"https:\/\/superseeds.dk\/wp-content\/uploads\/2025\/09\/logo-superseeds.png","contentUrl":"https:\/\/superseeds.dk\/wp-content\/uploads\/2025\/09\/logo-superseeds.png","width":180,"height":160,"caption":"Superseeds.dk"},"image":{"@id":"https:\/\/super-seeds.se\/#\/schema\/logo\/image\/"}}]}},"df_price":595,"df_sale_price":"","df_regular_price":595,"df_image_link":"https:\/\/superseeds.dk\/wp-content\/uploads\/2025\/01\/Bud-Ignitor-\u2013-Advanced-Nutrients-1024x1024.png","_links":{"self":[{"href":"https:\/\/superseeds.dk\/no\/wp-json\/wp\/v2\/product\/54257","targetHints":{"allow":["GET"]}}],"collection":[{"href":"https:\/\/superseeds.dk\/no\/wp-json\/wp\/v2\/product"}],"about":[{"href":"https:\/\/superseeds.dk\/no\/wp-json\/wp\/v2\/types\/product"}],"wp:featuredmedia":[{"embeddable":true,"href":"https:\/\/superseeds.dk\/no\/wp-json\/wp\/v2\/media\/54260"}],"wp:attachment":[{"href":"https:\/\/superseeds.dk\/no\/wp-json\/wp\/v2\/media?parent=54257"}],"wp:term":[{"taxonomy":"product_brand","embeddable":true,"href":"https:\/\/superseeds.dk\/no\/wp-json\/wp\/v2\/product_brand?post=54257"},{"taxonomy":"product_cat","embeddable":true,"href":"https:\/\/superseeds.dk\/no\/wp-json\/wp\/v2\/product_cat?post=54257"},{"taxonomy":"product_tag","embeddable":true,"href":"https:\/\/superseeds.dk\/no\/wp-json\/wp\/v2\/product_tag?post=54257"}],"curies":[{"name":"wp","href":"https:\/\/api.w.org\/{rel}","templated":true}]}}