{"id":54078,"date":"2025-01-30T21:57:40","date_gmt":"2025-01-30T20:57:40","guid":{"rendered":"https:\/\/superseeds.dk\/vare\/aqua-master-elektrode-rengoering-100-ml\/"},"modified":"2025-01-30T21:57:42","modified_gmt":"2025-01-30T20:57:42","slug":"aqua-master-elektrode-rengoering-100-ml","status":"publish","type":"product","link":"https:\/\/superseeds.dk\/no\/produkt\/aqua-master-elektrode-rengoering-100-ml\/","title":{"rendered":"Aqua Master - Elektroderengj\u00f8ring 100 ml"},"content":{"rendered":"<p>100 ml Cleaner D reng\u00f8ringsopl\u00f8sning tilg\u00e6ngelig pr. flaske eller pr. kasse med 18 flasker. Sporbar til NIST-standard. Luk umiddelbart efter brug. Opbevares mellem 15-35 \u00b0C. Beskyt mod lys. Undg\u00e5 udledning til milj\u00f8et.<\/p>","protected":false},"excerpt":{"rendered":"<p>100 ml Cleaner D reng\u00f8ringsopl\u00f8sning tilg\u00e6ngelig pr. flaske eller pr. kasse med 18 flasker. Sporbar til NIST-standard. Luk umiddelbart efter brug. Opbevares mellem 15-35 \u00b0C. Beskyt mod lys. Undg\u00e5 udledning til milj\u00f8et.<\/p>","protected":false},"featured_media":54080,"template":"","meta":{"_acf_changed":false},"product_brand":[],"product_cat":[1815,1841,1840],"product_tag":[],"class_list":{"0":"post-54078","1":"product","2":"type-product","3":"status-publish","4":"has-post-thumbnail","6":"product_cat-groudstyr","7":"product_cat-kalibreringsvaeske","8":"product_cat-ph-ec-maalere","10":"first","11":"instock","12":"taxable","13":"shipping-taxable","14":"purchasable","15":"product-type-simple"},"acf":[],"yoast_head":"<!-- This site is optimized with the Yoast SEO plugin v26.9 - https:\/\/yoast.com\/product\/yoast-seo-wordpress\/ -->\n<title>Aqua Master \u2013 Elektrode reng\u00f8ring 100 ml - Superseeds.dk<\/title>\n<meta name=\"robots\" content=\"index, follow, max-snippet:-1, max-image-preview:large, max-video-preview:-1\" \/>\n<link rel=\"canonical\" href=\"https:\/\/superseeds.dk\/no\/produkt\/aqua-master-elektrode-rengoering-100-ml\/\" \/>\n<meta property=\"og:locale\" content=\"nb_NO\" \/>\n<meta property=\"og:type\" content=\"article\" \/>\n<meta property=\"og:title\" content=\"Aqua Master \u2013 Elektrode reng\u00f8ring 100 ml - Superseeds.dk\" \/>\n<meta property=\"og:description\" content=\"100 ml Cleaner D reng\u00f8ringsopl\u00f8sning tilg\u00e6ngelig pr. flaske eller pr. kasse med 18 flasker. Sporbar til NIST-standard. Luk umiddelbart efter brug. Opbevares mellem 15-35 \u00b0C. Beskyt mod lys. Undg\u00e5 udledning til milj\u00f8et.\" \/>\n<meta property=\"og:url\" content=\"https:\/\/superseeds.dk\/no\/produkt\/aqua-master-elektrode-rengoering-100-ml\/\" \/>\n<meta property=\"og:site_name\" content=\"Superseeds.dk\" \/>\n<meta property=\"article:modified_time\" content=\"2025-01-30T20:57:42+00:00\" \/>\n<meta property=\"og:image\" content=\"https:\/\/superseeds.dk\/wp-content\/uploads\/2025\/01\/Aqua-Master-\u2013-Elektrode-rengoering-100-ml.png\" \/>\n\t<meta property=\"og:image:width\" content=\"1080\" \/>\n\t<meta property=\"og:image:height\" content=\"1080\" \/>\n\t<meta property=\"og:image:type\" content=\"image\/png\" \/>\n<meta name=\"twitter:card\" content=\"summary_large_image\" \/>\n<script type=\"application\/ld+json\" class=\"yoast-schema-graph\">{\"@context\":\"https:\/\/schema.org\",\"@graph\":[{\"@type\":\"WebPage\",\"@id\":\"https:\/\/superseeds.dk\/vare\/aqua-master-elektrode-rengoering-100-ml\/\",\"url\":\"https:\/\/superseeds.dk\/vare\/aqua-master-elektrode-rengoering-100-ml\/\",\"name\":\"Aqua Master \u2013 Elektrode reng\u00f8ring 100 ml - Superseeds.dk\",\"isPartOf\":{\"@id\":\"https:\/\/super-seeds.se\/#website\"},\"primaryImageOfPage\":{\"@id\":\"https:\/\/superseeds.dk\/vare\/aqua-master-elektrode-rengoering-100-ml\/#primaryimage\"},\"image\":{\"@id\":\"https:\/\/superseeds.dk\/vare\/aqua-master-elektrode-rengoering-100-ml\/#primaryimage\"},\"thumbnailUrl\":\"https:\/\/superseeds.dk\/wp-content\/uploads\/2025\/01\/Aqua-Master-\u2013-Elektrode-rengoering-100-ml.png\",\"datePublished\":\"2025-01-30T20:57:40+00:00\",\"dateModified\":\"2025-01-30T20:57:42+00:00\",\"breadcrumb\":{\"@id\":\"https:\/\/superseeds.dk\/vare\/aqua-master-elektrode-rengoering-100-ml\/#breadcrumb\"},\"inLanguage\":\"nb-NO\",\"potentialAction\":[{\"@type\":\"ReadAction\",\"target\":[\"https:\/\/superseeds.dk\/vare\/aqua-master-elektrode-rengoering-100-ml\/\"]}]},{\"@type\":\"ImageObject\",\"inLanguage\":\"nb-NO\",\"@id\":\"https:\/\/superseeds.dk\/vare\/aqua-master-elektrode-rengoering-100-ml\/#primaryimage\",\"url\":\"https:\/\/superseeds.dk\/wp-content\/uploads\/2025\/01\/Aqua-Master-\u2013-Elektrode-rengoering-100-ml.png\",\"contentUrl\":\"https:\/\/superseeds.dk\/wp-content\/uploads\/2025\/01\/Aqua-Master-\u2013-Elektrode-rengoering-100-ml.png\",\"width\":1080,\"height\":1080},{\"@type\":\"BreadcrumbList\",\"@id\":\"https:\/\/superseeds.dk\/vare\/aqua-master-elektrode-rengoering-100-ml\/#breadcrumb\",\"itemListElement\":[{\"@type\":\"ListItem\",\"position\":1,\"name\":\"Hjem\",\"item\":\"https:\/\/superseeds.dk\/\"},{\"@type\":\"ListItem\",\"position\":2,\"name\":\"Shop\",\"item\":\"https:\/\/superseeds.dk\/no\/butikk\/\"},{\"@type\":\"ListItem\",\"position\":3,\"name\":\"Aqua Master \u2013 Elektrode reng\u00f8ring 100 ml\"}]},{\"@type\":\"WebSite\",\"@id\":\"https:\/\/super-seeds.se\/#website\",\"url\":\"https:\/\/super-seeds.se\/\",\"name\":\"Superseeds.dk\",\"description\":\"\",\"publisher\":{\"@id\":\"https:\/\/super-seeds.se\/#organization\"},\"potentialAction\":[{\"@type\":\"SearchAction\",\"target\":{\"@type\":\"EntryPoint\",\"urlTemplate\":\"https:\/\/super-seeds.se\/?s={search_term_string}\"},\"query-input\":{\"@type\":\"PropertyValueSpecification\",\"valueRequired\":true,\"valueName\":\"search_term_string\"}}],\"inLanguage\":\"nb-NO\"},{\"@type\":\"Organization\",\"@id\":\"https:\/\/super-seeds.se\/#organization\",\"name\":\"Superseeds.dk\",\"url\":\"https:\/\/super-seeds.se\/\",\"logo\":{\"@type\":\"ImageObject\",\"inLanguage\":\"nb-NO\",\"@id\":\"https:\/\/super-seeds.se\/#\/schema\/logo\/image\/\",\"url\":\"https:\/\/superseeds.dk\/wp-content\/uploads\/2025\/09\/logo-superseeds.png\",\"contentUrl\":\"https:\/\/superseeds.dk\/wp-content\/uploads\/2025\/09\/logo-superseeds.png\",\"width\":180,\"height\":160,\"caption\":\"Superseeds.dk\"},\"image\":{\"@id\":\"https:\/\/super-seeds.se\/#\/schema\/logo\/image\/\"}}]}<\/script>\n<!-- \/ Yoast SEO plugin. -->","yoast_head_json":{"title":"Aqua Master \u2013 Elektrode reng\u00f8ring 100 ml - Superseeds.dk","robots":{"index":"index","follow":"follow","max-snippet":"max-snippet:-1","max-image-preview":"max-image-preview:large","max-video-preview":"max-video-preview:-1"},"canonical":"https:\/\/superseeds.dk\/no\/produkt\/aqua-master-elektrode-rengoering-100-ml\/","og_locale":"nb_NO","og_type":"article","og_title":"Aqua Master \u2013 Elektrode reng\u00f8ring 100 ml - Superseeds.dk","og_description":"100 ml Cleaner D reng\u00f8ringsopl\u00f8sning tilg\u00e6ngelig pr. flaske eller pr. kasse med 18 flasker. Sporbar til NIST-standard. Luk umiddelbart efter brug. Opbevares mellem 15-35 \u00b0C. Beskyt mod lys. Undg\u00e5 udledning til milj\u00f8et.","og_url":"https:\/\/superseeds.dk\/no\/produkt\/aqua-master-elektrode-rengoering-100-ml\/","og_site_name":"Superseeds.dk","article_modified_time":"2025-01-30T20:57:42+00:00","og_image":[{"width":1080,"height":1080,"url":"https:\/\/superseeds.dk\/wp-content\/uploads\/2025\/01\/Aqua-Master-\u2013-Elektrode-rengoering-100-ml.png","type":"image\/png"}],"twitter_card":"summary_large_image","schema":{"@context":"https:\/\/schema.org","@graph":[{"@type":"WebPage","@id":"https:\/\/superseeds.dk\/vare\/aqua-master-elektrode-rengoering-100-ml\/","url":"https:\/\/superseeds.dk\/vare\/aqua-master-elektrode-rengoering-100-ml\/","name":"Aqua Master \u2013 Elektrode reng\u00f8ring 100 ml - Superseeds.dk","isPartOf":{"@id":"https:\/\/super-seeds.se\/#website"},"primaryImageOfPage":{"@id":"https:\/\/superseeds.dk\/vare\/aqua-master-elektrode-rengoering-100-ml\/#primaryimage"},"image":{"@id":"https:\/\/superseeds.dk\/vare\/aqua-master-elektrode-rengoering-100-ml\/#primaryimage"},"thumbnailUrl":"https:\/\/superseeds.dk\/wp-content\/uploads\/2025\/01\/Aqua-Master-\u2013-Elektrode-rengoering-100-ml.png","datePublished":"2025-01-30T20:57:40+00:00","dateModified":"2025-01-30T20:57:42+00:00","breadcrumb":{"@id":"https:\/\/superseeds.dk\/vare\/aqua-master-elektrode-rengoering-100-ml\/#breadcrumb"},"inLanguage":"nb-NO","potentialAction":[{"@type":"ReadAction","target":["https:\/\/superseeds.dk\/vare\/aqua-master-elektrode-rengoering-100-ml\/"]}]},{"@type":"ImageObject","inLanguage":"nb-NO","@id":"https:\/\/superseeds.dk\/vare\/aqua-master-elektrode-rengoering-100-ml\/#primaryimage","url":"https:\/\/superseeds.dk\/wp-content\/uploads\/2025\/01\/Aqua-Master-\u2013-Elektrode-rengoering-100-ml.png","contentUrl":"https:\/\/superseeds.dk\/wp-content\/uploads\/2025\/01\/Aqua-Master-\u2013-Elektrode-rengoering-100-ml.png","width":1080,"height":1080},{"@type":"BreadcrumbList","@id":"https:\/\/superseeds.dk\/vare\/aqua-master-elektrode-rengoering-100-ml\/#breadcrumb","itemListElement":[{"@type":"ListItem","position":1,"name":"Hjem","item":"https:\/\/superseeds.dk\/"},{"@type":"ListItem","position":2,"name":"Shop","item":"https:\/\/superseeds.dk\/no\/butikk\/"},{"@type":"ListItem","position":3,"name":"Aqua Master \u2013 Elektrode reng\u00f8ring 100 ml"}]},{"@type":"WebSite","@id":"https:\/\/super-seeds.se\/#website","url":"https:\/\/super-seeds.se\/","name":"Superseeds.com","description":"","publisher":{"@id":"https:\/\/super-seeds.se\/#organization"},"potentialAction":[{"@type":"SearchAction","target":{"@type":"EntryPoint","urlTemplate":"https:\/\/super-seeds.se\/?s={search_term_string}"},"query-input":{"@type":"PropertyValueSpecification","valueRequired":true,"valueName":"search_term_string"}}],"inLanguage":"nb-NO"},{"@type":"Organization","@id":"https:\/\/super-seeds.se\/#organization","name":"Superseeds.com","url":"https:\/\/super-seeds.se\/","logo":{"@type":"ImageObject","inLanguage":"nb-NO","@id":"https:\/\/super-seeds.se\/#\/schema\/logo\/image\/","url":"https:\/\/superseeds.dk\/wp-content\/uploads\/2025\/09\/logo-superseeds.png","contentUrl":"https:\/\/superseeds.dk\/wp-content\/uploads\/2025\/09\/logo-superseeds.png","width":180,"height":160,"caption":"Superseeds.dk"},"image":{"@id":"https:\/\/super-seeds.se\/#\/schema\/logo\/image\/"}}]}},"df_price":47,"df_sale_price":"","df_regular_price":47,"df_image_link":"https:\/\/superseeds.dk\/wp-content\/uploads\/2025\/01\/Aqua-Master-\u2013-Elektrode-rengoering-100-ml-1024x1024.png","_links":{"self":[{"href":"https:\/\/superseeds.dk\/no\/wp-json\/wp\/v2\/product\/54078","targetHints":{"allow":["GET"]}}],"collection":[{"href":"https:\/\/superseeds.dk\/no\/wp-json\/wp\/v2\/product"}],"about":[{"href":"https:\/\/superseeds.dk\/no\/wp-json\/wp\/v2\/types\/product"}],"wp:featuredmedia":[{"embeddable":true,"href":"https:\/\/superseeds.dk\/no\/wp-json\/wp\/v2\/media\/54080"}],"wp:attachment":[{"href":"https:\/\/superseeds.dk\/no\/wp-json\/wp\/v2\/media?parent=54078"}],"wp:term":[{"taxonomy":"product_brand","embeddable":true,"href":"https:\/\/superseeds.dk\/no\/wp-json\/wp\/v2\/product_brand?post=54078"},{"taxonomy":"product_cat","embeddable":true,"href":"https:\/\/superseeds.dk\/no\/wp-json\/wp\/v2\/product_cat?post=54078"},{"taxonomy":"product_tag","embeddable":true,"href":"https:\/\/superseeds.dk\/no\/wp-json\/wp\/v2\/product_tag?post=54078"}],"curies":[{"name":"wp","href":"https:\/\/api.w.org\/{rel}","templated":true}]}}