{"id":53989,"date":"2025-01-30T21:50:55","date_gmt":"2025-01-30T20:50:55","guid":{"rendered":"https:\/\/superseeds.dk\/vare\/64-green-drynet-oe90\/"},"modified":"2025-01-30T21:50:58","modified_gmt":"2025-01-30T20:50:58","slug":"64-green-drynet-oe90","status":"publish","type":"product","link":"https:\/\/superseeds.dk\/no\/produkt\/64-green-drynet-oe90\/","title":{"rendered":"GR\u00d8NN DRYNET \u00d890"},"content":{"rendered":"","protected":false},"excerpt":{"rendered":"<p>virkelig\u00a0effektiv\u00a0m\u00e5de at t\u00f8rre sit f\u00e6rdige produkt p\u00e5, adskillige gartneriers foretrukne metode til t\u00f8rring &#8211; vil spare dig for b\u00e5de penge og tid.<\/p>","protected":false},"featured_media":53990,"template":"","meta":{"_acf_changed":false},"product_brand":[],"product_cat":[1798,1815,1833],"product_tag":[],"class_list":{"0":"post-53989","1":"product","2":"type-product","3":"status-publish","4":"has-post-thumbnail","6":"product_cat-efterbehandling","7":"product_cat-groudstyr","8":"product_cat-toerring","10":"first","11":"onbackorder","12":"taxable","13":"shipping-taxable","14":"purchasable","15":"product-type-simple"},"acf":[],"yoast_head":"<!-- This site is optimized with the Yoast SEO plugin v26.9 - https:\/\/yoast.com\/product\/yoast-seo-wordpress\/ -->\n<title>GREEN DRYNET \u00d890 - Superseeds.dk<\/title>\n<meta name=\"robots\" content=\"index, follow, max-snippet:-1, max-image-preview:large, max-video-preview:-1\" \/>\n<link rel=\"canonical\" href=\"https:\/\/superseeds.dk\/no\/produkt\/64-green-drynet-oe90\/\" \/>\n<meta property=\"og:locale\" content=\"nb_NO\" \/>\n<meta property=\"og:type\" content=\"article\" \/>\n<meta property=\"og:title\" content=\"GREEN DRYNET \u00d890 - Superseeds.dk\" \/>\n<meta property=\"og:description\" content=\"virkelig\u00a0effektiv\u00a0m\u00e5de at t\u00f8rre sit f\u00e6rdige produkt p\u00e5, adskillige gartneriers foretrukne metode til t\u00f8rring - vil spare dig for b\u00e5de penge og tid.\" \/>\n<meta property=\"og:url\" content=\"https:\/\/superseeds.dk\/no\/produkt\/64-green-drynet-oe90\/\" \/>\n<meta property=\"og:site_name\" content=\"Superseeds.dk\" \/>\n<meta property=\"article:modified_time\" content=\"2025-01-30T20:50:58+00:00\" \/>\n<meta property=\"og:image\" content=\"https:\/\/superseeds.dk\/wp-content\/uploads\/2025\/01\/GREEN-DRYNET-Oe90.png\" \/>\n\t<meta property=\"og:image:width\" content=\"1080\" \/>\n\t<meta property=\"og:image:height\" content=\"1080\" \/>\n\t<meta property=\"og:image:type\" content=\"image\/png\" \/>\n<meta name=\"twitter:card\" content=\"summary_large_image\" \/>\n<script type=\"application\/ld+json\" class=\"yoast-schema-graph\">{\"@context\":\"https:\/\/schema.org\",\"@graph\":[{\"@type\":\"WebPage\",\"@id\":\"https:\/\/superseeds.dk\/vare\/64-green-drynet-oe90\/\",\"url\":\"https:\/\/superseeds.dk\/vare\/64-green-drynet-oe90\/\",\"name\":\"GREEN DRYNET \u00d890 - Superseeds.dk\",\"isPartOf\":{\"@id\":\"https:\/\/super-seeds.se\/#website\"},\"primaryImageOfPage\":{\"@id\":\"https:\/\/superseeds.dk\/vare\/64-green-drynet-oe90\/#primaryimage\"},\"image\":{\"@id\":\"https:\/\/superseeds.dk\/vare\/64-green-drynet-oe90\/#primaryimage\"},\"thumbnailUrl\":\"https:\/\/superseeds.dk\/wp-content\/uploads\/2025\/01\/GREEN-DRYNET-Oe90.png\",\"datePublished\":\"2025-01-30T20:50:55+00:00\",\"dateModified\":\"2025-01-30T20:50:58+00:00\",\"breadcrumb\":{\"@id\":\"https:\/\/superseeds.dk\/vare\/64-green-drynet-oe90\/#breadcrumb\"},\"inLanguage\":\"nb-NO\",\"potentialAction\":[{\"@type\":\"ReadAction\",\"target\":[\"https:\/\/superseeds.dk\/vare\/64-green-drynet-oe90\/\"]}]},{\"@type\":\"ImageObject\",\"inLanguage\":\"nb-NO\",\"@id\":\"https:\/\/superseeds.dk\/vare\/64-green-drynet-oe90\/#primaryimage\",\"url\":\"https:\/\/superseeds.dk\/wp-content\/uploads\/2025\/01\/GREEN-DRYNET-Oe90.png\",\"contentUrl\":\"https:\/\/superseeds.dk\/wp-content\/uploads\/2025\/01\/GREEN-DRYNET-Oe90.png\",\"width\":1080,\"height\":1080},{\"@type\":\"BreadcrumbList\",\"@id\":\"https:\/\/superseeds.dk\/vare\/64-green-drynet-oe90\/#breadcrumb\",\"itemListElement\":[{\"@type\":\"ListItem\",\"position\":1,\"name\":\"Hjem\",\"item\":\"https:\/\/superseeds.dk\/\"},{\"@type\":\"ListItem\",\"position\":2,\"name\":\"Shop\",\"item\":\"https:\/\/superseeds.dk\/no\/butikk\/\"},{\"@type\":\"ListItem\",\"position\":3,\"name\":\"GREEN DRYNET \u00d890\"}]},{\"@type\":\"WebSite\",\"@id\":\"https:\/\/super-seeds.se\/#website\",\"url\":\"https:\/\/super-seeds.se\/\",\"name\":\"Superseeds.dk\",\"description\":\"\",\"publisher\":{\"@id\":\"https:\/\/super-seeds.se\/#organization\"},\"potentialAction\":[{\"@type\":\"SearchAction\",\"target\":{\"@type\":\"EntryPoint\",\"urlTemplate\":\"https:\/\/super-seeds.se\/?s={search_term_string}\"},\"query-input\":{\"@type\":\"PropertyValueSpecification\",\"valueRequired\":true,\"valueName\":\"search_term_string\"}}],\"inLanguage\":\"nb-NO\"},{\"@type\":\"Organization\",\"@id\":\"https:\/\/super-seeds.se\/#organization\",\"name\":\"Superseeds.dk\",\"url\":\"https:\/\/super-seeds.se\/\",\"logo\":{\"@type\":\"ImageObject\",\"inLanguage\":\"nb-NO\",\"@id\":\"https:\/\/super-seeds.se\/#\/schema\/logo\/image\/\",\"url\":\"https:\/\/superseeds.dk\/wp-content\/uploads\/2025\/09\/logo-superseeds.png\",\"contentUrl\":\"https:\/\/superseeds.dk\/wp-content\/uploads\/2025\/09\/logo-superseeds.png\",\"width\":180,\"height\":160,\"caption\":\"Superseeds.dk\"},\"image\":{\"@id\":\"https:\/\/super-seeds.se\/#\/schema\/logo\/image\/\"}}]}<\/script>\n<!-- \/ Yoast SEO plugin. -->","yoast_head_json":{"title":"GREEN DRYNET \u00d890 - Superseeds.dk","robots":{"index":"index","follow":"follow","max-snippet":"max-snippet:-1","max-image-preview":"max-image-preview:large","max-video-preview":"max-video-preview:-1"},"canonical":"https:\/\/superseeds.dk\/no\/produkt\/64-green-drynet-oe90\/","og_locale":"nb_NO","og_type":"article","og_title":"GREEN DRYNET \u00d890 - Superseeds.dk","og_description":"virkelig\u00a0effektiv\u00a0m\u00e5de at t\u00f8rre sit f\u00e6rdige produkt p\u00e5, adskillige gartneriers foretrukne metode til t\u00f8rring - vil spare dig for b\u00e5de penge og tid.","og_url":"https:\/\/superseeds.dk\/no\/produkt\/64-green-drynet-oe90\/","og_site_name":"Superseeds.dk","article_modified_time":"2025-01-30T20:50:58+00:00","og_image":[{"width":1080,"height":1080,"url":"https:\/\/superseeds.dk\/wp-content\/uploads\/2025\/01\/GREEN-DRYNET-Oe90.png","type":"image\/png"}],"twitter_card":"summary_large_image","schema":{"@context":"https:\/\/schema.org","@graph":[{"@type":"WebPage","@id":"https:\/\/superseeds.dk\/vare\/64-green-drynet-oe90\/","url":"https:\/\/superseeds.dk\/vare\/64-green-drynet-oe90\/","name":"GREEN DRYNET \u00d890 - Superseeds.dk","isPartOf":{"@id":"https:\/\/super-seeds.se\/#website"},"primaryImageOfPage":{"@id":"https:\/\/superseeds.dk\/vare\/64-green-drynet-oe90\/#primaryimage"},"image":{"@id":"https:\/\/superseeds.dk\/vare\/64-green-drynet-oe90\/#primaryimage"},"thumbnailUrl":"https:\/\/superseeds.dk\/wp-content\/uploads\/2025\/01\/GREEN-DRYNET-Oe90.png","datePublished":"2025-01-30T20:50:55+00:00","dateModified":"2025-01-30T20:50:58+00:00","breadcrumb":{"@id":"https:\/\/superseeds.dk\/vare\/64-green-drynet-oe90\/#breadcrumb"},"inLanguage":"nb-NO","potentialAction":[{"@type":"ReadAction","target":["https:\/\/superseeds.dk\/vare\/64-green-drynet-oe90\/"]}]},{"@type":"ImageObject","inLanguage":"nb-NO","@id":"https:\/\/superseeds.dk\/vare\/64-green-drynet-oe90\/#primaryimage","url":"https:\/\/superseeds.dk\/wp-content\/uploads\/2025\/01\/GREEN-DRYNET-Oe90.png","contentUrl":"https:\/\/superseeds.dk\/wp-content\/uploads\/2025\/01\/GREEN-DRYNET-Oe90.png","width":1080,"height":1080},{"@type":"BreadcrumbList","@id":"https:\/\/superseeds.dk\/vare\/64-green-drynet-oe90\/#breadcrumb","itemListElement":[{"@type":"ListItem","position":1,"name":"Hjem","item":"https:\/\/superseeds.dk\/"},{"@type":"ListItem","position":2,"name":"Shop","item":"https:\/\/superseeds.dk\/no\/butikk\/"},{"@type":"ListItem","position":3,"name":"GREEN DRYNET \u00d890"}]},{"@type":"WebSite","@id":"https:\/\/super-seeds.se\/#website","url":"https:\/\/super-seeds.se\/","name":"Superseeds.com","description":"","publisher":{"@id":"https:\/\/super-seeds.se\/#organization"},"potentialAction":[{"@type":"SearchAction","target":{"@type":"EntryPoint","urlTemplate":"https:\/\/super-seeds.se\/?s={search_term_string}"},"query-input":{"@type":"PropertyValueSpecification","valueRequired":true,"valueName":"search_term_string"}}],"inLanguage":"nb-NO"},{"@type":"Organization","@id":"https:\/\/super-seeds.se\/#organization","name":"Superseeds.com","url":"https:\/\/super-seeds.se\/","logo":{"@type":"ImageObject","inLanguage":"nb-NO","@id":"https:\/\/super-seeds.se\/#\/schema\/logo\/image\/","url":"https:\/\/superseeds.dk\/wp-content\/uploads\/2025\/09\/logo-superseeds.png","contentUrl":"https:\/\/superseeds.dk\/wp-content\/uploads\/2025\/09\/logo-superseeds.png","width":180,"height":160,"caption":"Superseeds.dk"},"image":{"@id":"https:\/\/super-seeds.se\/#\/schema\/logo\/image\/"}}]}},"df_price":320,"df_sale_price":"","df_regular_price":320,"df_image_link":"https:\/\/superseeds.dk\/wp-content\/uploads\/2025\/01\/GREEN-DRYNET-Oe90-1024x1024.png","_links":{"self":[{"href":"https:\/\/superseeds.dk\/no\/wp-json\/wp\/v2\/product\/53989","targetHints":{"allow":["GET"]}}],"collection":[{"href":"https:\/\/superseeds.dk\/no\/wp-json\/wp\/v2\/product"}],"about":[{"href":"https:\/\/superseeds.dk\/no\/wp-json\/wp\/v2\/types\/product"}],"wp:featuredmedia":[{"embeddable":true,"href":"https:\/\/superseeds.dk\/no\/wp-json\/wp\/v2\/media\/53990"}],"wp:attachment":[{"href":"https:\/\/superseeds.dk\/no\/wp-json\/wp\/v2\/media?parent=53989"}],"wp:term":[{"taxonomy":"product_brand","embeddable":true,"href":"https:\/\/superseeds.dk\/no\/wp-json\/wp\/v2\/product_brand?post=53989"},{"taxonomy":"product_cat","embeddable":true,"href":"https:\/\/superseeds.dk\/no\/wp-json\/wp\/v2\/product_cat?post=53989"},{"taxonomy":"product_tag","embeddable":true,"href":"https:\/\/superseeds.dk\/no\/wp-json\/wp\/v2\/product_tag?post=53989"}],"curies":[{"name":"wp","href":"https:\/\/api.w.org\/{rel}","templated":true}]}}