{"id":53982,"date":"2025-01-30T21:50:45","date_gmt":"2025-01-30T20:50:45","guid":{"rendered":"https:\/\/superseeds.dk\/vare\/74-airontek-microscope-60x-100x\/"},"modified":"2025-01-30T21:50:48","modified_gmt":"2025-01-30T20:50:48","slug":"74-airontek-microscope-60x-100x","status":"publish","type":"product","link":"https:\/\/superseeds.dk\/no\/produkt\/74-airontek-microscope-60x-100x\/","title":{"rendered":"AIRONTEK &#8211; MICROSCOPE 60X\/100X"},"content":{"rendered":"","protected":false},"excerpt":{"rendered":"<h1>Lomme Mikroskop 60-100x<\/h1>\n<p>Dette Lomme Mikroskop 60-100x er et instrument, der anvendes til at se og studere objekter. Objekter som er for sm\u00e5 til det blotte \u00f8je. Lomme Mikroskoper bliver typisk brugt til at se efter, eller til at bestemme skadedyr, og er uundv\u00e6rlige til dette. Hvis du har skader af den ene eller anden art p\u00e5 dine blade eller planter er det super smart at bruge et mikroskop til at se n\u00e6rmere p\u00e5 dette. Mange bruger ogs\u00e5 disse til at tjekke hvorn\u00e5r h\u00f8sten skal ske helt pr\u00e6cist.<\/p>\n<p><strong>Informasjon:<\/strong><\/p>\n<ul>\n<li>Forst\u00f8rrelse 60-100x<\/li>\n<li>Kommer i et l\u00e6der etui<\/li>\n<li>3 x LR1130 batterier medf\u00f8lger<\/li>\n<li>l\u00e6ngde 8 cm<\/li>\n<\/ul>","protected":false},"featured_media":53983,"template":"","meta":{"_acf_changed":false},"product_brand":[],"product_cat":[1798,1826],"product_tag":[],"class_list":{"0":"post-53982","1":"product","2":"type-product","3":"status-publish","4":"has-post-thumbnail","6":"product_cat-efterbehandling","7":"product_cat-microskop","9":"first","10":"onbackorder","11":"taxable","12":"shipping-taxable","13":"purchasable","14":"product-type-simple"},"acf":[],"yoast_head":"<!-- This site is optimized with the Yoast SEO plugin v26.9 - https:\/\/yoast.com\/product\/yoast-seo-wordpress\/ -->\n<title>AIRONTEK - MICROSCOPE 60X\/100X - Superseeds.dk<\/title>\n<meta name=\"robots\" content=\"index, follow, max-snippet:-1, max-image-preview:large, max-video-preview:-1\" \/>\n<link rel=\"canonical\" href=\"https:\/\/superseeds.dk\/no\/produkt\/74-airontek-microscope-60x-100x\/\" \/>\n<meta property=\"og:locale\" content=\"nb_NO\" \/>\n<meta property=\"og:type\" content=\"article\" \/>\n<meta property=\"og:title\" content=\"AIRONTEK - MICROSCOPE 60X\/100X - Superseeds.dk\" \/>\n<meta property=\"og:description\" content=\"Lomme Mikroskop 60-100x Dette Lomme Mikroskop 60-100x er et instrument, der anvendes til at se og studere objekter. Objekter som er for sm\u00e5 til det blotte \u00f8je. Lomme Mikroskoper bliver typisk brugt til at se efter, eller til at bestemme skadedyr, og er uundv\u00e6rlige til dette. Hvis du har skader af den ene eller anden art p\u00e5 dine blade eller planter er det super smart at bruge et mikroskop til at se n\u00e6rmere p\u00e5 dette. Mange bruger ogs\u00e5 disse til at tjekke hvorn\u00e5r h\u00f8sten skal ske helt pr\u00e6cist.  Information:   Forst\u00f8rrelse 60-100x  Kommer i et l\u00e6der etui  3 x LR1130 batterier medf\u00f8lger  l\u00e6ngde 8 cm\" \/>\n<meta property=\"og:url\" content=\"https:\/\/superseeds.dk\/no\/produkt\/74-airontek-microscope-60x-100x\/\" \/>\n<meta property=\"og:site_name\" content=\"Superseeds.dk\" \/>\n<meta property=\"article:modified_time\" content=\"2025-01-30T20:50:48+00:00\" \/>\n<meta property=\"og:image\" content=\"https:\/\/superseeds.dk\/wp-content\/uploads\/2025\/01\/AIRONTEK-\u2013-MICROSCOPE-60X100X.png\" \/>\n\t<meta property=\"og:image:width\" content=\"1080\" \/>\n\t<meta property=\"og:image:height\" content=\"1080\" \/>\n\t<meta property=\"og:image:type\" content=\"image\/png\" \/>\n<meta name=\"twitter:card\" content=\"summary_large_image\" \/>\n<script type=\"application\/ld+json\" class=\"yoast-schema-graph\">{\"@context\":\"https:\/\/schema.org\",\"@graph\":[{\"@type\":\"WebPage\",\"@id\":\"https:\/\/superseeds.dk\/vare\/74-airontek-microscope-60x-100x\/\",\"url\":\"https:\/\/superseeds.dk\/vare\/74-airontek-microscope-60x-100x\/\",\"name\":\"AIRONTEK - MICROSCOPE 60X\/100X - Superseeds.dk\",\"isPartOf\":{\"@id\":\"https:\/\/super-seeds.se\/#website\"},\"primaryImageOfPage\":{\"@id\":\"https:\/\/superseeds.dk\/vare\/74-airontek-microscope-60x-100x\/#primaryimage\"},\"image\":{\"@id\":\"https:\/\/superseeds.dk\/vare\/74-airontek-microscope-60x-100x\/#primaryimage\"},\"thumbnailUrl\":\"https:\/\/superseeds.dk\/wp-content\/uploads\/2025\/01\/AIRONTEK-\u2013-MICROSCOPE-60X100X.png\",\"datePublished\":\"2025-01-30T20:50:45+00:00\",\"dateModified\":\"2025-01-30T20:50:48+00:00\",\"breadcrumb\":{\"@id\":\"https:\/\/superseeds.dk\/vare\/74-airontek-microscope-60x-100x\/#breadcrumb\"},\"inLanguage\":\"nb-NO\",\"potentialAction\":[{\"@type\":\"ReadAction\",\"target\":[\"https:\/\/superseeds.dk\/vare\/74-airontek-microscope-60x-100x\/\"]}]},{\"@type\":\"ImageObject\",\"inLanguage\":\"nb-NO\",\"@id\":\"https:\/\/superseeds.dk\/vare\/74-airontek-microscope-60x-100x\/#primaryimage\",\"url\":\"https:\/\/superseeds.dk\/wp-content\/uploads\/2025\/01\/AIRONTEK-\u2013-MICROSCOPE-60X100X.png\",\"contentUrl\":\"https:\/\/superseeds.dk\/wp-content\/uploads\/2025\/01\/AIRONTEK-\u2013-MICROSCOPE-60X100X.png\",\"width\":1080,\"height\":1080},{\"@type\":\"BreadcrumbList\",\"@id\":\"https:\/\/superseeds.dk\/vare\/74-airontek-microscope-60x-100x\/#breadcrumb\",\"itemListElement\":[{\"@type\":\"ListItem\",\"position\":1,\"name\":\"Hjem\",\"item\":\"https:\/\/superseeds.dk\/\"},{\"@type\":\"ListItem\",\"position\":2,\"name\":\"Shop\",\"item\":\"https:\/\/superseeds.dk\/no\/butikk\/\"},{\"@type\":\"ListItem\",\"position\":3,\"name\":\"AIRONTEK &#8211; MICROSCOPE 60X\/100X\"}]},{\"@type\":\"WebSite\",\"@id\":\"https:\/\/super-seeds.se\/#website\",\"url\":\"https:\/\/super-seeds.se\/\",\"name\":\"Superseeds.dk\",\"description\":\"\",\"publisher\":{\"@id\":\"https:\/\/super-seeds.se\/#organization\"},\"potentialAction\":[{\"@type\":\"SearchAction\",\"target\":{\"@type\":\"EntryPoint\",\"urlTemplate\":\"https:\/\/super-seeds.se\/?s={search_term_string}\"},\"query-input\":{\"@type\":\"PropertyValueSpecification\",\"valueRequired\":true,\"valueName\":\"search_term_string\"}}],\"inLanguage\":\"nb-NO\"},{\"@type\":\"Organization\",\"@id\":\"https:\/\/super-seeds.se\/#organization\",\"name\":\"Superseeds.dk\",\"url\":\"https:\/\/super-seeds.se\/\",\"logo\":{\"@type\":\"ImageObject\",\"inLanguage\":\"nb-NO\",\"@id\":\"https:\/\/super-seeds.se\/#\/schema\/logo\/image\/\",\"url\":\"https:\/\/superseeds.dk\/wp-content\/uploads\/2025\/09\/logo-superseeds.png\",\"contentUrl\":\"https:\/\/superseeds.dk\/wp-content\/uploads\/2025\/09\/logo-superseeds.png\",\"width\":180,\"height\":160,\"caption\":\"Superseeds.dk\"},\"image\":{\"@id\":\"https:\/\/super-seeds.se\/#\/schema\/logo\/image\/\"}}]}<\/script>\n<!-- \/ Yoast SEO plugin. -->","yoast_head_json":{"title":"AIRONTEK - MICROSCOPE 60X\/100X - Superseeds.dk","robots":{"index":"index","follow":"follow","max-snippet":"max-snippet:-1","max-image-preview":"max-image-preview:large","max-video-preview":"max-video-preview:-1"},"canonical":"https:\/\/superseeds.dk\/no\/produkt\/74-airontek-microscope-60x-100x\/","og_locale":"nb_NO","og_type":"article","og_title":"AIRONTEK - MICROSCOPE 60X\/100X - Superseeds.dk","og_description":"Lomme Mikroskop 60-100x Dette Lomme Mikroskop 60-100x er et instrument, der anvendes til at se og studere objekter. Objekter som er for sm\u00e5 til det blotte \u00f8je. Lomme Mikroskoper bliver typisk brugt til at se efter, eller til at bestemme skadedyr, og er uundv\u00e6rlige til dette. Hvis du har skader af den ene eller anden art p\u00e5 dine blade eller planter er det super smart at bruge et mikroskop til at se n\u00e6rmere p\u00e5 dette. Mange bruger ogs\u00e5 disse til at tjekke hvorn\u00e5r h\u00f8sten skal ske helt pr\u00e6cist.  Information:   Forst\u00f8rrelse 60-100x  Kommer i et l\u00e6der etui  3 x LR1130 batterier medf\u00f8lger  l\u00e6ngde 8 cm","og_url":"https:\/\/superseeds.dk\/no\/produkt\/74-airontek-microscope-60x-100x\/","og_site_name":"Superseeds.dk","article_modified_time":"2025-01-30T20:50:48+00:00","og_image":[{"width":1080,"height":1080,"url":"https:\/\/superseeds.dk\/wp-content\/uploads\/2025\/01\/AIRONTEK-\u2013-MICROSCOPE-60X100X.png","type":"image\/png"}],"twitter_card":"summary_large_image","schema":{"@context":"https:\/\/schema.org","@graph":[{"@type":"WebPage","@id":"https:\/\/superseeds.dk\/vare\/74-airontek-microscope-60x-100x\/","url":"https:\/\/superseeds.dk\/vare\/74-airontek-microscope-60x-100x\/","name":"AIRONTEK - MICROSCOPE 60X\/100X - Superseeds.dk","isPartOf":{"@id":"https:\/\/super-seeds.se\/#website"},"primaryImageOfPage":{"@id":"https:\/\/superseeds.dk\/vare\/74-airontek-microscope-60x-100x\/#primaryimage"},"image":{"@id":"https:\/\/superseeds.dk\/vare\/74-airontek-microscope-60x-100x\/#primaryimage"},"thumbnailUrl":"https:\/\/superseeds.dk\/wp-content\/uploads\/2025\/01\/AIRONTEK-\u2013-MICROSCOPE-60X100X.png","datePublished":"2025-01-30T20:50:45+00:00","dateModified":"2025-01-30T20:50:48+00:00","breadcrumb":{"@id":"https:\/\/superseeds.dk\/vare\/74-airontek-microscope-60x-100x\/#breadcrumb"},"inLanguage":"nb-NO","potentialAction":[{"@type":"ReadAction","target":["https:\/\/superseeds.dk\/vare\/74-airontek-microscope-60x-100x\/"]}]},{"@type":"ImageObject","inLanguage":"nb-NO","@id":"https:\/\/superseeds.dk\/vare\/74-airontek-microscope-60x-100x\/#primaryimage","url":"https:\/\/superseeds.dk\/wp-content\/uploads\/2025\/01\/AIRONTEK-\u2013-MICROSCOPE-60X100X.png","contentUrl":"https:\/\/superseeds.dk\/wp-content\/uploads\/2025\/01\/AIRONTEK-\u2013-MICROSCOPE-60X100X.png","width":1080,"height":1080},{"@type":"BreadcrumbList","@id":"https:\/\/superseeds.dk\/vare\/74-airontek-microscope-60x-100x\/#breadcrumb","itemListElement":[{"@type":"ListItem","position":1,"name":"Hjem","item":"https:\/\/superseeds.dk\/"},{"@type":"ListItem","position":2,"name":"Shop","item":"https:\/\/superseeds.dk\/no\/butikk\/"},{"@type":"ListItem","position":3,"name":"AIRONTEK &#8211; MICROSCOPE 60X\/100X"}]},{"@type":"WebSite","@id":"https:\/\/super-seeds.se\/#website","url":"https:\/\/super-seeds.se\/","name":"Superseeds.com","description":"","publisher":{"@id":"https:\/\/super-seeds.se\/#organization"},"potentialAction":[{"@type":"SearchAction","target":{"@type":"EntryPoint","urlTemplate":"https:\/\/super-seeds.se\/?s={search_term_string}"},"query-input":{"@type":"PropertyValueSpecification","valueRequired":true,"valueName":"search_term_string"}}],"inLanguage":"nb-NO"},{"@type":"Organization","@id":"https:\/\/super-seeds.se\/#organization","name":"Superseeds.com","url":"https:\/\/super-seeds.se\/","logo":{"@type":"ImageObject","inLanguage":"nb-NO","@id":"https:\/\/super-seeds.se\/#\/schema\/logo\/image\/","url":"https:\/\/superseeds.dk\/wp-content\/uploads\/2025\/09\/logo-superseeds.png","contentUrl":"https:\/\/superseeds.dk\/wp-content\/uploads\/2025\/09\/logo-superseeds.png","width":180,"height":160,"caption":"Superseeds.dk"},"image":{"@id":"https:\/\/super-seeds.se\/#\/schema\/logo\/image\/"}}]}},"df_price":120,"df_sale_price":"","df_regular_price":120,"df_image_link":"https:\/\/superseeds.dk\/wp-content\/uploads\/2025\/01\/AIRONTEK-\u2013-MICROSCOPE-60X100X-1024x1024.png","_links":{"self":[{"href":"https:\/\/superseeds.dk\/no\/wp-json\/wp\/v2\/product\/53982","targetHints":{"allow":["GET"]}}],"collection":[{"href":"https:\/\/superseeds.dk\/no\/wp-json\/wp\/v2\/product"}],"about":[{"href":"https:\/\/superseeds.dk\/no\/wp-json\/wp\/v2\/types\/product"}],"wp:featuredmedia":[{"embeddable":true,"href":"https:\/\/superseeds.dk\/no\/wp-json\/wp\/v2\/media\/53983"}],"wp:attachment":[{"href":"https:\/\/superseeds.dk\/no\/wp-json\/wp\/v2\/media?parent=53982"}],"wp:term":[{"taxonomy":"product_brand","embeddable":true,"href":"https:\/\/superseeds.dk\/no\/wp-json\/wp\/v2\/product_brand?post=53982"},{"taxonomy":"product_cat","embeddable":true,"href":"https:\/\/superseeds.dk\/no\/wp-json\/wp\/v2\/product_cat?post=53982"},{"taxonomy":"product_tag","embeddable":true,"href":"https:\/\/superseeds.dk\/no\/wp-json\/wp\/v2\/product_tag?post=53982"}],"curies":[{"name":"wp","href":"https:\/\/api.w.org\/{rel}","templated":true}]}}