{"id":53960,"date":"2025-01-30T21:50:31","date_gmt":"2025-01-30T20:50:31","guid":{"rendered":"https:\/\/superseeds.dk\/vare\/triminator-professionel-rosin-pres\/"},"modified":"2025-01-30T21:50:35","modified_gmt":"2025-01-30T20:50:35","slug":"triminator-professionel-rosin-pres","status":"publish","type":"product","link":"https:\/\/superseeds.dk\/no\/produkt\/triminator-professionel-rosin-pres\/","title":{"rendered":"TRIMINATOR PROFESSIONEL ROSIN EKSTRATION TRP STACK PRESS"},"content":{"rendered":"<p>Ny og effektiv m\u00e5de og lave sin ekstration. Tidsbesparende og et helt rent produkt,<\/p>\n<p>Rosin er perfekt til professionel ekstraktion og har muligheden for at trykke store portioner\u00a0 ved lavere temperaturer for at bevare rige og dyrebare terpener. Rosin TRP er kompatibel med manuelle, pneumatiske og elektriske pumper.<\/p>\n<p>De 6 \u00d7 10 tommer (15,24 x 25,4 cm) plader giver mere plads p\u00e5 pladen for at give maksimal alsidighed i kommerciel brug b\u00e5de til cannabisblomsten og for kief, der holder en kort afstand til olietransport.<\/p>\n<p>ALUMINIUMPLATENSER<br \/>\nStore aluminiumsplader giver homogene temperaturer og h\u00f8je energireserver for optimal varmeoverf\u00f8rsel.<\/p>\n<p>Stor tre bladet Rosin press til st\u00f8rre produktion.<\/p>","protected":false},"excerpt":{"rendered":"<p>Ny og effektiv m\u00e5de og lave sin ekstration. Tidsbesparende og et helt rent produkt, Rosin er perfekt til professionel ekstraktion og har muligheden for at trykke store portioner\u00a0 ved lavere temperaturer for at bevare rige og dyrebare terpener. Rosin TRP er kompatibel med manuelle, pneumatiske og elektriske pumper. De 6 \u00d7 10 tommer (15,24 x [&hellip;]<\/p>\n","protected":false},"featured_media":53966,"template":"","meta":{"_acf_changed":false},"product_brand":[],"product_cat":[1798,1800,1810,1834],"product_tag":[1174,1175,1129,1176,1177,1178,1179,1180],"class_list":{"0":"post-53960","1":"product","2":"type-product","3":"status-publish","4":"has-post-thumbnail","6":"product_cat-efterbehandling","7":"product_cat-ekstraktion","8":"product_cat-rosin-press","9":"product_cat-triminator-rosin-presser","10":"product_tag-billigste-rosin-press","11":"product_tag-dab","12":"product_tag-efterbehandling","13":"product_tag-ekstration","14":"product_tag-gro-udstyr","15":"product_tag-rosin","16":"product_tag-rosin-press","17":"product_tag-triminator","19":"first","20":"onbackorder","21":"taxable","22":"shipping-taxable","23":"purchasable","24":"product-type-simple"},"acf":[],"yoast_head":"<!-- This site is optimized with the Yoast SEO plugin v26.9 - https:\/\/yoast.com\/product\/yoast-seo-wordpress\/ -->\n<title>TRIMINATOR PROFESSIONEL ROSIN EKSTRATION TRP STACK PRESS - Superseeds.dk<\/title>\n<meta name=\"robots\" content=\"index, follow, max-snippet:-1, max-image-preview:large, max-video-preview:-1\" \/>\n<link rel=\"canonical\" href=\"https:\/\/superseeds.dk\/no\/produkt\/triminator-professionel-rosin-pres\/\" \/>\n<meta property=\"og:locale\" content=\"nb_NO\" \/>\n<meta property=\"og:type\" content=\"article\" \/>\n<meta property=\"og:title\" content=\"TRIMINATOR PROFESSIONEL ROSIN EKSTRATION TRP STACK PRESS - Superseeds.dk\" \/>\n<meta property=\"og:description\" content=\"Ny og effektiv m\u00e5de og lave sin ekstration. Tidsbesparende og et helt rent produkt, Rosin er perfekt til professionel ekstraktion og har muligheden for at trykke store portioner\u00a0 ved lavere temperaturer for at bevare rige og dyrebare terpener. Rosin TRP er kompatibel med manuelle, pneumatiske og elektriske pumper. De 6 \u00d7 10 tommer (15,24 x [&hellip;]\" \/>\n<meta property=\"og:url\" content=\"https:\/\/superseeds.dk\/no\/produkt\/triminator-professionel-rosin-pres\/\" \/>\n<meta property=\"og:site_name\" content=\"Superseeds.dk\" \/>\n<meta property=\"article:modified_time\" content=\"2025-01-30T20:50:35+00:00\" \/>\n<meta property=\"og:image\" content=\"https:\/\/super-seeds.no\/wp-content\/uploads\/2025\/01\/TRIMINATOR-PROFESSIONEL-ROSIN-EKSTRATION-TRP-STACK-PRESS-2.png\" \/>\n\t<meta property=\"og:image:width\" content=\"1080\" \/>\n\t<meta property=\"og:image:height\" content=\"1080\" \/>\n\t<meta property=\"og:image:type\" content=\"image\/png\" \/>\n<meta name=\"twitter:card\" content=\"summary_large_image\" \/>\n<meta name=\"twitter:label1\" content=\"Ansl. lesetid\" \/>\n\t<meta name=\"twitter:data1\" content=\"1 minutt\" \/>\n<script type=\"application\/ld+json\" class=\"yoast-schema-graph\">{\"@context\":\"https:\/\/schema.org\",\"@graph\":[{\"@type\":\"WebPage\",\"@id\":\"https:\/\/superseeds.dk\/vare\/triminator-professionel-rosin-pres\/\",\"url\":\"https:\/\/superseeds.dk\/vare\/triminator-professionel-rosin-pres\/\",\"name\":\"TRIMINATOR PROFESSIONEL ROSIN EKSTRATION TRP STACK PRESS - Superseeds.dk\",\"isPartOf\":{\"@id\":\"https:\/\/super-seeds.se\/#website\"},\"primaryImageOfPage\":{\"@id\":\"https:\/\/superseeds.dk\/vare\/triminator-professionel-rosin-pres\/#primaryimage\"},\"image\":{\"@id\":\"https:\/\/superseeds.dk\/vare\/triminator-professionel-rosin-pres\/#primaryimage\"},\"thumbnailUrl\":\"https:\/\/superseeds.dk\/wp-content\/uploads\/2025\/01\/TRIMINATOR-PROFESSIONEL-ROSIN-EKSTRATION-TRP-STACK-PRESS-2.png\",\"datePublished\":\"2025-01-30T20:50:31+00:00\",\"dateModified\":\"2025-01-30T20:50:35+00:00\",\"breadcrumb\":{\"@id\":\"https:\/\/superseeds.dk\/vare\/triminator-professionel-rosin-pres\/#breadcrumb\"},\"inLanguage\":\"nb-NO\",\"potentialAction\":[{\"@type\":\"ReadAction\",\"target\":[\"https:\/\/superseeds.dk\/vare\/triminator-professionel-rosin-pres\/\"]}]},{\"@type\":\"ImageObject\",\"inLanguage\":\"nb-NO\",\"@id\":\"https:\/\/superseeds.dk\/vare\/triminator-professionel-rosin-pres\/#primaryimage\",\"url\":\"https:\/\/superseeds.dk\/wp-content\/uploads\/2025\/01\/TRIMINATOR-PROFESSIONEL-ROSIN-EKSTRATION-TRP-STACK-PRESS-2.png\",\"contentUrl\":\"https:\/\/superseeds.dk\/wp-content\/uploads\/2025\/01\/TRIMINATOR-PROFESSIONEL-ROSIN-EKSTRATION-TRP-STACK-PRESS-2.png\",\"width\":1080,\"height\":1080},{\"@type\":\"BreadcrumbList\",\"@id\":\"https:\/\/superseeds.dk\/vare\/triminator-professionel-rosin-pres\/#breadcrumb\",\"itemListElement\":[{\"@type\":\"ListItem\",\"position\":1,\"name\":\"Hjem\",\"item\":\"https:\/\/superseeds.dk\/\"},{\"@type\":\"ListItem\",\"position\":2,\"name\":\"Shop\",\"item\":\"https:\/\/superseeds.dk\/no\/butikk\/\"},{\"@type\":\"ListItem\",\"position\":3,\"name\":\"TRIMINATOR PROFESSIONEL ROSIN EKSTRATION TRP STACK PRESS\"}]},{\"@type\":\"WebSite\",\"@id\":\"https:\/\/super-seeds.se\/#website\",\"url\":\"https:\/\/super-seeds.se\/\",\"name\":\"Superseeds.dk\",\"description\":\"\",\"publisher\":{\"@id\":\"https:\/\/super-seeds.se\/#organization\"},\"potentialAction\":[{\"@type\":\"SearchAction\",\"target\":{\"@type\":\"EntryPoint\",\"urlTemplate\":\"https:\/\/super-seeds.se\/?s={search_term_string}\"},\"query-input\":{\"@type\":\"PropertyValueSpecification\",\"valueRequired\":true,\"valueName\":\"search_term_string\"}}],\"inLanguage\":\"nb-NO\"},{\"@type\":\"Organization\",\"@id\":\"https:\/\/super-seeds.se\/#organization\",\"name\":\"Superseeds.dk\",\"url\":\"https:\/\/super-seeds.se\/\",\"logo\":{\"@type\":\"ImageObject\",\"inLanguage\":\"nb-NO\",\"@id\":\"https:\/\/super-seeds.se\/#\/schema\/logo\/image\/\",\"url\":\"https:\/\/superseeds.dk\/wp-content\/uploads\/2025\/09\/logo-superseeds.png\",\"contentUrl\":\"https:\/\/superseeds.dk\/wp-content\/uploads\/2025\/09\/logo-superseeds.png\",\"width\":180,\"height\":160,\"caption\":\"Superseeds.dk\"},\"image\":{\"@id\":\"https:\/\/super-seeds.se\/#\/schema\/logo\/image\/\"}}]}<\/script>\n<!-- \/ Yoast SEO plugin. -->","yoast_head_json":{"title":"TRIMINATOR PROFESSIONEL ROSIN EKSTRATION TRP STACK PRESS - Superseeds.dk","robots":{"index":"index","follow":"follow","max-snippet":"max-snippet:-1","max-image-preview":"max-image-preview:large","max-video-preview":"max-video-preview:-1"},"canonical":"https:\/\/superseeds.dk\/no\/produkt\/triminator-professionel-rosin-pres\/","og_locale":"nb_NO","og_type":"article","og_title":"TRIMINATOR PROFESSIONEL ROSIN EKSTRATION TRP STACK PRESS - Superseeds.dk","og_description":"Ny og effektiv m\u00e5de og lave sin ekstration. Tidsbesparende og et helt rent produkt, Rosin er perfekt til professionel ekstraktion og har muligheden for at trykke store portioner\u00a0 ved lavere temperaturer for at bevare rige og dyrebare terpener. Rosin TRP er kompatibel med manuelle, pneumatiske og elektriske pumper. De 6 \u00d7 10 tommer (15,24 x [&hellip;]","og_url":"https:\/\/superseeds.dk\/no\/produkt\/triminator-professionel-rosin-pres\/","og_site_name":"Superseeds.dk","article_modified_time":"2025-01-30T20:50:35+00:00","og_image":[{"width":1080,"height":1080,"url":"https:\/\/super-seeds.no\/wp-content\/uploads\/2025\/01\/TRIMINATOR-PROFESSIONEL-ROSIN-EKSTRATION-TRP-STACK-PRESS-2.png","type":"image\/png"}],"twitter_card":"summary_large_image","twitter_misc":{"Ansl. lesetid":"1 minutt"},"schema":{"@context":"https:\/\/schema.org","@graph":[{"@type":"WebPage","@id":"https:\/\/superseeds.dk\/vare\/triminator-professionel-rosin-pres\/","url":"https:\/\/superseeds.dk\/vare\/triminator-professionel-rosin-pres\/","name":"TRIMINATOR PROFESSIONEL ROSIN EKSTRATION TRP STACK PRESS - Superseeds.dk","isPartOf":{"@id":"https:\/\/super-seeds.se\/#website"},"primaryImageOfPage":{"@id":"https:\/\/superseeds.dk\/vare\/triminator-professionel-rosin-pres\/#primaryimage"},"image":{"@id":"https:\/\/superseeds.dk\/vare\/triminator-professionel-rosin-pres\/#primaryimage"},"thumbnailUrl":"https:\/\/superseeds.dk\/wp-content\/uploads\/2025\/01\/TRIMINATOR-PROFESSIONEL-ROSIN-EKSTRATION-TRP-STACK-PRESS-2.png","datePublished":"2025-01-30T20:50:31+00:00","dateModified":"2025-01-30T20:50:35+00:00","breadcrumb":{"@id":"https:\/\/superseeds.dk\/vare\/triminator-professionel-rosin-pres\/#breadcrumb"},"inLanguage":"nb-NO","potentialAction":[{"@type":"ReadAction","target":["https:\/\/superseeds.dk\/vare\/triminator-professionel-rosin-pres\/"]}]},{"@type":"ImageObject","inLanguage":"nb-NO","@id":"https:\/\/superseeds.dk\/vare\/triminator-professionel-rosin-pres\/#primaryimage","url":"https:\/\/superseeds.dk\/wp-content\/uploads\/2025\/01\/TRIMINATOR-PROFESSIONEL-ROSIN-EKSTRATION-TRP-STACK-PRESS-2.png","contentUrl":"https:\/\/superseeds.dk\/wp-content\/uploads\/2025\/01\/TRIMINATOR-PROFESSIONEL-ROSIN-EKSTRATION-TRP-STACK-PRESS-2.png","width":1080,"height":1080},{"@type":"BreadcrumbList","@id":"https:\/\/superseeds.dk\/vare\/triminator-professionel-rosin-pres\/#breadcrumb","itemListElement":[{"@type":"ListItem","position":1,"name":"Hjem","item":"https:\/\/superseeds.dk\/"},{"@type":"ListItem","position":2,"name":"Shop","item":"https:\/\/superseeds.dk\/no\/butikk\/"},{"@type":"ListItem","position":3,"name":"TRIMINATOR PROFESSIONEL ROSIN EKSTRATION TRP STACK PRESS"}]},{"@type":"WebSite","@id":"https:\/\/super-seeds.se\/#website","url":"https:\/\/super-seeds.se\/","name":"Superseeds.com","description":"","publisher":{"@id":"https:\/\/super-seeds.se\/#organization"},"potentialAction":[{"@type":"SearchAction","target":{"@type":"EntryPoint","urlTemplate":"https:\/\/super-seeds.se\/?s={search_term_string}"},"query-input":{"@type":"PropertyValueSpecification","valueRequired":true,"valueName":"search_term_string"}}],"inLanguage":"nb-NO"},{"@type":"Organization","@id":"https:\/\/super-seeds.se\/#organization","name":"Superseeds.com","url":"https:\/\/super-seeds.se\/","logo":{"@type":"ImageObject","inLanguage":"nb-NO","@id":"https:\/\/super-seeds.se\/#\/schema\/logo\/image\/","url":"https:\/\/superseeds.dk\/wp-content\/uploads\/2025\/09\/logo-superseeds.png","contentUrl":"https:\/\/superseeds.dk\/wp-content\/uploads\/2025\/09\/logo-superseeds.png","width":180,"height":160,"caption":"Superseeds.dk"},"image":{"@id":"https:\/\/super-seeds.se\/#\/schema\/logo\/image\/"}}]}},"df_price":46995,"df_sale_price":"","df_regular_price":46995,"df_image_link":"https:\/\/superseeds.dk\/wp-content\/uploads\/2025\/01\/TRIMINATOR-PROFESSIONEL-ROSIN-EKSTRATION-TRP-STACK-PRESS-2-1024x1024.png","_links":{"self":[{"href":"https:\/\/superseeds.dk\/no\/wp-json\/wp\/v2\/product\/53960","targetHints":{"allow":["GET"]}}],"collection":[{"href":"https:\/\/superseeds.dk\/no\/wp-json\/wp\/v2\/product"}],"about":[{"href":"https:\/\/superseeds.dk\/no\/wp-json\/wp\/v2\/types\/product"}],"wp:featuredmedia":[{"embeddable":true,"href":"https:\/\/superseeds.dk\/no\/wp-json\/wp\/v2\/media\/53966"}],"wp:attachment":[{"href":"https:\/\/superseeds.dk\/no\/wp-json\/wp\/v2\/media?parent=53960"}],"wp:term":[{"taxonomy":"product_brand","embeddable":true,"href":"https:\/\/superseeds.dk\/no\/wp-json\/wp\/v2\/product_brand?post=53960"},{"taxonomy":"product_cat","embeddable":true,"href":"https:\/\/superseeds.dk\/no\/wp-json\/wp\/v2\/product_cat?post=53960"},{"taxonomy":"product_tag","embeddable":true,"href":"https:\/\/superseeds.dk\/no\/wp-json\/wp\/v2\/product_tag?post=53960"}],"curies":[{"name":"wp","href":"https:\/\/api.w.org\/{rel}","templated":true}]}}