{"id":53918,"date":"2025-01-30T21:49:51","date_gmt":"2025-01-30T20:49:51","guid":{"rendered":"https:\/\/superseeds.dk\/vare\/integra-boost\/"},"modified":"2025-01-30T21:49:55","modified_gmt":"2025-01-30T20:49:55","slug":"integra-boost","status":"publish","type":"product","link":"https:\/\/superseeds.dk\/no\/produkt\/integra-boost\/","title":{"rendered":"62% Integra Boost"},"content":{"rendered":"<h1><span style=\"font-weight: 400;\">2 Way Humidity Pack 62% Integra Boost<\/span><\/h1>\n<p><span style=\"font-weight: 400;\">Med disse 2 Way Humidity Packs har du mulighed for, at sikre det helt optimale milj\u00f8 for dine urter. 62% Integra Boost l\u00e6gges ned til materialet, og kan derefter enten frig\u00f8re eller absorbere fugt efter behov. De er FDA-godkendte, spild resistente, bionedbrydelige og ikke-giftige. Dertil er de saltfrie, hvilket vil sige, at der ikke er risiko for, at de p\u00e5virker smagen p\u00e5 f.eks. cannabis.<\/span><\/p>\n<p>&nbsp;<\/p>\n<ul>\n<li style=\"font-weight: 400;\" aria-level=\"1\"><span style=\"font-weight: 400;\">Humidity Pack 4g kan klare op til 14g materiale\/produkt<\/span><\/li>\n<li style=\"font-weight: 400;\" aria-level=\"1\"><span style=\"font-weight: 400;\">Humidity Pack 8g kan klare op til 30g materiale\/produkt<\/span><\/li>\n<li style=\"font-weight: 400;\" aria-level=\"1\"><span style=\"font-weight: 400;\">Humidity Pack 67g kan klare op til 450g materiale\/produkt<\/span><\/li>\n<\/ul>\n<h2><span style=\"font-weight: 400;\">Gode resultater med minimalt arbejde<\/span><\/h2>\n<p><span style=\"font-weight: 400;\">En af fordelene ved disse packs er, at der er minimalt arbejde forbundet med at bruge dem. De absorbere fugt efter behov fuldst\u00e6ndig af sig selv, s\u00e5 du ikke skal bekymre dig om fugtniveauet. Derudover kommer de med et h\u00e5ndfrit erstatnings indikatorkort, som viser, hvorn\u00e5r det er tid til at erstatte din pakke. N\u00e5r prikken p\u00e5 dette kort bliver lysebl\u00e5, s\u00e5 er det tid til at erstatte pakken.<\/span><\/p>\n<div>\n<h1>Humidity pack 4g, 8g og 67g, 62%<\/h1>\n<div>\n<p>2 way Humidity pack er en luft fugtigheds kontrolteknologi som responderer p\u00e5 det milj\u00f8, du placerer det i \u2013 enten frig\u00f8r eller absorberer fugt efter behov for at sikre det optimale milj\u00f8. Desuden er de 100% saltfrie \u2013 s\u00e5 de ikke \u00e6ndrer smagen af \u200b\u200bdine spirekasser, cannabis eller sj\u00e6ldne cigarer \u2013 og er lavet med godkendt bl\u00e6k. Uanset om du bor ved en fugtig kyst eller i en afsides \u00f8rken, virker produkterne og tilpasser sig det milj\u00f8 de er placeret i, hvilket skaber optimale fugtniveauer med minimal arbejde.<\/p>\n<\/div>\n<\/div>\n<ul>\n<li><strong>Humidity pack 4g kan klare op til 14g materiale\/produkt<\/strong><\/li>\n<li><strong>Humidity pack 8g kan klare op til 30g materiale\/produkt<br \/>\n<\/strong><\/li>\n<li><b>Humidity pack 67g kan klare op til 450g materiale\/produkt<\/b><\/li>\n<\/ul>\n<p><b>Informasjon:<\/b><\/p>\n<ul>\n<li>Alle disse produkter er FDA-godkendte, spild resistente, bionedbrydelige og ikke-giftige.<\/li>\n<li>Hver pakke indeholder et h\u00e5ndfrit erstatnings indikatorkort. N\u00e5r prikken p\u00e5 kortet bliver lysebl\u00e5, er det tid til at erstatte din pakke.<\/li>\n<li>2 way Humidity pack 62%<\/li>\n<li>F\u00e5s i tre varianter 4g, 8g eller 67g<\/li>\n<li>Absorberer fugt efter behov<\/li>\n<\/ul>\n<h3><span style=\"font-weight: 400;\">Kontakt os, hvis du har brug for hj\u00e6lp<\/span><\/h3>\n<p><span style=\"font-weight: 400;\">Har du sp\u00f8rgsm\u00e5l eller noget du gerne vil vide mere om? S\u00e5 er du altid mere end velkommen til at kontakte os, s\u00e5 vi kan hj\u00e6lpe dig. Vi sidder klar til at svare p\u00e5 ethvert sp\u00f8rgsm\u00e5l og vil hellere end gerne hj\u00e6lpe dig. Du kan kontakte os via telefon p\u00e5 24 79 80 80, via vores <a href=\"\/kontakt\">kontaktside<\/a><\/span><span style=\"font-weight: 400;\">\u00a0eller via chat-funktionen p\u00e5 vores hjemmeside. Vi gl\u00e6der os til at h\u00f8re fra dig!<\/span><\/p>","protected":false},"excerpt":{"rendered":"<p><span style=\"font-weight: 400;\">Med 2 way Humidity Pack kan du sikre det optimale milj\u00f8 for din urt, da 62% Integra Boost enten frig\u00f8r eller absorberer fugt efter behov. De er 100% saltfrie, hvilken vil sige, at der ikke er risiko for, at de \u00e6ndrer smagen p\u00e5 dit materiale. Produktet tilpasser sig helt automatisk det milj\u00f8, som det er placerer i, hvilket skaber optimale fugtniveauer med minimalt arbejde.<\/span><\/p>\n<ul>\n<li style=\"font-weight: 400;\" aria-level=\"1\"><span style=\"font-weight: 400;\">Humidity Pack 4g kan klare op til 14g materiale\/produkt<\/span><\/li>\n<li style=\"font-weight: 400;\" aria-level=\"1\"><span style=\"font-weight: 400;\">Humidity Pack 8g kan klare op til 30g materiale\/produkt<\/span><\/li>\n<li style=\"font-weight: 400;\" aria-level=\"1\"><span style=\"font-weight: 400;\">Humidity Pack 67g kan klare op til 450g materiale\/produkt<\/span><\/li>\n<\/ul>","protected":false},"featured_media":53923,"template":"","meta":{"_acf_changed":false},"product_brand":[],"product_cat":[1817,1798],"product_tag":[],"class_list":{"0":"post-53918","1":"product","2":"type-product","3":"status-publish","4":"has-post-thumbnail","6":"product_cat-bovedaintegra","7":"product_cat-efterbehandling","8":"pa_gram-4-g","9":"pa_gram-67-g","10":"pa_gram-8-g","12":"first","13":"onbackorder","14":"taxable","15":"shipping-taxable","16":"purchasable","17":"product-type-variable","18":"wvs-archive-product-wrapper"},"acf":[],"yoast_head":"<!-- This site is optimized with the Yoast SEO plugin v26.9 - https:\/\/yoast.com\/product\/yoast-seo-wordpress\/ -->\n<title>62% Integra Boost - Superseeds.dk<\/title>\n<meta name=\"robots\" content=\"index, follow, max-snippet:-1, max-image-preview:large, max-video-preview:-1\" \/>\n<link rel=\"canonical\" href=\"https:\/\/superseeds.dk\/no\/produkt\/integra-boost\/\" \/>\n<meta property=\"og:locale\" content=\"nb_NO\" \/>\n<meta property=\"og:type\" content=\"article\" \/>\n<meta property=\"og:title\" content=\"62% Integra Boost - Superseeds.dk\" \/>\n<meta property=\"og:description\" content=\"Med 2 way Humidity Pack kan du sikre det optimale milj\u00f8 for din urt, da 62% Integra Boost enten frig\u00f8r eller absorberer fugt efter behov. De er 100% saltfrie, hvilken vil sige, at der ikke er risiko for, at de \u00e6ndrer smagen p\u00e5 dit materiale. Produktet tilpasser sig helt automatisk det milj\u00f8, som det er placerer i, hvilket skaber optimale fugtniveauer med minimalt arbejde.   Humidity Pack 4g kan klare op til 14g materiale\/produkt  Humidity Pack 8g kan klare op til 30g materiale\/produkt  Humidity Pack 67g kan klare op til 450g materiale\/produkt\" \/>\n<meta property=\"og:url\" content=\"https:\/\/superseeds.dk\/no\/produkt\/integra-boost\/\" \/>\n<meta property=\"og:site_name\" content=\"Superseeds.dk\" \/>\n<meta property=\"article:modified_time\" content=\"2025-01-30T20:49:55+00:00\" \/>\n<meta property=\"og:image\" content=\"https:\/\/super-seeds.no\/wp-content\/uploads\/2025\/01\/62-Integra-Boost.png\" \/>\n\t<meta property=\"og:image:width\" content=\"1080\" \/>\n\t<meta property=\"og:image:height\" content=\"1080\" \/>\n\t<meta property=\"og:image:type\" content=\"image\/png\" \/>\n<meta name=\"twitter:card\" content=\"summary_large_image\" \/>\n<meta name=\"twitter:label1\" content=\"Ansl. lesetid\" \/>\n\t<meta name=\"twitter:data1\" content=\"2 minutter\" \/>\n<script type=\"application\/ld+json\" class=\"yoast-schema-graph\">{\"@context\":\"https:\/\/schema.org\",\"@graph\":[{\"@type\":\"WebPage\",\"@id\":\"https:\/\/superseeds.dk\/vare\/integra-boost\/\",\"url\":\"https:\/\/superseeds.dk\/vare\/integra-boost\/\",\"name\":\"62% Integra Boost - Superseeds.dk\",\"isPartOf\":{\"@id\":\"https:\/\/super-seeds.se\/#website\"},\"primaryImageOfPage\":{\"@id\":\"https:\/\/superseeds.dk\/vare\/integra-boost\/#primaryimage\"},\"image\":{\"@id\":\"https:\/\/superseeds.dk\/vare\/integra-boost\/#primaryimage\"},\"thumbnailUrl\":\"https:\/\/superseeds.dk\/wp-content\/uploads\/2025\/01\/62-Integra-Boost.png\",\"datePublished\":\"2025-01-30T20:49:51+00:00\",\"dateModified\":\"2025-01-30T20:49:55+00:00\",\"breadcrumb\":{\"@id\":\"https:\/\/superseeds.dk\/vare\/integra-boost\/#breadcrumb\"},\"inLanguage\":\"nb-NO\",\"potentialAction\":[{\"@type\":\"ReadAction\",\"target\":[\"https:\/\/superseeds.dk\/vare\/integra-boost\/\"]}]},{\"@type\":\"ImageObject\",\"inLanguage\":\"nb-NO\",\"@id\":\"https:\/\/superseeds.dk\/vare\/integra-boost\/#primaryimage\",\"url\":\"https:\/\/superseeds.dk\/wp-content\/uploads\/2025\/01\/62-Integra-Boost.png\",\"contentUrl\":\"https:\/\/superseeds.dk\/wp-content\/uploads\/2025\/01\/62-Integra-Boost.png\",\"width\":1080,\"height\":1080},{\"@type\":\"BreadcrumbList\",\"@id\":\"https:\/\/superseeds.dk\/vare\/integra-boost\/#breadcrumb\",\"itemListElement\":[{\"@type\":\"ListItem\",\"position\":1,\"name\":\"Hjem\",\"item\":\"https:\/\/superseeds.dk\/\"},{\"@type\":\"ListItem\",\"position\":2,\"name\":\"Shop\",\"item\":\"https:\/\/superseeds.dk\/no\/butikk\/\"},{\"@type\":\"ListItem\",\"position\":3,\"name\":\"62% Integra Boost\"}]},{\"@type\":\"WebSite\",\"@id\":\"https:\/\/super-seeds.se\/#website\",\"url\":\"https:\/\/super-seeds.se\/\",\"name\":\"Superseeds.dk\",\"description\":\"\",\"publisher\":{\"@id\":\"https:\/\/super-seeds.se\/#organization\"},\"potentialAction\":[{\"@type\":\"SearchAction\",\"target\":{\"@type\":\"EntryPoint\",\"urlTemplate\":\"https:\/\/super-seeds.se\/?s={search_term_string}\"},\"query-input\":{\"@type\":\"PropertyValueSpecification\",\"valueRequired\":true,\"valueName\":\"search_term_string\"}}],\"inLanguage\":\"nb-NO\"},{\"@type\":\"Organization\",\"@id\":\"https:\/\/super-seeds.se\/#organization\",\"name\":\"Superseeds.dk\",\"url\":\"https:\/\/super-seeds.se\/\",\"logo\":{\"@type\":\"ImageObject\",\"inLanguage\":\"nb-NO\",\"@id\":\"https:\/\/super-seeds.se\/#\/schema\/logo\/image\/\",\"url\":\"https:\/\/superseeds.dk\/wp-content\/uploads\/2025\/09\/logo-superseeds.png\",\"contentUrl\":\"https:\/\/superseeds.dk\/wp-content\/uploads\/2025\/09\/logo-superseeds.png\",\"width\":180,\"height\":160,\"caption\":\"Superseeds.dk\"},\"image\":{\"@id\":\"https:\/\/super-seeds.se\/#\/schema\/logo\/image\/\"}}]}<\/script>\n<!-- \/ Yoast SEO plugin. -->","yoast_head_json":{"title":"62% Integra Boost - Superseeds.dk","robots":{"index":"index","follow":"follow","max-snippet":"max-snippet:-1","max-image-preview":"max-image-preview:large","max-video-preview":"max-video-preview:-1"},"canonical":"https:\/\/superseeds.dk\/no\/produkt\/integra-boost\/","og_locale":"nb_NO","og_type":"article","og_title":"62% Integra Boost - Superseeds.dk","og_description":"Med 2 way Humidity Pack kan du sikre det optimale milj\u00f8 for din urt, da 62% Integra Boost enten frig\u00f8r eller absorberer fugt efter behov. De er 100% saltfrie, hvilken vil sige, at der ikke er risiko for, at de \u00e6ndrer smagen p\u00e5 dit materiale. Produktet tilpasser sig helt automatisk det milj\u00f8, som det er placerer i, hvilket skaber optimale fugtniveauer med minimalt arbejde.   Humidity Pack 4g kan klare op til 14g materiale\/produkt  Humidity Pack 8g kan klare op til 30g materiale\/produkt  Humidity Pack 67g kan klare op til 450g materiale\/produkt","og_url":"https:\/\/superseeds.dk\/no\/produkt\/integra-boost\/","og_site_name":"Superseeds.dk","article_modified_time":"2025-01-30T20:49:55+00:00","og_image":[{"width":1080,"height":1080,"url":"https:\/\/super-seeds.no\/wp-content\/uploads\/2025\/01\/62-Integra-Boost.png","type":"image\/png"}],"twitter_card":"summary_large_image","twitter_misc":{"Ansl. lesetid":"2 minutter"},"schema":{"@context":"https:\/\/schema.org","@graph":[{"@type":"WebPage","@id":"https:\/\/superseeds.dk\/vare\/integra-boost\/","url":"https:\/\/superseeds.dk\/vare\/integra-boost\/","name":"62% Integra Boost - Superseeds.dk","isPartOf":{"@id":"https:\/\/super-seeds.se\/#website"},"primaryImageOfPage":{"@id":"https:\/\/superseeds.dk\/vare\/integra-boost\/#primaryimage"},"image":{"@id":"https:\/\/superseeds.dk\/vare\/integra-boost\/#primaryimage"},"thumbnailUrl":"https:\/\/superseeds.dk\/wp-content\/uploads\/2025\/01\/62-Integra-Boost.png","datePublished":"2025-01-30T20:49:51+00:00","dateModified":"2025-01-30T20:49:55+00:00","breadcrumb":{"@id":"https:\/\/superseeds.dk\/vare\/integra-boost\/#breadcrumb"},"inLanguage":"nb-NO","potentialAction":[{"@type":"ReadAction","target":["https:\/\/superseeds.dk\/vare\/integra-boost\/"]}]},{"@type":"ImageObject","inLanguage":"nb-NO","@id":"https:\/\/superseeds.dk\/vare\/integra-boost\/#primaryimage","url":"https:\/\/superseeds.dk\/wp-content\/uploads\/2025\/01\/62-Integra-Boost.png","contentUrl":"https:\/\/superseeds.dk\/wp-content\/uploads\/2025\/01\/62-Integra-Boost.png","width":1080,"height":1080},{"@type":"BreadcrumbList","@id":"https:\/\/superseeds.dk\/vare\/integra-boost\/#breadcrumb","itemListElement":[{"@type":"ListItem","position":1,"name":"Hjem","item":"https:\/\/superseeds.dk\/"},{"@type":"ListItem","position":2,"name":"Shop","item":"https:\/\/superseeds.dk\/no\/butikk\/"},{"@type":"ListItem","position":3,"name":"62% Integra Boost"}]},{"@type":"WebSite","@id":"https:\/\/super-seeds.se\/#website","url":"https:\/\/super-seeds.se\/","name":"Superseeds.com","description":"","publisher":{"@id":"https:\/\/super-seeds.se\/#organization"},"potentialAction":[{"@type":"SearchAction","target":{"@type":"EntryPoint","urlTemplate":"https:\/\/super-seeds.se\/?s={search_term_string}"},"query-input":{"@type":"PropertyValueSpecification","valueRequired":true,"valueName":"search_term_string"}}],"inLanguage":"nb-NO"},{"@type":"Organization","@id":"https:\/\/super-seeds.se\/#organization","name":"Superseeds.com","url":"https:\/\/super-seeds.se\/","logo":{"@type":"ImageObject","inLanguage":"nb-NO","@id":"https:\/\/super-seeds.se\/#\/schema\/logo\/image\/","url":"https:\/\/superseeds.dk\/wp-content\/uploads\/2025\/09\/logo-superseeds.png","contentUrl":"https:\/\/superseeds.dk\/wp-content\/uploads\/2025\/09\/logo-superseeds.png","width":180,"height":160,"caption":"Superseeds.dk"},"image":{"@id":"https:\/\/super-seeds.se\/#\/schema\/logo\/image\/"}}]}},"df_price":8.95,"df_sale_price":"","df_regular_price":8.95,"df_image_link":"https:\/\/superseeds.dk\/wp-content\/uploads\/2025\/01\/62-Integra-Boost-1024x1024.png","_links":{"self":[{"href":"https:\/\/superseeds.dk\/no\/wp-json\/wp\/v2\/product\/53918","targetHints":{"allow":["GET"]}}],"collection":[{"href":"https:\/\/superseeds.dk\/no\/wp-json\/wp\/v2\/product"}],"about":[{"href":"https:\/\/superseeds.dk\/no\/wp-json\/wp\/v2\/types\/product"}],"wp:featuredmedia":[{"embeddable":true,"href":"https:\/\/superseeds.dk\/no\/wp-json\/wp\/v2\/media\/53923"}],"wp:attachment":[{"href":"https:\/\/superseeds.dk\/no\/wp-json\/wp\/v2\/media?parent=53918"}],"wp:term":[{"taxonomy":"product_brand","embeddable":true,"href":"https:\/\/superseeds.dk\/no\/wp-json\/wp\/v2\/product_brand?post=53918"},{"taxonomy":"product_cat","embeddable":true,"href":"https:\/\/superseeds.dk\/no\/wp-json\/wp\/v2\/product_cat?post=53918"},{"taxonomy":"product_tag","embeddable":true,"href":"https:\/\/superseeds.dk\/no\/wp-json\/wp\/v2\/product_tag?post=53918"}],"curies":[{"name":"wp","href":"https:\/\/api.w.org\/{rel}","templated":true}]}}