{"id":53874,"date":"2025-01-30T21:49:23","date_gmt":"2025-01-30T20:49:23","guid":{"rendered":"https:\/\/superseeds.dk\/vare\/bubbleator-b-quick-vaskemaskine\/"},"modified":"2025-01-30T21:49:26","modified_gmt":"2025-01-30T20:49:26","slug":"bubbleator-b-quick-vaskemaskine","status":"publish","type":"product","link":"https:\/\/superseeds.dk\/no\/produkt\/bubbleator-b-quick-vaskemaskine\/","title":{"rendered":"Bubbleator B-Quick vaskemaskine inkl poser"},"content":{"rendered":"<p><span class=\"tlid-translation translation\" lang=\"da\">Bubbleator er den seneste udvikling fra Mila&#8217;s virksomhed Pollinator. Den har en 400 gram kapacitet og er det perfekte redskab til at komme igang med at lave l\u00e6kre produkter!<br \/>\nDerudover er denne ops\u00e6tning kompakt og diskret. Den er let og kan hurtigt transporteres med de indbyggede h\u00e5ndtag.<br \/>\nBubbleator er udstyret med et drivsystem, der p\u00e5kalder bev\u00e6gelse af plantematerialet der sikrer dig en sk\u00e5nsom ekstraktion.<br \/>\nMed andre ord: Du kan behandle materiale hurtigt og let, mens dit udbytte af h\u00f8j kvalitet er h\u00f8jere end sammenlignet med den samme isekstraktionsmetode uden en maskine.<\/span><\/p>\n<p><span class=\"tlid-translation translation\" lang=\"da\">Inkluderet tilbeh\u00f8r:<\/span><\/p>\n<ul>\n<li><span class=\"tlid-translation translation\" lang=\"da\"> termometer<\/span><\/li>\n<li><span class=\"tlid-translation translation\" lang=\"da\"> 220\u03bcm pyramidepose til inde i maskinen (indeholder ~ 400 g t\u00f8rt plantemateriale)<\/span><\/li>\n<li><span class=\"tlid-translation translation\" lang=\"da\"> 220 \u03bcm filterpose<\/span><\/li>\n<li><span class=\"tlid-translation translation\" lang=\"da\">70\u03bcm krystalfangstpose<\/span><\/li>\n<\/ul>\n<p><span class=\"tlid-translation translation\" lang=\"da\"><span title=\"\">S\u00e5dan g\u00f8r du:<\/span><br \/>\n<span class=\"\" title=\"\">Kast dit plantemateriale i vaskeposen, fastg\u00f8r lynl\u00e5sen, s\u00e6t posen i maskinen med masser af is og vand, t\u00e6nd og l\u00e6n dig tilbage.<\/span><br \/>\n<span class=\"\" title=\"\">Efter et stykke tid skal du t\u00f8mme maskinen gennem Ice-O-Lator poserne og samle dit produkt.<\/span><br \/>\n<span title=\"\">F\u00e6rdig!<\/span><br \/>\n<span class=\"\" title=\"\">Gentag med den samme vaskepose og det stadig kolde vand for forskellige kvaliteter.<\/span><br \/>\n<\/span><br \/>\n<span class=\"tlid-translation translation\" lang=\"da\">Bem\u00e6rk venligst:<br \/>\nDe fleste plantematerialer har et stort antal harpikskirtler, der er mindre end 70\u03bcm. 220\u03bcm \/ 70\u03bcm-kombinationen fanger IKKE sm\u00e5 krystaller.<br \/>\nEfter vores erfaring kan 20-60% af dit samlede udbytte blive fanget i sk\u00e6rme, der er mindre end 70\u03bcm. derfor anbefaler vi at tilk\u00f8be ekstra poser til dette set.<\/span><\/p>\n<p><span class=\"tlid-translation translation\" lang=\"da\">Pro tip:<br \/>\nBrug friskfrosset materiale til at bevare den h\u00f8jest mulige m\u00e6ngde terpener (lugt- og smagsbestanddele).<br \/>\n<\/span><\/p>\n<p>&nbsp;<\/p>\n<p><iframe title=\"How To Make Hash - Water-Ice method\" width=\"800\" height=\"450\" src=\"https:\/\/www.youtube.com\/embed\/Xa4OHaFYtco?feature=oembed\" frameborder=\"0\" allow=\"accelerometer; autoplay; clipboard-write; encrypted-media; gyroscope; picture-in-picture; web-share\" referrerpolicy=\"strict-origin-when-cross-origin\" allowfullscreen><\/iframe><\/p>","protected":false},"excerpt":{"rendered":"<p><span class=\"tlid-translation translation\" lang=\"da\">Bubbleator er den seneste udvikling fra Mila&#8217;s virksomhed Pollinator. Den har en 400 gram kapacitet og er det perfekte redskab til at komme igang med at lave l\u00e6kre produkter!<br \/>\nDerudover er denne ops\u00e6tning kompakt og diskret. Den er let og kan hurtigt transporteres med de indbyggede h\u00e5ndtag.<\/span><\/p>\n<p>&nbsp;<\/p>","protected":false},"featured_media":53881,"template":"","meta":{"_acf_changed":false},"product_brand":[],"product_cat":[1798,1800,1807],"product_tag":[],"class_list":{"0":"post-53874","1":"product","2":"type-product","3":"status-publish","4":"has-post-thumbnail","6":"product_cat-efterbehandling","7":"product_cat-ekstraktion","8":"product_cat-vaskemaskiner-tilbehoer","10":"first","11":"onbackorder","12":"taxable","13":"shipping-taxable","14":"purchasable","15":"product-type-simple"},"acf":[],"yoast_head":"<!-- This site is optimized with the Yoast SEO plugin v26.9 - https:\/\/yoast.com\/product\/yoast-seo-wordpress\/ -->\n<title>Bubbleator B-Quick vaskemaskine inkl poser - Superseeds.dk<\/title>\n<meta name=\"robots\" content=\"index, follow, max-snippet:-1, max-image-preview:large, max-video-preview:-1\" \/>\n<link rel=\"canonical\" href=\"https:\/\/superseeds.dk\/no\/produkt\/bubbleator-b-quick-vaskemaskine\/\" \/>\n<meta property=\"og:locale\" content=\"nb_NO\" \/>\n<meta property=\"og:type\" content=\"article\" \/>\n<meta property=\"og:title\" content=\"Bubbleator B-Quick vaskemaskine inkl poser - Superseeds.dk\" \/>\n<meta property=\"og:description\" content=\"Bubbleator er den seneste udvikling fra Mila&#039;s virksomhed Pollinator. Den har en 400 gram kapacitet og er det perfekte redskab til at komme igang med at lave l\u00e6kre produkter! Derudover er denne ops\u00e6tning kompakt og diskret. Den er let og kan hurtigt transporteres med de indbyggede h\u00e5ndtag.  &nbsp;\" \/>\n<meta property=\"og:url\" content=\"https:\/\/superseeds.dk\/no\/produkt\/bubbleator-b-quick-vaskemaskine\/\" \/>\n<meta property=\"og:site_name\" content=\"Superseeds.dk\" \/>\n<meta property=\"article:modified_time\" content=\"2025-01-30T20:49:26+00:00\" \/>\n<meta property=\"og:image\" content=\"https:\/\/super-seeds.se\/wp-content\/uploads\/2025\/01\/Bubbleator-B-Quick-vaskemaskine-inkl-poser.png\" \/>\n\t<meta property=\"og:image:width\" content=\"1080\" \/>\n\t<meta property=\"og:image:height\" content=\"1080\" \/>\n\t<meta property=\"og:image:type\" content=\"image\/png\" \/>\n<meta name=\"twitter:card\" content=\"summary_large_image\" \/>\n<meta name=\"twitter:label1\" content=\"Ansl. lesetid\" \/>\n\t<meta name=\"twitter:data1\" content=\"1 minutt\" \/>\n<script type=\"application\/ld+json\" class=\"yoast-schema-graph\">{\"@context\":\"https:\/\/schema.org\",\"@graph\":[{\"@type\":\"WebPage\",\"@id\":\"https:\/\/superseeds.dk\/vare\/bubbleator-b-quick-vaskemaskine\/\",\"url\":\"https:\/\/superseeds.dk\/vare\/bubbleator-b-quick-vaskemaskine\/\",\"name\":\"Bubbleator B-Quick vaskemaskine inkl poser - Superseeds.dk\",\"isPartOf\":{\"@id\":\"https:\/\/super-seeds.se\/#website\"},\"primaryImageOfPage\":{\"@id\":\"https:\/\/superseeds.dk\/vare\/bubbleator-b-quick-vaskemaskine\/#primaryimage\"},\"image\":{\"@id\":\"https:\/\/superseeds.dk\/vare\/bubbleator-b-quick-vaskemaskine\/#primaryimage\"},\"thumbnailUrl\":\"https:\/\/superseeds.dk\/wp-content\/uploads\/2025\/01\/Bubbleator-B-Quick-vaskemaskine-inkl-poser.png\",\"datePublished\":\"2025-01-30T20:49:23+00:00\",\"dateModified\":\"2025-01-30T20:49:26+00:00\",\"breadcrumb\":{\"@id\":\"https:\/\/superseeds.dk\/vare\/bubbleator-b-quick-vaskemaskine\/#breadcrumb\"},\"inLanguage\":\"nb-NO\",\"potentialAction\":[{\"@type\":\"ReadAction\",\"target\":[\"https:\/\/superseeds.dk\/vare\/bubbleator-b-quick-vaskemaskine\/\"]}]},{\"@type\":\"ImageObject\",\"inLanguage\":\"nb-NO\",\"@id\":\"https:\/\/superseeds.dk\/vare\/bubbleator-b-quick-vaskemaskine\/#primaryimage\",\"url\":\"https:\/\/superseeds.dk\/wp-content\/uploads\/2025\/01\/Bubbleator-B-Quick-vaskemaskine-inkl-poser.png\",\"contentUrl\":\"https:\/\/superseeds.dk\/wp-content\/uploads\/2025\/01\/Bubbleator-B-Quick-vaskemaskine-inkl-poser.png\",\"width\":1080,\"height\":1080},{\"@type\":\"BreadcrumbList\",\"@id\":\"https:\/\/superseeds.dk\/vare\/bubbleator-b-quick-vaskemaskine\/#breadcrumb\",\"itemListElement\":[{\"@type\":\"ListItem\",\"position\":1,\"name\":\"Hjem\",\"item\":\"https:\/\/superseeds.dk\/\"},{\"@type\":\"ListItem\",\"position\":2,\"name\":\"Shop\",\"item\":\"https:\/\/superseeds.dk\/no\/butikk\/\"},{\"@type\":\"ListItem\",\"position\":3,\"name\":\"Bubbleator B-Quick vaskemaskine inkl poser\"}]},{\"@type\":\"WebSite\",\"@id\":\"https:\/\/super-seeds.se\/#website\",\"url\":\"https:\/\/super-seeds.se\/\",\"name\":\"Superseeds.dk\",\"description\":\"\",\"publisher\":{\"@id\":\"https:\/\/super-seeds.se\/#organization\"},\"potentialAction\":[{\"@type\":\"SearchAction\",\"target\":{\"@type\":\"EntryPoint\",\"urlTemplate\":\"https:\/\/super-seeds.se\/?s={search_term_string}\"},\"query-input\":{\"@type\":\"PropertyValueSpecification\",\"valueRequired\":true,\"valueName\":\"search_term_string\"}}],\"inLanguage\":\"nb-NO\"},{\"@type\":\"Organization\",\"@id\":\"https:\/\/super-seeds.se\/#organization\",\"name\":\"Superseeds.dk\",\"url\":\"https:\/\/super-seeds.se\/\",\"logo\":{\"@type\":\"ImageObject\",\"inLanguage\":\"nb-NO\",\"@id\":\"https:\/\/super-seeds.se\/#\/schema\/logo\/image\/\",\"url\":\"https:\/\/superseeds.dk\/wp-content\/uploads\/2025\/09\/logo-superseeds.png\",\"contentUrl\":\"https:\/\/superseeds.dk\/wp-content\/uploads\/2025\/09\/logo-superseeds.png\",\"width\":180,\"height\":160,\"caption\":\"Superseeds.dk\"},\"image\":{\"@id\":\"https:\/\/super-seeds.se\/#\/schema\/logo\/image\/\"}}]}<\/script>\n<!-- \/ Yoast SEO plugin. -->","yoast_head_json":{"title":"Bubbleator B-Quick vaskemaskine inkl poser - Superseeds.dk","robots":{"index":"index","follow":"follow","max-snippet":"max-snippet:-1","max-image-preview":"max-image-preview:large","max-video-preview":"max-video-preview:-1"},"canonical":"https:\/\/superseeds.dk\/no\/produkt\/bubbleator-b-quick-vaskemaskine\/","og_locale":"nb_NO","og_type":"article","og_title":"Bubbleator B-Quick vaskemaskine inkl poser - Superseeds.dk","og_description":"Bubbleator er den seneste udvikling fra Mila's virksomhed Pollinator. Den har en 400 gram kapacitet og er det perfekte redskab til at komme igang med at lave l\u00e6kre produkter! Derudover er denne ops\u00e6tning kompakt og diskret. Den er let og kan hurtigt transporteres med de indbyggede h\u00e5ndtag.  &nbsp;","og_url":"https:\/\/superseeds.dk\/no\/produkt\/bubbleator-b-quick-vaskemaskine\/","og_site_name":"Superseeds.dk","article_modified_time":"2025-01-30T20:49:26+00:00","og_image":[{"width":1080,"height":1080,"url":"https:\/\/super-seeds.se\/wp-content\/uploads\/2025\/01\/Bubbleator-B-Quick-vaskemaskine-inkl-poser.png","type":"image\/png"}],"twitter_card":"summary_large_image","twitter_misc":{"Ansl. lesetid":"1 minutt"},"schema":{"@context":"https:\/\/schema.org","@graph":[{"@type":"WebPage","@id":"https:\/\/superseeds.dk\/vare\/bubbleator-b-quick-vaskemaskine\/","url":"https:\/\/superseeds.dk\/vare\/bubbleator-b-quick-vaskemaskine\/","name":"Bubbleator B-Quick vaskemaskine inkl poser - Superseeds.dk","isPartOf":{"@id":"https:\/\/super-seeds.se\/#website"},"primaryImageOfPage":{"@id":"https:\/\/superseeds.dk\/vare\/bubbleator-b-quick-vaskemaskine\/#primaryimage"},"image":{"@id":"https:\/\/superseeds.dk\/vare\/bubbleator-b-quick-vaskemaskine\/#primaryimage"},"thumbnailUrl":"https:\/\/superseeds.dk\/wp-content\/uploads\/2025\/01\/Bubbleator-B-Quick-vaskemaskine-inkl-poser.png","datePublished":"2025-01-30T20:49:23+00:00","dateModified":"2025-01-30T20:49:26+00:00","breadcrumb":{"@id":"https:\/\/superseeds.dk\/vare\/bubbleator-b-quick-vaskemaskine\/#breadcrumb"},"inLanguage":"nb-NO","potentialAction":[{"@type":"ReadAction","target":["https:\/\/superseeds.dk\/vare\/bubbleator-b-quick-vaskemaskine\/"]}]},{"@type":"ImageObject","inLanguage":"nb-NO","@id":"https:\/\/superseeds.dk\/vare\/bubbleator-b-quick-vaskemaskine\/#primaryimage","url":"https:\/\/superseeds.dk\/wp-content\/uploads\/2025\/01\/Bubbleator-B-Quick-vaskemaskine-inkl-poser.png","contentUrl":"https:\/\/superseeds.dk\/wp-content\/uploads\/2025\/01\/Bubbleator-B-Quick-vaskemaskine-inkl-poser.png","width":1080,"height":1080},{"@type":"BreadcrumbList","@id":"https:\/\/superseeds.dk\/vare\/bubbleator-b-quick-vaskemaskine\/#breadcrumb","itemListElement":[{"@type":"ListItem","position":1,"name":"Hjem","item":"https:\/\/superseeds.dk\/"},{"@type":"ListItem","position":2,"name":"Shop","item":"https:\/\/superseeds.dk\/no\/butikk\/"},{"@type":"ListItem","position":3,"name":"Bubbleator B-Quick vaskemaskine inkl poser"}]},{"@type":"WebSite","@id":"https:\/\/super-seeds.se\/#website","url":"https:\/\/super-seeds.se\/","name":"Superseeds.com","description":"","publisher":{"@id":"https:\/\/super-seeds.se\/#organization"},"potentialAction":[{"@type":"SearchAction","target":{"@type":"EntryPoint","urlTemplate":"https:\/\/super-seeds.se\/?s={search_term_string}"},"query-input":{"@type":"PropertyValueSpecification","valueRequired":true,"valueName":"search_term_string"}}],"inLanguage":"nb-NO"},{"@type":"Organization","@id":"https:\/\/super-seeds.se\/#organization","name":"Superseeds.com","url":"https:\/\/super-seeds.se\/","logo":{"@type":"ImageObject","inLanguage":"nb-NO","@id":"https:\/\/super-seeds.se\/#\/schema\/logo\/image\/","url":"https:\/\/superseeds.dk\/wp-content\/uploads\/2025\/09\/logo-superseeds.png","contentUrl":"https:\/\/superseeds.dk\/wp-content\/uploads\/2025\/09\/logo-superseeds.png","width":180,"height":160,"caption":"Superseeds.dk"},"image":{"@id":"https:\/\/super-seeds.se\/#\/schema\/logo\/image\/"}}]}},"df_price":1495,"df_sale_price":"","df_regular_price":1495,"df_image_link":"https:\/\/superseeds.dk\/wp-content\/uploads\/2025\/01\/Bubbleator-B-Quick-vaskemaskine-inkl-poser-1024x1024.png","_links":{"self":[{"href":"https:\/\/superseeds.dk\/no\/wp-json\/wp\/v2\/product\/53874","targetHints":{"allow":["GET"]}}],"collection":[{"href":"https:\/\/superseeds.dk\/no\/wp-json\/wp\/v2\/product"}],"about":[{"href":"https:\/\/superseeds.dk\/no\/wp-json\/wp\/v2\/types\/product"}],"wp:featuredmedia":[{"embeddable":true,"href":"https:\/\/superseeds.dk\/no\/wp-json\/wp\/v2\/media\/53881"}],"wp:attachment":[{"href":"https:\/\/superseeds.dk\/no\/wp-json\/wp\/v2\/media?parent=53874"}],"wp:term":[{"taxonomy":"product_brand","embeddable":true,"href":"https:\/\/superseeds.dk\/no\/wp-json\/wp\/v2\/product_brand?post=53874"},{"taxonomy":"product_cat","embeddable":true,"href":"https:\/\/superseeds.dk\/no\/wp-json\/wp\/v2\/product_cat?post=53874"},{"taxonomy":"product_tag","embeddable":true,"href":"https:\/\/superseeds.dk\/no\/wp-json\/wp\/v2\/product_tag?post=53874"}],"curies":[{"name":"wp","href":"https:\/\/api.w.org\/{rel}","templated":true}]}}